{"id":12663,"date":"2018-03-01T13:01:00","date_gmt":"2018-03-01T12:01:00","guid":{"rendered":"https:\/\/www.pixelplanet.com\/?page_id=12663"},"modified":"2023-10-18T16:31:15","modified_gmt":"2023-10-18T14:31:15","slug":"systemvoraussetzungen","status":"publish","type":"page","link":"https:\/\/www.pixelplanet.com\/de\/pdfgrabber\/systemvoraussetzungen\/","title":{"rendered":"Systemvoraussetzungen"},"content":{"rendered":"<section class=\"l-section wpb_row us_custom_e11ab399 height_small\"><div class=\"l-section-h i-cf\"><div class=\"g-cols vc_row via_flex valign_middle type_default stacking_default\"><div class=\"vc_col-sm-6 wpb_column vc_column_container\"><div class=\"vc_column-inner\"><div class=\"wpb_wrapper\"><h1 class=\"w-post-elm post_title us_custom_607cd7e8 entry-title color_link_inherit\">Systemvoraussetzungen<\/h1><\/div><\/div><\/div><div class=\"vc_col-sm-6 wpb_column vc_column_container\"><div class=\"vc_column-inner\"><div class=\"wpb_wrapper\"><nav class=\"g-breadcrumbs us_custom_ea2be81a separator_icon align_right\"><div class=\"g-breadcrumbs-item\"><a href=\"https:\/\/www.pixelplanet.com\/de\/\">Start<\/a><meta content=\"1\"\/><\/div><div class=\"g-breadcrumbs-separator\"><i class=\"far fa-angle-right\"><\/i><\/div><div class=\"g-breadcrumbs-item\">Seiten<\/div><\/nav><\/div><\/div><\/div><\/div><\/div><\/section><section class=\"l-section wpb_row height_medium\"><div class=\"l-section-h i-cf\"><div class=\"g-cols vc_row via_flex valign_middle type_default stacking_default\"><div class=\"vc_col-sm-12 wpb_column vc_column_container\"><div class=\"vc_column-inner\"><div class=\"wpb_wrapper\"><div class=\"wpb_text_column\"><div class=\"wpb_wrapper\"><h2>PdfGrabber (Windows) Systemanforderungen<\/h2>\n<p>Die folgenden Mindestvoraussetzungen m\u00fcssen erf\u00fcllt sein, um die Software PdfGrabber unter Windows einsetzen zu k\u00f6nnen:<\/p>\n<ul class=\"fa-ul\">\n<li><i class=\"fab fa-li fa-windows blue\"><\/i>F\u00fcr PC mit Windows 11, 10, 8, 7, 2016, 2014, 2012, 2008, Vista, 2003 oder XP (SP3)<\/li>\n<li><i class=\"fas fa-li fa-hdd blue\"><\/i>50 MB freier Festplattenplatz<\/li>\n<li><i class=\"fas fa-li fa-bolt blue\"><\/i>Pentium 266 MHz oder entsprechender Prozessor (empf. Pentium III)<\/li>\n<li><i class=\"fas fa-li fa-rocket blue\"><\/i>512 MB RAM (empf. 4096 MB)<\/li>\n<li><i class=\"fas fa-li fa-keyboard blue\"><\/i>Microsoft Office Integration (32bit): ab Microsoft Office 2000 (optional)<\/li>\n<\/ul>\n<\/div><\/div><div class=\"w-separator size_medium\"><\/div><div class=\"wpb_text_column\"><div class=\"wpb_wrapper\"><h3>PDF-Anforderungen<\/h3>\n<p>Grunds\u00e4tzlich werden alle PDF Dokumente unterst\u00fctzt, die aus einem Original-Dokument, z.B. Word, Pagemaker, QuarkXpress o. \u00e4. erzeugt wurden. Bei gescannten Dokumenten liegt der Inhalt eines PDF komplett als Bild-Datei vor und muss gegebenenfalls per mitgelieferter OCR-Texterkennung in &#8218;echten&#8216; Text umgewandelt werden. Die Ergebnisse sind dabei stark von der Qualit\u00e4t des Scans abh\u00e4ngig.<\/p>\n<p>Beachten Sie, dass unsere Software nur eingeschr\u00e4nkt f\u00fcr Rechts-nach-Links-Sprachen geeignet ist, z.B. Arabisch, Farsi\/Persisch, Hebr\u00e4isch.<\/p>\n<p>Weitere Informationen geben wir Ihnen gerne auf <a class=\"blue\" href=\"\/de\/kontakt\/\">Anfrage<\/a>.<\/p>\n<\/div><\/div><\/div><\/div><\/div><\/div><\/div><\/section><section class=\"l-section wpb_row us_custom_2d431bcd has_text_color height_medium\"><div class=\"l-section-h i-cf\"><div class=\"g-cols vc_row via_flex valign_top type_default stacking_default\"><div class=\"vc_col-sm-12 wpb_column vc_column_container\"><div class=\"vc_column-inner\"><div class=\"wpb_wrapper\"><div class=\"w-actionbox us_custom_02dcaa50 color_primary controls_right\"><div class=\"w-actionbox-text\"><h2 class=\"w-actionbox-title\">PdfGrabber kostenlos testen!<\/h2><div class=\"w-actionbox-description\"><p>Die Testversion enth\u00e4lt alle Features von PdfGrabber Professional, f\u00fcgt aber &#8218;X&#8216;-Zeichen an zuf\u00e4lliger Stelle in die exportierten Texte ein. Grafiken und Bilder erhalten ein Wasserzeichen. CAD-Dateien werden nur zu 2\/3 exportiert. Diese Einschr\u00e4nkungen entfallen selbstverst\u00e4ndlich durch die Freischaltung zur Vollversion.<\/p>\n<\/div><\/div><div class=\"w-actionbox-controls\"><a class=\"w-btn us-btn-style_8 icon_atleft\" style=\"font-size:16px\" href=\"https:\/\/www.pixelplanet.com\/de\/pdfgrabber\/herunterladen\/\"><i class=\"fas fa-download\"><\/i><span class=\"w-btn-label\">Jetzt testen<\/span><\/a><\/div><\/div><\/div><\/div><\/div><\/div><\/div><\/section>\n","protected":false},"excerpt":{"rendered":"SystemvoraussetzungenStartSeitenPdfGrabber (Windows) Systemanforderungen Die folgenden Mindestvoraussetzungen m\u00fcssen erf\u00fcllt sein, um die Software PdfGrabber unter Windows einsetzen zu k\u00f6nnen: F\u00fcr PC mit Windows 11, 10, 8, 7, 2016, 2014, 2012, 2008, Vista, 2003 oder XP (SP3) 50 MB freier Festplattenplatz Pentium 266 MHz oder entsprechender Prozessor (empf. Pentium III) 512 MB RAM (empf. 4096 MB) Microsoft...","protected":false},"author":1,"featured_media":0,"parent":13229,"menu_order":3,"comment_status":"closed","ping_status":"closed","template":"","meta":{"footnotes":""},"class_list":["post-12663","page","type-page","status-publish","hentry"],"yoast_head":"<!-- This site is optimized with the Yoast SEO Premium plugin v27.3 (Yoast SEO v27.3) - https:\/\/yoast.com\/product\/yoast-seo-premium-wordpress\/ -->\n<title>PdfGrabber Systemanforderungen (Windows Version)<\/title>\n<meta name=\"description\" content=\"Die auf dieser Seite angegebenen Mindestvoraussetzungen m\u00fcssen erf\u00fcllt sein, um die Software PdfGrabber unter Windows einsetzen zu k\u00f6nnen.\" \/>\n<meta name=\"robots\" content=\"index, follow, max-snippet:-1, max-image-preview:large, max-video-preview:-1\" \/>\n<link rel=\"canonical\" href=\"https:\/\/www.pixelplanet.com\/de\/pdfgrabber\/systemvoraussetzungen\/\" \/>\n<meta property=\"og:locale\" content=\"de_DE\" \/>\n<meta property=\"og:type\" content=\"article\" \/>\n<meta property=\"og:title\" content=\"PdfGrabber Systemanforderungen (Windows Version)\" \/>\n<meta property=\"og:description\" content=\"Die auf dieser Seite angegebenen Mindestvoraussetzungen m\u00fcssen erf\u00fcllt sein, um die Software PdfGrabber unter Windows einsetzen zu k\u00f6nnen.\" \/>\n<meta property=\"og:url\" content=\"https:\/\/www.pixelplanet.com\/de\/pdfgrabber\/systemvoraussetzungen\/\" \/>\n<meta property=\"og:site_name\" content=\"PixelPlanet.com - PDF-Software-Shop\" \/>\n<meta property=\"article:publisher\" content=\"https:\/\/www.facebook.com\/PixelPlanet\" \/>\n<meta property=\"article:modified_time\" content=\"2023-10-18T14:31:15+00:00\" \/>\n<meta property=\"og:image\" content=\"https:\/\/www.pixelplanet.com\/wp-content\/uploads\/2018\/02\/FaceBook-Homepage-DE-1200x630.jpg\" \/>\n\t<meta property=\"og:image:width\" content=\"1200\" \/>\n\t<meta property=\"og:image:height\" content=\"630\" \/>\n\t<meta property=\"og:image:type\" content=\"image\/jpeg\" \/>\n<meta name=\"twitter:card\" content=\"summary_large_image\" \/>\n<meta name=\"twitter:title\" content=\"PixelPlanet - Systemvoraussetzungen\" \/>\n<meta name=\"twitter:site\" content=\"@PixelPlanet\" \/>\n<meta name=\"twitter:label1\" content=\"Gesch\u00e4tzte Lesezeit\" \/>\n\t<meta name=\"twitter:data1\" content=\"2\u00a0Minuten\" \/>\n<script type=\"application\/ld+json\" class=\"yoast-schema-graph\">{\"@context\":\"https:\\\/\\\/schema.org\",\"@graph\":[{\"@type\":\"WebPage\",\"@id\":\"https:\\\/\\\/www.pixelplanet.com\\\/de\\\/pdfgrabber\\\/systemvoraussetzungen\\\/\",\"url\":\"https:\\\/\\\/www.pixelplanet.com\\\/de\\\/pdfgrabber\\\/systemvoraussetzungen\\\/\",\"name\":\"PdfGrabber Systemanforderungen (Windows Version)\",\"isPartOf\":{\"@id\":\"https:\\\/\\\/www.pixelplanet.com\\\/de\\\/#website\"},\"datePublished\":\"2018-03-01T12:01:00+00:00\",\"dateModified\":\"2023-10-18T14:31:15+00:00\",\"description\":\"Die auf dieser Seite angegebenen Mindestvoraussetzungen m\u00fcssen erf\u00fcllt sein, um die Software PdfGrabber unter Windows einsetzen zu k\u00f6nnen.\",\"breadcrumb\":{\"@id\":\"https:\\\/\\\/www.pixelplanet.com\\\/de\\\/pdfgrabber\\\/systemvoraussetzungen\\\/#breadcrumb\"},\"inLanguage\":\"de\",\"potentialAction\":[{\"@type\":\"ReadAction\",\"target\":[\"https:\\\/\\\/www.pixelplanet.com\\\/de\\\/pdfgrabber\\\/systemvoraussetzungen\\\/\"]}]},{\"@type\":\"BreadcrumbList\",\"@id\":\"https:\\\/\\\/www.pixelplanet.com\\\/de\\\/pdfgrabber\\\/systemvoraussetzungen\\\/#breadcrumb\",\"itemListElement\":[{\"@type\":\"ListItem\",\"position\":1,\"name\":\"Home\",\"item\":\"https:\\\/\\\/www.pixelplanet.com\\\/de\\\/home\\\/\"},{\"@type\":\"ListItem\",\"position\":2,\"name\":\"PdfGrabber\",\"item\":\"https:\\\/\\\/www.pixelplanet.com\\\/de\\\/pdfgrabber\\\/\"},{\"@type\":\"ListItem\",\"position\":3,\"name\":\"Systemvoraussetzungen\"}]},{\"@type\":\"WebSite\",\"@id\":\"https:\\\/\\\/www.pixelplanet.com\\\/de\\\/#website\",\"url\":\"https:\\\/\\\/www.pixelplanet.com\\\/de\\\/\",\"name\":\"PixelPlanet.com - PDF-Software-Shop\",\"description\":\"Edit, convert, create, merge and split PDF documents on Windows and Mac\",\"publisher\":{\"@id\":\"https:\\\/\\\/www.pixelplanet.com\\\/de\\\/#organization\"},\"potentialAction\":[{\"@type\":\"SearchAction\",\"target\":{\"@type\":\"EntryPoint\",\"urlTemplate\":\"https:\\\/\\\/www.pixelplanet.com\\\/de\\\/?s={search_term_string}\"},\"query-input\":{\"@type\":\"PropertyValueSpecification\",\"valueRequired\":true,\"valueName\":\"search_term_string\"}}],\"inLanguage\":\"de\"},{\"@type\":\"Organization\",\"@id\":\"https:\\\/\\\/www.pixelplanet.com\\\/de\\\/#organization\",\"name\":\"PixelPlanet\",\"url\":\"https:\\\/\\\/www.pixelplanet.com\\\/de\\\/\",\"logo\":{\"@type\":\"ImageObject\",\"inLanguage\":\"de\",\"@id\":\"https:\\\/\\\/www.pixelplanet.com\\\/de\\\/#\\\/schema\\\/logo\\\/image\\\/\",\"url\":\"https:\\\/\\\/www.pixelplanet.com\\\/wp-content\\\/uploads\\\/2016\\\/12\\\/PixelPlanet-Logo-540x100.png\",\"contentUrl\":\"https:\\\/\\\/www.pixelplanet.com\\\/wp-content\\\/uploads\\\/2016\\\/12\\\/PixelPlanet-Logo-540x100.png\",\"width\":540,\"height\":100,\"caption\":\"PixelPlanet\"},\"image\":{\"@id\":\"https:\\\/\\\/www.pixelplanet.com\\\/de\\\/#\\\/schema\\\/logo\\\/image\\\/\"},\"sameAs\":[\"https:\\\/\\\/www.facebook.com\\\/PixelPlanet\",\"https:\\\/\\\/x.com\\\/PixelPlanet\",\"https:\\\/\\\/www.instagram.com\\\/pixelplanet.software\\\/\",\"https:\\\/\\\/linkedin.com\\\/company\\\/pixelplanet-software\"]}]}<\/script>\n<!-- \/ Yoast SEO Premium plugin. -->","yoast_head_json":{"title":"PdfGrabber Systemanforderungen (Windows Version)","description":"Die auf dieser Seite angegebenen Mindestvoraussetzungen m\u00fcssen erf\u00fcllt sein, um die Software PdfGrabber unter Windows einsetzen zu k\u00f6nnen.","robots":{"index":"index","follow":"follow","max-snippet":"max-snippet:-1","max-image-preview":"max-image-preview:large","max-video-preview":"max-video-preview:-1"},"canonical":"https:\/\/www.pixelplanet.com\/de\/pdfgrabber\/systemvoraussetzungen\/","og_locale":"de_DE","og_type":"article","og_title":"PdfGrabber Systemanforderungen (Windows Version)","og_description":"Die auf dieser Seite angegebenen Mindestvoraussetzungen m\u00fcssen erf\u00fcllt sein, um die Software PdfGrabber unter Windows einsetzen zu k\u00f6nnen.","og_url":"https:\/\/www.pixelplanet.com\/de\/pdfgrabber\/systemvoraussetzungen\/","og_site_name":"PixelPlanet.com - PDF-Software-Shop","article_publisher":"https:\/\/www.facebook.com\/PixelPlanet","article_modified_time":"2023-10-18T14:31:15+00:00","og_image":[{"width":1200,"height":630,"url":"https:\/\/www.pixelplanet.com\/wp-content\/uploads\/2018\/02\/FaceBook-Homepage-DE-1200x630.jpg","type":"image\/jpeg"}],"twitter_card":"summary_large_image","twitter_title":"PixelPlanet - Systemvoraussetzungen","twitter_site":"@PixelPlanet","twitter_misc":{"Gesch\u00e4tzte Lesezeit":"2\u00a0Minuten"},"schema":{"@context":"https:\/\/schema.org","@graph":[{"@type":"WebPage","@id":"https:\/\/www.pixelplanet.com\/de\/pdfgrabber\/systemvoraussetzungen\/","url":"https:\/\/www.pixelplanet.com\/de\/pdfgrabber\/systemvoraussetzungen\/","name":"PdfGrabber Systemanforderungen (Windows Version)","isPartOf":{"@id":"https:\/\/www.pixelplanet.com\/de\/#website"},"datePublished":"2018-03-01T12:01:00+00:00","dateModified":"2023-10-18T14:31:15+00:00","description":"Die auf dieser Seite angegebenen Mindestvoraussetzungen m\u00fcssen erf\u00fcllt sein, um die Software PdfGrabber unter Windows einsetzen zu k\u00f6nnen.","breadcrumb":{"@id":"https:\/\/www.pixelplanet.com\/de\/pdfgrabber\/systemvoraussetzungen\/#breadcrumb"},"inLanguage":"de","potentialAction":[{"@type":"ReadAction","target":["https:\/\/www.pixelplanet.com\/de\/pdfgrabber\/systemvoraussetzungen\/"]}]},{"@type":"BreadcrumbList","@id":"https:\/\/www.pixelplanet.com\/de\/pdfgrabber\/systemvoraussetzungen\/#breadcrumb","itemListElement":[{"@type":"ListItem","position":1,"name":"Home","item":"https:\/\/www.pixelplanet.com\/de\/home\/"},{"@type":"ListItem","position":2,"name":"PdfGrabber","item":"https:\/\/www.pixelplanet.com\/de\/pdfgrabber\/"},{"@type":"ListItem","position":3,"name":"Systemvoraussetzungen"}]},{"@type":"WebSite","@id":"https:\/\/www.pixelplanet.com\/de\/#website","url":"https:\/\/www.pixelplanet.com\/de\/","name":"PixelPlanet.com - PDF-Software-Shop","description":"Edit, convert, create, merge and split PDF documents on Windows and Mac","publisher":{"@id":"https:\/\/www.pixelplanet.com\/de\/#organization"},"potentialAction":[{"@type":"SearchAction","target":{"@type":"EntryPoint","urlTemplate":"https:\/\/www.pixelplanet.com\/de\/?s={search_term_string}"},"query-input":{"@type":"PropertyValueSpecification","valueRequired":true,"valueName":"search_term_string"}}],"inLanguage":"de"},{"@type":"Organization","@id":"https:\/\/www.pixelplanet.com\/de\/#organization","name":"PixelPlanet","url":"https:\/\/www.pixelplanet.com\/de\/","logo":{"@type":"ImageObject","inLanguage":"de","@id":"https:\/\/www.pixelplanet.com\/de\/#\/schema\/logo\/image\/","url":"https:\/\/www.pixelplanet.com\/wp-content\/uploads\/2016\/12\/PixelPlanet-Logo-540x100.png","contentUrl":"https:\/\/www.pixelplanet.com\/wp-content\/uploads\/2016\/12\/PixelPlanet-Logo-540x100.png","width":540,"height":100,"caption":"PixelPlanet"},"image":{"@id":"https:\/\/www.pixelplanet.com\/de\/#\/schema\/logo\/image\/"},"sameAs":["https:\/\/www.facebook.com\/PixelPlanet","https:\/\/x.com\/PixelPlanet","https:\/\/www.instagram.com\/pixelplanet.software\/","https:\/\/linkedin.com\/company\/pixelplanet-software"]}]}},"_links":{"self":[{"href":"https:\/\/www.pixelplanet.com\/de\/wp-json\/wp\/v2\/pages\/12663","targetHints":{"allow":["GET"]}}],"collection":[{"href":"https:\/\/www.pixelplanet.com\/de\/wp-json\/wp\/v2\/pages"}],"about":[{"href":"https:\/\/www.pixelplanet.com\/de\/wp-json\/wp\/v2\/types\/page"}],"author":[{"embeddable":true,"href":"https:\/\/www.pixelplanet.com\/de\/wp-json\/wp\/v2\/users\/1"}],"replies":[{"embeddable":true,"href":"https:\/\/www.pixelplanet.com\/de\/wp-json\/wp\/v2\/comments?post=12663"}],"version-history":[{"count":0,"href":"https:\/\/www.pixelplanet.com\/de\/wp-json\/wp\/v2\/pages\/12663\/revisions"}],"up":[{"embeddable":true,"href":"https:\/\/www.pixelplanet.com\/de\/wp-json\/wp\/v2\/pages\/13229"}],"wp:attachment":[{"href":"https:\/\/www.pixelplanet.com\/de\/wp-json\/wp\/v2\/media?parent=12663"}],"curies":[{"name":"wp","href":"https:\/\/api.w.org\/{rel}","templated":true}]}}