{"id":13238,"date":"2018-04-10T12:46:51","date_gmt":"2018-04-10T10:46:51","guid":{"rendered":"https:\/\/www.pixelplanet.com\/?page_id=13238"},"modified":"2023-10-18T16:33:43","modified_gmt":"2023-10-18T14:33:43","slug":"preise","status":"publish","type":"page","link":"https:\/\/www.pixelplanet.com\/de\/pdfgrabber\/preise\/","title":{"rendered":"Preise &#038; Versionen"},"content":{"rendered":"<section class=\"l-section wpb_row us_custom_e11ab399 height_small\"><div class=\"l-section-h i-cf\"><div class=\"g-cols vc_row via_flex valign_middle type_default stacking_default\"><div class=\"vc_col-sm-6 wpb_column vc_column_container\"><div class=\"vc_column-inner\"><div class=\"wpb_wrapper\"><h1 class=\"w-post-elm post_title us_custom_607cd7e8 entry-title color_link_inherit\">Preise &#038; Versionen<\/h1><\/div><\/div><\/div><div class=\"vc_col-sm-6 wpb_column vc_column_container\"><div class=\"vc_column-inner\"><div class=\"wpb_wrapper\"><nav class=\"g-breadcrumbs us_custom_ea2be81a separator_icon align_right\"><div class=\"g-breadcrumbs-item\"><a href=\"https:\/\/www.pixelplanet.com\/de\/\">Start<\/a><meta content=\"1\"\/><\/div><div class=\"g-breadcrumbs-separator\"><i class=\"far fa-angle-right\"><\/i><\/div><div class=\"g-breadcrumbs-item\">Seiten<\/div><\/nav><\/div><\/div><\/div><\/div><\/div><\/section><section class=\"l-section wpb_row height_medium\"><div class=\"l-section-h i-cf\"><div class=\"g-cols vc_row via_flex valign_top type_default stacking_default\"><div class=\"vc_col-sm-12 wpb_column vc_column_container\"><div class=\"vc_column-inner\"><div class=\"wpb_wrapper\"><div class=\"g-cols wpb_row via_flex valign_top type_default stacking_default\"><div class=\"vc_col-sm-4 wpb_column vc_column_container\"><div class=\"vc_column-inner\"><div class=\"wpb_wrapper\"><div class=\"w-pricing style_simple items_1\"><div class=\"w-pricing-item type_default\"><div class=\"w-pricing-item-h\"><div class=\"w-pricing-item-header\"><div class=\"w-pricing-item-title\"><i class=\"blue fab fa-windows fa-3x\"><\/i><br><br>PdfGrabber Home<br><small>PDF zu Word &amp; Text<\/small><\/div><div class=\"w-pricing-item-price\">\u20ac49<small>Einzelplatzlizenz<\/small><\/div><\/div><ul class=\"w-pricing-item-features\"><li class=\"w-pricing-item-feature\"><i class=\"fas fa-file-word blue\"><\/i> + <i class=\"fas fa-file-alt blue\"><\/i> PDF zu Word & Text (ascii)<\/li><li class=\"w-pricing-item-feature\"><i class=\"fas fa-list blue\"><\/i> Mehrere PDFs gleichzeitig exportieren<\/li><li class=\"w-pricing-item-feature\"><i class=\"fas fa-print blue\"><\/i> Inkl. PixelPlanet PdfPrinter<\/li><li class=\"w-pricing-item-feature\"><i class=\"fas fa-download blue\"><\/i> Kostenlose Updates innerhalb der Hauptversion<\/li><li class=\"w-pricing-item-feature\"><i class=\"fas fa-heart blue\"><\/i> Unbegrenzte G\u00fcltigkeit der Lizenz<\/li><li class=\"w-pricing-item-feature\"><i class=\"fas fa-coin blue\"><\/i> Einmalige Lizenzkosten, kein Abo, keine Folgekosten<\/li><\/ul><div class=\"w-pricing-item-footer\"><a class=\"w-btn us-btn-style_4 icon_atleft\" style=\"font-size:15px\" href=\"\/de\/produkt\/pdfgrabber-home\/\"><i class=\"fas fa-shopping-cart\"><\/i><span class=\"w-btn-label\">Jetzt kaufen<\/span><\/a><\/div><\/div><\/div><\/div><\/div><\/div><\/div><div class=\"vc_col-sm-4 wpb_column vc_column_container\"><div class=\"vc_column-inner\"><div class=\"wpb_wrapper\"><div class=\"w-pricing style_simple items_1\"><div class=\"w-pricing-item type_default\"><div class=\"w-pricing-item-h\"><div class=\"w-pricing-item-header\"><div class=\"w-pricing-item-title\"><i class=\"blue fab fa-windows fa-3x\"><\/i><br><br>PdfGrabber Standard<br><small>PDF zu Word, Excel, Bild, HTML, eBook &amp; Text<\/small><\/div><div class=\"w-pricing-item-price\">\u20ac79<small>Einzelplatzlizenz<\/small><\/div><\/div><ul class=\"w-pricing-item-features\"><li class=\"w-pricing-item-feature\"><i class=\"fas fa-thumbs-up blue\"><\/i> Alle Funktionen der Home-Version<\/li><li class=\"w-pricing-item-feature\"><i class=\"fas fa-file-word blue\"><\/i> PDF zu Word<\/li><li class=\"w-pricing-item-feature\"><i class=\"fas fa-file-alt blue\"><\/i> PDF zu Text (ASCII)<\/li><li class=\"w-pricing-item-feature\"><i class=\"fas fa-file-excel blue\"><\/i> PDF zu Excel<\/li><li class=\"w-pricing-item-feature\"><i class=\"fas fa-image blue\"><\/i> PDF in Bild<\/li><li class=\"w-pricing-item-feature\"><i class=\"fas fa-images blue\"><\/i> Bilder exportieren<\/li><li class=\"w-pricing-item-feature\"><i class=\"fab fa-html5 blue\"><\/i>PDF zu HTML<\/li><li class=\"w-pricing-item-feature\"><i class=\"fas fa-book blue\"><\/i> PDF zu eBook<\/li><\/ul><div class=\"w-pricing-item-footer\"><a class=\"w-btn us-btn-style_4 icon_atleft\" style=\"font-size:15px\" href=\"\/de\/produkt\/pdfgrabber-standard\/\"><i class=\"fas fa-shopping-cart\"><\/i><span class=\"w-btn-label\">Jetzt kaufen<\/span><\/a><\/div><\/div><\/div><\/div><\/div><\/div><\/div><div class=\"vc_col-sm-4 wpb_column vc_column_container\"><div class=\"vc_column-inner\"><div class=\"wpb_wrapper\"><div class=\"w-pricing style_simple items_1\"><div class=\"w-pricing-item type_featured\"><div class=\"w-pricing-item-h\"><div class=\"w-pricing-item-header\"><div class=\"w-pricing-item-title\"><i class=\"fab fa-windows fa-3x\"><\/i><br><br>PdfGrabber Professional<br><small> PDF zu CAD, DXF, Word, Excel, PowerPoint, HTML, ePub, TXT, XML & Bild<\/small><\/div><div class=\"w-pricing-item-price\">\u20ac99<small>Einzelplatzlizenz<\/small><\/div><\/div><ul class=\"w-pricing-item-features\"><li class=\"w-pricing-item-feature\"><i class=\"fas fa-thumbs-up blue\"><\/i> Alle Home & Standard Funktionen<\/li><li class=\"w-pricing-item-feature\"><i class=\"fas fa-magic blue\"><\/i> Automatisierung (\u00fcberwachte Ordner, Kommandozeile, COM-Interface)<\/li><li class=\"w-pricing-item-feature\"><i class=\"fas fa-cogs blue\"><\/i> PDF zu CAD \/ AutoCAD \/ DXF<\/li><li class=\"w-pricing-item-feature\"><i class=\"fas fa-file-powerpoint blue\"><\/i> PDF zu PowerPoint<\/li><li class=\"w-pricing-item-feature\"><i class=\"fas fa-file-word blue\"><\/i> + <i class=\"fas fa-file-excel blue\"><\/i> + <i class=\"fas fa-file-alt blue\"><\/i> PDF zu Word, Excel & Text<\/li><li class=\"w-pricing-item-feature\"><i class=\"fas fa-image-o blue\"><\/i> + <i class=\"fas fa-images blue\"><\/i> PDF in Bild \/ Bilder exportieren<\/li><li class=\"w-pricing-item-feature\"><i class=\"fab fa-html5 blue\"><\/i> + <i class=\"fas fa-book blue\"><\/i> PDF zu HTML & eBook<\/li><li class=\"w-pricing-item-feature\"><i class=\"fas fa-file-code blue\"><\/i> PDF zu XML<\/li><\/ul><div class=\"w-pricing-item-footer\"><a class=\"w-btn us-btn-style_4 icon_atleft\" style=\"font-size:15px\" href=\"\/de\/produkt\/pdfgrabber-professional\/\"><i class=\"fas fa-shopping-cart\"><\/i><span class=\"w-btn-label\">Jetzt kaufen<\/span><\/a><\/div><\/div><\/div><\/div><\/div><\/div><\/div><\/div><div class=\"w-separator size_large\"><\/div><div class=\"g-cols wpb_row via_flex valign_top type_default stacking_default\"><div class=\"vc_col-sm-4 wpb_column vc_column_container\"><div class=\"vc_column-inner\"><div class=\"wpb_wrapper\"><div class=\"w-pricing style_simple items_1\"><div class=\"w-pricing-item type_default\"><div class=\"w-pricing-item-h\"><div class=\"w-pricing-item-header\"><div class=\"w-pricing-item-title\"><i class=\"blue fab fa-windows fa-3x\"><\/i><br><br>Professional DOPPELPACK<br><small>2 x PdfGrabber Professional<\/small><\/div><div class=\"w-pricing-item-price\">\u20ac149<small>2 x Einzelplatzlizenz<\/small><\/div><\/div><ul class=\"w-pricing-item-features\"><li class=\"w-pricing-item-feature\"><i class=\"fas fa-desktop blue\"><\/i> + <i class=\"fas fa-desktop blue\"><\/i> Lizenz f\u00fcr 2 Windows PCs (32 oder 64 bits)<\/li><li class=\"w-pricing-item-feature\"><i class=\"fas fa-magic blue\"><\/i> Automatisierung (\u00fcberwachte Ordner, Kommandozeile, COM-Interface)<\/li><li class=\"w-pricing-item-feature\"><i class=\"fas fa-cogs blue\"><\/i> PDF zu CAD \/ AutoCAD \/ DXF<\/li><li class=\"w-pricing-item-feature\"><i class=\"fas fa-file-powerpoint blue\"><\/i> PDF zu PowerPoint<\/li><li class=\"w-pricing-item-feature\"><i class=\"fas fa-file-word blue\"><\/i> + <i class=\"fas fa-file-excel blue\"><\/i> + <i class=\"fas fa-file-alt blue\"><\/i> PDF zu Word, Excel & Text<\/li><li class=\"w-pricing-item-feature\"><i class=\"fas fa-image blue\"><\/i> + <i class=\"fas fa-images blue\"><\/i> PDF in Bild \/ Bilder exportieren<\/li><li class=\"w-pricing-item-feature\"><i class=\"fab fa-html5 blue\"><\/i> + <i class=\"fas fa-book blue\"><\/i> + <i class=\"fas fa-file-code blue\"><\/i> PDF zu HTML, eBook & XML<\/li><\/ul><div class=\"w-pricing-item-footer\"><a class=\"w-btn us-btn-style_4 icon_atleft\" style=\"font-size:15px\" href=\"\/de\/produkt\/pdfgrabber-professional-doppelpack\/\"><i class=\"fas fa-shopping-cart\"><\/i><span class=\"w-btn-label\">Jetzt kaufen<\/span><\/a><\/div><\/div><\/div><\/div><\/div><\/div><\/div><div class=\"vc_col-sm-4 wpb_column vc_column_container\"><div class=\"vc_column-inner\"><div class=\"wpb_wrapper\"><div class=\"w-pricing style_simple items_1\"><div class=\"w-pricing-item type_default\"><div class=\"w-pricing-item-h\"><div class=\"w-pricing-item-header\"><div class=\"w-pricing-item-title\"><i class=\"blue fab fa-windows fa-3x\"><\/i><br><br>Professional DREIERPACK<br><small>2 x PdfGrabber Professional<\/small><\/div><div class=\"w-pricing-item-price\">\u20ac199<small>3 x Einzelplatzlizenz<\/small><\/div><\/div><ul class=\"w-pricing-item-features\"><li class=\"w-pricing-item-feature\"><i class=\"fas fa-desktop blue\"><\/i> + <i class=\"fas fa-desktop blue\"><\/i> + <i class=\"fas fa-desktop blue\"><\/i> Lizenz f\u00fcr 3 Windows PCs (32 oder 64 bits)<\/li><li class=\"w-pricing-item-feature\"><i class=\"fas fa-magic blue\"><\/i> Automatisierung (\u00fcberwachte Ordner, Kommandozeile, COM-Interface)<\/li><li class=\"w-pricing-item-feature\"><i class=\"fas fa-cogs blue\"><\/i> PDF zu CAD \/ AutoCAD \/ DXF<\/li><li class=\"w-pricing-item-feature\"><i class=\"fas fa-file-powerpoint blue\"><\/i> PDF zu PowerPoint<\/li><li class=\"w-pricing-item-feature\"><i class=\"fas fa-file-word blue\"><\/i> + <i class=\"fas fa-file-excel blue\"><\/i> + <i class=\"fas fa-file-alt blue\"><\/i> PDF zu Word, Excel & Text<\/li><li class=\"w-pricing-item-feature\"><i class=\"fas fa-image blue\"><\/i> + <i class=\"fas fa-images blue\"><\/i> PDF in Bild \/ Bilder exportieren<\/li><li class=\"w-pricing-item-feature\"><i class=\"fab fa-html5 blue\"><\/i> + <i class=\"fas fa-book blue\"><\/i> + <i class=\"fas fa-file-code blue\"><\/i> PDF zu HTML, eBook & XML<\/li><\/ul><div class=\"w-pricing-item-footer\"><a class=\"w-btn us-btn-style_4 icon_atleft\" style=\"font-size:15px\" href=\"\/de\/produkt\/pdfgrabber-professional-dreierpack\/\"><i class=\"fas fa-shopping-cart\"><\/i><span class=\"w-btn-label\">Jetzt kaufen<\/span><\/a><\/div><\/div><\/div><\/div><\/div><\/div><\/div><div class=\"vc_col-sm-4 wpb_column vc_column_container\"><div class=\"vc_column-inner\"><div class=\"wpb_wrapper\"><div class=\"w-pricing style_simple items_1\"><div class=\"w-pricing-item type_featured\"><div class=\"w-pricing-item-h\"><div class=\"w-pricing-item-header\"><div class=\"w-pricing-item-title\"><i class=\"fab fa-windows fa-3x\"><\/i><br><br>Professional NETZWERK LIZENZEN<br><small>erh\u00e4ltlich ab:<\/small><\/div><div class=\"w-pricing-item-price\">\u20ac299<small>5 oder mehr gleichzeitige Benutzer<\/small><\/div><\/div><ul class=\"w-pricing-item-features\"><li class=\"w-pricing-item-feature\"><i class=\"fas fa-users blue\"><\/i> Gleichzeitige Benutzer (Concurrent) - ab 5 Anwender<\/li><li class=\"w-pricing-item-feature\"><i class=\"fas fa-sitemap blue\"><\/i> Lokale oder Netzwerkinstallation in einem LAN<\/li><li class=\"w-pricing-item-feature\"><i class=\"fas fa-cogs blue\"><\/i> PDF zu CAD \/ AutoCAD \/ DXF<\/li><li class=\"w-pricing-item-feature\"><i class=\"fas fa-file-powerpoint blue\"><\/i> PDF zuto PowerPoint<\/li><li class=\"w-pricing-item-feature\"><i class=\"fas fa-file-word blue\"><\/i> + <i class=\"fas fa-file-excel blue\"><\/i> + <i class=\"fas fa-file-alt blue\"><\/i> PDF zu Word, Excel & Text<\/li><li class=\"w-pricing-item-feature\"><i class=\"fas fa-image blue\"><\/i> + <i class=\"fas fa-images blue\"><\/i> PDF in Bild \/ Bilder exportieren<\/li><li class=\"w-pricing-item-feature\"><i class=\"fab fa-html5 blue\"><\/i> + <i class=\"fas fa-book blue\"><\/i> + <i class=\"fas fa-file-code blue\"><\/i> PDF in HTML, eBook & XML<\/li><\/ul><div class=\"w-pricing-item-footer\"><a class=\"w-btn us-btn-style_4 icon_atleft\" style=\"font-size:15px\" href=\"\/de\/produkt\/pdfgrabber-net\/\"><i class=\"fas fa-shopping-cart\"><\/i><span class=\"w-btn-label\">Jetzt kaufen<\/span><\/a><\/div><\/div><\/div><\/div><\/div><\/div><\/div><\/div><\/div><\/div><\/div><\/div><\/div><\/section><section class=\"l-section wpb_row us_custom_2d431bcd has_text_color height_medium\"><div class=\"l-section-h i-cf\"><div class=\"g-cols vc_row via_flex valign_top type_default stacking_default\"><div class=\"vc_col-sm-12 wpb_column vc_column_container\"><div class=\"vc_column-inner\"><div class=\"wpb_wrapper\"><div class=\"w-actionbox us_custom_02dcaa50 color_primary controls_right\"><div class=\"w-actionbox-text\"><h2 class=\"w-actionbox-title\">PdfGrabber kostenlos testen!<\/h2><div class=\"w-actionbox-description\"><p>Die Testversion enth\u00e4lt alle Features von PdfGrabber Professional, f\u00fcgt aber &#8218;X&#8216;-Zeichen an zuf\u00e4lliger Stelle in die exportierten Texte ein. Grafiken und Bilder erhalten ein Wasserzeichen. CAD-Dateien werden nur zu 2\/3 exportiert. Diese Einschr\u00e4nkungen entfallen selbstverst\u00e4ndlich durch die Freischaltung zur Vollversion.<\/p>\n<\/div><\/div><div class=\"w-actionbox-controls\"><a class=\"w-btn us-btn-style_8 icon_atleft\" style=\"font-size:16px\" href=\"https:\/\/www.pixelplanet.com\/de\/pdfgrabber\/herunterladen\/\"><i class=\"fas fa-download\"><\/i><span class=\"w-btn-label\">Jetzt testen<\/span><\/a><\/div><\/div><\/div><\/div><\/div><\/div><\/div><\/section>\n","protected":false},"excerpt":{"rendered":"Preise &#038; VersionenStartSeitenPdfGrabber HomePDF zu Word &amp; Text\u20ac49Einzelplatzlizenz + PDF zu Word & Text (ascii) Mehrere PDFs gleichzeitig exportieren Inkl. PixelPlanet PdfPrinter Kostenlose Updates innerhalb der Hauptversion Unbegrenzte G\u00fcltigkeit der Lizenz Einmalige Lizenzkosten, kein Abo, keine FolgekostenJetzt kaufenPdfGrabber StandardPDF zu Word, Excel, Bild, HTML, eBook &amp; Text\u20ac79Einzelplatzlizenz Alle Funktionen der Home-Version PDF zu Word PDF...","protected":false},"author":1,"featured_media":0,"parent":13229,"menu_order":5,"comment_status":"closed","ping_status":"closed","template":"","meta":{"footnotes":""},"class_list":["post-13238","page","type-page","status-publish","hentry"],"yoast_head":"<!-- This site is optimized with the Yoast SEO Premium plugin v27.4 (Yoast SEO v27.4) - https:\/\/yoast.com\/product\/yoast-seo-premium-wordpress\/ -->\n<title>PdfGrabber (Windows) - Infos zu Versionen und Preisen<\/title>\n<meta name=\"description\" content=\"Hier findest Du Preisinformationen zu den am meisten angefragten PdfGrabber Einzelplatz- und Netzwerk-Lizenzen f\u00fcr Windows. Weitere Preise und Angebote findest Du in unserem Online-Shop. Auch eine Version f\u00fcr macOS!\" \/>\n<meta name=\"robots\" content=\"index, follow, max-snippet:-1, max-image-preview:large, max-video-preview:-1\" \/>\n<link rel=\"canonical\" href=\"https:\/\/www.pixelplanet.com\/de\/pdfgrabber\/preise\/\" \/>\n<meta property=\"og:locale\" content=\"de_DE\" \/>\n<meta property=\"og:type\" content=\"article\" \/>\n<meta property=\"og:title\" content=\"Prices for PdfGrabber (Windows version)\" \/>\n<meta property=\"og:description\" content=\"Hier findest Du Preisinformationen zu den am meisten angefragten PdfGrabber Einzelplatz- und Netzwerk-Lizenzen f\u00fcr Windows. Weitere Preise und Angebote findest Du in unserem Online-Shop. Auch eine Version f\u00fcr macOS!\" \/>\n<meta property=\"og:url\" content=\"https:\/\/www.pixelplanet.com\/de\/pdfgrabber\/preise\/\" \/>\n<meta property=\"og:site_name\" content=\"PixelPlanet.com - PDF-Software-Shop\" \/>\n<meta property=\"article:publisher\" content=\"https:\/\/www.facebook.com\/PixelPlanet\" \/>\n<meta property=\"article:modified_time\" content=\"2023-10-18T14:33:43+00:00\" \/>\n<meta property=\"og:image\" content=\"https:\/\/www.pixelplanet.com\/wp-content\/uploads\/2018\/02\/FaceBook-Homepage-DE-1200x630.jpg\" \/>\n\t<meta property=\"og:image:width\" content=\"1200\" \/>\n\t<meta property=\"og:image:height\" content=\"630\" \/>\n\t<meta property=\"og:image:type\" content=\"image\/jpeg\" \/>\n<meta name=\"twitter:card\" content=\"summary_large_image\" \/>\n<meta name=\"twitter:title\" content=\"PixelPlanet - Preise &amp; Versionen\" \/>\n<meta name=\"twitter:site\" content=\"@PixelPlanet\" \/>\n<meta name=\"twitter:label1\" content=\"Gesch\u00e4tzte Lesezeit\" \/>\n\t<meta name=\"twitter:data1\" content=\"1\u00a0Minute\" \/>\n<script type=\"application\/ld+json\" class=\"yoast-schema-graph\">{\"@context\":\"https:\\\/\\\/schema.org\",\"@graph\":[{\"@type\":\"WebPage\",\"@id\":\"https:\\\/\\\/www.pixelplanet.com\\\/de\\\/pdfgrabber\\\/preise\\\/\",\"url\":\"https:\\\/\\\/www.pixelplanet.com\\\/de\\\/pdfgrabber\\\/preise\\\/\",\"name\":\"PdfGrabber (Windows) - Infos zu Versionen und Preisen\",\"isPartOf\":{\"@id\":\"https:\\\/\\\/www.pixelplanet.com\\\/de\\\/#website\"},\"datePublished\":\"2018-04-10T10:46:51+00:00\",\"dateModified\":\"2023-10-18T14:33:43+00:00\",\"description\":\"Hier findest Du Preisinformationen zu den am meisten angefragten PdfGrabber Einzelplatz- und Netzwerk-Lizenzen f\u00fcr Windows. Weitere Preise und Angebote findest Du in unserem Online-Shop. Auch eine Version f\u00fcr macOS!\",\"breadcrumb\":{\"@id\":\"https:\\\/\\\/www.pixelplanet.com\\\/de\\\/pdfgrabber\\\/preise\\\/#breadcrumb\"},\"inLanguage\":\"de\",\"potentialAction\":[{\"@type\":\"ReadAction\",\"target\":[\"https:\\\/\\\/www.pixelplanet.com\\\/de\\\/pdfgrabber\\\/preise\\\/\"]}]},{\"@type\":\"BreadcrumbList\",\"@id\":\"https:\\\/\\\/www.pixelplanet.com\\\/de\\\/pdfgrabber\\\/preise\\\/#breadcrumb\",\"itemListElement\":[{\"@type\":\"ListItem\",\"position\":1,\"name\":\"Home\",\"item\":\"https:\\\/\\\/www.pixelplanet.com\\\/de\\\/home\\\/\"},{\"@type\":\"ListItem\",\"position\":2,\"name\":\"PdfGrabber\",\"item\":\"https:\\\/\\\/www.pixelplanet.com\\\/de\\\/pdfgrabber\\\/\"},{\"@type\":\"ListItem\",\"position\":3,\"name\":\"Preise &#038; Versionen\"}]},{\"@type\":\"WebSite\",\"@id\":\"https:\\\/\\\/www.pixelplanet.com\\\/de\\\/#website\",\"url\":\"https:\\\/\\\/www.pixelplanet.com\\\/de\\\/\",\"name\":\"PixelPlanet.com - PDF-Software-Shop\",\"description\":\"Edit, convert, create, merge and split PDF documents on Windows and Mac\",\"publisher\":{\"@id\":\"https:\\\/\\\/www.pixelplanet.com\\\/de\\\/#organization\"},\"potentialAction\":[{\"@type\":\"SearchAction\",\"target\":{\"@type\":\"EntryPoint\",\"urlTemplate\":\"https:\\\/\\\/www.pixelplanet.com\\\/de\\\/?s={search_term_string}\"},\"query-input\":{\"@type\":\"PropertyValueSpecification\",\"valueRequired\":true,\"valueName\":\"search_term_string\"}}],\"inLanguage\":\"de\"},{\"@type\":\"Organization\",\"@id\":\"https:\\\/\\\/www.pixelplanet.com\\\/de\\\/#organization\",\"name\":\"PixelPlanet\",\"url\":\"https:\\\/\\\/www.pixelplanet.com\\\/de\\\/\",\"logo\":{\"@type\":\"ImageObject\",\"inLanguage\":\"de\",\"@id\":\"https:\\\/\\\/www.pixelplanet.com\\\/de\\\/#\\\/schema\\\/logo\\\/image\\\/\",\"url\":\"https:\\\/\\\/www.pixelplanet.com\\\/wp-content\\\/uploads\\\/2016\\\/12\\\/PixelPlanet-Logo-540x100.png\",\"contentUrl\":\"https:\\\/\\\/www.pixelplanet.com\\\/wp-content\\\/uploads\\\/2016\\\/12\\\/PixelPlanet-Logo-540x100.png\",\"width\":540,\"height\":100,\"caption\":\"PixelPlanet\"},\"image\":{\"@id\":\"https:\\\/\\\/www.pixelplanet.com\\\/de\\\/#\\\/schema\\\/logo\\\/image\\\/\"},\"sameAs\":[\"https:\\\/\\\/www.facebook.com\\\/PixelPlanet\",\"https:\\\/\\\/x.com\\\/PixelPlanet\",\"https:\\\/\\\/www.instagram.com\\\/pixelplanet.software\\\/\",\"https:\\\/\\\/linkedin.com\\\/company\\\/pixelplanet-software\"]}]}<\/script>\n<!-- \/ Yoast SEO Premium plugin. -->","yoast_head_json":{"title":"PdfGrabber (Windows) - Infos zu Versionen und Preisen","description":"Hier findest Du Preisinformationen zu den am meisten angefragten PdfGrabber Einzelplatz- und Netzwerk-Lizenzen f\u00fcr Windows. Weitere Preise und Angebote findest Du in unserem Online-Shop. Auch eine Version f\u00fcr macOS!","robots":{"index":"index","follow":"follow","max-snippet":"max-snippet:-1","max-image-preview":"max-image-preview:large","max-video-preview":"max-video-preview:-1"},"canonical":"https:\/\/www.pixelplanet.com\/de\/pdfgrabber\/preise\/","og_locale":"de_DE","og_type":"article","og_title":"Prices for PdfGrabber (Windows version)","og_description":"Hier findest Du Preisinformationen zu den am meisten angefragten PdfGrabber Einzelplatz- und Netzwerk-Lizenzen f\u00fcr Windows. Weitere Preise und Angebote findest Du in unserem Online-Shop. Auch eine Version f\u00fcr macOS!","og_url":"https:\/\/www.pixelplanet.com\/de\/pdfgrabber\/preise\/","og_site_name":"PixelPlanet.com - PDF-Software-Shop","article_publisher":"https:\/\/www.facebook.com\/PixelPlanet","article_modified_time":"2023-10-18T14:33:43+00:00","og_image":[{"width":1200,"height":630,"url":"https:\/\/www.pixelplanet.com\/wp-content\/uploads\/2018\/02\/FaceBook-Homepage-DE-1200x630.jpg","type":"image\/jpeg"}],"twitter_card":"summary_large_image","twitter_title":"PixelPlanet - Preise & Versionen","twitter_site":"@PixelPlanet","twitter_misc":{"Gesch\u00e4tzte Lesezeit":"1\u00a0Minute"},"schema":{"@context":"https:\/\/schema.org","@graph":[{"@type":"WebPage","@id":"https:\/\/www.pixelplanet.com\/de\/pdfgrabber\/preise\/","url":"https:\/\/www.pixelplanet.com\/de\/pdfgrabber\/preise\/","name":"PdfGrabber (Windows) - Infos zu Versionen und Preisen","isPartOf":{"@id":"https:\/\/www.pixelplanet.com\/de\/#website"},"datePublished":"2018-04-10T10:46:51+00:00","dateModified":"2023-10-18T14:33:43+00:00","description":"Hier findest Du Preisinformationen zu den am meisten angefragten PdfGrabber Einzelplatz- und Netzwerk-Lizenzen f\u00fcr Windows. Weitere Preise und Angebote findest Du in unserem Online-Shop. Auch eine Version f\u00fcr macOS!","breadcrumb":{"@id":"https:\/\/www.pixelplanet.com\/de\/pdfgrabber\/preise\/#breadcrumb"},"inLanguage":"de","potentialAction":[{"@type":"ReadAction","target":["https:\/\/www.pixelplanet.com\/de\/pdfgrabber\/preise\/"]}]},{"@type":"BreadcrumbList","@id":"https:\/\/www.pixelplanet.com\/de\/pdfgrabber\/preise\/#breadcrumb","itemListElement":[{"@type":"ListItem","position":1,"name":"Home","item":"https:\/\/www.pixelplanet.com\/de\/home\/"},{"@type":"ListItem","position":2,"name":"PdfGrabber","item":"https:\/\/www.pixelplanet.com\/de\/pdfgrabber\/"},{"@type":"ListItem","position":3,"name":"Preise &#038; Versionen"}]},{"@type":"WebSite","@id":"https:\/\/www.pixelplanet.com\/de\/#website","url":"https:\/\/www.pixelplanet.com\/de\/","name":"PixelPlanet.com - PDF-Software-Shop","description":"Edit, convert, create, merge and split PDF documents on Windows and Mac","publisher":{"@id":"https:\/\/www.pixelplanet.com\/de\/#organization"},"potentialAction":[{"@type":"SearchAction","target":{"@type":"EntryPoint","urlTemplate":"https:\/\/www.pixelplanet.com\/de\/?s={search_term_string}"},"query-input":{"@type":"PropertyValueSpecification","valueRequired":true,"valueName":"search_term_string"}}],"inLanguage":"de"},{"@type":"Organization","@id":"https:\/\/www.pixelplanet.com\/de\/#organization","name":"PixelPlanet","url":"https:\/\/www.pixelplanet.com\/de\/","logo":{"@type":"ImageObject","inLanguage":"de","@id":"https:\/\/www.pixelplanet.com\/de\/#\/schema\/logo\/image\/","url":"https:\/\/www.pixelplanet.com\/wp-content\/uploads\/2016\/12\/PixelPlanet-Logo-540x100.png","contentUrl":"https:\/\/www.pixelplanet.com\/wp-content\/uploads\/2016\/12\/PixelPlanet-Logo-540x100.png","width":540,"height":100,"caption":"PixelPlanet"},"image":{"@id":"https:\/\/www.pixelplanet.com\/de\/#\/schema\/logo\/image\/"},"sameAs":["https:\/\/www.facebook.com\/PixelPlanet","https:\/\/x.com\/PixelPlanet","https:\/\/www.instagram.com\/pixelplanet.software\/","https:\/\/linkedin.com\/company\/pixelplanet-software"]}]}},"_links":{"self":[{"href":"https:\/\/www.pixelplanet.com\/de\/wp-json\/wp\/v2\/pages\/13238","targetHints":{"allow":["GET"]}}],"collection":[{"href":"https:\/\/www.pixelplanet.com\/de\/wp-json\/wp\/v2\/pages"}],"about":[{"href":"https:\/\/www.pixelplanet.com\/de\/wp-json\/wp\/v2\/types\/page"}],"author":[{"embeddable":true,"href":"https:\/\/www.pixelplanet.com\/de\/wp-json\/wp\/v2\/users\/1"}],"replies":[{"embeddable":true,"href":"https:\/\/www.pixelplanet.com\/de\/wp-json\/wp\/v2\/comments?post=13238"}],"version-history":[{"count":0,"href":"https:\/\/www.pixelplanet.com\/de\/wp-json\/wp\/v2\/pages\/13238\/revisions"}],"up":[{"embeddable":true,"href":"https:\/\/www.pixelplanet.com\/de\/wp-json\/wp\/v2\/pages\/13229"}],"wp:attachment":[{"href":"https:\/\/www.pixelplanet.com\/de\/wp-json\/wp\/v2\/media?parent=13238"}],"curies":[{"name":"wp","href":"https:\/\/api.w.org\/{rel}","templated":true}]}}