{"id":13248,"date":"2018-03-01T15:33:01","date_gmt":"2018-03-01T14:33:01","guid":{"rendered":"https:\/\/www.pixelplanet.com\/?page_id=13248"},"modified":"2023-10-18T17:30:05","modified_gmt":"2023-10-18T15:30:05","slug":"lizenzmodelle","status":"publish","type":"page","link":"https:\/\/www.pixelplanet.com\/de\/pdfgrabber\/lizenzmodelle\/","title":{"rendered":"Lizenzmodelle"},"content":{"rendered":"<section class=\"l-section wpb_row us_custom_e11ab399 height_small\"><div class=\"l-section-h i-cf\"><div class=\"g-cols vc_row via_flex valign_middle type_default stacking_default\"><div class=\"vc_col-sm-6 wpb_column vc_column_container\"><div class=\"vc_column-inner\"><div class=\"wpb_wrapper\"><h1 class=\"w-post-elm post_title us_custom_607cd7e8 entry-title color_link_inherit\">Lizenzmodelle<\/h1><\/div><\/div><\/div><div class=\"vc_col-sm-6 wpb_column vc_column_container\"><div class=\"vc_column-inner\"><div class=\"wpb_wrapper\"><nav class=\"g-breadcrumbs us_custom_ea2be81a separator_icon align_right\"><div class=\"g-breadcrumbs-item\"><a href=\"https:\/\/www.pixelplanet.com\/de\/\">Start<\/a><meta content=\"1\"\/><\/div><div class=\"g-breadcrumbs-separator\"><i class=\"far fa-angle-right\"><\/i><\/div><div class=\"g-breadcrumbs-item\">Seiten<\/div><\/nav><\/div><\/div><\/div><\/div><\/div><\/section><section class=\"l-section wpb_row height_medium\"><div class=\"l-section-h i-cf\"><div class=\"g-cols vc_row via_flex valign_middle type_default stacking_default\"><div class=\"vc_col-sm-8 wpb_column vc_column_container\"><div class=\"vc_column-inner\"><div class=\"wpb_wrapper\"><div class=\"w-iconbox iconpos_left style_default color_custom align_left no_text\"><div class=\"w-iconbox-icon\" style=\"font-size:2rem;--icon-color:#1265a8;--icon-bg-color:#ffffff;\"><i class=\"fas fa-user\"><\/i><\/div><div class=\"w-iconbox-meta\"><h3 class=\"w-iconbox-title\">Einzelplatzlizenzen<\/h3><\/div><\/div><div class=\"w-separator size_small\"><\/div><div class=\"wpb_text_column\"><div class=\"wpb_wrapper\"><p>PdfGrabber wird als Einzelplatzlizenz in den Versionen Home, Standard und Professional angeboten. Diese Lizenzen d\u00fcrfen auf einem Rechner installiert und genutzt werden.<\/p>\n<p>Wenn Du PdfGrabber auf mehreren Einzelplatzrechnern betreiben m\u00f6chtest, bieten wir auch stark verg\u00fcnstigte Doppel- und Dreierpacks an.<\/p>\n<p>Einen genauen \u00dcberblick \u00fcber die angebotenen Versionen und Preise erh\u00e4ltst Du in unserem Online-Shop.<\/p>\n<\/div><\/div><div class=\"w-separator size_small\"><\/div><div class=\"w-btn-wrapper align_none\"><a class=\"w-btn us-btn-style_4 us_custom_f73f4019 icon_atleft\" href=\"https:\/\/www.pixelplanet.com\/de\/produkt-kategorie\/pdfgrabber\/\"><i class=\"fas fa-shopping-cart\"><\/i><span class=\"w-btn-label\">Preise + Shop<\/span><\/a><\/div><\/div><\/div><\/div><div class=\"vc_col-sm-4 wpb_column vc_column_container\"><div class=\"vc_column-inner\"><div class=\"wpb_wrapper\"><div class=\"w-image align_center\"><a href=\"https:\/\/www.pixelplanet.com\/de\/produkt-kategorie\/pdfgrabber\/pdfgrabber-windows\/\" aria-label=\"PdfGrabber Boxshot (Windows)\" class=\"w-image-h\"><img decoding=\"async\" width=\"312\" height=\"380\" src=\"https:\/\/www.pixelplanet.com\/wp-content\/uploads\/2017\/10\/PdfGrabber-Boxshot-Windows-ENU.png\" class=\"attachment-large size-large\" alt=\"\" loading=\"lazy\" \/><\/a><\/div><\/div><\/div><\/div><\/div><\/div><\/section><section class=\"l-section wpb_row height_medium color_alternate\"><div class=\"l-section-h i-cf\"><div class=\"g-cols vc_row via_flex valign_middle type_default stacking_default\"><div class=\"vc_col-sm-4 wpb_column vc_column_container\"><div class=\"vc_column-inner\"><div class=\"wpb_wrapper\"><div class=\"w-image align_center\"><a href=\"https:\/\/www.pixelplanet.com\/de\/produkt\/pdfgrabber-net\/\" aria-label=\"Boxshot: PdfGrabber Netzwerklizenz (Windows)\" class=\"w-image-h\"><img decoding=\"async\" width=\"312\" height=\"380\" src=\"https:\/\/www.pixelplanet.com\/wp-content\/uploads\/2017\/10\/PdfGrabber-Boxshot-Windows-Netzwerk-ENU.png\" class=\"attachment-large size-large\" alt=\"Boxshot: PdfGrabber Netzwerklizenz (Windows)\" loading=\"lazy\" srcset=\"https:\/\/www.pixelplanet.com\/wp-content\/uploads\/2017\/10\/PdfGrabber-Boxshot-Windows-Netzwerk-ENU.png 312w, https:\/\/www.pixelplanet.com\/wp-content\/uploads\/2017\/10\/PdfGrabber-Boxshot-Windows-Netzwerk-ENU-246x300.png 246w\" sizes=\"auto, (max-width: 312px) 100vw, 312px\" \/><\/a><\/div><\/div><\/div><\/div><div class=\"vc_col-sm-8 wpb_column vc_column_container\"><div class=\"vc_column-inner\"><div class=\"wpb_wrapper\"><div class=\"w-iconbox iconpos_left style_default color_custom align_left no_text\"><div class=\"w-iconbox-icon\" style=\"font-size:2rem;--icon-color:#1265a8;--icon-bg-color:#ffffff;\"><i class=\"fas fa-users\"><\/i><\/div><div class=\"w-iconbox-meta\"><h3 class=\"w-iconbox-title\">Mehrplatz-\/Netzwerklizenzen<\/h3><\/div><\/div><div class=\"w-separator size_small\"><\/div><div class=\"wpb_text_column\"><div class=\"wpb_wrapper\"><p>PdfGrabber Professional bieten wir auch als Netzwerklizenz an. Diese Lizenz gestattet die Installation und gleichzeitige Benutzung (concurrent user) von PdfGrabber-Clients in einem Netzwerk (LAN).<\/p>\n<p>Netzwerklizenzen lassen sich per Softwareverteilung in einem Netzwerk ausrollen oder installiere PdfGrabber auf einem File-Server in deinem Intranet und gib das Installationsverzeichnis den betreffenden Benutzern zum Start der Anwendung frei.<\/p>\n<p>Beachte bitte, dass die maximale Anzahl gleichzeitiger User deiner Lizenz entspricht (Concurrent Users).<\/p>\n<p>Wenn Du beispielsweise eine 5 Benutzer-Netzwerklizenz einsetzst, d\u00fcrfen insgesamt 5 Benutzer die Software gleichzeitig starten. Startet ein weiterer Benutzer die Anwendung, erh\u00e4lt dieser einen Hinweis und kann die Software erst verwenden, wenn eine der aktuell ge\u00f6ffneten 5 Anwendungen geschlossen wurde.<\/p>\n<p>Nat\u00fcrlich lassen sich Netzwerklizenzen sp\u00e4ter auch um weitere Benutzer erg\u00e4nzen.<\/p>\n<p>Einen genauen \u00dcberblick \u00fcber die angebotenen Versionen und Preise findest Du in unserem Shop.<\/p>\n<\/div><\/div><div class=\"w-separator size_small\"><\/div><div class=\"w-btn-wrapper align_none\"><a class=\"w-btn us-btn-style_4 us_custom_f73f4019 icon_atleft\" href=\"https:\/\/www.pixelplanet.com\/de\/produkt\/pdfgrabber-net\/\"><i class=\"fas fa-shopping-cart\"><\/i><span class=\"w-btn-label\">Preise + Shop<\/span><\/a><\/div><\/div><\/div><\/div><\/div><\/div><\/section><section class=\"l-section wpb_row height_medium\"><div class=\"l-section-h i-cf\"><div class=\"g-cols vc_row via_flex valign_middle type_default stacking_default\"><div class=\"vc_col-sm-8 wpb_column vc_column_container\"><div class=\"vc_column-inner\"><div class=\"wpb_wrapper\"><div class=\"w-iconbox iconpos_left style_default color_custom align_left no_text\"><div class=\"w-iconbox-icon\" style=\"font-size:2rem;--icon-color:#1265a8;--icon-bg-color:#ffffff;\"><i class=\"fas fa-gift\"><\/i><\/div><div class=\"w-iconbox-meta\"><h3 class=\"w-iconbox-title\">Bundle Angebote<\/h3><\/div><\/div><div class=\"w-separator size_small\"><\/div><div class=\"wpb_text_column\"><div class=\"wpb_wrapper\"><p>PdfGrabber im g\u00fcnstigen Paket mit unseren anderen PdfTools.<\/p>\n<p><strong>PdfGrabber<\/strong> Einzelplatz- und Netzwerklizenzen bieten wir zu verg\u00fcnstigten Konditionen auch als Bundle bzw. Suite <strong>zusammen mit<\/strong> unseren PDF-Tools <strong>PdfEditor<\/strong> und <strong>PdfCrypter<\/strong> an.<\/p>\n<p>Einen genauen \u00dcberblick \u00fcber die angebotenen Versionen und Preise findest Du in unserem Shop.<\/p>\n<\/div><\/div><div class=\"w-separator size_small\"><\/div><div class=\"w-btn-wrapper align_none\"><a class=\"w-btn us-btn-style_4 us_custom_f73f4019 icon_atleft\" href=\"https:\/\/www.pixelplanet.com\/de\/pdftools-bundle-suite-angebote\/\"><i class=\"fas fa-shopping-cart\"><\/i><span class=\"w-btn-label\">Preise + Shop<\/span><\/a><\/div><\/div><\/div><\/div><div class=\"vc_col-sm-4 wpb_column vc_column_container\"><div class=\"vc_column-inner\"><div class=\"wpb_wrapper\"><div class=\"w-image align_center\"><a href=\"https:\/\/www.pixelplanet.com\/de\/pdftools-bundle-suite-angebote\/\" aria-label=\"Suite-Boxshot (PdfEditor, PdfGrabber, PdfCrypter)\" class=\"w-image-h\"><img decoding=\"async\" width=\"312\" height=\"380\" src=\"https:\/\/www.pixelplanet.com\/wp-content\/uploads\/2017\/11\/Suite-Boxshot-DEU.png\" class=\"attachment-large size-large\" alt=\"\" loading=\"lazy\" srcset=\"https:\/\/www.pixelplanet.com\/wp-content\/uploads\/2017\/11\/Suite-Boxshot-DEU.png 312w, https:\/\/www.pixelplanet.com\/wp-content\/uploads\/2017\/11\/Suite-Boxshot-DEU-246x300.png 246w\" sizes=\"auto, (max-width: 312px) 100vw, 312px\" \/><\/a><\/div><\/div><\/div><\/div><\/div><\/div><\/section><section class=\"l-section wpb_row us_custom_2d431bcd has_text_color height_medium\"><div class=\"l-section-h i-cf\"><div class=\"g-cols vc_row via_flex valign_top type_default stacking_default\"><div class=\"vc_col-sm-12 wpb_column vc_column_container\"><div class=\"vc_column-inner\"><div class=\"wpb_wrapper\"><div class=\"w-actionbox us_custom_02dcaa50 color_primary controls_right\"><div class=\"w-actionbox-text\"><h2 class=\"w-actionbox-title\">PdfGrabber kostenlos testen!<\/h2><div class=\"w-actionbox-description\"><p>Die Testversion enth\u00e4lt alle Features von PdfGrabber Professional, f\u00fcgt aber &#8218;X&#8216;-Zeichen an zuf\u00e4lliger Stelle in die exportierten Texte ein. Grafiken und Bilder erhalten ein Wasserzeichen. CAD-Dateien werden nur zu 2\/3 exportiert. Diese Einschr\u00e4nkungen entfallen selbstverst\u00e4ndlich durch die Freischaltung zur Vollversion.<\/p>\n<\/div><\/div><div class=\"w-actionbox-controls\"><a class=\"w-btn us-btn-style_8 icon_atleft\" style=\"font-size:16px\" href=\"https:\/\/www.pixelplanet.com\/de\/pdfgrabber\/herunterladen\/\"><i class=\"fas fa-download\"><\/i><span class=\"w-btn-label\">Jetzt testen<\/span><\/a><\/div><\/div><\/div><\/div><\/div><\/div><\/div><\/section>\n","protected":false},"excerpt":{"rendered":"LizenzmodelleStartSeitenEinzelplatzlizenzenPdfGrabber wird als Einzelplatzlizenz in den Versionen Home, Standard und Professional angeboten. Diese Lizenzen d\u00fcrfen auf einem Rechner installiert und genutzt werden. Wenn Du PdfGrabber auf mehreren Einzelplatzrechnern betreiben m\u00f6chtest, bieten wir auch stark verg\u00fcnstigte Doppel- und Dreierpacks an. Einen genauen \u00dcberblick \u00fcber die angebotenen Versionen und Preise erh\u00e4ltst Du in unserem Online-Shop. Preise +...","protected":false},"author":1,"featured_media":0,"parent":13229,"menu_order":4,"comment_status":"closed","ping_status":"closed","template":"","meta":{"footnotes":""},"class_list":["post-13248","page","type-page","status-publish","hentry"],"yoast_head":"<!-- This site is optimized with the Yoast SEO Premium plugin v27.3 (Yoast SEO v27.3) - https:\/\/yoast.com\/product\/yoast-seo-premium-wordpress\/ -->\n<title>PdfGrabber: Angebotene Lizenzmodelle im \u00dcberblick<\/title>\n<meta name=\"description\" content=\"PdfGrabber gibt es in verschiedenen Versionen mit unterschiedlichen Leistungsmerkmalen. Ferner bieten wir Einzelplatzlizenzen und Mehrbenutzer- bzw. Netzwerklizenzen an. PdfGrabber gibt es \u00fcbrigens f\u00fcr Windows und Mac!\" \/>\n<meta name=\"robots\" content=\"index, follow, max-snippet:-1, max-image-preview:large, max-video-preview:-1\" \/>\n<link rel=\"canonical\" href=\"https:\/\/www.pixelplanet.com\/de\/pdfgrabber\/lizenzmodelle\/\" \/>\n<meta property=\"og:locale\" content=\"de_DE\" \/>\n<meta property=\"og:type\" content=\"article\" \/>\n<meta property=\"og:title\" content=\"PdfGrabber Lizenzmodelle (Windows version)\" \/>\n<meta property=\"og:description\" content=\"PdfGrabber gibt es in verschiedenen Versionen mit unterschiedlichen Leistungsmerkmalen. Ferner bieten wir Einzelplatzlizenzen und Mehrbenutzer- bzw. Netzwerklizenzen an. PdfGrabber gibt es \u00fcbrigens f\u00fcr Windows und Mac!\" \/>\n<meta property=\"og:url\" content=\"https:\/\/www.pixelplanet.com\/de\/pdfgrabber\/lizenzmodelle\/\" \/>\n<meta property=\"og:site_name\" content=\"PixelPlanet.com - PDF-Software-Shop\" \/>\n<meta property=\"article:publisher\" content=\"https:\/\/www.facebook.com\/PixelPlanet\" \/>\n<meta property=\"article:modified_time\" content=\"2023-10-18T15:30:05+00:00\" \/>\n<meta property=\"og:image\" content=\"https:\/\/www.pixelplanet.com\/wp-content\/uploads\/2018\/02\/FaceBook-Homepage-DE-1200x630.jpg\" \/>\n\t<meta property=\"og:image:width\" content=\"1200\" \/>\n\t<meta property=\"og:image:height\" content=\"630\" \/>\n\t<meta property=\"og:image:type\" content=\"image\/jpeg\" \/>\n<meta name=\"twitter:card\" content=\"summary_large_image\" \/>\n<meta name=\"twitter:title\" content=\"PixelPlanet - Lizenzmodelle\" \/>\n<meta name=\"twitter:site\" content=\"@PixelPlanet\" \/>\n<meta name=\"twitter:label1\" content=\"Gesch\u00e4tzte Lesezeit\" \/>\n\t<meta name=\"twitter:data1\" content=\"3\u00a0Minuten\" \/>\n<script type=\"application\/ld+json\" class=\"yoast-schema-graph\">{\"@context\":\"https:\\\/\\\/schema.org\",\"@graph\":[{\"@type\":\"WebPage\",\"@id\":\"https:\\\/\\\/www.pixelplanet.com\\\/de\\\/pdfgrabber\\\/lizenzmodelle\\\/\",\"url\":\"https:\\\/\\\/www.pixelplanet.com\\\/de\\\/pdfgrabber\\\/lizenzmodelle\\\/\",\"name\":\"PdfGrabber: Angebotene Lizenzmodelle im \u00dcberblick\",\"isPartOf\":{\"@id\":\"https:\\\/\\\/www.pixelplanet.com\\\/de\\\/#website\"},\"datePublished\":\"2018-03-01T14:33:01+00:00\",\"dateModified\":\"2023-10-18T15:30:05+00:00\",\"description\":\"PdfGrabber gibt es in verschiedenen Versionen mit unterschiedlichen Leistungsmerkmalen. Ferner bieten wir Einzelplatzlizenzen und Mehrbenutzer- bzw. Netzwerklizenzen an. PdfGrabber gibt es \u00fcbrigens f\u00fcr Windows und Mac!\",\"breadcrumb\":{\"@id\":\"https:\\\/\\\/www.pixelplanet.com\\\/de\\\/pdfgrabber\\\/lizenzmodelle\\\/#breadcrumb\"},\"inLanguage\":\"de\",\"potentialAction\":[{\"@type\":\"ReadAction\",\"target\":[\"https:\\\/\\\/www.pixelplanet.com\\\/de\\\/pdfgrabber\\\/lizenzmodelle\\\/\"]}]},{\"@type\":\"BreadcrumbList\",\"@id\":\"https:\\\/\\\/www.pixelplanet.com\\\/de\\\/pdfgrabber\\\/lizenzmodelle\\\/#breadcrumb\",\"itemListElement\":[{\"@type\":\"ListItem\",\"position\":1,\"name\":\"Home\",\"item\":\"https:\\\/\\\/www.pixelplanet.com\\\/de\\\/home\\\/\"},{\"@type\":\"ListItem\",\"position\":2,\"name\":\"PdfGrabber\",\"item\":\"https:\\\/\\\/www.pixelplanet.com\\\/de\\\/pdfgrabber\\\/\"},{\"@type\":\"ListItem\",\"position\":3,\"name\":\"Lizenzmodelle\"}]},{\"@type\":\"WebSite\",\"@id\":\"https:\\\/\\\/www.pixelplanet.com\\\/de\\\/#website\",\"url\":\"https:\\\/\\\/www.pixelplanet.com\\\/de\\\/\",\"name\":\"PixelPlanet.com - PDF-Software-Shop\",\"description\":\"Edit, convert, create, merge and split PDF documents on Windows and Mac\",\"publisher\":{\"@id\":\"https:\\\/\\\/www.pixelplanet.com\\\/de\\\/#organization\"},\"potentialAction\":[{\"@type\":\"SearchAction\",\"target\":{\"@type\":\"EntryPoint\",\"urlTemplate\":\"https:\\\/\\\/www.pixelplanet.com\\\/de\\\/?s={search_term_string}\"},\"query-input\":{\"@type\":\"PropertyValueSpecification\",\"valueRequired\":true,\"valueName\":\"search_term_string\"}}],\"inLanguage\":\"de\"},{\"@type\":\"Organization\",\"@id\":\"https:\\\/\\\/www.pixelplanet.com\\\/de\\\/#organization\",\"name\":\"PixelPlanet\",\"url\":\"https:\\\/\\\/www.pixelplanet.com\\\/de\\\/\",\"logo\":{\"@type\":\"ImageObject\",\"inLanguage\":\"de\",\"@id\":\"https:\\\/\\\/www.pixelplanet.com\\\/de\\\/#\\\/schema\\\/logo\\\/image\\\/\",\"url\":\"https:\\\/\\\/www.pixelplanet.com\\\/wp-content\\\/uploads\\\/2016\\\/12\\\/PixelPlanet-Logo-540x100.png\",\"contentUrl\":\"https:\\\/\\\/www.pixelplanet.com\\\/wp-content\\\/uploads\\\/2016\\\/12\\\/PixelPlanet-Logo-540x100.png\",\"width\":540,\"height\":100,\"caption\":\"PixelPlanet\"},\"image\":{\"@id\":\"https:\\\/\\\/www.pixelplanet.com\\\/de\\\/#\\\/schema\\\/logo\\\/image\\\/\"},\"sameAs\":[\"https:\\\/\\\/www.facebook.com\\\/PixelPlanet\",\"https:\\\/\\\/x.com\\\/PixelPlanet\",\"https:\\\/\\\/www.instagram.com\\\/pixelplanet.software\\\/\",\"https:\\\/\\\/linkedin.com\\\/company\\\/pixelplanet-software\"]}]}<\/script>\n<!-- \/ Yoast SEO Premium plugin. -->","yoast_head_json":{"title":"PdfGrabber: Angebotene Lizenzmodelle im \u00dcberblick","description":"PdfGrabber gibt es in verschiedenen Versionen mit unterschiedlichen Leistungsmerkmalen. Ferner bieten wir Einzelplatzlizenzen und Mehrbenutzer- bzw. Netzwerklizenzen an. PdfGrabber gibt es \u00fcbrigens f\u00fcr Windows und Mac!","robots":{"index":"index","follow":"follow","max-snippet":"max-snippet:-1","max-image-preview":"max-image-preview:large","max-video-preview":"max-video-preview:-1"},"canonical":"https:\/\/www.pixelplanet.com\/de\/pdfgrabber\/lizenzmodelle\/","og_locale":"de_DE","og_type":"article","og_title":"PdfGrabber Lizenzmodelle (Windows version)","og_description":"PdfGrabber gibt es in verschiedenen Versionen mit unterschiedlichen Leistungsmerkmalen. Ferner bieten wir Einzelplatzlizenzen und Mehrbenutzer- bzw. Netzwerklizenzen an. PdfGrabber gibt es \u00fcbrigens f\u00fcr Windows und Mac!","og_url":"https:\/\/www.pixelplanet.com\/de\/pdfgrabber\/lizenzmodelle\/","og_site_name":"PixelPlanet.com - PDF-Software-Shop","article_publisher":"https:\/\/www.facebook.com\/PixelPlanet","article_modified_time":"2023-10-18T15:30:05+00:00","og_image":[{"width":1200,"height":630,"url":"https:\/\/www.pixelplanet.com\/wp-content\/uploads\/2018\/02\/FaceBook-Homepage-DE-1200x630.jpg","type":"image\/jpeg"}],"twitter_card":"summary_large_image","twitter_title":"PixelPlanet - Lizenzmodelle","twitter_site":"@PixelPlanet","twitter_misc":{"Gesch\u00e4tzte Lesezeit":"3\u00a0Minuten"},"schema":{"@context":"https:\/\/schema.org","@graph":[{"@type":"WebPage","@id":"https:\/\/www.pixelplanet.com\/de\/pdfgrabber\/lizenzmodelle\/","url":"https:\/\/www.pixelplanet.com\/de\/pdfgrabber\/lizenzmodelle\/","name":"PdfGrabber: Angebotene Lizenzmodelle im \u00dcberblick","isPartOf":{"@id":"https:\/\/www.pixelplanet.com\/de\/#website"},"datePublished":"2018-03-01T14:33:01+00:00","dateModified":"2023-10-18T15:30:05+00:00","description":"PdfGrabber gibt es in verschiedenen Versionen mit unterschiedlichen Leistungsmerkmalen. Ferner bieten wir Einzelplatzlizenzen und Mehrbenutzer- bzw. Netzwerklizenzen an. PdfGrabber gibt es \u00fcbrigens f\u00fcr Windows und Mac!","breadcrumb":{"@id":"https:\/\/www.pixelplanet.com\/de\/pdfgrabber\/lizenzmodelle\/#breadcrumb"},"inLanguage":"de","potentialAction":[{"@type":"ReadAction","target":["https:\/\/www.pixelplanet.com\/de\/pdfgrabber\/lizenzmodelle\/"]}]},{"@type":"BreadcrumbList","@id":"https:\/\/www.pixelplanet.com\/de\/pdfgrabber\/lizenzmodelle\/#breadcrumb","itemListElement":[{"@type":"ListItem","position":1,"name":"Home","item":"https:\/\/www.pixelplanet.com\/de\/home\/"},{"@type":"ListItem","position":2,"name":"PdfGrabber","item":"https:\/\/www.pixelplanet.com\/de\/pdfgrabber\/"},{"@type":"ListItem","position":3,"name":"Lizenzmodelle"}]},{"@type":"WebSite","@id":"https:\/\/www.pixelplanet.com\/de\/#website","url":"https:\/\/www.pixelplanet.com\/de\/","name":"PixelPlanet.com - PDF-Software-Shop","description":"Edit, convert, create, merge and split PDF documents on Windows and Mac","publisher":{"@id":"https:\/\/www.pixelplanet.com\/de\/#organization"},"potentialAction":[{"@type":"SearchAction","target":{"@type":"EntryPoint","urlTemplate":"https:\/\/www.pixelplanet.com\/de\/?s={search_term_string}"},"query-input":{"@type":"PropertyValueSpecification","valueRequired":true,"valueName":"search_term_string"}}],"inLanguage":"de"},{"@type":"Organization","@id":"https:\/\/www.pixelplanet.com\/de\/#organization","name":"PixelPlanet","url":"https:\/\/www.pixelplanet.com\/de\/","logo":{"@type":"ImageObject","inLanguage":"de","@id":"https:\/\/www.pixelplanet.com\/de\/#\/schema\/logo\/image\/","url":"https:\/\/www.pixelplanet.com\/wp-content\/uploads\/2016\/12\/PixelPlanet-Logo-540x100.png","contentUrl":"https:\/\/www.pixelplanet.com\/wp-content\/uploads\/2016\/12\/PixelPlanet-Logo-540x100.png","width":540,"height":100,"caption":"PixelPlanet"},"image":{"@id":"https:\/\/www.pixelplanet.com\/de\/#\/schema\/logo\/image\/"},"sameAs":["https:\/\/www.facebook.com\/PixelPlanet","https:\/\/x.com\/PixelPlanet","https:\/\/www.instagram.com\/pixelplanet.software\/","https:\/\/linkedin.com\/company\/pixelplanet-software"]}]}},"_links":{"self":[{"href":"https:\/\/www.pixelplanet.com\/de\/wp-json\/wp\/v2\/pages\/13248","targetHints":{"allow":["GET"]}}],"collection":[{"href":"https:\/\/www.pixelplanet.com\/de\/wp-json\/wp\/v2\/pages"}],"about":[{"href":"https:\/\/www.pixelplanet.com\/de\/wp-json\/wp\/v2\/types\/page"}],"author":[{"embeddable":true,"href":"https:\/\/www.pixelplanet.com\/de\/wp-json\/wp\/v2\/users\/1"}],"replies":[{"embeddable":true,"href":"https:\/\/www.pixelplanet.com\/de\/wp-json\/wp\/v2\/comments?post=13248"}],"version-history":[{"count":0,"href":"https:\/\/www.pixelplanet.com\/de\/wp-json\/wp\/v2\/pages\/13248\/revisions"}],"up":[{"embeddable":true,"href":"https:\/\/www.pixelplanet.com\/de\/wp-json\/wp\/v2\/pages\/13229"}],"wp:attachment":[{"href":"https:\/\/www.pixelplanet.com\/de\/wp-json\/wp\/v2\/media?parent=13248"}],"curies":[{"name":"wp","href":"https:\/\/api.w.org\/{rel}","templated":true}]}}