{"id":13604,"date":"2018-05-28T15:26:47","date_gmt":"2018-05-28T13:26:47","guid":{"rendered":"https:\/\/www.pixelplanet.com\/?page_id=13604"},"modified":"2023-04-28T15:38:58","modified_gmt":"2023-04-28T13:38:58","slug":"updates","status":"publish","type":"page","link":"https:\/\/www.pixelplanet.com\/de\/pdfgrabber\/support\/updates\/","title":{"rendered":"Updates &amp; Korrekturen"},"content":{"rendered":"<section class=\"l-section wpb_row us_custom_e11ab399 height_small\"><div class=\"l-section-h i-cf\"><div class=\"g-cols vc_row via_flex valign_middle type_default stacking_default\"><div class=\"vc_col-sm-6 wpb_column vc_column_container\"><div class=\"vc_column-inner\"><div class=\"wpb_wrapper\"><h1 class=\"w-post-elm post_title us_custom_607cd7e8 entry-title color_link_inherit\">Updates &amp; Korrekturen<\/h1><\/div><\/div><\/div><div class=\"vc_col-sm-6 wpb_column vc_column_container\"><div class=\"vc_column-inner\"><div class=\"wpb_wrapper\"><nav class=\"g-breadcrumbs us_custom_ea2be81a separator_icon align_right\"><div class=\"g-breadcrumbs-item\"><a href=\"https:\/\/www.pixelplanet.com\/de\/\">Start<\/a><meta content=\"1\"\/><\/div><div class=\"g-breadcrumbs-separator\"><i class=\"far fa-angle-right\"><\/i><\/div><div class=\"g-breadcrumbs-item\">Seiten<\/div><\/nav><\/div><\/div><\/div><\/div><\/div><\/section><section class=\"l-section wpb_row height_auto\"><div class=\"l-section-h i-cf\"><div class=\"g-cols vc_row via_flex valign_middle type_default stacking_default\"><div class=\"vc_col-sm-12 wpb_column vc_column_container\"><div class=\"vc_column-inner\"><div class=\"wpb_wrapper\"><div class=\"wpb_text_column\"><div class=\"wpb_wrapper\"><p style=\"text-align: right;\"><a class=\"blue\" href=\"https:\/\/www.pixelplanet.com\/de\/pdfgrabber-mac\/support\/updates\/\"><small>Suchst Du die MAC Version?<\/small><\/a><\/p>\n<\/div><\/div><\/div><\/div><\/div><\/div><\/div><\/section><section class=\"l-section wpb_row height_medium\"><div class=\"l-section-h i-cf\"><div class=\"g-cols vc_row via_flex valign_top type_default stacking_default\"><div class=\"vc_col-sm-6 wpb_column vc_column_container\"><div class=\"vc_column-inner\"><div class=\"wpb_wrapper\"><div class=\"wpb_text_column\"><div class=\"wpb_wrapper\"><h2>Updates f\u00fcr PdfGrabber 9<\/h2>\n<p>Die folgenden Updates sind f\u00fcr Benutzer der aktuellen PdfGrabber Version 9 (Windows) verf\u00fcgbar:<\/p>\n<ul class=\"fa-ul\">\n<li><i class=\"fas fa-li fa-comment blue\"><\/i> Version: 9.0.0.16<\/li>\n<li><i class=\"fab fa-li fa-windows blue\"><\/i> F\u00fcr Windows 11, 10, 8, 7<\/li>\n<li><i class=\"fas fa-li fa-exclamation blue\"><\/i> F\u00fcr die Installation des Updates muss PdfGrabber 9 bereits auf dem System vorhanden sein!<\/li>\n<\/ul>\n<\/div><\/div><div class=\"w-btn-wrapper align_none\"><a class=\"w-btn us-btn-style_4 us_custom_f73f4019 icon_atleft\" href=\"https:\/\/www.pixelplanet.com\/download\/PdfGrabber\/PdfGrabber_9_Update_DEU.exe\"><i class=\"fab fa-windows\"><\/i><span class=\"w-btn-label\">Update herunterladen<\/span><\/a><\/div><div class=\"w-btn-wrapper align_none hide_on_default hide_on_laptops hide_on_tablets hide_on_mobiles\"><a class=\"w-btn us-btn-style_8 us_custom_f73f4019 text_none icon_atleft\" href=\"https:\/\/www.pixelplanet.com\/de\/pdfgrabber\/support\/versionshinweise\/\" aria-label=\"Button\"><i class=\"fas fa-question-circle\"><\/i><\/a><\/div><div class=\"wpb_text_column\"><div class=\"wpb_wrapper\"><p><a class=\"blue\" href=\"https:\/\/www.pixelplanet.com\/de\/pdfgrabber-mac\/support\/updates\/\"><small>Suchst Du die MAC Version?<\/small><\/a><\/p>\n<\/div><\/div><div class=\"wpb_text_column\"><div class=\"wpb_wrapper\"><p><strong>SHA256:<\/strong> <a class=\"blue\" href=\"https:\/\/www.pixelplanet.com\/de\/support\/digitale-signatur-pruefen\/\">384a912c71675fbb210b2395770ec8417f8bf525<\/a><\/p>\n<\/div><\/div><div class=\"wpb_text_column\"><div class=\"wpb_wrapper\"><p><small><a class=\"blue\" href=\"https:\/\/www.pixelplanet.com\/download\/PdfGrabber\/PdfGrabber_9_Update_DEU.msi\"><i class=\"fas fa-download\"><\/i> Update als <strong>MSI-Installationsdatei<\/strong> herunterladen<\/a><br \/>\nEmpfohlen zum Update einer Netzwerklizenz per Softwareverteilung.<\/small><\/p>\n<\/div><\/div><\/div><\/div><\/div><div class=\"vc_col-sm-6 wpb_column vc_column_container\"><div class=\"vc_column-inner\"><div class=\"wpb_wrapper\"><div class=\"w-image align_none\"><div class=\"w-image-h\"><img decoding=\"async\" width=\"1024\" height=\"1024\" src=\"https:\/\/www.pixelplanet.com\/wp-content\/uploads\/2018\/02\/Download-1024x1024.jpg\" class=\"attachment-large size-large\" alt=\"\" loading=\"lazy\" srcset=\"https:\/\/www.pixelplanet.com\/wp-content\/uploads\/2018\/02\/Download-1024x1024.jpg 1024w, https:\/\/www.pixelplanet.com\/wp-content\/uploads\/2018\/02\/Download-1024x1024-150x150.jpg 150w, https:\/\/www.pixelplanet.com\/wp-content\/uploads\/2018\/02\/Download-1024x1024-312x312.jpg 312w, https:\/\/www.pixelplanet.com\/wp-content\/uploads\/2018\/02\/Download-1024x1024-300x300.jpg 300w, https:\/\/www.pixelplanet.com\/wp-content\/uploads\/2018\/02\/Download-1024x1024-768x768.jpg 768w, https:\/\/www.pixelplanet.com\/wp-content\/uploads\/2018\/02\/Download-1024x1024-350x350.jpg 350w, https:\/\/www.pixelplanet.com\/wp-content\/uploads\/2018\/02\/Download-1024x1024-600x600.jpg 600w\" sizes=\"auto, (max-width: 1024px) 100vw, 1024px\" \/><\/div><\/div><\/div><\/div><\/div><\/div><\/div><\/section><section class=\"l-section wpb_row height_medium color_alternate\"><div class=\"l-section-h i-cf\"><div class=\"g-cols vc_row via_flex valign_top type_default stacking_default\"><div class=\"vc_col-sm-6 wpb_column vc_column_container\"><div class=\"vc_column-inner\"><div class=\"wpb_wrapper\"><div class=\"w-image align_none\"><div class=\"w-image-h\"><img decoding=\"async\" width=\"1024\" height=\"1024\" src=\"https:\/\/www.pixelplanet.com\/wp-content\/uploads\/2018\/05\/Hund-mit-Maske-1024x1024.jpg\" class=\"attachment-large size-large\" alt=\"Aus Alt mach Neu: hier findest Du Updates f\u00fcr eine \u00e4ltere Version\" loading=\"lazy\" srcset=\"https:\/\/www.pixelplanet.com\/wp-content\/uploads\/2018\/05\/Hund-mit-Maske-1024x1024.jpg 1024w, https:\/\/www.pixelplanet.com\/wp-content\/uploads\/2018\/05\/Hund-mit-Maske-1024x1024-150x150.jpg 150w, https:\/\/www.pixelplanet.com\/wp-content\/uploads\/2018\/05\/Hund-mit-Maske-1024x1024-312x312.jpg 312w, https:\/\/www.pixelplanet.com\/wp-content\/uploads\/2018\/05\/Hund-mit-Maske-1024x1024-300x300.jpg 300w, https:\/\/www.pixelplanet.com\/wp-content\/uploads\/2018\/05\/Hund-mit-Maske-1024x1024-768x768.jpg 768w, https:\/\/www.pixelplanet.com\/wp-content\/uploads\/2018\/05\/Hund-mit-Maske-1024x1024-350x350.jpg 350w, https:\/\/www.pixelplanet.com\/wp-content\/uploads\/2018\/05\/Hund-mit-Maske-1024x1024-600x600.jpg 600w\" sizes=\"auto, (max-width: 1024px) 100vw, 1024px\" \/><\/div><\/div><\/div><\/div><\/div><div class=\"vc_col-sm-6 wpb_column vc_column_container\"><div class=\"vc_column-inner\"><div class=\"wpb_wrapper\"><div class=\"wpb_text_column\"><div class=\"wpb_wrapper\"><h2>\u00c4ltere Versionen (1.0 &#8211; 8.0)<\/h2>\n<p>PdfGrabber wird laufend weiterentwickelt. Wenn Du von einer \u00e4lteren Version (1.0 bis 8.0) auf den aktuellen PdfGrabber 9.0 upgraden willst, lade bitte im Downloadbereich die zu deinem Betriebssystem passende Installationsdatei herunter und bestelle \u00fcber unseren Update-Shop eine Lizenz.<\/p>\n<p>Als Stammkunde erh\u00e4ltst Du Update-Lizenzen nat\u00fcrlich zum stark reduzierten Update-Preis!<\/p>\n<\/div><\/div><div class=\"w-btn-wrapper align_none\"><a class=\"w-btn us-btn-style_4 us_custom_f73f4019 icon_atleft\" href=\"https:\/\/www.pixelplanet.com\/de\/lizenzpruefung\/\"><i class=\"fas fa-rocket\"><\/i><span class=\"w-btn-label\">zum Update-Shop&#8230;<\/span><\/a><\/div><div class=\"w-btn-wrapper align_none\"><a class=\"w-btn us-btn-style_8 us_custom_f73f4019 icon_atleft\" href=\"https:\/\/www.pixelplanet.com\/de\/pdfgrabber\/herunterladen\/\"><i class=\"fas fa-download\"><\/i><span class=\"w-btn-label\">PdfGrabber 9 herunterladen<\/span><\/a><\/div><\/div><\/div><\/div><\/div><\/div><\/section><section class=\"l-section wpb_row us_custom_2d431bcd has_text_color height_medium\"><div class=\"l-section-h i-cf\"><div class=\"g-cols vc_row via_flex valign_top type_default stacking_default\"><div class=\"vc_col-sm-12 wpb_column vc_column_container\"><div class=\"vc_column-inner\"><div class=\"wpb_wrapper\"><div class=\"w-actionbox us_custom_a99bd6bc color_custom controls_right\"><div class=\"w-actionbox-text\"><h2 class=\"w-actionbox-title\">Aus Alt mach Neu<\/h2><div class=\"w-actionbox-description\"><p>Wenn Du eine Vorg\u00e4ngerversion (1 &#8211; 8) auf die aktuelle PdfGrabber Version 9 umstellen m\u00f6chtest, besuche einfach unseren Update-Shop. Hier findest Du verg\u00fcnstigte Update-Angebote f\u00fcr Bestandskunden.<\/p>\n<p>Hinweis: Die Vorg\u00e4ngerversion muss f\u00fcr ein Update nicht installiert sein!<\/p>\n<\/div><\/div><div class=\"w-actionbox-controls\"><a class=\"w-btn us-btn-style_6 icon_atleft\" style=\"font-size:16px\" href=\"https:\/\/www.pixelplanet.com\/de\/lizenzpruefung\/\"><i class=\"fas fa-download\"><\/i><span class=\"w-btn-label\">Updates f\u00fcr 1.0 &#8211; 8.0<\/span><\/a><\/div><\/div><\/div><\/div><\/div><\/div><\/div><\/section>\n","protected":false},"excerpt":{"rendered":"Updates &amp; KorrekturenStartSeitenSuchst Du die MAC Version? Updates f\u00fcr PdfGrabber 9 Die folgenden Updates sind f\u00fcr Benutzer der aktuellen PdfGrabber Version 9 (Windows) verf\u00fcgbar: Version: 9.0.0.16 F\u00fcr Windows 11, 10, 8, 7 F\u00fcr die Installation des Updates muss PdfGrabber 9 bereits auf dem System vorhanden sein! Update herunterladenSuchst Du die MAC Version? SHA256: 384a912c71675fbb210b2395770ec8417f8bf525 Update...","protected":false},"author":1,"featured_media":0,"parent":13593,"menu_order":2,"comment_status":"closed","ping_status":"closed","template":"","meta":{"footnotes":""},"class_list":["post-13604","page","type-page","status-publish","hentry"],"yoast_head":"<!-- This site is optimized with the Yoast SEO Premium plugin v27.4 (Yoast SEO v27.4) - https:\/\/yoast.com\/product\/yoast-seo-premium-wordpress\/ -->\n<title>Aktualisierungen und Updates f\u00fcr PdfGrabber herunterladen<\/title>\n<meta name=\"description\" content=\"Hier findest Du Aktualisierungen und Updates f\u00fcr die jeweils aktuelle Version der PDF-Konverter-Software &quot;PdfGrabber&quot; (Windows).\" \/>\n<meta name=\"robots\" content=\"index, follow, max-snippet:-1, max-image-preview:large, max-video-preview:-1\" \/>\n<link rel=\"canonical\" href=\"https:\/\/www.pixelplanet.com\/de\/pdfgrabber\/support\/updates\/\" \/>\n<meta property=\"og:locale\" content=\"de_DE\" \/>\n<meta property=\"og:type\" content=\"article\" \/>\n<meta property=\"og:title\" content=\"Download Updates for PdfGrabber\" \/>\n<meta property=\"og:description\" content=\"Hier findest Du Aktualisierungen und Updates f\u00fcr die jeweils aktuelle Version der PDF-Konverter-Software &quot;PdfGrabber&quot; (Windows).\" \/>\n<meta property=\"og:url\" content=\"https:\/\/www.pixelplanet.com\/de\/pdfgrabber\/support\/updates\/\" \/>\n<meta property=\"og:site_name\" content=\"PixelPlanet.com - PDF-Software-Shop\" \/>\n<meta property=\"article:publisher\" content=\"https:\/\/www.facebook.com\/PixelPlanet\" \/>\n<meta property=\"article:modified_time\" content=\"2023-04-28T13:38:58+00:00\" \/>\n<meta property=\"og:image\" content=\"https:\/\/www.pixelplanet.com\/wp-content\/uploads\/2018\/02\/FaceBook-Homepage-1200x630-1.jpg\" \/>\n\t<meta property=\"og:image:width\" content=\"1200\" \/>\n\t<meta property=\"og:image:height\" content=\"630\" \/>\n\t<meta property=\"og:image:type\" content=\"image\/jpeg\" \/>\n<meta name=\"twitter:card\" content=\"summary_large_image\" \/>\n<meta name=\"twitter:title\" content=\"PixelPlanet - Updates &amp; Korrekturen\" \/>\n<meta name=\"twitter:site\" content=\"@PixelPlanet\" \/>\n<meta name=\"twitter:label1\" content=\"Gesch\u00e4tzte Lesezeit\" \/>\n\t<meta name=\"twitter:data1\" content=\"2\u00a0Minuten\" \/>\n<script type=\"application\/ld+json\" class=\"yoast-schema-graph\">{\"@context\":\"https:\\\/\\\/schema.org\",\"@graph\":[{\"@type\":\"WebPage\",\"@id\":\"https:\\\/\\\/www.pixelplanet.com\\\/de\\\/pdfgrabber\\\/support\\\/updates\\\/\",\"url\":\"https:\\\/\\\/www.pixelplanet.com\\\/de\\\/pdfgrabber\\\/support\\\/updates\\\/\",\"name\":\"Aktualisierungen und Updates f\u00fcr PdfGrabber herunterladen\",\"isPartOf\":{\"@id\":\"https:\\\/\\\/www.pixelplanet.com\\\/de\\\/#website\"},\"datePublished\":\"2018-05-28T13:26:47+00:00\",\"dateModified\":\"2023-04-28T13:38:58+00:00\",\"description\":\"Hier findest Du Aktualisierungen und Updates f\u00fcr die jeweils aktuelle Version der PDF-Konverter-Software \\\"PdfGrabber\\\" (Windows).\",\"breadcrumb\":{\"@id\":\"https:\\\/\\\/www.pixelplanet.com\\\/de\\\/pdfgrabber\\\/support\\\/updates\\\/#breadcrumb\"},\"inLanguage\":\"de\",\"potentialAction\":[{\"@type\":\"ReadAction\",\"target\":[\"https:\\\/\\\/www.pixelplanet.com\\\/de\\\/pdfgrabber\\\/support\\\/updates\\\/\"]}]},{\"@type\":\"BreadcrumbList\",\"@id\":\"https:\\\/\\\/www.pixelplanet.com\\\/de\\\/pdfgrabber\\\/support\\\/updates\\\/#breadcrumb\",\"itemListElement\":[{\"@type\":\"ListItem\",\"position\":1,\"name\":\"Home\",\"item\":\"https:\\\/\\\/www.pixelplanet.com\\\/de\\\/home\\\/\"},{\"@type\":\"ListItem\",\"position\":2,\"name\":\"PdfGrabber\",\"item\":\"https:\\\/\\\/www.pixelplanet.com\\\/de\\\/pdfgrabber\\\/\"},{\"@type\":\"ListItem\",\"position\":3,\"name\":\"Hilfe &#038; Support\",\"item\":\"https:\\\/\\\/www.pixelplanet.com\\\/de\\\/pdfgrabber\\\/support\\\/\"},{\"@type\":\"ListItem\",\"position\":4,\"name\":\"Updates &amp; Korrekturen\"}]},{\"@type\":\"WebSite\",\"@id\":\"https:\\\/\\\/www.pixelplanet.com\\\/de\\\/#website\",\"url\":\"https:\\\/\\\/www.pixelplanet.com\\\/de\\\/\",\"name\":\"PixelPlanet.com - PDF-Software-Shop\",\"description\":\"Edit, convert, create, merge and split PDF documents on Windows and Mac\",\"publisher\":{\"@id\":\"https:\\\/\\\/www.pixelplanet.com\\\/de\\\/#organization\"},\"potentialAction\":[{\"@type\":\"SearchAction\",\"target\":{\"@type\":\"EntryPoint\",\"urlTemplate\":\"https:\\\/\\\/www.pixelplanet.com\\\/de\\\/?s={search_term_string}\"},\"query-input\":{\"@type\":\"PropertyValueSpecification\",\"valueRequired\":true,\"valueName\":\"search_term_string\"}}],\"inLanguage\":\"de\"},{\"@type\":\"Organization\",\"@id\":\"https:\\\/\\\/www.pixelplanet.com\\\/de\\\/#organization\",\"name\":\"PixelPlanet\",\"url\":\"https:\\\/\\\/www.pixelplanet.com\\\/de\\\/\",\"logo\":{\"@type\":\"ImageObject\",\"inLanguage\":\"de\",\"@id\":\"https:\\\/\\\/www.pixelplanet.com\\\/de\\\/#\\\/schema\\\/logo\\\/image\\\/\",\"url\":\"https:\\\/\\\/www.pixelplanet.com\\\/wp-content\\\/uploads\\\/2016\\\/12\\\/PixelPlanet-Logo-540x100.png\",\"contentUrl\":\"https:\\\/\\\/www.pixelplanet.com\\\/wp-content\\\/uploads\\\/2016\\\/12\\\/PixelPlanet-Logo-540x100.png\",\"width\":540,\"height\":100,\"caption\":\"PixelPlanet\"},\"image\":{\"@id\":\"https:\\\/\\\/www.pixelplanet.com\\\/de\\\/#\\\/schema\\\/logo\\\/image\\\/\"},\"sameAs\":[\"https:\\\/\\\/www.facebook.com\\\/PixelPlanet\",\"https:\\\/\\\/x.com\\\/PixelPlanet\",\"https:\\\/\\\/www.instagram.com\\\/pixelplanet.software\\\/\",\"https:\\\/\\\/linkedin.com\\\/company\\\/pixelplanet-software\"]}]}<\/script>\n<!-- \/ Yoast SEO Premium plugin. -->","yoast_head_json":{"title":"Aktualisierungen und Updates f\u00fcr PdfGrabber herunterladen","description":"Hier findest Du Aktualisierungen und Updates f\u00fcr die jeweils aktuelle Version der PDF-Konverter-Software \"PdfGrabber\" (Windows).","robots":{"index":"index","follow":"follow","max-snippet":"max-snippet:-1","max-image-preview":"max-image-preview:large","max-video-preview":"max-video-preview:-1"},"canonical":"https:\/\/www.pixelplanet.com\/de\/pdfgrabber\/support\/updates\/","og_locale":"de_DE","og_type":"article","og_title":"Download Updates for PdfGrabber","og_description":"Hier findest Du Aktualisierungen und Updates f\u00fcr die jeweils aktuelle Version der PDF-Konverter-Software \"PdfGrabber\" (Windows).","og_url":"https:\/\/www.pixelplanet.com\/de\/pdfgrabber\/support\/updates\/","og_site_name":"PixelPlanet.com - PDF-Software-Shop","article_publisher":"https:\/\/www.facebook.com\/PixelPlanet","article_modified_time":"2023-04-28T13:38:58+00:00","og_image":[{"width":1200,"height":630,"url":"https:\/\/www.pixelplanet.com\/wp-content\/uploads\/2018\/02\/FaceBook-Homepage-1200x630-1.jpg","type":"image\/jpeg"}],"twitter_card":"summary_large_image","twitter_title":"PixelPlanet - Updates &amp; Korrekturen","twitter_site":"@PixelPlanet","twitter_misc":{"Gesch\u00e4tzte Lesezeit":"2\u00a0Minuten"},"schema":{"@context":"https:\/\/schema.org","@graph":[{"@type":"WebPage","@id":"https:\/\/www.pixelplanet.com\/de\/pdfgrabber\/support\/updates\/","url":"https:\/\/www.pixelplanet.com\/de\/pdfgrabber\/support\/updates\/","name":"Aktualisierungen und Updates f\u00fcr PdfGrabber herunterladen","isPartOf":{"@id":"https:\/\/www.pixelplanet.com\/de\/#website"},"datePublished":"2018-05-28T13:26:47+00:00","dateModified":"2023-04-28T13:38:58+00:00","description":"Hier findest Du Aktualisierungen und Updates f\u00fcr die jeweils aktuelle Version der PDF-Konverter-Software \"PdfGrabber\" (Windows).","breadcrumb":{"@id":"https:\/\/www.pixelplanet.com\/de\/pdfgrabber\/support\/updates\/#breadcrumb"},"inLanguage":"de","potentialAction":[{"@type":"ReadAction","target":["https:\/\/www.pixelplanet.com\/de\/pdfgrabber\/support\/updates\/"]}]},{"@type":"BreadcrumbList","@id":"https:\/\/www.pixelplanet.com\/de\/pdfgrabber\/support\/updates\/#breadcrumb","itemListElement":[{"@type":"ListItem","position":1,"name":"Home","item":"https:\/\/www.pixelplanet.com\/de\/home\/"},{"@type":"ListItem","position":2,"name":"PdfGrabber","item":"https:\/\/www.pixelplanet.com\/de\/pdfgrabber\/"},{"@type":"ListItem","position":3,"name":"Hilfe &#038; Support","item":"https:\/\/www.pixelplanet.com\/de\/pdfgrabber\/support\/"},{"@type":"ListItem","position":4,"name":"Updates &amp; Korrekturen"}]},{"@type":"WebSite","@id":"https:\/\/www.pixelplanet.com\/de\/#website","url":"https:\/\/www.pixelplanet.com\/de\/","name":"PixelPlanet.com - PDF-Software-Shop","description":"Edit, convert, create, merge and split PDF documents on Windows and Mac","publisher":{"@id":"https:\/\/www.pixelplanet.com\/de\/#organization"},"potentialAction":[{"@type":"SearchAction","target":{"@type":"EntryPoint","urlTemplate":"https:\/\/www.pixelplanet.com\/de\/?s={search_term_string}"},"query-input":{"@type":"PropertyValueSpecification","valueRequired":true,"valueName":"search_term_string"}}],"inLanguage":"de"},{"@type":"Organization","@id":"https:\/\/www.pixelplanet.com\/de\/#organization","name":"PixelPlanet","url":"https:\/\/www.pixelplanet.com\/de\/","logo":{"@type":"ImageObject","inLanguage":"de","@id":"https:\/\/www.pixelplanet.com\/de\/#\/schema\/logo\/image\/","url":"https:\/\/www.pixelplanet.com\/wp-content\/uploads\/2016\/12\/PixelPlanet-Logo-540x100.png","contentUrl":"https:\/\/www.pixelplanet.com\/wp-content\/uploads\/2016\/12\/PixelPlanet-Logo-540x100.png","width":540,"height":100,"caption":"PixelPlanet"},"image":{"@id":"https:\/\/www.pixelplanet.com\/de\/#\/schema\/logo\/image\/"},"sameAs":["https:\/\/www.facebook.com\/PixelPlanet","https:\/\/x.com\/PixelPlanet","https:\/\/www.instagram.com\/pixelplanet.software\/","https:\/\/linkedin.com\/company\/pixelplanet-software"]}]}},"_links":{"self":[{"href":"https:\/\/www.pixelplanet.com\/de\/wp-json\/wp\/v2\/pages\/13604","targetHints":{"allow":["GET"]}}],"collection":[{"href":"https:\/\/www.pixelplanet.com\/de\/wp-json\/wp\/v2\/pages"}],"about":[{"href":"https:\/\/www.pixelplanet.com\/de\/wp-json\/wp\/v2\/types\/page"}],"author":[{"embeddable":true,"href":"https:\/\/www.pixelplanet.com\/de\/wp-json\/wp\/v2\/users\/1"}],"replies":[{"embeddable":true,"href":"https:\/\/www.pixelplanet.com\/de\/wp-json\/wp\/v2\/comments?post=13604"}],"version-history":[{"count":0,"href":"https:\/\/www.pixelplanet.com\/de\/wp-json\/wp\/v2\/pages\/13604\/revisions"}],"up":[{"embeddable":true,"href":"https:\/\/www.pixelplanet.com\/de\/wp-json\/wp\/v2\/pages\/13593"}],"wp:attachment":[{"href":"https:\/\/www.pixelplanet.com\/de\/wp-json\/wp\/v2\/media?parent=13604"}],"curies":[{"name":"wp","href":"https:\/\/api.w.org\/{rel}","templated":true}]}}