{"id":13813,"date":"2018-05-29T15:22:12","date_gmt":"2018-05-29T13:22:12","guid":{"rendered":"https:\/\/www.pixelplanet.com\/pdfgrabber\/support\/hotline\/"},"modified":"2023-07-24T12:46:57","modified_gmt":"2023-07-24T10:46:57","slug":"hotline","status":"publish","type":"page","link":"https:\/\/www.pixelplanet.com\/de\/support\/hotline\/","title":{"rendered":"Kontaktformular"},"content":{"rendered":"<section class=\"l-section wpb_row us_custom_e11ab399 height_small\"><div class=\"l-section-h i-cf\"><div class=\"g-cols vc_row via_flex valign_middle type_default stacking_default\"><div class=\"vc_col-sm-6 wpb_column vc_column_container\"><div class=\"vc_column-inner\"><div class=\"wpb_wrapper\"><h1 class=\"w-post-elm post_title us_custom_607cd7e8 entry-title color_link_inherit\">Kontaktformular<\/h1><\/div><\/div><\/div><div class=\"vc_col-sm-6 wpb_column vc_column_container\"><div class=\"vc_column-inner\"><div class=\"wpb_wrapper\"><nav class=\"g-breadcrumbs us_custom_ea2be81a separator_icon align_right\"><div class=\"g-breadcrumbs-item\"><a href=\"https:\/\/www.pixelplanet.com\/de\/\">Start<\/a><meta content=\"1\"\/><\/div><div class=\"g-breadcrumbs-separator\"><i class=\"far fa-angle-right\"><\/i><\/div><div class=\"g-breadcrumbs-item\">Seiten<\/div><\/nav><\/div><\/div><\/div><\/div><\/div><\/section><section class=\"l-section wpb_row height_medium\"><div class=\"l-section-h i-cf\"><div class=\"g-cols vc_row via_flex valign_top type_default stacking_default\"><div class=\"vc_col-sm-12 wpb_column vc_column_container\"><div class=\"vc_column-inner\"><div class=\"wpb_wrapper\"><div class=\"wpb_text_column\"><div class=\"wpb_wrapper\"><h3>Wie k\u00f6nnen wir helfen?<\/h3>\n<p>Wenn Du im Support-Bereich keine L\u00f6sung f\u00fcr Deine Fragen gefunden hast, schildere sie einfach unserem Support-Team. Die Kollegen werden sich umgehend darum k\u00fcmmern.<\/p>\n<\/div><\/div><div class=\"w-separator size_medium\"><\/div><form class=\"w-form  us-field-style_1 layout_ver show_message_after_sending for_cform us_form_1\" action=\"https:\/\/www.pixelplanet.com\/de\/wp-json\/wp\/v2\/pages\/13813\" method=\"post\"><div class=\"w-form-h\"><div class=\"w-form-row for_select has_label\">\r\n\t\t\t<div class=\"w-form-row-label\">\r\n\t\t\t<span>Zu welcher Software hast Du Fragen?<\/span>\r\n\t\t<\/div>\r\n\t\t<div class=\"w-form-row-field\">\r\n\t\t\t\t\t\t<select aria-label=\"Zu welcher Software hast Du Fragen?\" name=\"us_form_1_select_1\">\r\n\t\t\t<option value=\"\u00a0\">\u00a0<\/option><option value=\"PdfEditor\">PdfEditor<\/option><option value=\"PdfGrabber (Windows)\">PdfGrabber (Windows)<\/option><option value=\"PdfGrabber (macOS)\">PdfGrabber (macOS)<\/option><option value=\"PdfCrypter\">PdfCrypter<\/option><option value=\"PdfPrinter\">PdfPrinter<\/option><option value=\"WinOrder\">WinOrder<\/option>\t\t<\/select>\r\n\t\t\t<\/div>\r\n\t\t\t<div class=\"w-form-row-description\">\r\n\t\t\t\u00a0\t\t<\/div>\r\n\t\t<div class=\"w-form-row-state\">W\u00e4hle eine Option<\/div>\r\n<\/div>\r\n<div class=\"w-form-row for_text required with_icon\">\r\n\t\t<div class=\"w-form-row-field\">\r\n\t\t\t\t<i class=\"fas fa-hashtag\"><\/i>\t\t<input aria-label=\"Versionsnummer, z.B. 9.0.0.0\" type=\"text\" name=\"us_form_1_text_1\" value placeholder=\"Versionsnummer, z.B. 9.0.0.0 *\" data-required=\"true\" aria-required=\"true\"\/>\r\n\t\t\t<\/div>\r\n\t\t<div class=\"w-form-row-state\">Bitte f\u00fcllen Sie dieses Feld aus.<\/div>\r\n<\/div>\r\n<div class=\"w-form-row for_text required with_icon\">\r\n\t\t<div class=\"w-form-row-field\">\r\n\t\t\t\t<i class=\"fas fa-user\"><\/i>\t\t<input aria-label=\"Dein Name\" type=\"text\" name=\"us_form_1_text_2\" value placeholder=\"Dein Name *\" data-required=\"true\" aria-required=\"true\"\/>\r\n\t\t\t<\/div>\r\n\t\t<div class=\"w-form-row-state\">Bitte f\u00fcllen Sie dieses Feld aus.<\/div>\r\n<\/div>\r\n<div class=\"w-form-row for_email required with_icon\">\r\n\t\t<div class=\"w-form-row-field\">\r\n\t\t\t\t<i class=\"fas fa-at\"><\/i>\t\t<input aria-label=\"Deine E-Mail-Adresse\" type=\"email\" name=\"us_form_1_email_1\" value placeholder=\"Deine E-Mail-Adresse *\" data-required=\"true\" aria-required=\"true\"\/>\r\n\t\t\t<\/div>\r\n\t\t<div class=\"w-form-row-state\">Bitte gib eine g\u00fcltige E-Mail-Adresse ein.<\/div>\r\n<\/div>\r\n<div class=\"w-form-row for_textarea required with_icon\">\r\n\t\t<div class=\"w-form-row-field\">\r\n\t\t\t\t<i class=\"fas fa-edit\"><\/i>\t\t<textarea aria-label=\"Deine Supportanfrage\" name=\"us_form_1_textarea_1\" placeholder=\"Deine Supportanfrage *\" data-required=\"true\" aria-required=\"true\"><\/textarea>\r\n\t\t\t<\/div>\r\n\t\t<div class=\"w-form-row-state\">Bitte f\u00fcllen Sie dieses Feld aus.<\/div>\r\n<\/div>\r\n<div class=\"w-form-row for_captcha has_label required\">\r\n\t<div class=\"w-form-row-label\">\r\n\t\t<span>Bitte l\u00f6se die Mathe-Aufgabe:  <span>16 - 1 = ?<\/span><\/span>\r\n\t<\/div>\r\n\t<div class=\"w-form-row-field\">\r\n\t\t\t\t<input type=\"hidden\" name=\"us_form_1_captcha_1_hash\" value=\"49589ce5efd908187747e51add674980\" \/>\r\n\t\t\t\t<input aria-label=\"Bitte l\u00f6se die Mathe-Aufgabe: \" type=\"text\" name=\"us_form_1_captcha_1\" placeholder data-required=\"true\" aria-required=\"true\"\/>\r\n\t\t\t<\/div>\r\n\t\t<div class=\"w-form-row-state\">Bitte geben Sie das Ergebnis ein, um fortzufahren<\/div>\r\n<\/div>\r\n<input type=\"hidden\" name=\"action\" value=\"us_ajax_cform\" \/>\r\n<input type=\"hidden\" name=\"post_id\" value=\"0\" \/>\r\n<input type=\"hidden\" name=\"form_index\" value=\"1\" \/>\r\n<div class=\"w-form-row for_submit align_none\"><button class=\"w-btn us-btn-style_7 icon_atleft\" type=\"submit\" aria-label=\"Anfrage senden\"><span class=\"g-preloader type_1\"><\/span><i class=\"fas fa-paper-plane\"><\/i><span class=\"w-btn-label\">Anfrage senden<\/span><\/button><\/div><\/div><div class=\"w-form-message\"><\/div><div class=\"w-form-json hidden\" onclick='return {&quot;ajaxurl&quot;:&quot;https:\\\/\\\/www.pixelplanet.com\\\/wp-admin\\\/admin-ajax.php&quot;,&quot;messages&quot;:{&quot;err_empty&quot;:&quot;Bitte f\\u00fcllen Sie dieses Feld aus.&quot;,&quot;err_size&quot;:&quot;Die Dateigr\\u00f6\\u00dfe darf %s MB nicht \\u00fcberschreiten&quot;,&quot;err_extension&quot;:&quot;Dateityp %s ist nicht zul\\u00e4ssig&quot;,&quot;err_recaptcha_keys&quot;:&quot;reCAPTCHA-Schl\\u00fcssel sind fehlerhaft&quot;}}'><\/div><\/form><div class=\"w-separator size_medium\"><\/div><div class=\"wpb_text_column\"><div class=\"wpb_wrapper\"><p><strong>Datenschutzhinweis:<\/strong> Deine Daten werden ausschlie\u00dflich intern verarbeitet und nicht an Dritte weitergegeben. Um Missbrauch zu verhindern, \u00fcbertragen und speichern wir neben den hier eingegebenen Daten auch Deine IP-Adresse sowie Browser-Typ und Webseite, von der Du das Formular abgesendet hast.<\/p>\n<\/div><\/div><\/div><\/div><\/div><\/div><\/div><\/section>\n","protected":false},"excerpt":{"rendered":"KontaktformularStartSeitenWie k\u00f6nnen wir helfen? Wenn Du im Support-Bereich keine L\u00f6sung f\u00fcr Deine Fragen gefunden hast, schildere sie einfach unserem Support-Team. Die Kollegen werden sich umgehend darum k\u00fcmmern. Zu welcher Software hast Du Fragen? \u00a0PdfEditorPdfGrabber (Windows)PdfGrabber (macOS)PdfCrypterPdfPrinterWinOrder \u00a0 W\u00e4hle eine Option Bitte f\u00fcllen Sie dieses Feld aus. Bitte f\u00fcllen Sie dieses Feld aus. Bitte gib eine...","protected":false},"author":1,"featured_media":0,"parent":15103,"menu_order":2,"comment_status":"closed","ping_status":"closed","template":"","meta":{"footnotes":""},"class_list":["post-13813","page","type-page","status-publish","hentry"],"yoast_head":"<!-- This site is optimized with the Yoast SEO Premium plugin v27.3 (Yoast SEO v27.3) - https:\/\/yoast.com\/product\/yoast-seo-premium-wordpress\/ -->\n<title>PixelPlanet.com Hotline: Kontaktiere das Support-Team<\/title>\n<meta name=\"description\" content=\"Wenn Du Fragen zu unserer Software und keine L\u00f6sung im FAQ-Bereich gefunden hast, kannst Du uns hier kontaktieren. Wir helfen gerne weiter!\" \/>\n<meta name=\"robots\" content=\"index, follow, max-snippet:-1, max-image-preview:large, max-video-preview:-1\" \/>\n<link rel=\"canonical\" href=\"https:\/\/www.pixelplanet.com\/de\/support\/hotline\/\" \/>\n<meta property=\"og:locale\" content=\"de_DE\" \/>\n<meta property=\"og:type\" content=\"article\" \/>\n<meta property=\"og:title\" content=\"PixelPlanet-Support: Hotline\" \/>\n<meta property=\"og:description\" content=\"Wenn Du Fragen zu unserer Software und keine L\u00f6sung im FAQ-Bereich gefunden hast, kannst Du uns hier kontaktieren. Wir helfen gerne weiter!\" \/>\n<meta property=\"og:url\" content=\"https:\/\/www.pixelplanet.com\/de\/support\/hotline\/\" \/>\n<meta property=\"og:site_name\" content=\"PixelPlanet.com - PDF-Software-Shop\" \/>\n<meta property=\"article:publisher\" content=\"https:\/\/www.facebook.com\/PixelPlanet\" \/>\n<meta property=\"article:modified_time\" content=\"2023-07-24T10:46:57+00:00\" \/>\n<meta property=\"og:image\" content=\"https:\/\/www.pixelplanet.com\/wp-content\/uploads\/2018\/02\/FaceBook-Homepage-DE-1200x630.jpg\" \/>\n\t<meta property=\"og:image:width\" content=\"1200\" \/>\n\t<meta property=\"og:image:height\" content=\"630\" \/>\n\t<meta property=\"og:image:type\" content=\"image\/jpeg\" \/>\n<meta name=\"twitter:card\" content=\"summary_large_image\" \/>\n<meta name=\"twitter:title\" content=\"PixelPlanet - Kontaktformular\" \/>\n<meta name=\"twitter:site\" content=\"@PixelPlanet\" \/>\n<meta name=\"twitter:label1\" content=\"Gesch\u00e4tzte Lesezeit\" \/>\n\t<meta name=\"twitter:data1\" content=\"1\u00a0Minute\" \/>\n<script type=\"application\/ld+json\" class=\"yoast-schema-graph\">{\"@context\":\"https:\\\/\\\/schema.org\",\"@graph\":[{\"@type\":\"WebPage\",\"@id\":\"https:\\\/\\\/www.pixelplanet.com\\\/de\\\/support\\\/hotline\\\/\",\"url\":\"https:\\\/\\\/www.pixelplanet.com\\\/de\\\/support\\\/hotline\\\/\",\"name\":\"PixelPlanet.com Hotline: Kontaktiere das Support-Team\",\"isPartOf\":{\"@id\":\"https:\\\/\\\/www.pixelplanet.com\\\/de\\\/#website\"},\"datePublished\":\"2018-05-29T13:22:12+00:00\",\"dateModified\":\"2023-07-24T10:46:57+00:00\",\"description\":\"Wenn Du Fragen zu unserer Software und keine L\u00f6sung im FAQ-Bereich gefunden hast, kannst Du uns hier kontaktieren. Wir helfen gerne weiter!\",\"breadcrumb\":{\"@id\":\"https:\\\/\\\/www.pixelplanet.com\\\/de\\\/support\\\/hotline\\\/#breadcrumb\"},\"inLanguage\":\"de\",\"potentialAction\":[{\"@type\":\"ReadAction\",\"target\":[\"https:\\\/\\\/www.pixelplanet.com\\\/de\\\/support\\\/hotline\\\/\"]}]},{\"@type\":\"BreadcrumbList\",\"@id\":\"https:\\\/\\\/www.pixelplanet.com\\\/de\\\/support\\\/hotline\\\/#breadcrumb\",\"itemListElement\":[{\"@type\":\"ListItem\",\"position\":1,\"name\":\"Home\",\"item\":\"https:\\\/\\\/www.pixelplanet.com\\\/de\\\/home\\\/\"},{\"@type\":\"ListItem\",\"position\":2,\"name\":\"Hilfe &#038; Support\",\"item\":\"https:\\\/\\\/www.pixelplanet.com\\\/de\\\/support\\\/\"},{\"@type\":\"ListItem\",\"position\":3,\"name\":\"Kontaktformular\"}]},{\"@type\":\"WebSite\",\"@id\":\"https:\\\/\\\/www.pixelplanet.com\\\/de\\\/#website\",\"url\":\"https:\\\/\\\/www.pixelplanet.com\\\/de\\\/\",\"name\":\"PixelPlanet.com - PDF-Software-Shop\",\"description\":\"Edit, convert, create, merge and split PDF documents on Windows and Mac\",\"publisher\":{\"@id\":\"https:\\\/\\\/www.pixelplanet.com\\\/de\\\/#organization\"},\"potentialAction\":[{\"@type\":\"SearchAction\",\"target\":{\"@type\":\"EntryPoint\",\"urlTemplate\":\"https:\\\/\\\/www.pixelplanet.com\\\/de\\\/?s={search_term_string}\"},\"query-input\":{\"@type\":\"PropertyValueSpecification\",\"valueRequired\":true,\"valueName\":\"search_term_string\"}}],\"inLanguage\":\"de\"},{\"@type\":\"Organization\",\"@id\":\"https:\\\/\\\/www.pixelplanet.com\\\/de\\\/#organization\",\"name\":\"PixelPlanet\",\"url\":\"https:\\\/\\\/www.pixelplanet.com\\\/de\\\/\",\"logo\":{\"@type\":\"ImageObject\",\"inLanguage\":\"de\",\"@id\":\"https:\\\/\\\/www.pixelplanet.com\\\/de\\\/#\\\/schema\\\/logo\\\/image\\\/\",\"url\":\"https:\\\/\\\/www.pixelplanet.com\\\/wp-content\\\/uploads\\\/2016\\\/12\\\/PixelPlanet-Logo-540x100.png\",\"contentUrl\":\"https:\\\/\\\/www.pixelplanet.com\\\/wp-content\\\/uploads\\\/2016\\\/12\\\/PixelPlanet-Logo-540x100.png\",\"width\":540,\"height\":100,\"caption\":\"PixelPlanet\"},\"image\":{\"@id\":\"https:\\\/\\\/www.pixelplanet.com\\\/de\\\/#\\\/schema\\\/logo\\\/image\\\/\"},\"sameAs\":[\"https:\\\/\\\/www.facebook.com\\\/PixelPlanet\",\"https:\\\/\\\/x.com\\\/PixelPlanet\",\"https:\\\/\\\/www.instagram.com\\\/pixelplanet.software\\\/\",\"https:\\\/\\\/linkedin.com\\\/company\\\/pixelplanet-software\"]}]}<\/script>\n<!-- \/ Yoast SEO Premium plugin. -->","yoast_head_json":{"title":"PixelPlanet.com Hotline: Kontaktiere das Support-Team","description":"Wenn Du Fragen zu unserer Software und keine L\u00f6sung im FAQ-Bereich gefunden hast, kannst Du uns hier kontaktieren. Wir helfen gerne weiter!","robots":{"index":"index","follow":"follow","max-snippet":"max-snippet:-1","max-image-preview":"max-image-preview:large","max-video-preview":"max-video-preview:-1"},"canonical":"https:\/\/www.pixelplanet.com\/de\/support\/hotline\/","og_locale":"de_DE","og_type":"article","og_title":"PixelPlanet-Support: Hotline","og_description":"Wenn Du Fragen zu unserer Software und keine L\u00f6sung im FAQ-Bereich gefunden hast, kannst Du uns hier kontaktieren. Wir helfen gerne weiter!","og_url":"https:\/\/www.pixelplanet.com\/de\/support\/hotline\/","og_site_name":"PixelPlanet.com - PDF-Software-Shop","article_publisher":"https:\/\/www.facebook.com\/PixelPlanet","article_modified_time":"2023-07-24T10:46:57+00:00","og_image":[{"width":1200,"height":630,"url":"https:\/\/www.pixelplanet.com\/wp-content\/uploads\/2018\/02\/FaceBook-Homepage-DE-1200x630.jpg","type":"image\/jpeg"}],"twitter_card":"summary_large_image","twitter_title":"PixelPlanet - Kontaktformular","twitter_site":"@PixelPlanet","twitter_misc":{"Gesch\u00e4tzte Lesezeit":"1\u00a0Minute"},"schema":{"@context":"https:\/\/schema.org","@graph":[{"@type":"WebPage","@id":"https:\/\/www.pixelplanet.com\/de\/support\/hotline\/","url":"https:\/\/www.pixelplanet.com\/de\/support\/hotline\/","name":"PixelPlanet.com Hotline: Kontaktiere das Support-Team","isPartOf":{"@id":"https:\/\/www.pixelplanet.com\/de\/#website"},"datePublished":"2018-05-29T13:22:12+00:00","dateModified":"2023-07-24T10:46:57+00:00","description":"Wenn Du Fragen zu unserer Software und keine L\u00f6sung im FAQ-Bereich gefunden hast, kannst Du uns hier kontaktieren. Wir helfen gerne weiter!","breadcrumb":{"@id":"https:\/\/www.pixelplanet.com\/de\/support\/hotline\/#breadcrumb"},"inLanguage":"de","potentialAction":[{"@type":"ReadAction","target":["https:\/\/www.pixelplanet.com\/de\/support\/hotline\/"]}]},{"@type":"BreadcrumbList","@id":"https:\/\/www.pixelplanet.com\/de\/support\/hotline\/#breadcrumb","itemListElement":[{"@type":"ListItem","position":1,"name":"Home","item":"https:\/\/www.pixelplanet.com\/de\/home\/"},{"@type":"ListItem","position":2,"name":"Hilfe &#038; Support","item":"https:\/\/www.pixelplanet.com\/de\/support\/"},{"@type":"ListItem","position":3,"name":"Kontaktformular"}]},{"@type":"WebSite","@id":"https:\/\/www.pixelplanet.com\/de\/#website","url":"https:\/\/www.pixelplanet.com\/de\/","name":"PixelPlanet.com - PDF-Software-Shop","description":"Edit, convert, create, merge and split PDF documents on Windows and Mac","publisher":{"@id":"https:\/\/www.pixelplanet.com\/de\/#organization"},"potentialAction":[{"@type":"SearchAction","target":{"@type":"EntryPoint","urlTemplate":"https:\/\/www.pixelplanet.com\/de\/?s={search_term_string}"},"query-input":{"@type":"PropertyValueSpecification","valueRequired":true,"valueName":"search_term_string"}}],"inLanguage":"de"},{"@type":"Organization","@id":"https:\/\/www.pixelplanet.com\/de\/#organization","name":"PixelPlanet","url":"https:\/\/www.pixelplanet.com\/de\/","logo":{"@type":"ImageObject","inLanguage":"de","@id":"https:\/\/www.pixelplanet.com\/de\/#\/schema\/logo\/image\/","url":"https:\/\/www.pixelplanet.com\/wp-content\/uploads\/2016\/12\/PixelPlanet-Logo-540x100.png","contentUrl":"https:\/\/www.pixelplanet.com\/wp-content\/uploads\/2016\/12\/PixelPlanet-Logo-540x100.png","width":540,"height":100,"caption":"PixelPlanet"},"image":{"@id":"https:\/\/www.pixelplanet.com\/de\/#\/schema\/logo\/image\/"},"sameAs":["https:\/\/www.facebook.com\/PixelPlanet","https:\/\/x.com\/PixelPlanet","https:\/\/www.instagram.com\/pixelplanet.software\/","https:\/\/linkedin.com\/company\/pixelplanet-software"]}]}},"_links":{"self":[{"href":"https:\/\/www.pixelplanet.com\/de\/wp-json\/wp\/v2\/pages\/13813","targetHints":{"allow":["GET"]}}],"collection":[{"href":"https:\/\/www.pixelplanet.com\/de\/wp-json\/wp\/v2\/pages"}],"about":[{"href":"https:\/\/www.pixelplanet.com\/de\/wp-json\/wp\/v2\/types\/page"}],"author":[{"embeddable":true,"href":"https:\/\/www.pixelplanet.com\/de\/wp-json\/wp\/v2\/users\/1"}],"replies":[{"embeddable":true,"href":"https:\/\/www.pixelplanet.com\/de\/wp-json\/wp\/v2\/comments?post=13813"}],"version-history":[{"count":0,"href":"https:\/\/www.pixelplanet.com\/de\/wp-json\/wp\/v2\/pages\/13813\/revisions"}],"up":[{"embeddable":true,"href":"https:\/\/www.pixelplanet.com\/de\/wp-json\/wp\/v2\/pages\/15103"}],"wp:attachment":[{"href":"https:\/\/www.pixelplanet.com\/de\/wp-json\/wp\/v2\/media?parent=13813"}],"curies":[{"name":"wp","href":"https:\/\/api.w.org\/{rel}","templated":true}]}}