{"id":14735,"date":"2018-08-01T17:15:45","date_gmt":"2018-08-01T15:15:45","guid":{"rendered":"https:\/\/www.pixelplanet.com\/?page_id=14735"},"modified":"2022-02-24T12:13:09","modified_gmt":"2022-02-24T11:13:09","slug":"herunterladen","status":"publish","type":"page","link":"https:\/\/www.pixelplanet.com\/de\/pdftools-bundle\/herunterladen\/","title":{"rendered":"Testversion \/ Vollversion"},"content":{"rendered":"<section class=\"l-section wpb_row us_custom_e11ab399 height_small\"><div class=\"l-section-h i-cf\"><div class=\"g-cols vc_row via_flex valign_middle type_default stacking_default\"><div class=\"vc_col-sm-6 wpb_column vc_column_container\"><div class=\"vc_column-inner\"><div class=\"wpb_wrapper\"><h1 class=\"w-post-elm post_title us_custom_607cd7e8 entry-title color_link_inherit\">Testversion \/ Vollversion<\/h1><\/div><\/div><\/div><div class=\"vc_col-sm-6 wpb_column vc_column_container\"><div class=\"vc_column-inner\"><div class=\"wpb_wrapper\"><nav class=\"g-breadcrumbs us_custom_ea2be81a separator_icon align_right\"><div class=\"g-breadcrumbs-item\"><a href=\"https:\/\/www.pixelplanet.com\/de\/\">Start<\/a><meta content=\"1\"\/><\/div><div class=\"g-breadcrumbs-separator\"><i class=\"far fa-angle-right\"><\/i><\/div><div class=\"g-breadcrumbs-item\">Seiten<\/div><\/nav><\/div><\/div><\/div><\/div><\/div><\/section><section class=\"l-section wpb_row height_medium\"><div class=\"l-section-h i-cf\"><div class=\"g-cols vc_row via_flex valign_top type_default stacking_default\"><div class=\"vc_col-sm-6 wpb_column vc_column_container\"><div class=\"vc_column-inner\"><div class=\"wpb_wrapper\"><div class=\"wpb_text_column\"><div class=\"wpb_wrapper\"><h2>PdfTools Bundle<\/h2>\n<p>Die PdfTools-Bundle-Installation enth\u00e4lt die wichtigsten PdfTools: <a href=\"https:\/\/www.pixelplanet.com\/de\/pdfgrabber\/\">PdfGrabber<\/a>, <a href=\"https:\/\/www.pixelplanet.com\/de\/pdfeditor\/\">PdfEditor<\/a>, <a href=\"https:\/\/www.pixelplanet.com\/de\/pdfprinter\/\">PdfPrinter<\/a> und PdfMerger. Ein stark verg\u00fcnstigtes Bundle-Angebot findest Du in unserem <a class=\"color-green\" href=\"https:\/\/www.pixelplanet.com\/de\/produkt-kategorie\/angebote\/\">Online-Shop<\/a>.<\/p>\n<ul class=\"fa-ul\">\n<li><i class=\"fab fa-li fa-windows green\"><\/i>F\u00fcr Windows 11, 10, 8, 7, 2008, Vista, 2003 oder XP (SP3)<\/li>\n<li><i class=\"fas fa-li fa-check-square green\"><\/i>Konvertiere PDF zu Word, JPG, Excel, CAD und in viele andere Formate mit <a href=\"https:\/\/www.pixelplanet.com\/de\/pdfgrabber\/\">PdfGrabber<\/a><\/li>\n<li><i class=\"fas fa-li fa-check-square green\"><\/i>Bearbeite PDF Texte, Bilder und Objekte direkt im <a href=\"https:\/\/www.pixelplanet.com\/de\/pdfeditor\/\">PdfEditor<\/a><\/li>\n<li><i class=\"fas fa-li fa-check-square green\"><\/i>Trennen und zusammenf\u00fcgen von PDF Dokumenten<\/li>\n<li><i class=\"fas fa-li fa-check-square green\"><\/i>Erzeuge PDFs aus jeder druckf\u00e4higen Anwendung<\/li>\n<li><i class=\"fas fa-li fa-check-square green\"><\/i>Mache PDFs durchsuchbar mit OCR-Technik<\/li>\n<li><i class=\"fas fa-li fa-check-square green\"><\/i>und viele andere PDF-Powertools&#8230;<\/li>\n<\/ul>\n<\/div><\/div><div class=\"w-separator size_small\"><\/div>[vc_raw_js]JTNDc2NyaXB0JTIwbGFuZ3VhZ2UlM0QlMjJqYXZhc2NyaXB0JTIyJTIwdHlwZSUzRCUyMnRleHQlMkZqYXZhc2NyaXB0JTIyJTNFJTBBaWYlMjAlMjglMjhuYXZpZ2F0b3IudXNlckFnZW50LmluZGV4T2YlMjglMjJXT1c2NCUyMiUyOSUyMCUzRCUzRCUyMC0xJTI5JTIwJTI2JTI2JTIwJTI4bmF2aWdhdG9yLnVzZXJBZ2VudC5pbmRleE9mJTI4JTIyV2luNjQlMjIlMjklMjAlM0QlM0QlMjAtMSUyOSUyMCUyNiUyNiUyMCUyOCUyMSUyMG5hdmlnYXRvci51c2VyQWdlbnQubWF0Y2glMjglMkZNYWNpbnRvc2glMkZpJTI5JTI5JTI5JTBBJTA5JTA5JTA5JTA5JTA5JTA5JTA5JTdCZG9jdW1lbnQud3JpdGUlMjglMjclM0NkaXYlMjBjbGFzcyUzRCUyMnctYnRuLXdyYXBwZXIlMjBhbGlnbl9sZWZ0JTIyJTNFJTNDYSUyMGNsYXNzJTNEJTIydy1idG4lMjB1cy1idG4tc3R5bGVfNyUyMGljb25fYXRsZWZ0JTIyJTIwaHJlZiUzRCUyMmh0dHBzJTNBJTJGJTJGd3d3LnBpeGVscGxhbmV0LmNvbSUyRmRvd25sb2FkJTJGUGRmVG9vbHMlMkZQZGZUb29sc19CdW5kbGVfMzJiaXQuZXhlJTIyJTNFJTNDaSUyMGNsYXNzJTNEJTIyZmFiJTIwZmEtd2luZG93cyUyMiUzRSUzQyUyRmklM0UlM0NzcGFuJTIwY2xhc3MlM0QlMjJ3LWJ0bi1sYWJlbCUyMiUzRVdpbmRvd3MlMjAlMjgzMmJpdCUyOSUzQyUyRnNwYW4lM0UlM0MlMkZhJTNFJTNDJTJGZGl2JTNFJTIwJTNDZGl2JTIwY2xhc3MlM0QlMjJ3LWJ0bi13cmFwcGVyJTIwYWxpZ25fbGVmdCUyMiUzRSUzQ2ElMjBjbGFzcyUzRCUyMnctYnRuJTIwdXMtYnRuLXN0eWxlXzglMjBpY29uX2F0bGVmdCUyMiUyMGhyZWYlM0QlMjJodHRwcyUzQSUyRiUyRnd3dy5waXhlbHBsYW5ldC5jb20lMkZkb3dubG9hZCUyRlBkZlRvb2xzJTJGUGRmVG9vbHNfQnVuZGxlXzY0Yml0LmV4ZSUyMiUzRSUzQ2klMjBjbGFzcyUzRCUyMmZhYiUyMGZhLXdpbmRvd3MlMjIlM0UlM0MlMkZpJTNFJTNDc3BhbiUyMGNsYXNzJTNEJTIydy1idG4tbGFiZWwlMjIlM0VXaW5kb3dzJTIwJTI4NjRiaXQlMjklM0MlMkZzcGFuJTNFJTNDJTJGYSUzRSUzQyUyRmRpdiUzRSUyNyUyOSUzQiU3RCUwQSUwQWlmJTIwJTI4JTI4JTI4bmF2aWdhdG9yLnVzZXJBZ2VudC5pbmRleE9mJTI4JTIyV09XNjQlMjIlMjklMjAlMjElM0QlMjAtMSUyOSUyMCU3QyU3QyUyMCUyOG5hdmlnYXRvci51c2VyQWdlbnQuaW5kZXhPZiUyOCUyMldpbjY0JTIyJTI5JTIwJTIxJTNEJTIwLTElMjklMjklMjAlMjYlMjYlMjAlMjglMjElMjBuYXZpZ2F0b3IudXNlckFnZW50Lm1hdGNoJTI4JTJGTWFjaW50b3NoJTJGaSUyOSUyOSUyOSUwQSUwOSUwOSUwOSUwOSUwOSUwOSUwOSU3QmRvY3VtZW50LndyaXRlJTI4JTI3JTNDZGl2JTIwY2xhc3MlM0QlMjJ3LWJ0bi13cmFwcGVyJTIwYWxpZ25fbGVmdCUyMiUzRSUzQ2ElMjBjbGFzcyUzRCUyMnctYnRuJTIwdXMtYnRuLXN0eWxlXzglMjBpY29uX2F0bGVmdCUyMiUyMGhyZWYlM0QlMjJodHRwcyUzQSUyRiUyRnd3dy5waXhlbHBsYW5ldC5jb20lMkZkb3dubG9hZCUyRlBkZlRvb2xzJTJGUGRmVG9vbHNfQnVuZGxlXzMyYml0LmV4ZSUyMiUzRSUzQ2klMjBjbGFzcyUzRCUyMmZhYiUyMGZhLXdpbmRvd3MlMjIlM0UlM0MlMkZpJTNFJTNDc3BhbiUyMGNsYXNzJTNEJTIydy1idG4tbGFiZWwlMjIlM0VXaW5kb3dzJTIwJTI4MzJiaXQlMjklM0MlMkZzcGFuJTNFJTNDJTJGYSUzRSUzQyUyRmRpdiUzRSUyMCUzQ2RpdiUyMGNsYXNzJTNEJTIydy1idG4td3JhcHBlciUyMGFsaWduX2xlZnQlMjIlM0UlM0NhJTIwY2xhc3MlM0QlMjJ3LWJ0biUyMHVzLWJ0bi1zdHlsZV83JTIwaWNvbl9hdGxlZnQlMjIlMjBocmVmJTNEJTIyaHR0cHMlM0ElMkYlMkZ3d3cucGl4ZWxwbGFuZXQuY29tJTJGZG93bmxvYWQlMkZQZGZUb29scyUyRlBkZlRvb2xzX0J1bmRsZV82NGJpdC5leGUlMjIlM0UlM0NpJTIwY2xhc3MlM0QlMjJmYWIlMjBmYS13aW5kb3dzJTIyJTNFJTNDJTJGaSUzRSUzQ3NwYW4lMjBjbGFzcyUzRCUyMnctYnRuLWxhYmVsJTIyJTNFV2luZG93cyUyMCUyODY0Yml0JTI5JTNDJTJGc3BhbiUzRSUzQyUyRmElM0UlM0MlMkZkaXYlM0UlMjclMjklM0IlN0QlMjAlMEElMEFpZiUyMCUyOG5hdmlnYXRvci51c2VyQWdlbnQubWF0Y2glMjglMkZNYWNpbnRvc2glMkZpJTI5JTI5JTBBJTA5JTA5JTA5JTA5JTA5JTA5JTA5JTdCZG9jdW1lbnQud3JpdGUlMjglMjclM0NkaXYlMjBjbGFzcyUzRCUyMnctYnRuLXdyYXBwZXIlMjBhbGlnbl9sZWZ0JTIyJTNFJTNDYSUyMGNsYXNzJTNEJTIydy1idG4lMjB1cy1idG4tc3R5bGVfOCUyMGljb25fYXRsZWZ0JTIyJTIwaHJlZiUzRCUyMmh0dHBzJTNBJTJGJTJGd3d3LnBpeGVscGxhbmV0LmNvbSUyRmRvd25sb2FkJTJGUGRmVG9vbHMlMkZQZGZUb29sc19CdW5kbGVfMzJiaXQuZXhlJTIyJTNFJTNDaSUyMGNsYXNzJTNEJTIyZmFiJTIwZmEtd2luZG93cyUyMiUzRSUzQyUyRmklM0UlM0NzcGFuJTIwY2xhc3MlM0QlMjJ3LWJ0bi1sYWJlbCUyMiUzRVdpbmRvd3MlMjAlMjgzMmJpdCUyOSUzQyUyRnNwYW4lM0UlM0MlMkZhJTNFJTNDJTJGZGl2JTNFJTIwJTNDZGl2JTIwY2xhc3MlM0QlMjJ3LWJ0bi13cmFwcGVyJTIwYWxpZ25fbGVmdCUyMiUzRSUzQ2ElMjBjbGFzcyUzRCUyMnctYnRuJTIwdXMtYnRuLXN0eWxlXzglMjBpY29uX2F0bGVmdCUyMiUyMGhyZWYlM0QlMjJodHRwcyUzQSUyRiUyRnd3dy5waXhlbHBsYW5ldC5jb20lMkZkb3dubG9hZCUyRlBkZlRvb2xzJTJGUGRmVG9vbHNfQnVuZGxlXzY0Yml0LmV4ZSUyMiUzRSUzQ2klMjBjbGFzcyUzRCUyMmZhYiUyMGZhLXdpbmRvd3MlMjIlM0UlM0MlMkZpJTNFJTNDc3BhbiUyMGNsYXNzJTNEJTIydy1idG4tbGFiZWwlMjIlM0VXaW5kb3dzJTIwJTI4NjRiaXQlMjklM0MlMkZzcGFuJTNFJTNDJTJGYSUzRSUzQyUyRmRpdiUzRSUyNyUyOSUzQiU3RCUyMCUwQSUwOSUwOSUwOSUwOSUwOSUzQyUyRnNjcmlwdCUzRSUwQSUwQSUzQ25vc2NyaXB0JTNFJTNDZGl2JTIwY2xhc3MlM0QlMjJ3LWJ0bi13cmFwcGVyJTIwYWxpZ25fbGVmdCUyMiUzRSUzQ2ElMjBjbGFzcyUzRCUyMnctYnRuJTIwdXMtYnRuLXN0eWxlXzglMjBpY29uX2F0bGVmdCUyMiUyMGhyZWYlM0QlMjJodHRwcyUzQSUyRiUyRnd3dy5waXhlbHBsYW5ldC5jb20lMkZkb3dubG9hZCUyRlBkZlRvb2xzJTJGUGRmVG9vbHNfQnVuZGxlXzMyYml0LmV4ZSUyMiUzRSUzQ2klMjBjbGFzcyUzRCUyMmZhYiUyMGZhLXdpbmRvd3MlMjIlM0UlM0MlMkZpJTNFJTNDc3BhbiUyMGNsYXNzJTNEJTIydy1idG4tbGFiZWwlMjIlM0VXaW5kb3dzJTIwJTI4MzJiaXQlMjklM0MlMkZzcGFuJTNFJTNDJTJGYSUzRSUzQyUyRmRpdiUzRSUyMCUzQ2RpdiUyMGNsYXNzJTNEJTIydy1idG4td3JhcHBlciUyMGFsaWduX2xlZnQlMjIlM0UlM0NhJTIwY2xhc3MlM0QlMjJ3LWJ0biUyMHVzLWJ0bi1zdHlsZV84JTIwaWNvbl9hdGxlZnQlMjIlMjBocmVmJTNEJTIyaHR0cHMlM0ElMkYlMkZ3d3cucGl4ZWxwbGFuZXQuY29tJTJGZG93bmxvYWQlMkZQZGZUb29scyUyRlBkZlRvb2xzX0J1bmRsZV82NGJpdC5leGUlMjIlM0UlM0NpJTIwY2xhc3MlM0QlMjJmYWIlMjBmYS13aW5kb3dzJTIyJTNFJTNDJTJGaSUzRSUzQ3NwYW4lMjBjbGFzcyUzRCUyMnctYnRuLWxhYmVsJTIyJTNFV2luZG93cyUyMCUyODY0Yml0JTI5JTNDJTJGc3BhbiUzRSUzQyUyRmElM0UlM0MlMkZkaXYlM0UlM0MlMkZub3NjcmlwdCUzRQ==[\/vc_raw_js]<div class=\"w-separator size_small\"><\/div><div class=\"wpb_text_column\"><div class=\"wpb_wrapper\"><p><strong>SHA256:<\/strong> <a href=\"https:\/\/www.pixelplanet.com\/de\/support\/digitale-signatur-pruefen\/\">384a912c71675fbb210b2395770ec8417f8bf525<\/a><\/p>\n<\/div><\/div><\/div><\/div><\/div><div class=\"vc_col-sm-6 wpb_column vc_column_container\"><div class=\"vc_column-inner\"><div class=\"wpb_wrapper\"><div class=\"w-image align_none\"><div class=\"w-image-h\"><img decoding=\"async\" width=\"1024\" height=\"1024\" src=\"https:\/\/www.pixelplanet.com\/wp-content\/uploads\/2018\/02\/Download-1024x1024.jpg\" class=\"attachment-large size-large\" alt=\"\" loading=\"lazy\" srcset=\"https:\/\/www.pixelplanet.com\/wp-content\/uploads\/2018\/02\/Download-1024x1024.jpg 1024w, https:\/\/www.pixelplanet.com\/wp-content\/uploads\/2018\/02\/Download-1024x1024-150x150.jpg 150w, https:\/\/www.pixelplanet.com\/wp-content\/uploads\/2018\/02\/Download-1024x1024-312x312.jpg 312w, https:\/\/www.pixelplanet.com\/wp-content\/uploads\/2018\/02\/Download-1024x1024-300x300.jpg 300w, https:\/\/www.pixelplanet.com\/wp-content\/uploads\/2018\/02\/Download-1024x1024-768x768.jpg 768w, https:\/\/www.pixelplanet.com\/wp-content\/uploads\/2018\/02\/Download-1024x1024-350x350.jpg 350w, https:\/\/www.pixelplanet.com\/wp-content\/uploads\/2018\/02\/Download-1024x1024-600x600.jpg 600w\" sizes=\"auto, (max-width: 1024px) 100vw, 1024px\" \/><\/div><\/div><\/div><\/div><\/div><\/div><\/div><\/section><section class=\"l-section wpb_row height_medium color_primary\"><div class=\"l-section-h i-cf\"><div class=\"g-cols vc_row via_flex valign_top type_default stacking_default\"><div class=\"vc_col-sm-12 wpb_column vc_column_container\"><div class=\"vc_column-inner\"><div class=\"wpb_wrapper\"><div class=\"w-actionbox color_primary controls_right\"><div class=\"w-actionbox-text\"><h2 class=\"w-actionbox-title\">Das g\u00fcnstige PDF-Paket<\/h2><div class=\"w-actionbox-description\"><p>PdfTools Bundle enth\u00e4lt die wichtigsten PDF Werkzeuge zum Bearbeiten und Konvertieren von PDFs: PdfGrabber, PdfEditor, PdfPrinter und PdfMerger. Kosteng\u00fcnstige Bundle-Angebote findest Du in unserem Shop.<\/p>\n<\/div><\/div><div class=\"w-actionbox-controls\"><a class=\"w-btn us-btn-style_8 icon_atleft\" style=\"font-size:16px\" href=\"https:\/\/www.pixelplanet.com\/de\/pdftools-bundle-suite-angebote\/\"><i class=\"fas fa-shopping-cart\"><\/i><span class=\"w-btn-label\">Bundle Angebote<\/span><\/a><\/div><\/div><\/div><\/div><\/div><\/div><\/div><\/section>\n","protected":false},"excerpt":{"rendered":"Testversion \/ VollversionStartSeitenPdfTools Bundle Die PdfTools-Bundle-Installation enth\u00e4lt die wichtigsten PdfTools: PdfGrabber, PdfEditor, PdfPrinter und PdfMerger. Ein stark verg\u00fcnstigtes Bundle-Angebot findest Du in unserem Online-Shop. F\u00fcr Windows 11, 10, 8, 7, 2008, Vista, 2003 oder XP (SP3) Konvertiere PDF zu Word, JPG, Excel, CAD und in viele andere Formate mit PdfGrabber Bearbeite PDF Texte, Bilder und...","protected":false},"author":1,"featured_media":0,"parent":14603,"menu_order":6,"comment_status":"closed","ping_status":"closed","template":"","meta":{"footnotes":""},"class_list":["post-14735","page","type-page","status-publish","hentry"],"yoast_head":"<!-- This site is optimized with the Yoast SEO Premium plugin v27.4 (Yoast SEO v27.4) - https:\/\/yoast.com\/product\/yoast-seo-premium-wordpress\/ -->\n<title>PixelPlanet PdfTools Bundle herunterladen und kostenlos testen<\/title>\n<meta name=\"description\" content=\"Hier findest Du Test- und Vollversionen von PdfTools-Bundle f\u00fcr Windows. Das Software-Paket enth\u00e4lt PdfGrabber, PdfEditor, PdfMerger und PdfPrinter.\" \/>\n<meta name=\"robots\" content=\"index, follow, max-snippet:-1, max-image-preview:large, max-video-preview:-1\" \/>\n<link rel=\"canonical\" href=\"https:\/\/www.pixelplanet.com\/de\/pdftools-bundle\/herunterladen\/\" \/>\n<meta property=\"og:locale\" content=\"de_DE\" \/>\n<meta property=\"og:type\" content=\"article\" \/>\n<meta property=\"og:title\" content=\"PdfTools Bundle herunterladen und kostenlos testen\" \/>\n<meta property=\"og:description\" content=\"Hier findest Du Test- und Vollversionen von PdfTools-Bundle f\u00fcr Windows. Das Software-Paket enth\u00e4lt PdfGrabber, PdfEditor, PdfMerger und PdfPrinter.\" \/>\n<meta property=\"og:url\" content=\"https:\/\/www.pixelplanet.com\/de\/pdftools-bundle\/herunterladen\/\" \/>\n<meta property=\"og:site_name\" content=\"PixelPlanet.com - PDF-Software-Shop\" \/>\n<meta property=\"article:publisher\" content=\"https:\/\/www.facebook.com\/PixelPlanet\" \/>\n<meta property=\"article:modified_time\" content=\"2022-02-24T11:13:09+00:00\" \/>\n<meta property=\"og:image\" content=\"https:\/\/www.pixelplanet.com\/wp-content\/uploads\/2018\/02\/FaceBook-Homepage-DE-1200x630.jpg\" \/>\n\t<meta property=\"og:image:width\" content=\"1200\" \/>\n\t<meta property=\"og:image:height\" content=\"630\" \/>\n\t<meta property=\"og:image:type\" content=\"image\/jpeg\" \/>\n<meta name=\"twitter:card\" content=\"summary_large_image\" \/>\n<meta name=\"twitter:title\" content=\"PixelPlanet - Testversion \/ Vollversion\" \/>\n<meta name=\"twitter:site\" content=\"@PixelPlanet\" \/>\n<meta name=\"twitter:label1\" content=\"Gesch\u00e4tzte Lesezeit\" \/>\n\t<meta name=\"twitter:data1\" content=\"1\u00a0Minute\" \/>\n<script type=\"application\/ld+json\" class=\"yoast-schema-graph\">{\"@context\":\"https:\\\/\\\/schema.org\",\"@graph\":[{\"@type\":\"WebPage\",\"@id\":\"https:\\\/\\\/www.pixelplanet.com\\\/de\\\/pdftools-bundle\\\/herunterladen\\\/\",\"url\":\"https:\\\/\\\/www.pixelplanet.com\\\/de\\\/pdftools-bundle\\\/herunterladen\\\/\",\"name\":\"PixelPlanet PdfTools Bundle herunterladen und kostenlos testen\",\"isPartOf\":{\"@id\":\"https:\\\/\\\/www.pixelplanet.com\\\/de\\\/#website\"},\"datePublished\":\"2018-08-01T15:15:45+00:00\",\"dateModified\":\"2022-02-24T11:13:09+00:00\",\"description\":\"Hier findest Du Test- und Vollversionen von PdfTools-Bundle f\u00fcr Windows. Das Software-Paket enth\u00e4lt PdfGrabber, PdfEditor, PdfMerger und PdfPrinter.\",\"breadcrumb\":{\"@id\":\"https:\\\/\\\/www.pixelplanet.com\\\/de\\\/pdftools-bundle\\\/herunterladen\\\/#breadcrumb\"},\"inLanguage\":\"de\",\"potentialAction\":[{\"@type\":\"ReadAction\",\"target\":[\"https:\\\/\\\/www.pixelplanet.com\\\/de\\\/pdftools-bundle\\\/herunterladen\\\/\"]}]},{\"@type\":\"BreadcrumbList\",\"@id\":\"https:\\\/\\\/www.pixelplanet.com\\\/de\\\/pdftools-bundle\\\/herunterladen\\\/#breadcrumb\",\"itemListElement\":[{\"@type\":\"ListItem\",\"position\":1,\"name\":\"Home\",\"item\":\"https:\\\/\\\/www.pixelplanet.com\\\/de\\\/home\\\/\"},{\"@type\":\"ListItem\",\"position\":2,\"name\":\"PdfTools Bundle\",\"item\":\"https:\\\/\\\/www.pixelplanet.com\\\/de\\\/pdftools-bundle\\\/\"},{\"@type\":\"ListItem\",\"position\":3,\"name\":\"Testversion \\\/ Vollversion\"}]},{\"@type\":\"WebSite\",\"@id\":\"https:\\\/\\\/www.pixelplanet.com\\\/de\\\/#website\",\"url\":\"https:\\\/\\\/www.pixelplanet.com\\\/de\\\/\",\"name\":\"PixelPlanet.com - PDF-Software-Shop\",\"description\":\"Edit, convert, create, merge and split PDF documents on Windows and Mac\",\"publisher\":{\"@id\":\"https:\\\/\\\/www.pixelplanet.com\\\/de\\\/#organization\"},\"potentialAction\":[{\"@type\":\"SearchAction\",\"target\":{\"@type\":\"EntryPoint\",\"urlTemplate\":\"https:\\\/\\\/www.pixelplanet.com\\\/de\\\/?s={search_term_string}\"},\"query-input\":{\"@type\":\"PropertyValueSpecification\",\"valueRequired\":true,\"valueName\":\"search_term_string\"}}],\"inLanguage\":\"de\"},{\"@type\":\"Organization\",\"@id\":\"https:\\\/\\\/www.pixelplanet.com\\\/de\\\/#organization\",\"name\":\"PixelPlanet\",\"url\":\"https:\\\/\\\/www.pixelplanet.com\\\/de\\\/\",\"logo\":{\"@type\":\"ImageObject\",\"inLanguage\":\"de\",\"@id\":\"https:\\\/\\\/www.pixelplanet.com\\\/de\\\/#\\\/schema\\\/logo\\\/image\\\/\",\"url\":\"https:\\\/\\\/www.pixelplanet.com\\\/wp-content\\\/uploads\\\/2016\\\/12\\\/PixelPlanet-Logo-540x100.png\",\"contentUrl\":\"https:\\\/\\\/www.pixelplanet.com\\\/wp-content\\\/uploads\\\/2016\\\/12\\\/PixelPlanet-Logo-540x100.png\",\"width\":540,\"height\":100,\"caption\":\"PixelPlanet\"},\"image\":{\"@id\":\"https:\\\/\\\/www.pixelplanet.com\\\/de\\\/#\\\/schema\\\/logo\\\/image\\\/\"},\"sameAs\":[\"https:\\\/\\\/www.facebook.com\\\/PixelPlanet\",\"https:\\\/\\\/x.com\\\/PixelPlanet\",\"https:\\\/\\\/www.instagram.com\\\/pixelplanet.software\\\/\",\"https:\\\/\\\/linkedin.com\\\/company\\\/pixelplanet-software\"]}]}<\/script>\n<!-- \/ Yoast SEO Premium plugin. -->","yoast_head_json":{"title":"PixelPlanet PdfTools Bundle herunterladen und kostenlos testen","description":"Hier findest Du Test- und Vollversionen von PdfTools-Bundle f\u00fcr Windows. Das Software-Paket enth\u00e4lt PdfGrabber, PdfEditor, PdfMerger und PdfPrinter.","robots":{"index":"index","follow":"follow","max-snippet":"max-snippet:-1","max-image-preview":"max-image-preview:large","max-video-preview":"max-video-preview:-1"},"canonical":"https:\/\/www.pixelplanet.com\/de\/pdftools-bundle\/herunterladen\/","og_locale":"de_DE","og_type":"article","og_title":"PdfTools Bundle herunterladen und kostenlos testen","og_description":"Hier findest Du Test- und Vollversionen von PdfTools-Bundle f\u00fcr Windows. Das Software-Paket enth\u00e4lt PdfGrabber, PdfEditor, PdfMerger und PdfPrinter.","og_url":"https:\/\/www.pixelplanet.com\/de\/pdftools-bundle\/herunterladen\/","og_site_name":"PixelPlanet.com - PDF-Software-Shop","article_publisher":"https:\/\/www.facebook.com\/PixelPlanet","article_modified_time":"2022-02-24T11:13:09+00:00","og_image":[{"width":1200,"height":630,"url":"https:\/\/www.pixelplanet.com\/wp-content\/uploads\/2018\/02\/FaceBook-Homepage-DE-1200x630.jpg","type":"image\/jpeg"}],"twitter_card":"summary_large_image","twitter_title":"PixelPlanet - Testversion \/ Vollversion","twitter_site":"@PixelPlanet","twitter_misc":{"Gesch\u00e4tzte Lesezeit":"1\u00a0Minute"},"schema":{"@context":"https:\/\/schema.org","@graph":[{"@type":"WebPage","@id":"https:\/\/www.pixelplanet.com\/de\/pdftools-bundle\/herunterladen\/","url":"https:\/\/www.pixelplanet.com\/de\/pdftools-bundle\/herunterladen\/","name":"PixelPlanet PdfTools Bundle herunterladen und kostenlos testen","isPartOf":{"@id":"https:\/\/www.pixelplanet.com\/de\/#website"},"datePublished":"2018-08-01T15:15:45+00:00","dateModified":"2022-02-24T11:13:09+00:00","description":"Hier findest Du Test- und Vollversionen von PdfTools-Bundle f\u00fcr Windows. Das Software-Paket enth\u00e4lt PdfGrabber, PdfEditor, PdfMerger und PdfPrinter.","breadcrumb":{"@id":"https:\/\/www.pixelplanet.com\/de\/pdftools-bundle\/herunterladen\/#breadcrumb"},"inLanguage":"de","potentialAction":[{"@type":"ReadAction","target":["https:\/\/www.pixelplanet.com\/de\/pdftools-bundle\/herunterladen\/"]}]},{"@type":"BreadcrumbList","@id":"https:\/\/www.pixelplanet.com\/de\/pdftools-bundle\/herunterladen\/#breadcrumb","itemListElement":[{"@type":"ListItem","position":1,"name":"Home","item":"https:\/\/www.pixelplanet.com\/de\/home\/"},{"@type":"ListItem","position":2,"name":"PdfTools Bundle","item":"https:\/\/www.pixelplanet.com\/de\/pdftools-bundle\/"},{"@type":"ListItem","position":3,"name":"Testversion \/ Vollversion"}]},{"@type":"WebSite","@id":"https:\/\/www.pixelplanet.com\/de\/#website","url":"https:\/\/www.pixelplanet.com\/de\/","name":"PixelPlanet.com - PDF-Software-Shop","description":"Edit, convert, create, merge and split PDF documents on Windows and Mac","publisher":{"@id":"https:\/\/www.pixelplanet.com\/de\/#organization"},"potentialAction":[{"@type":"SearchAction","target":{"@type":"EntryPoint","urlTemplate":"https:\/\/www.pixelplanet.com\/de\/?s={search_term_string}"},"query-input":{"@type":"PropertyValueSpecification","valueRequired":true,"valueName":"search_term_string"}}],"inLanguage":"de"},{"@type":"Organization","@id":"https:\/\/www.pixelplanet.com\/de\/#organization","name":"PixelPlanet","url":"https:\/\/www.pixelplanet.com\/de\/","logo":{"@type":"ImageObject","inLanguage":"de","@id":"https:\/\/www.pixelplanet.com\/de\/#\/schema\/logo\/image\/","url":"https:\/\/www.pixelplanet.com\/wp-content\/uploads\/2016\/12\/PixelPlanet-Logo-540x100.png","contentUrl":"https:\/\/www.pixelplanet.com\/wp-content\/uploads\/2016\/12\/PixelPlanet-Logo-540x100.png","width":540,"height":100,"caption":"PixelPlanet"},"image":{"@id":"https:\/\/www.pixelplanet.com\/de\/#\/schema\/logo\/image\/"},"sameAs":["https:\/\/www.facebook.com\/PixelPlanet","https:\/\/x.com\/PixelPlanet","https:\/\/www.instagram.com\/pixelplanet.software\/","https:\/\/linkedin.com\/company\/pixelplanet-software"]}]}},"_links":{"self":[{"href":"https:\/\/www.pixelplanet.com\/de\/wp-json\/wp\/v2\/pages\/14735","targetHints":{"allow":["GET"]}}],"collection":[{"href":"https:\/\/www.pixelplanet.com\/de\/wp-json\/wp\/v2\/pages"}],"about":[{"href":"https:\/\/www.pixelplanet.com\/de\/wp-json\/wp\/v2\/types\/page"}],"author":[{"embeddable":true,"href":"https:\/\/www.pixelplanet.com\/de\/wp-json\/wp\/v2\/users\/1"}],"replies":[{"embeddable":true,"href":"https:\/\/www.pixelplanet.com\/de\/wp-json\/wp\/v2\/comments?post=14735"}],"version-history":[{"count":0,"href":"https:\/\/www.pixelplanet.com\/de\/wp-json\/wp\/v2\/pages\/14735\/revisions"}],"up":[{"embeddable":true,"href":"https:\/\/www.pixelplanet.com\/de\/wp-json\/wp\/v2\/pages\/14603"}],"wp:attachment":[{"href":"https:\/\/www.pixelplanet.com\/de\/wp-json\/wp\/v2\/media?parent=14735"}],"curies":[{"name":"wp","href":"https:\/\/api.w.org\/{rel}","templated":true}]}}