{"id":15053,"date":"2018-08-05T21:27:14","date_gmt":"2018-08-05T19:27:14","guid":{"rendered":"https:\/\/www.pixelplanet.com\/?page_id=15053"},"modified":"2019-12-28T17:27:59","modified_gmt":"2019-12-28T16:27:59","slug":"digitale-signatur-pruefen","status":"publish","type":"page","link":"https:\/\/www.pixelplanet.com\/de\/support\/digitale-signatur-pruefen\/","title":{"rendered":"Digitale Signatur pr\u00fcfen"},"content":{"rendered":"<section class=\"l-section wpb_row us_custom_e11ab399 height_small\"><div class=\"l-section-h i-cf\"><div class=\"g-cols vc_row via_flex valign_middle type_default stacking_default\"><div class=\"vc_col-sm-6 wpb_column vc_column_container\"><div class=\"vc_column-inner\"><div class=\"wpb_wrapper\"><h1 class=\"w-post-elm post_title us_custom_607cd7e8 entry-title color_link_inherit\">Digitale Signatur pr\u00fcfen<\/h1><\/div><\/div><\/div><div class=\"vc_col-sm-6 wpb_column vc_column_container\"><div class=\"vc_column-inner\"><div class=\"wpb_wrapper\"><nav class=\"g-breadcrumbs us_custom_ea2be81a separator_icon align_right\"><div class=\"g-breadcrumbs-item\"><a href=\"https:\/\/www.pixelplanet.com\/de\/\">Start<\/a><meta content=\"1\"\/><\/div><div class=\"g-breadcrumbs-separator\"><i class=\"far fa-angle-right\"><\/i><\/div><div class=\"g-breadcrumbs-item\">Seiten<\/div><\/nav><\/div><\/div><\/div><\/div><\/div><\/section><section class=\"l-section wpb_row height_medium\"><div class=\"l-section-h i-cf\"><div class=\"g-cols vc_row via_flex valign_top type_default stacking_default\"><div class=\"vc_col-sm-12 wpb_column vc_column_container\"><div class=\"vc_column-inner\"><div class=\"wpb_wrapper\"><div class=\"wpb_text_column\"><div class=\"wpb_wrapper\"><h2>Digitale Signatur \u00fcberpr\u00fcfen<\/h2>\n<p>Unsere Software wird mit einer digitalen Signatur versehen.<\/p>\n<p>Anhand dieser Signatur k\u00f6nnen Sie feststellen, ob die installierten Software-Komponenten tats\u00e4chlich von PixelPlanet stammen oder ob diese nach der Auslieferung ver\u00e4ndert worden sind.<\/p>\n<p>Eine Manipulation z.B. durch Hacker, Viren oder Trojaner macht die digitale Signatur ung\u00fcltig bzw. ver\u00e4ndert deren &#8218;Fingerabdruck&#8216;.<\/p>\n<p>Um sicher zu gehen, dass die von Ihnen herunter geladene bzw. installierte Software vertrauensw\u00fcrdig und nicht gef\u00e4lscht ist, f\u00fchren Sie die unten beschriebene Prozedur zur \u00dcberpr\u00fcfung durch.<\/p>\n<h5>So pr\u00fcfen Sie<\/h5>\n<\/div><\/div><div class=\"wpb_text_column\"><div class=\"wpb_wrapper\"><p>1. Klicken Sie mit der rechten Maustaste auf die zu pr\u00fcfende Datei und w\u00e4hlen Sie im Kontextmen\u00fc &#8222;Eigenschaften&#8220;: <\/p>\n<\/div><\/div><div class=\"w-image align_none\"><div class=\"w-image-h\"><img decoding=\"async\" width=\"450\" height=\"525\" src=\"https:\/\/www.pixelplanet.com\/wp-content\/uploads\/2018\/05\/kontextmenue_datei.png\" class=\"attachment-us_768_0 size-us_768_0\" alt=\"Kontextmen\u00fc: Eigenschaften der Installationsdatei\" loading=\"lazy\" srcset=\"https:\/\/www.pixelplanet.com\/wp-content\/uploads\/2018\/05\/kontextmenue_datei.png 450w, https:\/\/www.pixelplanet.com\/wp-content\/uploads\/2018\/05\/kontextmenue_datei-312x364.png 312w, https:\/\/www.pixelplanet.com\/wp-content\/uploads\/2018\/05\/kontextmenue_datei-257x300.png 257w\" sizes=\"auto, (max-width: 450px) 100vw, 450px\" \/><\/div><\/div><div class=\"wpb_text_column\"><div class=\"wpb_wrapper\"><p>2. Auf der Registerseite &#8222;Digitale Signaturen&#8220; finden Sie die Signaturliste, in der ein Eintrag mit der Bezeichnung &#8218;PixelPlanet&#8216; zu finden ist: <\/p>\n<\/div><\/div><div class=\"w-image align_none\"><div class=\"w-image-h\"><img decoding=\"async\" width=\"401\" height=\"271\" src=\"https:\/\/www.pixelplanet.com\/wp-content\/uploads\/2018\/05\/registerkarte_digitale_signaturen.png\" class=\"attachment-us_768_0 size-us_768_0\" alt=\"Registerkarte &quot;Eigenschaften von Setup.exe&quot;\" loading=\"lazy\" srcset=\"https:\/\/www.pixelplanet.com\/wp-content\/uploads\/2018\/05\/registerkarte_digitale_signaturen.png 401w, https:\/\/www.pixelplanet.com\/wp-content\/uploads\/2018\/05\/registerkarte_digitale_signaturen-312x211.png 312w, https:\/\/www.pixelplanet.com\/wp-content\/uploads\/2018\/05\/registerkarte_digitale_signaturen-300x203.png 300w\" sizes=\"auto, (max-width: 401px) 100vw, 401px\" \/><\/div><\/div><div class=\"wpb_text_column\"><div class=\"wpb_wrapper\"><p>3. W\u00e4hlen Sie das Zertifikat mit dem Namen &#8218;PixelPlanet&#8216; und bet\u00e4tigen Sie anschlie\u00dfend die Schaltfl\u00e4che &#8218;Details&#8216;.<\/p>\n<p>Im folgenden Fenster erhalten Sie Detailinformationen zur verwendeten digitalen Signatur: <\/p>\n<\/div><\/div><div class=\"w-image align_none\"><div class=\"w-image-h\"><img decoding=\"async\" width=\"402\" height=\"359\" src=\"https:\/\/www.pixelplanet.com\/wp-content\/uploads\/2018\/05\/details_signatur.png\" class=\"attachment-us_768_0 size-us_768_0\" alt=\"Screenshot: Details der digitalen Signatur\" loading=\"lazy\" srcset=\"https:\/\/www.pixelplanet.com\/wp-content\/uploads\/2018\/05\/details_signatur.png 402w, https:\/\/www.pixelplanet.com\/wp-content\/uploads\/2018\/05\/details_signatur-312x279.png 312w, https:\/\/www.pixelplanet.com\/wp-content\/uploads\/2018\/05\/details_signatur-300x268.png 300w\" sizes=\"auto, (max-width: 402px) 100vw, 402px\" \/><\/div><\/div><div class=\"wpb_text_column\"><div class=\"wpb_wrapper\"><p>4. W\u00e4hlen Sie die Schaltfl\u00e4che &#8218;Zertifikat anzeigen&#8216;. Im folgenden Fenster wechseln Sie auf die Registerkarte &#8218;Details&#8216; und scrollen in der dortigen Liste nach unten, bis Sie den Eintrag &#8218;Fingerabdruck&#8216; erreichen: <\/p>\n<\/div><\/div><div class=\"w-image align_none\"><div class=\"w-image-h\"><img decoding=\"async\" width=\"401\" height=\"329\" src=\"https:\/\/www.pixelplanet.com\/wp-content\/uploads\/2018\/05\/zertifikat_fingerabdruck.png\" class=\"attachment-us_768_0 size-us_768_0\" alt=\"Screenshot: Fingerabdruckt der digitalen Signatur\" loading=\"lazy\" srcset=\"https:\/\/www.pixelplanet.com\/wp-content\/uploads\/2018\/05\/zertifikat_fingerabdruck.png 401w, https:\/\/www.pixelplanet.com\/wp-content\/uploads\/2018\/05\/zertifikat_fingerabdruck-312x256.png 312w, https:\/\/www.pixelplanet.com\/wp-content\/uploads\/2018\/05\/zertifikat_fingerabdruck-300x246.png 300w\" sizes=\"auto, (max-width: 401px) 100vw, 401px\" \/><\/div><\/div><div class=\"wpb_text_column\"><div class=\"wpb_wrapper\"><p>Dem Feld <strong>&#8218;Fingerabdruck&#8216;<\/strong> muss der folgende &#8218;Wert&#8216; zugewiesen sein:<\/p>\n<\/div><\/div><div class=\"wpb_text_column us_custom_eeff1f19\"><div class=\"wpb_wrapper\"><p><span style=\"font-family: Courier New, Courier, mono; font-size: small;\"><strong>Aktuelle Installationsdateien<\/strong>:<\/span><br \/>\n<span style=\"font-family: Courier New, Courier, mono; font-size: small;\">384a912c71675fbb210b2395770ec8417f8bf525<\/span><\/p>\n<p><span style=\"font-family: Courier New, Courier, mono; font-size: small;\">\u00c4ltere Installationsdateien:<\/span><br \/>\n<span style=\"font-family: Courier New, Courier, mono; font-size: small;\">3a 76 a0 80 87 a5 bb 18 c8 c4 75 dc 4e 3c 6f a2 b8 49 1c 10<\/span><\/p>\n<\/div><\/div><div class=\"wpb_text_column\"><div class=\"wpb_wrapper\"><p>5. Zus\u00e4tzlich k\u00f6nnen Sie noch den Wert f\u00fcr das Feld &#8218;\u00d6ffentlicher Schl\u00fcssel&#8216; \u00fcberpr\u00fcfen: <\/p>\n<\/div><\/div><div class=\"w-image align_none\"><div class=\"w-image-h\"><img decoding=\"async\" width=\"403\" height=\"404\" src=\"https:\/\/www.pixelplanet.com\/wp-content\/uploads\/2018\/05\/zertifikat_oeffentlicher_schluessel.png\" class=\"attachment-us_768_0 size-us_768_0\" alt=\"Screenshot: \u00d6ffentlicher Schl\u00fcssel\" loading=\"lazy\" srcset=\"https:\/\/www.pixelplanet.com\/wp-content\/uploads\/2018\/05\/zertifikat_oeffentlicher_schluessel.png 403w, https:\/\/www.pixelplanet.com\/wp-content\/uploads\/2018\/05\/zertifikat_oeffentlicher_schluessel-150x150.png 150w, https:\/\/www.pixelplanet.com\/wp-content\/uploads\/2018\/05\/zertifikat_oeffentlicher_schluessel-312x313.png 312w, https:\/\/www.pixelplanet.com\/wp-content\/uploads\/2018\/05\/zertifikat_oeffentlicher_schluessel-300x300.png 300w, https:\/\/www.pixelplanet.com\/wp-content\/uploads\/2018\/05\/zertifikat_oeffentlicher_schluessel-350x350.png 350w\" sizes=\"auto, (max-width: 403px) 100vw, 403px\" \/><\/div><\/div><div class=\"wpb_text_column us_custom_eeff1f19\"><div class=\"wpb_wrapper\"><p><span style=\"font-family: Courier New, Courier, mono; font-size: small;\"><strong>Aktuelle Installationsdateien<\/strong>:<\/span><br \/>\n<span style=\"font-family: Courier New, Courier, mono; font-size: small;\">30 82 01 0a 02 82 01 01 00 c2 30 92 bb 61 c6 fb 32 08 56 8e ca e3 56 0e eb a5 e7 fd fa c6 10 d0 b2 44 dd db ee 4e 78 2f bd 62 5e 98 ee 4b e3 c8 22 5b 46 02 e8 92 11 49 8a 54 fd 67 87 29 c6 97 57 b9 a8 13 c0 d3 c6 0b 47 0d e0 08 3d 45 11 a6 6e a8 db 0a 6d d7 fd ab 7f 7c 26 a7 d1 db eb b7 db 0c 37 c8 26 15 66 9c 9c 27 c4 20 c7 3e c8 4d 86 31 cb 10 63 1c cd 5a c8 28 94 ca f2 47 75 d7 26 85 ff 8c 7b e5 45 e4 4d 72 c4 03 c0 39 05 1c f0 f1 62 34 a6 1b 61 35 fc 0a 00 eb 34 92 2b 72 19 c2 dc f9 c7 a6 f5 d2 a4 ed 55 92 07 fa 5d 8c 0d ac 99 cd 59 2b 7c 64 7e 77 37 9b 24 b4 f4 35 da e8 ef e5 bf 05 f5 3c de 25 05 30 6e 91 ef 0a bd 27 6f 3b 1b 0c 24 8e 1e 5f 48 94 1c a1 09 17 e0 d2 7b 70 96 73 89 03 b7 10 f5 29 45 cb cc bb d3 6c 77 a5 b4 15 c2 c1 a8 4e f7 6b 2c df 9e 71 6d ec 92 82 0d 31 c2 5e c9 02 03 01 00 01<\/span><\/p>\n<p><span style=\"font-family: Courier New, Courier, mono; font-size: small;\"> \u00c4ltere Installationsdateien:<\/span><br \/>\n<span style=\"font-family: Courier New, Courier, mono; font-size: small;\">30 82 01 0a 02 82 01 01 00 d3 52 5c f5 b1 18 d8 a1 b9 5d c1 a5 d2 61 2f 00 bc ed 77 bb 6d 76 91 7b 80 2a 2b 3c a1 1b 87 b7 40 f6 c2 e2 5b f8 ba 01 31 8b d3 bf f7 7b 0e 85 2b a3 e1 92 a9 7c 34 a5 09 21 4c 8b b6 ef a0 a4 8d f9 fc a0 f4 6d fd 66 16 bc b3 35 39 c3 51 43 10 9d db 86 34 85 4f 30 9c 79 12 41 29 71 75 ec 89 62 d2 7c 37 55 f5 f7 13 20 d8 13 70 31 0f a6 88 0e 03 ab 10 a3 2f d1 d1 b3 d5 6b 91 cf cc f4 5f 4c 6d 5c 2c 1a 83 c5 70 89 a5 b1 7c 1b fd d1 56 69 6e ad 21 40 a0 32 14 ca 8d 41 52 0f 05 3f 37 ea 0c c8 7d 61 a2 a7 64 7a da 09 c8 cd a3 b2 c9 61 61 f6 77 d1 21 6c 4d 57 ce 34 d1 78 90 c7 6d 9d c7 6f a4 bd 78 e6 7e a2 09 99 5c c4 7d fb ec c0 2a 21 cb 5b 26 34 a9 a9 47 5b 2f 9a c2 cf 5e b2 a0 61 1e 42 13 dd 64 e8 0e ae cb 53 8d 9b 75 37 dc a0 5d 25 28 03 fc ac 82 61 5f ad b1 ef 02 03 01 00 01<\/span><\/p>\n<\/div><\/div><div class=\"w-separator size_medium\"><\/div><div class=\"wpb_text_column\"><div class=\"wpb_wrapper\"><p>Die digitale Signatur ist g\u00fcltig bis: <strong>Montag, 07. Dezember 2020 13:00:00<\/strong><\/p>\n<p>Wenn bei der \u00dcberpr\u00fcfung der oben angegebene Werte Abweichungen auftreten, kontaktieren Sie bitte Ihren Systemadministrator oder wenden Sie sich an unseren <a href=\"https:\/\/www.pixelplanet.com\/de\/kontakt\/\">Support<\/a>.<\/p>\n<\/div><\/div><\/div><\/div><\/div><\/div><\/div><\/section><section class=\"l-section wpb_row height_medium color_primary\"><div class=\"l-section-h i-cf\"><div class=\"g-cols vc_row via_flex valign_top type_default stacking_default\"><div class=\"vc_col-sm-12 wpb_column vc_column_container\"><div class=\"vc_column-inner\"><div class=\"wpb_wrapper\"><div class=\"w-actionbox color_primary controls_right\"><div class=\"w-actionbox-text\"><h2 class=\"w-actionbox-title\">Alles was man f\u00fcr PDF braucht!<\/h2><div class=\"w-actionbox-description\"><p>Unsere PdfTools Suite enth\u00e4lt alle wichtigen PdfTools: PdfGrabber, PdfEditor, PdfCrypter, PdfPrinter and PdfMerger. Kosteng\u00fcnstige Bundle- und Suite-Angebote finden Sie in unserem Online-Shop.<\/p>\n<\/div><\/div><div class=\"w-actionbox-controls\"><a class=\"w-btn us-btn-style_6 icon_atleft\" style=\"font-size:16px\" href=\"https:\/\/www.pixelplanet.com\/de\/bundle\/download\/\"><i class=\"fas fa-download\"><\/i><span class=\"w-btn-label\">Kostenlos testen<\/span><\/a><\/div><\/div><\/div><\/div><\/div><\/div><\/div><\/section>\n","protected":false},"excerpt":{"rendered":"Digitale Signatur pr\u00fcfenStartSeitenDigitale Signatur \u00fcberpr\u00fcfen Unsere Software wird mit einer digitalen Signatur versehen. Anhand dieser Signatur k\u00f6nnen Sie feststellen, ob die installierten Software-Komponenten tats\u00e4chlich von PixelPlanet stammen oder ob diese nach der Auslieferung ver\u00e4ndert worden sind. Eine Manipulation z.B. durch Hacker, Viren oder Trojaner macht die digitale Signatur ung\u00fcltig bzw. ver\u00e4ndert deren &#8218;Fingerabdruck&#8216;. Um sicher...","protected":false},"author":1,"featured_media":0,"parent":15103,"menu_order":5,"comment_status":"closed","ping_status":"closed","template":"","meta":{"footnotes":""},"class_list":["post-15053","page","type-page","status-publish","hentry"],"yoast_head":"<!-- This site is optimized with the Yoast SEO Premium plugin v27.3 (Yoast SEO v27.3) - https:\/\/yoast.com\/product\/yoast-seo-premium-wordpress\/ -->\n<title>PixelPlanet - Digitale Signatur pr\u00fcfen<\/title>\n<meta name=\"robots\" content=\"noindex, follow\" \/>\n<meta property=\"og:locale\" content=\"de_DE\" \/>\n<meta property=\"og:type\" content=\"article\" \/>\n<meta property=\"og:title\" content=\"PixelPlanet - Digitale Signatur pr\u00fcfen\" \/>\n<meta property=\"og:url\" content=\"https:\/\/www.pixelplanet.com\/de\/support\/digitale-signatur-pruefen\/\" \/>\n<meta property=\"og:site_name\" content=\"PixelPlanet.com - PDF-Software-Shop\" \/>\n<meta property=\"article:publisher\" content=\"https:\/\/www.facebook.com\/PixelPlanet\" \/>\n<meta property=\"article:modified_time\" content=\"2019-12-28T16:27:59+00:00\" \/>\n<meta property=\"og:image\" content=\"https:\/\/www.pixelplanet.com\/wp-content\/uploads\/2018\/02\/FaceBook-Homepage-DE-1200x630.jpg\" \/>\n\t<meta property=\"og:image:width\" content=\"1200\" \/>\n\t<meta property=\"og:image:height\" content=\"630\" \/>\n\t<meta property=\"og:image:type\" content=\"image\/jpeg\" \/>\n<meta name=\"twitter:card\" content=\"summary_large_image\" \/>\n<meta name=\"twitter:site\" content=\"@PixelPlanet\" \/>\n<meta name=\"twitter:label1\" content=\"Gesch\u00e4tzte Lesezeit\" \/>\n\t<meta name=\"twitter:data1\" content=\"5\u00a0Minuten\" \/>\n<script type=\"application\/ld+json\" class=\"yoast-schema-graph\">{\"@context\":\"https:\\\/\\\/schema.org\",\"@graph\":[{\"@type\":\"WebPage\",\"@id\":\"https:\\\/\\\/www.pixelplanet.com\\\/de\\\/support\\\/digitale-signatur-pruefen\\\/\",\"url\":\"https:\\\/\\\/www.pixelplanet.com\\\/de\\\/support\\\/digitale-signatur-pruefen\\\/\",\"name\":\"PixelPlanet - Digitale Signatur pr\u00fcfen\",\"isPartOf\":{\"@id\":\"https:\\\/\\\/www.pixelplanet.com\\\/de\\\/#website\"},\"datePublished\":\"2018-08-05T19:27:14+00:00\",\"dateModified\":\"2019-12-28T16:27:59+00:00\",\"breadcrumb\":{\"@id\":\"https:\\\/\\\/www.pixelplanet.com\\\/de\\\/support\\\/digitale-signatur-pruefen\\\/#breadcrumb\"},\"inLanguage\":\"de\",\"potentialAction\":[{\"@type\":\"ReadAction\",\"target\":[\"https:\\\/\\\/www.pixelplanet.com\\\/de\\\/support\\\/digitale-signatur-pruefen\\\/\"]}]},{\"@type\":\"BreadcrumbList\",\"@id\":\"https:\\\/\\\/www.pixelplanet.com\\\/de\\\/support\\\/digitale-signatur-pruefen\\\/#breadcrumb\",\"itemListElement\":[{\"@type\":\"ListItem\",\"position\":1,\"name\":\"Home\",\"item\":\"https:\\\/\\\/www.pixelplanet.com\\\/de\\\/home\\\/\"},{\"@type\":\"ListItem\",\"position\":2,\"name\":\"Hilfe &#038; Support\",\"item\":\"https:\\\/\\\/www.pixelplanet.com\\\/de\\\/support\\\/\"},{\"@type\":\"ListItem\",\"position\":3,\"name\":\"Digitale Signatur pr\u00fcfen\"}]},{\"@type\":\"WebSite\",\"@id\":\"https:\\\/\\\/www.pixelplanet.com\\\/de\\\/#website\",\"url\":\"https:\\\/\\\/www.pixelplanet.com\\\/de\\\/\",\"name\":\"PixelPlanet.com - PDF-Software-Shop\",\"description\":\"Edit, convert, create, merge and split PDF documents on Windows and Mac\",\"publisher\":{\"@id\":\"https:\\\/\\\/www.pixelplanet.com\\\/de\\\/#organization\"},\"potentialAction\":[{\"@type\":\"SearchAction\",\"target\":{\"@type\":\"EntryPoint\",\"urlTemplate\":\"https:\\\/\\\/www.pixelplanet.com\\\/de\\\/?s={search_term_string}\"},\"query-input\":{\"@type\":\"PropertyValueSpecification\",\"valueRequired\":true,\"valueName\":\"search_term_string\"}}],\"inLanguage\":\"de\"},{\"@type\":\"Organization\",\"@id\":\"https:\\\/\\\/www.pixelplanet.com\\\/de\\\/#organization\",\"name\":\"PixelPlanet\",\"url\":\"https:\\\/\\\/www.pixelplanet.com\\\/de\\\/\",\"logo\":{\"@type\":\"ImageObject\",\"inLanguage\":\"de\",\"@id\":\"https:\\\/\\\/www.pixelplanet.com\\\/de\\\/#\\\/schema\\\/logo\\\/image\\\/\",\"url\":\"https:\\\/\\\/www.pixelplanet.com\\\/wp-content\\\/uploads\\\/2016\\\/12\\\/PixelPlanet-Logo-540x100.png\",\"contentUrl\":\"https:\\\/\\\/www.pixelplanet.com\\\/wp-content\\\/uploads\\\/2016\\\/12\\\/PixelPlanet-Logo-540x100.png\",\"width\":540,\"height\":100,\"caption\":\"PixelPlanet\"},\"image\":{\"@id\":\"https:\\\/\\\/www.pixelplanet.com\\\/de\\\/#\\\/schema\\\/logo\\\/image\\\/\"},\"sameAs\":[\"https:\\\/\\\/www.facebook.com\\\/PixelPlanet\",\"https:\\\/\\\/x.com\\\/PixelPlanet\",\"https:\\\/\\\/www.instagram.com\\\/pixelplanet.software\\\/\",\"https:\\\/\\\/linkedin.com\\\/company\\\/pixelplanet-software\"]}]}<\/script>\n<!-- \/ Yoast SEO Premium plugin. -->","yoast_head_json":{"title":"PixelPlanet - Digitale Signatur pr\u00fcfen","robots":{"index":"noindex","follow":"follow"},"og_locale":"de_DE","og_type":"article","og_title":"PixelPlanet - Digitale Signatur pr\u00fcfen","og_url":"https:\/\/www.pixelplanet.com\/de\/support\/digitale-signatur-pruefen\/","og_site_name":"PixelPlanet.com - PDF-Software-Shop","article_publisher":"https:\/\/www.facebook.com\/PixelPlanet","article_modified_time":"2019-12-28T16:27:59+00:00","og_image":[{"width":1200,"height":630,"url":"https:\/\/www.pixelplanet.com\/wp-content\/uploads\/2018\/02\/FaceBook-Homepage-DE-1200x630.jpg","type":"image\/jpeg"}],"twitter_card":"summary_large_image","twitter_site":"@PixelPlanet","twitter_misc":{"Gesch\u00e4tzte Lesezeit":"5\u00a0Minuten"},"schema":{"@context":"https:\/\/schema.org","@graph":[{"@type":"WebPage","@id":"https:\/\/www.pixelplanet.com\/de\/support\/digitale-signatur-pruefen\/","url":"https:\/\/www.pixelplanet.com\/de\/support\/digitale-signatur-pruefen\/","name":"PixelPlanet - Digitale Signatur pr\u00fcfen","isPartOf":{"@id":"https:\/\/www.pixelplanet.com\/de\/#website"},"datePublished":"2018-08-05T19:27:14+00:00","dateModified":"2019-12-28T16:27:59+00:00","breadcrumb":{"@id":"https:\/\/www.pixelplanet.com\/de\/support\/digitale-signatur-pruefen\/#breadcrumb"},"inLanguage":"de","potentialAction":[{"@type":"ReadAction","target":["https:\/\/www.pixelplanet.com\/de\/support\/digitale-signatur-pruefen\/"]}]},{"@type":"BreadcrumbList","@id":"https:\/\/www.pixelplanet.com\/de\/support\/digitale-signatur-pruefen\/#breadcrumb","itemListElement":[{"@type":"ListItem","position":1,"name":"Home","item":"https:\/\/www.pixelplanet.com\/de\/home\/"},{"@type":"ListItem","position":2,"name":"Hilfe &#038; Support","item":"https:\/\/www.pixelplanet.com\/de\/support\/"},{"@type":"ListItem","position":3,"name":"Digitale Signatur pr\u00fcfen"}]},{"@type":"WebSite","@id":"https:\/\/www.pixelplanet.com\/de\/#website","url":"https:\/\/www.pixelplanet.com\/de\/","name":"PixelPlanet.com - PDF-Software-Shop","description":"Edit, convert, create, merge and split PDF documents on Windows and Mac","publisher":{"@id":"https:\/\/www.pixelplanet.com\/de\/#organization"},"potentialAction":[{"@type":"SearchAction","target":{"@type":"EntryPoint","urlTemplate":"https:\/\/www.pixelplanet.com\/de\/?s={search_term_string}"},"query-input":{"@type":"PropertyValueSpecification","valueRequired":true,"valueName":"search_term_string"}}],"inLanguage":"de"},{"@type":"Organization","@id":"https:\/\/www.pixelplanet.com\/de\/#organization","name":"PixelPlanet","url":"https:\/\/www.pixelplanet.com\/de\/","logo":{"@type":"ImageObject","inLanguage":"de","@id":"https:\/\/www.pixelplanet.com\/de\/#\/schema\/logo\/image\/","url":"https:\/\/www.pixelplanet.com\/wp-content\/uploads\/2016\/12\/PixelPlanet-Logo-540x100.png","contentUrl":"https:\/\/www.pixelplanet.com\/wp-content\/uploads\/2016\/12\/PixelPlanet-Logo-540x100.png","width":540,"height":100,"caption":"PixelPlanet"},"image":{"@id":"https:\/\/www.pixelplanet.com\/de\/#\/schema\/logo\/image\/"},"sameAs":["https:\/\/www.facebook.com\/PixelPlanet","https:\/\/x.com\/PixelPlanet","https:\/\/www.instagram.com\/pixelplanet.software\/","https:\/\/linkedin.com\/company\/pixelplanet-software"]}]}},"_links":{"self":[{"href":"https:\/\/www.pixelplanet.com\/de\/wp-json\/wp\/v2\/pages\/15053","targetHints":{"allow":["GET"]}}],"collection":[{"href":"https:\/\/www.pixelplanet.com\/de\/wp-json\/wp\/v2\/pages"}],"about":[{"href":"https:\/\/www.pixelplanet.com\/de\/wp-json\/wp\/v2\/types\/page"}],"author":[{"embeddable":true,"href":"https:\/\/www.pixelplanet.com\/de\/wp-json\/wp\/v2\/users\/1"}],"replies":[{"embeddable":true,"href":"https:\/\/www.pixelplanet.com\/de\/wp-json\/wp\/v2\/comments?post=15053"}],"version-history":[{"count":0,"href":"https:\/\/www.pixelplanet.com\/de\/wp-json\/wp\/v2\/pages\/15053\/revisions"}],"up":[{"embeddable":true,"href":"https:\/\/www.pixelplanet.com\/de\/wp-json\/wp\/v2\/pages\/15103"}],"wp:attachment":[{"href":"https:\/\/www.pixelplanet.com\/de\/wp-json\/wp\/v2\/media?parent=15053"}],"curies":[{"name":"wp","href":"https:\/\/api.w.org\/{rel}","templated":true}]}}