{"id":15295,"date":"2018-08-06T18:40:49","date_gmt":"2018-08-06T16:40:49","guid":{"rendered":"https:\/\/www.pixelplanet.com\/?page_id=15295"},"modified":"2025-02-12T00:18:20","modified_gmt":"2025-02-11T23:18:20","slug":"downloads","status":"publish","type":"page","link":"https:\/\/www.pixelplanet.com\/de\/downloads\/","title":{"rendered":"Download Test- &#038; Vollversionen"},"content":{"rendered":"<section class=\"l-section wpb_row us_custom_e11ab399 height_small\"><div class=\"l-section-h i-cf\"><div class=\"g-cols vc_row via_flex valign_middle type_default stacking_default\"><div class=\"vc_col-sm-6 wpb_column vc_column_container\"><div class=\"vc_column-inner\"><div class=\"wpb_wrapper\"><h1 class=\"w-post-elm post_title us_custom_607cd7e8 entry-title color_link_inherit\">Download Test- &#038; Vollversionen<\/h1><\/div><\/div><\/div><div class=\"vc_col-sm-6 wpb_column vc_column_container\"><div class=\"vc_column-inner\"><div class=\"wpb_wrapper\"><nav class=\"g-breadcrumbs us_custom_ea2be81a separator_icon align_right\"><div class=\"g-breadcrumbs-item\"><a href=\"https:\/\/www.pixelplanet.com\/de\/\">Start<\/a><meta content=\"1\"\/><\/div><div class=\"g-breadcrumbs-separator\"><i class=\"far fa-angle-right\"><\/i><\/div><div class=\"g-breadcrumbs-item\">Seiten<\/div><\/nav><\/div><\/div><\/div><\/div><\/div><\/section><section class=\"l-section wpb_row height_medium\"><div class=\"l-section-h i-cf\"><div class=\"g-cols vc_row via_flex valign_middle type_default stacking_default\"><div class=\"vc_col-sm-3 wpb_column vc_column_container\"><div class=\"vc_column-inner\"><div class=\"wpb_wrapper\"><div class=\"w-iconbox iconpos_top style_default color_primary align_center icontype_img\"><a href=\"https:\/\/www.pixelplanet.com\/de\/pdfeditor\/herunterladen\/\" class=\"w-iconbox-link\" aria-label=\"PdfEditor\"><div class=\"w-iconbox-icon\" style=\"font-size:128px;\"><img loading=\"lazy\" decoding=\"async\" width=\"256\" height=\"256\" src=\"https:\/\/www.pixelplanet.com\/wp-content\/uploads\/2017\/11\/PdfEditor-Icon-WINDOWS-256x256.png\" class=\"attachment-full size-full\" alt=\"\" srcset=\"https:\/\/www.pixelplanet.com\/wp-content\/uploads\/2017\/11\/PdfEditor-Icon-WINDOWS-256x256.png 256w, https:\/\/www.pixelplanet.com\/wp-content\/uploads\/2017\/11\/PdfEditor-Icon-WINDOWS-256x256-150x150.png 150w\" sizes=\"auto, (max-width: 256px) 100vw, 256px\" \/><\/div><\/a><div class=\"w-iconbox-meta\"><h4 class=\"w-iconbox-title\"><a href=\"https:\/\/www.pixelplanet.com\/de\/pdfeditor\/herunterladen\/\" class=\"w-iconbox-link\" aria-label=\"PdfEditor\">PdfEditor<\/a><\/h4><div class=\"w-iconbox-text\"><p>Hier findest Du die Download-Seite f\u00fcr PdfEditor&#8230;<\/p>\n<\/div><\/div><\/div><div class=\"w-btn-wrapper align_center\"><a class=\"w-btn us-btn-style_7 us_custom_f73f4019 icon_atright\" href=\"https:\/\/www.pixelplanet.com\/de\/pdfeditor\/herunterladen\/\"><span class=\"w-btn-label\">Herunterladen<\/span><i class=\"fas fa-angle-double-right\"><\/i><\/a><\/div><\/div><\/div><\/div><div class=\"vc_col-sm-3 wpb_column vc_column_container\"><div class=\"vc_column-inner\"><div class=\"wpb_wrapper\"><div class=\"w-iconbox iconpos_top style_default color_primary align_center icontype_img\"><a href=\"https:\/\/www.pixelplanet.com\/de\/pdfgrabber\/herunterladen\/\" class=\"w-iconbox-link\" aria-label=\"PdfGrabber\"><div class=\"w-iconbox-icon\" style=\"font-size:128px;\"><img loading=\"lazy\" decoding=\"async\" width=\"256\" height=\"256\" src=\"https:\/\/www.pixelplanet.com\/wp-content\/uploads\/2017\/11\/PdfGrabber-Icon-WINDOWS-256x256.png\" class=\"attachment-full size-full\" alt=\"\" srcset=\"https:\/\/www.pixelplanet.com\/wp-content\/uploads\/2017\/11\/PdfGrabber-Icon-WINDOWS-256x256.png 256w, https:\/\/www.pixelplanet.com\/wp-content\/uploads\/2017\/11\/PdfGrabber-Icon-WINDOWS-256x256-150x150.png 150w\" sizes=\"auto, (max-width: 256px) 100vw, 256px\" \/><\/div><\/a><div class=\"w-iconbox-meta\"><h4 class=\"w-iconbox-title\"><a href=\"https:\/\/www.pixelplanet.com\/de\/pdfgrabber\/herunterladen\/\" class=\"w-iconbox-link\" aria-label=\"PdfGrabber\">PdfGrabber<\/a><\/h4><div class=\"w-iconbox-text\"><p>Hier findest Du die Download-Seite f\u00fcr PdfGrabber&#8230;<\/p>\n<\/div><\/div><\/div><div class=\"w-btn-wrapper align_center\"><a class=\"w-btn us-btn-style_7 us_custom_f73f4019 icon_atright\" href=\"https:\/\/www.pixelplanet.com\/de\/pdfgrabber\/herunterladen\/\"><span class=\"w-btn-label\">Herunterladen<\/span><i class=\"fas fa-angle-double-right\"><\/i><\/a><\/div><\/div><\/div><\/div><div class=\"vc_col-sm-3 wpb_column vc_column_container\"><div class=\"vc_column-inner\"><div class=\"wpb_wrapper\"><div class=\"w-iconbox iconpos_top style_default color_custom align_center icontype_img\"><a href=\"https:\/\/www.pixelplanet.com\/de\/pdfprinter\/herunterladen\/\" class=\"w-iconbox-link\" aria-label=\"PdfPrinter\"><div class=\"w-iconbox-icon\" style=\"font-size:128px;--icon-color:#ffffff;\"><img loading=\"lazy\" decoding=\"async\" width=\"256\" height=\"256\" src=\"https:\/\/www.pixelplanet.com\/wp-content\/uploads\/2017\/11\/PdfPrinter-Icon-256x256.png\" class=\"attachment-full size-full\" alt=\"\" srcset=\"https:\/\/www.pixelplanet.com\/wp-content\/uploads\/2017\/11\/PdfPrinter-Icon-256x256.png 256w, https:\/\/www.pixelplanet.com\/wp-content\/uploads\/2017\/11\/PdfPrinter-Icon-256x256-150x150.png 150w\" sizes=\"auto, (max-width: 256px) 100vw, 256px\" \/><\/div><\/a><div class=\"w-iconbox-meta\"><h4 class=\"w-iconbox-title\"><a href=\"https:\/\/www.pixelplanet.com\/de\/pdfprinter\/herunterladen\/\" class=\"w-iconbox-link\" aria-label=\"PdfPrinter\">PdfPrinter<\/a><\/h4><div class=\"w-iconbox-text\"><p>Hier findest Du die Download-Seite f\u00fcr PdfPrinter&#8230;<\/p>\n<\/div><\/div><\/div><div class=\"w-btn-wrapper align_center\"><a class=\"w-btn us-btn-style_7 us_custom_f73f4019 icon_atright\" href=\"https:\/\/www.pixelplanet.com\/de\/pdfprinter\/herunterladen\/\"><span class=\"w-btn-label\">Herunterladen<\/span><i class=\"fas fa-angle-double-right\"><\/i><\/a><\/div><\/div><\/div><\/div><div class=\"vc_col-sm-3 wpb_column vc_column_container\"><div class=\"vc_column-inner\"><div class=\"wpb_wrapper\"><div class=\"w-iconbox iconpos_top style_default color_custom align_center icontype_img\"><a href=\"https:\/\/www.pixelplanet.com\/de\/pdfcrypter\/herunterladen\/\" class=\"w-iconbox-link\" aria-label=\"PdfCrypter\"><div class=\"w-iconbox-icon\" style=\"font-size:128px;--icon-color:#ffffff;\"><img loading=\"lazy\" decoding=\"async\" width=\"192\" height=\"192\" src=\"https:\/\/www.pixelplanet.com\/wp-content\/uploads\/2017\/11\/PdfCrypter-Icon-256x256.png\" class=\"attachment-full size-full\" alt=\"\" srcset=\"https:\/\/www.pixelplanet.com\/wp-content\/uploads\/2017\/11\/PdfCrypter-Icon-256x256.png 192w, https:\/\/www.pixelplanet.com\/wp-content\/uploads\/2017\/11\/PdfCrypter-Icon-256x256-150x150.png 150w\" sizes=\"auto, (max-width: 192px) 100vw, 192px\" \/><\/div><\/a><div class=\"w-iconbox-meta\"><h4 class=\"w-iconbox-title\"><a href=\"https:\/\/www.pixelplanet.com\/de\/pdfcrypter\/herunterladen\/\" class=\"w-iconbox-link\" aria-label=\"PdfCrypter\">PdfCrypter<\/a><\/h4><div class=\"w-iconbox-text\"><p>Hier findest Du die Download-Seite f\u00fcr PdfCrypter&#8230;<\/p>\n<\/div><\/div><\/div><div class=\"w-btn-wrapper align_center\"><a class=\"w-btn us-btn-style_7 us_custom_f73f4019 icon_atright\" href=\"https:\/\/www.pixelplanet.com\/de\/pdfcrypter\/herunterladen\/\"><span class=\"w-btn-label\">Herunterladen<\/span><i class=\"fas fa-angle-double-right\"><\/i><\/a><\/div><\/div><\/div><\/div><\/div><\/div><\/section><section class=\"l-section wpb_row height_medium\"><div class=\"l-section-h i-cf\"><div class=\"g-cols vc_row via_flex valign_middle type_default stacking_default\"><div class=\"vc_col-sm-3 wpb_column vc_column_container\"><div class=\"vc_column-inner\"><div class=\"wpb_wrapper\"><div class=\"w-iconbox iconpos_top style_default color_custom align_center icontype_img\"><a href=\"https:\/\/www.pixelplanet.com\/de\/pdftools-bundle\/herunterladen\/\" class=\"w-iconbox-link\" aria-label=\"PdfTools Bundle\"><div class=\"w-iconbox-icon\" style=\"font-size:105px;--icon-color:#ffffff;\"><img loading=\"lazy\" decoding=\"async\" width=\"312\" height=\"380\" src=\"https:\/\/www.pixelplanet.com\/wp-content\/uploads\/2017\/11\/Bundle-Boxshot-DEU.png\" class=\"attachment-full size-full\" alt=\"\" \/><\/div><\/a><div class=\"w-iconbox-meta\"><h4 class=\"w-iconbox-title\"><a href=\"https:\/\/www.pixelplanet.com\/de\/pdftools-bundle\/herunterladen\/\" class=\"w-iconbox-link\" aria-label=\"PdfTools Bundle\">PdfTools Bundle<\/a><\/h4><div class=\"w-iconbox-text\"><p>Hier kannst Du das PdfTools Bundle herunterladen&#8230;<\/p>\n<\/div><\/div><\/div><div class=\"w-btn-wrapper align_center\"><a class=\"w-btn us-btn-style_7 us_custom_f73f4019 icon_atright\" href=\"https:\/\/www.pixelplanet.com\/de\/pdftools-bundle\/herunterladen\/\"><span class=\"w-btn-label\">Herunterladen<\/span><i class=\"fas fa-angle-double-right\"><\/i><\/a><\/div><\/div><\/div><\/div><div class=\"vc_col-sm-3 wpb_column vc_column_container\"><div class=\"vc_column-inner\"><div class=\"wpb_wrapper\"><div class=\"w-iconbox iconpos_top style_default color_custom align_center icontype_img\"><a href=\"https:\/\/www.pixelplanet.com\/de\/pdftools-suite\/herunterladen\/\" class=\"w-iconbox-link\" aria-label=\"PdfTools Suite\"><div class=\"w-iconbox-icon\" style=\"font-size:105px;--icon-color:#ffffff;\"><img loading=\"lazy\" decoding=\"async\" width=\"312\" height=\"380\" src=\"https:\/\/www.pixelplanet.com\/wp-content\/uploads\/2017\/11\/Suite-Boxshot-DEU.png\" class=\"attachment-full size-full\" alt=\"\" srcset=\"https:\/\/www.pixelplanet.com\/wp-content\/uploads\/2017\/11\/Suite-Boxshot-DEU.png 312w, https:\/\/www.pixelplanet.com\/wp-content\/uploads\/2017\/11\/Suite-Boxshot-DEU-246x300.png 246w\" sizes=\"auto, (max-width: 312px) 100vw, 312px\" \/><\/div><\/a><div class=\"w-iconbox-meta\"><h4 class=\"w-iconbox-title\"><a href=\"https:\/\/www.pixelplanet.com\/de\/pdftools-suite\/herunterladen\/\" class=\"w-iconbox-link\" aria-label=\"PdfTools Suite\">PdfTools Suite<\/a><\/h4><div class=\"w-iconbox-text\"><p>Hier kannst Du die PdfTools Suite herunterladen&#8230;<\/p>\n<\/div><\/div><\/div><div class=\"w-btn-wrapper align_center\"><a class=\"w-btn us-btn-style_7 us_custom_f73f4019 icon_atright\" href=\"https:\/\/www.pixelplanet.com\/de\/pdftools-suite\/herunterladen\/\"><span class=\"w-btn-label\">Herunterladen<\/span><i class=\"fas fa-angle-double-right\"><\/i><\/a><\/div><\/div><\/div><\/div><div class=\"vc_col-sm-3 wpb_column vc_column_container\"><div class=\"vc_column-inner\"><div class=\"wpb_wrapper\"><\/div><\/div><\/div><div class=\"vc_col-sm-3 wpb_column vc_column_container\"><div class=\"vc_column-inner\"><div class=\"wpb_wrapper\"><\/div><\/div><\/div><\/div><\/div><\/section><section class=\"l-section wpb_row height_medium color_primary\"><div class=\"l-section-h i-cf\"><div class=\"g-cols vc_row via_flex valign_top type_default stacking_default\"><div class=\"vc_col-sm-12 wpb_column vc_column_container\"><div class=\"vc_column-inner\"><div class=\"wpb_wrapper\"><div class=\"w-actionbox color_primary controls_right\"><div class=\"w-actionbox-text\"><h2 class=\"w-actionbox-title\">Alles, was man f\u00fcr PDF braucht!<\/h2><div class=\"w-actionbox-description\"><p>Unsere PdfTools Suite enth\u00e4lt alles, was Sie f\u00fcr PDF brauchen: PdfGrabber, PdfEditor, PdfCrypter, PdfPrinter and PdfMerger.<\/p>\n<p>Und das Beste: mit der Suite sparen Sie \u00fcber 30% gegen\u00fcber dem Einzelkauf!<\/p>\n<\/div><\/div><div class=\"w-actionbox-controls\"><a class=\"w-btn us-btn-style_8 icon_atleft\" style=\"font-size:16px\" href=\"https:\/\/www.pixelplanet.com\/pdftools-suite\/download\/\"><i class=\"fas fa-download\"><\/i><span class=\"w-btn-label\">Kostenlos testen<\/span><\/a><a class=\"w-btn us-btn-style_6 icon_atleft\" style=\"font-size:16px\" href=\"https:\/\/www.pixelplanet.com\/de\/produkt\/pdftools-suite\/\"><i class=\"fas fa-shopping-cart\"><\/i><span class=\"w-btn-label\">Jetzt kaufen<\/span><\/a><\/div><\/div><\/div><\/div><\/div><\/div><\/div><\/section>\n","protected":false},"excerpt":{"rendered":"Download Test- &#038; VollversionenStartSeitenPdfEditorHier findest Du die Download-Seite f\u00fcr PdfEditor... HerunterladenPdfGrabberHier findest Du die Download-Seite f\u00fcr PdfGrabber... HerunterladenPdfPrinterHier findest Du die Download-Seite f\u00fcr PdfPrinter... HerunterladenPdfCrypterHier findest Du die Download-Seite f\u00fcr PdfCrypter... HerunterladenPdfTools BundleHier kannst Du das PdfTools Bundle herunterladen... HerunterladenPdfTools SuiteHier kannst Du die PdfTools Suite herunterladen... HerunterladenAlles, was man f\u00fcr PDF braucht!Unsere PdfTools Suite...","protected":false},"author":1,"featured_media":0,"parent":0,"menu_order":0,"comment_status":"closed","ping_status":"closed","template":"","meta":{"footnotes":""},"class_list":["post-15295","page","type-page","status-publish","hentry"],"yoast_head":"<!-- This site is optimized with the Yoast SEO Premium plugin v27.3 (Yoast SEO v27.3) - https:\/\/yoast.com\/product\/yoast-seo-premium-wordpress\/ -->\n<title>PixelPlanet - Download Test- &amp; Vollversionen<\/title>\n<meta name=\"description\" content=\"Hier findest Du Test- und Vollversionen unserer PdfTools PdfGrabber, PdfEditor, PdfCrypter, PdfPrinter und PdfMerger zum kostenlosen Download.\" \/>\n<meta name=\"robots\" content=\"index, follow, max-snippet:-1, max-image-preview:large, max-video-preview:-1\" \/>\n<link rel=\"canonical\" href=\"https:\/\/www.pixelplanet.com\/de\/downloads\/\" \/>\n<meta property=\"og:locale\" content=\"de_DE\" \/>\n<meta property=\"og:type\" content=\"article\" \/>\n<meta property=\"og:title\" content=\"PixelPlanet - Download Test- &amp; Vollversionen\" \/>\n<meta property=\"og:description\" content=\"Hier findest Du Test- und Vollversionen unserer PdfTools PdfGrabber, PdfEditor, PdfCrypter, PdfPrinter und PdfMerger zum kostenlosen Download.\" \/>\n<meta property=\"og:url\" content=\"https:\/\/www.pixelplanet.com\/de\/downloads\/\" \/>\n<meta property=\"og:site_name\" content=\"PixelPlanet.com - PDF-Software-Shop\" \/>\n<meta property=\"article:publisher\" content=\"https:\/\/www.facebook.com\/PixelPlanet\" \/>\n<meta property=\"article:modified_time\" content=\"2025-02-11T23:18:20+00:00\" \/>\n<meta property=\"og:image\" content=\"https:\/\/www.pixelplanet.com\/wp-content\/uploads\/2018\/02\/FaceBook-Homepage-DE-1200x630.jpg\" \/>\n\t<meta property=\"og:image:width\" content=\"1200\" \/>\n\t<meta property=\"og:image:height\" content=\"630\" \/>\n\t<meta property=\"og:image:type\" content=\"image\/jpeg\" \/>\n<meta name=\"twitter:card\" content=\"summary_large_image\" \/>\n<meta name=\"twitter:site\" content=\"@PixelPlanet\" \/>\n<meta name=\"twitter:label1\" content=\"Gesch\u00e4tzte Lesezeit\" \/>\n\t<meta name=\"twitter:data1\" content=\"2\u00a0Minuten\" \/>\n<script type=\"application\/ld+json\" class=\"yoast-schema-graph\">{\"@context\":\"https:\\\/\\\/schema.org\",\"@graph\":[{\"@type\":\"WebPage\",\"@id\":\"https:\\\/\\\/www.pixelplanet.com\\\/de\\\/downloads\\\/\",\"url\":\"https:\\\/\\\/www.pixelplanet.com\\\/de\\\/downloads\\\/\",\"name\":\"PixelPlanet - Download Test- & Vollversionen\",\"isPartOf\":{\"@id\":\"https:\\\/\\\/www.pixelplanet.com\\\/de\\\/#website\"},\"datePublished\":\"2018-08-06T16:40:49+00:00\",\"dateModified\":\"2025-02-11T23:18:20+00:00\",\"description\":\"Hier findest Du Test- und Vollversionen unserer PdfTools PdfGrabber, PdfEditor, PdfCrypter, PdfPrinter und PdfMerger zum kostenlosen Download.\",\"breadcrumb\":{\"@id\":\"https:\\\/\\\/www.pixelplanet.com\\\/de\\\/downloads\\\/#breadcrumb\"},\"inLanguage\":\"de\",\"potentialAction\":[{\"@type\":\"ReadAction\",\"target\":[\"https:\\\/\\\/www.pixelplanet.com\\\/de\\\/downloads\\\/\"]}]},{\"@type\":\"BreadcrumbList\",\"@id\":\"https:\\\/\\\/www.pixelplanet.com\\\/de\\\/downloads\\\/#breadcrumb\",\"itemListElement\":[{\"@type\":\"ListItem\",\"position\":1,\"name\":\"Home\",\"item\":\"https:\\\/\\\/www.pixelplanet.com\\\/de\\\/home\\\/\"},{\"@type\":\"ListItem\",\"position\":2,\"name\":\"Download Test- &#038; Vollversionen\"}]},{\"@type\":\"WebSite\",\"@id\":\"https:\\\/\\\/www.pixelplanet.com\\\/de\\\/#website\",\"url\":\"https:\\\/\\\/www.pixelplanet.com\\\/de\\\/\",\"name\":\"PixelPlanet.com - PDF-Software-Shop\",\"description\":\"Edit, convert, create, merge and split PDF documents on Windows and Mac\",\"publisher\":{\"@id\":\"https:\\\/\\\/www.pixelplanet.com\\\/de\\\/#organization\"},\"potentialAction\":[{\"@type\":\"SearchAction\",\"target\":{\"@type\":\"EntryPoint\",\"urlTemplate\":\"https:\\\/\\\/www.pixelplanet.com\\\/de\\\/?s={search_term_string}\"},\"query-input\":{\"@type\":\"PropertyValueSpecification\",\"valueRequired\":true,\"valueName\":\"search_term_string\"}}],\"inLanguage\":\"de\"},{\"@type\":\"Organization\",\"@id\":\"https:\\\/\\\/www.pixelplanet.com\\\/de\\\/#organization\",\"name\":\"PixelPlanet\",\"url\":\"https:\\\/\\\/www.pixelplanet.com\\\/de\\\/\",\"logo\":{\"@type\":\"ImageObject\",\"inLanguage\":\"de\",\"@id\":\"https:\\\/\\\/www.pixelplanet.com\\\/de\\\/#\\\/schema\\\/logo\\\/image\\\/\",\"url\":\"https:\\\/\\\/www.pixelplanet.com\\\/wp-content\\\/uploads\\\/2016\\\/12\\\/PixelPlanet-Logo-540x100.png\",\"contentUrl\":\"https:\\\/\\\/www.pixelplanet.com\\\/wp-content\\\/uploads\\\/2016\\\/12\\\/PixelPlanet-Logo-540x100.png\",\"width\":540,\"height\":100,\"caption\":\"PixelPlanet\"},\"image\":{\"@id\":\"https:\\\/\\\/www.pixelplanet.com\\\/de\\\/#\\\/schema\\\/logo\\\/image\\\/\"},\"sameAs\":[\"https:\\\/\\\/www.facebook.com\\\/PixelPlanet\",\"https:\\\/\\\/x.com\\\/PixelPlanet\",\"https:\\\/\\\/www.instagram.com\\\/pixelplanet.software\\\/\",\"https:\\\/\\\/linkedin.com\\\/company\\\/pixelplanet-software\"]}]}<\/script>\n<!-- \/ Yoast SEO Premium plugin. -->","yoast_head_json":{"title":"PixelPlanet - Download Test- & Vollversionen","description":"Hier findest Du Test- und Vollversionen unserer PdfTools PdfGrabber, PdfEditor, PdfCrypter, PdfPrinter und PdfMerger zum kostenlosen Download.","robots":{"index":"index","follow":"follow","max-snippet":"max-snippet:-1","max-image-preview":"max-image-preview:large","max-video-preview":"max-video-preview:-1"},"canonical":"https:\/\/www.pixelplanet.com\/de\/downloads\/","og_locale":"de_DE","og_type":"article","og_title":"PixelPlanet - Download Test- & Vollversionen","og_description":"Hier findest Du Test- und Vollversionen unserer PdfTools PdfGrabber, PdfEditor, PdfCrypter, PdfPrinter und PdfMerger zum kostenlosen Download.","og_url":"https:\/\/www.pixelplanet.com\/de\/downloads\/","og_site_name":"PixelPlanet.com - PDF-Software-Shop","article_publisher":"https:\/\/www.facebook.com\/PixelPlanet","article_modified_time":"2025-02-11T23:18:20+00:00","og_image":[{"width":1200,"height":630,"url":"https:\/\/www.pixelplanet.com\/wp-content\/uploads\/2018\/02\/FaceBook-Homepage-DE-1200x630.jpg","type":"image\/jpeg"}],"twitter_card":"summary_large_image","twitter_site":"@PixelPlanet","twitter_misc":{"Gesch\u00e4tzte Lesezeit":"2\u00a0Minuten"},"schema":{"@context":"https:\/\/schema.org","@graph":[{"@type":"WebPage","@id":"https:\/\/www.pixelplanet.com\/de\/downloads\/","url":"https:\/\/www.pixelplanet.com\/de\/downloads\/","name":"PixelPlanet - Download Test- & Vollversionen","isPartOf":{"@id":"https:\/\/www.pixelplanet.com\/de\/#website"},"datePublished":"2018-08-06T16:40:49+00:00","dateModified":"2025-02-11T23:18:20+00:00","description":"Hier findest Du Test- und Vollversionen unserer PdfTools PdfGrabber, PdfEditor, PdfCrypter, PdfPrinter und PdfMerger zum kostenlosen Download.","breadcrumb":{"@id":"https:\/\/www.pixelplanet.com\/de\/downloads\/#breadcrumb"},"inLanguage":"de","potentialAction":[{"@type":"ReadAction","target":["https:\/\/www.pixelplanet.com\/de\/downloads\/"]}]},{"@type":"BreadcrumbList","@id":"https:\/\/www.pixelplanet.com\/de\/downloads\/#breadcrumb","itemListElement":[{"@type":"ListItem","position":1,"name":"Home","item":"https:\/\/www.pixelplanet.com\/de\/home\/"},{"@type":"ListItem","position":2,"name":"Download Test- &#038; Vollversionen"}]},{"@type":"WebSite","@id":"https:\/\/www.pixelplanet.com\/de\/#website","url":"https:\/\/www.pixelplanet.com\/de\/","name":"PixelPlanet.com - PDF-Software-Shop","description":"Edit, convert, create, merge and split PDF documents on Windows and Mac","publisher":{"@id":"https:\/\/www.pixelplanet.com\/de\/#organization"},"potentialAction":[{"@type":"SearchAction","target":{"@type":"EntryPoint","urlTemplate":"https:\/\/www.pixelplanet.com\/de\/?s={search_term_string}"},"query-input":{"@type":"PropertyValueSpecification","valueRequired":true,"valueName":"search_term_string"}}],"inLanguage":"de"},{"@type":"Organization","@id":"https:\/\/www.pixelplanet.com\/de\/#organization","name":"PixelPlanet","url":"https:\/\/www.pixelplanet.com\/de\/","logo":{"@type":"ImageObject","inLanguage":"de","@id":"https:\/\/www.pixelplanet.com\/de\/#\/schema\/logo\/image\/","url":"https:\/\/www.pixelplanet.com\/wp-content\/uploads\/2016\/12\/PixelPlanet-Logo-540x100.png","contentUrl":"https:\/\/www.pixelplanet.com\/wp-content\/uploads\/2016\/12\/PixelPlanet-Logo-540x100.png","width":540,"height":100,"caption":"PixelPlanet"},"image":{"@id":"https:\/\/www.pixelplanet.com\/de\/#\/schema\/logo\/image\/"},"sameAs":["https:\/\/www.facebook.com\/PixelPlanet","https:\/\/x.com\/PixelPlanet","https:\/\/www.instagram.com\/pixelplanet.software\/","https:\/\/linkedin.com\/company\/pixelplanet-software"]}]}},"_links":{"self":[{"href":"https:\/\/www.pixelplanet.com\/de\/wp-json\/wp\/v2\/pages\/15295","targetHints":{"allow":["GET"]}}],"collection":[{"href":"https:\/\/www.pixelplanet.com\/de\/wp-json\/wp\/v2\/pages"}],"about":[{"href":"https:\/\/www.pixelplanet.com\/de\/wp-json\/wp\/v2\/types\/page"}],"author":[{"embeddable":true,"href":"https:\/\/www.pixelplanet.com\/de\/wp-json\/wp\/v2\/users\/1"}],"replies":[{"embeddable":true,"href":"https:\/\/www.pixelplanet.com\/de\/wp-json\/wp\/v2\/comments?post=15295"}],"version-history":[{"count":0,"href":"https:\/\/www.pixelplanet.com\/de\/wp-json\/wp\/v2\/pages\/15295\/revisions"}],"wp:attachment":[{"href":"https:\/\/www.pixelplanet.com\/de\/wp-json\/wp\/v2\/media?parent=15295"}],"curies":[{"name":"wp","href":"https:\/\/api.w.org\/{rel}","templated":true}]}}