{"id":16310,"date":"2018-08-14T16:16:43","date_gmt":"2018-08-14T14:16:43","guid":{"rendered":"https:\/\/www.pixelplanet.com\/pdfeditor\/prices\/"},"modified":"2021-10-26T10:56:38","modified_gmt":"2021-10-26T08:56:38","slug":"preise","status":"publish","type":"page","link":"https:\/\/www.pixelplanet.com\/de\/pdfeditor\/preise\/","title":{"rendered":"Preise &#038; Versionen"},"content":{"rendered":"<section class=\"l-section wpb_row us_custom_e11ab399 height_small\"><div class=\"l-section-h i-cf\"><div class=\"g-cols vc_row via_flex valign_middle type_default stacking_default\"><div class=\"vc_col-sm-6 wpb_column vc_column_container\"><div class=\"vc_column-inner\"><div class=\"wpb_wrapper\"><h1 class=\"w-post-elm post_title us_custom_607cd7e8 entry-title color_link_inherit\">Preise &#038; Versionen<\/h1><\/div><\/div><\/div><div class=\"vc_col-sm-6 wpb_column vc_column_container\"><div class=\"vc_column-inner\"><div class=\"wpb_wrapper\"><nav class=\"g-breadcrumbs us_custom_ea2be81a separator_icon align_right\"><div class=\"g-breadcrumbs-item\"><a href=\"https:\/\/www.pixelplanet.com\/de\/\">Start<\/a><meta content=\"1\"\/><\/div><div class=\"g-breadcrumbs-separator\"><i class=\"far fa-angle-right\"><\/i><\/div><div class=\"g-breadcrumbs-item\">Seiten<\/div><\/nav><\/div><\/div><\/div><\/div><\/div><\/section><section class=\"l-section wpb_row height_medium\"><div class=\"l-section-h i-cf\"><div class=\"g-cols vc_row via_flex valign_top type_default stacking_default\"><div class=\"vc_col-sm-12 wpb_column vc_column_container\"><div class=\"vc_column-inner\"><div class=\"wpb_wrapper\"><div class=\"wpb_text_column\"><div class=\"wpb_wrapper\"><h2><strong>PdfEditor<\/strong> (Windows)<\/h2>\n<\/div><\/div><div class=\"w-separator size_medium\"><\/div><div class=\"g-cols wpb_row via_flex valign_top type_default stacking_default\"><div class=\"vc_col-sm-3 wpb_column vc_column_container\"><div class=\"vc_column-inner\"><div class=\"wpb_wrapper\"><div class=\"w-pricing style_simple items_1\"><div class=\"w-pricing-item type_featured\"><div class=\"w-pricing-item-h\"><div class=\"w-pricing-item-header\"><div class=\"w-pricing-item-title\"><i class=\"fab fa-windows fa-3x\"><\/i><br><br>PdfEditor Professional<\/div><div class=\"w-pricing-item-price\">\u20ac79<small>einmalige Lizenzkosten<\/small><\/div><\/div><ul class=\"w-pricing-item-features\"><li class=\"w-pricing-item-feature\"><i class=\"fab fa-windows orange\"><\/i> F\u00fcr Windows 32 & 64 bits<\/li><li class=\"w-pricing-item-feature\"><i class=\"fas fa-user orange\"><\/i> Einzelplatzlizenz<\/li><li class=\"w-pricing-item-feature\"><i class=\"fas fa-download orange\"><\/i> Kostenlose Updates innerhalb der Hauptversion<\/li><li class=\"w-pricing-item-feature\"><i class=\"fas fa-heart orange\"><\/i> Unbegrenzte G\u00fcltigkeit der Lizenz<\/li><li class=\"w-pricing-item-feature\"><i class=\"fas fa-coin orange\"><\/i> Einmalige Lizenzkosten (kein Abo, keine Folgekosten)<\/li><\/ul><div class=\"w-pricing-item-footer\"><a class=\"w-btn us-btn-style_3 icon_atleft\" style=\"font-size:15px\" href=\"https:\/\/www.pixelplanet.com\/de\/produkt\/pdfeditor-professional\/\"><i class=\"fas fa-shopping-cart\"><\/i><span class=\"w-btn-label\">Lizenz kaufen<\/span><\/a><\/div><\/div><\/div><\/div><\/div><\/div><\/div><div class=\"vc_col-sm-3 wpb_column vc_column_container\"><div class=\"vc_column-inner\"><div class=\"wpb_wrapper\"><div class=\"w-pricing style_simple items_1\"><div class=\"w-pricing-item type_default\"><div class=\"w-pricing-item-h\"><div class=\"w-pricing-item-header\"><div class=\"w-pricing-item-title\"><i class=\"orange fab fa-windows fa-3x\"><\/i><br><br>DOPPELPACK<\/div><div class=\"w-pricing-item-price\">\u20ac119<small>einmalige Lizenzkosten<\/small><\/div><\/div><ul class=\"w-pricing-item-features\"><li class=\"w-pricing-item-feature\"><i class=\"fab fa-windows orange\"><\/i> F\u00fcr Windows 32 & 64 bits<\/li><li class=\"w-pricing-item-feature\"><i class=\"fas fa-user orange\"><\/i> + <i class=\"fas fa-user orange\"><\/i> 2 Lizenzen f\u00fcr 2 PCs<\/li><li class=\"w-pricing-item-feature\"><i class=\"fas fa-download orange\"><\/i> Kostenlose Updates innerhalb der Hauptversion<\/li><li class=\"w-pricing-item-feature\"><i class=\"fas fa-heart orange\"><\/i> Unbegrenzte G\u00fcltigkeit der Lizenz<\/li><li class=\"w-pricing-item-feature\"><i class=\"fas fa-coin orange\"><\/i> Einmalige Lizenzkosten (kein Abo, keine Folgekosten)<\/li><\/ul><div class=\"w-pricing-item-footer\"><a class=\"w-btn us-btn-style_3 icon_atleft\" style=\"font-size:15px\" href=\"https:\/\/www.pixelplanet.com\/de\/produkt\/pdfeditor-professional-doppelpack\/\"><i class=\"fas fa-shopping-cart\"><\/i><span class=\"w-btn-label\">Lizenz kaufen<\/span><\/a><\/div><\/div><\/div><\/div><\/div><\/div><\/div><div class=\"vc_col-sm-3 wpb_column vc_column_container\"><div class=\"vc_column-inner\"><div class=\"wpb_wrapper\"><div class=\"w-pricing style_simple items_1\"><div class=\"w-pricing-item type_default\"><div class=\"w-pricing-item-h\"><div class=\"w-pricing-item-header\"><div class=\"w-pricing-item-title\"><i class=\"orange fab fa-windows fa-3x\"><\/i><br><br>DREIERPACK<\/div><div class=\"w-pricing-item-price\">\u20ac159<small>einmalige Lizenzkosten<\/small><\/div><\/div><ul class=\"w-pricing-item-features\"><li class=\"w-pricing-item-feature\"><i class=\"fab fa-windows orange\"><\/i> F\u00fcr Windows 32 & 64 bits<\/li><li class=\"w-pricing-item-feature\"><i class=\"fas fa-user orange\"><\/i> + <i class=\"fas fa-user orange\"><\/i> + <i class=\"fas fa-user orange\"><\/i> 3 Lizenzen f\u00fcr 3 PCs<\/li><li class=\"w-pricing-item-feature\"><i class=\"fas fa-download orange\"><\/i> Kostenlose Updates innerhalb der Hauptversion<\/li><li class=\"w-pricing-item-feature\"><i class=\"fas fa-heart orange\"><\/i> Unbegrenzte G\u00fcltigkeit der Lizenz<\/li><li class=\"w-pricing-item-feature\"><i class=\"fas fa-coin orange\"><\/i> Einmalige Lizenzkosten (kein Abo, keine Folgekosten)<\/li><\/ul><div class=\"w-pricing-item-footer\"><a class=\"w-btn us-btn-style_3 icon_atleft\" style=\"font-size:15px\" href=\"https:\/\/www.pixelplanet.com\/de\/produkt\/pdfeditor-professional-dreierpack\/\"><i class=\"fas fa-shopping-cart\"><\/i><span class=\"w-btn-label\">Lizenz kaufen<\/span><\/a><\/div><\/div><\/div><\/div><\/div><\/div><\/div><div class=\"vc_col-sm-3 wpb_column vc_column_container\"><div class=\"vc_column-inner\"><div class=\"wpb_wrapper\"><div class=\"w-pricing style_simple items_1\"><div class=\"w-pricing-item type_default\"><div class=\"w-pricing-item-h\"><div class=\"w-pricing-item-header\"><div class=\"w-pricing-item-title\"><i class=\"orange fab fa-windows fa-3x\"><\/i><br><br>NETZWERKLIZENZ<br><small>ab:<\/small><\/div><div class=\"w-pricing-item-price\">\u20ac249<small>ab 5 gleichzeitige Nutzer<\/small><\/div><\/div><ul class=\"w-pricing-item-features\"><li class=\"w-pricing-item-feature\"><i class=\"fas fa-users orange\"><\/i> 5 (und mehr) gleichzeitige Benutzer (Concurrent)<\/li><li class=\"w-pricing-item-feature\"><i class=\"fas fa-sitemap orange\"><\/i> Lokale oder Netzwerkinstallation (selbes LAN)<\/li><li class=\"w-pricing-item-feature\"><i class=\"fab fa-windows orange\"><\/i> F\u00fcr Windows 32 & 64 bits<\/li><li class=\"w-pricing-item-feature\"><i class=\"fas fa-download orange\"><\/i> Kostenlose Updates innerhalb der Hauptversion<\/li><li class=\"w-pricing-item-feature\"><i class=\"fas fa-heart orange\"><\/i> Unbegrenzte G\u00fcltigkeit der Lizenz<\/li><li class=\"w-pricing-item-feature\"><i class=\"fas fa-coin orange\"><\/i> Einmalige Lizenzkosten (kein Abo, keine Folgekosten)<\/li><\/ul><div class=\"w-pricing-item-footer\"><a class=\"w-btn us-btn-style_3 icon_atleft\" style=\"font-size:15px\" href=\"https:\/\/www.pixelplanet.com\/de\/produkt\/pdfeditor-net\/\"><i class=\"fas fa-shopping-cart\"><\/i><span class=\"w-btn-label\">Lizenz kaufen<\/span><\/a><\/div><\/div><\/div><\/div><\/div><\/div><\/div><\/div><\/div><\/div><\/div><\/div><\/div><\/section><section class=\"l-section wpb_row us_custom_cdd8b6ac has_text_color height_medium\"><div class=\"l-section-h i-cf\"><div class=\"g-cols vc_row via_flex valign_top type_default stacking_default\"><div class=\"vc_col-sm-12 wpb_column vc_column_container\"><div class=\"vc_column-inner\"><div class=\"wpb_wrapper\"><div class=\"w-actionbox us_custom_0d63384e color_primary controls_right\"><div class=\"w-actionbox-text\"><h2 class=\"w-actionbox-title\">PdfEditor kostenlos testen!<\/h2><div class=\"w-actionbox-description\"><p>Die Testversion enth\u00e4lt alle Funktionen der PdfEditor Vollversion, f\u00fcgt aber ein Wasserzeichen in alle bearbeiteten PDFs ein (eine Sicherungskopie der Original-Datei wird nat\u00fcrlich erstellt). Diese Einschr\u00e4nkung entf\u00e4llt selbstverst\u00e4ndlich in der Vollversion. So k\u00f6nnen Sie kostenlos und unverbindlich den Funktionsumfang von PdfEditor vor dem Kauf testen.<\/p>\n<\/div><\/div><div class=\"w-actionbox-controls\"><a class=\"w-btn us-btn-style_8 icon_atleft\" style=\"font-size:16px\" href=\"https:\/\/www.pixelplanet.com\/de\/pdfeditor\/herunterladen\/\"><i class=\"fas fa-download\"><\/i><span class=\"w-btn-label\">Jetzt testen<\/span><\/a><\/div><\/div><\/div><\/div><\/div><\/div><\/div><\/section>\n","protected":false},"excerpt":{"rendered":"Preise &#038; VersionenStartSeiten PdfEditor (Windows) PdfEditor Professional\u20ac79einmalige Lizenzkosten F\u00fcr Windows 32 & 64 bits Einzelplatzlizenz Kostenlose Updates innerhalb der Hauptversion Unbegrenzte G\u00fcltigkeit der Lizenz Einmalige Lizenzkosten (kein Abo, keine Folgekosten)Lizenz kaufenDOPPELPACK\u20ac119einmalige Lizenzkosten F\u00fcr Windows 32 & 64 bits + 2 Lizenzen f\u00fcr 2 PCs Kostenlose Updates innerhalb der Hauptversion Unbegrenzte G\u00fcltigkeit der Lizenz Einmalige Lizenzkosten...","protected":false},"author":1,"featured_media":0,"parent":14460,"menu_order":5,"comment_status":"closed","ping_status":"closed","template":"","meta":{"footnotes":""},"class_list":["post-16310","page","type-page","status-publish","hentry"],"yoast_head":"<!-- This site is optimized with the Yoast SEO Premium plugin v27.3 (Yoast SEO v27.3) - https:\/\/yoast.com\/product\/yoast-seo-premium-wordpress\/ -->\n<title>PixelPlanet PdfTools - PdfEditor Preise &amp; Versionen (Windows version)<\/title>\n<meta name=\"robots\" content=\"index, follow, max-snippet:-1, max-image-preview:large, max-video-preview:-1\" \/>\n<link rel=\"canonical\" href=\"https:\/\/www.pixelplanet.com\/de\/pdfeditor\/preise\/\" \/>\n<meta property=\"og:locale\" content=\"de_DE\" \/>\n<meta property=\"og:type\" content=\"article\" \/>\n<meta property=\"og:title\" content=\"PdfEditor - Preise &amp; Versionen\" \/>\n<meta property=\"og:url\" content=\"https:\/\/www.pixelplanet.com\/de\/pdfeditor\/preise\/\" \/>\n<meta property=\"og:site_name\" content=\"PixelPlanet.com - PDF-Software-Shop\" \/>\n<meta property=\"article:publisher\" content=\"https:\/\/www.facebook.com\/PixelPlanet\" \/>\n<meta property=\"article:modified_time\" content=\"2021-10-26T08:56:38+00:00\" \/>\n<meta property=\"og:image\" content=\"https:\/\/www.pixelplanet.com\/wp-content\/uploads\/2018\/02\/FaceBook-Homepage-DE-1200x630.jpg\" \/>\n\t<meta property=\"og:image:width\" content=\"1200\" \/>\n\t<meta property=\"og:image:height\" content=\"630\" \/>\n\t<meta property=\"og:image:type\" content=\"image\/jpeg\" \/>\n<meta name=\"twitter:card\" content=\"summary_large_image\" \/>\n<meta name=\"twitter:title\" content=\"PixelPlanet - Preise &amp; Versionen\" \/>\n<meta name=\"twitter:site\" content=\"@PixelPlanet\" \/>\n<meta name=\"twitter:label1\" content=\"Gesch\u00e4tzte Lesezeit\" \/>\n\t<meta name=\"twitter:data1\" content=\"5\u00a0Minuten\" \/>\n<script type=\"application\/ld+json\" class=\"yoast-schema-graph\">{\"@context\":\"https:\\\/\\\/schema.org\",\"@graph\":[{\"@type\":\"WebPage\",\"@id\":\"https:\\\/\\\/www.pixelplanet.com\\\/de\\\/pdfeditor\\\/preise\\\/\",\"url\":\"https:\\\/\\\/www.pixelplanet.com\\\/de\\\/pdfeditor\\\/preise\\\/\",\"name\":\"PixelPlanet PdfTools - PdfEditor Preise & Versionen (Windows version)\",\"isPartOf\":{\"@id\":\"https:\\\/\\\/www.pixelplanet.com\\\/de\\\/#website\"},\"datePublished\":\"2018-08-14T14:16:43+00:00\",\"dateModified\":\"2021-10-26T08:56:38+00:00\",\"breadcrumb\":{\"@id\":\"https:\\\/\\\/www.pixelplanet.com\\\/de\\\/pdfeditor\\\/preise\\\/#breadcrumb\"},\"inLanguage\":\"de\",\"potentialAction\":[{\"@type\":\"ReadAction\",\"target\":[\"https:\\\/\\\/www.pixelplanet.com\\\/de\\\/pdfeditor\\\/preise\\\/\"]}]},{\"@type\":\"BreadcrumbList\",\"@id\":\"https:\\\/\\\/www.pixelplanet.com\\\/de\\\/pdfeditor\\\/preise\\\/#breadcrumb\",\"itemListElement\":[{\"@type\":\"ListItem\",\"position\":1,\"name\":\"Home\",\"item\":\"https:\\\/\\\/www.pixelplanet.com\\\/de\\\/home\\\/\"},{\"@type\":\"ListItem\",\"position\":2,\"name\":\"PDF Editor (Windows)\",\"item\":\"https:\\\/\\\/www.pixelplanet.com\\\/de\\\/\"},{\"@type\":\"ListItem\",\"position\":3,\"name\":\"Preise &#038; Versionen\"}]},{\"@type\":\"WebSite\",\"@id\":\"https:\\\/\\\/www.pixelplanet.com\\\/de\\\/#website\",\"url\":\"https:\\\/\\\/www.pixelplanet.com\\\/de\\\/\",\"name\":\"PixelPlanet.com - PDF-Software-Shop\",\"description\":\"Edit, convert, create, merge and split PDF documents on Windows and Mac\",\"publisher\":{\"@id\":\"https:\\\/\\\/www.pixelplanet.com\\\/de\\\/#organization\"},\"potentialAction\":[{\"@type\":\"SearchAction\",\"target\":{\"@type\":\"EntryPoint\",\"urlTemplate\":\"https:\\\/\\\/www.pixelplanet.com\\\/de\\\/?s={search_term_string}\"},\"query-input\":{\"@type\":\"PropertyValueSpecification\",\"valueRequired\":true,\"valueName\":\"search_term_string\"}}],\"inLanguage\":\"de\"},{\"@type\":\"Organization\",\"@id\":\"https:\\\/\\\/www.pixelplanet.com\\\/de\\\/#organization\",\"name\":\"PixelPlanet\",\"url\":\"https:\\\/\\\/www.pixelplanet.com\\\/de\\\/\",\"logo\":{\"@type\":\"ImageObject\",\"inLanguage\":\"de\",\"@id\":\"https:\\\/\\\/www.pixelplanet.com\\\/de\\\/#\\\/schema\\\/logo\\\/image\\\/\",\"url\":\"https:\\\/\\\/www.pixelplanet.com\\\/wp-content\\\/uploads\\\/2016\\\/12\\\/PixelPlanet-Logo-540x100.png\",\"contentUrl\":\"https:\\\/\\\/www.pixelplanet.com\\\/wp-content\\\/uploads\\\/2016\\\/12\\\/PixelPlanet-Logo-540x100.png\",\"width\":540,\"height\":100,\"caption\":\"PixelPlanet\"},\"image\":{\"@id\":\"https:\\\/\\\/www.pixelplanet.com\\\/de\\\/#\\\/schema\\\/logo\\\/image\\\/\"},\"sameAs\":[\"https:\\\/\\\/www.facebook.com\\\/PixelPlanet\",\"https:\\\/\\\/x.com\\\/PixelPlanet\",\"https:\\\/\\\/www.instagram.com\\\/pixelplanet.software\\\/\",\"https:\\\/\\\/linkedin.com\\\/company\\\/pixelplanet-software\"]}]}<\/script>\n<!-- \/ Yoast SEO Premium plugin. -->","yoast_head_json":{"title":"PixelPlanet PdfTools - PdfEditor Preise & Versionen (Windows version)","robots":{"index":"index","follow":"follow","max-snippet":"max-snippet:-1","max-image-preview":"max-image-preview:large","max-video-preview":"max-video-preview:-1"},"canonical":"https:\/\/www.pixelplanet.com\/de\/pdfeditor\/preise\/","og_locale":"de_DE","og_type":"article","og_title":"PdfEditor - Preise & Versionen","og_url":"https:\/\/www.pixelplanet.com\/de\/pdfeditor\/preise\/","og_site_name":"PixelPlanet.com - PDF-Software-Shop","article_publisher":"https:\/\/www.facebook.com\/PixelPlanet","article_modified_time":"2021-10-26T08:56:38+00:00","og_image":[{"width":1200,"height":630,"url":"https:\/\/www.pixelplanet.com\/wp-content\/uploads\/2018\/02\/FaceBook-Homepage-DE-1200x630.jpg","type":"image\/jpeg"}],"twitter_card":"summary_large_image","twitter_title":"PixelPlanet - Preise & Versionen","twitter_site":"@PixelPlanet","twitter_misc":{"Gesch\u00e4tzte Lesezeit":"5\u00a0Minuten"},"schema":{"@context":"https:\/\/schema.org","@graph":[{"@type":"WebPage","@id":"https:\/\/www.pixelplanet.com\/de\/pdfeditor\/preise\/","url":"https:\/\/www.pixelplanet.com\/de\/pdfeditor\/preise\/","name":"PixelPlanet PdfTools - PdfEditor Preise & Versionen (Windows version)","isPartOf":{"@id":"https:\/\/www.pixelplanet.com\/de\/#website"},"datePublished":"2018-08-14T14:16:43+00:00","dateModified":"2021-10-26T08:56:38+00:00","breadcrumb":{"@id":"https:\/\/www.pixelplanet.com\/de\/pdfeditor\/preise\/#breadcrumb"},"inLanguage":"de","potentialAction":[{"@type":"ReadAction","target":["https:\/\/www.pixelplanet.com\/de\/pdfeditor\/preise\/"]}]},{"@type":"BreadcrumbList","@id":"https:\/\/www.pixelplanet.com\/de\/pdfeditor\/preise\/#breadcrumb","itemListElement":[{"@type":"ListItem","position":1,"name":"Home","item":"https:\/\/www.pixelplanet.com\/de\/home\/"},{"@type":"ListItem","position":2,"name":"PDF Editor (Windows)","item":"https:\/\/www.pixelplanet.com\/de\/"},{"@type":"ListItem","position":3,"name":"Preise &#038; Versionen"}]},{"@type":"WebSite","@id":"https:\/\/www.pixelplanet.com\/de\/#website","url":"https:\/\/www.pixelplanet.com\/de\/","name":"PixelPlanet.com - PDF-Software-Shop","description":"Edit, convert, create, merge and split PDF documents on Windows and Mac","publisher":{"@id":"https:\/\/www.pixelplanet.com\/de\/#organization"},"potentialAction":[{"@type":"SearchAction","target":{"@type":"EntryPoint","urlTemplate":"https:\/\/www.pixelplanet.com\/de\/?s={search_term_string}"},"query-input":{"@type":"PropertyValueSpecification","valueRequired":true,"valueName":"search_term_string"}}],"inLanguage":"de"},{"@type":"Organization","@id":"https:\/\/www.pixelplanet.com\/de\/#organization","name":"PixelPlanet","url":"https:\/\/www.pixelplanet.com\/de\/","logo":{"@type":"ImageObject","inLanguage":"de","@id":"https:\/\/www.pixelplanet.com\/de\/#\/schema\/logo\/image\/","url":"https:\/\/www.pixelplanet.com\/wp-content\/uploads\/2016\/12\/PixelPlanet-Logo-540x100.png","contentUrl":"https:\/\/www.pixelplanet.com\/wp-content\/uploads\/2016\/12\/PixelPlanet-Logo-540x100.png","width":540,"height":100,"caption":"PixelPlanet"},"image":{"@id":"https:\/\/www.pixelplanet.com\/de\/#\/schema\/logo\/image\/"},"sameAs":["https:\/\/www.facebook.com\/PixelPlanet","https:\/\/x.com\/PixelPlanet","https:\/\/www.instagram.com\/pixelplanet.software\/","https:\/\/linkedin.com\/company\/pixelplanet-software"]}]}},"_links":{"self":[{"href":"https:\/\/www.pixelplanet.com\/de\/wp-json\/wp\/v2\/pages\/16310","targetHints":{"allow":["GET"]}}],"collection":[{"href":"https:\/\/www.pixelplanet.com\/de\/wp-json\/wp\/v2\/pages"}],"about":[{"href":"https:\/\/www.pixelplanet.com\/de\/wp-json\/wp\/v2\/types\/page"}],"author":[{"embeddable":true,"href":"https:\/\/www.pixelplanet.com\/de\/wp-json\/wp\/v2\/users\/1"}],"replies":[{"embeddable":true,"href":"https:\/\/www.pixelplanet.com\/de\/wp-json\/wp\/v2\/comments?post=16310"}],"version-history":[{"count":0,"href":"https:\/\/www.pixelplanet.com\/de\/wp-json\/wp\/v2\/pages\/16310\/revisions"}],"up":[{"embeddable":true,"href":"https:\/\/www.pixelplanet.com\/de\/wp-json\/wp\/v2\/pages\/14460"}],"wp:attachment":[{"href":"https:\/\/www.pixelplanet.com\/de\/wp-json\/wp\/v2\/media?parent=16310"}],"curies":[{"name":"wp","href":"https:\/\/api.w.org\/{rel}","templated":true}]}}