{"id":16954,"date":"2018-08-21T11:21:59","date_gmt":"2018-08-21T09:21:59","guid":{"rendered":"https:\/\/www.pixelplanet.com\/?page_id=16954"},"modified":"2021-10-26T10:44:01","modified_gmt":"2021-10-26T08:44:01","slug":"systemvoraussetzungen","status":"publish","type":"page","link":"https:\/\/www.pixelplanet.com\/de\/pdfcrypter\/systemvoraussetzungen\/","title":{"rendered":"Systemvoraussetzungen"},"content":{"rendered":"<section class=\"l-section wpb_row height_medium\"><div class=\"l-section-h i-cf\"><div class=\"g-cols vc_row via_flex valign_top type_default stacking_default\"><div class=\"vc_col-sm-12 wpb_column vc_column_container\"><div class=\"vc_column-inner\"><div class=\"wpb_wrapper\"><div class=\"wpb_text_column\"><div class=\"wpb_wrapper\"><h2>PdfCrypter Systemanforderungen<\/h2>\n<p>Die folgenden Mindestvoraussetzungen m\u00fcssen erf\u00fcllt sein, um die Software PdfCrypter unter Windows einsetzen zu k\u00f6nnen:<\/p>\n<ul class=\"fa-ul\">\n<li><i class=\"fab fa-li fa-windows yellow\"><\/i>F\u00fcr PC mit Windows 11, 10, 8, 7, 2008, Vista, 2003 oder XP (SP3)<\/li>\n<li><i class=\"fas fa-li fa-hdd yellow\"><\/i>50 MB freier Festplattenplatz<\/li>\n<li><i class=\"fas fa-li fa-bolt yellow\"><\/i>Pentium 266 MHz oder entsprechender Prozessor (empf. Pentium III)<\/li>\n<li><i class=\"fas fa-li fa-rocket yellow\"><\/i>512 MB RAM (empf. 4096 MB)<\/li>\n<li><i class=\"fas fa-li fa-envelope yellow\"><\/i>Outlook 2000 bis 2010 (nur 32-Bit) f\u00fcr Outlook-Integration (optional)<\/li>\n<\/ul>\n<\/div><\/div><\/div><\/div><\/div><\/div><\/div><\/section><section class=\"l-section wpb_row us_custom_4550afc1 has_text_color height_medium\"><div class=\"l-section-h i-cf\"><div class=\"g-cols vc_row via_flex valign_top type_default stacking_default\"><div class=\"vc_col-sm-12 wpb_column vc_column_container\"><div class=\"vc_column-inner\"><div class=\"wpb_wrapper\"><div class=\"w-actionbox us_custom_a99bd6bc color_custom controls_right\"><div class=\"w-actionbox-text\"><h2 class=\"w-actionbox-title\">PdfCrypter kostenlos testen<\/h2><div class=\"w-actionbox-description\"><p>Die Testversion enth\u00e4lt alle Funktionen der PdfEditor Vollversion, f\u00fcgt aber ein Wasserzeichen in alle bearbeiteten PDFs ein (eine Sicherungskopie der Original-Datei wird nat\u00fcrlich erstellt). Diese Einschr\u00e4nkung entf\u00e4llt selbstverst\u00e4ndlich in der Vollversion. So k\u00f6nnen Sie kostenlos und unverbindlich den Funktionsumfang von PdfEditor vor dem Kauf testen.<\/p>\n<\/div><\/div><div class=\"w-actionbox-controls\"><a class=\"w-btn us-btn-style_6 icon_atleft\" style=\"font-size:16px\" href=\"https:\/\/www.pixelplanet.com\/de\/pdfcrypter\/herunterladen\/\"><i class=\"fas fa-download\"><\/i><span class=\"w-btn-label\">Jetzt testen<\/span><\/a><\/div><\/div><\/div><\/div><\/div><\/div><\/div><\/section>\n","protected":false},"excerpt":{"rendered":"PdfCrypter Systemanforderungen Die folgenden Mindestvoraussetzungen m\u00fcssen erf\u00fcllt sein, um die Software PdfCrypter unter Windows einsetzen zu k\u00f6nnen: F\u00fcr PC mit Windows 11, 10, 8, 7, 2008, Vista, 2003 oder XP (SP3) 50 MB freier Festplattenplatz Pentium 266 MHz oder entsprechender Prozessor (empf. Pentium III) 512 MB RAM (empf. 4096 MB) Outlook 2000 bis 2010 (nur...","protected":false},"author":1,"featured_media":0,"parent":14616,"menu_order":3,"comment_status":"closed","ping_status":"closed","template":"","meta":{"footnotes":""},"class_list":["post-16954","page","type-page","status-publish","hentry"],"yoast_head":"<!-- This site is optimized with the Yoast SEO Premium plugin v27.3 (Yoast SEO v27.3) - https:\/\/yoast.com\/product\/yoast-seo-premium-wordpress\/ -->\n<title>PixelPlanet PdfCrypter - Systemvoraussetzungen<\/title>\n<meta name=\"description\" content=\"Die auf dieser Seite angegebenen Mindestvoraussetzungen m\u00fcssen erf\u00fcllt sein, um die Software PdfCrypter unter Windows einsetzen zu k\u00f6nnen.\" \/>\n<meta name=\"robots\" content=\"index, follow, max-snippet:-1, max-image-preview:large, max-video-preview:-1\" \/>\n<link rel=\"canonical\" href=\"https:\/\/www.pixelplanet.com\/de\/pdfcrypter\/systemvoraussetzungen\/\" \/>\n<meta property=\"og:locale\" content=\"de_DE\" \/>\n<meta property=\"og:type\" content=\"article\" \/>\n<meta property=\"og:title\" content=\"PdfCrypter - Systemvoraussetzungen\" \/>\n<meta property=\"og:description\" content=\"Die auf dieser Seite angegebenen Mindestvoraussetzungen m\u00fcssen erf\u00fcllt sein, um die Software PdfCrypter unter Windows einsetzen zu k\u00f6nnen.\" \/>\n<meta property=\"og:url\" content=\"https:\/\/www.pixelplanet.com\/de\/pdfcrypter\/systemvoraussetzungen\/\" \/>\n<meta property=\"og:site_name\" content=\"PixelPlanet.com - PDF-Software-Shop\" \/>\n<meta property=\"article:publisher\" content=\"https:\/\/www.facebook.com\/PixelPlanet\" \/>\n<meta property=\"article:modified_time\" content=\"2021-10-26T08:44:01+00:00\" \/>\n<meta property=\"og:image\" content=\"https:\/\/www.pixelplanet.com\/wp-content\/uploads\/2018\/02\/FaceBook-Homepage-DE-1200x630.jpg\" \/>\n\t<meta property=\"og:image:width\" content=\"1200\" \/>\n\t<meta property=\"og:image:height\" content=\"630\" \/>\n\t<meta property=\"og:image:type\" content=\"image\/jpeg\" \/>\n<meta name=\"twitter:card\" content=\"summary_large_image\" \/>\n<meta name=\"twitter:title\" content=\"PixelPlanet - Systemvoraussetzungen\" \/>\n<meta name=\"twitter:site\" content=\"@PixelPlanet\" \/>\n<meta name=\"twitter:label1\" content=\"Gesch\u00e4tzte Lesezeit\" \/>\n\t<meta name=\"twitter:data1\" content=\"1\u00a0Minute\" \/>\n<script type=\"application\/ld+json\" class=\"yoast-schema-graph\">{\"@context\":\"https:\\\/\\\/schema.org\",\"@graph\":[{\"@type\":\"WebPage\",\"@id\":\"https:\\\/\\\/www.pixelplanet.com\\\/de\\\/pdfcrypter\\\/systemvoraussetzungen\\\/\",\"url\":\"https:\\\/\\\/www.pixelplanet.com\\\/de\\\/pdfcrypter\\\/systemvoraussetzungen\\\/\",\"name\":\"PixelPlanet PdfCrypter - Systemvoraussetzungen\",\"isPartOf\":{\"@id\":\"https:\\\/\\\/www.pixelplanet.com\\\/de\\\/#website\"},\"datePublished\":\"2018-08-21T09:21:59+00:00\",\"dateModified\":\"2021-10-26T08:44:01+00:00\",\"description\":\"Die auf dieser Seite angegebenen Mindestvoraussetzungen m\u00fcssen erf\u00fcllt sein, um die Software PdfCrypter unter Windows einsetzen zu k\u00f6nnen.\",\"breadcrumb\":{\"@id\":\"https:\\\/\\\/www.pixelplanet.com\\\/de\\\/pdfcrypter\\\/systemvoraussetzungen\\\/#breadcrumb\"},\"inLanguage\":\"de\",\"potentialAction\":[{\"@type\":\"ReadAction\",\"target\":[\"https:\\\/\\\/www.pixelplanet.com\\\/de\\\/pdfcrypter\\\/systemvoraussetzungen\\\/\"]}]},{\"@type\":\"BreadcrumbList\",\"@id\":\"https:\\\/\\\/www.pixelplanet.com\\\/de\\\/pdfcrypter\\\/systemvoraussetzungen\\\/#breadcrumb\",\"itemListElement\":[{\"@type\":\"ListItem\",\"position\":1,\"name\":\"Home\",\"item\":\"https:\\\/\\\/www.pixelplanet.com\\\/de\\\/home\\\/\"},{\"@type\":\"ListItem\",\"position\":2,\"name\":\"PdfCrypter\",\"item\":\"https:\\\/\\\/www.pixelplanet.com\\\/de\\\/\"},{\"@type\":\"ListItem\",\"position\":3,\"name\":\"Systemvoraussetzungen\"}]},{\"@type\":\"WebSite\",\"@id\":\"https:\\\/\\\/www.pixelplanet.com\\\/de\\\/#website\",\"url\":\"https:\\\/\\\/www.pixelplanet.com\\\/de\\\/\",\"name\":\"PixelPlanet.com - PDF-Software-Shop\",\"description\":\"Edit, convert, create, merge and split PDF documents on Windows and Mac\",\"publisher\":{\"@id\":\"https:\\\/\\\/www.pixelplanet.com\\\/de\\\/#organization\"},\"potentialAction\":[{\"@type\":\"SearchAction\",\"target\":{\"@type\":\"EntryPoint\",\"urlTemplate\":\"https:\\\/\\\/www.pixelplanet.com\\\/de\\\/?s={search_term_string}\"},\"query-input\":{\"@type\":\"PropertyValueSpecification\",\"valueRequired\":true,\"valueName\":\"search_term_string\"}}],\"inLanguage\":\"de\"},{\"@type\":\"Organization\",\"@id\":\"https:\\\/\\\/www.pixelplanet.com\\\/de\\\/#organization\",\"name\":\"PixelPlanet\",\"url\":\"https:\\\/\\\/www.pixelplanet.com\\\/de\\\/\",\"logo\":{\"@type\":\"ImageObject\",\"inLanguage\":\"de\",\"@id\":\"https:\\\/\\\/www.pixelplanet.com\\\/de\\\/#\\\/schema\\\/logo\\\/image\\\/\",\"url\":\"https:\\\/\\\/www.pixelplanet.com\\\/wp-content\\\/uploads\\\/2016\\\/12\\\/PixelPlanet-Logo-540x100.png\",\"contentUrl\":\"https:\\\/\\\/www.pixelplanet.com\\\/wp-content\\\/uploads\\\/2016\\\/12\\\/PixelPlanet-Logo-540x100.png\",\"width\":540,\"height\":100,\"caption\":\"PixelPlanet\"},\"image\":{\"@id\":\"https:\\\/\\\/www.pixelplanet.com\\\/de\\\/#\\\/schema\\\/logo\\\/image\\\/\"},\"sameAs\":[\"https:\\\/\\\/www.facebook.com\\\/PixelPlanet\",\"https:\\\/\\\/x.com\\\/PixelPlanet\",\"https:\\\/\\\/www.instagram.com\\\/pixelplanet.software\\\/\",\"https:\\\/\\\/linkedin.com\\\/company\\\/pixelplanet-software\"]}]}<\/script>\n<!-- \/ Yoast SEO Premium plugin. -->","yoast_head_json":{"title":"PixelPlanet PdfCrypter - Systemvoraussetzungen","description":"Die auf dieser Seite angegebenen Mindestvoraussetzungen m\u00fcssen erf\u00fcllt sein, um die Software PdfCrypter unter Windows einsetzen zu k\u00f6nnen.","robots":{"index":"index","follow":"follow","max-snippet":"max-snippet:-1","max-image-preview":"max-image-preview:large","max-video-preview":"max-video-preview:-1"},"canonical":"https:\/\/www.pixelplanet.com\/de\/pdfcrypter\/systemvoraussetzungen\/","og_locale":"de_DE","og_type":"article","og_title":"PdfCrypter - Systemvoraussetzungen","og_description":"Die auf dieser Seite angegebenen Mindestvoraussetzungen m\u00fcssen erf\u00fcllt sein, um die Software PdfCrypter unter Windows einsetzen zu k\u00f6nnen.","og_url":"https:\/\/www.pixelplanet.com\/de\/pdfcrypter\/systemvoraussetzungen\/","og_site_name":"PixelPlanet.com - PDF-Software-Shop","article_publisher":"https:\/\/www.facebook.com\/PixelPlanet","article_modified_time":"2021-10-26T08:44:01+00:00","og_image":[{"width":1200,"height":630,"url":"https:\/\/www.pixelplanet.com\/wp-content\/uploads\/2018\/02\/FaceBook-Homepage-DE-1200x630.jpg","type":"image\/jpeg"}],"twitter_card":"summary_large_image","twitter_title":"PixelPlanet - Systemvoraussetzungen","twitter_site":"@PixelPlanet","twitter_misc":{"Gesch\u00e4tzte Lesezeit":"1\u00a0Minute"},"schema":{"@context":"https:\/\/schema.org","@graph":[{"@type":"WebPage","@id":"https:\/\/www.pixelplanet.com\/de\/pdfcrypter\/systemvoraussetzungen\/","url":"https:\/\/www.pixelplanet.com\/de\/pdfcrypter\/systemvoraussetzungen\/","name":"PixelPlanet PdfCrypter - Systemvoraussetzungen","isPartOf":{"@id":"https:\/\/www.pixelplanet.com\/de\/#website"},"datePublished":"2018-08-21T09:21:59+00:00","dateModified":"2021-10-26T08:44:01+00:00","description":"Die auf dieser Seite angegebenen Mindestvoraussetzungen m\u00fcssen erf\u00fcllt sein, um die Software PdfCrypter unter Windows einsetzen zu k\u00f6nnen.","breadcrumb":{"@id":"https:\/\/www.pixelplanet.com\/de\/pdfcrypter\/systemvoraussetzungen\/#breadcrumb"},"inLanguage":"de","potentialAction":[{"@type":"ReadAction","target":["https:\/\/www.pixelplanet.com\/de\/pdfcrypter\/systemvoraussetzungen\/"]}]},{"@type":"BreadcrumbList","@id":"https:\/\/www.pixelplanet.com\/de\/pdfcrypter\/systemvoraussetzungen\/#breadcrumb","itemListElement":[{"@type":"ListItem","position":1,"name":"Home","item":"https:\/\/www.pixelplanet.com\/de\/home\/"},{"@type":"ListItem","position":2,"name":"PdfCrypter","item":"https:\/\/www.pixelplanet.com\/de\/"},{"@type":"ListItem","position":3,"name":"Systemvoraussetzungen"}]},{"@type":"WebSite","@id":"https:\/\/www.pixelplanet.com\/de\/#website","url":"https:\/\/www.pixelplanet.com\/de\/","name":"PixelPlanet.com - PDF-Software-Shop","description":"Edit, convert, create, merge and split PDF documents on Windows and Mac","publisher":{"@id":"https:\/\/www.pixelplanet.com\/de\/#organization"},"potentialAction":[{"@type":"SearchAction","target":{"@type":"EntryPoint","urlTemplate":"https:\/\/www.pixelplanet.com\/de\/?s={search_term_string}"},"query-input":{"@type":"PropertyValueSpecification","valueRequired":true,"valueName":"search_term_string"}}],"inLanguage":"de"},{"@type":"Organization","@id":"https:\/\/www.pixelplanet.com\/de\/#organization","name":"PixelPlanet","url":"https:\/\/www.pixelplanet.com\/de\/","logo":{"@type":"ImageObject","inLanguage":"de","@id":"https:\/\/www.pixelplanet.com\/de\/#\/schema\/logo\/image\/","url":"https:\/\/www.pixelplanet.com\/wp-content\/uploads\/2016\/12\/PixelPlanet-Logo-540x100.png","contentUrl":"https:\/\/www.pixelplanet.com\/wp-content\/uploads\/2016\/12\/PixelPlanet-Logo-540x100.png","width":540,"height":100,"caption":"PixelPlanet"},"image":{"@id":"https:\/\/www.pixelplanet.com\/de\/#\/schema\/logo\/image\/"},"sameAs":["https:\/\/www.facebook.com\/PixelPlanet","https:\/\/x.com\/PixelPlanet","https:\/\/www.instagram.com\/pixelplanet.software\/","https:\/\/linkedin.com\/company\/pixelplanet-software"]}]}},"_links":{"self":[{"href":"https:\/\/www.pixelplanet.com\/de\/wp-json\/wp\/v2\/pages\/16954","targetHints":{"allow":["GET"]}}],"collection":[{"href":"https:\/\/www.pixelplanet.com\/de\/wp-json\/wp\/v2\/pages"}],"about":[{"href":"https:\/\/www.pixelplanet.com\/de\/wp-json\/wp\/v2\/types\/page"}],"author":[{"embeddable":true,"href":"https:\/\/www.pixelplanet.com\/de\/wp-json\/wp\/v2\/users\/1"}],"replies":[{"embeddable":true,"href":"https:\/\/www.pixelplanet.com\/de\/wp-json\/wp\/v2\/comments?post=16954"}],"version-history":[{"count":0,"href":"https:\/\/www.pixelplanet.com\/de\/wp-json\/wp\/v2\/pages\/16954\/revisions"}],"up":[{"embeddable":true,"href":"https:\/\/www.pixelplanet.com\/de\/wp-json\/wp\/v2\/pages\/14616"}],"wp:attachment":[{"href":"https:\/\/www.pixelplanet.com\/de\/wp-json\/wp\/v2\/media?parent=16954"}],"curies":[{"name":"wp","href":"https:\/\/api.w.org\/{rel}","templated":true}]}}