{"id":16964,"date":"2018-08-21T11:53:12","date_gmt":"2018-08-21T09:53:12","guid":{"rendered":"https:\/\/www.pixelplanet.com\/?page_id=16964"},"modified":"2019-12-28T17:28:05","modified_gmt":"2019-12-28T16:28:05","slug":"support","status":"publish","type":"page","link":"https:\/\/www.pixelplanet.com\/de\/pdfcrypter\/support\/","title":{"rendered":"Hilfe &#038; Support"},"content":{"rendered":"<section class=\"l-section wpb_row height_medium\"><div class=\"l-section-h i-cf\"><div class=\"g-cols vc_row via_flex valign_middle type_default stacking_default\"><div class=\"vc_col-sm-4 wpb_column vc_column_container\"><div class=\"vc_column-inner\"><div class=\"wpb_wrapper\"><div class=\"w-iconbox iconpos_top style_default color_primary align_center\"><a href=\"https:\/\/www.pixelplanet.com\/de\/pdfcrypter\/support\/updates\/\" class=\"w-iconbox-link\" aria-label=\"Updates &amp; Patches\"><div class=\"w-iconbox-icon\" style=\"font-size:2rem;\"><i class=\"fas fa-fire\"><\/i><\/div><\/a><div class=\"w-iconbox-meta\"><h4 class=\"w-iconbox-title\"><a href=\"https:\/\/www.pixelplanet.com\/de\/pdfcrypter\/support\/updates\/\" class=\"w-iconbox-link\" aria-label=\"Updates &amp; Patches\">Updates &amp; Patches<\/a><\/h4><div class=\"w-iconbox-text\"><p>HIer findest Du die letzten Updates f\u00fcr die aktuelle PdfCrypter Version.<\/p>\n<\/div><\/div><\/div><\/div><\/div><\/div><div class=\"vc_col-sm-4 wpb_column vc_column_container\"><div class=\"vc_column-inner\"><div class=\"wpb_wrapper\"><div class=\"w-iconbox iconpos_top style_default color_primary align_center\"><a href=\"https:\/\/www.pixelplanet.com\/de\/pdfcrypter\/support\/faqs\/\" class=\"w-iconbox-link\" aria-label=\"FAQs\"><div class=\"w-iconbox-icon\" style=\"font-size:2rem;\"><i class=\"fas fa-bullhorn\"><\/i><\/div><\/a><div class=\"w-iconbox-meta\"><h4 class=\"w-iconbox-title\"><a href=\"https:\/\/www.pixelplanet.com\/de\/pdfcrypter\/support\/faqs\/\" class=\"w-iconbox-link\" aria-label=\"FAQs\">FAQs<\/a><\/h4><div class=\"w-iconbox-text\"><p>Hier findest Du Antworten auf h\u00e4ufig gestellte Fragen zu PdfCrypter.<\/p>\n<\/div><\/div><\/div><\/div><\/div><\/div><div class=\"vc_col-sm-4 wpb_column vc_column_container\"><div class=\"vc_column-inner\"><div class=\"wpb_wrapper\"><div class=\"w-iconbox iconpos_top style_default color_primary align_center\"><a href=\"https:\/\/www.pixelplanet.com\/de\/support\/hotline\/\" class=\"w-iconbox-link\" aria-label=\"Kontaktformular\"><div class=\"w-iconbox-icon\" style=\"font-size:2rem;\"><i class=\"fas fa-envelope\"><\/i><\/div><\/a><div class=\"w-iconbox-meta\"><h4 class=\"w-iconbox-title\"><a href=\"https:\/\/www.pixelplanet.com\/de\/support\/hotline\/\" class=\"w-iconbox-link\" aria-label=\"Kontaktformular\">Kontaktformular<\/a><\/h4><div class=\"w-iconbox-text\"><p>Unser Support-Team hilft bei Fragen zu unserer Software gerne weiter.<\/p>\n<\/div><\/div><\/div><\/div><\/div><\/div><\/div><\/div><\/section><section class=\"l-section wpb_row height_medium\"><div class=\"l-section-h i-cf\"><div class=\"g-cols vc_row via_flex valign_middle type_default stacking_default\"><div class=\"vc_col-sm-4 wpb_column vc_column_container\"><div class=\"vc_column-inner\"><div class=\"wpb_wrapper\"><div class=\"w-iconbox iconpos_top style_default color_primary align_center\"><a href=\"https:\/\/www.pixelplanet.com\/de\/lizenzpruefung\/\" class=\"w-iconbox-link\" aria-label=\"Upgrades\"><div class=\"w-iconbox-icon\" style=\"font-size:2rem;\"><i class=\"fas fa-rocket\"><\/i><\/div><\/a><div class=\"w-iconbox-meta\"><h4 class=\"w-iconbox-title\"><a href=\"https:\/\/www.pixelplanet.com\/de\/lizenzpruefung\/\" class=\"w-iconbox-link\" aria-label=\"Upgrades\">Upgrades<\/a><\/h4><div class=\"w-iconbox-text\"><p>Hier findest Du Upgrades f\u00fcr \u00e4ltere PdfCrypter Versionen auf die aktuelle Version 2.9 sowie Umstiegsangebote auf gr\u00f6\u00dfere Versionen.<\/p>\n<\/div><\/div><\/div><\/div><\/div><\/div><div class=\"vc_col-sm-4 wpb_column vc_column_container\"><div class=\"vc_column-inner\"><div class=\"wpb_wrapper\"><div class=\"w-iconbox iconpos_top style_default color_primary align_center\"><a href=\"https:\/\/www.pixelplanet.com\/de\/support\/vollversion-registrieren\/\" class=\"w-iconbox-link\" aria-label=\"Vollversion registrieren\"><div class=\"w-iconbox-icon\" style=\"font-size:2rem;\"><i class=\"fas fa-address-book\"><\/i><\/div><\/a><div class=\"w-iconbox-meta\"><h4 class=\"w-iconbox-title\"><a href=\"https:\/\/www.pixelplanet.com\/de\/support\/vollversion-registrieren\/\" class=\"w-iconbox-link\" aria-label=\"Vollversion registrieren\">Vollversion registrieren<\/a><\/h4><div class=\"w-iconbox-text\"><p>\u00dcber einen H\u00e4ndler gekaufte Versionen kannst Du hier registrieren. Wir halten Dich dann bei Neuigkeiten auf dem Laufenden.<\/p>\n<\/div><\/div><\/div><\/div><\/div><\/div><div class=\"vc_col-sm-4 wpb_column vc_column_container\"><div class=\"vc_column-inner\"><div class=\"wpb_wrapper\"><\/div><\/div><\/div><\/div><\/div><\/section><section class=\"l-section wpb_row us_custom_4550afc1 has_text_color height_medium\"><div class=\"l-section-h i-cf\"><div class=\"g-cols vc_row via_flex valign_top type_default stacking_default\"><div class=\"vc_col-sm-12 wpb_column vc_column_container\"><div class=\"vc_column-inner\"><div class=\"wpb_wrapper\"><div class=\"w-actionbox us_custom_a99bd6bc color_custom controls_right\"><div class=\"w-actionbox-text\"><h2 class=\"w-actionbox-title\">PdfCrypter kostenlos testen!<\/h2><div class=\"w-actionbox-description\"><p>Die Testversion enth\u00e4lt alle Funktionen von PdfCrypter Professional und kann 30-Tage vollumf\u00e4nglich getestet werden.<\/p>\n<\/div><\/div><div class=\"w-actionbox-controls\"><a class=\"w-btn us-btn-style_6 icon_atleft\" style=\"font-size:16px\" href=\"https:\/\/www.pixelplanet.com\/de\/pdfcrypter\/herunterladen\/\"><i class=\"fas fa-download\"><\/i><span class=\"w-btn-label\">Kostenlos testen<\/span><\/a><\/div><\/div><\/div><\/div><\/div><\/div><\/div><\/section>\n","protected":false},"excerpt":{"rendered":"Updates &amp; PatchesHIer findest Du die letzten Updates f\u00fcr die aktuelle PdfCrypter Version. FAQsHier findest Du Antworten auf h\u00e4ufig gestellte Fragen zu PdfCrypter. KontaktformularUnser Support-Team hilft bei Fragen zu unserer Software gerne weiter. UpgradesHier findest Du Upgrades f\u00fcr \u00e4ltere PdfCrypter Versionen auf die aktuelle Version 2.9 sowie Umstiegsangebote auf gr\u00f6\u00dfere Versionen. Vollversion registrieren\u00dcber einen H\u00e4ndler...","protected":false},"author":1,"featured_media":0,"parent":14616,"menu_order":6,"comment_status":"closed","ping_status":"closed","template":"","meta":{"footnotes":""},"class_list":["post-16964","page","type-page","status-publish","hentry"],"yoast_head":"<!-- This site is optimized with the Yoast SEO Premium plugin v27.3 (Yoast SEO v27.3) - https:\/\/yoast.com\/product\/yoast-seo-premium-wordpress\/ -->\n<title>Hilfestellung und Support f\u00fcr PixelPlanet PdfCrypter<\/title>\n<meta name=\"description\" content=\"Hier findest Du Antworten auf h\u00e4ufige Fragen (FAQs) zu PdfCrypter. Au\u00dferdem die neuesten Updates, M\u00f6glichkeiten zur Kontaktaufnahme und weitere Hilfe.\" \/>\n<meta name=\"robots\" content=\"index, follow, max-snippet:-1, max-image-preview:large, max-video-preview:-1\" \/>\n<link rel=\"canonical\" href=\"https:\/\/www.pixelplanet.com\/de\/pdfcrypter\/support\/\" \/>\n<meta property=\"og:locale\" content=\"de_DE\" \/>\n<meta property=\"og:type\" content=\"article\" \/>\n<meta property=\"og:title\" content=\"Hilfestellung und Support f\u00fcr PdfCrypter\" \/>\n<meta property=\"og:description\" content=\"Hier findest Du Antworten auf h\u00e4ufige Fragen (FAQs) zu PdfCrypter. Au\u00dferdem die neuesten Updates, M\u00f6glichkeiten zur Kontaktaufnahme und weitere Hilfe.\" \/>\n<meta property=\"og:url\" content=\"https:\/\/www.pixelplanet.com\/de\/pdfcrypter\/support\/\" \/>\n<meta property=\"og:site_name\" content=\"PixelPlanet.com - PDF-Software-Shop\" \/>\n<meta property=\"article:publisher\" content=\"https:\/\/www.facebook.com\/PixelPlanet\" \/>\n<meta property=\"article:modified_time\" content=\"2019-12-28T16:28:05+00:00\" \/>\n<meta property=\"og:image\" content=\"https:\/\/www.pixelplanet.com\/wp-content\/uploads\/2018\/02\/FaceBook-Homepage-DE-1200x630.jpg\" \/>\n\t<meta property=\"og:image:width\" content=\"1200\" \/>\n\t<meta property=\"og:image:height\" content=\"630\" \/>\n\t<meta property=\"og:image:type\" content=\"image\/jpeg\" \/>\n<meta name=\"twitter:card\" content=\"summary_large_image\" \/>\n<meta name=\"twitter:title\" content=\"PixelPlanet - Hilfe &amp; Support\" \/>\n<meta name=\"twitter:site\" content=\"@PixelPlanet\" \/>\n<meta name=\"twitter:label1\" content=\"Gesch\u00e4tzte Lesezeit\" \/>\n\t<meta name=\"twitter:data1\" content=\"2\u00a0Minuten\" \/>\n<script type=\"application\/ld+json\" class=\"yoast-schema-graph\">{\"@context\":\"https:\\\/\\\/schema.org\",\"@graph\":[{\"@type\":\"WebPage\",\"@id\":\"https:\\\/\\\/www.pixelplanet.com\\\/de\\\/pdfcrypter\\\/support\\\/\",\"url\":\"https:\\\/\\\/www.pixelplanet.com\\\/de\\\/pdfcrypter\\\/support\\\/\",\"name\":\"Hilfestellung und Support f\u00fcr PixelPlanet PdfCrypter\",\"isPartOf\":{\"@id\":\"https:\\\/\\\/www.pixelplanet.com\\\/de\\\/#website\"},\"datePublished\":\"2018-08-21T09:53:12+00:00\",\"dateModified\":\"2019-12-28T16:28:05+00:00\",\"description\":\"Hier findest Du Antworten auf h\u00e4ufige Fragen (FAQs) zu PdfCrypter. Au\u00dferdem die neuesten Updates, M\u00f6glichkeiten zur Kontaktaufnahme und weitere Hilfe.\",\"breadcrumb\":{\"@id\":\"https:\\\/\\\/www.pixelplanet.com\\\/de\\\/pdfcrypter\\\/support\\\/#breadcrumb\"},\"inLanguage\":\"de\",\"potentialAction\":[{\"@type\":\"ReadAction\",\"target\":[\"https:\\\/\\\/www.pixelplanet.com\\\/de\\\/pdfcrypter\\\/support\\\/\"]}]},{\"@type\":\"BreadcrumbList\",\"@id\":\"https:\\\/\\\/www.pixelplanet.com\\\/de\\\/pdfcrypter\\\/support\\\/#breadcrumb\",\"itemListElement\":[{\"@type\":\"ListItem\",\"position\":1,\"name\":\"Home\",\"item\":\"https:\\\/\\\/www.pixelplanet.com\\\/de\\\/home\\\/\"},{\"@type\":\"ListItem\",\"position\":2,\"name\":\"PdfCrypter\",\"item\":\"https:\\\/\\\/www.pixelplanet.com\\\/de\\\/\"},{\"@type\":\"ListItem\",\"position\":3,\"name\":\"Hilfe &#038; Support\"}]},{\"@type\":\"WebSite\",\"@id\":\"https:\\\/\\\/www.pixelplanet.com\\\/de\\\/#website\",\"url\":\"https:\\\/\\\/www.pixelplanet.com\\\/de\\\/\",\"name\":\"PixelPlanet.com - PDF-Software-Shop\",\"description\":\"Edit, convert, create, merge and split PDF documents on Windows and Mac\",\"publisher\":{\"@id\":\"https:\\\/\\\/www.pixelplanet.com\\\/de\\\/#organization\"},\"potentialAction\":[{\"@type\":\"SearchAction\",\"target\":{\"@type\":\"EntryPoint\",\"urlTemplate\":\"https:\\\/\\\/www.pixelplanet.com\\\/de\\\/?s={search_term_string}\"},\"query-input\":{\"@type\":\"PropertyValueSpecification\",\"valueRequired\":true,\"valueName\":\"search_term_string\"}}],\"inLanguage\":\"de\"},{\"@type\":\"Organization\",\"@id\":\"https:\\\/\\\/www.pixelplanet.com\\\/de\\\/#organization\",\"name\":\"PixelPlanet\",\"url\":\"https:\\\/\\\/www.pixelplanet.com\\\/de\\\/\",\"logo\":{\"@type\":\"ImageObject\",\"inLanguage\":\"de\",\"@id\":\"https:\\\/\\\/www.pixelplanet.com\\\/de\\\/#\\\/schema\\\/logo\\\/image\\\/\",\"url\":\"https:\\\/\\\/www.pixelplanet.com\\\/wp-content\\\/uploads\\\/2016\\\/12\\\/PixelPlanet-Logo-540x100.png\",\"contentUrl\":\"https:\\\/\\\/www.pixelplanet.com\\\/wp-content\\\/uploads\\\/2016\\\/12\\\/PixelPlanet-Logo-540x100.png\",\"width\":540,\"height\":100,\"caption\":\"PixelPlanet\"},\"image\":{\"@id\":\"https:\\\/\\\/www.pixelplanet.com\\\/de\\\/#\\\/schema\\\/logo\\\/image\\\/\"},\"sameAs\":[\"https:\\\/\\\/www.facebook.com\\\/PixelPlanet\",\"https:\\\/\\\/x.com\\\/PixelPlanet\",\"https:\\\/\\\/www.instagram.com\\\/pixelplanet.software\\\/\",\"https:\\\/\\\/linkedin.com\\\/company\\\/pixelplanet-software\"]}]}<\/script>\n<!-- \/ Yoast SEO Premium plugin. -->","yoast_head_json":{"title":"Hilfestellung und Support f\u00fcr PixelPlanet PdfCrypter","description":"Hier findest Du Antworten auf h\u00e4ufige Fragen (FAQs) zu PdfCrypter. Au\u00dferdem die neuesten Updates, M\u00f6glichkeiten zur Kontaktaufnahme und weitere Hilfe.","robots":{"index":"index","follow":"follow","max-snippet":"max-snippet:-1","max-image-preview":"max-image-preview:large","max-video-preview":"max-video-preview:-1"},"canonical":"https:\/\/www.pixelplanet.com\/de\/pdfcrypter\/support\/","og_locale":"de_DE","og_type":"article","og_title":"Hilfestellung und Support f\u00fcr PdfCrypter","og_description":"Hier findest Du Antworten auf h\u00e4ufige Fragen (FAQs) zu PdfCrypter. Au\u00dferdem die neuesten Updates, M\u00f6glichkeiten zur Kontaktaufnahme und weitere Hilfe.","og_url":"https:\/\/www.pixelplanet.com\/de\/pdfcrypter\/support\/","og_site_name":"PixelPlanet.com - PDF-Software-Shop","article_publisher":"https:\/\/www.facebook.com\/PixelPlanet","article_modified_time":"2019-12-28T16:28:05+00:00","og_image":[{"width":1200,"height":630,"url":"https:\/\/www.pixelplanet.com\/wp-content\/uploads\/2018\/02\/FaceBook-Homepage-DE-1200x630.jpg","type":"image\/jpeg"}],"twitter_card":"summary_large_image","twitter_title":"PixelPlanet - Hilfe & Support","twitter_site":"@PixelPlanet","twitter_misc":{"Gesch\u00e4tzte Lesezeit":"2\u00a0Minuten"},"schema":{"@context":"https:\/\/schema.org","@graph":[{"@type":"WebPage","@id":"https:\/\/www.pixelplanet.com\/de\/pdfcrypter\/support\/","url":"https:\/\/www.pixelplanet.com\/de\/pdfcrypter\/support\/","name":"Hilfestellung und Support f\u00fcr PixelPlanet PdfCrypter","isPartOf":{"@id":"https:\/\/www.pixelplanet.com\/de\/#website"},"datePublished":"2018-08-21T09:53:12+00:00","dateModified":"2019-12-28T16:28:05+00:00","description":"Hier findest Du Antworten auf h\u00e4ufige Fragen (FAQs) zu PdfCrypter. Au\u00dferdem die neuesten Updates, M\u00f6glichkeiten zur Kontaktaufnahme und weitere Hilfe.","breadcrumb":{"@id":"https:\/\/www.pixelplanet.com\/de\/pdfcrypter\/support\/#breadcrumb"},"inLanguage":"de","potentialAction":[{"@type":"ReadAction","target":["https:\/\/www.pixelplanet.com\/de\/pdfcrypter\/support\/"]}]},{"@type":"BreadcrumbList","@id":"https:\/\/www.pixelplanet.com\/de\/pdfcrypter\/support\/#breadcrumb","itemListElement":[{"@type":"ListItem","position":1,"name":"Home","item":"https:\/\/www.pixelplanet.com\/de\/home\/"},{"@type":"ListItem","position":2,"name":"PdfCrypter","item":"https:\/\/www.pixelplanet.com\/de\/"},{"@type":"ListItem","position":3,"name":"Hilfe &#038; Support"}]},{"@type":"WebSite","@id":"https:\/\/www.pixelplanet.com\/de\/#website","url":"https:\/\/www.pixelplanet.com\/de\/","name":"PixelPlanet.com - PDF-Software-Shop","description":"Edit, convert, create, merge and split PDF documents on Windows and Mac","publisher":{"@id":"https:\/\/www.pixelplanet.com\/de\/#organization"},"potentialAction":[{"@type":"SearchAction","target":{"@type":"EntryPoint","urlTemplate":"https:\/\/www.pixelplanet.com\/de\/?s={search_term_string}"},"query-input":{"@type":"PropertyValueSpecification","valueRequired":true,"valueName":"search_term_string"}}],"inLanguage":"de"},{"@type":"Organization","@id":"https:\/\/www.pixelplanet.com\/de\/#organization","name":"PixelPlanet","url":"https:\/\/www.pixelplanet.com\/de\/","logo":{"@type":"ImageObject","inLanguage":"de","@id":"https:\/\/www.pixelplanet.com\/de\/#\/schema\/logo\/image\/","url":"https:\/\/www.pixelplanet.com\/wp-content\/uploads\/2016\/12\/PixelPlanet-Logo-540x100.png","contentUrl":"https:\/\/www.pixelplanet.com\/wp-content\/uploads\/2016\/12\/PixelPlanet-Logo-540x100.png","width":540,"height":100,"caption":"PixelPlanet"},"image":{"@id":"https:\/\/www.pixelplanet.com\/de\/#\/schema\/logo\/image\/"},"sameAs":["https:\/\/www.facebook.com\/PixelPlanet","https:\/\/x.com\/PixelPlanet","https:\/\/www.instagram.com\/pixelplanet.software\/","https:\/\/linkedin.com\/company\/pixelplanet-software"]}]}},"_links":{"self":[{"href":"https:\/\/www.pixelplanet.com\/de\/wp-json\/wp\/v2\/pages\/16964","targetHints":{"allow":["GET"]}}],"collection":[{"href":"https:\/\/www.pixelplanet.com\/de\/wp-json\/wp\/v2\/pages"}],"about":[{"href":"https:\/\/www.pixelplanet.com\/de\/wp-json\/wp\/v2\/types\/page"}],"author":[{"embeddable":true,"href":"https:\/\/www.pixelplanet.com\/de\/wp-json\/wp\/v2\/users\/1"}],"replies":[{"embeddable":true,"href":"https:\/\/www.pixelplanet.com\/de\/wp-json\/wp\/v2\/comments?post=16964"}],"version-history":[{"count":0,"href":"https:\/\/www.pixelplanet.com\/de\/wp-json\/wp\/v2\/pages\/16964\/revisions"}],"up":[{"embeddable":true,"href":"https:\/\/www.pixelplanet.com\/de\/wp-json\/wp\/v2\/pages\/14616"}],"wp:attachment":[{"href":"https:\/\/www.pixelplanet.com\/de\/wp-json\/wp\/v2\/media?parent=16964"}],"curies":[{"name":"wp","href":"https:\/\/api.w.org\/{rel}","templated":true}]}}