{"id":20833,"date":"2019-03-06T16:39:18","date_gmt":"2019-03-06T15:39:18","guid":{"rendered":"https:\/\/www.pixelplanet.com\/?page_id=20833"},"modified":"2020-10-01T00:03:34","modified_gmt":"2020-09-30T22:03:34","slug":"pdf-briefpapier","status":"publish","type":"page","link":"https:\/\/www.pixelplanet.com\/de\/pdfeditor\/funktionen\/pdf-briefpapier\/","title":{"rendered":"PDF Briefpapier"},"content":{"rendered":"<section class=\"l-section wpb_row height_medium color_secondary with_img\"><div class=\"l-section-img\" role=\"img\" aria-label=\"Bild\" data-img-width=\"1920\" data-img-height=\"1280\" style=\"background-image: url(https:\/\/www.pixelplanet.com\/wp-content\/uploads\/2019\/12\/PdfEditor-Info-1920x1280-1.jpg);\"><\/div><div class=\"l-section-h i-cf\"><div class=\"g-cols vc_row via_flex valign_middle type_default stacking_default\"><div class=\"vc_col-sm-6 wpb_column vc_column_container\"><div class=\"vc_column-inner\"><div class=\"wpb_wrapper\"><div class=\"wpb_text_column\"><div class=\"wpb_wrapper\"><h1>PDF Briefpapier &amp; Wasserzeichen<\/h1>\n<p>Du m\u00f6chtest PDFs, die Du sonst auf Gesch\u00e4ftspapier ausdruckst, f\u00fcr digitale Zwecke mit deinem Briefpapier versehen? Oder ein Wasserzeichen einf\u00fcgen?<\/p>\n<p>Kein Problem mit <strong>PdfEditor<\/strong>!<\/p>\n<p>Die Software f\u00fcr Microsoft Windows ist kinderleicht zu bedienen und arbeitet \u00e4u\u00dferst zuverl\u00e4ssig \u2013 und das Beste dabei: Du ben\u00f6tigst KEINEN Adobe Acrobat!<\/p>\n<\/div><\/div><div class=\"w-separator size_small\"><\/div><div class=\"w-btn-wrapper align_none\"><a class=\"w-btn us-btn-style_3 icon_atleft\" href=\"https:\/\/www.pixelplanet.com\/de\/pdfeditor\/herunterladen\/\"><i class=\"fas fa-download\"><\/i><span class=\"w-btn-label\">Jetzt testen<\/span><\/a><\/div><div class=\"w-btn-wrapper align_none\"><a class=\"w-btn us-btn-style_8 icon_atleft\" href=\"https:\/\/www.pixelplanet.com\/de\/produkt-kategorie\/pdfeditor\/pdfeditor-windows\/\"><i class=\"fas fa-shopping-cart\"><\/i><span class=\"w-btn-label\">Lizenz kaufen<\/span><\/a><\/div><div class=\"w-separator size_medium\"><\/div><\/div><\/div><\/div><div class=\"vc_col-sm-6 wpb_column vc_column_container\"><div class=\"vc_column-inner\"><div class=\"wpb_wrapper\"><div class=\"w-image align_none\"><div class=\"w-image-h\"><img decoding=\"async\" width=\"1024\" height=\"1024\" src=\"https:\/\/www.pixelplanet.com\/wp-content\/uploads\/2019\/03\/PDF-Briefpapier-PC-DEU-1024x1024.png\" class=\"attachment-large size-large\" alt=\"\" loading=\"lazy\" srcset=\"https:\/\/www.pixelplanet.com\/wp-content\/uploads\/2019\/03\/PDF-Briefpapier-PC-DEU-1024x1024.png 1024w, https:\/\/www.pixelplanet.com\/wp-content\/uploads\/2019\/03\/PDF-Briefpapier-PC-DEU-1024x1024-150x150.png 150w, https:\/\/www.pixelplanet.com\/wp-content\/uploads\/2019\/03\/PDF-Briefpapier-PC-DEU-1024x1024-312x312.png 312w, https:\/\/www.pixelplanet.com\/wp-content\/uploads\/2019\/03\/PDF-Briefpapier-PC-DEU-1024x1024-300x300.png 300w, https:\/\/www.pixelplanet.com\/wp-content\/uploads\/2019\/03\/PDF-Briefpapier-PC-DEU-1024x1024-768x768.png 768w, https:\/\/www.pixelplanet.com\/wp-content\/uploads\/2019\/03\/PDF-Briefpapier-PC-DEU-1024x1024-350x350.png 350w, https:\/\/www.pixelplanet.com\/wp-content\/uploads\/2019\/03\/PDF-Briefpapier-PC-DEU-1024x1024-600x600.png 600w\" sizes=\"auto, (max-width: 1024px) 100vw, 1024px\" \/><\/div><\/div><\/div><\/div><\/div><\/div><\/div><\/section><section class=\"l-section wpb_row height_medium color_alternate\"><div class=\"l-section-h i-cf\"><div class=\"g-cols vc_row via_flex valign_top type_default stacking_default\"><div class=\"vc_col-sm-4 wpb_column vc_column_container\"><div class=\"vc_column-inner\"><div class=\"wpb_wrapper\"><div class=\"w-iconbox iconpos_top style_circle color_custom align_center no_text\"><div class=\"w-iconbox-icon\" style=\"font-size:;--icon-color:#ffffff;--icon-bg-color:#ff8400;\"><i class=\"fas fa-envelope\"><\/i><\/div><div class=\"w-iconbox-meta\"><h3 class=\"w-iconbox-title\">Briefpapier<\/h3><\/div><\/div><\/div><\/div><\/div><div class=\"vc_col-sm-4 wpb_column vc_column_container\"><div class=\"vc_column-inner\"><div class=\"wpb_wrapper\"><div class=\"w-iconbox iconpos_top style_circle color_custom align_center no_text\"><div class=\"w-iconbox-icon\" style=\"font-size:;--icon-color:#ffffff;--icon-bg-color:#ff8400;\"><i class=\"fas fa-water\"><\/i><\/div><div class=\"w-iconbox-meta\"><h3 class=\"w-iconbox-title\">Wasserzeichen<\/h3><\/div><\/div><\/div><\/div><\/div><div class=\"vc_col-sm-4 wpb_column vc_column_container\"><div class=\"vc_column-inner\"><div class=\"wpb_wrapper\"><div class=\"w-iconbox iconpos_top style_circle color_custom align_center no_text\"><div class=\"w-iconbox-icon\" style=\"font-size:;--icon-color:#ffffff;--icon-bg-color:#ff8400;\"><i class=\"fas fa-file-image\"><\/i><\/div><div class=\"w-iconbox-meta\"><h3 class=\"w-iconbox-title\">Hintergrundbilder<\/h3><\/div><\/div><\/div><\/div><\/div><\/div><\/div><\/section><section class=\"l-section wpb_row height_medium\"><div class=\"l-section-h i-cf\"><div class=\"g-cols vc_row via_flex valign_middle type_default stacking_default\"><div class=\"vc_col-sm-6 wpb_column vc_column_container\"><div class=\"vc_column-inner\"><div class=\"wpb_wrapper\"><div class=\"w-image align_none\"><div class=\"w-image-h\"><img decoding=\"async\" width=\"1024\" height=\"1024\" src=\"https:\/\/www.pixelplanet.com\/wp-content\/uploads\/2019\/03\/PDF-Briefpapier-ZOOM-DEU-1024x1024.png\" class=\"attachment-large size-large\" alt=\"\" loading=\"lazy\" srcset=\"https:\/\/www.pixelplanet.com\/wp-content\/uploads\/2019\/03\/PDF-Briefpapier-ZOOM-DEU-1024x1024.png 1024w, https:\/\/www.pixelplanet.com\/wp-content\/uploads\/2019\/03\/PDF-Briefpapier-ZOOM-DEU-1024x1024-150x150.png 150w, https:\/\/www.pixelplanet.com\/wp-content\/uploads\/2019\/03\/PDF-Briefpapier-ZOOM-DEU-1024x1024-312x312.png 312w, https:\/\/www.pixelplanet.com\/wp-content\/uploads\/2019\/03\/PDF-Briefpapier-ZOOM-DEU-1024x1024-300x300.png 300w, https:\/\/www.pixelplanet.com\/wp-content\/uploads\/2019\/03\/PDF-Briefpapier-ZOOM-DEU-1024x1024-768x768.png 768w, https:\/\/www.pixelplanet.com\/wp-content\/uploads\/2019\/03\/PDF-Briefpapier-ZOOM-DEU-1024x1024-350x350.png 350w, https:\/\/www.pixelplanet.com\/wp-content\/uploads\/2019\/03\/PDF-Briefpapier-ZOOM-DEU-1024x1024-600x600.png 600w\" sizes=\"auto, (max-width: 1024px) 100vw, 1024px\" \/><\/div><\/div><\/div><\/div><\/div><div class=\"vc_col-sm-6 wpb_column vc_column_container\"><div class=\"vc_column-inner\"><div class=\"wpb_wrapper\"><div class=\"wpb_text_column\"><div class=\"wpb_wrapper\"><h2>Briefpapier<\/h2>\n<p>Mit PixelPlanet PdfEditor hinterlegst Du PDF-Dokumente mit deinem eigenen Briefpapier. Dies ist immer dann sinnvoll, wenn das Dokument nicht ausgedruckt sondern per eMail versendet oder digital zur Verf\u00fcgung gestellt werden soll.<\/p>\n<p>Unterst\u00fctzt werden alle wichtigen Bildformate (z.B. BMP, PNG, JPG). Selbstverst\u00e4ndlich kannst Du aber auch ein PDF als Briefpapier w\u00e4hlen.<\/p>\n<\/div><\/div><div class=\"w-separator size_medium\"><\/div><div class=\"w-btn-wrapper align_none\"><a class=\"w-btn us-btn-style_3 icon_atleft\" href=\"https:\/\/www.pixelplanet.com\/de\/pdfeditor\/herunterladen\/\"><i class=\"fas fa-download\"><\/i><span class=\"w-btn-label\">Jetzt testen<\/span><\/a><\/div><div class=\"w-btn-wrapper align_none\"><a class=\"w-btn us-btn-style_8 icon_atleft\" href=\"https:\/\/www.pixelplanet.com\/de\/produkt-kategorie\/pdfeditor\/pdfeditor-windows\/\"><i class=\"fas fa-shopping-cart\"><\/i><span class=\"w-btn-label\">Lizenz kaufen<\/span><\/a><\/div><\/div><\/div><\/div><\/div><\/div><\/section><section class=\"l-section wpb_row height_medium color_alternate\" id=\"wasserzeichen\"><div class=\"l-section-h i-cf\"><div class=\"g-cols vc_row via_flex valign_middle type_default stacking_default\"><div class=\"vc_col-sm-6 wpb_column vc_column_container\"><div class=\"vc_column-inner\"><div class=\"wpb_wrapper\"><div class=\"wpb_text_column\"><div class=\"wpb_wrapper\"><h3>Auch m\u00f6glich: Hintergrundbilder &amp; Wasserzeichen<\/h3>\n<p>Neben der &#8222;Briefpapier-Funktion&#8220; bietet PdfEditor auch Werkzeuge f\u00fcr das Einbinden von Hintergrundbildern oder Wasserzeichen.<\/p>\n<p>F\u00fcge beliebige Bilder oder andere PDFs in den Hinter- oder Vordergrund deiner PDFs oder versehe die Dokumente mit einem Texthinweis, z.B. &#8222;Vertraulich&#8220;, &#8222;Geheim&#8220; etc..<\/p>\n<\/div><\/div><div class=\"w-separator size_medium\"><\/div><div class=\"w-btn-wrapper align_none\"><a class=\"w-btn us-btn-style_3 icon_atleft\" href=\"https:\/\/www.pixelplanet.com\/de\/pdfeditor\/herunterladen\/\"><i class=\"fas fa-download\"><\/i><span class=\"w-btn-label\">Jetzt testen<\/span><\/a><\/div><div class=\"w-btn-wrapper align_none\"><a class=\"w-btn us-btn-style_8 icon_atleft\" href=\"https:\/\/www.pixelplanet.com\/de\/produkt-kategorie\/pdfeditor\/pdfeditor-windows\/\"><i class=\"fas fa-shopping-cart\"><\/i><span class=\"w-btn-label\">Lizenz kaufen<\/span><\/a><\/div><\/div><\/div><\/div><div class=\"vc_col-sm-6 wpb_column vc_column_container\"><div class=\"vc_column-inner\"><div class=\"wpb_wrapper\"><div class=\"w-image align_none\"><div class=\"w-image-h\"><img decoding=\"async\" width=\"1024\" height=\"1024\" src=\"https:\/\/www.pixelplanet.com\/wp-content\/uploads\/2019\/03\/PDF-Wasserzeichen-ZOOM-DEU-1024x1024.png\" class=\"attachment-large size-large\" alt=\"\" loading=\"lazy\" srcset=\"https:\/\/www.pixelplanet.com\/wp-content\/uploads\/2019\/03\/PDF-Wasserzeichen-ZOOM-DEU-1024x1024.png 1024w, https:\/\/www.pixelplanet.com\/wp-content\/uploads\/2019\/03\/PDF-Wasserzeichen-ZOOM-DEU-1024x1024-150x150.png 150w, https:\/\/www.pixelplanet.com\/wp-content\/uploads\/2019\/03\/PDF-Wasserzeichen-ZOOM-DEU-1024x1024-312x312.png 312w, https:\/\/www.pixelplanet.com\/wp-content\/uploads\/2019\/03\/PDF-Wasserzeichen-ZOOM-DEU-1024x1024-300x300.png 300w, https:\/\/www.pixelplanet.com\/wp-content\/uploads\/2019\/03\/PDF-Wasserzeichen-ZOOM-DEU-1024x1024-768x768.png 768w, https:\/\/www.pixelplanet.com\/wp-content\/uploads\/2019\/03\/PDF-Wasserzeichen-ZOOM-DEU-1024x1024-350x350.png 350w, https:\/\/www.pixelplanet.com\/wp-content\/uploads\/2019\/03\/PDF-Wasserzeichen-ZOOM-DEU-1024x1024-600x600.png 600w\" sizes=\"auto, (max-width: 1024px) 100vw, 1024px\" \/><\/div><\/div><\/div><\/div><\/div><\/div><\/div><\/section><section class=\"l-section wpb_row height_medium\"><div class=\"l-section-h i-cf\"><div class=\"g-cols vc_row via_flex valign_middle type_default stacking_default\"><div class=\"vc_col-sm-12 wpb_column vc_column_container\"><div class=\"vc_column-inner\"><div class=\"wpb_wrapper\"><div class=\"wpb_text_column\"><div class=\"wpb_wrapper\"><h3 style=\"text-align: center;\">Weitere Eigenschaften von <strong>PdfEditor<\/strong><\/h3>\n<\/div><\/div><div class=\"wpb_text_column\"><div class=\"wpb_wrapper\">\n<table id=\"tablepress-PE-1-DEU\" class=\"tablepress tablepress-id-PE-1-DEU\">\n<thead>\n<tr class=\"row-1\">\n\t<th class=\"column-1\">PdfEditor 4<\/th><td class=\"column-2\"><\/td>\n<\/tr>\n<\/thead>\n<tbody class=\"row-striping row-hover\">\n<tr class=\"row-2\">\n\t<td class=\"column-1\"><i class=\"fas fa-lg fa-fw fa-coin orange\"><\/i> Einmalige Lizenzkosten, kein Abo, keine Folgekosten<\/td><td class=\"column-2\"><i class=\"fas fa-check-square fa-lg orange\"><\/i><\/td>\n<\/tr>\n<tr class=\"row-3\">\n\t<td class=\"column-1\"><i class=\"fas fa-lg fa-fw fa-download orange\"><\/i> Kostenlose Updates innerhalb der Hauptversion 4, unbegrenzte G\u00fcltigkeit Ihrer Lizenz<\/td><td class=\"column-2\"><i class=\"fas fa-check-square fa-lg orange\"><\/i><\/td>\n<\/tr>\n<tr class=\"row-4\">\n\t<td class=\"column-1\"><i class=\"fas fa-lg fa-fw fa-edit orange\"><\/i> Bearbeiten von Texten direkt im PDF<\/td><td class=\"column-2\"><i class=\"fas fa-check-square fa-lg orange\"><\/i><\/td>\n<\/tr>\n<tr class=\"row-5\">\n\t<td class=\"column-1\"><i class=\"fas fa-lg fa-fw fa-image orange\"><\/i> Bearbeiten von Grafiken und Bildern<\/td><td class=\"column-2\"><i class=\"fas fa-check-square fa-lg orange\"><\/i><\/td>\n<\/tr>\n<tr class=\"row-6\">\n\t<td class=\"column-1\"><i class=\"fas fa-lg fa-fw fa-trash orange\"><\/i> Inhalte unwiederbringlich l\u00f6schen (\"Schw\u00e4rzung\")<\/td><td class=\"column-2\"><i class=\"fas fa-check-square fa-lg orange\"><\/i><\/td>\n<\/tr>\n<tr class=\"row-7\">\n\t<td class=\"column-1\"><i class=\"fas fa-lg fa-fw fa-exclamation orange\"><\/i> Texte markieren wie mit einem Textmarker<\/td><td class=\"column-2\"><i class=\"fas fa-check-square fa-lg orange\"><\/i><\/td>\n<\/tr>\n<tr class=\"row-8\">\n\t<td class=\"column-1\"><i class=\"fas fa-lg fa-fw fa-check-square orange\"><\/i> Formulare erstellen und ausf\u00fcllbar machen<\/td><td class=\"column-2\"><i class=\"fas fa-check-square fa-lg orange\"><\/i><\/td>\n<\/tr>\n<tr class=\"row-9\">\n\t<td class=\"column-1\"><i class=\"fas fa-lg fa-fw fa-compress orange\"><\/i> Mehrere Dokumente zu einem PDF zusammenf\u00fchren<\/td><td class=\"column-2\"><i class=\"fas fa-check-square fa-lg orange\"><\/i><\/td>\n<\/tr>\n<tr class=\"row-10\">\n\t<td class=\"column-1\"><i class=\"fas fa-lg fa-fw fa-copy orange\"><\/i> Mehrseitige PDFs auftrennen<\/td><td class=\"column-2\"><i class=\"fas fa-check-square fa-lg orange\"><\/i><\/td>\n<\/tr>\n<tr class=\"row-11\">\n\t<td class=\"column-1\"><i class=\"fas fa-lg fa-fw fa-file-invoice orange\"><\/i> Kopf- und Fu\u00dfzeilen inkl. Datumsfunktion und Seitennummerierung<\/td><td class=\"column-2\"><i class=\"fas fa-check-square fa-lg orange\"><\/i><\/td>\n<\/tr>\n<tr class=\"row-12\">\n\t<td class=\"column-1\"><i class=\"fas fa-lg fa-fw fa-envelope orange\"><\/i> Briefpapier, Grafik oder Wasserzeichen einf\u00fcgen<\/td><td class=\"column-2\"><i class=\"fas fa-check-square fa-lg orange\"><\/i><\/td>\n<\/tr>\n<tr class=\"row-13\">\n\t<td class=\"column-1\"><i class=\"fas fa-lg fa-fw fa-search orange\"><\/i> Gescannte PDFs mittels OCR durchsuchbar machen<\/td><td class=\"column-2\"><i class=\"fas fa-check-square fa-lg orange\"><\/i><\/td>\n<\/tr>\n<tr class=\"row-14\">\n\t<td class=\"column-1\"><i class=\"fas fa-lg fa-fw fa-print orange\"><\/i> Erzeugen von PDFs aus jeder druckf\u00e4higen Anwendung<\/td><td class=\"column-2\"><i class=\"fas fa-check-square fa-lg orange\"><\/i><\/td>\n<\/tr>\n<\/tbody>\n<\/table>\n<!-- #tablepress-PE-1-DEU from cache -->\n<\/div><\/div><div class=\"w-separator size_small\"><\/div><div class=\"w-btn-wrapper align_none\"><a class=\"w-btn us-btn-style_3 icon_atleft\" href=\"https:\/\/www.pixelplanet.com\/de\/pdfeditor\/funktionen\/#complete\"><i class=\"fas fa-list\"><\/i><span class=\"w-btn-label\">zur kompletten Funktionsliste<\/span><\/a><\/div><\/div><\/div><\/div><\/div><\/div><\/section><section class=\"l-section wpb_row height_medium color_primary\"><div class=\"l-section-overlay\" style=\"background:#ff8400\"><\/div><div class=\"l-section-h i-cf\"><div class=\"g-cols vc_row via_flex valign_middle type_default stacking_default\"><div class=\"vc_col-sm-12 wpb_column vc_column_container\"><div class=\"vc_column-inner\"><div class=\"wpb_wrapper\"><div class=\"w-actionbox us_custom_4894fb99 color_primary controls_right\"><div class=\"w-actionbox-text\"><h2 class=\"w-actionbox-title\">PdfEditor kostenlos testen<\/h2><div class=\"w-actionbox-description\"><p>Die Testversion enth\u00e4lt alle Funktionen der PdfEditor Vollversion, f\u00fcgt aber ein Wasserzeichen in alle bearbeiteten PDFs ein (eine Sicherungskopie der Original-Datei wird nat\u00fcrlich erstellt). Diese Einschr\u00e4nkung entf\u00e4llt selbstverst\u00e4ndlich in der Vollversion. So k\u00f6nnen Sie kostenlos und unverbindlich den Funktionsumfang von PdfEditor vor dem Kauf testen.<\/p>\n<\/div><\/div><div class=\"w-actionbox-controls\"><a class=\"w-btn us-btn-style_8 icon_atleft\" href=\"https:\/\/www.pixelplanet.com\/de\/pdfeditor\/herunterladen\/\"><i class=\"fas fa-download\"><\/i><span class=\"w-btn-label\">Jetzt testen<\/span><\/a><\/div><\/div><\/div><\/div><\/div><\/div><\/div><\/section>\n","protected":false},"excerpt":{"rendered":"PDF Briefpapier &amp; Wasserzeichen Du m\u00f6chtest PDFs, die Du sonst auf Gesch\u00e4ftspapier ausdruckst, f\u00fcr digitale Zwecke mit deinem Briefpapier versehen? Oder ein Wasserzeichen einf\u00fcgen? Kein Problem mit PdfEditor! Die Software f\u00fcr Microsoft Windows ist kinderleicht zu bedienen und arbeitet \u00e4u\u00dferst zuverl\u00e4ssig \u2013 und das Beste dabei: Du ben\u00f6tigst KEINEN Adobe Acrobat! Jetzt testenLizenz kaufenBriefpapierWasserzeichenHintergrundbilder Briefpapier...","protected":false},"author":1,"featured_media":0,"parent":16231,"menu_order":9,"comment_status":"closed","ping_status":"closed","template":"","meta":{"footnotes":""},"class_list":["post-20833","page","type-page","status-publish","hentry"],"yoast_head":"<!-- This site is optimized with the Yoast SEO Premium plugin v27.3 (Yoast SEO v27.3) - https:\/\/yoast.com\/product\/yoast-seo-premium-wordpress\/ -->\n<title>PdfEditor - PDFs mit deinem Briefpapier hinterlegen<\/title>\n<meta name=\"description\" content=\"Hinterlege PDF-Dokumente mit deinem Briefpapier, einem Bild, einer anderen PDF-Datei oder f\u00fcge einen Texthinweis ein, z.B. &quot;Vertraulich&quot;.\" \/>\n<meta name=\"robots\" content=\"index, follow, max-snippet:-1, max-image-preview:large, max-video-preview:-1\" \/>\n<link rel=\"canonical\" href=\"https:\/\/www.pixelplanet.com\/de\/pdfeditor\/funktionen\/pdf-briefpapier\/\" \/>\n<meta property=\"og:locale\" content=\"de_DE\" \/>\n<meta property=\"og:type\" content=\"article\" \/>\n<meta property=\"og:title\" content=\"Briefpapier in PDFs einf\u00fcgen mit PdfEditor\" \/>\n<meta property=\"og:description\" content=\"Hinterlege PDF-Dokumente mit deinem Briefpapier, einem Bild, einer anderen PDF-Datei oder f\u00fcge einen Texthinweis ein, z.B. &quot;Vertraulich&quot;.\" \/>\n<meta property=\"og:url\" content=\"https:\/\/www.pixelplanet.com\/de\/pdfeditor\/funktionen\/pdf-briefpapier\/\" \/>\n<meta property=\"og:site_name\" content=\"PixelPlanet.com - PDF-Software-Shop\" \/>\n<meta property=\"article:publisher\" content=\"https:\/\/www.facebook.com\/PixelPlanet\" \/>\n<meta property=\"article:modified_time\" content=\"2020-09-30T22:03:34+00:00\" \/>\n<meta property=\"og:image\" content=\"https:\/\/www.pixelplanet.com\/wp-content\/uploads\/2018\/02\/FaceBook-Homepage-DE-1200x630.jpg\" \/>\n\t<meta property=\"og:image:width\" content=\"1200\" \/>\n\t<meta property=\"og:image:height\" content=\"630\" \/>\n\t<meta property=\"og:image:type\" content=\"image\/jpeg\" \/>\n<meta name=\"twitter:card\" content=\"summary_large_image\" \/>\n<meta name=\"twitter:title\" content=\"PixelPlanet - PDF Briefpapier\" \/>\n<meta name=\"twitter:site\" content=\"@PixelPlanet\" \/>\n<meta name=\"twitter:label1\" content=\"Gesch\u00e4tzte Lesezeit\" \/>\n\t<meta name=\"twitter:data1\" content=\"4\u00a0Minuten\" \/>\n<script type=\"application\/ld+json\" class=\"yoast-schema-graph\">{\"@context\":\"https:\\\/\\\/schema.org\",\"@graph\":[{\"@type\":\"WebPage\",\"@id\":\"https:\\\/\\\/www.pixelplanet.com\\\/de\\\/pdfeditor\\\/funktionen\\\/pdf-briefpapier\\\/\",\"url\":\"https:\\\/\\\/www.pixelplanet.com\\\/de\\\/pdfeditor\\\/funktionen\\\/pdf-briefpapier\\\/\",\"name\":\"PdfEditor - PDFs mit deinem Briefpapier hinterlegen\",\"isPartOf\":{\"@id\":\"https:\\\/\\\/www.pixelplanet.com\\\/de\\\/#website\"},\"datePublished\":\"2019-03-06T15:39:18+00:00\",\"dateModified\":\"2020-09-30T22:03:34+00:00\",\"description\":\"Hinterlege PDF-Dokumente mit deinem Briefpapier, einem Bild, einer anderen PDF-Datei oder f\u00fcge einen Texthinweis ein, z.B. \\\"Vertraulich\\\".\",\"breadcrumb\":{\"@id\":\"https:\\\/\\\/www.pixelplanet.com\\\/de\\\/pdfeditor\\\/funktionen\\\/pdf-briefpapier\\\/#breadcrumb\"},\"inLanguage\":\"de\",\"potentialAction\":[{\"@type\":\"ReadAction\",\"target\":[\"https:\\\/\\\/www.pixelplanet.com\\\/de\\\/pdfeditor\\\/funktionen\\\/pdf-briefpapier\\\/\"]}]},{\"@type\":\"BreadcrumbList\",\"@id\":\"https:\\\/\\\/www.pixelplanet.com\\\/de\\\/pdfeditor\\\/funktionen\\\/pdf-briefpapier\\\/#breadcrumb\",\"itemListElement\":[{\"@type\":\"ListItem\",\"position\":1,\"name\":\"Home\",\"item\":\"https:\\\/\\\/www.pixelplanet.com\\\/de\\\/home\\\/\"},{\"@type\":\"ListItem\",\"position\":2,\"name\":\"PDF Editor (Windows)\",\"item\":\"https:\\\/\\\/www.pixelplanet.com\\\/de\\\/\"},{\"@type\":\"ListItem\",\"position\":3,\"name\":\"Funktionen\",\"item\":\"https:\\\/\\\/www.pixelplanet.com\\\/de\\\/pdfeditor\\\/funktionen\\\/\"},{\"@type\":\"ListItem\",\"position\":4,\"name\":\"PDF Briefpapier\"}]},{\"@type\":\"WebSite\",\"@id\":\"https:\\\/\\\/www.pixelplanet.com\\\/de\\\/#website\",\"url\":\"https:\\\/\\\/www.pixelplanet.com\\\/de\\\/\",\"name\":\"PixelPlanet.com - PDF-Software-Shop\",\"description\":\"Edit, convert, create, merge and split PDF documents on Windows and Mac\",\"publisher\":{\"@id\":\"https:\\\/\\\/www.pixelplanet.com\\\/de\\\/#organization\"},\"potentialAction\":[{\"@type\":\"SearchAction\",\"target\":{\"@type\":\"EntryPoint\",\"urlTemplate\":\"https:\\\/\\\/www.pixelplanet.com\\\/de\\\/?s={search_term_string}\"},\"query-input\":{\"@type\":\"PropertyValueSpecification\",\"valueRequired\":true,\"valueName\":\"search_term_string\"}}],\"inLanguage\":\"de\"},{\"@type\":\"Organization\",\"@id\":\"https:\\\/\\\/www.pixelplanet.com\\\/de\\\/#organization\",\"name\":\"PixelPlanet\",\"url\":\"https:\\\/\\\/www.pixelplanet.com\\\/de\\\/\",\"logo\":{\"@type\":\"ImageObject\",\"inLanguage\":\"de\",\"@id\":\"https:\\\/\\\/www.pixelplanet.com\\\/de\\\/#\\\/schema\\\/logo\\\/image\\\/\",\"url\":\"https:\\\/\\\/www.pixelplanet.com\\\/wp-content\\\/uploads\\\/2016\\\/12\\\/PixelPlanet-Logo-540x100.png\",\"contentUrl\":\"https:\\\/\\\/www.pixelplanet.com\\\/wp-content\\\/uploads\\\/2016\\\/12\\\/PixelPlanet-Logo-540x100.png\",\"width\":540,\"height\":100,\"caption\":\"PixelPlanet\"},\"image\":{\"@id\":\"https:\\\/\\\/www.pixelplanet.com\\\/de\\\/#\\\/schema\\\/logo\\\/image\\\/\"},\"sameAs\":[\"https:\\\/\\\/www.facebook.com\\\/PixelPlanet\",\"https:\\\/\\\/x.com\\\/PixelPlanet\",\"https:\\\/\\\/www.instagram.com\\\/pixelplanet.software\\\/\",\"https:\\\/\\\/linkedin.com\\\/company\\\/pixelplanet-software\"]}]}<\/script>\n<!-- \/ Yoast SEO Premium plugin. -->","yoast_head_json":{"title":"PdfEditor - PDFs mit deinem Briefpapier hinterlegen","description":"Hinterlege PDF-Dokumente mit deinem Briefpapier, einem Bild, einer anderen PDF-Datei oder f\u00fcge einen Texthinweis ein, z.B. \"Vertraulich\".","robots":{"index":"index","follow":"follow","max-snippet":"max-snippet:-1","max-image-preview":"max-image-preview:large","max-video-preview":"max-video-preview:-1"},"canonical":"https:\/\/www.pixelplanet.com\/de\/pdfeditor\/funktionen\/pdf-briefpapier\/","og_locale":"de_DE","og_type":"article","og_title":"Briefpapier in PDFs einf\u00fcgen mit PdfEditor","og_description":"Hinterlege PDF-Dokumente mit deinem Briefpapier, einem Bild, einer anderen PDF-Datei oder f\u00fcge einen Texthinweis ein, z.B. \"Vertraulich\".","og_url":"https:\/\/www.pixelplanet.com\/de\/pdfeditor\/funktionen\/pdf-briefpapier\/","og_site_name":"PixelPlanet.com - PDF-Software-Shop","article_publisher":"https:\/\/www.facebook.com\/PixelPlanet","article_modified_time":"2020-09-30T22:03:34+00:00","og_image":[{"width":1200,"height":630,"url":"https:\/\/www.pixelplanet.com\/wp-content\/uploads\/2018\/02\/FaceBook-Homepage-DE-1200x630.jpg","type":"image\/jpeg"}],"twitter_card":"summary_large_image","twitter_title":"PixelPlanet - PDF Briefpapier","twitter_site":"@PixelPlanet","twitter_misc":{"Gesch\u00e4tzte Lesezeit":"4\u00a0Minuten"},"schema":{"@context":"https:\/\/schema.org","@graph":[{"@type":"WebPage","@id":"https:\/\/www.pixelplanet.com\/de\/pdfeditor\/funktionen\/pdf-briefpapier\/","url":"https:\/\/www.pixelplanet.com\/de\/pdfeditor\/funktionen\/pdf-briefpapier\/","name":"PdfEditor - PDFs mit deinem Briefpapier hinterlegen","isPartOf":{"@id":"https:\/\/www.pixelplanet.com\/de\/#website"},"datePublished":"2019-03-06T15:39:18+00:00","dateModified":"2020-09-30T22:03:34+00:00","description":"Hinterlege PDF-Dokumente mit deinem Briefpapier, einem Bild, einer anderen PDF-Datei oder f\u00fcge einen Texthinweis ein, z.B. \"Vertraulich\".","breadcrumb":{"@id":"https:\/\/www.pixelplanet.com\/de\/pdfeditor\/funktionen\/pdf-briefpapier\/#breadcrumb"},"inLanguage":"de","potentialAction":[{"@type":"ReadAction","target":["https:\/\/www.pixelplanet.com\/de\/pdfeditor\/funktionen\/pdf-briefpapier\/"]}]},{"@type":"BreadcrumbList","@id":"https:\/\/www.pixelplanet.com\/de\/pdfeditor\/funktionen\/pdf-briefpapier\/#breadcrumb","itemListElement":[{"@type":"ListItem","position":1,"name":"Home","item":"https:\/\/www.pixelplanet.com\/de\/home\/"},{"@type":"ListItem","position":2,"name":"PDF Editor (Windows)","item":"https:\/\/www.pixelplanet.com\/de\/"},{"@type":"ListItem","position":3,"name":"Funktionen","item":"https:\/\/www.pixelplanet.com\/de\/pdfeditor\/funktionen\/"},{"@type":"ListItem","position":4,"name":"PDF Briefpapier"}]},{"@type":"WebSite","@id":"https:\/\/www.pixelplanet.com\/de\/#website","url":"https:\/\/www.pixelplanet.com\/de\/","name":"PixelPlanet.com - PDF-Software-Shop","description":"Edit, convert, create, merge and split PDF documents on Windows and Mac","publisher":{"@id":"https:\/\/www.pixelplanet.com\/de\/#organization"},"potentialAction":[{"@type":"SearchAction","target":{"@type":"EntryPoint","urlTemplate":"https:\/\/www.pixelplanet.com\/de\/?s={search_term_string}"},"query-input":{"@type":"PropertyValueSpecification","valueRequired":true,"valueName":"search_term_string"}}],"inLanguage":"de"},{"@type":"Organization","@id":"https:\/\/www.pixelplanet.com\/de\/#organization","name":"PixelPlanet","url":"https:\/\/www.pixelplanet.com\/de\/","logo":{"@type":"ImageObject","inLanguage":"de","@id":"https:\/\/www.pixelplanet.com\/de\/#\/schema\/logo\/image\/","url":"https:\/\/www.pixelplanet.com\/wp-content\/uploads\/2016\/12\/PixelPlanet-Logo-540x100.png","contentUrl":"https:\/\/www.pixelplanet.com\/wp-content\/uploads\/2016\/12\/PixelPlanet-Logo-540x100.png","width":540,"height":100,"caption":"PixelPlanet"},"image":{"@id":"https:\/\/www.pixelplanet.com\/de\/#\/schema\/logo\/image\/"},"sameAs":["https:\/\/www.facebook.com\/PixelPlanet","https:\/\/x.com\/PixelPlanet","https:\/\/www.instagram.com\/pixelplanet.software\/","https:\/\/linkedin.com\/company\/pixelplanet-software"]}]}},"_links":{"self":[{"href":"https:\/\/www.pixelplanet.com\/de\/wp-json\/wp\/v2\/pages\/20833","targetHints":{"allow":["GET"]}}],"collection":[{"href":"https:\/\/www.pixelplanet.com\/de\/wp-json\/wp\/v2\/pages"}],"about":[{"href":"https:\/\/www.pixelplanet.com\/de\/wp-json\/wp\/v2\/types\/page"}],"author":[{"embeddable":true,"href":"https:\/\/www.pixelplanet.com\/de\/wp-json\/wp\/v2\/users\/1"}],"replies":[{"embeddable":true,"href":"https:\/\/www.pixelplanet.com\/de\/wp-json\/wp\/v2\/comments?post=20833"}],"version-history":[{"count":0,"href":"https:\/\/www.pixelplanet.com\/de\/wp-json\/wp\/v2\/pages\/20833\/revisions"}],"up":[{"embeddable":true,"href":"https:\/\/www.pixelplanet.com\/de\/wp-json\/wp\/v2\/pages\/16231"}],"wp:attachment":[{"href":"https:\/\/www.pixelplanet.com\/de\/wp-json\/wp\/v2\/media?parent=20833"}],"curies":[{"name":"wp","href":"https:\/\/api.w.org\/{rel}","templated":true}]}}