{"id":21898,"date":"2019-05-14T14:52:10","date_gmt":"2019-05-14T12:52:10","guid":{"rendered":"https:\/\/www.pixelplanet.com\/references\/"},"modified":"2020-01-08T18:38:27","modified_gmt":"2020-01-08T17:38:27","slug":"referenzen","status":"publish","type":"page","link":"https:\/\/www.pixelplanet.com\/de\/referenzen\/","title":{"rendered":"Referenzen"},"content":{"rendered":"<section class=\"l-section wpb_row us_custom_3956f92f height_medium\"><div class=\"l-section-h i-cf\"><div class=\"g-cols vc_row via_flex valign_top type_default stacking_default\"><div class=\"vc_col-sm-12 wpb_column vc_column_container\"><div class=\"vc_column-inner\"><div class=\"wpb_wrapper\"><div class=\"wpb_text_column\"><div class=\"wpb_wrapper\"><h2>Referenzen<\/h2>\n<p>Wir entwickeln seit 1996 Software-L\u00f6sungen. Unsere Kernkompetenz sind Produkte rund um das Dateiformat PDF, dem weltweiten De-facto-Standard f\u00fcr elektronische Dokumente. Bekannt sind insbesondere unsere PdfTools <a class=\"color-green\" href=\"https:\/\/www.pixelplanet.com\/de\/pdfgrabber\/\">PdfGrabber<\/a>, <a class=\"color-green\" href=\"https:\/\/www.pixelplanet.com\/de\/pdfeditor\/\">PdfEditor<\/a> und <a class=\"color-green\" href=\"https:\/\/www.pixelplanet.com\/de\/pdfcrypter\/\">PdfCrypter<\/a>. Unsere Kassensoftware <a href=\"https:\/\/www.winorder.com\/\">WinOrder<\/a> geh\u00f6rt seit 1996 zu den makrtf\u00fchrenden Kassen f\u00fcr Lieferservices und Gastronomie.<\/p>\n<p>Im folgenden finden Sie ausgew\u00e4hlte Unternehmen, die unsere PdfTools einsetzen:<\/p>\n<\/div><\/div><div class=\"g-cols wpb_row via_flex valign_top type_default stacking_default\"><div class=\"vc_col-sm-3 wpb_column vc_column_container\"><div class=\"vc_column-inner\"><div class=\"wpb_wrapper\"><div class=\"wpb_text_column\"><div class=\"wpb_wrapper\"><ul class=\"fa-ul\">\n<li><i class=\"fa-li fas fa-building green\"><\/i> Bertelsmann AG<\/li>\n<li><i class=\"fa-li fas fa-road green\"><\/i> BMW<\/li>\n<li><i class=\"fa-li fas fa-plane green\"><\/i> Boeing<\/li>\n<li><i class=\"fa-li fas fa-building green\"><\/i> BOSCH<\/li>\n<li><i class=\"fa-li fas fa-balance-scale green\"><\/i> Bundeskanzleramt<\/li>\n<li><i class=\"fa-li fas fa-coin green\"><\/i> Bundesrechnungshof<\/li>\n<\/ul>\n<\/div><\/div><\/div><\/div><\/div><div class=\"vc_col-sm-3 wpb_column vc_column_container\"><div class=\"vc_column-inner\"><div class=\"wpb_wrapper\"><div class=\"wpb_text_column\"><div class=\"wpb_wrapper\"><ul class=\"fa-ul\">\n<li><i class=\"fa-li fas fa-desktop green\"><\/i> Cisco Systems<\/li>\n<li><i class=\"fa-li fas fa-truck green\"><\/i> Deutsche Bahn<\/li>\n<li><i class=\"fa-li fas fa-coin green\"><\/i> Deutsche Bundesbank<\/li>\n<li><i class=\"fa-li fas fa-envelope green\"><\/i> Deutsche Post<\/li>\n<li><i class=\"fa-li fas fa-building green\"><\/i> Hennes &amp; Mauritz<\/li>\n<li><i class=\"fa-li fas fa-desktop green\"><\/i> Hewlett-Packard<\/li>\n<\/ul>\n<\/div><\/div><\/div><\/div><\/div><div class=\"vc_col-sm-3 wpb_column vc_column_container\"><div class=\"vc_column-inner\"><div class=\"wpb_wrapper\"><div class=\"wpb_text_column\"><div class=\"wpb_wrapper\"><ul class=\"fa-ul\">\n<li><i class=\"fa-li fas fa-plane green\"><\/i> Lufthansa<\/li>\n<li><i class=\"fa-li fab fa-windows green\"><\/i> Microsoft<\/li>\n<li><i class=\"fa-li fas fa-trophy green\"><\/i> Nike<\/li>\n<li><i class=\"fa-li fas fa-mobile-alt green\"><\/i> Panasonic<\/li>\n<li><i class=\"fa-li fas fa-heart green\"><\/i> Porsche<\/li>\n<li><i class=\"fa-li fas fa-tasks green\"><\/i> SAP<\/li>\n<\/ul>\n<\/div><\/div><\/div><\/div><\/div><div class=\"vc_col-sm-3 wpb_column vc_column_container\"><div class=\"vc_column-inner\"><div class=\"wpb_wrapper\"><div class=\"wpb_text_column\"><div class=\"wpb_wrapper\"><ul class=\"fa-ul\">\n<li><i class=\"fa-li fas fa-bicycle green\"><\/i> Cannondale<\/li>\n<li><i class=\"fa-li fas fa-building green\"><\/i> Siemens<\/li>\n<li><i class=\"fa-li fas fa-road green\"><\/i> Volkswagen<\/li>\n<li><i class=\"fa-li fas fa-heart green\"><\/i> Porsche<\/li>\n<li><i class=\"fa-li fas fa-desktop green\"><\/i> Xerox<\/li>\n<li><i class=\"fa-li fas fa-tv-retro green\"><\/i> ZDF &#8211; Zweites Deutsches Fernsehen<\/li>\n<\/ul>\n<\/div><\/div><\/div><\/div><\/div><\/div><\/div><\/div><\/div><\/div><\/div><\/section><section class=\"l-section wpb_row height_medium color_primary\"><div class=\"l-section-h i-cf\"><div class=\"g-cols vc_row via_flex valign_top type_default stacking_default\"><div class=\"vc_col-sm-12 wpb_column vc_column_container\"><div class=\"vc_column-inner\"><div class=\"wpb_wrapper\"><div class=\"w-actionbox color_primary controls_right\"><div class=\"w-actionbox-text\"><h2 class=\"w-actionbox-title\">Alles was man f\u00fcr PDF braucht!<\/h2><div class=\"w-actionbox-description\"><p>Unsere PdfTools Suite enth\u00e4lt alle wichtigen PdfTools: PdfGrabber, PdfEditor, PdfCrypter, PdfPrinter and PdfMerger. Kosteng\u00fcnstige Bundle- und Suite-Angebote finden Sie in unserem Online-Shop.<\/p>\n<\/div><\/div><div class=\"w-actionbox-controls\"><a class=\"w-btn us-btn-style_8\" href=\"https:\/\/www.pixelplanet.com\/de\/pdftools-suite\/herunterladen\/\"><span class=\"w-btn-label\">Kostenlos testen<\/span><\/a><\/div><\/div><\/div><\/div><\/div><\/div><\/div><\/section>\n","protected":false},"excerpt":{"rendered":"Referenzen Wir entwickeln seit 1996 Software-L\u00f6sungen. Unsere Kernkompetenz sind Produkte rund um das Dateiformat PDF, dem weltweiten De-facto-Standard f\u00fcr elektronische Dokumente. Bekannt sind insbesondere unsere PdfTools PdfGrabber, PdfEditor und PdfCrypter. Unsere Kassensoftware WinOrder geh\u00f6rt seit 1996 zu den makrtf\u00fchrenden Kassen f\u00fcr Lieferservices und Gastronomie. Im folgenden finden Sie ausgew\u00e4hlte Unternehmen, die unsere PdfTools einsetzen: Bertelsmann...","protected":false},"author":1,"featured_media":0,"parent":0,"menu_order":0,"comment_status":"closed","ping_status":"closed","template":"","meta":{"footnotes":""},"class_list":["post-21898","page","type-page","status-publish","hentry"],"yoast_head":"<!-- This site is optimized with the Yoast SEO Premium plugin v27.4 (Yoast SEO v27.4) - https:\/\/yoast.com\/product\/yoast-seo-premium-wordpress\/ -->\n<title>PixelPlanet - Referenzen<\/title>\n<meta name=\"robots\" content=\"index, follow, max-snippet:-1, max-image-preview:large, max-video-preview:-1\" \/>\n<link rel=\"canonical\" href=\"https:\/\/www.pixelplanet.com\/de\/referenzen\/\" \/>\n<meta property=\"og:locale\" content=\"de_DE\" \/>\n<meta property=\"og:type\" content=\"article\" \/>\n<meta property=\"og:title\" content=\"PixelPlanet - Referenzen\" \/>\n<meta property=\"og:url\" content=\"https:\/\/www.pixelplanet.com\/de\/referenzen\/\" \/>\n<meta property=\"og:site_name\" content=\"PixelPlanet.com - PDF-Software-Shop\" \/>\n<meta property=\"article:publisher\" content=\"https:\/\/www.facebook.com\/PixelPlanet\" \/>\n<meta property=\"article:modified_time\" content=\"2020-01-08T17:38:27+00:00\" \/>\n<meta property=\"og:image\" content=\"https:\/\/www.pixelplanet.com\/wp-content\/uploads\/2018\/02\/FaceBook-Homepage-DE-1200x630.jpg\" \/>\n\t<meta property=\"og:image:width\" content=\"1200\" \/>\n\t<meta property=\"og:image:height\" content=\"630\" \/>\n\t<meta property=\"og:image:type\" content=\"image\/jpeg\" \/>\n<meta name=\"twitter:card\" content=\"summary_large_image\" \/>\n<meta name=\"twitter:site\" content=\"@PixelPlanet\" \/>\n<meta name=\"twitter:label1\" content=\"Gesch\u00e4tzte Lesezeit\" \/>\n\t<meta name=\"twitter:data1\" content=\"1\u00a0Minute\" \/>\n<script type=\"application\/ld+json\" class=\"yoast-schema-graph\">{\"@context\":\"https:\\\/\\\/schema.org\",\"@graph\":[{\"@type\":\"WebPage\",\"@id\":\"https:\\\/\\\/www.pixelplanet.com\\\/de\\\/referenzen\\\/\",\"url\":\"https:\\\/\\\/www.pixelplanet.com\\\/de\\\/referenzen\\\/\",\"name\":\"PixelPlanet - Referenzen\",\"isPartOf\":{\"@id\":\"https:\\\/\\\/www.pixelplanet.com\\\/de\\\/#website\"},\"datePublished\":\"2019-05-14T12:52:10+00:00\",\"dateModified\":\"2020-01-08T17:38:27+00:00\",\"breadcrumb\":{\"@id\":\"https:\\\/\\\/www.pixelplanet.com\\\/de\\\/referenzen\\\/#breadcrumb\"},\"inLanguage\":\"de\",\"potentialAction\":[{\"@type\":\"ReadAction\",\"target\":[\"https:\\\/\\\/www.pixelplanet.com\\\/de\\\/referenzen\\\/\"]}]},{\"@type\":\"BreadcrumbList\",\"@id\":\"https:\\\/\\\/www.pixelplanet.com\\\/de\\\/referenzen\\\/#breadcrumb\",\"itemListElement\":[{\"@type\":\"ListItem\",\"position\":1,\"name\":\"Home\",\"item\":\"https:\\\/\\\/www.pixelplanet.com\\\/de\\\/home\\\/\"},{\"@type\":\"ListItem\",\"position\":2,\"name\":\"Referenzen\"}]},{\"@type\":\"WebSite\",\"@id\":\"https:\\\/\\\/www.pixelplanet.com\\\/de\\\/#website\",\"url\":\"https:\\\/\\\/www.pixelplanet.com\\\/de\\\/\",\"name\":\"PixelPlanet.com - PDF-Software-Shop\",\"description\":\"Edit, convert, create, merge and split PDF documents on Windows and Mac\",\"publisher\":{\"@id\":\"https:\\\/\\\/www.pixelplanet.com\\\/de\\\/#organization\"},\"potentialAction\":[{\"@type\":\"SearchAction\",\"target\":{\"@type\":\"EntryPoint\",\"urlTemplate\":\"https:\\\/\\\/www.pixelplanet.com\\\/de\\\/?s={search_term_string}\"},\"query-input\":{\"@type\":\"PropertyValueSpecification\",\"valueRequired\":true,\"valueName\":\"search_term_string\"}}],\"inLanguage\":\"de\"},{\"@type\":\"Organization\",\"@id\":\"https:\\\/\\\/www.pixelplanet.com\\\/de\\\/#organization\",\"name\":\"PixelPlanet\",\"url\":\"https:\\\/\\\/www.pixelplanet.com\\\/de\\\/\",\"logo\":{\"@type\":\"ImageObject\",\"inLanguage\":\"de\",\"@id\":\"https:\\\/\\\/www.pixelplanet.com\\\/de\\\/#\\\/schema\\\/logo\\\/image\\\/\",\"url\":\"https:\\\/\\\/www.pixelplanet.com\\\/wp-content\\\/uploads\\\/2016\\\/12\\\/PixelPlanet-Logo-540x100.png\",\"contentUrl\":\"https:\\\/\\\/www.pixelplanet.com\\\/wp-content\\\/uploads\\\/2016\\\/12\\\/PixelPlanet-Logo-540x100.png\",\"width\":540,\"height\":100,\"caption\":\"PixelPlanet\"},\"image\":{\"@id\":\"https:\\\/\\\/www.pixelplanet.com\\\/de\\\/#\\\/schema\\\/logo\\\/image\\\/\"},\"sameAs\":[\"https:\\\/\\\/www.facebook.com\\\/PixelPlanet\",\"https:\\\/\\\/x.com\\\/PixelPlanet\",\"https:\\\/\\\/www.instagram.com\\\/pixelplanet.software\\\/\",\"https:\\\/\\\/linkedin.com\\\/company\\\/pixelplanet-software\"]}]}<\/script>\n<!-- \/ Yoast SEO Premium plugin. -->","yoast_head_json":{"title":"PixelPlanet - Referenzen","robots":{"index":"index","follow":"follow","max-snippet":"max-snippet:-1","max-image-preview":"max-image-preview:large","max-video-preview":"max-video-preview:-1"},"canonical":"https:\/\/www.pixelplanet.com\/de\/referenzen\/","og_locale":"de_DE","og_type":"article","og_title":"PixelPlanet - Referenzen","og_url":"https:\/\/www.pixelplanet.com\/de\/referenzen\/","og_site_name":"PixelPlanet.com - PDF-Software-Shop","article_publisher":"https:\/\/www.facebook.com\/PixelPlanet","article_modified_time":"2020-01-08T17:38:27+00:00","og_image":[{"width":1200,"height":630,"url":"https:\/\/www.pixelplanet.com\/wp-content\/uploads\/2018\/02\/FaceBook-Homepage-DE-1200x630.jpg","type":"image\/jpeg"}],"twitter_card":"summary_large_image","twitter_site":"@PixelPlanet","twitter_misc":{"Gesch\u00e4tzte Lesezeit":"1\u00a0Minute"},"schema":{"@context":"https:\/\/schema.org","@graph":[{"@type":"WebPage","@id":"https:\/\/www.pixelplanet.com\/de\/referenzen\/","url":"https:\/\/www.pixelplanet.com\/de\/referenzen\/","name":"PixelPlanet - Referenzen","isPartOf":{"@id":"https:\/\/www.pixelplanet.com\/de\/#website"},"datePublished":"2019-05-14T12:52:10+00:00","dateModified":"2020-01-08T17:38:27+00:00","breadcrumb":{"@id":"https:\/\/www.pixelplanet.com\/de\/referenzen\/#breadcrumb"},"inLanguage":"de","potentialAction":[{"@type":"ReadAction","target":["https:\/\/www.pixelplanet.com\/de\/referenzen\/"]}]},{"@type":"BreadcrumbList","@id":"https:\/\/www.pixelplanet.com\/de\/referenzen\/#breadcrumb","itemListElement":[{"@type":"ListItem","position":1,"name":"Home","item":"https:\/\/www.pixelplanet.com\/de\/home\/"},{"@type":"ListItem","position":2,"name":"Referenzen"}]},{"@type":"WebSite","@id":"https:\/\/www.pixelplanet.com\/de\/#website","url":"https:\/\/www.pixelplanet.com\/de\/","name":"PixelPlanet.com - PDF-Software-Shop","description":"Edit, convert, create, merge and split PDF documents on Windows and Mac","publisher":{"@id":"https:\/\/www.pixelplanet.com\/de\/#organization"},"potentialAction":[{"@type":"SearchAction","target":{"@type":"EntryPoint","urlTemplate":"https:\/\/www.pixelplanet.com\/de\/?s={search_term_string}"},"query-input":{"@type":"PropertyValueSpecification","valueRequired":true,"valueName":"search_term_string"}}],"inLanguage":"de"},{"@type":"Organization","@id":"https:\/\/www.pixelplanet.com\/de\/#organization","name":"PixelPlanet","url":"https:\/\/www.pixelplanet.com\/de\/","logo":{"@type":"ImageObject","inLanguage":"de","@id":"https:\/\/www.pixelplanet.com\/de\/#\/schema\/logo\/image\/","url":"https:\/\/www.pixelplanet.com\/wp-content\/uploads\/2016\/12\/PixelPlanet-Logo-540x100.png","contentUrl":"https:\/\/www.pixelplanet.com\/wp-content\/uploads\/2016\/12\/PixelPlanet-Logo-540x100.png","width":540,"height":100,"caption":"PixelPlanet"},"image":{"@id":"https:\/\/www.pixelplanet.com\/de\/#\/schema\/logo\/image\/"},"sameAs":["https:\/\/www.facebook.com\/PixelPlanet","https:\/\/x.com\/PixelPlanet","https:\/\/www.instagram.com\/pixelplanet.software\/","https:\/\/linkedin.com\/company\/pixelplanet-software"]}]}},"_links":{"self":[{"href":"https:\/\/www.pixelplanet.com\/de\/wp-json\/wp\/v2\/pages\/21898","targetHints":{"allow":["GET"]}}],"collection":[{"href":"https:\/\/www.pixelplanet.com\/de\/wp-json\/wp\/v2\/pages"}],"about":[{"href":"https:\/\/www.pixelplanet.com\/de\/wp-json\/wp\/v2\/types\/page"}],"author":[{"embeddable":true,"href":"https:\/\/www.pixelplanet.com\/de\/wp-json\/wp\/v2\/users\/1"}],"replies":[{"embeddable":true,"href":"https:\/\/www.pixelplanet.com\/de\/wp-json\/wp\/v2\/comments?post=21898"}],"version-history":[{"count":0,"href":"https:\/\/www.pixelplanet.com\/de\/wp-json\/wp\/v2\/pages\/21898\/revisions"}],"wp:attachment":[{"href":"https:\/\/www.pixelplanet.com\/de\/wp-json\/wp\/v2\/media?parent=21898"}],"curies":[{"name":"wp","href":"https:\/\/api.w.org\/{rel}","templated":true}]}}