{"id":6984,"date":"2017-11-16T11:57:02","date_gmt":"2017-11-16T10:57:02","guid":{"rendered":"https:\/\/www.pixelplanet.com\/?page_id=6984"},"modified":"2018-01-05T17:07:01","modified_gmt":"2018-01-05T16:07:01","slug":"wo-finde-ich-meine-lizenzdaten","status":"publish","type":"page","link":"https:\/\/www.pixelplanet.com\/de\/lizenzpruefung\/wo-finde-ich-meine-lizenzdaten\/","title":{"rendered":"Wo finde ich meine Lizenzdaten?"},"content":{"rendered":"<h3>Wo finde ich meine Lizenzdaten?<\/h3>\n<p>Die Lizenzdaten findest Du in unserer Software immer unter dem Men\u00fcpunkt &#8218;Hilfe &#8212; Lizenzinformation&#8216;.<\/p>\n<p><strong>Beispiel:<\/strong><br \/>\n<img decoding=\"async\" src=\"\/store\/wp-content\/uploads\/2017\/11\/menue-license-codes-DEU.png\" alt=\"Men\u00fc: Hilfe -- Lizenzinformationen\" \/><\/p>\n<p>Wenn Du diesen Men\u00fc-Befehl aufrufst, \u00f6ffnet sich ein Fenster, dem Du die gew\u00fcnschten Daten entnehmen kannst (Beispiel):<\/p>\n<p><img decoding=\"async\" src=\"\/store\/wp-content\/uploads\/2017\/11\/lizenzdaten-DEU.png\" alt=\"Fenster Lizenzinformationen\" \/><\/p>\n<p>Kopiere nun die Werte, die Du unter Lizenzname und Lizenzschl\u00fcssel findest, in die entsprechenden Felder der <a href=\"\/store\/de\/lizenzpruefung\/\">Lizenzpr\u00fcfungs-Seite<\/a>.<\/p>\n","protected":false},"excerpt":{"rendered":"<p>Wo finde ich meine Lizenzdaten? Die Lizenzdaten findest Du in unserer Software immer unter dem Men\u00fcpunkt &#8218;Hilfe &#8212; Lizenzinformation&#8216;. Beispiel: Wenn Du diesen Men\u00fc-Befehl aufrufst, \u00f6ffnet sich ein Fenster, dem Du die gew\u00fcnschten Daten entnehmen kannst (Beispiel): Kopiere nun die Werte, die Du unter Lizenzname und Lizenzschl\u00fcssel findest, in die entsprechenden Felder der Lizenzpr\u00fcfungs-Seite.<\/p>\n","protected":false},"author":1,"featured_media":0,"parent":6973,"menu_order":0,"comment_status":"closed","ping_status":"closed","template":"","meta":{"footnotes":""},"class_list":["post-6984","page","type-page","status-publish","hentry"],"yoast_head":"<!-- This site is optimized with the Yoast SEO Premium plugin v27.3 (Yoast SEO v27.3) - https:\/\/yoast.com\/product\/yoast-seo-premium-wordpress\/ -->\n<title>PixelPlanet - Wo finde ich meine Lizenzdaten?<\/title>\n<meta name=\"robots\" content=\"index, follow, max-snippet:-1, max-image-preview:large, max-video-preview:-1\" \/>\n<link rel=\"canonical\" href=\"https:\/\/www.pixelplanet.com\/de\/lizenzpruefung\/wo-finde-ich-meine-lizenzdaten\/\" \/>\n<meta property=\"og:locale\" content=\"de_DE\" \/>\n<meta property=\"og:type\" content=\"article\" \/>\n<meta property=\"og:title\" content=\"PixelPlanet - Wo finde ich meine Lizenzdaten?\" \/>\n<meta property=\"og:description\" content=\"Wo finde ich meine Lizenzdaten? Die Lizenzdaten findest Du in unserer Software immer unter dem Men\u00fcpunkt &#8218;Hilfe &#8212; Lizenzinformation&#8216;. Beispiel: Wenn Du diesen Men\u00fc-Befehl aufrufst, \u00f6ffnet sich ein Fenster, dem Du die gew\u00fcnschten Daten entnehmen kannst (Beispiel): Kopiere nun die Werte, die Du unter Lizenzname und Lizenzschl\u00fcssel findest, in die entsprechenden Felder der Lizenzpr\u00fcfungs-Seite.\" \/>\n<meta property=\"og:url\" content=\"https:\/\/www.pixelplanet.com\/de\/lizenzpruefung\/wo-finde-ich-meine-lizenzdaten\/\" \/>\n<meta property=\"og:site_name\" content=\"PixelPlanet.com - PDF-Software-Shop\" \/>\n<meta property=\"article:publisher\" content=\"https:\/\/www.facebook.com\/PixelPlanet\" \/>\n<meta property=\"article:modified_time\" content=\"2018-01-05T16:07:01+00:00\" \/>\n<meta property=\"og:image\" content=\"https:\/\/www.pixelplanet.com\/store\/wp-content\/uploads\/2017\/11\/menue-license-codes-DEU.png\" \/>\n<meta name=\"twitter:card\" content=\"summary_large_image\" \/>\n<meta name=\"twitter:site\" content=\"@PixelPlanet\" \/>\n<script type=\"application\/ld+json\" class=\"yoast-schema-graph\">{\"@context\":\"https:\\\/\\\/schema.org\",\"@graph\":[{\"@type\":\"WebPage\",\"@id\":\"https:\\\/\\\/www.pixelplanet.com\\\/de\\\/lizenzpruefung\\\/wo-finde-ich-meine-lizenzdaten\\\/\",\"url\":\"https:\\\/\\\/www.pixelplanet.com\\\/de\\\/lizenzpruefung\\\/wo-finde-ich-meine-lizenzdaten\\\/\",\"name\":\"PixelPlanet - Wo finde ich meine Lizenzdaten?\",\"isPartOf\":{\"@id\":\"https:\\\/\\\/www.pixelplanet.com\\\/de\\\/#website\"},\"datePublished\":\"2017-11-16T10:57:02+00:00\",\"dateModified\":\"2018-01-05T16:07:01+00:00\",\"breadcrumb\":{\"@id\":\"https:\\\/\\\/www.pixelplanet.com\\\/de\\\/lizenzpruefung\\\/wo-finde-ich-meine-lizenzdaten\\\/#breadcrumb\"},\"inLanguage\":\"de\",\"potentialAction\":[{\"@type\":\"ReadAction\",\"target\":[\"https:\\\/\\\/www.pixelplanet.com\\\/de\\\/lizenzpruefung\\\/wo-finde-ich-meine-lizenzdaten\\\/\"]}]},{\"@type\":\"BreadcrumbList\",\"@id\":\"https:\\\/\\\/www.pixelplanet.com\\\/de\\\/lizenzpruefung\\\/wo-finde-ich-meine-lizenzdaten\\\/#breadcrumb\",\"itemListElement\":[{\"@type\":\"ListItem\",\"position\":1,\"name\":\"Home\",\"item\":\"https:\\\/\\\/www.pixelplanet.com\\\/de\\\/home\\\/\"},{\"@type\":\"ListItem\",\"position\":2,\"name\":\"Lizenzpr\u00fcfung\",\"item\":\"https:\\\/\\\/www.pixelplanet.com\\\/de\\\/lizenzpruefung\\\/\"},{\"@type\":\"ListItem\",\"position\":3,\"name\":\"Wo finde ich meine Lizenzdaten?\"}]},{\"@type\":\"WebSite\",\"@id\":\"https:\\\/\\\/www.pixelplanet.com\\\/de\\\/#website\",\"url\":\"https:\\\/\\\/www.pixelplanet.com\\\/de\\\/\",\"name\":\"PixelPlanet.com - PDF-Software-Shop\",\"description\":\"Edit, convert, create, merge and split PDF documents on Windows and Mac\",\"publisher\":{\"@id\":\"https:\\\/\\\/www.pixelplanet.com\\\/de\\\/#organization\"},\"potentialAction\":[{\"@type\":\"SearchAction\",\"target\":{\"@type\":\"EntryPoint\",\"urlTemplate\":\"https:\\\/\\\/www.pixelplanet.com\\\/de\\\/?s={search_term_string}\"},\"query-input\":{\"@type\":\"PropertyValueSpecification\",\"valueRequired\":true,\"valueName\":\"search_term_string\"}}],\"inLanguage\":\"de\"},{\"@type\":\"Organization\",\"@id\":\"https:\\\/\\\/www.pixelplanet.com\\\/de\\\/#organization\",\"name\":\"PixelPlanet\",\"url\":\"https:\\\/\\\/www.pixelplanet.com\\\/de\\\/\",\"logo\":{\"@type\":\"ImageObject\",\"inLanguage\":\"de\",\"@id\":\"https:\\\/\\\/www.pixelplanet.com\\\/de\\\/#\\\/schema\\\/logo\\\/image\\\/\",\"url\":\"https:\\\/\\\/www.pixelplanet.com\\\/wp-content\\\/uploads\\\/2016\\\/12\\\/PixelPlanet-Logo-540x100.png\",\"contentUrl\":\"https:\\\/\\\/www.pixelplanet.com\\\/wp-content\\\/uploads\\\/2016\\\/12\\\/PixelPlanet-Logo-540x100.png\",\"width\":540,\"height\":100,\"caption\":\"PixelPlanet\"},\"image\":{\"@id\":\"https:\\\/\\\/www.pixelplanet.com\\\/de\\\/#\\\/schema\\\/logo\\\/image\\\/\"},\"sameAs\":[\"https:\\\/\\\/www.facebook.com\\\/PixelPlanet\",\"https:\\\/\\\/x.com\\\/PixelPlanet\",\"https:\\\/\\\/www.instagram.com\\\/pixelplanet.software\\\/\",\"https:\\\/\\\/linkedin.com\\\/company\\\/pixelplanet-software\"]}]}<\/script>\n<!-- \/ Yoast SEO Premium plugin. -->","yoast_head_json":{"title":"PixelPlanet - Wo finde ich meine Lizenzdaten?","robots":{"index":"index","follow":"follow","max-snippet":"max-snippet:-1","max-image-preview":"max-image-preview:large","max-video-preview":"max-video-preview:-1"},"canonical":"https:\/\/www.pixelplanet.com\/de\/lizenzpruefung\/wo-finde-ich-meine-lizenzdaten\/","og_locale":"de_DE","og_type":"article","og_title":"PixelPlanet - Wo finde ich meine Lizenzdaten?","og_description":"Wo finde ich meine Lizenzdaten? Die Lizenzdaten findest Du in unserer Software immer unter dem Men\u00fcpunkt &#8218;Hilfe &#8212; Lizenzinformation&#8216;. Beispiel: Wenn Du diesen Men\u00fc-Befehl aufrufst, \u00f6ffnet sich ein Fenster, dem Du die gew\u00fcnschten Daten entnehmen kannst (Beispiel): Kopiere nun die Werte, die Du unter Lizenzname und Lizenzschl\u00fcssel findest, in die entsprechenden Felder der Lizenzpr\u00fcfungs-Seite.","og_url":"https:\/\/www.pixelplanet.com\/de\/lizenzpruefung\/wo-finde-ich-meine-lizenzdaten\/","og_site_name":"PixelPlanet.com - PDF-Software-Shop","article_publisher":"https:\/\/www.facebook.com\/PixelPlanet","article_modified_time":"2018-01-05T16:07:01+00:00","og_image":[{"url":"https:\/\/www.pixelplanet.com\/store\/wp-content\/uploads\/2017\/11\/menue-license-codes-DEU.png","type":"","width":"","height":""}],"twitter_card":"summary_large_image","twitter_site":"@PixelPlanet","schema":{"@context":"https:\/\/schema.org","@graph":[{"@type":"WebPage","@id":"https:\/\/www.pixelplanet.com\/de\/lizenzpruefung\/wo-finde-ich-meine-lizenzdaten\/","url":"https:\/\/www.pixelplanet.com\/de\/lizenzpruefung\/wo-finde-ich-meine-lizenzdaten\/","name":"PixelPlanet - Wo finde ich meine Lizenzdaten?","isPartOf":{"@id":"https:\/\/www.pixelplanet.com\/de\/#website"},"datePublished":"2017-11-16T10:57:02+00:00","dateModified":"2018-01-05T16:07:01+00:00","breadcrumb":{"@id":"https:\/\/www.pixelplanet.com\/de\/lizenzpruefung\/wo-finde-ich-meine-lizenzdaten\/#breadcrumb"},"inLanguage":"de","potentialAction":[{"@type":"ReadAction","target":["https:\/\/www.pixelplanet.com\/de\/lizenzpruefung\/wo-finde-ich-meine-lizenzdaten\/"]}]},{"@type":"BreadcrumbList","@id":"https:\/\/www.pixelplanet.com\/de\/lizenzpruefung\/wo-finde-ich-meine-lizenzdaten\/#breadcrumb","itemListElement":[{"@type":"ListItem","position":1,"name":"Home","item":"https:\/\/www.pixelplanet.com\/de\/home\/"},{"@type":"ListItem","position":2,"name":"Lizenzpr\u00fcfung","item":"https:\/\/www.pixelplanet.com\/de\/lizenzpruefung\/"},{"@type":"ListItem","position":3,"name":"Wo finde ich meine Lizenzdaten?"}]},{"@type":"WebSite","@id":"https:\/\/www.pixelplanet.com\/de\/#website","url":"https:\/\/www.pixelplanet.com\/de\/","name":"PixelPlanet.com - PDF-Software-Shop","description":"Edit, convert, create, merge and split PDF documents on Windows and Mac","publisher":{"@id":"https:\/\/www.pixelplanet.com\/de\/#organization"},"potentialAction":[{"@type":"SearchAction","target":{"@type":"EntryPoint","urlTemplate":"https:\/\/www.pixelplanet.com\/de\/?s={search_term_string}"},"query-input":{"@type":"PropertyValueSpecification","valueRequired":true,"valueName":"search_term_string"}}],"inLanguage":"de"},{"@type":"Organization","@id":"https:\/\/www.pixelplanet.com\/de\/#organization","name":"PixelPlanet","url":"https:\/\/www.pixelplanet.com\/de\/","logo":{"@type":"ImageObject","inLanguage":"de","@id":"https:\/\/www.pixelplanet.com\/de\/#\/schema\/logo\/image\/","url":"https:\/\/www.pixelplanet.com\/wp-content\/uploads\/2016\/12\/PixelPlanet-Logo-540x100.png","contentUrl":"https:\/\/www.pixelplanet.com\/wp-content\/uploads\/2016\/12\/PixelPlanet-Logo-540x100.png","width":540,"height":100,"caption":"PixelPlanet"},"image":{"@id":"https:\/\/www.pixelplanet.com\/de\/#\/schema\/logo\/image\/"},"sameAs":["https:\/\/www.facebook.com\/PixelPlanet","https:\/\/x.com\/PixelPlanet","https:\/\/www.instagram.com\/pixelplanet.software\/","https:\/\/linkedin.com\/company\/pixelplanet-software"]}]}},"_links":{"self":[{"href":"https:\/\/www.pixelplanet.com\/de\/wp-json\/wp\/v2\/pages\/6984","targetHints":{"allow":["GET"]}}],"collection":[{"href":"https:\/\/www.pixelplanet.com\/de\/wp-json\/wp\/v2\/pages"}],"about":[{"href":"https:\/\/www.pixelplanet.com\/de\/wp-json\/wp\/v2\/types\/page"}],"author":[{"embeddable":true,"href":"https:\/\/www.pixelplanet.com\/de\/wp-json\/wp\/v2\/users\/1"}],"replies":[{"embeddable":true,"href":"https:\/\/www.pixelplanet.com\/de\/wp-json\/wp\/v2\/comments?post=6984"}],"version-history":[{"count":0,"href":"https:\/\/www.pixelplanet.com\/de\/wp-json\/wp\/v2\/pages\/6984\/revisions"}],"up":[{"embeddable":true,"href":"https:\/\/www.pixelplanet.com\/de\/wp-json\/wp\/v2\/pages\/6973"}],"wp:attachment":[{"href":"https:\/\/www.pixelplanet.com\/de\/wp-json\/wp\/v2\/media?parent=6984"}],"curies":[{"name":"wp","href":"https:\/\/api.w.org\/{rel}","templated":true}]}}