{"id":7026,"date":"2017-11-16T12:56:39","date_gmt":"2017-11-16T11:56:39","guid":{"rendered":"https:\/\/www.pixelplanet.com\/?page_id=7026"},"modified":"2018-08-06T19:46:37","modified_gmt":"2018-08-06T17:46:37","slug":"widerrufsrecht","status":"publish","type":"page","link":"https:\/\/www.pixelplanet.com\/de\/shop\/widerrufsrecht\/","title":{"rendered":"Widerrufsrecht"},"content":{"rendered":"<h1>Widerrufsrecht<\/h1>\n<p>Verbraucher im Sinne des \u00a713 BGB haben das Recht, binnen vierzehn Tagen ohne Angabe von Gr\u00fcnden diesen Vertrag zu widerrufen.<\/p>\n<p>Die Widerrufsfrist betr\u00e4gt vierzehn Tage ab dem Tag des Vertragsabschlusses.<\/p>\n<p>Um Dein Widerrufsrecht auszu\u00fcben, musst Du uns (PixelPlanet GmbH, Hoyaer Str. 13, 28205 Bremen, Fax: 0421\/24778-24, info@pixelplanet.de) mittels einer eindeutigen Erkl\u00e4rung (z.B. ein mit der Post versandter Brief, Telefax oder E-Mail) \u00fcber Deinen Entschluss, diesen Vertrag zu widerrufen, informieren.<\/p>\n<p>Zur Wahrung der Widerrufsfrist reicht es aus, dass Du die Mitteilung \u00fcber die Aus\u00fcbung des Widerrufsrechts nachweislich vor Ablauf der Widerrufsfrist absendest.<\/p>\n<h5>Folgen des Widerrufs<\/h5>\n<p>Wenn Du diesen Vertrag widerrufst, haben wir Dir alle Zahlungen, die wir von Dir erhalten haben, einschlie\u00dflich der Lieferkosten (mit Ausnahme der zus\u00e4tzlichen Kosten, die sich daraus ergeben, dass Du eine andere Art der Lieferung als die von uns angebotene, g\u00fcnstigste Standardlieferung gew\u00e4hlt hast), unverz\u00fcglich und sp\u00e4testens binnen vierzehn Tagen ab dem Tag zur\u00fcckzuzahlen, an dem die Mitteilung \u00fcber Deinen Widerruf dieses Vertrags bei uns eingegangen ist.<\/p>\n<p>Bei Lieferung auf Datentr\u00e4ger (CD-ROM) beginnt die Frist f\u00fcr die R\u00fcckzahlung am Tag des R\u00fcckerhalt der von Dir nicht entsiegelten Datentr\u00e4ger.<\/p>\n<p>F\u00fcr diese R\u00fcckzahlung verwenden wir dasselbe Zahlungsmittel, das Du bei der urspr\u00fcnglichen Transaktion eingesetzt hast, es sei denn, mit Dir wurde ausdr\u00fccklich etwas anderes vereinbart; in keinem Fall werden Dir wegen dieser R\u00fcckzahlung Entgelte berechnet.<\/p>\n<h5>Vom Widerruf ausgeschlossen<\/h5>\n<p>Das Widerrufsrecht besteht nicht bei Fernabsatzvertr\u00e4gen zur Lieferung von Ton oder Videoaufnahmen oder Computersoftware in einer versiegelten Packung, wenn die Versiegelung nach der Lieferung entfernt wurde.<\/p>\n<p>Bei Bestellung \u00fcber unseren Shop werden die Lizenzschl\u00fcssel und Download-Links immer vorab auch per eMail geliefert. Um Missbrauch auszuschlie\u00dfen, musst Du daher ausdr\u00fccklich auf dein Widerrufsrecht verzichten. Wenn dies nicht gew\u00fcnscht ist, sende uns Deine Bestellung zur ausschlie\u00dflichen Lieferung auf Datentr\u00e4ger bitte per Post, Fax oder bestelle telefonisch.<\/p>\n","protected":false},"excerpt":{"rendered":"<p>Widerrufsrecht Verbraucher im Sinne des \u00a713 BGB haben das Recht, binnen vierzehn Tagen ohne Angabe von Gr\u00fcnden diesen Vertrag zu widerrufen. Die Widerrufsfrist betr\u00e4gt vierzehn Tage ab dem Tag des Vertragsabschlusses. Um Dein Widerrufsrecht auszu\u00fcben, musst Du uns (PixelPlanet GmbH, Hoyaer Str. 13, 28205 Bremen, Fax: 0421\/24778-24, info@pixelplanet.de) mittels einer eindeutigen Erkl\u00e4rung (z.B. ein mit&#8230;<\/p>\n","protected":false},"author":1,"featured_media":0,"parent":14187,"menu_order":3,"comment_status":"closed","ping_status":"closed","template":"","meta":{"footnotes":""},"class_list":["post-7026","page","type-page","status-publish","hentry"],"yoast_head":"<!-- This site is optimized with the Yoast SEO Premium plugin v27.3 (Yoast SEO v27.3) - https:\/\/yoast.com\/product\/yoast-seo-premium-wordpress\/ -->\n<title>PixelPlanet - Widerrufsrecht<\/title>\n<meta name=\"robots\" content=\"noindex, follow\" \/>\n<meta property=\"og:locale\" content=\"de_DE\" \/>\n<meta property=\"og:type\" content=\"article\" \/>\n<meta property=\"og:title\" content=\"PixelPlanet - Widerrufsrecht\" \/>\n<meta property=\"og:description\" content=\"Widerrufsrecht Verbraucher im Sinne des \u00a713 BGB haben das Recht, binnen vierzehn Tagen ohne Angabe von Gr\u00fcnden diesen Vertrag zu widerrufen. Die Widerrufsfrist betr\u00e4gt vierzehn Tage ab dem Tag des Vertragsabschlusses. Um Dein Widerrufsrecht auszu\u00fcben, musst Du uns (PixelPlanet GmbH, Hoyaer Str. 13, 28205 Bremen, Fax: 0421\/24778-24, info@pixelplanet.de) mittels einer eindeutigen Erkl\u00e4rung (z.B. ein mit...\" \/>\n<meta property=\"og:url\" content=\"https:\/\/www.pixelplanet.com\/de\/shop\/widerrufsrecht\/\" \/>\n<meta property=\"og:site_name\" content=\"PixelPlanet.com - PDF-Software-Shop\" \/>\n<meta property=\"article:publisher\" content=\"https:\/\/www.facebook.com\/PixelPlanet\" \/>\n<meta property=\"article:modified_time\" content=\"2018-08-06T17:46:37+00:00\" \/>\n<meta property=\"og:image\" content=\"https:\/\/www.pixelplanet.com\/wp-content\/uploads\/2018\/02\/FaceBook-Homepage-DE-1200x630.jpg\" \/>\n\t<meta property=\"og:image:width\" content=\"1200\" \/>\n\t<meta property=\"og:image:height\" content=\"630\" \/>\n\t<meta property=\"og:image:type\" content=\"image\/jpeg\" \/>\n<meta name=\"twitter:card\" content=\"summary_large_image\" \/>\n<meta name=\"twitter:site\" content=\"@PixelPlanet\" \/>\n<meta name=\"twitter:label1\" content=\"Gesch\u00e4tzte Lesezeit\" \/>\n\t<meta name=\"twitter:data1\" content=\"2\u00a0Minuten\" \/>\n<script type=\"application\/ld+json\" class=\"yoast-schema-graph\">{\"@context\":\"https:\\\/\\\/schema.org\",\"@graph\":[{\"@type\":\"WebPage\",\"@id\":\"https:\\\/\\\/www.pixelplanet.com\\\/de\\\/shop\\\/widerrufsrecht\\\/\",\"url\":\"https:\\\/\\\/www.pixelplanet.com\\\/de\\\/shop\\\/widerrufsrecht\\\/\",\"name\":\"PixelPlanet - Widerrufsrecht\",\"isPartOf\":{\"@id\":\"https:\\\/\\\/www.pixelplanet.com\\\/de\\\/#website\"},\"datePublished\":\"2017-11-16T11:56:39+00:00\",\"dateModified\":\"2018-08-06T17:46:37+00:00\",\"breadcrumb\":{\"@id\":\"https:\\\/\\\/www.pixelplanet.com\\\/de\\\/shop\\\/widerrufsrecht\\\/#breadcrumb\"},\"inLanguage\":\"de\",\"potentialAction\":[{\"@type\":\"ReadAction\",\"target\":[\"https:\\\/\\\/www.pixelplanet.com\\\/de\\\/shop\\\/widerrufsrecht\\\/\"]}]},{\"@type\":\"BreadcrumbList\",\"@id\":\"https:\\\/\\\/www.pixelplanet.com\\\/de\\\/shop\\\/widerrufsrecht\\\/#breadcrumb\",\"itemListElement\":[{\"@type\":\"ListItem\",\"position\":1,\"name\":\"Home\",\"item\":\"https:\\\/\\\/www.pixelplanet.com\\\/de\\\/home\\\/\"},{\"@type\":\"ListItem\",\"position\":2,\"name\":\"Preise + Shop\",\"item\":\"https:\\\/\\\/www.pixelplanet.com\\\/de\\\/shop\\\/\"},{\"@type\":\"ListItem\",\"position\":3,\"name\":\"Widerrufsrecht\"}]},{\"@type\":\"WebSite\",\"@id\":\"https:\\\/\\\/www.pixelplanet.com\\\/de\\\/#website\",\"url\":\"https:\\\/\\\/www.pixelplanet.com\\\/de\\\/\",\"name\":\"PixelPlanet.com - PDF-Software-Shop\",\"description\":\"Edit, convert, create, merge and split PDF documents on Windows and Mac\",\"publisher\":{\"@id\":\"https:\\\/\\\/www.pixelplanet.com\\\/de\\\/#organization\"},\"potentialAction\":[{\"@type\":\"SearchAction\",\"target\":{\"@type\":\"EntryPoint\",\"urlTemplate\":\"https:\\\/\\\/www.pixelplanet.com\\\/de\\\/?s={search_term_string}\"},\"query-input\":{\"@type\":\"PropertyValueSpecification\",\"valueRequired\":true,\"valueName\":\"search_term_string\"}}],\"inLanguage\":\"de\"},{\"@type\":\"Organization\",\"@id\":\"https:\\\/\\\/www.pixelplanet.com\\\/de\\\/#organization\",\"name\":\"PixelPlanet\",\"url\":\"https:\\\/\\\/www.pixelplanet.com\\\/de\\\/\",\"logo\":{\"@type\":\"ImageObject\",\"inLanguage\":\"de\",\"@id\":\"https:\\\/\\\/www.pixelplanet.com\\\/de\\\/#\\\/schema\\\/logo\\\/image\\\/\",\"url\":\"https:\\\/\\\/www.pixelplanet.com\\\/wp-content\\\/uploads\\\/2016\\\/12\\\/PixelPlanet-Logo-540x100.png\",\"contentUrl\":\"https:\\\/\\\/www.pixelplanet.com\\\/wp-content\\\/uploads\\\/2016\\\/12\\\/PixelPlanet-Logo-540x100.png\",\"width\":540,\"height\":100,\"caption\":\"PixelPlanet\"},\"image\":{\"@id\":\"https:\\\/\\\/www.pixelplanet.com\\\/de\\\/#\\\/schema\\\/logo\\\/image\\\/\"},\"sameAs\":[\"https:\\\/\\\/www.facebook.com\\\/PixelPlanet\",\"https:\\\/\\\/x.com\\\/PixelPlanet\",\"https:\\\/\\\/www.instagram.com\\\/pixelplanet.software\\\/\",\"https:\\\/\\\/linkedin.com\\\/company\\\/pixelplanet-software\"]}]}<\/script>\n<!-- \/ Yoast SEO Premium plugin. -->","yoast_head_json":{"title":"PixelPlanet - Widerrufsrecht","robots":{"index":"noindex","follow":"follow"},"og_locale":"de_DE","og_type":"article","og_title":"PixelPlanet - Widerrufsrecht","og_description":"Widerrufsrecht Verbraucher im Sinne des \u00a713 BGB haben das Recht, binnen vierzehn Tagen ohne Angabe von Gr\u00fcnden diesen Vertrag zu widerrufen. Die Widerrufsfrist betr\u00e4gt vierzehn Tage ab dem Tag des Vertragsabschlusses. Um Dein Widerrufsrecht auszu\u00fcben, musst Du uns (PixelPlanet GmbH, Hoyaer Str. 13, 28205 Bremen, Fax: 0421\/24778-24, info@pixelplanet.de) mittels einer eindeutigen Erkl\u00e4rung (z.B. ein mit...","og_url":"https:\/\/www.pixelplanet.com\/de\/shop\/widerrufsrecht\/","og_site_name":"PixelPlanet.com - PDF-Software-Shop","article_publisher":"https:\/\/www.facebook.com\/PixelPlanet","article_modified_time":"2018-08-06T17:46:37+00:00","og_image":[{"width":1200,"height":630,"url":"https:\/\/www.pixelplanet.com\/wp-content\/uploads\/2018\/02\/FaceBook-Homepage-DE-1200x630.jpg","type":"image\/jpeg"}],"twitter_card":"summary_large_image","twitter_site":"@PixelPlanet","twitter_misc":{"Gesch\u00e4tzte Lesezeit":"2\u00a0Minuten"},"schema":{"@context":"https:\/\/schema.org","@graph":[{"@type":"WebPage","@id":"https:\/\/www.pixelplanet.com\/de\/shop\/widerrufsrecht\/","url":"https:\/\/www.pixelplanet.com\/de\/shop\/widerrufsrecht\/","name":"PixelPlanet - Widerrufsrecht","isPartOf":{"@id":"https:\/\/www.pixelplanet.com\/de\/#website"},"datePublished":"2017-11-16T11:56:39+00:00","dateModified":"2018-08-06T17:46:37+00:00","breadcrumb":{"@id":"https:\/\/www.pixelplanet.com\/de\/shop\/widerrufsrecht\/#breadcrumb"},"inLanguage":"de","potentialAction":[{"@type":"ReadAction","target":["https:\/\/www.pixelplanet.com\/de\/shop\/widerrufsrecht\/"]}]},{"@type":"BreadcrumbList","@id":"https:\/\/www.pixelplanet.com\/de\/shop\/widerrufsrecht\/#breadcrumb","itemListElement":[{"@type":"ListItem","position":1,"name":"Home","item":"https:\/\/www.pixelplanet.com\/de\/home\/"},{"@type":"ListItem","position":2,"name":"Preise + Shop","item":"https:\/\/www.pixelplanet.com\/de\/shop\/"},{"@type":"ListItem","position":3,"name":"Widerrufsrecht"}]},{"@type":"WebSite","@id":"https:\/\/www.pixelplanet.com\/de\/#website","url":"https:\/\/www.pixelplanet.com\/de\/","name":"PixelPlanet.com - PDF-Software-Shop","description":"Edit, convert, create, merge and split PDF documents on Windows and Mac","publisher":{"@id":"https:\/\/www.pixelplanet.com\/de\/#organization"},"potentialAction":[{"@type":"SearchAction","target":{"@type":"EntryPoint","urlTemplate":"https:\/\/www.pixelplanet.com\/de\/?s={search_term_string}"},"query-input":{"@type":"PropertyValueSpecification","valueRequired":true,"valueName":"search_term_string"}}],"inLanguage":"de"},{"@type":"Organization","@id":"https:\/\/www.pixelplanet.com\/de\/#organization","name":"PixelPlanet","url":"https:\/\/www.pixelplanet.com\/de\/","logo":{"@type":"ImageObject","inLanguage":"de","@id":"https:\/\/www.pixelplanet.com\/de\/#\/schema\/logo\/image\/","url":"https:\/\/www.pixelplanet.com\/wp-content\/uploads\/2016\/12\/PixelPlanet-Logo-540x100.png","contentUrl":"https:\/\/www.pixelplanet.com\/wp-content\/uploads\/2016\/12\/PixelPlanet-Logo-540x100.png","width":540,"height":100,"caption":"PixelPlanet"},"image":{"@id":"https:\/\/www.pixelplanet.com\/de\/#\/schema\/logo\/image\/"},"sameAs":["https:\/\/www.facebook.com\/PixelPlanet","https:\/\/x.com\/PixelPlanet","https:\/\/www.instagram.com\/pixelplanet.software\/","https:\/\/linkedin.com\/company\/pixelplanet-software"]}]}},"_links":{"self":[{"href":"https:\/\/www.pixelplanet.com\/de\/wp-json\/wp\/v2\/pages\/7026","targetHints":{"allow":["GET"]}}],"collection":[{"href":"https:\/\/www.pixelplanet.com\/de\/wp-json\/wp\/v2\/pages"}],"about":[{"href":"https:\/\/www.pixelplanet.com\/de\/wp-json\/wp\/v2\/types\/page"}],"author":[{"embeddable":true,"href":"https:\/\/www.pixelplanet.com\/de\/wp-json\/wp\/v2\/users\/1"}],"replies":[{"embeddable":true,"href":"https:\/\/www.pixelplanet.com\/de\/wp-json\/wp\/v2\/comments?post=7026"}],"version-history":[{"count":0,"href":"https:\/\/www.pixelplanet.com\/de\/wp-json\/wp\/v2\/pages\/7026\/revisions"}],"up":[{"embeddable":true,"href":"https:\/\/www.pixelplanet.com\/de\/wp-json\/wp\/v2\/pages\/14187"}],"wp:attachment":[{"href":"https:\/\/www.pixelplanet.com\/de\/wp-json\/wp\/v2\/media?parent=7026"}],"curies":[{"name":"wp","href":"https:\/\/api.w.org\/{rel}","templated":true}]}}