{"id":18916,"date":"2018-10-01T18:27:51","date_gmt":"2018-10-01T16:46:36","guid":{"rendered":"https:\/\/www.pixelplanet.com\/?post_type=product&#038;p=18916"},"modified":"2023-03-15T21:49:25","modified_gmt":"2023-03-15T20:49:25","slug":"pdfeditor-mtn","status":"publish","type":"product","link":"https:\/\/www.pixelplanet.com\/de\/produkt\/pdfeditor-mtn\/","title":{"rendered":"Wartungsvertrag f\u00fcr PdfEditor &#8211; Laufzeit: 1 Jahr"},"content":{"rendered":"","protected":false},"excerpt":{"rendered":"<p>Im Rahmen der Wartung erhalten Sie jederzeit die aktuelle PdfEditor Version &#8211; auf Wunsch auch Vorabversionen &#8211; sowie bevorzugten Support.<\/p>\n<p>Die Vertragslaufzeit betr\u00e4gt 1 Jahr und endet automatisch. Wir kontaktieren Sie rechtzeitig vor dem Ablauf und fragen nach, ob Sie den Vertrag f\u00fcr ein weiteres Jahr verl\u00e4ngern m\u00f6chten.<\/p>\n<p>Der Wartungsvertrag gilt f\u00fcr eine (1) PdfEditor Lizenz. Bei Bestellung zusammen mit einer neuen Lizenz wird diese automatisch f\u00fcr den Wartungsvertrag registriert.<\/p>\n<p>Wenn Sie einen Wartungsvertrag f\u00fcr eine bereits vorhandene Lizenz bestellen, nennen Sie uns bitte innerhalb von 14 Tagen die Lizenz (Lizenzname + Lizenzschl\u00fcssel), f\u00fcr die der Vertrag gelten soll.<\/p>\n","protected":false},"featured_media":18672,"template":"","meta":[],"product_brand":[],"product_cat":[212,330],"product_tag":[],"class_list":{"0":"post-18916","1":"product","2":"type-product","3":"status-publish","4":"has-post-thumbnail","6":"product_cat-pdfeditor-windows","7":"product_cat-windows","9":"first","10":"instock","11":"shipping-taxable","12":"purchasable","13":"product-type-variable"},"exclude_global_add_ons":false,"addons":[{"name":"Lizenzdaten","type":"heading","position":0,"required":false,"title_format":"label","default":"","description_enable":true,"description":"Geben Sie hier die Lizenzdaten (Lizenzname \/ Lizenzschl\u00fcssel) an, f\u00fcr die der Wartungsvertrag gelten soll (leer lassen, wenn Sie geichzeitig eine neue Lizenz bestellen):","placeholder_enable":false,"placeholder":"","display":"select","restrictions_type":"any_text","adjust_price":false,"price":"","price_type":"flat_fee","restrictions":false,"min":"0","max":"0","options":[],"id":1673474420},{"name":"Lizenzdaten","type":"custom_text","position":1,"required":false,"title_format":"hide","default":"","description_enable":false,"description":"","placeholder_enable":false,"placeholder":"","display":"select","restrictions_type":"any_text","adjust_price":false,"price":"","price_type":"flat_fee","restrictions":false,"min":"0","max":"0","options":[],"id":1673474421}],"yoast_head":"<!-- This site is optimized with the Yoast SEO Premium plugin v27.5 (Yoast SEO v27.5) - https:\/\/yoast.com\/product\/yoast-seo-premium-wordpress\/ -->\n<title>PixelPlanet - Wartungsvertrag f\u00fcr PdfEditor - Laufzeit: 1 Jahr<\/title>\n<meta name=\"robots\" content=\"noindex, follow\" \/>\n<meta property=\"og:locale\" content=\"de_DE\" \/>\n<meta property=\"og:type\" content=\"article\" \/>\n<meta property=\"og:title\" content=\"PdfTools Shop - Wartungsvertrag f\u00fcr PdfEditor - Laufzeit: 1 Jahr\" \/>\n<meta property=\"og:description\" content=\"Im Rahmen der Wartung erhalten Sie jederzeit die aktuelle PdfEditor Version - auf Wunsch auch Vorabversionen - sowie bevorzugten Support.  Die Vertragslaufzeit betr\u00e4gt 1 Jahr und endet automatisch. Wir kontaktieren Sie rechtzeitig vor dem Ablauf und fragen nach, ob Sie den Vertrag f\u00fcr ein weiteres Jahr verl\u00e4ngern m\u00f6chten.  Der Wartungsvertrag gilt f\u00fcr eine (1) PdfEditor Lizenz. Bei Bestellung zusammen mit einer neuen Lizenz wird diese automatisch f\u00fcr den Wartungsvertrag registriert.  Wenn Sie einen Wartungsvertrag f\u00fcr eine bereits vorhandene Lizenz bestellen, nennen Sie uns bitte innerhalb von 14 Tagen die Lizenz (Lizenzname + Lizenzschl\u00fcssel), f\u00fcr die der Vertrag gelten soll.\" \/>\n<meta property=\"og:url\" content=\"https:\/\/www.pixelplanet.com\/de\/produkt\/pdfeditor-mtn\/\" \/>\n<meta property=\"og:site_name\" content=\"PixelPlanet.com - PDF-Software-Shop\" \/>\n<meta property=\"article:publisher\" content=\"https:\/\/www.facebook.com\/PixelPlanet\" \/>\n<meta property=\"article:modified_time\" content=\"2023-03-15T20:49:25+00:00\" \/>\n<meta property=\"og:image\" content=\"https:\/\/www.pixelplanet.com\/wp-content\/uploads\/2018\/10\/Wartung-600x730.png\" \/>\n\t<meta property=\"og:image:width\" content=\"600\" \/>\n\t<meta property=\"og:image:height\" content=\"730\" \/>\n\t<meta property=\"og:image:type\" content=\"image\/png\" \/>\n<meta name=\"twitter:card\" content=\"summary_large_image\" \/>\n<meta name=\"twitter:site\" content=\"@PixelPlanet\" \/>\n<meta name=\"twitter:label1\" content=\"Verf\u00fcgbarkeit\" \/>\n\t<meta name=\"twitter:data1\" content=\"Auf Lager\" \/>\n<script type=\"application\/ld+json\" class=\"yoast-schema-graph\">{\"@context\":\"https:\\\/\\\/schema.org\",\"@graph\":[{\"@type\":\"WebPage\",\"@id\":\"https:\\\/\\\/www.pixelplanet.com\\\/de\\\/produkt\\\/pdfeditor-mtn\\\/\",\"url\":\"https:\\\/\\\/www.pixelplanet.com\\\/de\\\/produkt\\\/pdfeditor-mtn\\\/\",\"name\":\"PixelPlanet - Wartungsvertrag f\u00fcr PdfEditor - Laufzeit: 1 Jahr\",\"isPartOf\":{\"@id\":\"https:\\\/\\\/www.pixelplanet.com\\\/de\\\/#website\"},\"primaryImageOfPage\":{\"@id\":\"https:\\\/\\\/www.pixelplanet.com\\\/de\\\/produkt\\\/pdfeditor-mtn\\\/#primaryimage\"},\"image\":{\"@id\":\"https:\\\/\\\/www.pixelplanet.com\\\/de\\\/produkt\\\/pdfeditor-mtn\\\/#primaryimage\"},\"thumbnailUrl\":\"https:\\\/\\\/www.pixelplanet.com\\\/wp-content\\\/uploads\\\/2018\\\/10\\\/Wartung-600x730.png\",\"datePublished\":\"2018-10-01T16:46:36+00:00\",\"dateModified\":\"2023-03-15T20:49:25+00:00\",\"breadcrumb\":{\"@id\":\"https:\\\/\\\/www.pixelplanet.com\\\/de\\\/produkt\\\/pdfeditor-mtn\\\/#breadcrumb\"},\"inLanguage\":\"de\",\"potentialAction\":[{\"@type\":\"ReadAction\",\"target\":[\"https:\\\/\\\/www.pixelplanet.com\\\/de\\\/produkt\\\/pdfeditor-mtn\\\/\"]}]},{\"@type\":\"ImageObject\",\"inLanguage\":\"de\",\"@id\":\"https:\\\/\\\/www.pixelplanet.com\\\/de\\\/produkt\\\/pdfeditor-mtn\\\/#primaryimage\",\"url\":\"https:\\\/\\\/www.pixelplanet.com\\\/wp-content\\\/uploads\\\/2018\\\/10\\\/Wartung-600x730.png\",\"contentUrl\":\"https:\\\/\\\/www.pixelplanet.com\\\/wp-content\\\/uploads\\\/2018\\\/10\\\/Wartung-600x730.png\",\"width\":600,\"height\":730,\"caption\":\"Maintenance\"},{\"@type\":\"BreadcrumbList\",\"@id\":\"https:\\\/\\\/www.pixelplanet.com\\\/de\\\/produkt\\\/pdfeditor-mtn\\\/#breadcrumb\",\"itemListElement\":[{\"@type\":\"ListItem\",\"position\":1,\"name\":\"Home\",\"item\":\"https:\\\/\\\/www.pixelplanet.com\\\/de\\\/\"},{\"@type\":\"ListItem\",\"position\":2,\"name\":\"Preise + Shop\",\"item\":\"https:\\\/\\\/www.pixelplanet.com\\\/de\\\/shop\\\/\"},{\"@type\":\"ListItem\",\"position\":3,\"name\":\"Wartungsvertrag f\u00fcr PdfEditor &#8211; Laufzeit: 1 Jahr\"}]},{\"@type\":\"WebSite\",\"@id\":\"https:\\\/\\\/www.pixelplanet.com\\\/de\\\/#website\",\"url\":\"https:\\\/\\\/www.pixelplanet.com\\\/de\\\/\",\"name\":\"PixelPlanet.com - PDF-Software-Shop\",\"description\":\"Edit, convert, create, merge and split PDF documents on Windows and Mac\",\"publisher\":{\"@id\":\"https:\\\/\\\/www.pixelplanet.com\\\/de\\\/#organization\"},\"potentialAction\":[{\"@type\":\"SearchAction\",\"target\":{\"@type\":\"EntryPoint\",\"urlTemplate\":\"https:\\\/\\\/www.pixelplanet.com\\\/de\\\/?s={search_term_string}\"},\"query-input\":{\"@type\":\"PropertyValueSpecification\",\"valueRequired\":true,\"valueName\":\"search_term_string\"}}],\"inLanguage\":\"de\"},{\"@type\":\"Organization\",\"@id\":\"https:\\\/\\\/www.pixelplanet.com\\\/de\\\/#organization\",\"name\":\"PixelPlanet\",\"url\":\"https:\\\/\\\/www.pixelplanet.com\\\/de\\\/\",\"logo\":{\"@type\":\"ImageObject\",\"inLanguage\":\"de\",\"@id\":\"https:\\\/\\\/www.pixelplanet.com\\\/de\\\/#\\\/schema\\\/logo\\\/image\\\/\",\"url\":\"https:\\\/\\\/www.pixelplanet.com\\\/wp-content\\\/uploads\\\/2016\\\/12\\\/PixelPlanet-Logo-540x100.png\",\"contentUrl\":\"https:\\\/\\\/www.pixelplanet.com\\\/wp-content\\\/uploads\\\/2016\\\/12\\\/PixelPlanet-Logo-540x100.png\",\"width\":540,\"height\":100,\"caption\":\"PixelPlanet\"},\"image\":{\"@id\":\"https:\\\/\\\/www.pixelplanet.com\\\/de\\\/#\\\/schema\\\/logo\\\/image\\\/\"},\"sameAs\":[\"https:\\\/\\\/www.facebook.com\\\/PixelPlanet\",\"https:\\\/\\\/x.com\\\/PixelPlanet\",\"https:\\\/\\\/www.instagram.com\\\/pixelplanet.software\\\/\",\"https:\\\/\\\/linkedin.com\\\/company\\\/pixelplanet-software\"]}]}<\/script>\n<meta property=\"og:availability\" content=\"instock\" \/>\n<meta property=\"product:availability\" content=\"instock\" \/>\n<meta property=\"product:condition\" content=\"new\" \/>\n<!-- \/ Yoast SEO Premium plugin. -->","yoast_head_json":{"title":"PixelPlanet - Wartungsvertrag f\u00fcr PdfEditor - Laufzeit: 1 Jahr","robots":{"index":"noindex","follow":"follow"},"og_locale":"de_DE","og_type":"article","og_title":"PdfTools Shop - Wartungsvertrag f\u00fcr PdfEditor - Laufzeit: 1 Jahr","og_description":"Im Rahmen der Wartung erhalten Sie jederzeit die aktuelle PdfEditor Version - auf Wunsch auch Vorabversionen - sowie bevorzugten Support.  Die Vertragslaufzeit betr\u00e4gt 1 Jahr und endet automatisch. Wir kontaktieren Sie rechtzeitig vor dem Ablauf und fragen nach, ob Sie den Vertrag f\u00fcr ein weiteres Jahr verl\u00e4ngern m\u00f6chten.  Der Wartungsvertrag gilt f\u00fcr eine (1) PdfEditor Lizenz. Bei Bestellung zusammen mit einer neuen Lizenz wird diese automatisch f\u00fcr den Wartungsvertrag registriert.  Wenn Sie einen Wartungsvertrag f\u00fcr eine bereits vorhandene Lizenz bestellen, nennen Sie uns bitte innerhalb von 14 Tagen die Lizenz (Lizenzname + Lizenzschl\u00fcssel), f\u00fcr die der Vertrag gelten soll.","og_url":"https:\/\/www.pixelplanet.com\/de\/produkt\/pdfeditor-mtn\/","og_site_name":"PixelPlanet.com - PDF-Software-Shop","article_publisher":"https:\/\/www.facebook.com\/PixelPlanet","article_modified_time":"2023-03-15T20:49:25+00:00","og_image":[{"width":600,"height":730,"url":"https:\/\/www.pixelplanet.com\/wp-content\/uploads\/2018\/10\/Wartung-600x730.png","type":"image\/png"}],"twitter_card":"summary_large_image","twitter_site":"@PixelPlanet","twitter_misc":{"Verf\u00fcgbarkeit":"Auf Lager"},"schema":{"@context":"https:\/\/schema.org","@graph":[{"@type":"WebPage","@id":"https:\/\/www.pixelplanet.com\/de\/produkt\/pdfeditor-mtn\/","url":"https:\/\/www.pixelplanet.com\/de\/produkt\/pdfeditor-mtn\/","name":"PixelPlanet - Wartungsvertrag f\u00fcr PdfEditor - Laufzeit: 1 Jahr","isPartOf":{"@id":"https:\/\/www.pixelplanet.com\/de\/#website"},"primaryImageOfPage":{"@id":"https:\/\/www.pixelplanet.com\/de\/produkt\/pdfeditor-mtn\/#primaryimage"},"image":{"@id":"https:\/\/www.pixelplanet.com\/de\/produkt\/pdfeditor-mtn\/#primaryimage"},"thumbnailUrl":"https:\/\/www.pixelplanet.com\/wp-content\/uploads\/2018\/10\/Wartung-600x730.png","datePublished":"2018-10-01T16:46:36+00:00","dateModified":"2023-03-15T20:49:25+00:00","breadcrumb":{"@id":"https:\/\/www.pixelplanet.com\/de\/produkt\/pdfeditor-mtn\/#breadcrumb"},"inLanguage":"de","potentialAction":[{"@type":"ReadAction","target":["https:\/\/www.pixelplanet.com\/de\/produkt\/pdfeditor-mtn\/"]}]},{"@type":"ImageObject","inLanguage":"de","@id":"https:\/\/www.pixelplanet.com\/de\/produkt\/pdfeditor-mtn\/#primaryimage","url":"https:\/\/www.pixelplanet.com\/wp-content\/uploads\/2018\/10\/Wartung-600x730.png","contentUrl":"https:\/\/www.pixelplanet.com\/wp-content\/uploads\/2018\/10\/Wartung-600x730.png","width":600,"height":730,"caption":"Maintenance"},{"@type":"BreadcrumbList","@id":"https:\/\/www.pixelplanet.com\/de\/produkt\/pdfeditor-mtn\/#breadcrumb","itemListElement":[{"@type":"ListItem","position":1,"name":"Home","item":"https:\/\/www.pixelplanet.com\/de\/"},{"@type":"ListItem","position":2,"name":"Preise + Shop","item":"https:\/\/www.pixelplanet.com\/de\/shop\/"},{"@type":"ListItem","position":3,"name":"Wartungsvertrag f\u00fcr PdfEditor &#8211; Laufzeit: 1 Jahr"}]},{"@type":"WebSite","@id":"https:\/\/www.pixelplanet.com\/de\/#website","url":"https:\/\/www.pixelplanet.com\/de\/","name":"PixelPlanet.com - PDF-Software-Shop","description":"Edit, convert, create, merge and split PDF documents on Windows and Mac","publisher":{"@id":"https:\/\/www.pixelplanet.com\/de\/#organization"},"potentialAction":[{"@type":"SearchAction","target":{"@type":"EntryPoint","urlTemplate":"https:\/\/www.pixelplanet.com\/de\/?s={search_term_string}"},"query-input":{"@type":"PropertyValueSpecification","valueRequired":true,"valueName":"search_term_string"}}],"inLanguage":"de"},{"@type":"Organization","@id":"https:\/\/www.pixelplanet.com\/de\/#organization","name":"PixelPlanet","url":"https:\/\/www.pixelplanet.com\/de\/","logo":{"@type":"ImageObject","inLanguage":"de","@id":"https:\/\/www.pixelplanet.com\/de\/#\/schema\/logo\/image\/","url":"https:\/\/www.pixelplanet.com\/wp-content\/uploads\/2016\/12\/PixelPlanet-Logo-540x100.png","contentUrl":"https:\/\/www.pixelplanet.com\/wp-content\/uploads\/2016\/12\/PixelPlanet-Logo-540x100.png","width":540,"height":100,"caption":"PixelPlanet"},"image":{"@id":"https:\/\/www.pixelplanet.com\/de\/#\/schema\/logo\/image\/"},"sameAs":["https:\/\/www.facebook.com\/PixelPlanet","https:\/\/x.com\/PixelPlanet","https:\/\/www.instagram.com\/pixelplanet.software\/","https:\/\/linkedin.com\/company\/pixelplanet-software"]}]},"og_availability":"instock","product_availability":"instock","product_condition":"new"},"_links":{"self":[{"href":"https:\/\/www.pixelplanet.com\/de\/wp-json\/wp\/v2\/product\/18916","targetHints":{"allow":["GET"]}}],"collection":[{"href":"https:\/\/www.pixelplanet.com\/de\/wp-json\/wp\/v2\/product"}],"about":[{"href":"https:\/\/www.pixelplanet.com\/de\/wp-json\/wp\/v2\/types\/product"}],"wp:featuredmedia":[{"embeddable":true,"href":"https:\/\/www.pixelplanet.com\/de\/wp-json\/wp\/v2\/media\/18672"}],"wp:attachment":[{"href":"https:\/\/www.pixelplanet.com\/de\/wp-json\/wp\/v2\/media?parent=18916"}],"wp:term":[{"taxonomy":"product_brand","embeddable":true,"href":"https:\/\/www.pixelplanet.com\/de\/wp-json\/wp\/v2\/product_brand?post=18916"},{"taxonomy":"product_cat","embeddable":true,"href":"https:\/\/www.pixelplanet.com\/de\/wp-json\/wp\/v2\/product_cat?post=18916"},{"taxonomy":"product_tag","embeddable":true,"href":"https:\/\/www.pixelplanet.com\/de\/wp-json\/wp\/v2\/product_tag?post=18916"}],"curies":[{"name":"wp","href":"https:\/\/api.w.org\/{rel}","templated":true}]}}