{"id":18959,"date":"2017-11-05T15:41:58","date_gmt":"2017-11-05T14:41:58","guid":{"rendered":"https:\/\/www.pixelplanet.com\/product\/pdfeditor-net\/"},"modified":"2023-01-11T21:56:58","modified_gmt":"2023-01-11T20:56:58","slug":"pdfeditor-net","status":"publish","type":"product","link":"https:\/\/www.pixelplanet.com\/de\/produkt\/pdfeditor-net\/","title":{"rendered":"PdfEditor 4 Professional Netzwerklizenz (ab 5 gleichzeitige Benutzer)"},"content":{"rendered":"<p>PdfEditor ist schnell, einfach und zuverl\u00e4ssig &#8211; Deine Anwender werden ihn lieben!<\/p>\n<h4>Funktionen<\/h4>\n<ul class=\"fa-ul\">\n<li><i class=\"fas fa-li fa-users\"><\/i> Mehrbenutzerlizenz zur gleichzeitigen Verwendung in einem LAN (ab 5 Benutzern)<\/li>\n<li><i class=\"fas fa-li fa-pencil\"><\/i> Bearbeiten von Texten, Grafiken und Bildern direkt im PDF<\/li>\n<li><i class=\"fas fa-li fa-eraser\"><\/i> Eliminierung von Inhalten durch echtes Schw\u00e4rzen<\/li>\n<li><i class=\"fas fa-li fa-map-marker\"><\/i> Texte markieren wie mit einem Textmarker<\/li>\n<li><i class=\"far fa-li fa-check-square\"><\/i> Formulare erstellen und ausf\u00fcllen<\/li>\n<li><i class=\"fas fa-li fa-sign-in\"><\/i> Mehrere Dokumente zu einem PDF zusammenf\u00fchren<\/li>\n<li><i class=\"fas fa-li fa-sign-out\"><\/i> Mehrseitige PDFs auftrennen<\/li>\n<li><i class=\"fas fa-li fa-file-alt\"><\/i> Kopf- und Fu\u00dfzeilen inkl. Datumsfunktion und Seitennummerierung<\/li>\n<li><i class=\"fas fa-li fa-image\"><\/i> Briefpapier, Grafik oder Wasserzeichen einf\u00fcgen<\/li>\n<li><i class=\"fas fa-li fa-search\"><\/i> Gescannte PDFs mittels OCR durchsuchbar machen<\/li>\n<li><i class=\"fas fa-li fa-print\"><\/i> Erzeugen von PDFs aus jeder druckf\u00e4higen Anwendung<\/li>\n<li>und vieles mehr\u2026<\/li>\n<\/ul>\n<p>Eine komplette Funktionsliste findest Du <a href=\"https:\/\/www.pixelplanet.com\/de\/pdfeditor\/funktionen\/\">hier<\/a>.<\/p>\n","protected":false},"excerpt":{"rendered":"<p>Diese <strong>Netzwerklizenz<\/strong> gestattet die gleichzeitige Installation und Benutzung (concurrent user) von PdfEditor-Clients im selben Netzwerk (LAN). Der Betrieb im Home Office, Au\u00dfendienst etc. ist damit <u>nicht<\/u> m\u00f6glich (Ausnahme &#8218;Unlimited Unternehmenslizenz&#8216;).<\/p>\n<p>Du kannst die Software per Softwareverteilung in deinem Netzwerk &#8222;ausrollen&#8220; oder installierst manuell auf jedem gew\u00fcnschten Client. Alternativ kannst Du PdfEditor auf einem File-Server in deinem Intranet installieren. Wenn Du das Installationsverzeichnis den betreffenden Benutzern freigibst, k\u00f6nnen diese die Anwendung (exe) von dort einfach starten.<\/p>\n<p>Beachte, dass die maximale Anzahl gleichzeitiger Benutzer deiner Lizenz entspricht (concurrent user). Wenn Du z.B. eine 5 Benutzer-Netzwerklizenz einsetzt, d\u00fcrfen insgesamt 5 Anwender PdfEditor gleichzeitig starten. Startet ein weiterer Benutzer, erh\u00e4lt dieser einen Hinweis und kann die Software erst verwenden, wenn eine der aktuell ge\u00f6ffneten 5 Anwendungen geschlossen wurde.<\/p>\n<ul class=\"fa-ul\">\n<li><i class=\"fas fa-li fa-coin\"><\/i> Einmalige Lizenzkosten, kein Abo, keine Folgekosten<\/li>\n<li><i class=\"fas fa-li fa-users\"><\/i> Mehrbenutzerlizenz f\u00fcr Windows (32 &amp; 64bit)<\/li>\n<li><i class=\"fas fa-li fa-desktop\"><\/i> Alle Daten werden offline verarbeitet (kein Cloud-Zwang)<\/li>\n<li><i class=\"fas fa-li fa-download\"><\/i> Kostenlose Updates innerhalb der Hauptversion<\/li>\n<li><i class=\"fas fa-li fa-heart\"><\/i> Unbegrenzte G\u00fcltigkeit der Lizenz<\/li>\n<\/ul>\n","protected":false},"featured_media":6112,"template":"","meta":[],"product_brand":[],"product_cat":[202,212,330],"product_tag":[226,349,350,348,354,347,375,377],"class_list":{"0":"post-18959","1":"product","2":"type-product","3":"status-publish","4":"has-post-thumbnail","6":"product_cat-mehrbenutzer","7":"product_cat-pdfeditor-windows","8":"product_cat-windows","9":"product_tag-gleichzeitig","10":"product_tag-mehrbenutzer","11":"product_tag-mehrplatz","12":"product_tag-netzwerk","13":"product_tag-netzwerklizenzen","14":"product_tag-netzwerklizenz","15":"product_tag-win","16":"product_tag-windows","18":"first","19":"instock","20":"featured","21":"shipping-taxable","22":"purchasable","23":"product-type-variable","24":"has-default-attributes"},"exclude_global_add_ons":[],"addons":[],"yoast_head":"<!-- This site is optimized with the Yoast SEO Premium plugin v27.4 (Yoast SEO v27.4) - https:\/\/yoast.com\/product\/yoast-seo-premium-wordpress\/ -->\n<title>PdfTools Shop - PdfEditor Prof. Mehrbenutzer-\/Netzwerklizenz - ab 249\u20ac<\/title>\n<meta name=\"description\" content=\"Netzwerklizenzen gestatten die gleichzeitige Installation u. Nutzung (concurrent user) von PdfEditor-Clients in einem Netzwerk (LAN).\" \/>\n<meta name=\"robots\" content=\"index, follow, max-snippet:-1, max-image-preview:large, max-video-preview:-1\" \/>\n<link rel=\"canonical\" href=\"https:\/\/www.pixelplanet.com\/de\/produkt\/pdfeditor-net\/\" \/>\n<meta property=\"og:locale\" content=\"de_DE\" \/>\n<meta property=\"og:type\" content=\"article\" \/>\n<meta property=\"og:title\" content=\"PdfTools Shop - PdfEditor 4 Professional Netzwerklizenz (ab 5 gleichzeitige Benutzer)\" \/>\n<meta property=\"og:description\" content=\"Diese Netzwerklizenz gestattet die gleichzeitige Installation und Benutzung (concurrent user) von PdfEditor-Clients im selben Netzwerk (LAN). Der Betrieb im Home Office, Au\u00dfendienst etc. ist damit nicht m\u00f6glich (Ausnahme &#039;Unlimited Unternehmenslizenz&#039;).  Du kannst die Software per Softwareverteilung in deinem Netzwerk &quot;ausrollen&quot; oder installierst manuell auf jedem gew\u00fcnschten Client. Alternativ kannst Du PdfEditor auf einem File-Server in deinem Intranet installieren. Wenn Du das Installationsverzeichnis den betreffenden Benutzern freigibst, k\u00f6nnen diese die Anwendung (exe) von dort einfach starten.  Beachte, dass die maximale Anzahl gleichzeitiger Benutzer deiner Lizenz entspricht (concurrent user). Wenn Du z.B. eine 5 Benutzer-Netzwerklizenz einsetzt, d\u00fcrfen insgesamt 5 Anwender PdfEditor gleichzeitig starten. Startet ein weiterer Benutzer, erh\u00e4lt dieser einen Hinweis und kann die Software erst verwenden, wenn eine der aktuell ge\u00f6ffneten 5 Anwendungen geschlossen wurde.    Einmalige Lizenzkosten, kein Abo, keine Folgekosten   Mehrbenutzerlizenz f\u00fcr Windows (32 &amp; 64bit)   Alle Daten werden offline verarbeitet (kein Cloud-Zwang)   Kostenlose Updates innerhalb der Hauptversion   Unbegrenzte G\u00fcltigkeit der Lizenz\" \/>\n<meta property=\"og:url\" content=\"https:\/\/www.pixelplanet.com\/de\/produkt\/pdfeditor-net\/\" \/>\n<meta property=\"og:site_name\" content=\"PixelPlanet.com - PDF-Software-Shop\" \/>\n<meta property=\"article:publisher\" content=\"https:\/\/www.facebook.com\/PixelPlanet\" \/>\n<meta property=\"article:modified_time\" content=\"2023-01-11T20:56:58+00:00\" \/>\n<meta property=\"og:image\" content=\"https:\/\/www.pixelplanet.com\/wp-content\/uploads\/2017\/10\/PdfEditor-Boxshot-Windows-Netzwerk-ENU.png\" \/>\n\t<meta property=\"og:image:width\" content=\"312\" \/>\n\t<meta property=\"og:image:height\" content=\"380\" \/>\n\t<meta property=\"og:image:type\" content=\"image\/png\" \/>\n<meta name=\"twitter:card\" content=\"summary_large_image\" \/>\n<meta name=\"twitter:site\" content=\"@PixelPlanet\" \/>\n<meta name=\"twitter:label1\" content=\"Verf\u00fcgbarkeit\" \/>\n\t<meta name=\"twitter:data1\" content=\"Auf Lager\" \/>\n<script type=\"application\/ld+json\" class=\"yoast-schema-graph\">{\"@context\":\"https:\\\/\\\/schema.org\",\"@graph\":[{\"@type\":\"WebPage\",\"@id\":\"https:\\\/\\\/www.pixelplanet.com\\\/de\\\/produkt\\\/pdfeditor-net\\\/\",\"url\":\"https:\\\/\\\/www.pixelplanet.com\\\/de\\\/produkt\\\/pdfeditor-net\\\/\",\"name\":\"PdfTools Shop - PdfEditor Prof. Mehrbenutzer-\\\/Netzwerklizenz - ab 249\u20ac\",\"isPartOf\":{\"@id\":\"https:\\\/\\\/www.pixelplanet.com\\\/de\\\/#website\"},\"primaryImageOfPage\":{\"@id\":\"https:\\\/\\\/www.pixelplanet.com\\\/de\\\/produkt\\\/pdfeditor-net\\\/#primaryimage\"},\"image\":{\"@id\":\"https:\\\/\\\/www.pixelplanet.com\\\/de\\\/produkt\\\/pdfeditor-net\\\/#primaryimage\"},\"thumbnailUrl\":\"https:\\\/\\\/www.pixelplanet.com\\\/wp-content\\\/uploads\\\/2017\\\/10\\\/PdfEditor-Boxshot-Windows-Netzwerk-ENU.png\",\"datePublished\":\"2017-11-05T14:41:58+00:00\",\"dateModified\":\"2023-01-11T20:56:58+00:00\",\"description\":\"Netzwerklizenzen gestatten die gleichzeitige Installation u. Nutzung (concurrent user) von PdfEditor-Clients in einem Netzwerk (LAN).\",\"breadcrumb\":{\"@id\":\"https:\\\/\\\/www.pixelplanet.com\\\/de\\\/produkt\\\/pdfeditor-net\\\/#breadcrumb\"},\"inLanguage\":\"de\",\"potentialAction\":[{\"@type\":\"ReadAction\",\"target\":[\"https:\\\/\\\/www.pixelplanet.com\\\/de\\\/produkt\\\/pdfeditor-net\\\/\"]}]},{\"@type\":\"ImageObject\",\"inLanguage\":\"de\",\"@id\":\"https:\\\/\\\/www.pixelplanet.com\\\/de\\\/produkt\\\/pdfeditor-net\\\/#primaryimage\",\"url\":\"https:\\\/\\\/www.pixelplanet.com\\\/wp-content\\\/uploads\\\/2017\\\/10\\\/PdfEditor-Boxshot-Windows-Netzwerk-ENU.png\",\"contentUrl\":\"https:\\\/\\\/www.pixelplanet.com\\\/wp-content\\\/uploads\\\/2017\\\/10\\\/PdfEditor-Boxshot-Windows-Netzwerk-ENU.png\",\"width\":312,\"height\":380},{\"@type\":\"BreadcrumbList\",\"@id\":\"https:\\\/\\\/www.pixelplanet.com\\\/de\\\/produkt\\\/pdfeditor-net\\\/#breadcrumb\",\"itemListElement\":[{\"@type\":\"ListItem\",\"position\":1,\"name\":\"Home\",\"item\":\"https:\\\/\\\/www.pixelplanet.com\\\/de\\\/home\\\/\"},{\"@type\":\"ListItem\",\"position\":2,\"name\":\"Preise + Shop\",\"item\":\"https:\\\/\\\/www.pixelplanet.com\\\/de\\\/shop\\\/\"},{\"@type\":\"ListItem\",\"position\":3,\"name\":\"PdfEditor 4 Professional Netzwerklizenz (ab 5 gleichzeitige Benutzer)\"}]},{\"@type\":\"WebSite\",\"@id\":\"https:\\\/\\\/www.pixelplanet.com\\\/de\\\/#website\",\"url\":\"https:\\\/\\\/www.pixelplanet.com\\\/de\\\/\",\"name\":\"PixelPlanet.com - PDF-Software-Shop\",\"description\":\"Edit, convert, create, merge and split PDF documents on Windows and Mac\",\"publisher\":{\"@id\":\"https:\\\/\\\/www.pixelplanet.com\\\/de\\\/#organization\"},\"potentialAction\":[{\"@type\":\"SearchAction\",\"target\":{\"@type\":\"EntryPoint\",\"urlTemplate\":\"https:\\\/\\\/www.pixelplanet.com\\\/de\\\/?s={search_term_string}\"},\"query-input\":{\"@type\":\"PropertyValueSpecification\",\"valueRequired\":true,\"valueName\":\"search_term_string\"}}],\"inLanguage\":\"de\"},{\"@type\":\"Organization\",\"@id\":\"https:\\\/\\\/www.pixelplanet.com\\\/de\\\/#organization\",\"name\":\"PixelPlanet\",\"url\":\"https:\\\/\\\/www.pixelplanet.com\\\/de\\\/\",\"logo\":{\"@type\":\"ImageObject\",\"inLanguage\":\"de\",\"@id\":\"https:\\\/\\\/www.pixelplanet.com\\\/de\\\/#\\\/schema\\\/logo\\\/image\\\/\",\"url\":\"https:\\\/\\\/www.pixelplanet.com\\\/wp-content\\\/uploads\\\/2016\\\/12\\\/PixelPlanet-Logo-540x100.png\",\"contentUrl\":\"https:\\\/\\\/www.pixelplanet.com\\\/wp-content\\\/uploads\\\/2016\\\/12\\\/PixelPlanet-Logo-540x100.png\",\"width\":540,\"height\":100,\"caption\":\"PixelPlanet\"},\"image\":{\"@id\":\"https:\\\/\\\/www.pixelplanet.com\\\/de\\\/#\\\/schema\\\/logo\\\/image\\\/\"},\"sameAs\":[\"https:\\\/\\\/www.facebook.com\\\/PixelPlanet\",\"https:\\\/\\\/x.com\\\/PixelPlanet\",\"https:\\\/\\\/www.instagram.com\\\/pixelplanet.software\\\/\",\"https:\\\/\\\/linkedin.com\\\/company\\\/pixelplanet-software\"]}]}<\/script>\n<meta property=\"og:availability\" content=\"instock\" \/>\n<meta property=\"product:availability\" content=\"instock\" \/>\n<meta property=\"product:condition\" content=\"new\" \/>\n<!-- \/ Yoast SEO Premium plugin. -->","yoast_head_json":{"title":"PdfTools Shop - PdfEditor Prof. Mehrbenutzer-\/Netzwerklizenz - ab 249\u20ac","description":"Netzwerklizenzen gestatten die gleichzeitige Installation u. Nutzung (concurrent user) von PdfEditor-Clients in einem Netzwerk (LAN).","robots":{"index":"index","follow":"follow","max-snippet":"max-snippet:-1","max-image-preview":"max-image-preview:large","max-video-preview":"max-video-preview:-1"},"canonical":"https:\/\/www.pixelplanet.com\/de\/produkt\/pdfeditor-net\/","og_locale":"de_DE","og_type":"article","og_title":"PdfTools Shop - PdfEditor 4 Professional Netzwerklizenz (ab 5 gleichzeitige Benutzer)","og_description":"Diese Netzwerklizenz gestattet die gleichzeitige Installation und Benutzung (concurrent user) von PdfEditor-Clients im selben Netzwerk (LAN). Der Betrieb im Home Office, Au\u00dfendienst etc. ist damit nicht m\u00f6glich (Ausnahme 'Unlimited Unternehmenslizenz').  Du kannst die Software per Softwareverteilung in deinem Netzwerk \"ausrollen\" oder installierst manuell auf jedem gew\u00fcnschten Client. Alternativ kannst Du PdfEditor auf einem File-Server in deinem Intranet installieren. Wenn Du das Installationsverzeichnis den betreffenden Benutzern freigibst, k\u00f6nnen diese die Anwendung (exe) von dort einfach starten.  Beachte, dass die maximale Anzahl gleichzeitiger Benutzer deiner Lizenz entspricht (concurrent user). Wenn Du z.B. eine 5 Benutzer-Netzwerklizenz einsetzt, d\u00fcrfen insgesamt 5 Anwender PdfEditor gleichzeitig starten. Startet ein weiterer Benutzer, erh\u00e4lt dieser einen Hinweis und kann die Software erst verwenden, wenn eine der aktuell ge\u00f6ffneten 5 Anwendungen geschlossen wurde.    Einmalige Lizenzkosten, kein Abo, keine Folgekosten   Mehrbenutzerlizenz f\u00fcr Windows (32 &amp; 64bit)   Alle Daten werden offline verarbeitet (kein Cloud-Zwang)   Kostenlose Updates innerhalb der Hauptversion   Unbegrenzte G\u00fcltigkeit der Lizenz","og_url":"https:\/\/www.pixelplanet.com\/de\/produkt\/pdfeditor-net\/","og_site_name":"PixelPlanet.com - PDF-Software-Shop","article_publisher":"https:\/\/www.facebook.com\/PixelPlanet","article_modified_time":"2023-01-11T20:56:58+00:00","og_image":[{"width":312,"height":380,"url":"https:\/\/www.pixelplanet.com\/wp-content\/uploads\/2017\/10\/PdfEditor-Boxshot-Windows-Netzwerk-ENU.png","type":"image\/png"}],"twitter_card":"summary_large_image","twitter_site":"@PixelPlanet","twitter_misc":{"Verf\u00fcgbarkeit":"Auf Lager"},"schema":{"@context":"https:\/\/schema.org","@graph":[{"@type":"WebPage","@id":"https:\/\/www.pixelplanet.com\/de\/produkt\/pdfeditor-net\/","url":"https:\/\/www.pixelplanet.com\/de\/produkt\/pdfeditor-net\/","name":"PdfTools Shop - PdfEditor Prof. Mehrbenutzer-\/Netzwerklizenz - ab 249\u20ac","isPartOf":{"@id":"https:\/\/www.pixelplanet.com\/de\/#website"},"primaryImageOfPage":{"@id":"https:\/\/www.pixelplanet.com\/de\/produkt\/pdfeditor-net\/#primaryimage"},"image":{"@id":"https:\/\/www.pixelplanet.com\/de\/produkt\/pdfeditor-net\/#primaryimage"},"thumbnailUrl":"https:\/\/www.pixelplanet.com\/wp-content\/uploads\/2017\/10\/PdfEditor-Boxshot-Windows-Netzwerk-ENU.png","datePublished":"2017-11-05T14:41:58+00:00","dateModified":"2023-01-11T20:56:58+00:00","description":"Netzwerklizenzen gestatten die gleichzeitige Installation u. Nutzung (concurrent user) von PdfEditor-Clients in einem Netzwerk (LAN).","breadcrumb":{"@id":"https:\/\/www.pixelplanet.com\/de\/produkt\/pdfeditor-net\/#breadcrumb"},"inLanguage":"de","potentialAction":[{"@type":"ReadAction","target":["https:\/\/www.pixelplanet.com\/de\/produkt\/pdfeditor-net\/"]}]},{"@type":"ImageObject","inLanguage":"de","@id":"https:\/\/www.pixelplanet.com\/de\/produkt\/pdfeditor-net\/#primaryimage","url":"https:\/\/www.pixelplanet.com\/wp-content\/uploads\/2017\/10\/PdfEditor-Boxshot-Windows-Netzwerk-ENU.png","contentUrl":"https:\/\/www.pixelplanet.com\/wp-content\/uploads\/2017\/10\/PdfEditor-Boxshot-Windows-Netzwerk-ENU.png","width":312,"height":380},{"@type":"BreadcrumbList","@id":"https:\/\/www.pixelplanet.com\/de\/produkt\/pdfeditor-net\/#breadcrumb","itemListElement":[{"@type":"ListItem","position":1,"name":"Home","item":"https:\/\/www.pixelplanet.com\/de\/home\/"},{"@type":"ListItem","position":2,"name":"Preise + Shop","item":"https:\/\/www.pixelplanet.com\/de\/shop\/"},{"@type":"ListItem","position":3,"name":"PdfEditor 4 Professional Netzwerklizenz (ab 5 gleichzeitige Benutzer)"}]},{"@type":"WebSite","@id":"https:\/\/www.pixelplanet.com\/de\/#website","url":"https:\/\/www.pixelplanet.com\/de\/","name":"PixelPlanet.com - PDF-Software-Shop","description":"Edit, convert, create, merge and split PDF documents on Windows and Mac","publisher":{"@id":"https:\/\/www.pixelplanet.com\/de\/#organization"},"potentialAction":[{"@type":"SearchAction","target":{"@type":"EntryPoint","urlTemplate":"https:\/\/www.pixelplanet.com\/de\/?s={search_term_string}"},"query-input":{"@type":"PropertyValueSpecification","valueRequired":true,"valueName":"search_term_string"}}],"inLanguage":"de"},{"@type":"Organization","@id":"https:\/\/www.pixelplanet.com\/de\/#organization","name":"PixelPlanet","url":"https:\/\/www.pixelplanet.com\/de\/","logo":{"@type":"ImageObject","inLanguage":"de","@id":"https:\/\/www.pixelplanet.com\/de\/#\/schema\/logo\/image\/","url":"https:\/\/www.pixelplanet.com\/wp-content\/uploads\/2016\/12\/PixelPlanet-Logo-540x100.png","contentUrl":"https:\/\/www.pixelplanet.com\/wp-content\/uploads\/2016\/12\/PixelPlanet-Logo-540x100.png","width":540,"height":100,"caption":"PixelPlanet"},"image":{"@id":"https:\/\/www.pixelplanet.com\/de\/#\/schema\/logo\/image\/"},"sameAs":["https:\/\/www.facebook.com\/PixelPlanet","https:\/\/x.com\/PixelPlanet","https:\/\/www.instagram.com\/pixelplanet.software\/","https:\/\/linkedin.com\/company\/pixelplanet-software"]}]},"og_availability":"instock","product_availability":"instock","product_condition":"new"},"_links":{"self":[{"href":"https:\/\/www.pixelplanet.com\/de\/wp-json\/wp\/v2\/product\/18959","targetHints":{"allow":["GET"]}}],"collection":[{"href":"https:\/\/www.pixelplanet.com\/de\/wp-json\/wp\/v2\/product"}],"about":[{"href":"https:\/\/www.pixelplanet.com\/de\/wp-json\/wp\/v2\/types\/product"}],"wp:featuredmedia":[{"embeddable":true,"href":"https:\/\/www.pixelplanet.com\/de\/wp-json\/wp\/v2\/media\/6112"}],"wp:attachment":[{"href":"https:\/\/www.pixelplanet.com\/de\/wp-json\/wp\/v2\/media?parent=18959"}],"wp:term":[{"taxonomy":"product_brand","embeddable":true,"href":"https:\/\/www.pixelplanet.com\/de\/wp-json\/wp\/v2\/product_brand?post=18959"},{"taxonomy":"product_cat","embeddable":true,"href":"https:\/\/www.pixelplanet.com\/de\/wp-json\/wp\/v2\/product_cat?post=18959"},{"taxonomy":"product_tag","embeddable":true,"href":"https:\/\/www.pixelplanet.com\/de\/wp-json\/wp\/v2\/product_tag?post=18959"}],"curies":[{"name":"wp","href":"https:\/\/api.w.org\/{rel}","templated":true}]}}