{"id":19010,"date":"2017-11-08T16:20:28","date_gmt":"2018-10-01T20:25:17","guid":{"rendered":"https:\/\/www.pixelplanet.com\/?post_type=product&#038;p=19010"},"modified":"2023-01-11T21:54:00","modified_gmt":"2023-01-11T20:54:00","slug":"pdfgrabber-net","status":"publish","type":"product","link":"https:\/\/www.pixelplanet.com\/de\/produkt\/pdfgrabber-net\/","title":{"rendered":"PdfGrabber 9 Professional Netzwerklizenz (ab 5 gleichzeitige Benutzer)"},"content":{"rendered":"<p>Mit &#8222;PdfGrabber Professional&#8220; konvertierst Du PDF Dokumente in Microsoft Word, RTF, TXT, HTML-Webseiten, Microsoft Excel Tabellen, Microsoft PowerPoint Pr\u00e4sentationen, AutoCAD kompatible technische Zeichnungen (DXF) und XML, hast die M\u00f6glichkeit alle enthaltenen Bilder aus einem PDF zu extrahieren oder wandelst das komplette PDF in ein Bild um. Au\u00dferdem erh\u00e4ltst Du leistungsstarke Automatisierungsoptionen.<\/p>\n<h4>Funktionen<\/h4>\n<ul class=\"fa-ul\">\n<li><i class=\"fas fa-li fa-users\"><\/i> Mehrbenutzerlizenz zur gleichzeitigen Verwendung in einem LAN<\/li>\n<li><i class=\"fas fa-li fa-file-word\"><\/i> PDF in Word umwandeln<\/li>\n<li><i class=\"fas fa-li fa-cogs\"><\/i> Technische Zeichnungen in DXF \/ CAD \/ AutoCAD konvertieren<\/li>\n<li><i class=\"fas fa-li fa-file-powerpoint\"><\/i> Konvertieren von PDF in PowerPoint<\/li>\n<li><i class=\"fas fa-li fa-file-alt\"><\/i> PDF in TXT umwandeln<\/li>\n<li><i class=\"fas fa-li fa-file-excel\"><\/i> Konvertieren von PDF in Excel<\/li>\n<li><i class=\"fas fa-li fa-image\"><\/i> Bilder exportieren<\/li>\n<li><i class=\"fas fa-li fa-image\"><\/i> Ganzes PDF als Bild speichern<\/li>\n<li><i class=\"fab fa-li fa-html5\"><\/i> PDF in HTML konvertieren<\/li>\n<li><i class=\"fas fa-li fa-book\"><\/i> PDF in ePub \/ eBook wandeln<\/li>\n<li><i class=\"fas fa-li fa-file-code\"><\/i> Konvertieren von PDF in XML<\/li>\n<li><i class=\"fas fa-li fa-magic\"><\/i> Automatisierung durch \u00fcberwachte Ordner, Kommandozeile oder COM-Interface<\/li>\n<li>und vieles mehr&#8230;<\/li>\n<\/ul>\n<p>Eine komplette Funktionsliste findest Du <a href=\"https:\/\/www.pixelplanet.com\/de\/pdfgrabber\/funktionen\/\">hier<\/a>.<\/p>\n","protected":false},"excerpt":{"rendered":"<h3>Lizenz f\u00fcr gleichzeitige Nutzung in einem LAN (ab 5 Benutzer)<\/h3>\n<p>Diese Netzwerklizenz gestattet die gleichzeitige Installation und Benutzung (concurrent user) von PdfGrabber-Clients in einem Netzwerk (LAN). Sie l\u00e4sst sich per Softwareverteilung in deinem Netzwerk &#8222;ausrollen&#8220; oder Du installierst die Software manuell auf jedem gew\u00fcnschten Client. Alternativ kannst Du PdfGrabber auf einem File-Server in deinem Intranet installieren. Wenn Du das Installationsverzeichnis den betreffenden Benutzern freigibst, k\u00f6nnen diese die Anwendung (exe) von dort einfach starten.<\/p>\n<p>Beachte, dass die maximale Anzahl gleichzeitiger Benutzer deiner Lizenz entspricht (concurrent user). Wenn Du z.B. eine 5 Benutzer-Netzwerklizenz einsetzt, d\u00fcrfen insgesamt 5 Anwender die Software gleichzeitig starten. Startet ein weiterer Benutzer, erh\u00e4lt dieser einen Hinweis und kann PdfGrabber erst verwenden, wenn eine der aktuell ge\u00f6ffneten 5 Anwendungen geschlossen wurde.<\/p>\n<ul class=\"fa-ul\">\n<li><i class=\"fas fa-li fa-coin\"><\/i> Einmalige Lizenzkosten, kein Abo, keine Folgekosten<\/li>\n<li><i class=\"fas fa-li fa-user\"><\/i> Mehrbenutzerlizenz f\u00fcr Windows (32 &amp; 64bit)<\/li>\n<li><i class=\"fas fa-li fa-desktop\"><\/i> Alle Daten werden offline verarbeitet (kein Cloud-Zwang)<\/li>\n<li><i class=\"fas fa-li fa-download\"><\/i> Kostenlose Updates innerhalb der Hauptversion<\/li>\n<li><i class=\"fas fa-li fa-heart\"><\/i> Unbegrenzte G\u00fcltigkeit der Lizenz<\/li>\n<\/ul>\n","protected":false},"featured_media":6120,"template":"","meta":[],"product_brand":[],"product_cat":[202,214,330],"product_tag":[221,223,248,250,224,234,236,238,242,244,226,246,349,350,348,315,361,364,318,317,319,373,375,377,316,380,382],"class_list":{"0":"post-19010","1":"product","2":"type-product","3":"status-publish","4":"has-post-thumbnail","6":"product_cat-mehrbenutzer","7":"product_cat-pdfgrabber","8":"product_cat-windows","9":"product_tag-ascii","10":"product_tag-autocad","11":"product_tag-bild","12":"product_tag-bilder","13":"product_tag-cad","14":"product_tag-doc","15":"product_tag-dxf","16":"product_tag-ebook","17":"product_tag-epub","18":"product_tag-excel","19":"product_tag-gleichzeitig","20":"product_tag-html","21":"product_tag-mehrbenutzer","22":"product_tag-mehrplatz","23":"product_tag-netzwerk","24":"product_tag-pdf","25":"product_tag-powerpoint","26":"product_tag-ppt","27":"product_tag-rtf","28":"product_tag-text","29":"product_tag-txt","30":"product_tag-vektor","31":"product_tag-win","32":"product_tag-windows","33":"product_tag-word","34":"product_tag-xls","35":"product_tag-xml","37":"first","38":"instock","39":"featured","40":"shipping-taxable","41":"purchasable","42":"product-type-variable","43":"has-default-attributes"},"exclude_global_add_ons":[],"addons":[],"yoast_head":"<!-- This site is optimized with the Yoast SEO Premium plugin v27.3 (Yoast SEO v27.3) - https:\/\/yoast.com\/product\/yoast-seo-premium-wordpress\/ -->\n<title>PdfGrabber 9 Professional Mehrbenutzer-\/Netzwerklizenz - ab 299\u20ac<\/title>\n<meta name=\"description\" content=\"Lizenz f\u00fcr gleichzeitige Installation und parallele Nutzung von &quot;PdfGrabber&quot; in einem Netzwerk (LAN). Erh\u00e4ltlich f\u00fcr Windows ab 5 &quot;concurrent&quot; Benutzern.\" \/>\n<meta name=\"robots\" content=\"index, follow, max-snippet:-1, max-image-preview:large, max-video-preview:-1\" \/>\n<link rel=\"canonical\" href=\"https:\/\/www.pixelplanet.com\/de\/produkt\/pdfgrabber-net\/\" \/>\n<meta property=\"og:locale\" content=\"de_DE\" \/>\n<meta property=\"og:type\" content=\"article\" \/>\n<meta property=\"og:title\" content=\"PdfTools Shop - PdfGrabber 9 Professional Netzwerklizenz (ab 5 gleichzeitige Benutzer)\" \/>\n<meta property=\"og:description\" content=\"Lizenz f\u00fcr gleichzeitige Nutzung in einem LAN (ab 5 Benutzer) Diese Netzwerklizenz gestattet die gleichzeitige Installation und Benutzung (concurrent user) von PdfGrabber-Clients in einem Netzwerk (LAN). Sie l\u00e4sst sich per Softwareverteilung in deinem Netzwerk &quot;ausrollen&quot; oder Du installierst die Software manuell auf jedem gew\u00fcnschten Client. Alternativ kannst Du PdfGrabber auf einem File-Server in deinem Intranet installieren. Wenn Du das Installationsverzeichnis den betreffenden Benutzern freigibst, k\u00f6nnen diese die Anwendung (exe) von dort einfach starten.  Beachte, dass die maximale Anzahl gleichzeitiger Benutzer deiner Lizenz entspricht (concurrent user). Wenn Du z.B. eine 5 Benutzer-Netzwerklizenz einsetzt, d\u00fcrfen insgesamt 5 Anwender die Software gleichzeitig starten. Startet ein weiterer Benutzer, erh\u00e4lt dieser einen Hinweis und kann PdfGrabber erst verwenden, wenn eine der aktuell ge\u00f6ffneten 5 Anwendungen geschlossen wurde.    Einmalige Lizenzkosten, kein Abo, keine Folgekosten   Mehrbenutzerlizenz f\u00fcr Windows (32 &amp; 64bit)   Alle Daten werden offline verarbeitet (kein Cloud-Zwang)   Kostenlose Updates innerhalb der Hauptversion   Unbegrenzte G\u00fcltigkeit der Lizenz\" \/>\n<meta property=\"og:url\" content=\"https:\/\/www.pixelplanet.com\/de\/produkt\/pdfgrabber-net\/\" \/>\n<meta property=\"og:site_name\" content=\"PixelPlanet.com - PDF-Software-Shop\" \/>\n<meta property=\"article:publisher\" content=\"https:\/\/www.facebook.com\/PixelPlanet\" \/>\n<meta property=\"article:modified_time\" content=\"2023-01-11T20:54:00+00:00\" \/>\n<meta property=\"og:image\" content=\"https:\/\/www.pixelplanet.com\/wp-content\/uploads\/2017\/10\/PdfGrabber-Boxshot-Windows-Netzwerk-ENU.png\" \/>\n\t<meta property=\"og:image:width\" content=\"312\" \/>\n\t<meta property=\"og:image:height\" content=\"380\" \/>\n\t<meta property=\"og:image:type\" content=\"image\/png\" \/>\n<meta name=\"twitter:card\" content=\"summary_large_image\" \/>\n<meta name=\"twitter:site\" content=\"@PixelPlanet\" \/>\n<meta name=\"twitter:label1\" content=\"Verf\u00fcgbarkeit\" \/>\n\t<meta name=\"twitter:data1\" content=\"Auf Lager\" \/>\n<script type=\"application\/ld+json\" class=\"yoast-schema-graph\">{\"@context\":\"https:\\\/\\\/schema.org\",\"@graph\":[{\"@type\":\"WebPage\",\"@id\":\"https:\\\/\\\/www.pixelplanet.com\\\/de\\\/produkt\\\/pdfgrabber-net\\\/\",\"url\":\"https:\\\/\\\/www.pixelplanet.com\\\/de\\\/produkt\\\/pdfgrabber-net\\\/\",\"name\":\"PdfGrabber 9 Professional Mehrbenutzer-\\\/Netzwerklizenz - ab 299\u20ac\",\"isPartOf\":{\"@id\":\"https:\\\/\\\/www.pixelplanet.com\\\/de\\\/#website\"},\"primaryImageOfPage\":{\"@id\":\"https:\\\/\\\/www.pixelplanet.com\\\/de\\\/produkt\\\/pdfgrabber-net\\\/#primaryimage\"},\"image\":{\"@id\":\"https:\\\/\\\/www.pixelplanet.com\\\/de\\\/produkt\\\/pdfgrabber-net\\\/#primaryimage\"},\"thumbnailUrl\":\"https:\\\/\\\/www.pixelplanet.com\\\/wp-content\\\/uploads\\\/2017\\\/10\\\/PdfGrabber-Boxshot-Windows-Netzwerk-ENU.png\",\"datePublished\":\"2018-10-01T20:25:17+00:00\",\"dateModified\":\"2023-01-11T20:54:00+00:00\",\"description\":\"Lizenz f\u00fcr gleichzeitige Installation und parallele Nutzung von \\\"PdfGrabber\\\" in einem Netzwerk (LAN). Erh\u00e4ltlich f\u00fcr Windows ab 5 \\\"concurrent\\\" Benutzern.\",\"breadcrumb\":{\"@id\":\"https:\\\/\\\/www.pixelplanet.com\\\/de\\\/produkt\\\/pdfgrabber-net\\\/#breadcrumb\"},\"inLanguage\":\"de\",\"potentialAction\":[{\"@type\":\"ReadAction\",\"target\":[\"https:\\\/\\\/www.pixelplanet.com\\\/de\\\/produkt\\\/pdfgrabber-net\\\/\"]}]},{\"@type\":\"ImageObject\",\"inLanguage\":\"de\",\"@id\":\"https:\\\/\\\/www.pixelplanet.com\\\/de\\\/produkt\\\/pdfgrabber-net\\\/#primaryimage\",\"url\":\"https:\\\/\\\/www.pixelplanet.com\\\/wp-content\\\/uploads\\\/2017\\\/10\\\/PdfGrabber-Boxshot-Windows-Netzwerk-ENU.png\",\"contentUrl\":\"https:\\\/\\\/www.pixelplanet.com\\\/wp-content\\\/uploads\\\/2017\\\/10\\\/PdfGrabber-Boxshot-Windows-Netzwerk-ENU.png\",\"width\":312,\"height\":380},{\"@type\":\"BreadcrumbList\",\"@id\":\"https:\\\/\\\/www.pixelplanet.com\\\/de\\\/produkt\\\/pdfgrabber-net\\\/#breadcrumb\",\"itemListElement\":[{\"@type\":\"ListItem\",\"position\":1,\"name\":\"Home\",\"item\":\"https:\\\/\\\/www.pixelplanet.com\\\/de\\\/home\\\/\"},{\"@type\":\"ListItem\",\"position\":2,\"name\":\"Preise + Shop\",\"item\":\"https:\\\/\\\/www.pixelplanet.com\\\/de\\\/shop\\\/\"},{\"@type\":\"ListItem\",\"position\":3,\"name\":\"PdfGrabber 9 Professional Netzwerklizenz (ab 5 gleichzeitige Benutzer)\"}]},{\"@type\":\"WebSite\",\"@id\":\"https:\\\/\\\/www.pixelplanet.com\\\/de\\\/#website\",\"url\":\"https:\\\/\\\/www.pixelplanet.com\\\/de\\\/\",\"name\":\"PixelPlanet.com - PDF-Software-Shop\",\"description\":\"Edit, convert, create, merge and split PDF documents on Windows and Mac\",\"publisher\":{\"@id\":\"https:\\\/\\\/www.pixelplanet.com\\\/de\\\/#organization\"},\"potentialAction\":[{\"@type\":\"SearchAction\",\"target\":{\"@type\":\"EntryPoint\",\"urlTemplate\":\"https:\\\/\\\/www.pixelplanet.com\\\/de\\\/?s={search_term_string}\"},\"query-input\":{\"@type\":\"PropertyValueSpecification\",\"valueRequired\":true,\"valueName\":\"search_term_string\"}}],\"inLanguage\":\"de\"},{\"@type\":\"Organization\",\"@id\":\"https:\\\/\\\/www.pixelplanet.com\\\/de\\\/#organization\",\"name\":\"PixelPlanet\",\"url\":\"https:\\\/\\\/www.pixelplanet.com\\\/de\\\/\",\"logo\":{\"@type\":\"ImageObject\",\"inLanguage\":\"de\",\"@id\":\"https:\\\/\\\/www.pixelplanet.com\\\/de\\\/#\\\/schema\\\/logo\\\/image\\\/\",\"url\":\"https:\\\/\\\/www.pixelplanet.com\\\/wp-content\\\/uploads\\\/2016\\\/12\\\/PixelPlanet-Logo-540x100.png\",\"contentUrl\":\"https:\\\/\\\/www.pixelplanet.com\\\/wp-content\\\/uploads\\\/2016\\\/12\\\/PixelPlanet-Logo-540x100.png\",\"width\":540,\"height\":100,\"caption\":\"PixelPlanet\"},\"image\":{\"@id\":\"https:\\\/\\\/www.pixelplanet.com\\\/de\\\/#\\\/schema\\\/logo\\\/image\\\/\"},\"sameAs\":[\"https:\\\/\\\/www.facebook.com\\\/PixelPlanet\",\"https:\\\/\\\/x.com\\\/PixelPlanet\",\"https:\\\/\\\/www.instagram.com\\\/pixelplanet.software\\\/\",\"https:\\\/\\\/linkedin.com\\\/company\\\/pixelplanet-software\"]}]}<\/script>\n<meta property=\"og:availability\" content=\"instock\" \/>\n<meta property=\"product:availability\" content=\"instock\" \/>\n<meta property=\"product:condition\" content=\"new\" \/>\n<!-- \/ Yoast SEO Premium plugin. -->","yoast_head_json":{"title":"PdfGrabber 9 Professional Mehrbenutzer-\/Netzwerklizenz - ab 299\u20ac","description":"Lizenz f\u00fcr gleichzeitige Installation und parallele Nutzung von \"PdfGrabber\" in einem Netzwerk (LAN). Erh\u00e4ltlich f\u00fcr Windows ab 5 \"concurrent\" Benutzern.","robots":{"index":"index","follow":"follow","max-snippet":"max-snippet:-1","max-image-preview":"max-image-preview:large","max-video-preview":"max-video-preview:-1"},"canonical":"https:\/\/www.pixelplanet.com\/de\/produkt\/pdfgrabber-net\/","og_locale":"de_DE","og_type":"article","og_title":"PdfTools Shop - PdfGrabber 9 Professional Netzwerklizenz (ab 5 gleichzeitige Benutzer)","og_description":"Lizenz f\u00fcr gleichzeitige Nutzung in einem LAN (ab 5 Benutzer) Diese Netzwerklizenz gestattet die gleichzeitige Installation und Benutzung (concurrent user) von PdfGrabber-Clients in einem Netzwerk (LAN). Sie l\u00e4sst sich per Softwareverteilung in deinem Netzwerk \"ausrollen\" oder Du installierst die Software manuell auf jedem gew\u00fcnschten Client. Alternativ kannst Du PdfGrabber auf einem File-Server in deinem Intranet installieren. Wenn Du das Installationsverzeichnis den betreffenden Benutzern freigibst, k\u00f6nnen diese die Anwendung (exe) von dort einfach starten.  Beachte, dass die maximale Anzahl gleichzeitiger Benutzer deiner Lizenz entspricht (concurrent user). Wenn Du z.B. eine 5 Benutzer-Netzwerklizenz einsetzt, d\u00fcrfen insgesamt 5 Anwender die Software gleichzeitig starten. Startet ein weiterer Benutzer, erh\u00e4lt dieser einen Hinweis und kann PdfGrabber erst verwenden, wenn eine der aktuell ge\u00f6ffneten 5 Anwendungen geschlossen wurde.    Einmalige Lizenzkosten, kein Abo, keine Folgekosten   Mehrbenutzerlizenz f\u00fcr Windows (32 &amp; 64bit)   Alle Daten werden offline verarbeitet (kein Cloud-Zwang)   Kostenlose Updates innerhalb der Hauptversion   Unbegrenzte G\u00fcltigkeit der Lizenz","og_url":"https:\/\/www.pixelplanet.com\/de\/produkt\/pdfgrabber-net\/","og_site_name":"PixelPlanet.com - PDF-Software-Shop","article_publisher":"https:\/\/www.facebook.com\/PixelPlanet","article_modified_time":"2023-01-11T20:54:00+00:00","og_image":[{"width":312,"height":380,"url":"https:\/\/www.pixelplanet.com\/wp-content\/uploads\/2017\/10\/PdfGrabber-Boxshot-Windows-Netzwerk-ENU.png","type":"image\/png"}],"twitter_card":"summary_large_image","twitter_site":"@PixelPlanet","twitter_misc":{"Verf\u00fcgbarkeit":"Auf Lager"},"schema":{"@context":"https:\/\/schema.org","@graph":[{"@type":"WebPage","@id":"https:\/\/www.pixelplanet.com\/de\/produkt\/pdfgrabber-net\/","url":"https:\/\/www.pixelplanet.com\/de\/produkt\/pdfgrabber-net\/","name":"PdfGrabber 9 Professional Mehrbenutzer-\/Netzwerklizenz - ab 299\u20ac","isPartOf":{"@id":"https:\/\/www.pixelplanet.com\/de\/#website"},"primaryImageOfPage":{"@id":"https:\/\/www.pixelplanet.com\/de\/produkt\/pdfgrabber-net\/#primaryimage"},"image":{"@id":"https:\/\/www.pixelplanet.com\/de\/produkt\/pdfgrabber-net\/#primaryimage"},"thumbnailUrl":"https:\/\/www.pixelplanet.com\/wp-content\/uploads\/2017\/10\/PdfGrabber-Boxshot-Windows-Netzwerk-ENU.png","datePublished":"2018-10-01T20:25:17+00:00","dateModified":"2023-01-11T20:54:00+00:00","description":"Lizenz f\u00fcr gleichzeitige Installation und parallele Nutzung von \"PdfGrabber\" in einem Netzwerk (LAN). Erh\u00e4ltlich f\u00fcr Windows ab 5 \"concurrent\" Benutzern.","breadcrumb":{"@id":"https:\/\/www.pixelplanet.com\/de\/produkt\/pdfgrabber-net\/#breadcrumb"},"inLanguage":"de","potentialAction":[{"@type":"ReadAction","target":["https:\/\/www.pixelplanet.com\/de\/produkt\/pdfgrabber-net\/"]}]},{"@type":"ImageObject","inLanguage":"de","@id":"https:\/\/www.pixelplanet.com\/de\/produkt\/pdfgrabber-net\/#primaryimage","url":"https:\/\/www.pixelplanet.com\/wp-content\/uploads\/2017\/10\/PdfGrabber-Boxshot-Windows-Netzwerk-ENU.png","contentUrl":"https:\/\/www.pixelplanet.com\/wp-content\/uploads\/2017\/10\/PdfGrabber-Boxshot-Windows-Netzwerk-ENU.png","width":312,"height":380},{"@type":"BreadcrumbList","@id":"https:\/\/www.pixelplanet.com\/de\/produkt\/pdfgrabber-net\/#breadcrumb","itemListElement":[{"@type":"ListItem","position":1,"name":"Home","item":"https:\/\/www.pixelplanet.com\/de\/home\/"},{"@type":"ListItem","position":2,"name":"Preise + Shop","item":"https:\/\/www.pixelplanet.com\/de\/shop\/"},{"@type":"ListItem","position":3,"name":"PdfGrabber 9 Professional Netzwerklizenz (ab 5 gleichzeitige Benutzer)"}]},{"@type":"WebSite","@id":"https:\/\/www.pixelplanet.com\/de\/#website","url":"https:\/\/www.pixelplanet.com\/de\/","name":"PixelPlanet.com - PDF-Software-Shop","description":"Edit, convert, create, merge and split PDF documents on Windows and Mac","publisher":{"@id":"https:\/\/www.pixelplanet.com\/de\/#organization"},"potentialAction":[{"@type":"SearchAction","target":{"@type":"EntryPoint","urlTemplate":"https:\/\/www.pixelplanet.com\/de\/?s={search_term_string}"},"query-input":{"@type":"PropertyValueSpecification","valueRequired":true,"valueName":"search_term_string"}}],"inLanguage":"de"},{"@type":"Organization","@id":"https:\/\/www.pixelplanet.com\/de\/#organization","name":"PixelPlanet","url":"https:\/\/www.pixelplanet.com\/de\/","logo":{"@type":"ImageObject","inLanguage":"de","@id":"https:\/\/www.pixelplanet.com\/de\/#\/schema\/logo\/image\/","url":"https:\/\/www.pixelplanet.com\/wp-content\/uploads\/2016\/12\/PixelPlanet-Logo-540x100.png","contentUrl":"https:\/\/www.pixelplanet.com\/wp-content\/uploads\/2016\/12\/PixelPlanet-Logo-540x100.png","width":540,"height":100,"caption":"PixelPlanet"},"image":{"@id":"https:\/\/www.pixelplanet.com\/de\/#\/schema\/logo\/image\/"},"sameAs":["https:\/\/www.facebook.com\/PixelPlanet","https:\/\/x.com\/PixelPlanet","https:\/\/www.instagram.com\/pixelplanet.software\/","https:\/\/linkedin.com\/company\/pixelplanet-software"]}]},"og_availability":"instock","product_availability":"instock","product_condition":"new"},"_links":{"self":[{"href":"https:\/\/www.pixelplanet.com\/de\/wp-json\/wp\/v2\/product\/19010","targetHints":{"allow":["GET"]}}],"collection":[{"href":"https:\/\/www.pixelplanet.com\/de\/wp-json\/wp\/v2\/product"}],"about":[{"href":"https:\/\/www.pixelplanet.com\/de\/wp-json\/wp\/v2\/types\/product"}],"wp:featuredmedia":[{"embeddable":true,"href":"https:\/\/www.pixelplanet.com\/de\/wp-json\/wp\/v2\/media\/6120"}],"wp:attachment":[{"href":"https:\/\/www.pixelplanet.com\/de\/wp-json\/wp\/v2\/media?parent=19010"}],"wp:term":[{"taxonomy":"product_brand","embeddable":true,"href":"https:\/\/www.pixelplanet.com\/de\/wp-json\/wp\/v2\/product_brand?post=19010"},{"taxonomy":"product_cat","embeddable":true,"href":"https:\/\/www.pixelplanet.com\/de\/wp-json\/wp\/v2\/product_cat?post=19010"},{"taxonomy":"product_tag","embeddable":true,"href":"https:\/\/www.pixelplanet.com\/de\/wp-json\/wp\/v2\/product_tag?post=19010"}],"curies":[{"name":"wp","href":"https:\/\/api.w.org\/{rel}","templated":true}]}}