{"id":7296,"date":"2017-11-08T13:50:54","date_gmt":"2017-11-22T12:03:00","guid":{"rendered":"https:\/\/www.pixelplanet.com\/?post_type=product&#038;p=7296"},"modified":"2023-01-11T21:48:12","modified_gmt":"2023-01-11T20:48:12","slug":"pdfgrabber-professional","status":"publish","type":"product","link":"https:\/\/www.pixelplanet.com\/de\/produkt\/pdfgrabber-professional\/","title":{"rendered":"PdfGrabber 9 Professional"},"content":{"rendered":"<h4>Funktionen<\/h4>\n<ul class=\"fa-ul\">\n<li><i class=\"fas fa-li fa-file-word\"><\/i> PDF in Word umwandeln<\/li>\n<li><i class=\"fas fa-li fa-cogs\"><\/i> Technische Zeichnungen in DXF \/ CAD \/ AutoCAD konvertieren<\/li>\n<li><i class=\"fas fa-li fa-file-powerpoint\"><\/i> Konvertieren von PDF in PowerPoint<\/li>\n<li><i class=\"fas fa-li fa-file-alt\"><\/i> PDF in TXT umwandeln<\/li>\n<li><i class=\"fas fa-li fa-file-excel\"><\/i> Konvertieren von PDF in Excel<\/li>\n<li><i class=\"fas fa-li fa-image\"><\/i> Bilder exportieren<\/li>\n<li><i class=\"fas fa-li fa-image\"><\/i> Ganzes PDF als Bild speichern<\/li>\n<li><i class=\"fab fa-li fa-html5\"><\/i> PDF in HTML konvertieren<\/li>\n<li><i class=\"fas fa-li fa-book\"><\/i> PDF in ePub \/ eBook wandeln<\/li>\n<li><i class=\"fas fa-li fa-file-code\"><\/i> Konvertieren von PDF in XML<\/li>\n<li><i class=\"fas fa-li fa-magic\"><\/i> Automatisierung durch \u00fcberwachte Ordner, Kommandozeile oder COM-Interface<\/li>\n<li>und vieles mehr&#8230;<\/li>\n<\/ul>\n<p>Eine komplette Funktionsliste findest Du <a href=\"https:\/\/www.pixelplanet.com\/de\/pdfgrabber\/funktionen\/\">hier<\/a>.<\/p>\n","protected":false},"excerpt":{"rendered":"<h3>PDF in CAD, DXF, Word, Excel, PowerPoint, HTML, ePub, TXT, XML &amp; Bilder konvertieren<\/h3>\n<p>Mit &#8222;PdfGrabber Professional&#8220; formst Du PDF Dokumente in Microsoft Word, RTF und TXT um, hast die M\u00f6glichkeit alle enthaltenen Bilder aus einem PDF zu extrahieren oder wandelst das komplette PDF in ein Bild um. Au\u00dferdem konvertierst Du PDF in HTML-Webseiten und Microsoft Excel Tabellen. In der Professional-Version sind dar\u00fcber hinaus die Exportprofile f\u00fcr Microsoft PowerPoint, AutoCAD\/DXF und XML sowie s\u00e4mtliche Automatisierungsoptionen enthalten.<\/p>\n<ul class=\"fa-ul\">\n<li><i class=\"fas fa-li fa-coin\"><\/i> Einmalige Lizenzkosten, kein Abo, keine Folgekosten<\/li>\n<li><i class=\"fas fa-li fa-user\"><\/i> Einzelplatzlizenz f\u00fcr Windows (32 &amp; 64bit)<\/li>\n<li><i class=\"fas fa-li fa-desktop\"><\/i> Alle Daten werden offline verarbeitet (kein Cloud-Zwang)<\/li>\n<li><i class=\"fas fa-li fa-download\"><\/i> Kostenlose Updates innerhalb der Hauptversion<\/li>\n<li><i class=\"fas fa-li fa-heart\"><\/i> Unbegrenzte G\u00fcltigkeit der Lizenz<\/li>\n<\/ul>\n","protected":false},"featured_media":6815,"template":"","meta":[],"product_brand":[],"product_cat":[214,330],"product_tag":[221,223,248,250,224,234,236,238,242,244,246,315,361,364,318,317,319,373,375,377,316,380,382],"class_list":{"0":"post-7296","1":"product","2":"type-product","3":"status-publish","4":"has-post-thumbnail","6":"product_cat-pdfgrabber","7":"product_cat-windows","8":"product_tag-ascii","9":"product_tag-autocad","10":"product_tag-bild","11":"product_tag-bilder","12":"product_tag-cad","13":"product_tag-doc","14":"product_tag-dxf","15":"product_tag-ebook","16":"product_tag-epub","17":"product_tag-excel","18":"product_tag-html","19":"product_tag-pdf","20":"product_tag-powerpoint","21":"product_tag-ppt","22":"product_tag-rtf","23":"product_tag-text","24":"product_tag-txt","25":"product_tag-vektor","26":"product_tag-win","27":"product_tag-windows","28":"product_tag-word","29":"product_tag-xls","30":"product_tag-xml","32":"first","33":"instock","34":"featured","35":"shipping-taxable","36":"purchasable","37":"product-type-variable","38":"has-default-attributes"},"exclude_global_add_ons":[],"addons":[],"yoast_head":"<!-- This site is optimized with the Yoast SEO Premium plugin v27.3 (Yoast SEO v27.3) - https:\/\/yoast.com\/product\/yoast-seo-premium-wordpress\/ -->\n<title>PdfGrabber Pro: PDFs in alle wichtigen Formate konvertieren - ab 99\u20ac<\/title>\n<meta name=\"description\" content=\"PdfGrabber Professional konvertiert PDF in Word, RTF, TXT, HTML, Excel, PowerPoint, AutoCAD \/DXF und XML und viele andere Formate.\" \/>\n<meta name=\"robots\" content=\"index, follow, max-snippet:-1, max-image-preview:large, max-video-preview:-1\" \/>\n<link rel=\"canonical\" href=\"https:\/\/www.pixelplanet.com\/de\/produkt\/pdfgrabber-professional\/\" \/>\n<meta property=\"og:locale\" content=\"de_DE\" \/>\n<meta property=\"og:type\" content=\"article\" \/>\n<meta property=\"og:title\" content=\"PdfTools Shop - PdfGrabber 9 Professional\" \/>\n<meta property=\"og:description\" content=\"PDF in CAD, DXF, Word, Excel, PowerPoint, HTML, ePub, TXT, XML &amp; Bilder konvertieren Mit &quot;PdfGrabber Professional&quot; formst Du PDF Dokumente in Microsoft Word, RTF und TXT um, hast die M\u00f6glichkeit alle enthaltenen Bilder aus einem PDF zu extrahieren oder wandelst das komplette PDF in ein Bild um. Au\u00dferdem konvertierst Du PDF in HTML-Webseiten und Microsoft Excel Tabellen. In der Professional-Version sind dar\u00fcber hinaus die Exportprofile f\u00fcr Microsoft PowerPoint, AutoCAD\/DXF und XML sowie s\u00e4mtliche Automatisierungsoptionen enthalten.    Einmalige Lizenzkosten, kein Abo, keine Folgekosten   Einzelplatzlizenz f\u00fcr Windows (32 &amp; 64bit)   Alle Daten werden offline verarbeitet (kein Cloud-Zwang)   Kostenlose Updates innerhalb der Hauptversion   Unbegrenzte G\u00fcltigkeit der Lizenz\" \/>\n<meta property=\"og:url\" content=\"https:\/\/www.pixelplanet.com\/de\/produkt\/pdfgrabber-professional\/\" \/>\n<meta property=\"og:site_name\" content=\"PixelPlanet.com - PDF-Software-Shop\" \/>\n<meta property=\"article:publisher\" content=\"https:\/\/www.facebook.com\/PixelPlanet\" \/>\n<meta property=\"article:modified_time\" content=\"2023-01-11T20:48:12+00:00\" \/>\n<meta property=\"og:image\" content=\"https:\/\/www.pixelplanet.com\/wp-content\/uploads\/2017\/11\/PdfGrabber-Boxshot-WINDOWS-PRO.png\" \/>\n\t<meta property=\"og:image:width\" content=\"312\" \/>\n\t<meta property=\"og:image:height\" content=\"380\" \/>\n\t<meta property=\"og:image:type\" content=\"image\/png\" \/>\n<meta name=\"twitter:card\" content=\"summary_large_image\" \/>\n<meta name=\"twitter:site\" content=\"@PixelPlanet\" \/>\n<meta name=\"twitter:label1\" content=\"Verf\u00fcgbarkeit\" \/>\n\t<meta name=\"twitter:data1\" content=\"Auf Lager\" \/>\n<script type=\"application\/ld+json\" class=\"yoast-schema-graph\">{\"@context\":\"https:\\\/\\\/schema.org\",\"@graph\":[{\"@type\":\"WebPage\",\"@id\":\"https:\\\/\\\/www.pixelplanet.com\\\/de\\\/produkt\\\/pdfgrabber-professional\\\/\",\"url\":\"https:\\\/\\\/www.pixelplanet.com\\\/de\\\/produkt\\\/pdfgrabber-professional\\\/\",\"name\":\"PdfGrabber Pro: PDFs in alle wichtigen Formate konvertieren - ab 99\u20ac\",\"isPartOf\":{\"@id\":\"https:\\\/\\\/www.pixelplanet.com\\\/de\\\/#website\"},\"primaryImageOfPage\":{\"@id\":\"https:\\\/\\\/www.pixelplanet.com\\\/de\\\/produkt\\\/pdfgrabber-professional\\\/#primaryimage\"},\"image\":{\"@id\":\"https:\\\/\\\/www.pixelplanet.com\\\/de\\\/produkt\\\/pdfgrabber-professional\\\/#primaryimage\"},\"thumbnailUrl\":\"https:\\\/\\\/www.pixelplanet.com\\\/wp-content\\\/uploads\\\/2017\\\/11\\\/PdfGrabber-Boxshot-WINDOWS-PRO.png\",\"datePublished\":\"2017-11-22T12:03:00+00:00\",\"dateModified\":\"2023-01-11T20:48:12+00:00\",\"description\":\"PdfGrabber Professional konvertiert PDF in Word, RTF, TXT, HTML, Excel, PowerPoint, AutoCAD \\\/DXF und XML und viele andere Formate.\",\"breadcrumb\":{\"@id\":\"https:\\\/\\\/www.pixelplanet.com\\\/de\\\/produkt\\\/pdfgrabber-professional\\\/#breadcrumb\"},\"inLanguage\":\"de\",\"potentialAction\":[{\"@type\":\"ReadAction\",\"target\":[\"https:\\\/\\\/www.pixelplanet.com\\\/de\\\/produkt\\\/pdfgrabber-professional\\\/\"]}]},{\"@type\":\"ImageObject\",\"inLanguage\":\"de\",\"@id\":\"https:\\\/\\\/www.pixelplanet.com\\\/de\\\/produkt\\\/pdfgrabber-professional\\\/#primaryimage\",\"url\":\"https:\\\/\\\/www.pixelplanet.com\\\/wp-content\\\/uploads\\\/2017\\\/11\\\/PdfGrabber-Boxshot-WINDOWS-PRO.png\",\"contentUrl\":\"https:\\\/\\\/www.pixelplanet.com\\\/wp-content\\\/uploads\\\/2017\\\/11\\\/PdfGrabber-Boxshot-WINDOWS-PRO.png\",\"width\":312,\"height\":380},{\"@type\":\"BreadcrumbList\",\"@id\":\"https:\\\/\\\/www.pixelplanet.com\\\/de\\\/produkt\\\/pdfgrabber-professional\\\/#breadcrumb\",\"itemListElement\":[{\"@type\":\"ListItem\",\"position\":1,\"name\":\"Home\",\"item\":\"https:\\\/\\\/www.pixelplanet.com\\\/de\\\/home\\\/\"},{\"@type\":\"ListItem\",\"position\":2,\"name\":\"Preise + Shop\",\"item\":\"https:\\\/\\\/www.pixelplanet.com\\\/de\\\/shop\\\/\"},{\"@type\":\"ListItem\",\"position\":3,\"name\":\"PdfGrabber 9 Professional\"}]},{\"@type\":\"WebSite\",\"@id\":\"https:\\\/\\\/www.pixelplanet.com\\\/de\\\/#website\",\"url\":\"https:\\\/\\\/www.pixelplanet.com\\\/de\\\/\",\"name\":\"PixelPlanet.com - PDF-Software-Shop\",\"description\":\"Edit, convert, create, merge and split PDF documents on Windows and Mac\",\"publisher\":{\"@id\":\"https:\\\/\\\/www.pixelplanet.com\\\/de\\\/#organization\"},\"potentialAction\":[{\"@type\":\"SearchAction\",\"target\":{\"@type\":\"EntryPoint\",\"urlTemplate\":\"https:\\\/\\\/www.pixelplanet.com\\\/de\\\/?s={search_term_string}\"},\"query-input\":{\"@type\":\"PropertyValueSpecification\",\"valueRequired\":true,\"valueName\":\"search_term_string\"}}],\"inLanguage\":\"de\"},{\"@type\":\"Organization\",\"@id\":\"https:\\\/\\\/www.pixelplanet.com\\\/de\\\/#organization\",\"name\":\"PixelPlanet\",\"url\":\"https:\\\/\\\/www.pixelplanet.com\\\/de\\\/\",\"logo\":{\"@type\":\"ImageObject\",\"inLanguage\":\"de\",\"@id\":\"https:\\\/\\\/www.pixelplanet.com\\\/de\\\/#\\\/schema\\\/logo\\\/image\\\/\",\"url\":\"https:\\\/\\\/www.pixelplanet.com\\\/wp-content\\\/uploads\\\/2016\\\/12\\\/PixelPlanet-Logo-540x100.png\",\"contentUrl\":\"https:\\\/\\\/www.pixelplanet.com\\\/wp-content\\\/uploads\\\/2016\\\/12\\\/PixelPlanet-Logo-540x100.png\",\"width\":540,\"height\":100,\"caption\":\"PixelPlanet\"},\"image\":{\"@id\":\"https:\\\/\\\/www.pixelplanet.com\\\/de\\\/#\\\/schema\\\/logo\\\/image\\\/\"},\"sameAs\":[\"https:\\\/\\\/www.facebook.com\\\/PixelPlanet\",\"https:\\\/\\\/x.com\\\/PixelPlanet\",\"https:\\\/\\\/www.instagram.com\\\/pixelplanet.software\\\/\",\"https:\\\/\\\/linkedin.com\\\/company\\\/pixelplanet-software\"]}]}<\/script>\n<meta property=\"og:availability\" content=\"instock\" \/>\n<meta property=\"product:availability\" content=\"instock\" \/>\n<meta property=\"product:retailer_item_id\" content=\"PG-Pro\" \/>\n<meta property=\"product:condition\" content=\"new\" \/>\n<!-- \/ Yoast SEO Premium plugin. -->","yoast_head_json":{"title":"PdfGrabber Pro: PDFs in alle wichtigen Formate konvertieren - ab 99\u20ac","description":"PdfGrabber Professional konvertiert PDF in Word, RTF, TXT, HTML, Excel, PowerPoint, AutoCAD \/DXF und XML und viele andere Formate.","robots":{"index":"index","follow":"follow","max-snippet":"max-snippet:-1","max-image-preview":"max-image-preview:large","max-video-preview":"max-video-preview:-1"},"canonical":"https:\/\/www.pixelplanet.com\/de\/produkt\/pdfgrabber-professional\/","og_locale":"de_DE","og_type":"article","og_title":"PdfTools Shop - PdfGrabber 9 Professional","og_description":"PDF in CAD, DXF, Word, Excel, PowerPoint, HTML, ePub, TXT, XML &amp; Bilder konvertieren Mit \"PdfGrabber Professional\" formst Du PDF Dokumente in Microsoft Word, RTF und TXT um, hast die M\u00f6glichkeit alle enthaltenen Bilder aus einem PDF zu extrahieren oder wandelst das komplette PDF in ein Bild um. Au\u00dferdem konvertierst Du PDF in HTML-Webseiten und Microsoft Excel Tabellen. In der Professional-Version sind dar\u00fcber hinaus die Exportprofile f\u00fcr Microsoft PowerPoint, AutoCAD\/DXF und XML sowie s\u00e4mtliche Automatisierungsoptionen enthalten.    Einmalige Lizenzkosten, kein Abo, keine Folgekosten   Einzelplatzlizenz f\u00fcr Windows (32 &amp; 64bit)   Alle Daten werden offline verarbeitet (kein Cloud-Zwang)   Kostenlose Updates innerhalb der Hauptversion   Unbegrenzte G\u00fcltigkeit der Lizenz","og_url":"https:\/\/www.pixelplanet.com\/de\/produkt\/pdfgrabber-professional\/","og_site_name":"PixelPlanet.com - PDF-Software-Shop","article_publisher":"https:\/\/www.facebook.com\/PixelPlanet","article_modified_time":"2023-01-11T20:48:12+00:00","og_image":[{"width":312,"height":380,"url":"https:\/\/www.pixelplanet.com\/wp-content\/uploads\/2017\/11\/PdfGrabber-Boxshot-WINDOWS-PRO.png","type":"image\/png"}],"twitter_card":"summary_large_image","twitter_site":"@PixelPlanet","twitter_misc":{"Verf\u00fcgbarkeit":"Auf Lager"},"schema":{"@context":"https:\/\/schema.org","@graph":[{"@type":"WebPage","@id":"https:\/\/www.pixelplanet.com\/de\/produkt\/pdfgrabber-professional\/","url":"https:\/\/www.pixelplanet.com\/de\/produkt\/pdfgrabber-professional\/","name":"PdfGrabber Pro: PDFs in alle wichtigen Formate konvertieren - ab 99\u20ac","isPartOf":{"@id":"https:\/\/www.pixelplanet.com\/de\/#website"},"primaryImageOfPage":{"@id":"https:\/\/www.pixelplanet.com\/de\/produkt\/pdfgrabber-professional\/#primaryimage"},"image":{"@id":"https:\/\/www.pixelplanet.com\/de\/produkt\/pdfgrabber-professional\/#primaryimage"},"thumbnailUrl":"https:\/\/www.pixelplanet.com\/wp-content\/uploads\/2017\/11\/PdfGrabber-Boxshot-WINDOWS-PRO.png","datePublished":"2017-11-22T12:03:00+00:00","dateModified":"2023-01-11T20:48:12+00:00","description":"PdfGrabber Professional konvertiert PDF in Word, RTF, TXT, HTML, Excel, PowerPoint, AutoCAD \/DXF und XML und viele andere Formate.","breadcrumb":{"@id":"https:\/\/www.pixelplanet.com\/de\/produkt\/pdfgrabber-professional\/#breadcrumb"},"inLanguage":"de","potentialAction":[{"@type":"ReadAction","target":["https:\/\/www.pixelplanet.com\/de\/produkt\/pdfgrabber-professional\/"]}]},{"@type":"ImageObject","inLanguage":"de","@id":"https:\/\/www.pixelplanet.com\/de\/produkt\/pdfgrabber-professional\/#primaryimage","url":"https:\/\/www.pixelplanet.com\/wp-content\/uploads\/2017\/11\/PdfGrabber-Boxshot-WINDOWS-PRO.png","contentUrl":"https:\/\/www.pixelplanet.com\/wp-content\/uploads\/2017\/11\/PdfGrabber-Boxshot-WINDOWS-PRO.png","width":312,"height":380},{"@type":"BreadcrumbList","@id":"https:\/\/www.pixelplanet.com\/de\/produkt\/pdfgrabber-professional\/#breadcrumb","itemListElement":[{"@type":"ListItem","position":1,"name":"Home","item":"https:\/\/www.pixelplanet.com\/de\/home\/"},{"@type":"ListItem","position":2,"name":"Preise + Shop","item":"https:\/\/www.pixelplanet.com\/de\/shop\/"},{"@type":"ListItem","position":3,"name":"PdfGrabber 9 Professional"}]},{"@type":"WebSite","@id":"https:\/\/www.pixelplanet.com\/de\/#website","url":"https:\/\/www.pixelplanet.com\/de\/","name":"PixelPlanet.com - PDF-Software-Shop","description":"Edit, convert, create, merge and split PDF documents on Windows and Mac","publisher":{"@id":"https:\/\/www.pixelplanet.com\/de\/#organization"},"potentialAction":[{"@type":"SearchAction","target":{"@type":"EntryPoint","urlTemplate":"https:\/\/www.pixelplanet.com\/de\/?s={search_term_string}"},"query-input":{"@type":"PropertyValueSpecification","valueRequired":true,"valueName":"search_term_string"}}],"inLanguage":"de"},{"@type":"Organization","@id":"https:\/\/www.pixelplanet.com\/de\/#organization","name":"PixelPlanet","url":"https:\/\/www.pixelplanet.com\/de\/","logo":{"@type":"ImageObject","inLanguage":"de","@id":"https:\/\/www.pixelplanet.com\/de\/#\/schema\/logo\/image\/","url":"https:\/\/www.pixelplanet.com\/wp-content\/uploads\/2016\/12\/PixelPlanet-Logo-540x100.png","contentUrl":"https:\/\/www.pixelplanet.com\/wp-content\/uploads\/2016\/12\/PixelPlanet-Logo-540x100.png","width":540,"height":100,"caption":"PixelPlanet"},"image":{"@id":"https:\/\/www.pixelplanet.com\/de\/#\/schema\/logo\/image\/"},"sameAs":["https:\/\/www.facebook.com\/PixelPlanet","https:\/\/x.com\/PixelPlanet","https:\/\/www.instagram.com\/pixelplanet.software\/","https:\/\/linkedin.com\/company\/pixelplanet-software"]}]},"og_availability":"instock","product_availability":"instock","product_retailer_item_id":"PG-Pro","product_condition":"new"},"_links":{"self":[{"href":"https:\/\/www.pixelplanet.com\/de\/wp-json\/wp\/v2\/product\/7296","targetHints":{"allow":["GET"]}}],"collection":[{"href":"https:\/\/www.pixelplanet.com\/de\/wp-json\/wp\/v2\/product"}],"about":[{"href":"https:\/\/www.pixelplanet.com\/de\/wp-json\/wp\/v2\/types\/product"}],"wp:featuredmedia":[{"embeddable":true,"href":"https:\/\/www.pixelplanet.com\/de\/wp-json\/wp\/v2\/media\/6815"}],"wp:attachment":[{"href":"https:\/\/www.pixelplanet.com\/de\/wp-json\/wp\/v2\/media?parent=7296"}],"wp:term":[{"taxonomy":"product_brand","embeddable":true,"href":"https:\/\/www.pixelplanet.com\/de\/wp-json\/wp\/v2\/product_brand?post=7296"},{"taxonomy":"product_cat","embeddable":true,"href":"https:\/\/www.pixelplanet.com\/de\/wp-json\/wp\/v2\/product_cat?post=7296"},{"taxonomy":"product_tag","embeddable":true,"href":"https:\/\/www.pixelplanet.com\/de\/wp-json\/wp\/v2\/product_tag?post=7296"}],"curies":[{"name":"wp","href":"https:\/\/api.w.org\/{rel}","templated":true}]}}