{"id":7318,"date":"2017-10-29T12:30:39","date_gmt":"2017-11-22T15:21:39","guid":{"rendered":"https:\/\/www.pixelplanet.com\/?post_type=product&#038;p=7318"},"modified":"2023-01-11T21:57:17","modified_gmt":"2023-01-11T20:57:17","slug":"pdfeditor-professional","status":"publish","type":"product","link":"https:\/\/www.pixelplanet.com\/de\/produkt\/pdfeditor-professional\/","title":{"rendered":"PdfEditor 4 Professional"},"content":{"rendered":"<h4>Funktionen<\/h4>\n<ul class=\"fa-ul\">\n<li><i class=\"fas fa-li fa-pencil\"><\/i> Texte, Grafiken und Bildern bearbeiten<\/li>\n<li><i class=\"fas fa-li fa-eraser\"><\/i> Inhalte f\u00fcr immer l\u00f6schen<\/li>\n<li><i class=\"fas fa-li fa-map-marker\"><\/i> Texte wie mit einem Textmarker markieren<\/li>\n<li><i class=\"far fa-li fa-check-square\"><\/i> Formulare erstellen und ausf\u00fcllen<\/li>\n<li><i class=\"fas fa-li fa-sign-in\"><\/i> Mehrere Dokumente zu einem PDF zusammenf\u00fcgen<\/li>\n<li><i class=\"fas fa-li fa-sign-out\"><\/i> Mehrseitige PDFs auftrennen<\/li>\n<li><i class=\"fas fa-li fa-file-alt\"><\/i> Kopfzeilen und Fu\u00dfzeilen einf\u00fcgen. Mit Datum und Seitennummerierung<\/li>\n<li><i class=\"fas fa-li fa-image\"><\/i> Briefpapier, Bilder oder Wasserzeichen einf\u00fcgen<\/li>\n<li><i class=\"fas fa-li fa-search\"><\/i> Gescannte PDFs mit OCR-Technik durchsuchbar machen<\/li>\n<li><i class=\"fas fa-li fa-print\"><\/i> PDFs aus jeder druckf\u00e4higen Anwendung erzeugen<\/li>\n<li>und vieles mehr&#8230;<\/li>\n<\/ul>\n<p>Eine komplette Funktionsliste findest Du <a href=\"https:\/\/www.pixelplanet.com\/de\/pdfeditor\/funktionen\/\">hier<\/a>.<\/p>\n","protected":false},"excerpt":{"rendered":"<h3>PDFs \u00e4ndern und bearbeiten<\/h3>\n<p>Mit dieser Software bearbeitest Du PDFs direkt im Editor. \u00c4ndere den Text, tausche Fotos oder Bilder aus und l\u00f6sche komplette Seiten. Du kannst auch neue Seiten einf\u00fcgen oder verschiedene Dateien zu einem neuen PDF zusammenf\u00fchren. Auch Word, Excel oder andere Formate werden dabei unterst\u00fctzt. Geheimes bleibt geheim, weil Du es mit PdfEditor herausl\u00f6schen kannst. Unwiederbringlich und f\u00fcr immer!<\/p>\n<ul class=\"fa-ul\">\n<li><i class=\"fas fa-li fa-coin\"><\/i> Einmalige Lizenzkosten, kein Abo, keine Folgekosten<\/li>\n<li><i class=\"fas fa-li fa-user\"><\/i> Einzelplatzlizenz f\u00fcr Windows (32 &amp; 64bit)<\/li>\n<li><i class=\"fas fa-li fa-desktop\"><\/i> Alle Daten werden auf Deinem Rechner verarbeitet (kein Cloud-Zwang)<\/li>\n<li><i class=\"fas fa-li fa-download\"><\/i> Du erh\u00e4ltst kostenlose Updates innerhalb der Hauptversion<\/li>\n<li><i class=\"fas fa-li fa-heart\"><\/i> Unbegrenzte G\u00fcltigkeit der Lizenz<\/li>\n<\/ul>\n","protected":false},"featured_media":6789,"template":"","meta":[],"product_brand":[],"product_cat":[212,330],"product_tag":[375,377],"class_list":{"0":"post-7318","1":"product","2":"type-product","3":"status-publish","4":"has-post-thumbnail","6":"product_cat-pdfeditor-windows","7":"product_cat-windows","8":"product_tag-win","9":"product_tag-windows","11":"first","12":"instock","13":"featured","14":"shipping-taxable","15":"purchasable","16":"product-type-variable","17":"has-default-attributes"},"exclude_global_add_ons":[],"addons":[],"yoast_head":"<!-- This site is optimized with the Yoast SEO Premium plugin v27.3 (Yoast SEO v27.3) - https:\/\/yoast.com\/product\/yoast-seo-premium-wordpress\/ -->\n<title>PdfEditor 4: PDFs bearbeiten, erstellen &amp; kombinieren - ab 79\u20ac<\/title>\n<meta name=\"description\" content=\"Bearbeite PDFs direkt im Editor: Texte, Fotos oder Grafiken, schw\u00e4rzen, Seiten l\u00f6schen oder hinzuf\u00fcgen, mehrere Dokumente zusammenf\u00fchren und vieles mehr.\" \/>\n<meta name=\"robots\" content=\"index, follow, max-snippet:-1, max-image-preview:large, max-video-preview:-1\" \/>\n<link rel=\"canonical\" href=\"https:\/\/www.pixelplanet.com\/de\/produkt\/pdfeditor-professional\/\" \/>\n<meta property=\"og:locale\" content=\"de_DE\" \/>\n<meta property=\"og:type\" content=\"article\" \/>\n<meta property=\"og:title\" content=\"PdfTools Shop - PdfEditor 4 Professional\" \/>\n<meta property=\"og:description\" content=\"PDFs \u00e4ndern und bearbeiten Mit dieser Software bearbeitest Du PDFs direkt im Editor. \u00c4ndere den Text, tausche Fotos oder Bilder aus und l\u00f6sche komplette Seiten. Du kannst auch neue Seiten einf\u00fcgen oder verschiedene Dateien zu einem neuen PDF zusammenf\u00fchren. Auch Word, Excel oder andere Formate werden dabei unterst\u00fctzt. Geheimes bleibt geheim, weil Du es mit PdfEditor herausl\u00f6schen kannst. Unwiederbringlich und f\u00fcr immer!     Einmalige Lizenzkosten, kein Abo, keine Folgekosten   Einzelplatzlizenz f\u00fcr Windows (32 &amp; 64bit)   Alle Daten werden auf Deinem Rechner verarbeitet (kein Cloud-Zwang)   Du erh\u00e4ltst kostenlose Updates innerhalb der Hauptversion   Unbegrenzte G\u00fcltigkeit der Lizenz\" \/>\n<meta property=\"og:url\" content=\"https:\/\/www.pixelplanet.com\/de\/produkt\/pdfeditor-professional\/\" \/>\n<meta property=\"og:site_name\" content=\"PixelPlanet.com - PDF-Software-Shop\" \/>\n<meta property=\"article:publisher\" content=\"https:\/\/www.facebook.com\/PixelPlanet\" \/>\n<meta property=\"article:modified_time\" content=\"2023-01-11T20:57:17+00:00\" \/>\n<meta property=\"og:image\" content=\"https:\/\/www.pixelplanet.com\/wp-content\/uploads\/2017\/10\/PdfEditor-Boxshot-Windows-ENU.png\" \/>\n\t<meta property=\"og:image:width\" content=\"312\" \/>\n\t<meta property=\"og:image:height\" content=\"380\" \/>\n\t<meta property=\"og:image:type\" content=\"image\/png\" \/>\n<meta name=\"twitter:card\" content=\"summary_large_image\" \/>\n<meta name=\"twitter:site\" content=\"@PixelPlanet\" \/>\n<meta name=\"twitter:label1\" content=\"Verf\u00fcgbarkeit\" \/>\n\t<meta name=\"twitter:data1\" content=\"Auf Lager\" \/>\n<script type=\"application\/ld+json\" class=\"yoast-schema-graph\">{\"@context\":\"https:\\\/\\\/schema.org\",\"@graph\":[{\"@type\":\"WebPage\",\"@id\":\"https:\\\/\\\/www.pixelplanet.com\\\/de\\\/produkt\\\/pdfeditor-professional\\\/\",\"url\":\"https:\\\/\\\/www.pixelplanet.com\\\/de\\\/produkt\\\/pdfeditor-professional\\\/\",\"name\":\"PdfEditor 4: PDFs bearbeiten, erstellen & kombinieren - ab 79\u20ac\",\"isPartOf\":{\"@id\":\"https:\\\/\\\/www.pixelplanet.com\\\/de\\\/#website\"},\"primaryImageOfPage\":{\"@id\":\"https:\\\/\\\/www.pixelplanet.com\\\/de\\\/produkt\\\/pdfeditor-professional\\\/#primaryimage\"},\"image\":{\"@id\":\"https:\\\/\\\/www.pixelplanet.com\\\/de\\\/produkt\\\/pdfeditor-professional\\\/#primaryimage\"},\"thumbnailUrl\":\"https:\\\/\\\/www.pixelplanet.com\\\/wp-content\\\/uploads\\\/2017\\\/10\\\/PdfEditor-Boxshot-Windows-ENU.png\",\"datePublished\":\"2017-11-22T15:21:39+00:00\",\"dateModified\":\"2023-01-11T20:57:17+00:00\",\"description\":\"Bearbeite PDFs direkt im Editor: Texte, Fotos oder Grafiken, schw\u00e4rzen, Seiten l\u00f6schen oder hinzuf\u00fcgen, mehrere Dokumente zusammenf\u00fchren und vieles mehr.\",\"breadcrumb\":{\"@id\":\"https:\\\/\\\/www.pixelplanet.com\\\/de\\\/produkt\\\/pdfeditor-professional\\\/#breadcrumb\"},\"inLanguage\":\"de\",\"potentialAction\":[{\"@type\":\"ReadAction\",\"target\":[\"https:\\\/\\\/www.pixelplanet.com\\\/de\\\/produkt\\\/pdfeditor-professional\\\/\"]}]},{\"@type\":\"ImageObject\",\"inLanguage\":\"de\",\"@id\":\"https:\\\/\\\/www.pixelplanet.com\\\/de\\\/produkt\\\/pdfeditor-professional\\\/#primaryimage\",\"url\":\"https:\\\/\\\/www.pixelplanet.com\\\/wp-content\\\/uploads\\\/2017\\\/10\\\/PdfEditor-Boxshot-Windows-ENU.png\",\"contentUrl\":\"https:\\\/\\\/www.pixelplanet.com\\\/wp-content\\\/uploads\\\/2017\\\/10\\\/PdfEditor-Boxshot-Windows-ENU.png\",\"width\":312,\"height\":380},{\"@type\":\"BreadcrumbList\",\"@id\":\"https:\\\/\\\/www.pixelplanet.com\\\/de\\\/produkt\\\/pdfeditor-professional\\\/#breadcrumb\",\"itemListElement\":[{\"@type\":\"ListItem\",\"position\":1,\"name\":\"Home\",\"item\":\"https:\\\/\\\/www.pixelplanet.com\\\/de\\\/home\\\/\"},{\"@type\":\"ListItem\",\"position\":2,\"name\":\"Preise + Shop\",\"item\":\"https:\\\/\\\/www.pixelplanet.com\\\/de\\\/shop\\\/\"},{\"@type\":\"ListItem\",\"position\":3,\"name\":\"PdfEditor 4 Professional\"}]},{\"@type\":\"WebSite\",\"@id\":\"https:\\\/\\\/www.pixelplanet.com\\\/de\\\/#website\",\"url\":\"https:\\\/\\\/www.pixelplanet.com\\\/de\\\/\",\"name\":\"PixelPlanet.com - PDF-Software-Shop\",\"description\":\"Edit, convert, create, merge and split PDF documents on Windows and Mac\",\"publisher\":{\"@id\":\"https:\\\/\\\/www.pixelplanet.com\\\/de\\\/#organization\"},\"potentialAction\":[{\"@type\":\"SearchAction\",\"target\":{\"@type\":\"EntryPoint\",\"urlTemplate\":\"https:\\\/\\\/www.pixelplanet.com\\\/de\\\/?s={search_term_string}\"},\"query-input\":{\"@type\":\"PropertyValueSpecification\",\"valueRequired\":true,\"valueName\":\"search_term_string\"}}],\"inLanguage\":\"de\"},{\"@type\":\"Organization\",\"@id\":\"https:\\\/\\\/www.pixelplanet.com\\\/de\\\/#organization\",\"name\":\"PixelPlanet\",\"url\":\"https:\\\/\\\/www.pixelplanet.com\\\/de\\\/\",\"logo\":{\"@type\":\"ImageObject\",\"inLanguage\":\"de\",\"@id\":\"https:\\\/\\\/www.pixelplanet.com\\\/de\\\/#\\\/schema\\\/logo\\\/image\\\/\",\"url\":\"https:\\\/\\\/www.pixelplanet.com\\\/wp-content\\\/uploads\\\/2016\\\/12\\\/PixelPlanet-Logo-540x100.png\",\"contentUrl\":\"https:\\\/\\\/www.pixelplanet.com\\\/wp-content\\\/uploads\\\/2016\\\/12\\\/PixelPlanet-Logo-540x100.png\",\"width\":540,\"height\":100,\"caption\":\"PixelPlanet\"},\"image\":{\"@id\":\"https:\\\/\\\/www.pixelplanet.com\\\/de\\\/#\\\/schema\\\/logo\\\/image\\\/\"},\"sameAs\":[\"https:\\\/\\\/www.facebook.com\\\/PixelPlanet\",\"https:\\\/\\\/x.com\\\/PixelPlanet\",\"https:\\\/\\\/www.instagram.com\\\/pixelplanet.software\\\/\",\"https:\\\/\\\/linkedin.com\\\/company\\\/pixelplanet-software\"]}]}<\/script>\n<meta property=\"og:availability\" content=\"instock\" \/>\n<meta property=\"product:availability\" content=\"instock\" \/>\n<meta property=\"product:retailer_item_id\" content=\"PdfEditor\" \/>\n<meta property=\"product:condition\" content=\"new\" \/>\n<!-- \/ Yoast SEO Premium plugin. -->","yoast_head_json":{"title":"PdfEditor 4: PDFs bearbeiten, erstellen & kombinieren - ab 79\u20ac","description":"Bearbeite PDFs direkt im Editor: Texte, Fotos oder Grafiken, schw\u00e4rzen, Seiten l\u00f6schen oder hinzuf\u00fcgen, mehrere Dokumente zusammenf\u00fchren und vieles mehr.","robots":{"index":"index","follow":"follow","max-snippet":"max-snippet:-1","max-image-preview":"max-image-preview:large","max-video-preview":"max-video-preview:-1"},"canonical":"https:\/\/www.pixelplanet.com\/de\/produkt\/pdfeditor-professional\/","og_locale":"de_DE","og_type":"article","og_title":"PdfTools Shop - PdfEditor 4 Professional","og_description":"PDFs \u00e4ndern und bearbeiten Mit dieser Software bearbeitest Du PDFs direkt im Editor. \u00c4ndere den Text, tausche Fotos oder Bilder aus und l\u00f6sche komplette Seiten. Du kannst auch neue Seiten einf\u00fcgen oder verschiedene Dateien zu einem neuen PDF zusammenf\u00fchren. Auch Word, Excel oder andere Formate werden dabei unterst\u00fctzt. Geheimes bleibt geheim, weil Du es mit PdfEditor herausl\u00f6schen kannst. Unwiederbringlich und f\u00fcr immer!     Einmalige Lizenzkosten, kein Abo, keine Folgekosten   Einzelplatzlizenz f\u00fcr Windows (32 &amp; 64bit)   Alle Daten werden auf Deinem Rechner verarbeitet (kein Cloud-Zwang)   Du erh\u00e4ltst kostenlose Updates innerhalb der Hauptversion   Unbegrenzte G\u00fcltigkeit der Lizenz","og_url":"https:\/\/www.pixelplanet.com\/de\/produkt\/pdfeditor-professional\/","og_site_name":"PixelPlanet.com - PDF-Software-Shop","article_publisher":"https:\/\/www.facebook.com\/PixelPlanet","article_modified_time":"2023-01-11T20:57:17+00:00","og_image":[{"width":312,"height":380,"url":"https:\/\/www.pixelplanet.com\/wp-content\/uploads\/2017\/10\/PdfEditor-Boxshot-Windows-ENU.png","type":"image\/png"}],"twitter_card":"summary_large_image","twitter_site":"@PixelPlanet","twitter_misc":{"Verf\u00fcgbarkeit":"Auf Lager"},"schema":{"@context":"https:\/\/schema.org","@graph":[{"@type":"WebPage","@id":"https:\/\/www.pixelplanet.com\/de\/produkt\/pdfeditor-professional\/","url":"https:\/\/www.pixelplanet.com\/de\/produkt\/pdfeditor-professional\/","name":"PdfEditor 4: PDFs bearbeiten, erstellen & kombinieren - ab 79\u20ac","isPartOf":{"@id":"https:\/\/www.pixelplanet.com\/de\/#website"},"primaryImageOfPage":{"@id":"https:\/\/www.pixelplanet.com\/de\/produkt\/pdfeditor-professional\/#primaryimage"},"image":{"@id":"https:\/\/www.pixelplanet.com\/de\/produkt\/pdfeditor-professional\/#primaryimage"},"thumbnailUrl":"https:\/\/www.pixelplanet.com\/wp-content\/uploads\/2017\/10\/PdfEditor-Boxshot-Windows-ENU.png","datePublished":"2017-11-22T15:21:39+00:00","dateModified":"2023-01-11T20:57:17+00:00","description":"Bearbeite PDFs direkt im Editor: Texte, Fotos oder Grafiken, schw\u00e4rzen, Seiten l\u00f6schen oder hinzuf\u00fcgen, mehrere Dokumente zusammenf\u00fchren und vieles mehr.","breadcrumb":{"@id":"https:\/\/www.pixelplanet.com\/de\/produkt\/pdfeditor-professional\/#breadcrumb"},"inLanguage":"de","potentialAction":[{"@type":"ReadAction","target":["https:\/\/www.pixelplanet.com\/de\/produkt\/pdfeditor-professional\/"]}]},{"@type":"ImageObject","inLanguage":"de","@id":"https:\/\/www.pixelplanet.com\/de\/produkt\/pdfeditor-professional\/#primaryimage","url":"https:\/\/www.pixelplanet.com\/wp-content\/uploads\/2017\/10\/PdfEditor-Boxshot-Windows-ENU.png","contentUrl":"https:\/\/www.pixelplanet.com\/wp-content\/uploads\/2017\/10\/PdfEditor-Boxshot-Windows-ENU.png","width":312,"height":380},{"@type":"BreadcrumbList","@id":"https:\/\/www.pixelplanet.com\/de\/produkt\/pdfeditor-professional\/#breadcrumb","itemListElement":[{"@type":"ListItem","position":1,"name":"Home","item":"https:\/\/www.pixelplanet.com\/de\/home\/"},{"@type":"ListItem","position":2,"name":"Preise + Shop","item":"https:\/\/www.pixelplanet.com\/de\/shop\/"},{"@type":"ListItem","position":3,"name":"PdfEditor 4 Professional"}]},{"@type":"WebSite","@id":"https:\/\/www.pixelplanet.com\/de\/#website","url":"https:\/\/www.pixelplanet.com\/de\/","name":"PixelPlanet.com - PDF-Software-Shop","description":"Edit, convert, create, merge and split PDF documents on Windows and Mac","publisher":{"@id":"https:\/\/www.pixelplanet.com\/de\/#organization"},"potentialAction":[{"@type":"SearchAction","target":{"@type":"EntryPoint","urlTemplate":"https:\/\/www.pixelplanet.com\/de\/?s={search_term_string}"},"query-input":{"@type":"PropertyValueSpecification","valueRequired":true,"valueName":"search_term_string"}}],"inLanguage":"de"},{"@type":"Organization","@id":"https:\/\/www.pixelplanet.com\/de\/#organization","name":"PixelPlanet","url":"https:\/\/www.pixelplanet.com\/de\/","logo":{"@type":"ImageObject","inLanguage":"de","@id":"https:\/\/www.pixelplanet.com\/de\/#\/schema\/logo\/image\/","url":"https:\/\/www.pixelplanet.com\/wp-content\/uploads\/2016\/12\/PixelPlanet-Logo-540x100.png","contentUrl":"https:\/\/www.pixelplanet.com\/wp-content\/uploads\/2016\/12\/PixelPlanet-Logo-540x100.png","width":540,"height":100,"caption":"PixelPlanet"},"image":{"@id":"https:\/\/www.pixelplanet.com\/de\/#\/schema\/logo\/image\/"},"sameAs":["https:\/\/www.facebook.com\/PixelPlanet","https:\/\/x.com\/PixelPlanet","https:\/\/www.instagram.com\/pixelplanet.software\/","https:\/\/linkedin.com\/company\/pixelplanet-software"]}]},"og_availability":"instock","product_availability":"instock","product_retailer_item_id":"PdfEditor","product_condition":"new"},"_links":{"self":[{"href":"https:\/\/www.pixelplanet.com\/de\/wp-json\/wp\/v2\/product\/7318","targetHints":{"allow":["GET"]}}],"collection":[{"href":"https:\/\/www.pixelplanet.com\/de\/wp-json\/wp\/v2\/product"}],"about":[{"href":"https:\/\/www.pixelplanet.com\/de\/wp-json\/wp\/v2\/types\/product"}],"wp:featuredmedia":[{"embeddable":true,"href":"https:\/\/www.pixelplanet.com\/de\/wp-json\/wp\/v2\/media\/6789"}],"wp:attachment":[{"href":"https:\/\/www.pixelplanet.com\/de\/wp-json\/wp\/v2\/media?parent=7318"}],"wp:term":[{"taxonomy":"product_brand","embeddable":true,"href":"https:\/\/www.pixelplanet.com\/de\/wp-json\/wp\/v2\/product_brand?post=7318"},{"taxonomy":"product_cat","embeddable":true,"href":"https:\/\/www.pixelplanet.com\/de\/wp-json\/wp\/v2\/product_cat?post=7318"},{"taxonomy":"product_tag","embeddable":true,"href":"https:\/\/www.pixelplanet.com\/de\/wp-json\/wp\/v2\/product_tag?post=7318"}],"curies":[{"name":"wp","href":"https:\/\/api.w.org\/{rel}","templated":true}]}}