{"id":7362,"date":"2017-11-09T12:37:10","date_gmt":"2017-11-09T11:37:10","guid":{"rendered":"https:\/\/www.pixelplanet.com\/?post_type=product&#038;p=7362"},"modified":"2023-10-20T09:44:26","modified_gmt":"2023-10-20T07:44:26","slug":"pdfgrabber-double","status":"publish","type":"product","link":"https:\/\/www.pixelplanet.com\/de\/produkt\/pdfgrabber-double\/","title":{"rendered":"PdfGrabber DOUBLE (Windows + Mac)"},"content":{"rendered":"<h4>Beschreibung<\/h4>\n<p>PDFs in alle wichtigen Formate konvertieren auf <strong>Mac<\/strong> und <strong>PC<\/strong>.<\/p>\n<h4>Funktionen<\/h4>\n<ul>\n<li>F\u00fcr beide Welten: macOS und Windows<\/li>\n<li>PDF in Word, Pages oder TXT umwandeln<\/li>\n<li>PDF in Excel oder Numbers konvertieren<\/li>\n<li>Bilder exportieren oder ganzes PDF als Bild speichern<\/li>\n<li>Umwandeln von PDF in HTML und ePub<\/li>\n<li>PDF in PowerPoint oder Keynote wandeln<\/li>\n<li>PDF in AutoCAD kompatible DXF \/ CAD Datei konvertieren<\/li>\n<li>Einmalige Lizenzkosten, kein Abo, keine Folgekosten<\/li>\n<li>Kostenlose Updates innerhalb der Hauptversion, unbegrenzte G\u00fcltigkeit der Lizenz<\/li>\n<li>und vieles mehr&#8230;<\/li>\n<\/ul>\n<p>Komplette Funktionslisten findest Du hier:<\/p>\n<ul>\n<li><a href=\"https:\/\/www.pixelplanet.com\/de\/pdfgrabber-mac\/funktionen\/\">Mac Version<\/a><\/li>\n<li><a href=\"https:\/\/www.pixelplanet.com\/de\/pdfgrabber\/funktionen\/\">Windows Version<\/a><\/li>\n<\/ul>\n","protected":false},"excerpt":{"rendered":"<h3>2 Lizenzen: 1x f\u00fcr Mac + 1x f\u00fcr Windows<\/h3>\n<p>Du erh\u00e4ltst zwei vollwertige Einzelplatzlizenzen im g\u00fcnstigen Kombipaket: 1x f\u00fcr <strong>Windows<\/strong> (32 &amp; 64bit) <strong>und<\/strong> 1x f\u00fcr <strong>macOS<\/strong> (10.6 &#8211; 10.14, <u>nur<\/u> 32bit). <\/p>\n<p>Funktioniert <u>nicht<\/u> mit 64bit-macOS Versionen!.<\/p>\n","protected":false},"featured_media":6793,"template":"","meta":[],"product_brand":[],"product_cat":[214],"product_tag":[219,221,223,248,250,224,234,236,238,242,244,246,252,230,254,339,256,341,343,345,315,357,361,364,318,317,319,228,373,375,377,316,380,382],"class_list":{"0":"post-7362","1":"product","2":"type-product","3":"status-publish","4":"has-post-thumbnail","6":"product_cat-pdfgrabber","7":"product_tag-apple","8":"product_tag-ascii","9":"product_tag-autocad","10":"product_tag-bild","11":"product_tag-bilder","12":"product_tag-cad","13":"product_tag-doc","14":"product_tag-dxf","15":"product_tag-ebook","16":"product_tag-epub","17":"product_tag-excel","18":"product_tag-html","19":"product_tag-keynote","20":"product_tag-konverter","21":"product_tag-mac","22":"product_tag-mac-os","23":"product_tag-macos","24":"product_tag-numbers","25":"product_tag-osx","26":"product_tag-pages","27":"product_tag-pdf","28":"product_tag-pdf-konverter","29":"product_tag-powerpoint","30":"product_tag-ppt","31":"product_tag-rtf","32":"product_tag-text","33":"product_tag-txt","34":"product_tag-umwandeln","35":"product_tag-vektor","36":"product_tag-win","37":"product_tag-windows","38":"product_tag-word","39":"product_tag-xls","40":"product_tag-xml","42":"first","43":"outofstock","44":"sale","45":"virtual","46":"purchasable","47":"product-type-simple"},"exclude_global_add_ons":[],"addons":[],"yoast_head":"<!-- This site is optimized with the Yoast SEO Premium plugin v27.3 (Yoast SEO v27.3) - https:\/\/yoast.com\/product\/yoast-seo-premium-wordpress\/ -->\n<title>PdfTools Shop - PdfGrabber DOUBLE (Mac + Windows) - 128\u20ac<\/title>\n<meta name=\"description\" content=\"Das PdfGrabber DOUBLE enth\u00e4lt zwei vollwertige Einzelplatzlizenzen im g\u00fcnstigen Kombipaket: 1x f\u00fcr macOS und 1x f\u00fcr Windows.\" \/>\n<meta name=\"robots\" content=\"index, follow, max-snippet:-1, max-image-preview:large, max-video-preview:-1\" \/>\n<link rel=\"canonical\" href=\"https:\/\/www.pixelplanet.com\/de\/produkt\/pdfgrabber-double\/\" \/>\n<meta property=\"og:locale\" content=\"de_DE\" \/>\n<meta property=\"og:type\" content=\"article\" \/>\n<meta property=\"og:title\" content=\"PdfTools Shop - PdfGrabber DOUBLE (Windows + Mac)\" \/>\n<meta property=\"og:description\" content=\"2 Lizenzen: 1x f\u00fcr Mac + 1x f\u00fcr Windows  Du erh\u00e4ltst zwei vollwertige Einzelplatzlizenzen im g\u00fcnstigen Kombipaket: 1x f\u00fcr Windows (32 &amp; 64bit) und 1x f\u00fcr macOS (10.6 - 10.14, nur 32bit).   Funktioniert nicht mit 64bit-macOS Versionen!.\" \/>\n<meta property=\"og:url\" content=\"https:\/\/www.pixelplanet.com\/de\/produkt\/pdfgrabber-double\/\" \/>\n<meta property=\"og:site_name\" content=\"PixelPlanet.com - PDF-Software-Shop\" \/>\n<meta property=\"article:publisher\" content=\"https:\/\/www.facebook.com\/PixelPlanet\" \/>\n<meta property=\"article:modified_time\" content=\"2023-10-20T07:44:26+00:00\" \/>\n<meta property=\"og:image\" content=\"https:\/\/www.pixelplanet.com\/wp-content\/uploads\/2017\/10\/PdfGrabber-Boxshot-DOUBLE.png\" \/>\n\t<meta property=\"og:image:width\" content=\"312\" \/>\n\t<meta property=\"og:image:height\" content=\"380\" \/>\n\t<meta property=\"og:image:type\" content=\"image\/png\" \/>\n<meta name=\"twitter:card\" content=\"summary_large_image\" \/>\n<meta name=\"twitter:site\" content=\"@PixelPlanet\" \/>\n<meta name=\"twitter:label1\" content=\"Preis\" \/>\n\t<meta name=\"twitter:data1\" content=\"128,00&nbsp;&euro;\" \/>\n\t<meta name=\"twitter:label2\" content=\"Verf\u00fcgbarkeit\" \/>\n\t<meta name=\"twitter:data2\" content=\"ausverkauft\" \/>\n<script type=\"application\/ld+json\" class=\"yoast-schema-graph\">{\"@context\":\"https:\\\/\\\/schema.org\",\"@graph\":[{\"@type\":\"WebPage\",\"@id\":\"https:\\\/\\\/www.pixelplanet.com\\\/de\\\/produkt\\\/pdfgrabber-double\\\/\",\"url\":\"https:\\\/\\\/www.pixelplanet.com\\\/de\\\/produkt\\\/pdfgrabber-double\\\/\",\"name\":\"PdfTools Shop - PdfGrabber DOUBLE (Mac + Windows) - 128\u20ac\",\"isPartOf\":{\"@id\":\"https:\\\/\\\/www.pixelplanet.com\\\/de\\\/#website\"},\"primaryImageOfPage\":{\"@id\":\"https:\\\/\\\/www.pixelplanet.com\\\/de\\\/produkt\\\/pdfgrabber-double\\\/#primaryimage\"},\"image\":{\"@id\":\"https:\\\/\\\/www.pixelplanet.com\\\/de\\\/produkt\\\/pdfgrabber-double\\\/#primaryimage\"},\"thumbnailUrl\":\"https:\\\/\\\/www.pixelplanet.com\\\/wp-content\\\/uploads\\\/2017\\\/10\\\/PdfGrabber-Boxshot-DOUBLE.png\",\"datePublished\":\"2017-11-09T11:37:10+00:00\",\"dateModified\":\"2023-10-20T07:44:26+00:00\",\"description\":\"Das PdfGrabber DOUBLE enth\u00e4lt zwei vollwertige Einzelplatzlizenzen im g\u00fcnstigen Kombipaket: 1x f\u00fcr macOS und 1x f\u00fcr Windows.\",\"breadcrumb\":{\"@id\":\"https:\\\/\\\/www.pixelplanet.com\\\/de\\\/produkt\\\/pdfgrabber-double\\\/#breadcrumb\"},\"inLanguage\":\"de\",\"potentialAction\":[{\"@type\":\"ReadAction\",\"target\":[\"https:\\\/\\\/www.pixelplanet.com\\\/de\\\/produkt\\\/pdfgrabber-double\\\/\"]}]},{\"@type\":\"ImageObject\",\"inLanguage\":\"de\",\"@id\":\"https:\\\/\\\/www.pixelplanet.com\\\/de\\\/produkt\\\/pdfgrabber-double\\\/#primaryimage\",\"url\":\"https:\\\/\\\/www.pixelplanet.com\\\/wp-content\\\/uploads\\\/2017\\\/10\\\/PdfGrabber-Boxshot-DOUBLE.png\",\"contentUrl\":\"https:\\\/\\\/www.pixelplanet.com\\\/wp-content\\\/uploads\\\/2017\\\/10\\\/PdfGrabber-Boxshot-DOUBLE.png\",\"width\":312,\"height\":380},{\"@type\":\"BreadcrumbList\",\"@id\":\"https:\\\/\\\/www.pixelplanet.com\\\/de\\\/produkt\\\/pdfgrabber-double\\\/#breadcrumb\",\"itemListElement\":[{\"@type\":\"ListItem\",\"position\":1,\"name\":\"Home\",\"item\":\"https:\\\/\\\/www.pixelplanet.com\\\/de\\\/home\\\/\"},{\"@type\":\"ListItem\",\"position\":2,\"name\":\"Preise + Shop\",\"item\":\"https:\\\/\\\/www.pixelplanet.com\\\/de\\\/shop\\\/\"},{\"@type\":\"ListItem\",\"position\":3,\"name\":\"PdfGrabber DOUBLE (Windows + Mac)\"}]},{\"@type\":\"WebSite\",\"@id\":\"https:\\\/\\\/www.pixelplanet.com\\\/de\\\/#website\",\"url\":\"https:\\\/\\\/www.pixelplanet.com\\\/de\\\/\",\"name\":\"PixelPlanet.com - PDF-Software-Shop\",\"description\":\"Edit, convert, create, merge and split PDF documents on Windows and Mac\",\"publisher\":{\"@id\":\"https:\\\/\\\/www.pixelplanet.com\\\/de\\\/#organization\"},\"potentialAction\":[{\"@type\":\"SearchAction\",\"target\":{\"@type\":\"EntryPoint\",\"urlTemplate\":\"https:\\\/\\\/www.pixelplanet.com\\\/de\\\/?s={search_term_string}\"},\"query-input\":{\"@type\":\"PropertyValueSpecification\",\"valueRequired\":true,\"valueName\":\"search_term_string\"}}],\"inLanguage\":\"de\"},{\"@type\":\"Organization\",\"@id\":\"https:\\\/\\\/www.pixelplanet.com\\\/de\\\/#organization\",\"name\":\"PixelPlanet\",\"url\":\"https:\\\/\\\/www.pixelplanet.com\\\/de\\\/\",\"logo\":{\"@type\":\"ImageObject\",\"inLanguage\":\"de\",\"@id\":\"https:\\\/\\\/www.pixelplanet.com\\\/de\\\/#\\\/schema\\\/logo\\\/image\\\/\",\"url\":\"https:\\\/\\\/www.pixelplanet.com\\\/wp-content\\\/uploads\\\/2016\\\/12\\\/PixelPlanet-Logo-540x100.png\",\"contentUrl\":\"https:\\\/\\\/www.pixelplanet.com\\\/wp-content\\\/uploads\\\/2016\\\/12\\\/PixelPlanet-Logo-540x100.png\",\"width\":540,\"height\":100,\"caption\":\"PixelPlanet\"},\"image\":{\"@id\":\"https:\\\/\\\/www.pixelplanet.com\\\/de\\\/#\\\/schema\\\/logo\\\/image\\\/\"},\"sameAs\":[\"https:\\\/\\\/www.facebook.com\\\/PixelPlanet\",\"https:\\\/\\\/x.com\\\/PixelPlanet\",\"https:\\\/\\\/www.instagram.com\\\/pixelplanet.software\\\/\",\"https:\\\/\\\/linkedin.com\\\/company\\\/pixelplanet-software\"]}]}<\/script>\n<meta property=\"product:price:amount\" content=\"128.00\" \/>\n<meta property=\"product:price:currency\" content=\"EUR\" \/>\n<meta property=\"og:availability\" content=\"out of stock\" \/>\n<meta property=\"product:availability\" content=\"out of stock\" \/>\n<meta property=\"product:retailer_item_id\" content=\"EN801002-MAC-WIN\" \/>\n<meta property=\"product:condition\" content=\"new\" \/>\n<!-- \/ Yoast SEO Premium plugin. -->","yoast_head_json":{"title":"PdfTools Shop - PdfGrabber DOUBLE (Mac + Windows) - 128\u20ac","description":"Das PdfGrabber DOUBLE enth\u00e4lt zwei vollwertige Einzelplatzlizenzen im g\u00fcnstigen Kombipaket: 1x f\u00fcr macOS und 1x f\u00fcr Windows.","robots":{"index":"index","follow":"follow","max-snippet":"max-snippet:-1","max-image-preview":"max-image-preview:large","max-video-preview":"max-video-preview:-1"},"canonical":"https:\/\/www.pixelplanet.com\/de\/produkt\/pdfgrabber-double\/","og_locale":"de_DE","og_type":"article","og_title":"PdfTools Shop - PdfGrabber DOUBLE (Windows + Mac)","og_description":"2 Lizenzen: 1x f\u00fcr Mac + 1x f\u00fcr Windows  Du erh\u00e4ltst zwei vollwertige Einzelplatzlizenzen im g\u00fcnstigen Kombipaket: 1x f\u00fcr Windows (32 &amp; 64bit) und 1x f\u00fcr macOS (10.6 - 10.14, nur 32bit).   Funktioniert nicht mit 64bit-macOS Versionen!.","og_url":"https:\/\/www.pixelplanet.com\/de\/produkt\/pdfgrabber-double\/","og_site_name":"PixelPlanet.com - PDF-Software-Shop","article_publisher":"https:\/\/www.facebook.com\/PixelPlanet","article_modified_time":"2023-10-20T07:44:26+00:00","og_image":[{"width":312,"height":380,"url":"https:\/\/www.pixelplanet.com\/wp-content\/uploads\/2017\/10\/PdfGrabber-Boxshot-DOUBLE.png","type":"image\/png"}],"twitter_card":"summary_large_image","twitter_site":"@PixelPlanet","twitter_misc":{"Preis":"128,00&nbsp;&euro;","Verf\u00fcgbarkeit":"ausverkauft"},"schema":{"@context":"https:\/\/schema.org","@graph":[{"@type":"WebPage","@id":"https:\/\/www.pixelplanet.com\/de\/produkt\/pdfgrabber-double\/","url":"https:\/\/www.pixelplanet.com\/de\/produkt\/pdfgrabber-double\/","name":"PdfTools Shop - PdfGrabber DOUBLE (Mac + Windows) - 128\u20ac","isPartOf":{"@id":"https:\/\/www.pixelplanet.com\/de\/#website"},"primaryImageOfPage":{"@id":"https:\/\/www.pixelplanet.com\/de\/produkt\/pdfgrabber-double\/#primaryimage"},"image":{"@id":"https:\/\/www.pixelplanet.com\/de\/produkt\/pdfgrabber-double\/#primaryimage"},"thumbnailUrl":"https:\/\/www.pixelplanet.com\/wp-content\/uploads\/2017\/10\/PdfGrabber-Boxshot-DOUBLE.png","datePublished":"2017-11-09T11:37:10+00:00","dateModified":"2023-10-20T07:44:26+00:00","description":"Das PdfGrabber DOUBLE enth\u00e4lt zwei vollwertige Einzelplatzlizenzen im g\u00fcnstigen Kombipaket: 1x f\u00fcr macOS und 1x f\u00fcr Windows.","breadcrumb":{"@id":"https:\/\/www.pixelplanet.com\/de\/produkt\/pdfgrabber-double\/#breadcrumb"},"inLanguage":"de","potentialAction":[{"@type":"ReadAction","target":["https:\/\/www.pixelplanet.com\/de\/produkt\/pdfgrabber-double\/"]}]},{"@type":"ImageObject","inLanguage":"de","@id":"https:\/\/www.pixelplanet.com\/de\/produkt\/pdfgrabber-double\/#primaryimage","url":"https:\/\/www.pixelplanet.com\/wp-content\/uploads\/2017\/10\/PdfGrabber-Boxshot-DOUBLE.png","contentUrl":"https:\/\/www.pixelplanet.com\/wp-content\/uploads\/2017\/10\/PdfGrabber-Boxshot-DOUBLE.png","width":312,"height":380},{"@type":"BreadcrumbList","@id":"https:\/\/www.pixelplanet.com\/de\/produkt\/pdfgrabber-double\/#breadcrumb","itemListElement":[{"@type":"ListItem","position":1,"name":"Home","item":"https:\/\/www.pixelplanet.com\/de\/home\/"},{"@type":"ListItem","position":2,"name":"Preise + Shop","item":"https:\/\/www.pixelplanet.com\/de\/shop\/"},{"@type":"ListItem","position":3,"name":"PdfGrabber DOUBLE (Windows + Mac)"}]},{"@type":"WebSite","@id":"https:\/\/www.pixelplanet.com\/de\/#website","url":"https:\/\/www.pixelplanet.com\/de\/","name":"PixelPlanet.com - PDF-Software-Shop","description":"Edit, convert, create, merge and split PDF documents on Windows and Mac","publisher":{"@id":"https:\/\/www.pixelplanet.com\/de\/#organization"},"potentialAction":[{"@type":"SearchAction","target":{"@type":"EntryPoint","urlTemplate":"https:\/\/www.pixelplanet.com\/de\/?s={search_term_string}"},"query-input":{"@type":"PropertyValueSpecification","valueRequired":true,"valueName":"search_term_string"}}],"inLanguage":"de"},{"@type":"Organization","@id":"https:\/\/www.pixelplanet.com\/de\/#organization","name":"PixelPlanet","url":"https:\/\/www.pixelplanet.com\/de\/","logo":{"@type":"ImageObject","inLanguage":"de","@id":"https:\/\/www.pixelplanet.com\/de\/#\/schema\/logo\/image\/","url":"https:\/\/www.pixelplanet.com\/wp-content\/uploads\/2016\/12\/PixelPlanet-Logo-540x100.png","contentUrl":"https:\/\/www.pixelplanet.com\/wp-content\/uploads\/2016\/12\/PixelPlanet-Logo-540x100.png","width":540,"height":100,"caption":"PixelPlanet"},"image":{"@id":"https:\/\/www.pixelplanet.com\/de\/#\/schema\/logo\/image\/"},"sameAs":["https:\/\/www.facebook.com\/PixelPlanet","https:\/\/x.com\/PixelPlanet","https:\/\/www.instagram.com\/pixelplanet.software\/","https:\/\/linkedin.com\/company\/pixelplanet-software"]}]},"product_price_amount":"128.00","product_price_currency":"EUR","og_availability":"out of stock","product_availability":"out of stock","product_retailer_item_id":"EN801002-MAC-WIN","product_condition":"new"},"_links":{"self":[{"href":"https:\/\/www.pixelplanet.com\/de\/wp-json\/wp\/v2\/product\/7362","targetHints":{"allow":["GET"]}}],"collection":[{"href":"https:\/\/www.pixelplanet.com\/de\/wp-json\/wp\/v2\/product"}],"about":[{"href":"https:\/\/www.pixelplanet.com\/de\/wp-json\/wp\/v2\/types\/product"}],"wp:featuredmedia":[{"embeddable":true,"href":"https:\/\/www.pixelplanet.com\/de\/wp-json\/wp\/v2\/media\/6793"}],"wp:attachment":[{"href":"https:\/\/www.pixelplanet.com\/de\/wp-json\/wp\/v2\/media?parent=7362"}],"wp:term":[{"taxonomy":"product_brand","embeddable":true,"href":"https:\/\/www.pixelplanet.com\/de\/wp-json\/wp\/v2\/product_brand?post=7362"},{"taxonomy":"product_cat","embeddable":true,"href":"https:\/\/www.pixelplanet.com\/de\/wp-json\/wp\/v2\/product_cat?post=7362"},{"taxonomy":"product_tag","embeddable":true,"href":"https:\/\/www.pixelplanet.com\/de\/wp-json\/wp\/v2\/product_tag?post=7362"}],"curies":[{"name":"wp","href":"https:\/\/api.w.org\/{rel}","templated":true}]}}