{"id":7379,"date":"2017-11-23T11:07:38","date_gmt":"2017-11-23T10:07:38","guid":{"rendered":"https:\/\/www.pixelplanet.com\/?post_type=product&#038;p=7379"},"modified":"2022-01-26T12:55:45","modified_gmt":"2022-01-26T11:55:45","slug":"pdfcrypter-net","status":"publish","type":"product","link":"https:\/\/www.pixelplanet.com\/de\/produkt\/pdfcrypter-net\/","title":{"rendered":"PdfCrypter 2.9 Professional Netzwerklizenz (ab 5 gleichzeitige Benutzer)"},"content":{"rendered":"<h4>Beschreibung<\/h4>\n<p>Mit &#8222;PdfCrypter Professional&#8220; verschl\u00fcsselst und sicherst Du PDF Dokumente auf Kennwortbasis oder per Zertifikatschutz.<\/p>\n<p>Entscheide selbst, wer Deine PDF-Dokumente lesen, drucken, Inhalte \u00e4ndern, hinzuf\u00fcgen oder kopieren darf.<\/p>\n<p>Die Netzwerklizenz gestattet die gleichzeitige Installation und Benutzung (concurrent user) von PdfCrypter-Clients in einem Netzwerk (LAN). Sie l\u00e4sst sich per Softwareverteilung in deinem Netzwerk &#8222;ausrollen&#8220; oder Du installierst die Software manuell auf jedem gew\u00fcnschten Client.<\/p>\n<p>Beachte dabei, dass die maximale Anzahl gleichzeitiger Benutzer deiner Lizenz entspricht (concurrent user). Wenn Du z.B. eine 5 Benutzer-Netzwerklizenz einsetzt, d\u00fcrfen insgesamt 5 Anwender die Software gleichzeitig starten. Startet ein weiterer Benutzer, erh\u00e4lt dieser einen Hinweis und kann PdfGrabber erst verwenden, wenn eine der aktuell ge\u00f6ffneten 5 Anwendungen geschlossen wurde.<\/p>\n<h4>Funktionen<\/h4>\n<ul>\n<li>Gleichzeitige Nutzung in einem Netzwerk (LAN) &#8211; ab 5 Anwender<\/li>\n<li>Zertifikatbasierte Verschl\u00fcsselung (AES 256 Bit Ver-\/Entschl\u00fcsselung)<\/li>\n<li>Direkte Smartcard Unterst\u00fctzung der g\u00e4ngisten Signaturkarten<\/li>\n<li>Mehrere Empf\u00e4nger mit individuellen Rechten<\/li>\n<li>Verschl\u00fcsselung mehrerer Dateien gleichzeitig<\/li>\n<li>Fernsteuerung per Kommandozeilen-Parameter<\/li>\n<li>Kennwortbasierte Verschl\u00fcsselung (RC4 40\/128 Bit; AES 128 Bit; AES 256 Bit)<\/li>\n<li>PDF-Rechte setzen: \u00d6ffnen, Drucken, Kopieren\/\u00c4ndern\/Hinzuf\u00fcgen von Inhalten<\/li>\n<li>Benutzerkennwort zum \u00d6ffnen<\/li>\n<li>Microsoft Outlook 2000 bis 2010 (32-Bit) Integration<\/li>\n<li>Einmalige Lizenzkosten, kein Abo, keine Folgekosten<\/li>\n<li>Kostenlose Updates innerhalb der Hauptversion, unbegrenzte G\u00fcltigkeit der Lizenz<\/li>\n<li>und vieles mehr&#8230;<\/li>\n<\/ul>\n<p>Eine komplette Funktionsliste findest Du <a href=\"https:\/\/www.pixelplanet.com\/de\/pdfcrypter\/funktionen\/\">hier<\/a>.<\/p>\n","protected":false},"excerpt":{"rendered":"<h3>PDFs per Kennwort oder Zertifikat sichern und verschl\u00fcsseln<\/h3>\n<p>Netzwerk- \/ Mehrbenutzerlizenz zur gleichzeitigen Nutzung in einem LAN f\u00fcr Windows (32 &amp; 64bit)<\/p>\n","protected":false},"featured_media":7367,"template":"","meta":[],"product_brand":[],"product_cat":[202,387],"product_tag":[226,349,350,348,347,315,375,377],"class_list":{"0":"post-7379","1":"product","2":"type-product","3":"status-publish","4":"has-post-thumbnail","6":"product_cat-mehrbenutzer","7":"product_cat-pdfcrypter","8":"product_tag-gleichzeitig","9":"product_tag-mehrbenutzer","10":"product_tag-mehrplatz","11":"product_tag-netzwerk","12":"product_tag-netzwerklizenz","13":"product_tag-pdf","14":"product_tag-win","15":"product_tag-windows","17":"first","18":"instock","19":"shipping-taxable","20":"purchasable","21":"product-type-variable","22":"has-default-attributes"},"exclude_global_add_ons":[],"addons":[],"yoast_head":"<!-- This site is optimized with the Yoast SEO Premium plugin v27.3 (Yoast SEO v27.3) - https:\/\/yoast.com\/product\/yoast-seo-premium-wordpress\/ -->\n<title>\ufeffPdfTools-Shop - PdfCrypter 2.9 Professional Netzwerklizenz - ab 249\u20ac<\/title>\n<meta name=\"description\" content=\"Die Lizenz gestattet die gleichzeitige Installation und Benutzung von PdfCrypter in einem Netzwerk (LAN). Erh\u00e4ltlich ab 5 Benutzern (concurrent user).\" \/>\n<meta name=\"robots\" content=\"index, follow, max-snippet:-1, max-image-preview:large, max-video-preview:-1\" \/>\n<link rel=\"canonical\" href=\"https:\/\/www.pixelplanet.com\/de\/produkt\/pdfcrypter-net\/\" \/>\n<meta property=\"og:locale\" content=\"de_DE\" \/>\n<meta property=\"og:type\" content=\"article\" \/>\n<meta property=\"og:title\" content=\"PdfTools Shop - PdfCrypter 2.9 Professional Netzwerklizenz (ab 5 gleichzeitige Benutzer)\" \/>\n<meta property=\"og:description\" content=\"PDFs per Kennwort oder Zertifikat sichern und verschl\u00fcsseln Netzwerk- \/ Mehrbenutzerlizenz zur gleichzeitigen Nutzung in einem LAN f\u00fcr Windows (32 &amp; 64bit)\" \/>\n<meta property=\"og:url\" content=\"https:\/\/www.pixelplanet.com\/de\/produkt\/pdfcrypter-net\/\" \/>\n<meta property=\"og:site_name\" content=\"PixelPlanet.com - PDF-Software-Shop\" \/>\n<meta property=\"article:publisher\" content=\"https:\/\/www.facebook.com\/PixelPlanet\" \/>\n<meta property=\"article:modified_time\" content=\"2022-01-26T11:55:45+00:00\" \/>\n<meta property=\"og:image\" content=\"https:\/\/www.pixelplanet.com\/wp-content\/uploads\/2017\/11\/PdfCrypter-Boxshot-Netzwerk.png\" \/>\n\t<meta property=\"og:image:width\" content=\"312\" \/>\n\t<meta property=\"og:image:height\" content=\"380\" \/>\n\t<meta property=\"og:image:type\" content=\"image\/png\" \/>\n<meta name=\"twitter:card\" content=\"summary_large_image\" \/>\n<meta name=\"twitter:site\" content=\"@PixelPlanet\" \/>\n<meta name=\"twitter:label1\" content=\"Verf\u00fcgbarkeit\" \/>\n\t<meta name=\"twitter:data1\" content=\"Auf Lager\" \/>\n<script type=\"application\/ld+json\" class=\"yoast-schema-graph\">{\"@context\":\"https:\\\/\\\/schema.org\",\"@graph\":[{\"@type\":\"WebPage\",\"@id\":\"https:\\\/\\\/www.pixelplanet.com\\\/de\\\/produkt\\\/pdfcrypter-net\\\/\",\"url\":\"https:\\\/\\\/www.pixelplanet.com\\\/de\\\/produkt\\\/pdfcrypter-net\\\/\",\"name\":\"\ufeffPdfTools-Shop - PdfCrypter 2.9 Professional Netzwerklizenz - ab 249\u20ac\",\"isPartOf\":{\"@id\":\"https:\\\/\\\/www.pixelplanet.com\\\/de\\\/#website\"},\"primaryImageOfPage\":{\"@id\":\"https:\\\/\\\/www.pixelplanet.com\\\/de\\\/produkt\\\/pdfcrypter-net\\\/#primaryimage\"},\"image\":{\"@id\":\"https:\\\/\\\/www.pixelplanet.com\\\/de\\\/produkt\\\/pdfcrypter-net\\\/#primaryimage\"},\"thumbnailUrl\":\"https:\\\/\\\/www.pixelplanet.com\\\/wp-content\\\/uploads\\\/2017\\\/11\\\/PdfCrypter-Boxshot-Netzwerk.png\",\"datePublished\":\"2017-11-23T10:07:38+00:00\",\"dateModified\":\"2022-01-26T11:55:45+00:00\",\"description\":\"Die Lizenz gestattet die gleichzeitige Installation und Benutzung von PdfCrypter in einem Netzwerk (LAN). Erh\u00e4ltlich ab 5 Benutzern (concurrent user).\",\"breadcrumb\":{\"@id\":\"https:\\\/\\\/www.pixelplanet.com\\\/de\\\/produkt\\\/pdfcrypter-net\\\/#breadcrumb\"},\"inLanguage\":\"de\",\"potentialAction\":[{\"@type\":\"ReadAction\",\"target\":[\"https:\\\/\\\/www.pixelplanet.com\\\/de\\\/produkt\\\/pdfcrypter-net\\\/\"]}]},{\"@type\":\"ImageObject\",\"inLanguage\":\"de\",\"@id\":\"https:\\\/\\\/www.pixelplanet.com\\\/de\\\/produkt\\\/pdfcrypter-net\\\/#primaryimage\",\"url\":\"https:\\\/\\\/www.pixelplanet.com\\\/wp-content\\\/uploads\\\/2017\\\/11\\\/PdfCrypter-Boxshot-Netzwerk.png\",\"contentUrl\":\"https:\\\/\\\/www.pixelplanet.com\\\/wp-content\\\/uploads\\\/2017\\\/11\\\/PdfCrypter-Boxshot-Netzwerk.png\",\"width\":312,\"height\":380},{\"@type\":\"BreadcrumbList\",\"@id\":\"https:\\\/\\\/www.pixelplanet.com\\\/de\\\/produkt\\\/pdfcrypter-net\\\/#breadcrumb\",\"itemListElement\":[{\"@type\":\"ListItem\",\"position\":1,\"name\":\"Home\",\"item\":\"https:\\\/\\\/www.pixelplanet.com\\\/de\\\/home\\\/\"},{\"@type\":\"ListItem\",\"position\":2,\"name\":\"Preise + Shop\",\"item\":\"https:\\\/\\\/www.pixelplanet.com\\\/de\\\/shop\\\/\"},{\"@type\":\"ListItem\",\"position\":3,\"name\":\"PdfCrypter 2.9 Professional Netzwerklizenz (ab 5 gleichzeitige Benutzer)\"}]},{\"@type\":\"WebSite\",\"@id\":\"https:\\\/\\\/www.pixelplanet.com\\\/de\\\/#website\",\"url\":\"https:\\\/\\\/www.pixelplanet.com\\\/de\\\/\",\"name\":\"PixelPlanet.com - PDF-Software-Shop\",\"description\":\"Edit, convert, create, merge and split PDF documents on Windows and Mac\",\"publisher\":{\"@id\":\"https:\\\/\\\/www.pixelplanet.com\\\/de\\\/#organization\"},\"potentialAction\":[{\"@type\":\"SearchAction\",\"target\":{\"@type\":\"EntryPoint\",\"urlTemplate\":\"https:\\\/\\\/www.pixelplanet.com\\\/de\\\/?s={search_term_string}\"},\"query-input\":{\"@type\":\"PropertyValueSpecification\",\"valueRequired\":true,\"valueName\":\"search_term_string\"}}],\"inLanguage\":\"de\"},{\"@type\":\"Organization\",\"@id\":\"https:\\\/\\\/www.pixelplanet.com\\\/de\\\/#organization\",\"name\":\"PixelPlanet\",\"url\":\"https:\\\/\\\/www.pixelplanet.com\\\/de\\\/\",\"logo\":{\"@type\":\"ImageObject\",\"inLanguage\":\"de\",\"@id\":\"https:\\\/\\\/www.pixelplanet.com\\\/de\\\/#\\\/schema\\\/logo\\\/image\\\/\",\"url\":\"https:\\\/\\\/www.pixelplanet.com\\\/wp-content\\\/uploads\\\/2016\\\/12\\\/PixelPlanet-Logo-540x100.png\",\"contentUrl\":\"https:\\\/\\\/www.pixelplanet.com\\\/wp-content\\\/uploads\\\/2016\\\/12\\\/PixelPlanet-Logo-540x100.png\",\"width\":540,\"height\":100,\"caption\":\"PixelPlanet\"},\"image\":{\"@id\":\"https:\\\/\\\/www.pixelplanet.com\\\/de\\\/#\\\/schema\\\/logo\\\/image\\\/\"},\"sameAs\":[\"https:\\\/\\\/www.facebook.com\\\/PixelPlanet\",\"https:\\\/\\\/x.com\\\/PixelPlanet\",\"https:\\\/\\\/www.instagram.com\\\/pixelplanet.software\\\/\",\"https:\\\/\\\/linkedin.com\\\/company\\\/pixelplanet-software\"]}]}<\/script>\n<meta property=\"og:availability\" content=\"instock\" \/>\n<meta property=\"product:availability\" content=\"instock\" \/>\n<meta property=\"product:condition\" content=\"new\" \/>\n<!-- \/ Yoast SEO Premium plugin. -->","yoast_head_json":{"title":"\ufeffPdfTools-Shop - PdfCrypter 2.9 Professional Netzwerklizenz - ab 249\u20ac","description":"Die Lizenz gestattet die gleichzeitige Installation und Benutzung von PdfCrypter in einem Netzwerk (LAN). Erh\u00e4ltlich ab 5 Benutzern (concurrent user).","robots":{"index":"index","follow":"follow","max-snippet":"max-snippet:-1","max-image-preview":"max-image-preview:large","max-video-preview":"max-video-preview:-1"},"canonical":"https:\/\/www.pixelplanet.com\/de\/produkt\/pdfcrypter-net\/","og_locale":"de_DE","og_type":"article","og_title":"PdfTools Shop - PdfCrypter 2.9 Professional Netzwerklizenz (ab 5 gleichzeitige Benutzer)","og_description":"PDFs per Kennwort oder Zertifikat sichern und verschl\u00fcsseln Netzwerk- \/ Mehrbenutzerlizenz zur gleichzeitigen Nutzung in einem LAN f\u00fcr Windows (32 &amp; 64bit)","og_url":"https:\/\/www.pixelplanet.com\/de\/produkt\/pdfcrypter-net\/","og_site_name":"PixelPlanet.com - PDF-Software-Shop","article_publisher":"https:\/\/www.facebook.com\/PixelPlanet","article_modified_time":"2022-01-26T11:55:45+00:00","og_image":[{"width":312,"height":380,"url":"https:\/\/www.pixelplanet.com\/wp-content\/uploads\/2017\/11\/PdfCrypter-Boxshot-Netzwerk.png","type":"image\/png"}],"twitter_card":"summary_large_image","twitter_site":"@PixelPlanet","twitter_misc":{"Verf\u00fcgbarkeit":"Auf Lager"},"schema":{"@context":"https:\/\/schema.org","@graph":[{"@type":"WebPage","@id":"https:\/\/www.pixelplanet.com\/de\/produkt\/pdfcrypter-net\/","url":"https:\/\/www.pixelplanet.com\/de\/produkt\/pdfcrypter-net\/","name":"\ufeffPdfTools-Shop - PdfCrypter 2.9 Professional Netzwerklizenz - ab 249\u20ac","isPartOf":{"@id":"https:\/\/www.pixelplanet.com\/de\/#website"},"primaryImageOfPage":{"@id":"https:\/\/www.pixelplanet.com\/de\/produkt\/pdfcrypter-net\/#primaryimage"},"image":{"@id":"https:\/\/www.pixelplanet.com\/de\/produkt\/pdfcrypter-net\/#primaryimage"},"thumbnailUrl":"https:\/\/www.pixelplanet.com\/wp-content\/uploads\/2017\/11\/PdfCrypter-Boxshot-Netzwerk.png","datePublished":"2017-11-23T10:07:38+00:00","dateModified":"2022-01-26T11:55:45+00:00","description":"Die Lizenz gestattet die gleichzeitige Installation und Benutzung von PdfCrypter in einem Netzwerk (LAN). Erh\u00e4ltlich ab 5 Benutzern (concurrent user).","breadcrumb":{"@id":"https:\/\/www.pixelplanet.com\/de\/produkt\/pdfcrypter-net\/#breadcrumb"},"inLanguage":"de","potentialAction":[{"@type":"ReadAction","target":["https:\/\/www.pixelplanet.com\/de\/produkt\/pdfcrypter-net\/"]}]},{"@type":"ImageObject","inLanguage":"de","@id":"https:\/\/www.pixelplanet.com\/de\/produkt\/pdfcrypter-net\/#primaryimage","url":"https:\/\/www.pixelplanet.com\/wp-content\/uploads\/2017\/11\/PdfCrypter-Boxshot-Netzwerk.png","contentUrl":"https:\/\/www.pixelplanet.com\/wp-content\/uploads\/2017\/11\/PdfCrypter-Boxshot-Netzwerk.png","width":312,"height":380},{"@type":"BreadcrumbList","@id":"https:\/\/www.pixelplanet.com\/de\/produkt\/pdfcrypter-net\/#breadcrumb","itemListElement":[{"@type":"ListItem","position":1,"name":"Home","item":"https:\/\/www.pixelplanet.com\/de\/home\/"},{"@type":"ListItem","position":2,"name":"Preise + Shop","item":"https:\/\/www.pixelplanet.com\/de\/shop\/"},{"@type":"ListItem","position":3,"name":"PdfCrypter 2.9 Professional Netzwerklizenz (ab 5 gleichzeitige Benutzer)"}]},{"@type":"WebSite","@id":"https:\/\/www.pixelplanet.com\/de\/#website","url":"https:\/\/www.pixelplanet.com\/de\/","name":"PixelPlanet.com - PDF-Software-Shop","description":"Edit, convert, create, merge and split PDF documents on Windows and Mac","publisher":{"@id":"https:\/\/www.pixelplanet.com\/de\/#organization"},"potentialAction":[{"@type":"SearchAction","target":{"@type":"EntryPoint","urlTemplate":"https:\/\/www.pixelplanet.com\/de\/?s={search_term_string}"},"query-input":{"@type":"PropertyValueSpecification","valueRequired":true,"valueName":"search_term_string"}}],"inLanguage":"de"},{"@type":"Organization","@id":"https:\/\/www.pixelplanet.com\/de\/#organization","name":"PixelPlanet","url":"https:\/\/www.pixelplanet.com\/de\/","logo":{"@type":"ImageObject","inLanguage":"de","@id":"https:\/\/www.pixelplanet.com\/de\/#\/schema\/logo\/image\/","url":"https:\/\/www.pixelplanet.com\/wp-content\/uploads\/2016\/12\/PixelPlanet-Logo-540x100.png","contentUrl":"https:\/\/www.pixelplanet.com\/wp-content\/uploads\/2016\/12\/PixelPlanet-Logo-540x100.png","width":540,"height":100,"caption":"PixelPlanet"},"image":{"@id":"https:\/\/www.pixelplanet.com\/de\/#\/schema\/logo\/image\/"},"sameAs":["https:\/\/www.facebook.com\/PixelPlanet","https:\/\/x.com\/PixelPlanet","https:\/\/www.instagram.com\/pixelplanet.software\/","https:\/\/linkedin.com\/company\/pixelplanet-software"]}]},"og_availability":"instock","product_availability":"instock","product_condition":"new"},"_links":{"self":[{"href":"https:\/\/www.pixelplanet.com\/de\/wp-json\/wp\/v2\/product\/7379","targetHints":{"allow":["GET"]}}],"collection":[{"href":"https:\/\/www.pixelplanet.com\/de\/wp-json\/wp\/v2\/product"}],"about":[{"href":"https:\/\/www.pixelplanet.com\/de\/wp-json\/wp\/v2\/types\/product"}],"wp:featuredmedia":[{"embeddable":true,"href":"https:\/\/www.pixelplanet.com\/de\/wp-json\/wp\/v2\/media\/7367"}],"wp:attachment":[{"href":"https:\/\/www.pixelplanet.com\/de\/wp-json\/wp\/v2\/media?parent=7379"}],"wp:term":[{"taxonomy":"product_brand","embeddable":true,"href":"https:\/\/www.pixelplanet.com\/de\/wp-json\/wp\/v2\/product_brand?post=7379"},{"taxonomy":"product_cat","embeddable":true,"href":"https:\/\/www.pixelplanet.com\/de\/wp-json\/wp\/v2\/product_cat?post=7379"},{"taxonomy":"product_tag","embeddable":true,"href":"https:\/\/www.pixelplanet.com\/de\/wp-json\/wp\/v2\/product_tag?post=7379"}],"curies":[{"name":"wp","href":"https:\/\/api.w.org\/{rel}","templated":true}]}}