{"id":7393,"date":"2017-11-10T14:07:21","date_gmt":"2017-11-23T10:49:14","guid":{"rendered":"https:\/\/www.pixelplanet.com\/?post_type=product&#038;p=7393"},"modified":"2023-01-11T22:32:10","modified_gmt":"2023-01-11T21:32:10","slug":"pdftools-bundle-net","status":"publish","type":"product","link":"https:\/\/www.pixelplanet.com\/de\/produkt\/pdftools-bundle-net\/","title":{"rendered":"PdfTools Bundle Netzwerklizenz (ab 5 gleichzeitige Benutzer)"},"content":{"rendered":"<h4>Beschreibung<\/h4>\n<p>Die PdfTools-Bundle-Netzwerklizenz enth\u00e4lt <strong>PdfEditor<\/strong>, <strong>PdfGrabber<\/strong>, <strong>PdfPrinter<\/strong> und <strong>PdfMerger<\/strong> &#8211; alle in der Professional-Ausf\u00fchrung.<\/p>\n<p>Alle Tools als Netzwerklizenz (ab 5 Benutzer) zum kosteng\u00fcnstigen Paketpreis!<\/p>\n<p>Netzwerklizenzen gestatten die gleichzeitige Installation und Benutzung (concurrent user) von Clients in einem Netzwerk (LAN). Sie lassen sich per Softwareverteilung in deinem Netzwerk &#8222;ausrollen&#8220; oder Du installierst die Software manuell auf jedem gew\u00fcnschten Client. Alternativ kannst Du PdfGrabber und PdfEditor auch auf einem File-Server in deinem Intranet installieren. Wenn Du das Installationsverzeichnis den betreffenden Benutzern freigibst, k\u00f6nnen diese die Anwendung (exe) von dort einfach starten. PdfPrinter muss auf jeden Fall lokal installiert\/ausgerollt werden.<\/p>\n<p>Beachte, dass die maximale Anzahl gleichzeitiger Benutzer deiner Lizenz entspricht (concurrent user). Wenn Du z.B. eine 5 Benutzer-Netzwerklizenz einsetzt, d\u00fcrfen insgesamt 5 Anwender die Software gleichzeitig starten. Startet ein weiterer Benutzer, erh\u00e4lt dieser einen Hinweis und kann das Programm erst verwenden, wenn eine der aktuell ge\u00f6ffneten 5 Anwendungen geschlossen wurde.<\/p>\n<p>Das Tolle am Netzwerk-Bundle: die gleichzeitigen Anwender werden pro enthaltener Anwendung gez\u00e4hlt. Bei einer 5er Bundle-Netzwerklizenz k\u00f6nnten also zum Beispiel 5 Anwender mit PdfGrabber, und 5 andere mit PdfEditor arbeiten.<\/p>\n<h4>Funktionen<\/h4>\n<ul>\n<li>Mehrbenutzerlizenz zur gleichzeitigen Verwendung in einem LAN<\/li>\n<li>Konvertiere PDF in Word, JPG, Excel, CAD und viele andere Formate mit <a href=\"https:\/\/www.pixelplanet.com\/de\/pdfgrabber\/\">PdfGrabber<\/a><\/li>\n<li>Bearbeite direkt im PDF die Texte, Bilder und andere Inhalte mit <a href=\"https:\/\/www.pixelplanet.com\/de\/pdfeditor\/\">PdfEditor<\/a><\/li>\n<li>F\u00fcge Seiten zu einem PDF hinzu<\/li>\n<li>Trenne gro\u00dfe PDFs in Einzelseiten oder Bereiche auf<\/li>\n<li>Kombiniere mehrere PDFs oder andere Dokumente zu einem neuen PDF<\/li>\n<li>Erzeuge PDFs aus jeder druckf\u00e4higen Anwendung \u00fcber <a href=\"https:\/\/www.pixelplanet.com\/de\/pdfprinter\/\">PdfPrinter<\/a><\/li>\n<li>Mache aus gescanten PDFs mittels Texterkennung (OCR) durchsuchbare Dokumente<\/li>\n<li>und viele weitere PDF-Werkzeuge und Funktionen&#8230;<\/li>\n<\/ul>\n<p>Eine komplette Funktionsliste findest Du hier:<\/p>\n<ul>\n<li><a href=\"https:\/\/www.pixelplanet.com\/de\/pdfgrabber\/funktionen\/\">PdfGrabber<\/a><\/li>\n<li><a href=\"https:\/\/www.pixelplanet.com\/de\/pdfeditor\/funktionen\/\">PdfEditor<\/a><\/li>\n<li><a href=\"https:\/\/www.pixelplanet.com\/de\/pdfprinter\/funktionen\/\">PdfPrinter<\/a><\/li>\n<\/ul>\n","protected":false},"excerpt":{"rendered":"<p>Dieses Paket enth\u00e4lt unsere wichtigsten PDF-Werkzeuge als Netzwerk- \/ Mehrbenutzerlizenz:\u00a0<strong>PdfEditor<\/strong>, <strong>PdfGrabber<\/strong>, <strong>PdfPrinter<\/strong> und <strong>PdfMerger<\/strong> &#8211; alle als <strong>Professional<\/strong>-Version.<\/p>\n<ul class=\"fa-ul\">\n<li><i class=\"fas fa-li fa-coin\"><\/i> Einmalige Lizenzkosten, kein Abo, keine Folgekosten<\/li>\n<li><i class=\"fas fa-li fa-users\"><\/i> Mehrbenutzerlizenz (concurrent) f\u00fcr Windows (32 &amp; 64bit)<\/li>\n<li><i class=\"fas fa-li fa-gift\"><\/i> Alle wichtigen PdfTools in einem Paket zum Sparpreis<\/li>\n<li><i class=\"fas fa-li fa-desktop\"><\/i> Alle Daten werden offline verarbeitet (kein Cloud-Zwang)<\/li>\n<li><i class=\"fas fa-li fa-download\"><\/i> Kostenlose Updates innerhalb der Hauptversion<\/li>\n<li><i class=\"fas fa-li fa-heart\"><\/i> Unbegrenzte G\u00fcltigkeit der Lizenz<\/li>\n<\/ul>\n","protected":false},"featured_media":6783,"template":"","meta":[],"product_brand":[],"product_cat":[322,202,212,330],"product_tag":[221,223,248,250,224,234,365,367,236,238,240,242,232,244,246,230,349,350,348,354,347,315,357,359,361,364,318,317,319,228,373,375,377,316,380,382],"class_list":{"0":"post-7393","1":"product","2":"type-product","3":"status-publish","4":"has-post-thumbnail","6":"product_cat-angebote","7":"product_cat-mehrbenutzer","8":"product_cat-pdfeditor-windows","9":"product_cat-windows","10":"product_tag-ascii","11":"product_tag-autocad","12":"product_tag-bild","13":"product_tag-bilder","14":"product_tag-cad","15":"product_tag-doc","16":"product_tag-drucken","17":"product_tag-drucker","18":"product_tag-dxf","19":"product_tag-ebook","20":"product_tag-editor","21":"product_tag-epub","22":"product_tag-erzeugen","23":"product_tag-excel","24":"product_tag-html","25":"product_tag-konverter","26":"product_tag-mehrbenutzer","27":"product_tag-mehrplatz","28":"product_tag-netzwerk","29":"product_tag-netzwerklizenzen","30":"product_tag-netzwerklizenz","31":"product_tag-pdf","32":"product_tag-pdf-konverter","33":"product_tag-pdfeditor","34":"product_tag-powerpoint","35":"product_tag-ppt","36":"product_tag-rtf","37":"product_tag-text","38":"product_tag-txt","39":"product_tag-umwandeln","40":"product_tag-vektor","41":"product_tag-win","42":"product_tag-windows","43":"product_tag-word","44":"product_tag-xls","45":"product_tag-xml","47":"first","48":"instock","49":"sale","50":"featured","51":"shipping-taxable","52":"purchasable","53":"product-type-variable","54":"has-default-attributes"},"exclude_global_add_ons":[],"addons":[],"yoast_head":"<!-- This site is optimized with the Yoast SEO Premium plugin v27.3 (Yoast SEO v27.3) - https:\/\/yoast.com\/product\/yoast-seo-premium-wordpress\/ -->\n<title>PdfTools Shop - PdfTools Bundle Netzwerklizenz - ab 499\u20ac<\/title>\n<meta name=\"description\" content=\"Die Lizenz gestattet die gleichzeitige Installation und Benutzung des PdfTools Bundle in einem Netzwerk (LAN). Erh\u00e4ltlich ab 5 Benutzern (concurrent user).\" \/>\n<meta name=\"robots\" content=\"index, follow, max-snippet:-1, max-image-preview:large, max-video-preview:-1\" \/>\n<link rel=\"canonical\" href=\"https:\/\/www.pixelplanet.com\/de\/produkt\/pdftools-bundle-net\/\" \/>\n<meta property=\"og:locale\" content=\"de_DE\" \/>\n<meta property=\"og:type\" content=\"article\" \/>\n<meta property=\"og:title\" content=\"PdfTools Shop - PdfTools Bundle Netzwerklizenz (ab 5 gleichzeitige Benutzer)\" \/>\n<meta property=\"og:description\" content=\"Dieses Paket enth\u00e4lt unsere wichtigsten PDF-Werkzeuge als Netzwerk- \/ Mehrbenutzerlizenz:\u00a0PdfEditor, PdfGrabber, PdfPrinter und PdfMerger - alle als Professional-Version.    Einmalige Lizenzkosten, kein Abo, keine Folgekosten   Mehrbenutzerlizenz (concurrent) f\u00fcr Windows (32 &amp; 64bit)   Alle wichtigen PdfTools in einem Paket zum Sparpreis   Alle Daten werden offline verarbeitet (kein Cloud-Zwang)   Kostenlose Updates innerhalb der Hauptversion   Unbegrenzte G\u00fcltigkeit der Lizenz\" \/>\n<meta property=\"og:url\" content=\"https:\/\/www.pixelplanet.com\/de\/produkt\/pdftools-bundle-net\/\" \/>\n<meta property=\"og:site_name\" content=\"PixelPlanet.com - PDF-Software-Shop\" \/>\n<meta property=\"article:publisher\" content=\"https:\/\/www.facebook.com\/PixelPlanet\" \/>\n<meta property=\"article:modified_time\" content=\"2023-01-11T21:32:10+00:00\" \/>\n<meta property=\"og:image\" content=\"https:\/\/www.pixelplanet.com\/wp-content\/uploads\/2017\/10\/Bundle-Boxshot-Windows-Netzwerk-ENU.png\" \/>\n\t<meta property=\"og:image:width\" content=\"312\" \/>\n\t<meta property=\"og:image:height\" content=\"380\" \/>\n\t<meta property=\"og:image:type\" content=\"image\/png\" \/>\n<meta name=\"twitter:card\" content=\"summary_large_image\" \/>\n<meta name=\"twitter:site\" content=\"@PixelPlanet\" \/>\n<meta name=\"twitter:label1\" content=\"Verf\u00fcgbarkeit\" \/>\n\t<meta name=\"twitter:data1\" content=\"Auf Lager\" \/>\n<script type=\"application\/ld+json\" class=\"yoast-schema-graph\">{\"@context\":\"https:\\\/\\\/schema.org\",\"@graph\":[{\"@type\":\"WebPage\",\"@id\":\"https:\\\/\\\/www.pixelplanet.com\\\/de\\\/produkt\\\/pdftools-bundle-net\\\/\",\"url\":\"https:\\\/\\\/www.pixelplanet.com\\\/de\\\/produkt\\\/pdftools-bundle-net\\\/\",\"name\":\"PdfTools Shop - PdfTools Bundle Netzwerklizenz - ab 499\u20ac\",\"isPartOf\":{\"@id\":\"https:\\\/\\\/www.pixelplanet.com\\\/de\\\/#website\"},\"primaryImageOfPage\":{\"@id\":\"https:\\\/\\\/www.pixelplanet.com\\\/de\\\/produkt\\\/pdftools-bundle-net\\\/#primaryimage\"},\"image\":{\"@id\":\"https:\\\/\\\/www.pixelplanet.com\\\/de\\\/produkt\\\/pdftools-bundle-net\\\/#primaryimage\"},\"thumbnailUrl\":\"https:\\\/\\\/www.pixelplanet.com\\\/wp-content\\\/uploads\\\/2017\\\/10\\\/Bundle-Boxshot-Windows-Netzwerk-ENU.png\",\"datePublished\":\"2017-11-23T10:49:14+00:00\",\"dateModified\":\"2023-01-11T21:32:10+00:00\",\"description\":\"Die Lizenz gestattet die gleichzeitige Installation und Benutzung des PdfTools Bundle in einem Netzwerk (LAN). Erh\u00e4ltlich ab 5 Benutzern (concurrent user).\",\"breadcrumb\":{\"@id\":\"https:\\\/\\\/www.pixelplanet.com\\\/de\\\/produkt\\\/pdftools-bundle-net\\\/#breadcrumb\"},\"inLanguage\":\"de\",\"potentialAction\":[{\"@type\":\"ReadAction\",\"target\":[\"https:\\\/\\\/www.pixelplanet.com\\\/de\\\/produkt\\\/pdftools-bundle-net\\\/\"]}]},{\"@type\":\"ImageObject\",\"inLanguage\":\"de\",\"@id\":\"https:\\\/\\\/www.pixelplanet.com\\\/de\\\/produkt\\\/pdftools-bundle-net\\\/#primaryimage\",\"url\":\"https:\\\/\\\/www.pixelplanet.com\\\/wp-content\\\/uploads\\\/2017\\\/10\\\/Bundle-Boxshot-Windows-Netzwerk-ENU.png\",\"contentUrl\":\"https:\\\/\\\/www.pixelplanet.com\\\/wp-content\\\/uploads\\\/2017\\\/10\\\/Bundle-Boxshot-Windows-Netzwerk-ENU.png\",\"width\":312,\"height\":380},{\"@type\":\"BreadcrumbList\",\"@id\":\"https:\\\/\\\/www.pixelplanet.com\\\/de\\\/produkt\\\/pdftools-bundle-net\\\/#breadcrumb\",\"itemListElement\":[{\"@type\":\"ListItem\",\"position\":1,\"name\":\"Home\",\"item\":\"https:\\\/\\\/www.pixelplanet.com\\\/de\\\/home\\\/\"},{\"@type\":\"ListItem\",\"position\":2,\"name\":\"Preise + Shop\",\"item\":\"https:\\\/\\\/www.pixelplanet.com\\\/de\\\/shop\\\/\"},{\"@type\":\"ListItem\",\"position\":3,\"name\":\"PdfTools Bundle Netzwerklizenz (ab 5 gleichzeitige Benutzer)\"}]},{\"@type\":\"WebSite\",\"@id\":\"https:\\\/\\\/www.pixelplanet.com\\\/de\\\/#website\",\"url\":\"https:\\\/\\\/www.pixelplanet.com\\\/de\\\/\",\"name\":\"PixelPlanet.com - PDF-Software-Shop\",\"description\":\"Edit, convert, create, merge and split PDF documents on Windows and Mac\",\"publisher\":{\"@id\":\"https:\\\/\\\/www.pixelplanet.com\\\/de\\\/#organization\"},\"potentialAction\":[{\"@type\":\"SearchAction\",\"target\":{\"@type\":\"EntryPoint\",\"urlTemplate\":\"https:\\\/\\\/www.pixelplanet.com\\\/de\\\/?s={search_term_string}\"},\"query-input\":{\"@type\":\"PropertyValueSpecification\",\"valueRequired\":true,\"valueName\":\"search_term_string\"}}],\"inLanguage\":\"de\"},{\"@type\":\"Organization\",\"@id\":\"https:\\\/\\\/www.pixelplanet.com\\\/de\\\/#organization\",\"name\":\"PixelPlanet\",\"url\":\"https:\\\/\\\/www.pixelplanet.com\\\/de\\\/\",\"logo\":{\"@type\":\"ImageObject\",\"inLanguage\":\"de\",\"@id\":\"https:\\\/\\\/www.pixelplanet.com\\\/de\\\/#\\\/schema\\\/logo\\\/image\\\/\",\"url\":\"https:\\\/\\\/www.pixelplanet.com\\\/wp-content\\\/uploads\\\/2016\\\/12\\\/PixelPlanet-Logo-540x100.png\",\"contentUrl\":\"https:\\\/\\\/www.pixelplanet.com\\\/wp-content\\\/uploads\\\/2016\\\/12\\\/PixelPlanet-Logo-540x100.png\",\"width\":540,\"height\":100,\"caption\":\"PixelPlanet\"},\"image\":{\"@id\":\"https:\\\/\\\/www.pixelplanet.com\\\/de\\\/#\\\/schema\\\/logo\\\/image\\\/\"},\"sameAs\":[\"https:\\\/\\\/www.facebook.com\\\/PixelPlanet\",\"https:\\\/\\\/x.com\\\/PixelPlanet\",\"https:\\\/\\\/www.instagram.com\\\/pixelplanet.software\\\/\",\"https:\\\/\\\/linkedin.com\\\/company\\\/pixelplanet-software\"]}]}<\/script>\n<meta property=\"og:availability\" content=\"instock\" \/>\n<meta property=\"product:availability\" content=\"instock\" \/>\n<meta property=\"product:condition\" content=\"new\" \/>\n<!-- \/ Yoast SEO Premium plugin. -->","yoast_head_json":{"title":"PdfTools Shop - PdfTools Bundle Netzwerklizenz - ab 499\u20ac","description":"Die Lizenz gestattet die gleichzeitige Installation und Benutzung des PdfTools Bundle in einem Netzwerk (LAN). Erh\u00e4ltlich ab 5 Benutzern (concurrent user).","robots":{"index":"index","follow":"follow","max-snippet":"max-snippet:-1","max-image-preview":"max-image-preview:large","max-video-preview":"max-video-preview:-1"},"canonical":"https:\/\/www.pixelplanet.com\/de\/produkt\/pdftools-bundle-net\/","og_locale":"de_DE","og_type":"article","og_title":"PdfTools Shop - PdfTools Bundle Netzwerklizenz (ab 5 gleichzeitige Benutzer)","og_description":"Dieses Paket enth\u00e4lt unsere wichtigsten PDF-Werkzeuge als Netzwerk- \/ Mehrbenutzerlizenz:\u00a0PdfEditor, PdfGrabber, PdfPrinter und PdfMerger - alle als Professional-Version.    Einmalige Lizenzkosten, kein Abo, keine Folgekosten   Mehrbenutzerlizenz (concurrent) f\u00fcr Windows (32 &amp; 64bit)   Alle wichtigen PdfTools in einem Paket zum Sparpreis   Alle Daten werden offline verarbeitet (kein Cloud-Zwang)   Kostenlose Updates innerhalb der Hauptversion   Unbegrenzte G\u00fcltigkeit der Lizenz","og_url":"https:\/\/www.pixelplanet.com\/de\/produkt\/pdftools-bundle-net\/","og_site_name":"PixelPlanet.com - PDF-Software-Shop","article_publisher":"https:\/\/www.facebook.com\/PixelPlanet","article_modified_time":"2023-01-11T21:32:10+00:00","og_image":[{"width":312,"height":380,"url":"https:\/\/www.pixelplanet.com\/wp-content\/uploads\/2017\/10\/Bundle-Boxshot-Windows-Netzwerk-ENU.png","type":"image\/png"}],"twitter_card":"summary_large_image","twitter_site":"@PixelPlanet","twitter_misc":{"Verf\u00fcgbarkeit":"Auf Lager"},"schema":{"@context":"https:\/\/schema.org","@graph":[{"@type":"WebPage","@id":"https:\/\/www.pixelplanet.com\/de\/produkt\/pdftools-bundle-net\/","url":"https:\/\/www.pixelplanet.com\/de\/produkt\/pdftools-bundle-net\/","name":"PdfTools Shop - PdfTools Bundle Netzwerklizenz - ab 499\u20ac","isPartOf":{"@id":"https:\/\/www.pixelplanet.com\/de\/#website"},"primaryImageOfPage":{"@id":"https:\/\/www.pixelplanet.com\/de\/produkt\/pdftools-bundle-net\/#primaryimage"},"image":{"@id":"https:\/\/www.pixelplanet.com\/de\/produkt\/pdftools-bundle-net\/#primaryimage"},"thumbnailUrl":"https:\/\/www.pixelplanet.com\/wp-content\/uploads\/2017\/10\/Bundle-Boxshot-Windows-Netzwerk-ENU.png","datePublished":"2017-11-23T10:49:14+00:00","dateModified":"2023-01-11T21:32:10+00:00","description":"Die Lizenz gestattet die gleichzeitige Installation und Benutzung des PdfTools Bundle in einem Netzwerk (LAN). Erh\u00e4ltlich ab 5 Benutzern (concurrent user).","breadcrumb":{"@id":"https:\/\/www.pixelplanet.com\/de\/produkt\/pdftools-bundle-net\/#breadcrumb"},"inLanguage":"de","potentialAction":[{"@type":"ReadAction","target":["https:\/\/www.pixelplanet.com\/de\/produkt\/pdftools-bundle-net\/"]}]},{"@type":"ImageObject","inLanguage":"de","@id":"https:\/\/www.pixelplanet.com\/de\/produkt\/pdftools-bundle-net\/#primaryimage","url":"https:\/\/www.pixelplanet.com\/wp-content\/uploads\/2017\/10\/Bundle-Boxshot-Windows-Netzwerk-ENU.png","contentUrl":"https:\/\/www.pixelplanet.com\/wp-content\/uploads\/2017\/10\/Bundle-Boxshot-Windows-Netzwerk-ENU.png","width":312,"height":380},{"@type":"BreadcrumbList","@id":"https:\/\/www.pixelplanet.com\/de\/produkt\/pdftools-bundle-net\/#breadcrumb","itemListElement":[{"@type":"ListItem","position":1,"name":"Home","item":"https:\/\/www.pixelplanet.com\/de\/home\/"},{"@type":"ListItem","position":2,"name":"Preise + Shop","item":"https:\/\/www.pixelplanet.com\/de\/shop\/"},{"@type":"ListItem","position":3,"name":"PdfTools Bundle Netzwerklizenz (ab 5 gleichzeitige Benutzer)"}]},{"@type":"WebSite","@id":"https:\/\/www.pixelplanet.com\/de\/#website","url":"https:\/\/www.pixelplanet.com\/de\/","name":"PixelPlanet.com - PDF-Software-Shop","description":"Edit, convert, create, merge and split PDF documents on Windows and Mac","publisher":{"@id":"https:\/\/www.pixelplanet.com\/de\/#organization"},"potentialAction":[{"@type":"SearchAction","target":{"@type":"EntryPoint","urlTemplate":"https:\/\/www.pixelplanet.com\/de\/?s={search_term_string}"},"query-input":{"@type":"PropertyValueSpecification","valueRequired":true,"valueName":"search_term_string"}}],"inLanguage":"de"},{"@type":"Organization","@id":"https:\/\/www.pixelplanet.com\/de\/#organization","name":"PixelPlanet","url":"https:\/\/www.pixelplanet.com\/de\/","logo":{"@type":"ImageObject","inLanguage":"de","@id":"https:\/\/www.pixelplanet.com\/de\/#\/schema\/logo\/image\/","url":"https:\/\/www.pixelplanet.com\/wp-content\/uploads\/2016\/12\/PixelPlanet-Logo-540x100.png","contentUrl":"https:\/\/www.pixelplanet.com\/wp-content\/uploads\/2016\/12\/PixelPlanet-Logo-540x100.png","width":540,"height":100,"caption":"PixelPlanet"},"image":{"@id":"https:\/\/www.pixelplanet.com\/de\/#\/schema\/logo\/image\/"},"sameAs":["https:\/\/www.facebook.com\/PixelPlanet","https:\/\/x.com\/PixelPlanet","https:\/\/www.instagram.com\/pixelplanet.software\/","https:\/\/linkedin.com\/company\/pixelplanet-software"]}]},"og_availability":"instock","product_availability":"instock","product_condition":"new"},"_links":{"self":[{"href":"https:\/\/www.pixelplanet.com\/de\/wp-json\/wp\/v2\/product\/7393","targetHints":{"allow":["GET"]}}],"collection":[{"href":"https:\/\/www.pixelplanet.com\/de\/wp-json\/wp\/v2\/product"}],"about":[{"href":"https:\/\/www.pixelplanet.com\/de\/wp-json\/wp\/v2\/types\/product"}],"wp:featuredmedia":[{"embeddable":true,"href":"https:\/\/www.pixelplanet.com\/de\/wp-json\/wp\/v2\/media\/6783"}],"wp:attachment":[{"href":"https:\/\/www.pixelplanet.com\/de\/wp-json\/wp\/v2\/media?parent=7393"}],"wp:term":[{"taxonomy":"product_brand","embeddable":true,"href":"https:\/\/www.pixelplanet.com\/de\/wp-json\/wp\/v2\/product_brand?post=7393"},{"taxonomy":"product_cat","embeddable":true,"href":"https:\/\/www.pixelplanet.com\/de\/wp-json\/wp\/v2\/product_cat?post=7393"},{"taxonomy":"product_tag","embeddable":true,"href":"https:\/\/www.pixelplanet.com\/de\/wp-json\/wp\/v2\/product_tag?post=7393"}],"curies":[{"name":"wp","href":"https:\/\/api.w.org\/{rel}","templated":true}]}}