{"id":12733,"date":"2018-03-01T16:20:20","date_gmt":"2018-03-01T15:20:20","guid":{"rendered":"https:\/\/www.pixelplanet.com\/pdfgrabber\/prices\/"},"modified":"2023-10-18T16:41:47","modified_gmt":"2023-10-18T14:41:47","slug":"prix","status":"publish","type":"page","link":"https:\/\/www.pixelplanet.com\/fr\/pdfgrabber\/prix\/","title":{"rendered":"Prix et Versions"},"content":{"rendered":"<section class=\"l-section wpb_row us_custom_e11ab399 height_small\"><div class=\"l-section-h i-cf\"><div class=\"g-cols vc_row via_flex valign_middle type_default stacking_default\"><div class=\"vc_col-sm-6 wpb_column vc_column_container\"><div class=\"vc_column-inner\"><div class=\"wpb_wrapper\"><h1 class=\"w-post-elm post_title us_custom_607cd7e8 entry-title color_link_inherit\">Prix et Versions<\/h1><\/div><\/div><\/div><div class=\"vc_col-sm-6 wpb_column vc_column_container\"><div class=\"vc_column-inner\"><div class=\"wpb_wrapper\"><nav class=\"g-breadcrumbs us_custom_ea2be81a separator_icon align_right\"><div class=\"g-breadcrumbs-item\"><a href=\"https:\/\/www.pixelplanet.com\/fr\/\">Accueil<\/a><meta content=\"1\"\/><\/div><div class=\"g-breadcrumbs-separator\"><i class=\"far fa-angle-right\"><\/i><\/div><div class=\"g-breadcrumbs-item\">Pages<\/div><\/nav><\/div><\/div><\/div><\/div><\/div><\/section><section class=\"l-section wpb_row height_medium\"><div class=\"l-section-h i-cf\"><div class=\"g-cols vc_row via_flex valign_top type_default stacking_default\"><div class=\"vc_col-sm-12 wpb_column vc_column_container\"><div class=\"vc_column-inner\"><div class=\"wpb_wrapper\"><div class=\"g-cols wpb_row via_flex valign_top type_default stacking_default\"><div class=\"vc_col-sm-4 wpb_column vc_column_container\"><div class=\"vc_column-inner\"><div class=\"wpb_wrapper\"><div class=\"w-pricing style_simple items_1\"><div class=\"w-pricing-item type_default\"><div class=\"w-pricing-item-h\"><div class=\"w-pricing-item-header\"><div class=\"w-pricing-item-title\"><i class=\"blue fab fa-windows fa-3x\"><\/i><br><br>PdfGrabber Home<br><small>PDF en Word et texte<\/small><\/div><div class=\"w-pricing-item-price\">\u20ac49<small>licence unique<\/small><\/div><\/div><ul class=\"w-pricing-item-features\"><li class=\"w-pricing-item-feature\"><i class=\"fas fa-file-word blue\"><\/i> + <i class=\"fas fa-file-alt blue\"><\/i> PDF en Word et text (ascii)<\/li><li class=\"w-pricing-item-feature\"><i class=\"fas fa-list blue\"><\/i> Exportation simultan\u00e9e de plusieurs documents PDF<\/li><li class=\"w-pricing-item-feature\"><i class=\"fas fa-print blue\"><\/i> Cr\u00e9er des PDF via une imprimante PDF<\/li><li class=\"w-pricing-item-feature\"><i class=\"fas fa-download blue\"><\/i> Mises \u00e0 jour gratuites dans la version 9<\/li><li class=\"w-pricing-item-feature\"><i class=\"fas fa-heart blue\"><\/i> Validit\u00e9 illimit\u00e9e de votre licence<\/li><li class=\"w-pricing-item-feature\"><i class=\"fas fa-coin blue\"><\/i> Co\u00fbts de licence unique, sans abonnement, sans frais de suivi<\/li><\/ul><div class=\"w-pricing-item-footer\"><a class=\"w-btn us-btn-style_4 icon_atleft\" style=\"font-size:15px\" href=\"https:\/\/www.pixelplanet.com\/fr\/produit\/pdfgrabber-home\/\"><i class=\"fas fa-shopping-cart\"><\/i><span class=\"w-btn-label\">Voir Le Produit<\/span><\/a><\/div><\/div><\/div><\/div><\/div><\/div><\/div><div class=\"vc_col-sm-4 wpb_column vc_column_container\"><div class=\"vc_column-inner\"><div class=\"wpb_wrapper\"><div class=\"w-pricing style_simple items_1\"><div class=\"w-pricing-item type_default\"><div class=\"w-pricing-item-h\"><div class=\"w-pricing-item-header\"><div class=\"w-pricing-item-title\"><i class=\"blue fab fa-windows fa-3x\"><\/i><br><br>PdfGrabber Standard<br><small>PDF en Word, Excel, Image, HTML, eBook et texte<\/small><\/div><div class=\"w-pricing-item-price\">\u20ac79<small>licence unique<\/small><\/div><\/div><ul class=\"w-pricing-item-features\"><li class=\"w-pricing-item-feature\"><i class=\"fas fa-thumbs-up blue\"><\/i> Toutes les fonctionnalit\u00e9s de la version Home<\/li><li class=\"w-pricing-item-feature\"><i class=\"fas fa-file-word blue\"><\/i> PDF en Word<\/li><li class=\"w-pricing-item-feature\"><i class=\"fas fa-file-alt blue\"><\/i> PDF en texte (ascii)<\/li><li class=\"w-pricing-item-feature\"><i class=\"fas fa-file-excel blue\"><\/i> PDF en Excel<\/li><li class=\"w-pricing-item-feature\"><i class=\"fas fa-image blue\"><\/i> PDF en images<\/li><li class=\"w-pricing-item-feature\"><i class=\"fas fa-images blue\"><\/i> Exporter des images<\/li><li class=\"w-pricing-item-feature\"><i class=\"fab fa-html5 blue\"><\/i>PDF en HTML<\/li><li class=\"w-pricing-item-feature\"><i class=\"fas fa-book blue\"><\/i> PDF en eBook<\/li><\/ul><div class=\"w-pricing-item-footer\"><a class=\"w-btn us-btn-style_4 icon_atleft\" style=\"font-size:15px\" href=\"https:\/\/www.pixelplanet.com\/fr\/produit\/pdfgrabber-standard\/\"><i class=\"fas fa-shopping-cart\"><\/i><span class=\"w-btn-label\">Voir Le Produit<\/span><\/a><\/div><\/div><\/div><\/div><\/div><\/div><\/div><div class=\"vc_col-sm-4 wpb_column vc_column_container\"><div class=\"vc_column-inner\"><div class=\"wpb_wrapper\"><div class=\"w-pricing style_simple items_1\"><div class=\"w-pricing-item type_featured\"><div class=\"w-pricing-item-h\"><div class=\"w-pricing-item-header\"><div class=\"w-pricing-item-title\"><i class=\"fab fa-windows fa-3x\"><\/i><br><br>PdfGrabber Professionnel<br><small> PDF to CAD, DXF, Word, Excel, PowerPoint, HTML, ePub, TXT, XML et images<\/small><\/div><div class=\"w-pricing-item-price\">\u20ac99<small>licence unique<\/small><\/div><\/div><ul class=\"w-pricing-item-features\"><li class=\"w-pricing-item-feature\"><i class=\"fas fa-thumbs-up blue\"><\/i> Toutes les fonctionnalit\u00e9s des versions Home et Standard<\/li><li class=\"w-pricing-item-feature\"><i class=\"fas fa-magic blue\"><\/i> Commande \u00e0 distance (ligne de commande, dossier contr\u00f4l\u00e9, interface COM)<\/li><li class=\"w-pricing-item-feature\"><i class=\"fas fa-cogs blue\"><\/i> PDF en CAO \/ AutoCAD \/ DXF<\/li><li class=\"w-pricing-item-feature\"><i class=\"fas fa-file-powerpoint blue\"><\/i> PDF en PowerPoint<\/li><li class=\"w-pricing-item-feature\"><i class=\"fas fa-file-word blue\"><\/i> + <i class=\"fas fa-file-excel blue\"><\/i> + <i class=\"fas fa-file-alt blue\"><\/i> PDF en Word, Excel et texte<\/li><li class=\"w-pricing-item-feature\"><i class=\"fas fa-image blue\"><\/i> + <i class=\"fas fa-images blue\"><\/i> PDF en image \/ Exporter des images<\/li><li class=\"w-pricing-item-feature\"><i class=\"fab fa-html5 blue\"><\/i> + <i class=\"fas fa-book blue\"><\/i> PDF en HTML et eBook<\/li><li class=\"w-pricing-item-feature\"><i class=\"fas fa-code blue\"><\/i> PDF en XML<\/li><\/ul><div class=\"w-pricing-item-footer\"><a class=\"w-btn us-btn-style_4 icon_atleft\" style=\"font-size:15px\" href=\"https:\/\/www.pixelplanet.com\/fr\/produit\/pdfgrabber-professionnel\/\"><i class=\"fas fa-shopping-cart\"><\/i><span class=\"w-btn-label\">Voir Le Produit<\/span><\/a><\/div><\/div><\/div><\/div><\/div><\/div><\/div><\/div><div class=\"w-separator size_large\"><\/div><div class=\"g-cols wpb_row via_flex valign_top type_default stacking_default\"><div class=\"vc_col-sm-4 wpb_column vc_column_container\"><div class=\"vc_column-inner\"><div class=\"wpb_wrapper\"><div class=\"w-pricing style_simple items_1\"><div class=\"w-pricing-item type_default\"><div class=\"w-pricing-item-h\"><div class=\"w-pricing-item-header\"><div class=\"w-pricing-item-title\"><i class=\"blue fab fa-windows fa-3x\"><\/i><br><br>Professional PACK DE DEUX<br><small>2 x PdfGrabber Professionnel<\/small><\/div><div class=\"w-pricing-item-price\">\u20ac149<small>2 x licence unique<\/small><\/div><\/div><ul class=\"w-pricing-item-features\"><li class=\"w-pricing-item-feature\"><i class=\"fas fa-user blue\"><\/i> + <i class=\"fas fa-user blue\"><\/i> 2 licences unitaires<\/li><li class=\"w-pricing-item-feature\"><i class=\"fas fa-magic blue\"><\/i> Commande \u00e0 distance (ligne de commande, dossier contr\u00f4l\u00e9, interface COM)<\/li><li class=\"w-pricing-item-feature\"><i class=\"fas fa-cogs blue\"><\/i> PDF en CAO \/ AutoCAD \/ DXF<\/li><li class=\"w-pricing-item-feature\"><i class=\"fas fa-file-powerpoint blue\"><\/i> PDF en PowerPoint<\/li><li class=\"w-pricing-item-feature\"><i class=\"fas fa-file-word blue\"><\/i> + <i class=\"fas fa-file-excel blue\"><\/i> + <i class=\"fas fa-file-alt blue\"><\/i> PDF en Word, Excel et text<\/li><li class=\"w-pricing-item-feature\"><i class=\"fas fa-image blue\"><\/i> + <i class=\"fas fa-images blue\"><\/i> PDF en image \/ Exporter des images<\/li><li class=\"w-pricing-item-feature\"><i class=\"fab fa-html5 blue\"><\/i> + <i class=\"fas fa-book blue\"><\/i> + <i class=\"fas fa-code blue\"><\/i> PDF en HTML, eBook et XML<\/li><\/ul><div class=\"w-pricing-item-footer\"><a class=\"w-btn us-btn-style_4 icon_atleft\" style=\"font-size:15px\" href=\"https:\/\/www.pixelplanet.com\/fr\/produit\/pdfgrabber-professionnel-pack-de-deux\/\"><i class=\"fas fa-shopping-cart\"><\/i><span class=\"w-btn-label\">Voir le Produit<\/span><\/a><\/div><\/div><\/div><\/div><\/div><\/div><\/div><div class=\"vc_col-sm-4 wpb_column vc_column_container\"><div class=\"vc_column-inner\"><div class=\"wpb_wrapper\"><div class=\"w-pricing style_simple items_1\"><div class=\"w-pricing-item type_default\"><div class=\"w-pricing-item-h\"><div class=\"w-pricing-item-header\"><div class=\"w-pricing-item-title\"><i class=\"blue fab fa-windows fa-3x\"><\/i><br><br>Professional PACK DE TROIS<br><small>2 x PdfGrabber Professionnel<\/small><\/div><div class=\"w-pricing-item-price\">\u20ac199<small>3 x licence unique<\/small><\/div><\/div><ul class=\"w-pricing-item-features\"><li class=\"w-pricing-item-feature\"><i class=\"fas fa-user blue\"><\/i> + <i class=\"fas fa-user blue\"><\/i> + <i class=\"fas fa-user blue\"><\/i> 3 licences unitaires<\/li><li class=\"w-pricing-item-feature\"><i class=\"fas fa-magic blue\"><\/i> Commande \u00e0 distance (ligne de commande, dossier contr\u00f4l\u00e9, interface COM)<\/li><li class=\"w-pricing-item-feature\"><i class=\"fas fa-cogs blue\"><\/i> PDF en CAO \/ AutoCAD \/ DXF<\/li><li class=\"w-pricing-item-feature\"><i class=\"fas fa-file-powerpoint blue\"><\/i> PDF en PowerPoint<\/li><li class=\"w-pricing-item-feature\"><i class=\"fas fa-file-word blue\"><\/i> + <i class=\"fas fa-file-excel blue\"><\/i> + <i class=\"fas fa-file-alt blue\"><\/i> PDF en Word, Excel et text<\/li><li class=\"w-pricing-item-feature\"><i class=\"fas fa-image blue\"><\/i> + <i class=\"fas fa-images blue\"><\/i> PDF en image \/ Exporter des images<\/li><li class=\"w-pricing-item-feature\"><i class=\"fab fa-html5 blue\"><\/i> + <i class=\"fas fa-book blue\"><\/i> + <i class=\"fas fa-code blue\"><\/i> PDF en HTML, eBook et XML<\/li><\/ul><div class=\"w-pricing-item-footer\"><a class=\"w-btn us-btn-style_4 icon_atleft\" style=\"font-size:15px\" href=\"https:\/\/www.pixelplanet.com\/fr\/produit\/pdfgrabber-professionnel-pack-de-trois\/\"><i class=\"fas fa-shopping-cart\"><\/i><span class=\"w-btn-label\">Voir le Produit<\/span><\/a><\/div><\/div><\/div><\/div><\/div><\/div><\/div><div class=\"vc_col-sm-4 wpb_column vc_column_container\"><div class=\"vc_column-inner\"><div class=\"wpb_wrapper\"><div class=\"w-pricing style_simple items_1\"><div class=\"w-pricing-item type_featured\"><div class=\"w-pricing-item-h\"><div class=\"w-pricing-item-header\"><div class=\"w-pricing-item-title\"><i class=\"fab fa-windows fa-3x\"><\/i><br><br>Professionnel LICENCE R\u00c9SEAU<br><small>\u00c0 partir de :<\/small><\/div><div class=\"w-pricing-item-price\">\u20ac299<small>5 Utilisateur et plus<\/small><\/div><\/div><ul class=\"w-pricing-item-features\"><li class=\"w-pricing-item-feature\"><i class=\"fas fa-users blue\"><\/i> Licence concurrente (\u00e0 partir de 5 utilisateurs)<\/li><li class=\"w-pricing-item-feature\"><i class=\"fas fa-sitemap blue\"><\/i> Plusieurs utilisateurs simultan\u00e9ment au sein d\u2019un r\u00e9seau (LAN)<\/li><li class=\"w-pricing-item-feature\"><i class=\"fas fa-cogs blue\"><\/i> PDF en CAO \/ AutoCAD \/ DXF<\/li><li class=\"w-pricing-item-feature\"><i class=\"fas fa-file-powerpoint blue\"><\/i> PDF en PowerPoint<\/li><li class=\"w-pricing-item-feature\"><i class=\"fas fa-file-word blue\"><\/i> + <i class=\"fas fa-file-excel blue\"><\/i> + <i class=\"fas fa-file-alt blue\"><\/i> PDF en Word, Excel et text<\/li><li class=\"w-pricing-item-feature\"><i class=\"fas fa-image blue\"><\/i> + <i class=\"fas fa-images blue\"><\/i> PDF en image \/ Exporter les images<\/li><li class=\"w-pricing-item-feature\"><i class=\"fab fa-html5 blue\"><\/i> + <i class=\"fas fa-book blue\"><\/i> + <i class=\"fas fa-code blue\"><\/i> PDF en HTML, eBook et XML<\/li><\/ul><div class=\"w-pricing-item-footer\"><a class=\"w-btn us-btn-style_4 icon_atleft\" style=\"font-size:15px\" href=\"https:\/\/www.pixelplanet.com\/fr\/produit\/pdfgrabber-professionnel-licence-reseau\/\"><i class=\"fas fa-shopping-cart\"><\/i><span class=\"w-btn-label\">Voir Le Produit<\/span><\/a><\/div><\/div><\/div><\/div><\/div><\/div><\/div><\/div><\/div><\/div><\/div><\/div><\/div><\/section><section class=\"l-section wpb_row us_custom_2d431bcd has_text_color height_medium\"><div class=\"l-section-h i-cf\"><div class=\"g-cols vc_row via_flex valign_top type_default stacking_default\"><div class=\"vc_col-sm-12 wpb_column vc_column_container\"><div class=\"vc_column-inner\"><div class=\"wpb_wrapper\"><div class=\"w-actionbox us_custom_a99bd6bc color_custom controls_right\"><div class=\"w-actionbox-text\"><h2 class=\"w-actionbox-title\">Essai gratuit<\/h2><div class=\"w-actionbox-description\"><p>La version d\u2019\u00e9valuation contient toutes les fonctions de PdfGrabber Professional. Toutefois, des caract\u00e8res \u00ab X \u00bb sont ajout\u00e9s \u00e0 des endroits al\u00e9atoires des textes export\u00e9s. Les graphiques et les images restent sous forme de filigrane. Ces restrictions sont \u00e9videmment supprim\u00e9es lors de l\u2019activation de la version compl\u00e8te.<\/p>\n<\/div><\/div><div class=\"w-actionbox-controls\"><a class=\"w-btn us-btn-style_8 icon_atleft\" style=\"font-size:16px\" href=\"https:\/\/www.pixelplanet.com\/fr\/pdfgrabber\/telechargement\/\"><i class=\"fas fa-download\"><\/i><span class=\"w-btn-label\">Essayer<\/span><\/a><\/div><\/div><\/div><\/div><\/div><\/div><\/div><\/section>\n","protected":false},"excerpt":{"rendered":"Prix et VersionsAccueilPagesPdfGrabber HomePDF en Word et texte\u20ac49licence unique + PDF en Word et text (ascii) Exportation simultan\u00e9e de plusieurs documents PDF Cr\u00e9er des PDF via une imprimante PDF Mises \u00e0 jour gratuites dans la version 9 Validit\u00e9 illimit\u00e9e de votre licence Co\u00fbts de licence unique, sans abonnement, sans frais de suiviVoir Le ProduitPdfGrabber StandardPDF...","protected":false},"author":1,"featured_media":0,"parent":13231,"menu_order":5,"comment_status":"closed","ping_status":"closed","template":"","meta":{"footnotes":""},"class_list":["post-12733","page","type-page","status-publish","hentry"],"yoast_head":"<!-- This site is optimized with the Yoast SEO Premium plugin v27.4 (Yoast SEO v27.4) - https:\/\/yoast.com\/product\/yoast-seo-premium-wordpress\/ -->\n<title>PdfGrabber - Versions et Prix (version Microsoft Windows)<\/title>\n<meta name=\"description\" content=\"Ici vous pouvez trouver des versions et des Prix pour le logiciel PixelPlanet PdfGrabber (version Microsoft Windows).\" \/>\n<meta name=\"robots\" content=\"index, follow, max-snippet:-1, max-image-preview:large, max-video-preview:-1\" \/>\n<link rel=\"canonical\" href=\"https:\/\/www.pixelplanet.com\/fr\/pdfgrabber\/prix\/\" \/>\n<meta property=\"og:locale\" content=\"fr_FR\" \/>\n<meta property=\"og:type\" content=\"article\" \/>\n<meta property=\"og:title\" content=\"PdfGrabber - Versions et Prix (version Windows)\" \/>\n<meta property=\"og:description\" content=\"Ici vous pouvez trouver des versions et des Prix pour le logiciel PixelPlanet PdfGrabber (version Microsoft Windows).\" \/>\n<meta property=\"og:url\" content=\"https:\/\/www.pixelplanet.com\/fr\/pdfgrabber\/prix\/\" \/>\n<meta property=\"og:site_name\" content=\"PixelPlanet.com - Boutique pour les logiciels PDF\" \/>\n<meta property=\"article:publisher\" content=\"https:\/\/www.facebook.com\/PixelPlanet\" \/>\n<meta property=\"article:modified_time\" content=\"2023-10-18T14:41:47+00:00\" \/>\n<meta property=\"og:image\" content=\"https:\/\/www.pixelplanet.com\/wp-content\/uploads\/2018\/02\/FaceBook-Homepage-DE-1200x630.jpg\" \/>\n\t<meta property=\"og:image:width\" content=\"1200\" \/>\n\t<meta property=\"og:image:height\" content=\"630\" \/>\n\t<meta property=\"og:image:type\" content=\"image\/jpeg\" \/>\n<meta name=\"twitter:card\" content=\"summary_large_image\" \/>\n<meta name=\"twitter:title\" content=\"PixelPlanet - Prix et Versions\" \/>\n<meta name=\"twitter:site\" content=\"@PixelPlanet\" \/>\n<meta name=\"twitter:label1\" content=\"Dur\u00e9e de lecture estim\u00e9e\" \/>\n\t<meta name=\"twitter:data1\" content=\"1 minute\" \/>\n<script type=\"application\/ld+json\" class=\"yoast-schema-graph\">{\"@context\":\"https:\\\/\\\/schema.org\",\"@graph\":[{\"@type\":\"WebPage\",\"@id\":\"https:\\\/\\\/www.pixelplanet.com\\\/fr\\\/pdfgrabber\\\/prix\\\/\",\"url\":\"https:\\\/\\\/www.pixelplanet.com\\\/fr\\\/pdfgrabber\\\/prix\\\/\",\"name\":\"PdfGrabber - Versions et Prix (version Microsoft Windows)\",\"isPartOf\":{\"@id\":\"https:\\\/\\\/www.pixelplanet.com\\\/fr\\\/#website\"},\"datePublished\":\"2018-03-01T15:20:20+00:00\",\"dateModified\":\"2023-10-18T14:41:47+00:00\",\"description\":\"Ici vous pouvez trouver des versions et des Prix pour le logiciel PixelPlanet PdfGrabber (version Microsoft Windows).\",\"breadcrumb\":{\"@id\":\"https:\\\/\\\/www.pixelplanet.com\\\/fr\\\/pdfgrabber\\\/prix\\\/#breadcrumb\"},\"inLanguage\":\"fr-FR\",\"potentialAction\":[{\"@type\":\"ReadAction\",\"target\":[\"https:\\\/\\\/www.pixelplanet.com\\\/fr\\\/pdfgrabber\\\/prix\\\/\"]}]},{\"@type\":\"BreadcrumbList\",\"@id\":\"https:\\\/\\\/www.pixelplanet.com\\\/fr\\\/pdfgrabber\\\/prix\\\/#breadcrumb\",\"itemListElement\":[{\"@type\":\"ListItem\",\"position\":1,\"name\":\"Home\",\"item\":\"https:\\\/\\\/www.pixelplanet.com\\\/fr\\\/\"},{\"@type\":\"ListItem\",\"position\":2,\"name\":\"PdfGrabber\",\"item\":\"https:\\\/\\\/www.pixelplanet.com\\\/fr\\\/pdfgrabber\\\/\"},{\"@type\":\"ListItem\",\"position\":3,\"name\":\"Prix et Versions\"}]},{\"@type\":\"WebSite\",\"@id\":\"https:\\\/\\\/www.pixelplanet.com\\\/fr\\\/#website\",\"url\":\"https:\\\/\\\/www.pixelplanet.com\\\/fr\\\/\",\"name\":\"PixelPlanet.com - Boutique pour les logiciels PDF\",\"description\":\"Edit, convert, create, merge and split PDF documents on Windows and Mac\",\"publisher\":{\"@id\":\"https:\\\/\\\/www.pixelplanet.com\\\/fr\\\/#organization\"},\"potentialAction\":[{\"@type\":\"SearchAction\",\"target\":{\"@type\":\"EntryPoint\",\"urlTemplate\":\"https:\\\/\\\/www.pixelplanet.com\\\/fr\\\/?s={search_term_string}\"},\"query-input\":{\"@type\":\"PropertyValueSpecification\",\"valueRequired\":true,\"valueName\":\"search_term_string\"}}],\"inLanguage\":\"fr-FR\"},{\"@type\":\"Organization\",\"@id\":\"https:\\\/\\\/www.pixelplanet.com\\\/fr\\\/#organization\",\"name\":\"PixelPlanet\",\"url\":\"https:\\\/\\\/www.pixelplanet.com\\\/fr\\\/\",\"logo\":{\"@type\":\"ImageObject\",\"inLanguage\":\"fr-FR\",\"@id\":\"https:\\\/\\\/www.pixelplanet.com\\\/fr\\\/#\\\/schema\\\/logo\\\/image\\\/\",\"url\":\"https:\\\/\\\/www.pixelplanet.com\\\/wp-content\\\/uploads\\\/2016\\\/12\\\/PixelPlanet-Logo-540x100.png\",\"contentUrl\":\"https:\\\/\\\/www.pixelplanet.com\\\/wp-content\\\/uploads\\\/2016\\\/12\\\/PixelPlanet-Logo-540x100.png\",\"width\":540,\"height\":100,\"caption\":\"PixelPlanet\"},\"image\":{\"@id\":\"https:\\\/\\\/www.pixelplanet.com\\\/fr\\\/#\\\/schema\\\/logo\\\/image\\\/\"},\"sameAs\":[\"https:\\\/\\\/www.facebook.com\\\/PixelPlanet\",\"https:\\\/\\\/x.com\\\/PixelPlanet\",\"https:\\\/\\\/www.instagram.com\\\/pixelplanet.software\\\/\",\"https:\\\/\\\/linkedin.com\\\/company\\\/pixelplanet-software\"]}]}<\/script>\n<!-- \/ Yoast SEO Premium plugin. -->","yoast_head_json":{"title":"PdfGrabber - Versions et Prix (version Microsoft Windows)","description":"Ici vous pouvez trouver des versions et des Prix pour le logiciel PixelPlanet PdfGrabber (version Microsoft Windows).","robots":{"index":"index","follow":"follow","max-snippet":"max-snippet:-1","max-image-preview":"max-image-preview:large","max-video-preview":"max-video-preview:-1"},"canonical":"https:\/\/www.pixelplanet.com\/fr\/pdfgrabber\/prix\/","og_locale":"fr_FR","og_type":"article","og_title":"PdfGrabber - Versions et Prix (version Windows)","og_description":"Ici vous pouvez trouver des versions et des Prix pour le logiciel PixelPlanet PdfGrabber (version Microsoft Windows).","og_url":"https:\/\/www.pixelplanet.com\/fr\/pdfgrabber\/prix\/","og_site_name":"PixelPlanet.com - Boutique pour les logiciels PDF","article_publisher":"https:\/\/www.facebook.com\/PixelPlanet","article_modified_time":"2023-10-18T14:41:47+00:00","og_image":[{"width":1200,"height":630,"url":"https:\/\/www.pixelplanet.com\/wp-content\/uploads\/2018\/02\/FaceBook-Homepage-DE-1200x630.jpg","type":"image\/jpeg"}],"twitter_card":"summary_large_image","twitter_title":"PixelPlanet - Prix et Versions","twitter_site":"@PixelPlanet","twitter_misc":{"Dur\u00e9e de lecture estim\u00e9e":"1 minute"},"schema":{"@context":"https:\/\/schema.org","@graph":[{"@type":"WebPage","@id":"https:\/\/www.pixelplanet.com\/fr\/pdfgrabber\/prix\/","url":"https:\/\/www.pixelplanet.com\/fr\/pdfgrabber\/prix\/","name":"PdfGrabber - Versions et Prix (version Microsoft Windows)","isPartOf":{"@id":"https:\/\/www.pixelplanet.com\/fr\/#website"},"datePublished":"2018-03-01T15:20:20+00:00","dateModified":"2023-10-18T14:41:47+00:00","description":"Ici vous pouvez trouver des versions et des Prix pour le logiciel PixelPlanet PdfGrabber (version Microsoft Windows).","breadcrumb":{"@id":"https:\/\/www.pixelplanet.com\/fr\/pdfgrabber\/prix\/#breadcrumb"},"inLanguage":"fr-FR","potentialAction":[{"@type":"ReadAction","target":["https:\/\/www.pixelplanet.com\/fr\/pdfgrabber\/prix\/"]}]},{"@type":"BreadcrumbList","@id":"https:\/\/www.pixelplanet.com\/fr\/pdfgrabber\/prix\/#breadcrumb","itemListElement":[{"@type":"ListItem","position":1,"name":"Home","item":"https:\/\/www.pixelplanet.com\/fr\/"},{"@type":"ListItem","position":2,"name":"PdfGrabber","item":"https:\/\/www.pixelplanet.com\/fr\/pdfgrabber\/"},{"@type":"ListItem","position":3,"name":"Prix et Versions"}]},{"@type":"WebSite","@id":"https:\/\/www.pixelplanet.com\/fr\/#website","url":"https:\/\/www.pixelplanet.com\/fr\/","name":"PixelPlanet.com - Boutique pour les logiciels PDF","description":"Edit, convert, create, merge and split PDF documents on Windows and Mac","publisher":{"@id":"https:\/\/www.pixelplanet.com\/fr\/#organization"},"potentialAction":[{"@type":"SearchAction","target":{"@type":"EntryPoint","urlTemplate":"https:\/\/www.pixelplanet.com\/fr\/?s={search_term_string}"},"query-input":{"@type":"PropertyValueSpecification","valueRequired":true,"valueName":"search_term_string"}}],"inLanguage":"fr-FR"},{"@type":"Organization","@id":"https:\/\/www.pixelplanet.com\/fr\/#organization","name":"PixelPlanet","url":"https:\/\/www.pixelplanet.com\/fr\/","logo":{"@type":"ImageObject","inLanguage":"fr-FR","@id":"https:\/\/www.pixelplanet.com\/fr\/#\/schema\/logo\/image\/","url":"https:\/\/www.pixelplanet.com\/wp-content\/uploads\/2016\/12\/PixelPlanet-Logo-540x100.png","contentUrl":"https:\/\/www.pixelplanet.com\/wp-content\/uploads\/2016\/12\/PixelPlanet-Logo-540x100.png","width":540,"height":100,"caption":"PixelPlanet"},"image":{"@id":"https:\/\/www.pixelplanet.com\/fr\/#\/schema\/logo\/image\/"},"sameAs":["https:\/\/www.facebook.com\/PixelPlanet","https:\/\/x.com\/PixelPlanet","https:\/\/www.instagram.com\/pixelplanet.software\/","https:\/\/linkedin.com\/company\/pixelplanet-software"]}]}},"_links":{"self":[{"href":"https:\/\/www.pixelplanet.com\/fr\/wp-json\/wp\/v2\/pages\/12733","targetHints":{"allow":["GET"]}}],"collection":[{"href":"https:\/\/www.pixelplanet.com\/fr\/wp-json\/wp\/v2\/pages"}],"about":[{"href":"https:\/\/www.pixelplanet.com\/fr\/wp-json\/wp\/v2\/types\/page"}],"author":[{"embeddable":true,"href":"https:\/\/www.pixelplanet.com\/fr\/wp-json\/wp\/v2\/users\/1"}],"replies":[{"embeddable":true,"href":"https:\/\/www.pixelplanet.com\/fr\/wp-json\/wp\/v2\/comments?post=12733"}],"version-history":[{"count":0,"href":"https:\/\/www.pixelplanet.com\/fr\/wp-json\/wp\/v2\/pages\/12733\/revisions"}],"up":[{"embeddable":true,"href":"https:\/\/www.pixelplanet.com\/fr\/wp-json\/wp\/v2\/pages\/13231"}],"wp:attachment":[{"href":"https:\/\/www.pixelplanet.com\/fr\/wp-json\/wp\/v2\/media?parent=12733"}],"curies":[{"name":"wp","href":"https:\/\/api.w.org\/{rel}","templated":true}]}}