{"id":13245,"date":"2018-04-10T12:59:55","date_gmt":"2018-04-10T10:59:55","guid":{"rendered":"https:\/\/www.pixelplanet.com\/?page_id=13245"},"modified":"2023-10-18T16:43:54","modified_gmt":"2023-10-18T14:43:54","slug":"telechargement","status":"publish","type":"page","link":"https:\/\/www.pixelplanet.com\/fr\/pdfgrabber\/telechargement\/","title":{"rendered":"T\u00e9l\u00e9charger version d&rsquo;essai"},"content":{"rendered":"<section class=\"l-section wpb_row us_custom_e11ab399 height_small\"><div class=\"l-section-h i-cf\"><div class=\"g-cols vc_row via_flex valign_middle type_default stacking_default\"><div class=\"vc_col-sm-6 wpb_column vc_column_container\"><div class=\"vc_column-inner\"><div class=\"wpb_wrapper\"><h1 class=\"w-post-elm post_title us_custom_607cd7e8 entry-title color_link_inherit\">T\u00e9l\u00e9charger version d&rsquo;essai<\/h1><\/div><\/div><\/div><div class=\"vc_col-sm-6 wpb_column vc_column_container\"><div class=\"vc_column-inner\"><div class=\"wpb_wrapper\"><nav class=\"g-breadcrumbs us_custom_ea2be81a separator_icon align_right\"><div class=\"g-breadcrumbs-item\"><a href=\"https:\/\/www.pixelplanet.com\/fr\/\">Accueil<\/a><meta content=\"1\"\/><\/div><div class=\"g-breadcrumbs-separator\"><i class=\"far fa-angle-right\"><\/i><\/div><div class=\"g-breadcrumbs-item\">Pages<\/div><\/nav><\/div><\/div><\/div><\/div><\/div><\/section><section class=\"l-section wpb_row height_medium\"><div class=\"l-section-h i-cf\"><div class=\"g-cols vc_row via_flex valign_top type_default stacking_default\"><div class=\"vc_col-sm-6 wpb_column vc_column_container\"><div class=\"vc_column-inner\"><div class=\"wpb_wrapper\"><div class=\"wpb_text_column\"><div class=\"wpb_wrapper\"><h2>PdfGrabber<\/h2>\n<p>Si vous avez d\u00e9j\u00e0 achet\u00e9 une licence pour pour la version actuelle de PdfGrabber chez nous ou l\u2019un de nos distributeurs autoris\u00e9s, vous pouvez activer la version compl\u00e8te \u00e0 partir de la version d\u2019\u00e9valuation en vous servant des donn\u00e9es de licence dont vous disposez.<\/p>\n<ul class=\"fa-ul\">\n<li><i class=\"fab fa-li fa-windows blue\"><\/i> Version 9.0.0.16 &#8211; Pour PC Windows 11, 10, 8, 7, 2016, 2014, 2012, 2008, Vista, 2003 ou XP (SP3)<\/li>\n<li><i class=\"fab fa-li fa-apple blue\"><\/i> Version 8.0.44 &#8211; Pour macOS X Snow Leopard\/Lion\/Mountain Lion\/Mavericks\/Yosemite\/El Capitan\/Sierra\/High Sierra\/Mojave (32bit, 10.6 &#8211; 10.14)<\/li>\n<li><i class=\"fas fa-li fa-exclamation blue\"><\/i>La version d\u2019\u00e9valuation : des caract\u00e8res \u00ab X \u00bb sont ajout\u00e9s \u00e0 des endroits al\u00e9atoires des textes export\u00e9s. Les graphiques et les images restent sous forme de filigrane. Ces restrictions sont \u00e9videmment supprim\u00e9es lors de l\u2019activation de la version compl\u00e8te.<\/li>\n<\/ul>\n<\/div><\/div><div class=\"w-separator size_small\"><\/div>[vc_raw_js]JTNDc2NyaXB0JTIwbGFuZ3VhZ2UlM0QlMjJqYXZhc2NyaXB0JTIyJTIwdHlwZSUzRCUyMnRleHQlMkZqYXZhc2NyaXB0JTIyJTNFJTBBaWYlMjAlMjglMjhuYXZpZ2F0b3IudXNlckFnZW50LmluZGV4T2YlMjglMjJXT1c2NCUyMiUyOSUyMCUzRCUzRCUyMC0xJTI5JTIwJTI2JTI2JTIwJTI4bmF2aWdhdG9yLnVzZXJBZ2VudC5pbmRleE9mJTI4JTIyV2luNjQlMjIlMjklMjAlM0QlM0QlMjAtMSUyOSUyMCUyNiUyNiUyMCUyOCUyMSUyMG5hdmlnYXRvci51c2VyQWdlbnQubWF0Y2glMjglMkZNYWNpbnRvc2glMkZpJTI5JTI5JTI5JTBBJTA5JTA5JTA5JTA5JTA5JTA5JTA5JTdCZG9jdW1lbnQud3JpdGUlMjglMjclM0NkaXYlMjBjbGFzcyUzRCUyMnctYnRuLXdyYXBwZXIlMjBhbGlnbl9sZWZ0JTIyJTNFJTNDYSUyMGNsYXNzJTNEJTIydy1idG4lMjB1cy1idG4tc3R5bGVfNCUyMGljb25fYXRsZWZ0JTIyJTIwaHJlZiUzRCUyMmh0dHBzJTNBJTJGJTJGd3d3LnBpeGVscGxhbmV0LmNvbSUyRmRvd25sb2FkJTJGUGRmR3JhYmJlciUyRlBkZkdyYWJiZXJfOV9TZXR1cF8zMmJpdF9GUkEuZXhlJTIyJTNFJTNDaSUyMGNsYXNzJTNEJTIyZmFiJTIwZmEtd2luZG93cyUyMiUzRSUzQyUyRmklM0UlM0NzcGFuJTIwY2xhc3MlM0QlMjJ3LWJ0bi1sYWJlbCUyMiUzRVdpbmRvd3MlMjAlMjgzMmJpdCUyOSUzQyUyRnNwYW4lM0UlM0MlMkZhJTNFJTNDJTJGZGl2JTNFJTIwJTNDZGl2JTIwY2xhc3MlM0QlMjJ3LWJ0bi13cmFwcGVyJTIwYWxpZ25fbGVmdCUyMiUzRSUzQ2ElMjBjbGFzcyUzRCUyMnctYnRuJTIwdXMtYnRuLXN0eWxlXzglMjBpY29uX2F0bGVmdCUyMiUyMGhyZWYlM0QlMjJodHRwcyUzQSUyRiUyRnd3dy5waXhlbHBsYW5ldC5jb20lMkZkb3dubG9hZCUyRlBkZkdyYWJiZXIlMkZQZGZHcmFiYmVyXzlfU2V0dXBfNjRiaXRfRlJBLmV4ZSUyMiUzRSUzQ2klMjBjbGFzcyUzRCUyMmZhYiUyMGZhLXdpbmRvd3MlMjIlM0UlM0MlMkZpJTNFJTNDc3BhbiUyMGNsYXNzJTNEJTIydy1idG4tbGFiZWwlMjIlM0VXaW5kb3dzJTIwJTI4NjRiaXQlMjklM0MlMkZzcGFuJTNFJTNDJTJGYSUzRSUzQyUyRmRpdiUzRSUzQ2RpdiUyMGNsYXNzJTNEJTIydy1idG4td3JhcHBlciUyMGFsaWduX2xlZnQlMjIlM0UlM0NhJTIwY2xhc3MlM0QlMjJ3LWJ0biUyMHVzLWJ0bi1zdHlsZV84JTIwaWNvbl9hdGxlZnQlMjIlMjBocmVmJTNEJTIyaHR0cHMlM0ElMkYlMkZ3d3cucGl4ZWxwbGFuZXQuY29tJTJGZG93bmxvYWQlMkZQZGZHcmFiYmVyJTJGUGRmR3JhYmJlcl9NQUNfRlJBLmRtZyUyMiUzRSUzQ2klMjBjbGFzcyUzRCUyMmZhYiUyMGZhLWFwcGxlJTIyJTNFJTNDJTJGaSUzRSUzQ3NwYW4lMjBjbGFzcyUzRCUyMnctYnRuLWxhYmVsJTIyJTNFQXBwbGUlMjBtYWNPUyUyMCUyOHNldWxlbWVudCUyMDMyYml0JTIwJTIxJTI5JTNDJTJGc3BhbiUzRSUzQyUyRmElM0UlM0MlMkZkaXYlM0UlMjclMjklM0IlN0QlMEElMEFpZiUyMCUyOCUyOCUyOG5hdmlnYXRvci51c2VyQWdlbnQuaW5kZXhPZiUyOCUyMldPVzY0JTIyJTI5JTIwJTIxJTNEJTIwLTElMjklMjAlN0MlN0MlMjAlMjhuYXZpZ2F0b3IudXNlckFnZW50LmluZGV4T2YlMjglMjJXaW42NCUyMiUyOSUyMCUyMSUzRCUyMC0xJTI5JTI5JTIwJTI2JTI2JTIwJTI4JTIxJTIwbmF2aWdhdG9yLnVzZXJBZ2VudC5tYXRjaCUyOCUyRk1hY2ludG9zaCUyRmklMjklMjklMjklMEElMDklMDklMDklMDklMDklMDklMDklN0Jkb2N1bWVudC53cml0ZSUyOCUyNyUzQ2RpdiUyMGNsYXNzJTNEJTIydy1idG4td3JhcHBlciUyMGFsaWduX2xlZnQlMjIlM0UlM0NhJTIwY2xhc3MlM0QlMjJ3LWJ0biUyMHVzLWJ0bi1zdHlsZV84JTIwaWNvbl9hdGxlZnQlMjIlMjBocmVmJTNEJTIyaHR0cHMlM0ElMkYlMkZ3d3cucGl4ZWxwbGFuZXQuY29tJTJGZG93bmxvYWQlMkZQZGZHcmFiYmVyJTJGUGRmR3JhYmJlcl85X1NldHVwXzMyYml0X0ZSQS5leGUlMjIlM0UlM0NpJTIwY2xhc3MlM0QlMjJmYWIlMjBmYS13aW5kb3dzJTIyJTNFJTNDJTJGaSUzRSUzQ3NwYW4lMjBjbGFzcyUzRCUyMnctYnRuLWxhYmVsJTIyJTNFV2luZG93cyUyMCUyODMyYml0JTI5JTNDJTJGc3BhbiUzRSUzQyUyRmElM0UlM0MlMkZkaXYlM0UlMjAlM0NkaXYlMjBjbGFzcyUzRCUyMnctYnRuLXdyYXBwZXIlMjBhbGlnbl9sZWZ0JTIyJTNFJTNDYSUyMGNsYXNzJTNEJTIydy1idG4lMjB1cy1idG4tc3R5bGVfNCUyMGljb25fYXRsZWZ0JTIyJTIwaHJlZiUzRCUyMmh0dHBzJTNBJTJGJTJGd3d3LnBpeGVscGxhbmV0LmNvbSUyRmRvd25sb2FkJTJGUGRmR3JhYmJlciUyRlBkZkdyYWJiZXJfOV9TZXR1cF82NGJpdF9GUkEuZXhlJTIyJTNFJTNDaSUyMGNsYXNzJTNEJTIyZmFiJTIwZmEtd2luZG93cyUyMiUzRSUzQyUyRmklM0UlM0NzcGFuJTIwY2xhc3MlM0QlMjJ3LWJ0bi1sYWJlbCUyMiUzRVdpbmRvd3MlMjAlMjg2NGJpdCUyOSUzQyUyRnNwYW4lM0UlM0MlMkZhJTNFJTNDJTJGZGl2JTNFJTNDZGl2JTIwY2xhc3MlM0QlMjJ3LWJ0bi13cmFwcGVyJTIwYWxpZ25fbGVmdCUyMiUzRSUzQ2ElMjBjbGFzcyUzRCUyMnctYnRuJTIwdXMtYnRuLXN0eWxlXzglMjBpY29uX2F0bGVmdCUyMiUyMGhyZWYlM0QlMjJodHRwcyUzQSUyRiUyRnd3dy5waXhlbHBsYW5ldC5jb20lMkZkb3dubG9hZCUyRlBkZkdyYWJiZXIlMkZQZGZHcmFiYmVyX01BQ19GUkEuZG1nJTIyJTNFJTNDaSUyMGNsYXNzJTNEJTIyZmFiJTIwZmEtYXBwbGUlMjIlM0UlM0MlMkZpJTNFJTNDc3BhbiUyMGNsYXNzJTNEJTIydy1idG4tbGFiZWwlMjIlM0VBcHBsZSUyMG1hY09TJTIwJTI4c2V1bGVtZW50JTIwMzJiaXQlMjAlMjElMjklM0MlMkZzcGFuJTNFJTNDJTJGYSUzRSUzQyUyRmRpdiUzRSUyNyUyOSUzQiU3RCUyMCUwQSUwQWlmJTIwJTI4bmF2aWdhdG9yLnVzZXJBZ2VudC5tYXRjaCUyOCUyRk1hY2ludG9zaCUyRmklMjklMjklMEElMDklMDklMDklMDklMDklMDklMDklN0Jkb2N1bWVudC53cml0ZSUyOCUyNyUzQ2RpdiUyMGNsYXNzJTNEJTIydy1idG4td3JhcHBlciUyMGFsaWduX2xlZnQlMjIlM0UlM0NhJTIwY2xhc3MlM0QlMjJ3LWJ0biUyMHVzLWJ0bi1zdHlsZV80JTIwaWNvbl9hdGxlZnQlMjIlMjBocmVmJTNEJTIyaHR0cHMlM0ElMkYlMkZ3d3cucGl4ZWxwbGFuZXQuY29tJTJGZG93bmxvYWQlMkZQZGZHcmFiYmVyJTJGUGRmR3JhYmJlcl9NQUNfRlJBLmRtZyUyMiUzRSUzQ2klMjBjbGFzcyUzRCUyMmZhYiUyMGZhLWFwcGxlJTIyJTNFJTNDJTJGaSUzRSUzQ3NwYW4lMjBjbGFzcyUzRCUyMnctYnRuLWxhYmVsJTIyJTNFQXBwbGUlMjBtYWNPUyUyMCUyOHNldWxlbWVudCUyMDMyYml0JTIwJTIxJTI5JTNDJTJGc3BhbiUzRSUzQyUyRmElM0UlM0MlMkZkaXYlM0UlM0NiciUyMCUyRiUzRSUzQ2RpdiUyMGNsYXNzJTNEJTIydy1idG4td3JhcHBlciUyMGFsaWduX2xlZnQlMjIlM0UlM0NhJTIwY2xhc3MlM0QlMjJ3LWJ0biUyMHVzLWJ0bi1zdHlsZV84JTIwaWNvbl9hdGxlZnQlMjIlMjBocmVmJTNEJTIyaHR0cHMlM0ElMkYlMkZ3d3cucGl4ZWxwbGFuZXQuY29tJTJGZG93bmxvYWQlMkZQZGZHcmFiYmVyJTJGUGRmR3JhYmJlcl85X1NldHVwXzMyYml0X0ZSQS5leGUlMjIlM0UlM0NpJTIwY2xhc3MlM0QlMjJmYWIlMjBmYS13aW5kb3dzJTIyJTNFJTNDJTJGaSUzRSUzQ3NwYW4lMjBjbGFzcyUzRCUyMnctYnRuLWxhYmVsJTIyJTNFV2luZG93cyUyMCUyODMyYml0JTI5JTNDJTJGc3BhbiUzRSUzQyUyRmElM0UlM0MlMkZkaXYlM0UlMjAlM0NkaXYlMjBjbGFzcyUzRCUyMnctYnRuLXdyYXBwZXIlMjBhbGlnbl9sZWZ0JTIyJTNFJTNDYSUyMGNsYXNzJTNEJTIydy1idG4lMjB1cy1idG4tc3R5bGVfOCUyMGljb25fYXRsZWZ0JTIyJTIwaHJlZiUzRCUyMmh0dHBzJTNBJTJGJTJGd3d3LnBpeGVscGxhbmV0LmNvbSUyRmRvd25sb2FkJTJGUGRmR3JhYmJlciUyRlBkZkdyYWJiZXJfOV9TZXR1cF82NGJpdF9GUkEuZXhlJTIyJTNFJTNDaSUyMGNsYXNzJTNEJTIyZmFiJTIwZmEtd2luZG93cyUyMiUzRSUzQyUyRmklM0UlM0NzcGFuJTIwY2xhc3MlM0QlMjJ3LWJ0bi1sYWJlbCUyMiUzRVdpbmRvd3MlMjAlMjg2NGJpdCUyOSUzQyUyRnNwYW4lM0UlM0MlMkZhJTNFJTNDJTJGZGl2JTNFJTI3JTI5JTNCJTdEJTIwJTBBJTA5JTA5JTA5JTA5JTA5JTNDJTJGc2NyaXB0JTNFJTBBJTBBJTNDbm9zY3JpcHQlM0UlM0NkaXYlMjBjbGFzcyUzRCUyMnctYnRuLXdyYXBwZXIlMjBhbGlnbl9sZWZ0JTIyJTNFJTNDYSUyMGNsYXNzJTNEJTIydy1idG4lMjB1cy1idG4tc3R5bGVfOCUyMGljb25fYXRsZWZ0JTIyJTIwaHJlZiUzRCUyMmh0dHBzJTNBJTJGJTJGd3d3LnBpeGVscGxhbmV0LmNvbSUyRmRvd25sb2FkJTJGUGRmR3JhYmJlciUyRlBkZkdyYWJiZXJfOV9TZXR1cF8zMmJpdF9GUkEuZXhlJTIyJTNFJTNDaSUyMGNsYXNzJTNEJTIyZmFiJTIwZmEtd2luZG93cyUyMiUzRSUzQyUyRmklM0UlM0NzcGFuJTIwY2xhc3MlM0QlMjJ3LWJ0bi1sYWJlbCUyMiUzRVdpbmRvd3MlMjAlMjgzMmJpdCUyOSUzQyUyRnNwYW4lM0UlM0MlMkZhJTNFJTNDJTJGZGl2JTNFJTIwJTNDZGl2JTIwY2xhc3MlM0QlMjJ3LWJ0bi13cmFwcGVyJTIwYWxpZ25fbGVmdCUyMiUzRSUzQ2ElMjBjbGFzcyUzRCUyMnctYnRuJTIwdXMtYnRuLXN0eWxlXzglMjBpY29uX2F0bGVmdCUyMiUyMGhyZWYlM0QlMjJodHRwcyUzQSUyRiUyRnd3dy5waXhlbHBsYW5ldC5jb20lMkZkb3dubG9hZCUyRlBkZkdyYWJiZXIlMkZQZGZHcmFiYmVyXzlfU2V0dXBfNjRiaXRfRlJBLmV4ZSUyMiUzRSUzQ2klMjBjbGFzcyUzRCUyMmZhYiUyMGZhLXdpbmRvd3MlMjIlM0UlM0MlMkZpJTNFJTNDc3BhbiUyMGNsYXNzJTNEJTIydy1idG4tbGFiZWwlMjIlM0VXaW5kb3dzJTIwJTI4NjRiaXQlMjklM0MlMkZzcGFuJTNFJTNDJTJGYSUzRSUzQyUyRmRpdiUzRSUzQ2JyJTIwJTJGJTNFJTNDZGl2JTIwY2xhc3MlM0QlMjJ3LWJ0bi13cmFwcGVyJTIwYWxpZ25fbGVmdCUyMiUzRSUzQ2ElMjBjbGFzcyUzRCUyMnctYnRuJTIwdXMtYnRuLXN0eWxlXzglMjBpY29uX2F0bGVmdCUyMiUyMGhyZWYlM0QlMjJodHRwcyUzQSUyRiUyRnd3dy5waXhlbHBsYW5ldC5jb20lMkZkb3dubG9hZCUyRlBkZkdyYWJiZXIlMkZQZGZHcmFiYmVyX01BQ19GUkEuZG1nJTIyJTNFJTNDaSUyMGNsYXNzJTNEJTIyZmFiJTIwZmEtYXBwbGUlMjIlM0UlM0MlMkZpJTNFJTNDc3BhbiUyMGNsYXNzJTNEJTIydy1idG4tbGFiZWwlMjIlM0VBcHBsZSUyMG1hY09TJTIwJTI4c2V1bGVtZW50JTIwMzJiaXQlMjAlMjElMjklM0MlMkZzcGFuJTNFJTNDJTJGYSUzRSUzQyUyRmRpdiUzRSUzQyUyRm5vc2NyaXB0JTNF[\/vc_raw_js]<div class=\"w-separator size_small\"><\/div><div class=\"wpb_text_column\"><div class=\"wpb_wrapper\"><p><small><a class=\"blue\" href=\"https:\/\/www.pixelplanet.com\/download\/PdfGrabber\/PdfGrabber_9_Setup_sans_PdfPrinter.exe\"><i class=\"fas fa-download\"><\/i> Fichier d\u2019installation sans imprimante PDF<\/a><\/small><br \/>\n<small>Installez ce fichier d\u2019installation si vous n\u2019avez pas besoin d\u2019imprimante PDF. Il n\u2019est pas n\u00e9cessaire de disposer des droits d\u2019administrateur.<\/small><\/p>\n<p><strong>SHA256:<\/strong> 384a912c71675fbb210b2395770ec8417f8bf525<\/p>\n<\/div><\/div><\/div><\/div><\/div><div class=\"vc_col-sm-6 wpb_column vc_column_container\"><div class=\"vc_column-inner\"><div class=\"wpb_wrapper\"><div class=\"w-image align_none\"><div class=\"w-image-h\"><img decoding=\"async\" width=\"1024\" height=\"1024\" src=\"https:\/\/www.pixelplanet.com\/wp-content\/uploads\/2018\/02\/Download-1024x1024.jpg\" class=\"attachment-large size-large\" alt=\"\" loading=\"lazy\" srcset=\"https:\/\/www.pixelplanet.com\/wp-content\/uploads\/2018\/02\/Download-1024x1024.jpg 1024w, https:\/\/www.pixelplanet.com\/wp-content\/uploads\/2018\/02\/Download-1024x1024-150x150.jpg 150w, https:\/\/www.pixelplanet.com\/wp-content\/uploads\/2018\/02\/Download-1024x1024-312x312.jpg 312w, https:\/\/www.pixelplanet.com\/wp-content\/uploads\/2018\/02\/Download-1024x1024-300x300.jpg 300w, https:\/\/www.pixelplanet.com\/wp-content\/uploads\/2018\/02\/Download-1024x1024-768x768.jpg 768w, https:\/\/www.pixelplanet.com\/wp-content\/uploads\/2018\/02\/Download-1024x1024-350x350.jpg 350w, https:\/\/www.pixelplanet.com\/wp-content\/uploads\/2018\/02\/Download-1024x1024-600x600.jpg 600w\" sizes=\"auto, (max-width: 1024px) 100vw, 1024px\" \/><\/div><\/div><\/div><\/div><\/div><\/div><\/div><\/section><section class=\"l-section wpb_row us_custom_2d431bcd has_text_color height_medium\"><div class=\"l-section-h i-cf\"><div class=\"g-cols vc_row via_flex valign_top type_default stacking_default\"><div class=\"vc_col-sm-12 wpb_column vc_column_container\"><div class=\"vc_column-inner\"><div class=\"wpb_wrapper\"><div class=\"w-actionbox us_custom_a99bd6bc color_custom controls_right\"><div class=\"w-actionbox-text\"><h2 class=\"w-actionbox-title\">Versions ant\u00e9rieures<\/h2><div class=\"w-actionbox-description\"><p>Vous trouverez des offres de mise \u00e0 niveau \u00e0 partir d\u2019une version ant\u00e9rieure (PdfGrabber 1, 2, 3, 4, 5, 6, 7 ou 8) vers la version actuelle PdfGrabber 9 dans notre boutique.<\/p>\n<\/div><\/div><div class=\"w-actionbox-controls\"><a class=\"w-btn us-btn-style_6 icon_atleft\" style=\"font-size:16px\" href=\"https:\/\/www.pixelplanet.com\/fr\/verification-de-licence\/\"><i class=\"fas fa-shopping-cart\"><\/i><span class=\"w-btn-label\">Mettre \u00e0 niveau vers PdfGrabber 9<\/span><\/a><\/div><\/div><\/div><\/div><\/div><\/div><\/div><\/section>\n","protected":false},"excerpt":{"rendered":"T\u00e9l\u00e9charger version d&rsquo;essaiAccueilPagesPdfGrabber Si vous avez d\u00e9j\u00e0 achet\u00e9 une licence pour pour la version actuelle de PdfGrabber chez nous ou l\u2019un de nos distributeurs autoris\u00e9s, vous pouvez activer la version compl\u00e8te \u00e0 partir de la version d\u2019\u00e9valuation en vous servant des donn\u00e9es de licence dont vous disposez. Version 9.0.0.16 &#8211; Pour PC Windows 11, 10,...","protected":false},"author":1,"featured_media":0,"parent":13231,"menu_order":6,"comment_status":"closed","ping_status":"closed","template":"","meta":{"footnotes":""},"class_list":["post-13245","page","type-page","status-publish","hentry"],"yoast_head":"<!-- This site is optimized with the Yoast SEO Premium plugin v27.4 (Yoast SEO v27.4) - https:\/\/yoast.com\/product\/yoast-seo-premium-wordpress\/ -->\n<title>PdfGrabber (version Windows) - T\u00e9l\u00e9chargement - Essai gratuit<\/title>\n<meta name=\"description\" content=\"T\u00e9l\u00e9chargez une version d&#039;essai de PdfGrabber vers le bas. Le t\u00e9l\u00e9chargement est gratuit.\" \/>\n<meta name=\"robots\" content=\"index, follow, max-snippet:-1, max-image-preview:large, max-video-preview:-1\" \/>\n<link rel=\"canonical\" href=\"https:\/\/www.pixelplanet.com\/fr\/pdfgrabber\/telechargement\/\" \/>\n<meta property=\"og:locale\" content=\"fr_FR\" \/>\n<meta property=\"og:type\" content=\"article\" \/>\n<meta property=\"og:title\" content=\"PdfGrabber - T\u00e9l\u00e9chargement\" \/>\n<meta property=\"og:description\" content=\"T\u00e9l\u00e9chargez une version d&#039;essai de PdfGrabber vers le bas. Le t\u00e9l\u00e9chargement est gratuit.\" \/>\n<meta property=\"og:url\" content=\"https:\/\/www.pixelplanet.com\/fr\/pdfgrabber\/telechargement\/\" \/>\n<meta property=\"og:site_name\" content=\"PixelPlanet.com - Boutique pour les logiciels PDF\" \/>\n<meta property=\"article:publisher\" content=\"https:\/\/www.facebook.com\/PixelPlanet\" \/>\n<meta property=\"article:modified_time\" content=\"2023-10-18T14:43:54+00:00\" \/>\n<meta property=\"og:image\" content=\"https:\/\/www.pixelplanet.com\/wp-content\/uploads\/2018\/02\/FaceBook-Homepage-DE-1200x630.jpg\" \/>\n\t<meta property=\"og:image:width\" content=\"1200\" \/>\n\t<meta property=\"og:image:height\" content=\"630\" \/>\n\t<meta property=\"og:image:type\" content=\"image\/jpeg\" \/>\n<meta name=\"twitter:card\" content=\"summary_large_image\" \/>\n<meta name=\"twitter:title\" content=\"PixelPlanet - T\u00e9l\u00e9charger version d&#039;essai\" \/>\n<meta name=\"twitter:site\" content=\"@PixelPlanet\" \/>\n<meta name=\"twitter:label1\" content=\"Dur\u00e9e de lecture estim\u00e9e\" \/>\n\t<meta name=\"twitter:data1\" content=\"2 minutes\" \/>\n<script type=\"application\/ld+json\" class=\"yoast-schema-graph\">{\"@context\":\"https:\\\/\\\/schema.org\",\"@graph\":[{\"@type\":\"WebPage\",\"@id\":\"https:\\\/\\\/www.pixelplanet.com\\\/fr\\\/pdfgrabber\\\/telechargement\\\/\",\"url\":\"https:\\\/\\\/www.pixelplanet.com\\\/fr\\\/pdfgrabber\\\/telechargement\\\/\",\"name\":\"PdfGrabber (version Windows) - T\u00e9l\u00e9chargement - Essai gratuit\",\"isPartOf\":{\"@id\":\"https:\\\/\\\/www.pixelplanet.com\\\/fr\\\/#website\"},\"datePublished\":\"2018-04-10T10:59:55+00:00\",\"dateModified\":\"2023-10-18T14:43:54+00:00\",\"description\":\"T\u00e9l\u00e9chargez une version d'essai de PdfGrabber vers le bas. Le t\u00e9l\u00e9chargement est gratuit.\",\"breadcrumb\":{\"@id\":\"https:\\\/\\\/www.pixelplanet.com\\\/fr\\\/pdfgrabber\\\/telechargement\\\/#breadcrumb\"},\"inLanguage\":\"fr-FR\",\"potentialAction\":[{\"@type\":\"ReadAction\",\"target\":[\"https:\\\/\\\/www.pixelplanet.com\\\/fr\\\/pdfgrabber\\\/telechargement\\\/\"]}]},{\"@type\":\"BreadcrumbList\",\"@id\":\"https:\\\/\\\/www.pixelplanet.com\\\/fr\\\/pdfgrabber\\\/telechargement\\\/#breadcrumb\",\"itemListElement\":[{\"@type\":\"ListItem\",\"position\":1,\"name\":\"Home\",\"item\":\"https:\\\/\\\/www.pixelplanet.com\\\/fr\\\/\"},{\"@type\":\"ListItem\",\"position\":2,\"name\":\"PdfGrabber\",\"item\":\"https:\\\/\\\/www.pixelplanet.com\\\/fr\\\/pdfgrabber\\\/\"},{\"@type\":\"ListItem\",\"position\":3,\"name\":\"T\u00e9l\u00e9charger version d&#8217;essai\"}]},{\"@type\":\"WebSite\",\"@id\":\"https:\\\/\\\/www.pixelplanet.com\\\/fr\\\/#website\",\"url\":\"https:\\\/\\\/www.pixelplanet.com\\\/fr\\\/\",\"name\":\"PixelPlanet.com - Boutique pour les logiciels PDF\",\"description\":\"Edit, convert, create, merge and split PDF documents on Windows and Mac\",\"publisher\":{\"@id\":\"https:\\\/\\\/www.pixelplanet.com\\\/fr\\\/#organization\"},\"potentialAction\":[{\"@type\":\"SearchAction\",\"target\":{\"@type\":\"EntryPoint\",\"urlTemplate\":\"https:\\\/\\\/www.pixelplanet.com\\\/fr\\\/?s={search_term_string}\"},\"query-input\":{\"@type\":\"PropertyValueSpecification\",\"valueRequired\":true,\"valueName\":\"search_term_string\"}}],\"inLanguage\":\"fr-FR\"},{\"@type\":\"Organization\",\"@id\":\"https:\\\/\\\/www.pixelplanet.com\\\/fr\\\/#organization\",\"name\":\"PixelPlanet\",\"url\":\"https:\\\/\\\/www.pixelplanet.com\\\/fr\\\/\",\"logo\":{\"@type\":\"ImageObject\",\"inLanguage\":\"fr-FR\",\"@id\":\"https:\\\/\\\/www.pixelplanet.com\\\/fr\\\/#\\\/schema\\\/logo\\\/image\\\/\",\"url\":\"https:\\\/\\\/www.pixelplanet.com\\\/wp-content\\\/uploads\\\/2016\\\/12\\\/PixelPlanet-Logo-540x100.png\",\"contentUrl\":\"https:\\\/\\\/www.pixelplanet.com\\\/wp-content\\\/uploads\\\/2016\\\/12\\\/PixelPlanet-Logo-540x100.png\",\"width\":540,\"height\":100,\"caption\":\"PixelPlanet\"},\"image\":{\"@id\":\"https:\\\/\\\/www.pixelplanet.com\\\/fr\\\/#\\\/schema\\\/logo\\\/image\\\/\"},\"sameAs\":[\"https:\\\/\\\/www.facebook.com\\\/PixelPlanet\",\"https:\\\/\\\/x.com\\\/PixelPlanet\",\"https:\\\/\\\/www.instagram.com\\\/pixelplanet.software\\\/\",\"https:\\\/\\\/linkedin.com\\\/company\\\/pixelplanet-software\"]}]}<\/script>\n<!-- \/ Yoast SEO Premium plugin. -->","yoast_head_json":{"title":"PdfGrabber (version Windows) - T\u00e9l\u00e9chargement - Essai gratuit","description":"T\u00e9l\u00e9chargez une version d'essai de PdfGrabber vers le bas. Le t\u00e9l\u00e9chargement est gratuit.","robots":{"index":"index","follow":"follow","max-snippet":"max-snippet:-1","max-image-preview":"max-image-preview:large","max-video-preview":"max-video-preview:-1"},"canonical":"https:\/\/www.pixelplanet.com\/fr\/pdfgrabber\/telechargement\/","og_locale":"fr_FR","og_type":"article","og_title":"PdfGrabber - T\u00e9l\u00e9chargement","og_description":"T\u00e9l\u00e9chargez une version d'essai de PdfGrabber vers le bas. Le t\u00e9l\u00e9chargement est gratuit.","og_url":"https:\/\/www.pixelplanet.com\/fr\/pdfgrabber\/telechargement\/","og_site_name":"PixelPlanet.com - Boutique pour les logiciels PDF","article_publisher":"https:\/\/www.facebook.com\/PixelPlanet","article_modified_time":"2023-10-18T14:43:54+00:00","og_image":[{"width":1200,"height":630,"url":"https:\/\/www.pixelplanet.com\/wp-content\/uploads\/2018\/02\/FaceBook-Homepage-DE-1200x630.jpg","type":"image\/jpeg"}],"twitter_card":"summary_large_image","twitter_title":"PixelPlanet - T\u00e9l\u00e9charger version d'essai","twitter_site":"@PixelPlanet","twitter_misc":{"Dur\u00e9e de lecture estim\u00e9e":"2 minutes"},"schema":{"@context":"https:\/\/schema.org","@graph":[{"@type":"WebPage","@id":"https:\/\/www.pixelplanet.com\/fr\/pdfgrabber\/telechargement\/","url":"https:\/\/www.pixelplanet.com\/fr\/pdfgrabber\/telechargement\/","name":"PdfGrabber (version Windows) - T\u00e9l\u00e9chargement - Essai gratuit","isPartOf":{"@id":"https:\/\/www.pixelplanet.com\/fr\/#website"},"datePublished":"2018-04-10T10:59:55+00:00","dateModified":"2023-10-18T14:43:54+00:00","description":"T\u00e9l\u00e9chargez une version d'essai de PdfGrabber vers le bas. Le t\u00e9l\u00e9chargement est gratuit.","breadcrumb":{"@id":"https:\/\/www.pixelplanet.com\/fr\/pdfgrabber\/telechargement\/#breadcrumb"},"inLanguage":"fr-FR","potentialAction":[{"@type":"ReadAction","target":["https:\/\/www.pixelplanet.com\/fr\/pdfgrabber\/telechargement\/"]}]},{"@type":"BreadcrumbList","@id":"https:\/\/www.pixelplanet.com\/fr\/pdfgrabber\/telechargement\/#breadcrumb","itemListElement":[{"@type":"ListItem","position":1,"name":"Home","item":"https:\/\/www.pixelplanet.com\/fr\/"},{"@type":"ListItem","position":2,"name":"PdfGrabber","item":"https:\/\/www.pixelplanet.com\/fr\/pdfgrabber\/"},{"@type":"ListItem","position":3,"name":"T\u00e9l\u00e9charger version d&#8217;essai"}]},{"@type":"WebSite","@id":"https:\/\/www.pixelplanet.com\/fr\/#website","url":"https:\/\/www.pixelplanet.com\/fr\/","name":"PixelPlanet.com - Boutique pour les logiciels PDF","description":"Edit, convert, create, merge and split PDF documents on Windows and Mac","publisher":{"@id":"https:\/\/www.pixelplanet.com\/fr\/#organization"},"potentialAction":[{"@type":"SearchAction","target":{"@type":"EntryPoint","urlTemplate":"https:\/\/www.pixelplanet.com\/fr\/?s={search_term_string}"},"query-input":{"@type":"PropertyValueSpecification","valueRequired":true,"valueName":"search_term_string"}}],"inLanguage":"fr-FR"},{"@type":"Organization","@id":"https:\/\/www.pixelplanet.com\/fr\/#organization","name":"PixelPlanet","url":"https:\/\/www.pixelplanet.com\/fr\/","logo":{"@type":"ImageObject","inLanguage":"fr-FR","@id":"https:\/\/www.pixelplanet.com\/fr\/#\/schema\/logo\/image\/","url":"https:\/\/www.pixelplanet.com\/wp-content\/uploads\/2016\/12\/PixelPlanet-Logo-540x100.png","contentUrl":"https:\/\/www.pixelplanet.com\/wp-content\/uploads\/2016\/12\/PixelPlanet-Logo-540x100.png","width":540,"height":100,"caption":"PixelPlanet"},"image":{"@id":"https:\/\/www.pixelplanet.com\/fr\/#\/schema\/logo\/image\/"},"sameAs":["https:\/\/www.facebook.com\/PixelPlanet","https:\/\/x.com\/PixelPlanet","https:\/\/www.instagram.com\/pixelplanet.software\/","https:\/\/linkedin.com\/company\/pixelplanet-software"]}]}},"_links":{"self":[{"href":"https:\/\/www.pixelplanet.com\/fr\/wp-json\/wp\/v2\/pages\/13245","targetHints":{"allow":["GET"]}}],"collection":[{"href":"https:\/\/www.pixelplanet.com\/fr\/wp-json\/wp\/v2\/pages"}],"about":[{"href":"https:\/\/www.pixelplanet.com\/fr\/wp-json\/wp\/v2\/types\/page"}],"author":[{"embeddable":true,"href":"https:\/\/www.pixelplanet.com\/fr\/wp-json\/wp\/v2\/users\/1"}],"replies":[{"embeddable":true,"href":"https:\/\/www.pixelplanet.com\/fr\/wp-json\/wp\/v2\/comments?post=13245"}],"version-history":[{"count":0,"href":"https:\/\/www.pixelplanet.com\/fr\/wp-json\/wp\/v2\/pages\/13245\/revisions"}],"up":[{"embeddable":true,"href":"https:\/\/www.pixelplanet.com\/fr\/wp-json\/wp\/v2\/pages\/13231"}],"wp:attachment":[{"href":"https:\/\/www.pixelplanet.com\/fr\/wp-json\/wp\/v2\/media?parent=13245"}],"curies":[{"name":"wp","href":"https:\/\/api.w.org\/{rel}","templated":true}]}}