{"id":13253,"date":"2018-04-10T13:19:21","date_gmt":"2018-04-10T11:19:21","guid":{"rendered":"https:\/\/www.pixelplanet.com\/?page_id=13253"},"modified":"2023-10-18T16:40:07","modified_gmt":"2023-10-18T14:40:07","slug":"modeles-de-licence","status":"publish","type":"page","link":"https:\/\/www.pixelplanet.com\/fr\/pdfgrabber\/modeles-de-licence\/","title":{"rendered":"Mod\u00e8les de licence"},"content":{"rendered":"<section class=\"l-section wpb_row us_custom_e11ab399 height_small\"><div class=\"l-section-h i-cf\"><div class=\"g-cols vc_row via_flex valign_middle type_default stacking_default\"><div class=\"vc_col-sm-6 wpb_column vc_column_container\"><div class=\"vc_column-inner\"><div class=\"wpb_wrapper\"><h1 class=\"w-post-elm post_title us_custom_607cd7e8 entry-title color_link_inherit\">Mod\u00e8les de licence<\/h1><\/div><\/div><\/div><div class=\"vc_col-sm-6 wpb_column vc_column_container\"><div class=\"vc_column-inner\"><div class=\"wpb_wrapper\"><nav class=\"g-breadcrumbs us_custom_ea2be81a separator_icon align_right\"><div class=\"g-breadcrumbs-item\"><a href=\"https:\/\/www.pixelplanet.com\/fr\/\">Accueil<\/a><meta content=\"1\"\/><\/div><div class=\"g-breadcrumbs-separator\"><i class=\"far fa-angle-right\"><\/i><\/div><div class=\"g-breadcrumbs-item\">Pages<\/div><\/nav><\/div><\/div><\/div><\/div><\/div><\/section><section class=\"l-section wpb_row height_medium\"><div class=\"l-section-h i-cf\"><div class=\"g-cols vc_row via_flex valign_middle type_default stacking_default\"><div class=\"vc_col-sm-8 wpb_column vc_column_container\"><div class=\"vc_column-inner\"><div class=\"wpb_wrapper\"><div class=\"w-iconbox iconpos_left style_default color_custom align_left no_text\"><div class=\"w-iconbox-icon\" style=\"font-size:2rem;--icon-color:#1265a8;--icon-bg-color:#ffffff;\"><i class=\"fas fa-user\"><\/i><\/div><div class=\"w-iconbox-meta\"><h3 class=\"w-iconbox-title\">Licences unitaires<\/h3><\/div><\/div><div class=\"w-separator size_small\"><\/div><div class=\"wpb_text_column\"><div class=\"wpb_wrapper\"><p>PdfGrabber est disponible en licence unitaire pour les versions Home, Standard et Professionnel. Ces versions ne peuvent \u00eatre install\u00e9es et utilis\u00e9es que sur un seul ordinateur.<\/p>\n<p>Rendez-vous dans notre boutique pour obtenir un aper\u00e7u pr\u00e9cis des versions propos\u00e9es et des prix.<\/p>\n<\/div><\/div><div class=\"w-separator size_small\"><\/div><div class=\"w-btn-wrapper align_none\"><a class=\"w-btn us-btn-style_4 us_custom_f73f4019 icon_atleft\" href=\"https:\/\/www.pixelplanet.com\/fr\/categorie-produit\/pdfgrabber\/\"><i class=\"fas fa-shopping-cart\"><\/i><span class=\"w-btn-label\">Prix + Acheter<\/span><\/a><\/div><\/div><\/div><\/div><div class=\"vc_col-sm-4 wpb_column vc_column_container\"><div class=\"vc_column-inner\"><div class=\"wpb_wrapper\"><div class=\"w-image align_center\"><a href=\"https:\/\/www.pixelplanet.com\/fr\/categorie-produit\/pdfgrabber\/pdfgrabber-windows\/\" aria-label=\"PdfGrabber Boxshot (Windows)\" class=\"w-image-h\"><img decoding=\"async\" width=\"312\" height=\"380\" src=\"https:\/\/www.pixelplanet.com\/wp-content\/uploads\/2017\/10\/PdfGrabber-Boxshot-Windows-ENU.png\" class=\"attachment-large size-large\" alt=\"\" loading=\"lazy\" \/><\/a><\/div><\/div><\/div><\/div><\/div><\/div><\/section><section class=\"l-section wpb_row height_medium color_alternate\"><div class=\"l-section-h i-cf\"><div class=\"g-cols vc_row via_flex valign_middle type_default stacking_default\"><div class=\"vc_col-sm-4 wpb_column vc_column_container\"><div class=\"vc_column-inner\"><div class=\"wpb_wrapper\"><div class=\"w-image align_center\"><a href=\"https:\/\/www.pixelplanet.com\/fr\/produit\/pdfgrabber-professionnel-licence-reseau\/\" aria-label=\"PdfGrabber Network License Boxshot (Windows)\" class=\"w-image-h\"><img decoding=\"async\" width=\"312\" height=\"380\" src=\"https:\/\/www.pixelplanet.com\/wp-content\/uploads\/2017\/10\/PdfGrabber-Boxshot-Windows-Netzwerk-ENU.png\" class=\"attachment-large size-large\" alt=\"\" loading=\"lazy\" \/><\/a><\/div><\/div><\/div><\/div><div class=\"vc_col-sm-8 wpb_column vc_column_container\"><div class=\"vc_column-inner\"><div class=\"wpb_wrapper\"><div class=\"w-iconbox iconpos_left style_default color_custom align_left no_text\"><div class=\"w-iconbox-icon\" style=\"font-size:2rem;--icon-color:#1265a8;--icon-bg-color:#ffffff;\"><i class=\"fas fa-users\"><\/i><\/div><div class=\"w-iconbox-meta\"><h3 class=\"w-iconbox-title\">Licences r\u00e9seau<\/h3><\/div><\/div><div class=\"w-separator size_small\"><\/div><div class=\"wpb_text_column\"><div class=\"wpb_wrapper\"><p>La version Professional de PdfGrabber est \u00e9galement disponible en licence r\u00e9seau. Cette licence permet l\u2019installation et l\u2019utilisation de PdfGrabber par plusieurs utilisateurs simultan\u00e9ment au sein d\u2019un r\u00e9seau (LAN). Assurez-vous que le nombre maximal d\u2019utilisateurs en simultan\u00e9 correspond bien \u00e0 votre licence (utilisateurs concurrents).<\/p>\n<p>Rendez-vous dans notre boutique pour obtenir un aper\u00e7u pr\u00e9cis des versions propos\u00e9es et des prix.<\/p>\n<\/div><\/div><div class=\"w-separator size_small\"><\/div><div class=\"w-btn-wrapper align_none\"><a class=\"w-btn us-btn-style_4 us_custom_f73f4019 icon_atleft\" href=\"https:\/\/www.pixelplanet.com\/fr\/produit\/pdfgrabber-professionnel-licence-reseau\/\"><i class=\"fas fa-shopping-cart\"><\/i><span class=\"w-btn-label\">Prix + Acheter<\/span><\/a><\/div><\/div><\/div><\/div><\/div><\/div><\/section><section class=\"l-section wpb_row height_medium\"><div class=\"l-section-h i-cf\"><div class=\"g-cols vc_row via_flex valign_middle type_default stacking_default\"><div class=\"vc_col-sm-8 wpb_column vc_column_container\"><div class=\"vc_column-inner\"><div class=\"wpb_wrapper\"><div class=\"w-iconbox iconpos_left style_default color_custom align_left no_text\"><div class=\"w-iconbox-icon\" style=\"font-size:2rem;--icon-color:#1265a8;--icon-bg-color:#ffffff;\"><i class=\"fas fa-gift\"><\/i><\/div><div class=\"w-iconbox-meta\"><h3 class=\"w-iconbox-title\">Offres group\u00e9es<\/h3><\/div><\/div><div class=\"w-separator size_small\"><\/div><div class=\"wpb_text_column\"><div class=\"wpb_wrapper\"><p>Nous vous proposons \u00e9galement les licences unitaires\/r\u00e9seau de PdfGrabber \u00e0 des conditions avantageuses en offres group\u00e9es avec notre outil PDF PdfEditor.<\/p>\n<p>Rendez-vous dans notre boutique pour obtenir un aper\u00e7u pr\u00e9cis des versions propos\u00e9es et des prix.<\/p>\n<\/div><\/div><div class=\"w-separator size_small\"><\/div><div class=\"w-btn-wrapper align_none\"><a class=\"w-btn us-btn-style_4 us_custom_f73f4019 icon_atleft\" href=\"https:\/\/www.pixelplanet.com\/fr\/pdfoutils-offres-groupee\/\"><i class=\"fas fa-shopping-cart\"><\/i><span class=\"w-btn-label\">Prix + Acheter<\/span><\/a><\/div><\/div><\/div><\/div><div class=\"vc_col-sm-4 wpb_column vc_column_container\"><div class=\"vc_column-inner\"><div class=\"wpb_wrapper\"><div class=\"w-image align_center\"><a href=\"https:\/\/www.pixelplanet.com\/fr\/pdfoutils-offres-groupee\/\" aria-label=\"PdfTools Bundle Boxshot (Windows)\" class=\"w-image-h\"><img decoding=\"async\" width=\"312\" height=\"380\" src=\"https:\/\/www.pixelplanet.com\/wp-content\/uploads\/2017\/10\/Bundle-Boxshot-Windows-ENU.png\" class=\"attachment-large size-large\" alt=\"\" loading=\"lazy\" \/><\/a><\/div><\/div><\/div><\/div><\/div><\/div><\/section><section class=\"l-section wpb_row us_custom_2d431bcd has_text_color height_medium\"><div class=\"l-section-h i-cf\"><div class=\"g-cols vc_row via_flex valign_top type_default stacking_default\"><div class=\"vc_col-sm-12 wpb_column vc_column_container\"><div class=\"vc_column-inner\"><div class=\"wpb_wrapper\"><div class=\"w-actionbox us_custom_a99bd6bc color_custom controls_right\"><div class=\"w-actionbox-text\"><h2 class=\"w-actionbox-title\">Essai gratuit<\/h2><div class=\"w-actionbox-description\"><p>La version d\u2019\u00e9valuation contient toutes les fonctions de PdfGrabber Professional. Toutefois, des caract\u00e8res \u00ab X \u00bb sont ajout\u00e9s \u00e0 des endroits al\u00e9atoires des textes export\u00e9s. Les graphiques et les images restent sous forme de filigrane. Ces restrictions sont \u00e9videmment supprim\u00e9es lors de l\u2019activation de la version compl\u00e8te.<\/p>\n<\/div><\/div><div class=\"w-actionbox-controls\"><a class=\"w-btn us-btn-style_8 icon_atleft\" style=\"font-size:16px\" href=\"https:\/\/www.pixelplanet.com\/fr\/pdfgrabber\/telechargement\/\"><i class=\"fas fa-download\"><\/i><span class=\"w-btn-label\">Essayer<\/span><\/a><\/div><\/div><\/div><\/div><\/div><\/div><\/div><\/section>\n","protected":false},"excerpt":{"rendered":"Mod\u00e8les de licenceAccueilPagesLicences unitairesPdfGrabber est disponible en licence unitaire pour les versions Home, Standard et Professionnel. Ces versions ne peuvent \u00eatre install\u00e9es et utilis\u00e9es que sur un seul ordinateur. Rendez-vous dans notre boutique pour obtenir un aper\u00e7u pr\u00e9cis des versions propos\u00e9es et des prix. Prix + AcheterLicences r\u00e9seauLa version Professional de PdfGrabber est \u00e9galement disponible...","protected":false},"author":1,"featured_media":0,"parent":13231,"menu_order":4,"comment_status":"closed","ping_status":"closed","template":"","meta":{"footnotes":""},"class_list":["post-13253","page","type-page","status-publish","hentry"],"yoast_head":"<!-- This site is optimized with the Yoast SEO Premium plugin v27.4 (Yoast SEO v27.4) - https:\/\/yoast.com\/product\/yoast-seo-premium-wordpress\/ -->\n<title>PdfGrabber - Mod\u00e8les de licence (Version Windows)<\/title>\n<meta name=\"description\" content=\"PdfGrabber: Licences unitaires, Offres group\u00e9es et Licences r\u00e9seau\" \/>\n<meta name=\"robots\" content=\"index, follow, max-snippet:-1, max-image-preview:large, max-video-preview:-1\" \/>\n<link rel=\"canonical\" href=\"https:\/\/www.pixelplanet.com\/fr\/pdfgrabber\/modeles-de-licence\/\" \/>\n<meta property=\"og:locale\" content=\"fr_FR\" \/>\n<meta property=\"og:type\" content=\"article\" \/>\n<meta property=\"og:title\" content=\"PdfGrabber (Windows) - Mod\u00e8les de licence\" \/>\n<meta property=\"og:description\" content=\"PdfGrabber: Licences unitaires, Offres group\u00e9es et Licences r\u00e9seau\" \/>\n<meta property=\"og:url\" content=\"https:\/\/www.pixelplanet.com\/fr\/pdfgrabber\/modeles-de-licence\/\" \/>\n<meta property=\"og:site_name\" content=\"PixelPlanet.com - Boutique pour les logiciels PDF\" \/>\n<meta property=\"article:publisher\" content=\"https:\/\/www.facebook.com\/PixelPlanet\" \/>\n<meta property=\"article:modified_time\" content=\"2023-10-18T14:40:07+00:00\" \/>\n<meta property=\"og:image\" content=\"https:\/\/www.pixelplanet.com\/wp-content\/uploads\/2018\/02\/FaceBook-Homepage-DE-1200x630.jpg\" \/>\n\t<meta property=\"og:image:width\" content=\"1200\" \/>\n\t<meta property=\"og:image:height\" content=\"630\" \/>\n\t<meta property=\"og:image:type\" content=\"image\/jpeg\" \/>\n<meta name=\"twitter:card\" content=\"summary_large_image\" \/>\n<meta name=\"twitter:title\" content=\"PixelPlanet - Mod\u00e8les de licence\" \/>\n<meta name=\"twitter:site\" content=\"@PixelPlanet\" \/>\n<meta name=\"twitter:label1\" content=\"Dur\u00e9e de lecture estim\u00e9e\" \/>\n\t<meta name=\"twitter:data1\" content=\"2 minutes\" \/>\n<script type=\"application\/ld+json\" class=\"yoast-schema-graph\">{\"@context\":\"https:\\\/\\\/schema.org\",\"@graph\":[{\"@type\":\"WebPage\",\"@id\":\"https:\\\/\\\/www.pixelplanet.com\\\/fr\\\/pdfgrabber\\\/modeles-de-licence\\\/\",\"url\":\"https:\\\/\\\/www.pixelplanet.com\\\/fr\\\/pdfgrabber\\\/modeles-de-licence\\\/\",\"name\":\"PdfGrabber - Mod\u00e8les de licence (Version Windows)\",\"isPartOf\":{\"@id\":\"https:\\\/\\\/www.pixelplanet.com\\\/fr\\\/#website\"},\"datePublished\":\"2018-04-10T11:19:21+00:00\",\"dateModified\":\"2023-10-18T14:40:07+00:00\",\"description\":\"PdfGrabber: Licences unitaires, Offres group\u00e9es et Licences r\u00e9seau\",\"breadcrumb\":{\"@id\":\"https:\\\/\\\/www.pixelplanet.com\\\/fr\\\/pdfgrabber\\\/modeles-de-licence\\\/#breadcrumb\"},\"inLanguage\":\"fr-FR\",\"potentialAction\":[{\"@type\":\"ReadAction\",\"target\":[\"https:\\\/\\\/www.pixelplanet.com\\\/fr\\\/pdfgrabber\\\/modeles-de-licence\\\/\"]}]},{\"@type\":\"BreadcrumbList\",\"@id\":\"https:\\\/\\\/www.pixelplanet.com\\\/fr\\\/pdfgrabber\\\/modeles-de-licence\\\/#breadcrumb\",\"itemListElement\":[{\"@type\":\"ListItem\",\"position\":1,\"name\":\"Home\",\"item\":\"https:\\\/\\\/www.pixelplanet.com\\\/fr\\\/\"},{\"@type\":\"ListItem\",\"position\":2,\"name\":\"PdfGrabber\",\"item\":\"https:\\\/\\\/www.pixelplanet.com\\\/fr\\\/pdfgrabber\\\/\"},{\"@type\":\"ListItem\",\"position\":3,\"name\":\"Mod\u00e8les de licence\"}]},{\"@type\":\"WebSite\",\"@id\":\"https:\\\/\\\/www.pixelplanet.com\\\/fr\\\/#website\",\"url\":\"https:\\\/\\\/www.pixelplanet.com\\\/fr\\\/\",\"name\":\"PixelPlanet.com - Boutique pour les logiciels PDF\",\"description\":\"Edit, convert, create, merge and split PDF documents on Windows and Mac\",\"publisher\":{\"@id\":\"https:\\\/\\\/www.pixelplanet.com\\\/fr\\\/#organization\"},\"potentialAction\":[{\"@type\":\"SearchAction\",\"target\":{\"@type\":\"EntryPoint\",\"urlTemplate\":\"https:\\\/\\\/www.pixelplanet.com\\\/fr\\\/?s={search_term_string}\"},\"query-input\":{\"@type\":\"PropertyValueSpecification\",\"valueRequired\":true,\"valueName\":\"search_term_string\"}}],\"inLanguage\":\"fr-FR\"},{\"@type\":\"Organization\",\"@id\":\"https:\\\/\\\/www.pixelplanet.com\\\/fr\\\/#organization\",\"name\":\"PixelPlanet\",\"url\":\"https:\\\/\\\/www.pixelplanet.com\\\/fr\\\/\",\"logo\":{\"@type\":\"ImageObject\",\"inLanguage\":\"fr-FR\",\"@id\":\"https:\\\/\\\/www.pixelplanet.com\\\/fr\\\/#\\\/schema\\\/logo\\\/image\\\/\",\"url\":\"https:\\\/\\\/www.pixelplanet.com\\\/wp-content\\\/uploads\\\/2016\\\/12\\\/PixelPlanet-Logo-540x100.png\",\"contentUrl\":\"https:\\\/\\\/www.pixelplanet.com\\\/wp-content\\\/uploads\\\/2016\\\/12\\\/PixelPlanet-Logo-540x100.png\",\"width\":540,\"height\":100,\"caption\":\"PixelPlanet\"},\"image\":{\"@id\":\"https:\\\/\\\/www.pixelplanet.com\\\/fr\\\/#\\\/schema\\\/logo\\\/image\\\/\"},\"sameAs\":[\"https:\\\/\\\/www.facebook.com\\\/PixelPlanet\",\"https:\\\/\\\/x.com\\\/PixelPlanet\",\"https:\\\/\\\/www.instagram.com\\\/pixelplanet.software\\\/\",\"https:\\\/\\\/linkedin.com\\\/company\\\/pixelplanet-software\"]}]}<\/script>\n<!-- \/ Yoast SEO Premium plugin. -->","yoast_head_json":{"title":"PdfGrabber - Mod\u00e8les de licence (Version Windows)","description":"PdfGrabber: Licences unitaires, Offres group\u00e9es et Licences r\u00e9seau","robots":{"index":"index","follow":"follow","max-snippet":"max-snippet:-1","max-image-preview":"max-image-preview:large","max-video-preview":"max-video-preview:-1"},"canonical":"https:\/\/www.pixelplanet.com\/fr\/pdfgrabber\/modeles-de-licence\/","og_locale":"fr_FR","og_type":"article","og_title":"PdfGrabber (Windows) - Mod\u00e8les de licence","og_description":"PdfGrabber: Licences unitaires, Offres group\u00e9es et Licences r\u00e9seau","og_url":"https:\/\/www.pixelplanet.com\/fr\/pdfgrabber\/modeles-de-licence\/","og_site_name":"PixelPlanet.com - Boutique pour les logiciels PDF","article_publisher":"https:\/\/www.facebook.com\/PixelPlanet","article_modified_time":"2023-10-18T14:40:07+00:00","og_image":[{"width":1200,"height":630,"url":"https:\/\/www.pixelplanet.com\/wp-content\/uploads\/2018\/02\/FaceBook-Homepage-DE-1200x630.jpg","type":"image\/jpeg"}],"twitter_card":"summary_large_image","twitter_title":"PixelPlanet - Mod\u00e8les de licence","twitter_site":"@PixelPlanet","twitter_misc":{"Dur\u00e9e de lecture estim\u00e9e":"2 minutes"},"schema":{"@context":"https:\/\/schema.org","@graph":[{"@type":"WebPage","@id":"https:\/\/www.pixelplanet.com\/fr\/pdfgrabber\/modeles-de-licence\/","url":"https:\/\/www.pixelplanet.com\/fr\/pdfgrabber\/modeles-de-licence\/","name":"PdfGrabber - Mod\u00e8les de licence (Version Windows)","isPartOf":{"@id":"https:\/\/www.pixelplanet.com\/fr\/#website"},"datePublished":"2018-04-10T11:19:21+00:00","dateModified":"2023-10-18T14:40:07+00:00","description":"PdfGrabber: Licences unitaires, Offres group\u00e9es et Licences r\u00e9seau","breadcrumb":{"@id":"https:\/\/www.pixelplanet.com\/fr\/pdfgrabber\/modeles-de-licence\/#breadcrumb"},"inLanguage":"fr-FR","potentialAction":[{"@type":"ReadAction","target":["https:\/\/www.pixelplanet.com\/fr\/pdfgrabber\/modeles-de-licence\/"]}]},{"@type":"BreadcrumbList","@id":"https:\/\/www.pixelplanet.com\/fr\/pdfgrabber\/modeles-de-licence\/#breadcrumb","itemListElement":[{"@type":"ListItem","position":1,"name":"Home","item":"https:\/\/www.pixelplanet.com\/fr\/"},{"@type":"ListItem","position":2,"name":"PdfGrabber","item":"https:\/\/www.pixelplanet.com\/fr\/pdfgrabber\/"},{"@type":"ListItem","position":3,"name":"Mod\u00e8les de licence"}]},{"@type":"WebSite","@id":"https:\/\/www.pixelplanet.com\/fr\/#website","url":"https:\/\/www.pixelplanet.com\/fr\/","name":"PixelPlanet.com - Boutique pour les logiciels PDF","description":"Edit, convert, create, merge and split PDF documents on Windows and Mac","publisher":{"@id":"https:\/\/www.pixelplanet.com\/fr\/#organization"},"potentialAction":[{"@type":"SearchAction","target":{"@type":"EntryPoint","urlTemplate":"https:\/\/www.pixelplanet.com\/fr\/?s={search_term_string}"},"query-input":{"@type":"PropertyValueSpecification","valueRequired":true,"valueName":"search_term_string"}}],"inLanguage":"fr-FR"},{"@type":"Organization","@id":"https:\/\/www.pixelplanet.com\/fr\/#organization","name":"PixelPlanet","url":"https:\/\/www.pixelplanet.com\/fr\/","logo":{"@type":"ImageObject","inLanguage":"fr-FR","@id":"https:\/\/www.pixelplanet.com\/fr\/#\/schema\/logo\/image\/","url":"https:\/\/www.pixelplanet.com\/wp-content\/uploads\/2016\/12\/PixelPlanet-Logo-540x100.png","contentUrl":"https:\/\/www.pixelplanet.com\/wp-content\/uploads\/2016\/12\/PixelPlanet-Logo-540x100.png","width":540,"height":100,"caption":"PixelPlanet"},"image":{"@id":"https:\/\/www.pixelplanet.com\/fr\/#\/schema\/logo\/image\/"},"sameAs":["https:\/\/www.facebook.com\/PixelPlanet","https:\/\/x.com\/PixelPlanet","https:\/\/www.instagram.com\/pixelplanet.software\/","https:\/\/linkedin.com\/company\/pixelplanet-software"]}]}},"_links":{"self":[{"href":"https:\/\/www.pixelplanet.com\/fr\/wp-json\/wp\/v2\/pages\/13253","targetHints":{"allow":["GET"]}}],"collection":[{"href":"https:\/\/www.pixelplanet.com\/fr\/wp-json\/wp\/v2\/pages"}],"about":[{"href":"https:\/\/www.pixelplanet.com\/fr\/wp-json\/wp\/v2\/types\/page"}],"author":[{"embeddable":true,"href":"https:\/\/www.pixelplanet.com\/fr\/wp-json\/wp\/v2\/users\/1"}],"replies":[{"embeddable":true,"href":"https:\/\/www.pixelplanet.com\/fr\/wp-json\/wp\/v2\/comments?post=13253"}],"version-history":[{"count":0,"href":"https:\/\/www.pixelplanet.com\/fr\/wp-json\/wp\/v2\/pages\/13253\/revisions"}],"up":[{"embeddable":true,"href":"https:\/\/www.pixelplanet.com\/fr\/wp-json\/wp\/v2\/pages\/13231"}],"wp:attachment":[{"href":"https:\/\/www.pixelplanet.com\/fr\/wp-json\/wp\/v2\/media?parent=13253"}],"curies":[{"name":"wp","href":"https:\/\/api.w.org\/{rel}","templated":true}]}}