{"id":13833,"date":"2018-05-29T17:52:45","date_gmt":"2018-05-29T15:52:45","guid":{"rendered":"https:\/\/www.pixelplanet.com\/?page_id=13833"},"modified":"2022-09-12T13:45:34","modified_gmt":"2022-09-12T11:45:34","slug":"enregistrement","status":"publish","type":"page","link":"https:\/\/www.pixelplanet.com\/fr\/assistance\/enregistrement\/","title":{"rendered":"Enregistrement"},"content":{"rendered":"<section class=\"l-section wpb_row us_custom_e11ab399 height_small\"><div class=\"l-section-h i-cf\"><div class=\"g-cols vc_row via_flex valign_middle type_default stacking_default\"><div class=\"vc_col-sm-6 wpb_column vc_column_container\"><div class=\"vc_column-inner\"><div class=\"wpb_wrapper\"><h1 class=\"w-post-elm post_title us_custom_607cd7e8 entry-title color_link_inherit\">Enregistrement<\/h1><\/div><\/div><\/div><div class=\"vc_col-sm-6 wpb_column vc_column_container\"><div class=\"vc_column-inner\"><div class=\"wpb_wrapper\"><nav class=\"g-breadcrumbs us_custom_ea2be81a separator_icon align_right\"><div class=\"g-breadcrumbs-item\"><a href=\"https:\/\/www.pixelplanet.com\/fr\/\">Accueil<\/a><meta content=\"1\"\/><\/div><div class=\"g-breadcrumbs-separator\"><i class=\"far fa-angle-right\"><\/i><\/div><div class=\"g-breadcrumbs-item\">Pages<\/div><\/nav><\/div><\/div><\/div><\/div><\/div><\/section><section class=\"l-section wpb_row height_medium\"><div class=\"l-section-h i-cf\"><div class=\"g-cols vc_row via_flex valign_top type_default stacking_default\"><div class=\"vc_col-sm-12 wpb_column vc_column_container\"><div class=\"vc_column-inner\"><div class=\"wpb_wrapper\"><div class=\"wpb_text_column\"><div class=\"wpb_wrapper\"><h2>Enregistrer votre version compl\u00e8te<\/h2>\n<p>Les utilisateurs de la version compl\u00e8te qui d\u00e9sirent \u00eatre inform\u00e9s des nouveaut\u00e9s et des mises \u00e0 jour, doivent remplir le formulaire suivant.<\/p>\n<p>Si vous avez command\u00e9 le logiciel directement \u00e0 notre soci\u00e9t\u00e9, vous n\u2019avez pas besoin de vous enregistrer. Cependant, si vos informations de contact ont chang\u00e9, vous pouvez utiliser ce formulaire.<\/p>\n<p>Pour commander une licence (version compl\u00e8te), veuillez visiter notre <a href=\"https:\/\/www.pixelplanet.com\/fr\/boutique\/\">boutique<\/a>.<\/p>\n<\/div><\/div><div class=\"w-separator size_medium\"><\/div><form class=\"w-form  us-field-style_1 layout_ver show_message_after_sending for_cform us_form_1\" action=\"https:\/\/www.pixelplanet.com\/fr\/wp-json\/wp\/v2\/pages\/13833\" method=\"post\"><div class=\"w-form-h\"><div class=\"w-form-row for_radio\">\r\n\t\t<div class=\"w-form-row-field\">\r\n\t\t\t\t\t<label>\r\n\t\t\t\t<input type=\"radio\" name=\"us_form_1_radio_1\" value=\"Nouvelle inscription\" checked='checked'\/>\r\n\t\t\t\t<span>Nouvelle inscription<\/span>\r\n\t\t\t<\/label>\r\n\t\t\t\t\t<label>\r\n\t\t\t\t<input type=\"radio\" name=\"us_form_1_radio_1\" value=\"Modifications des donn\u00e9es\"\/>\r\n\t\t\t\t<span>Modifications des donn\u00e9es<\/span>\r\n\t\t\t<\/label>\r\n\t\t\t<\/div>\r\n\t\t<div class=\"w-form-row-state\">S\u00e9lectionner une option<\/div>\r\n<\/div>\r\n<div class=\"w-form-row for_text required with_icon\">\r\n\t\t<div class=\"w-form-row-field\">\r\n\t\t\t\t<i class=\"fas fa-user\"><\/i>\t\t<input aria-label=\"Votre nom\" type=\"text\" name=\"us_form_1_text_1\" value placeholder=\"Votre nom *\" data-required=\"true\" aria-required=\"true\"\/>\r\n\t\t\t<\/div>\r\n\t\t<div class=\"w-form-row-state\">Vous devez remplir ce champ<\/div>\r\n<\/div>\r\n<div class=\"w-form-row for_email required with_icon\">\r\n\t\t<div class=\"w-form-row-field\">\r\n\t\t\t\t<i class=\"fas fa-at\"><\/i>\t\t<input aria-label=\"Votre addresse e-mail\" type=\"email\" name=\"us_form_1_email_1\" value placeholder=\"Votre addresse e-mail *\" data-required=\"true\" aria-required=\"true\"\/>\r\n\t\t\t<\/div>\r\n\t\t<div class=\"w-form-row-state\">Veuillez saisir une adresse e-mail valide.<\/div>\r\n<\/div>\r\n<div class=\"w-form-row for_select has_label\">\r\n\t\t\t<div class=\"w-form-row-label\">\r\n\t\t\t<span>Quelle version compl\u00e8te de notre logiciel souhaitez-vous enregistrer ?<\/span>\r\n\t\t<\/div>\r\n\t\t<div class=\"w-form-row-field\">\r\n\t\t\t\t\t\t<select aria-label=\"Quelle version compl\u00e8te de notre logiciel souhaitez-vous enregistrer ?\" name=\"us_form_1_select_1\">\r\n\t\t\t<option value=\"\u00a0\">\u00a0<\/option><option value=\"PdfEditor\">PdfEditor<\/option><option value=\"PdfGrabber (Windows)\">PdfGrabber (Windows)<\/option><option value=\"PdfGrabber (macOS)\">PdfGrabber (macOS)<\/option><option value=\"PdfPrinter\">PdfPrinter<\/option>\t\t<\/select>\r\n\t\t\t<\/div>\r\n\t\t<div class=\"w-form-row-state\">S\u00e9lectionner une option<\/div>\r\n<\/div>\r\n<div class=\"w-form-row for_text required with_icon\">\r\n\t\t<div class=\"w-form-row-field\">\r\n\t\t\t\t<i class=\"fas fa-key\"><\/i>\t\t<input aria-label=\"Nom de licence \/ Cl\u00e9 de licence\" type=\"text\" name=\"us_form_1_text_2\" value placeholder=\"Nom de licence \/ Cl\u00e9 de licence *\" data-required=\"true\" aria-required=\"true\"\/>\r\n\t\t\t<\/div>\r\n\t\t<div class=\"w-form-row-state\">Vous devez remplir ce champ<\/div>\r\n<\/div>\r\n<input type=\"hidden\" name=\"action\" value=\"us_ajax_cform\" \/>\r\n<input type=\"hidden\" name=\"post_id\" value=\"0\" \/>\r\n<input type=\"hidden\" name=\"form_index\" value=\"1\" \/>\r\n<div class=\"w-form-row for_submit align_none\"><button class=\"w-btn us-btn-style_1 icon_atleft\" type=\"submit\" aria-label=\"Envoyer le formulaire\"><span class=\"g-preloader type_1\"><\/span><i class=\"fas fa-paper-plane\"><\/i><span class=\"w-btn-label\">Envoyer le formulaire<\/span><\/button><\/div><\/div><div class=\"w-form-message\"><\/div><div class=\"w-form-json hidden\" onclick='return {&quot;ajaxurl&quot;:&quot;https:\\\/\\\/www.pixelplanet.com\\\/wp-admin\\\/admin-ajax.php&quot;,&quot;messages&quot;:{&quot;err_empty&quot;:&quot;Vous devez remplir ce champ&quot;,&quot;err_size&quot;:&quot;La taille du fichier ne peut pas d\\u00e9passer %s Mo&quot;,&quot;err_extension&quot;:&quot;Le type de fichier %s n&#039;est pas autoris\\u00e9&quot;,&quot;err_recaptcha_keys&quot;:&quot;Les cl\\u00e9s reCAPTCHA sont incorrectes&quot;}}'><\/div><\/form><div class=\"w-separator size_medium\"><\/div><div class=\"wpb_text_column\"><div class=\"wpb_wrapper\"><p><strong>Protection des donn\u00e9es<\/strong> : Vos donn\u00e9es ne seront trait\u00e9es qu&rsquo;en interne et ne seront pas transmises \u00e0 des tiers. Afin d&rsquo;\u00e9viter toute utilisation abusive, en plus des donn\u00e9es saisies ici, nous transf\u00e9rons et stockons \u00e9galement votre adresse IP, le type de navigateur et le site Web \u00e0 partir duquel vous avez envoy\u00e9 le formulaire.<\/p>\n<\/div><\/div><\/div><\/div><\/div><\/div><\/div><\/section>\n","protected":false},"excerpt":{"rendered":"EnregistrementAccueilPages Enregistrer votre version compl\u00e8te Les utilisateurs de la version compl\u00e8te qui d\u00e9sirent \u00eatre inform\u00e9s des nouveaut\u00e9s et des mises \u00e0 jour, doivent remplir le formulaire suivant. Si vous avez command\u00e9 le logiciel directement \u00e0 notre soci\u00e9t\u00e9, vous n\u2019avez pas besoin de vous enregistrer. Cependant, si vos informations de contact ont chang\u00e9, vous pouvez utiliser...","protected":false},"author":1,"featured_media":0,"parent":15110,"menu_order":3,"comment_status":"closed","ping_status":"closed","template":"","meta":{"footnotes":""},"class_list":["post-13833","page","type-page","status-publish","hentry"],"yoast_head":"<!-- This site is optimized with the Yoast SEO Premium plugin v27.4 (Yoast SEO v27.4) - https:\/\/yoast.com\/product\/yoast-seo-premium-wordpress\/ -->\n<title>PixelPlanet - Assistance - Enregistrer votre version compl\u00e8te<\/title>\n<meta name=\"description\" content=\"Les utilisateurs de la version compl\u00e8te qui d\u00e9sirent \u00eatre inform\u00e9s des nouveaut\u00e9s et des mises \u00e0 jour, doivent remplir le formulaire suivant.\" \/>\n<meta name=\"robots\" content=\"noindex, follow\" \/>\n<meta property=\"og:locale\" content=\"fr_FR\" \/>\n<meta property=\"og:type\" content=\"article\" \/>\n<meta property=\"og:title\" content=\"PixelPlanet.com - Enregistrer votre version compl\u00e8te\" \/>\n<meta property=\"og:description\" content=\"Les utilisateurs de la version compl\u00e8te qui d\u00e9sirent \u00eatre inform\u00e9s des nouveaut\u00e9s et des mises \u00e0 jour, doivent remplir le formulaire suivant.\" \/>\n<meta property=\"og:url\" content=\"https:\/\/www.pixelplanet.com\/fr\/assistance\/enregistrement\/\" \/>\n<meta property=\"og:site_name\" content=\"PixelPlanet.com - Boutique pour les logiciels PDF\" \/>\n<meta property=\"article:publisher\" content=\"https:\/\/www.facebook.com\/PixelPlanet\" \/>\n<meta property=\"article:modified_time\" content=\"2022-09-12T11:45:34+00:00\" \/>\n<meta property=\"og:image\" content=\"https:\/\/www.pixelplanet.com\/wp-content\/uploads\/2018\/02\/FaceBook-Homepage-DE-1200x630.jpg\" \/>\n\t<meta property=\"og:image:width\" content=\"1200\" \/>\n\t<meta property=\"og:image:height\" content=\"630\" \/>\n\t<meta property=\"og:image:type\" content=\"image\/jpeg\" \/>\n<meta name=\"twitter:card\" content=\"summary_large_image\" \/>\n<meta name=\"twitter:title\" content=\"PixelPlanet - Enregistrement\" \/>\n<meta name=\"twitter:site\" content=\"@PixelPlanet\" \/>\n<meta name=\"twitter:label1\" content=\"Dur\u00e9e de lecture estim\u00e9e\" \/>\n\t<meta name=\"twitter:data1\" content=\"1 minute\" \/>\n<script type=\"application\/ld+json\" class=\"yoast-schema-graph\">{\"@context\":\"https:\\\/\\\/schema.org\",\"@graph\":[{\"@type\":\"WebPage\",\"@id\":\"https:\\\/\\\/www.pixelplanet.com\\\/fr\\\/assistance\\\/enregistrement\\\/\",\"url\":\"https:\\\/\\\/www.pixelplanet.com\\\/fr\\\/assistance\\\/enregistrement\\\/\",\"name\":\"PixelPlanet - Assistance - Enregistrer votre version compl\u00e8te\",\"isPartOf\":{\"@id\":\"https:\\\/\\\/www.pixelplanet.com\\\/fr\\\/#website\"},\"datePublished\":\"2018-05-29T15:52:45+00:00\",\"dateModified\":\"2022-09-12T11:45:34+00:00\",\"description\":\"Les utilisateurs de la version compl\u00e8te qui d\u00e9sirent \u00eatre inform\u00e9s des nouveaut\u00e9s et des mises \u00e0 jour, doivent remplir le formulaire suivant.\",\"breadcrumb\":{\"@id\":\"https:\\\/\\\/www.pixelplanet.com\\\/fr\\\/assistance\\\/enregistrement\\\/#breadcrumb\"},\"inLanguage\":\"fr-FR\",\"potentialAction\":[{\"@type\":\"ReadAction\",\"target\":[\"https:\\\/\\\/www.pixelplanet.com\\\/fr\\\/assistance\\\/enregistrement\\\/\"]}]},{\"@type\":\"BreadcrumbList\",\"@id\":\"https:\\\/\\\/www.pixelplanet.com\\\/fr\\\/assistance\\\/enregistrement\\\/#breadcrumb\",\"itemListElement\":[{\"@type\":\"ListItem\",\"position\":1,\"name\":\"Home\",\"item\":\"https:\\\/\\\/www.pixelplanet.com\\\/fr\\\/\"},{\"@type\":\"ListItem\",\"position\":2,\"name\":\"Assistance\",\"item\":\"https:\\\/\\\/www.pixelplanet.com\\\/fr\\\/assistance\\\/\"},{\"@type\":\"ListItem\",\"position\":3,\"name\":\"Enregistrement\"}]},{\"@type\":\"WebSite\",\"@id\":\"https:\\\/\\\/www.pixelplanet.com\\\/fr\\\/#website\",\"url\":\"https:\\\/\\\/www.pixelplanet.com\\\/fr\\\/\",\"name\":\"PixelPlanet.com - Boutique pour les logiciels PDF\",\"description\":\"Edit, convert, create, merge and split PDF documents on Windows and Mac\",\"publisher\":{\"@id\":\"https:\\\/\\\/www.pixelplanet.com\\\/fr\\\/#organization\"},\"potentialAction\":[{\"@type\":\"SearchAction\",\"target\":{\"@type\":\"EntryPoint\",\"urlTemplate\":\"https:\\\/\\\/www.pixelplanet.com\\\/fr\\\/?s={search_term_string}\"},\"query-input\":{\"@type\":\"PropertyValueSpecification\",\"valueRequired\":true,\"valueName\":\"search_term_string\"}}],\"inLanguage\":\"fr-FR\"},{\"@type\":\"Organization\",\"@id\":\"https:\\\/\\\/www.pixelplanet.com\\\/fr\\\/#organization\",\"name\":\"PixelPlanet\",\"url\":\"https:\\\/\\\/www.pixelplanet.com\\\/fr\\\/\",\"logo\":{\"@type\":\"ImageObject\",\"inLanguage\":\"fr-FR\",\"@id\":\"https:\\\/\\\/www.pixelplanet.com\\\/fr\\\/#\\\/schema\\\/logo\\\/image\\\/\",\"url\":\"https:\\\/\\\/www.pixelplanet.com\\\/wp-content\\\/uploads\\\/2016\\\/12\\\/PixelPlanet-Logo-540x100.png\",\"contentUrl\":\"https:\\\/\\\/www.pixelplanet.com\\\/wp-content\\\/uploads\\\/2016\\\/12\\\/PixelPlanet-Logo-540x100.png\",\"width\":540,\"height\":100,\"caption\":\"PixelPlanet\"},\"image\":{\"@id\":\"https:\\\/\\\/www.pixelplanet.com\\\/fr\\\/#\\\/schema\\\/logo\\\/image\\\/\"},\"sameAs\":[\"https:\\\/\\\/www.facebook.com\\\/PixelPlanet\",\"https:\\\/\\\/x.com\\\/PixelPlanet\",\"https:\\\/\\\/www.instagram.com\\\/pixelplanet.software\\\/\",\"https:\\\/\\\/linkedin.com\\\/company\\\/pixelplanet-software\"]}]}<\/script>\n<!-- \/ Yoast SEO Premium plugin. -->","yoast_head_json":{"title":"PixelPlanet - Assistance - Enregistrer votre version compl\u00e8te","description":"Les utilisateurs de la version compl\u00e8te qui d\u00e9sirent \u00eatre inform\u00e9s des nouveaut\u00e9s et des mises \u00e0 jour, doivent remplir le formulaire suivant.","robots":{"index":"noindex","follow":"follow"},"og_locale":"fr_FR","og_type":"article","og_title":"PixelPlanet.com - Enregistrer votre version compl\u00e8te","og_description":"Les utilisateurs de la version compl\u00e8te qui d\u00e9sirent \u00eatre inform\u00e9s des nouveaut\u00e9s et des mises \u00e0 jour, doivent remplir le formulaire suivant.","og_url":"https:\/\/www.pixelplanet.com\/fr\/assistance\/enregistrement\/","og_site_name":"PixelPlanet.com - Boutique pour les logiciels PDF","article_publisher":"https:\/\/www.facebook.com\/PixelPlanet","article_modified_time":"2022-09-12T11:45:34+00:00","og_image":[{"width":1200,"height":630,"url":"https:\/\/www.pixelplanet.com\/wp-content\/uploads\/2018\/02\/FaceBook-Homepage-DE-1200x630.jpg","type":"image\/jpeg"}],"twitter_card":"summary_large_image","twitter_title":"PixelPlanet - Enregistrement","twitter_site":"@PixelPlanet","twitter_misc":{"Dur\u00e9e de lecture estim\u00e9e":"1 minute"},"schema":{"@context":"https:\/\/schema.org","@graph":[{"@type":"WebPage","@id":"https:\/\/www.pixelplanet.com\/fr\/assistance\/enregistrement\/","url":"https:\/\/www.pixelplanet.com\/fr\/assistance\/enregistrement\/","name":"PixelPlanet - Assistance - Enregistrer votre version compl\u00e8te","isPartOf":{"@id":"https:\/\/www.pixelplanet.com\/fr\/#website"},"datePublished":"2018-05-29T15:52:45+00:00","dateModified":"2022-09-12T11:45:34+00:00","description":"Les utilisateurs de la version compl\u00e8te qui d\u00e9sirent \u00eatre inform\u00e9s des nouveaut\u00e9s et des mises \u00e0 jour, doivent remplir le formulaire suivant.","breadcrumb":{"@id":"https:\/\/www.pixelplanet.com\/fr\/assistance\/enregistrement\/#breadcrumb"},"inLanguage":"fr-FR","potentialAction":[{"@type":"ReadAction","target":["https:\/\/www.pixelplanet.com\/fr\/assistance\/enregistrement\/"]}]},{"@type":"BreadcrumbList","@id":"https:\/\/www.pixelplanet.com\/fr\/assistance\/enregistrement\/#breadcrumb","itemListElement":[{"@type":"ListItem","position":1,"name":"Home","item":"https:\/\/www.pixelplanet.com\/fr\/"},{"@type":"ListItem","position":2,"name":"Assistance","item":"https:\/\/www.pixelplanet.com\/fr\/assistance\/"},{"@type":"ListItem","position":3,"name":"Enregistrement"}]},{"@type":"WebSite","@id":"https:\/\/www.pixelplanet.com\/fr\/#website","url":"https:\/\/www.pixelplanet.com\/fr\/","name":"PixelPlanet.com - Boutique pour les logiciels PDF","description":"Edit, convert, create, merge and split PDF documents on Windows and Mac","publisher":{"@id":"https:\/\/www.pixelplanet.com\/fr\/#organization"},"potentialAction":[{"@type":"SearchAction","target":{"@type":"EntryPoint","urlTemplate":"https:\/\/www.pixelplanet.com\/fr\/?s={search_term_string}"},"query-input":{"@type":"PropertyValueSpecification","valueRequired":true,"valueName":"search_term_string"}}],"inLanguage":"fr-FR"},{"@type":"Organization","@id":"https:\/\/www.pixelplanet.com\/fr\/#organization","name":"PixelPlanet","url":"https:\/\/www.pixelplanet.com\/fr\/","logo":{"@type":"ImageObject","inLanguage":"fr-FR","@id":"https:\/\/www.pixelplanet.com\/fr\/#\/schema\/logo\/image\/","url":"https:\/\/www.pixelplanet.com\/wp-content\/uploads\/2016\/12\/PixelPlanet-Logo-540x100.png","contentUrl":"https:\/\/www.pixelplanet.com\/wp-content\/uploads\/2016\/12\/PixelPlanet-Logo-540x100.png","width":540,"height":100,"caption":"PixelPlanet"},"image":{"@id":"https:\/\/www.pixelplanet.com\/fr\/#\/schema\/logo\/image\/"},"sameAs":["https:\/\/www.facebook.com\/PixelPlanet","https:\/\/x.com\/PixelPlanet","https:\/\/www.instagram.com\/pixelplanet.software\/","https:\/\/linkedin.com\/company\/pixelplanet-software"]}]}},"_links":{"self":[{"href":"https:\/\/www.pixelplanet.com\/fr\/wp-json\/wp\/v2\/pages\/13833","targetHints":{"allow":["GET"]}}],"collection":[{"href":"https:\/\/www.pixelplanet.com\/fr\/wp-json\/wp\/v2\/pages"}],"about":[{"href":"https:\/\/www.pixelplanet.com\/fr\/wp-json\/wp\/v2\/types\/page"}],"author":[{"embeddable":true,"href":"https:\/\/www.pixelplanet.com\/fr\/wp-json\/wp\/v2\/users\/1"}],"replies":[{"embeddable":true,"href":"https:\/\/www.pixelplanet.com\/fr\/wp-json\/wp\/v2\/comments?post=13833"}],"version-history":[{"count":0,"href":"https:\/\/www.pixelplanet.com\/fr\/wp-json\/wp\/v2\/pages\/13833\/revisions"}],"up":[{"embeddable":true,"href":"https:\/\/www.pixelplanet.com\/fr\/wp-json\/wp\/v2\/pages\/15110"}],"wp:attachment":[{"href":"https:\/\/www.pixelplanet.com\/fr\/wp-json\/wp\/v2\/media?parent=13833"}],"curies":[{"name":"wp","href":"https:\/\/api.w.org\/{rel}","templated":true}]}}