{"id":14536,"date":"2018-07-31T12:36:51","date_gmt":"2018-07-31T10:36:51","guid":{"rendered":"https:\/\/www.pixelplanet.com\/pdfprinter\/"},"modified":"2020-01-03T20:01:07","modified_gmt":"2020-01-03T19:01:07","slug":"pdfprinter","status":"publish","type":"page","link":"https:\/\/www.pixelplanet.com\/fr\/pdfprinter\/","title":{"rendered":"PdfPrinter"},"content":{"rendered":"<section class=\"l-section wpb_row height_medium color_alternate\"><div class=\"l-section-h i-cf\"><div class=\"g-cols vc_row via_flex valign_middle type_default stacking_default\"><div class=\"vc_col-sm-6 wpb_column vc_column_container\"><div class=\"vc_column-inner\"><div class=\"wpb_wrapper\"><div class=\"wpb_text_column\"><div class=\"wpb_wrapper\"><h2>Cr\u00e9ation de PDF<\/h2>\n<p>Le logiciel PdfPrinter\u00a07 de PixelPlanet permet de g\u00e9n\u00e9rer des documents PDF \u00e0 partir de toutes les applications Windows imprimables via un pilote d\u2019imprimante.<\/p>\n<p>Imprimez des documents PDF \u00e0 partir de toutes les applications logicielles imprimables via le logiciel PdfPrinter de PixelPlanet. Cette application est install\u00e9e dans le syst\u00e8me comme une imprimante \u00ab\u00a0normale\u00a0\u00bb et peut \u00eatre appel\u00e9e par toutes les applications imprimables via la commande d\u2019impression.<\/p>\n<\/div><\/div><div class=\"w-separator size_small\"><\/div><div class=\"w-btn-wrapper align_none\"><a class=\"w-btn us-btn-style_7 us_custom_f73f4019 icon_atleft\" href=\"https:\/\/www.pixelplanet.com\/fr\/pdfprinter\/telechargement\/\"><i class=\"fas fa-download\"><\/i><span class=\"w-btn-label\">Tester maintenant<\/span><\/a><\/div><div class=\"w-btn-wrapper align_none\"><a class=\"w-btn us-btn-style_8 us_custom_f73f4019 icon_atleft\" href=\"https:\/\/www.pixelplanet.com\/fr\/produit\/pdfprinter\/\"><i class=\"fas fa-shopping-cart\"><\/i><span class=\"w-btn-label\">Acheter<\/span><\/a><\/div><\/div><\/div><\/div><div class=\"vc_col-sm-6 wpb_column vc_column_container\"><div class=\"vc_column-inner\"><div class=\"wpb_wrapper\"><div class=\"w-image align_none\"><div class=\"w-image-h\"><img decoding=\"async\" width=\"576\" height=\"576\" src=\"https:\/\/www.pixelplanet.com\/wp-content\/uploads\/2019\/04\/PdfPrinter-576x576.jpg\" class=\"attachment-large size-large\" alt=\"PdfPrinter: PDF Dokumente per Druckfunktion aus jeder Windows-Anwendung drucken bzw. erzeugen.\" loading=\"lazy\" srcset=\"https:\/\/www.pixelplanet.com\/wp-content\/uploads\/2019\/04\/PdfPrinter-576x576.jpg 576w, https:\/\/www.pixelplanet.com\/wp-content\/uploads\/2019\/04\/PdfPrinter-576x576-150x150.jpg 150w, https:\/\/www.pixelplanet.com\/wp-content\/uploads\/2019\/04\/PdfPrinter-576x576-312x312.jpg 312w, https:\/\/www.pixelplanet.com\/wp-content\/uploads\/2019\/04\/PdfPrinter-576x576-300x300.jpg 300w, https:\/\/www.pixelplanet.com\/wp-content\/uploads\/2019\/04\/PdfPrinter-576x576-350x350.jpg 350w\" sizes=\"auto, (max-width: 576px) 100vw, 576px\" \/><\/div><\/div><\/div><\/div><\/div><\/div><\/div><\/section><section class=\"l-section wpb_row height_medium\"><div class=\"l-section-h i-cf\"><div class=\"g-cols vc_row via_flex valign_middle type_default stacking_default\"><div class=\"vc_col-sm-6 wpb_column vc_column_container\"><div class=\"vc_column-inner\"><div class=\"wpb_wrapper\"><div class=\"w-image align_none\"><div class=\"w-image-h\"><img decoding=\"async\" width=\"573\" height=\"497\" src=\"https:\/\/www.pixelplanet.com\/wp-content\/uploads\/2018\/07\/PdfPrinter-Einstellungen-Animation-573x497.gif\" class=\"attachment-full size-full\" alt=\"PixelPlanet PdfPrinter\" loading=\"lazy\" \/><\/div><\/div><\/div><\/div><\/div><div class=\"vc_col-sm-6 wpb_column vc_column_container\"><div class=\"vc_column-inner\"><div class=\"wpb_wrapper\"><div class=\"wpb_text_column\"><div class=\"wpb_wrapper\"><h3>Une myriade de possibilit\u00e9s<\/h3>\n<p>D\u00e9terminez le format et l\u2019orientation des pages, int\u00e9grez les polices utilis\u00e9es dans le PDF, r\u00e9duisez la taille de l\u2019image (saviez-vous que les images contenues sont responsables \u00e0 90\u00a0% de la taille d\u2019un fichier PDF\u00a0?), int\u00e9grez des droits au document (pour l\u2019ouverture, l\u2019impression, la modification, l\u2019extraction, le remplissage), ajoutez un filigrane, une signature ou un tampon, d\u00e9finissez les m\u00e9tadonn\u00e9es (titre, auteur, objet, mots-cl\u00e9s) ou d\u00e9cidez comment le PDF doit s\u2019afficher \u00e0 l\u2019ouverture (zoom, mise en page, barres de menu et d\u2019outils, etc.).<\/p>\n<p>Vous pouvez \u00e9galement indiquer la conformit\u00e9 aux formats PDF\/A et PDF\/X.<\/p>\n<\/div><\/div><div class=\"w-separator size_small\"><\/div><div class=\"w-btn-wrapper align_none\"><a class=\"w-btn us-btn-style_7 us_custom_f73f4019 icon_atleft\" href=\"https:\/\/www.pixelplanet.com\/fr\/pdfprinter\/telechargement\/\"><i class=\"fas fa-download\"><\/i><span class=\"w-btn-label\">Tester maintenant<\/span><\/a><\/div><div class=\"w-btn-wrapper align_none\"><a class=\"w-btn us-btn-style_8 us_custom_f73f4019 icon_atleft\" href=\"https:\/\/www.pixelplanet.com\/fr\/produit\/pdfprinter\/\"><i class=\"fas fa-shopping-cart\"><\/i><span class=\"w-btn-label\">Acheter<\/span><\/a><\/div><\/div><\/div><\/div><\/div><\/div><\/section><section class=\"l-section wpb_row height_medium\"><div class=\"l-section-h i-cf\"><div class=\"g-cols vc_row via_flex valign_top type_default stacking_default\"><div class=\"vc_col-sm-12 wpb_column vc_column_container\"><div class=\"vc_column-inner\"><div class=\"wpb_wrapper\"><div class=\"wpb_text_column\"><div class=\"wpb_wrapper\"><h3 style=\"text-align: center;\">Les principales caract\u00e9ristiques en bref<\/h3>\n<\/div><\/div><div class=\"wpb_text_column\"><div class=\"wpb_wrapper\">\n<table id=\"tablepress-PP-1-FRA\" class=\"tablepress tablepress-id-PP-1-FRA\">\n<thead>\n<tr class=\"row-1\">\n\t<th class=\"column-1\">PixelPlanet PdfPrinter<\/th><td class=\"column-2\"><\/td>\n<\/tr>\n<\/thead>\n<tbody class=\"row-striping row-hover\">\n<tr class=\"row-2\">\n\t<td class=\"column-1\">Co\u00fbts de licence unique, sans abonnement, sans frais de suivi<\/td><td class=\"column-2\"><i class=\"fas fa-check-square fa-lg\"><\/i><\/td>\n<\/tr>\n<tr class=\"row-3\">\n\t<td class=\"column-1\">Mises \u00e0 jour gratuites dans la version 7, validit\u00e9 illimit\u00e9e de votre licence<\/td><td class=\"column-2\"><i class=\"fas fa-check-square fa-lg\"><\/i><\/td>\n<\/tr>\n<tr class=\"row-4\">\n\t<td class=\"column-1\">Cr\u00e9ation de PDF \u00e0 partir de toutes les applications imprimables via un pilote d\u2019imprimante PDF<\/td><td class=\"column-2\"><i class=\"fas fa-check-square fa-lg\"><\/i><\/td>\n<\/tr>\n<tr class=\"row-5\">\n\t<td class=\"column-1\">Placez du papier \u00e0 en-t\u00eate ou de la papeterie dans le PDF \u00e0 l'aide de la fonction \" Tampon \".<\/td><td class=\"column-2\"><i class=\"fas fa-check-square fa-lg\"><\/i><\/td>\n<\/tr>\n<tr class=\"row-6\">\n\t<td class=\"column-1\">Pour PC avec Windows 10, 8, 7, 2008, Vista, 2003 ou XP (SP3)<\/td><td class=\"column-2\"><i class=\"fas fa-check-square fa-lg\"><\/i><\/td>\n<\/tr>\n<tr class=\"row-7\">\n\t<td class=\"column-1\">Versions pour Windows 32 et 64 bits<\/td><td class=\"column-2\"><i class=\"fas fa-check-square fa-lg\"><\/i><\/td>\n<\/tr>\n<tr class=\"row-8\">\n\t<td class=\"column-1\">Compatible PDF\/X (pr\u00e9presse)<\/td><td class=\"column-2\"><i class=\"fas fa-check-square fa-lg\"><\/i><\/td>\n<\/tr>\n<tr class=\"row-9\">\n\t<td class=\"column-1\">Compatible PDF\/A (\u00e0 des fins d'archivage)<\/td><td class=\"column-2\"><i class=\"fas fa-check-square fa-lg\"><\/i><\/td>\n<\/tr>\n<\/tbody>\n<\/table>\n<!-- #tablepress-PP-1-FRA from cache -->\n<\/div><\/div><div class=\"w-separator size_small\"><\/div><div class=\"w-btn-wrapper align_none\"><a class=\"w-btn us-btn-style_7 us_custom_f73f4019 icon_atleft\" href=\"https:\/\/www.pixelplanet.com\/fr\/pdfprinter\/telechargement\/\"><i class=\"fas fa-download\"><\/i><span class=\"w-btn-label\">Tester maintenant<\/span><\/a><\/div><div class=\"w-btn-wrapper align_none\"><a class=\"w-btn us-btn-style_8 us_custom_f73f4019 icon_atleft\" href=\"https:\/\/www.pixelplanet.com\/fr\/produit\/pdfprinter\/\"><i class=\"fas fa-shopping-cart\"><\/i><span class=\"w-btn-label\">Acheter<\/span><\/a><\/div><\/div><\/div><\/div><\/div><\/div><\/section><section class=\"l-section wpb_row height_medium color_primary\"><div class=\"l-section-h i-cf\"><div class=\"g-cols vc_row via_flex valign_middle type_default stacking_default\"><div class=\"vc_col-sm-12 wpb_column vc_column_container\"><div class=\"vc_column-inner\"><div class=\"wpb_wrapper\"><div class=\"w-actionbox color_primary controls_right\"><div class=\"w-actionbox-text\"><h2 class=\"w-actionbox-title\">Tester PdfPrinter gratuitement !<\/h2><div class=\"w-actionbox-description\"><p>La version d\u2019\u00e9valuation contient toutes les fonctions de la version compl\u00e8te du logiciel PdfPrinter de PixelPlanet. Toutefois, une indication montrant qu\u2019il s\u2019agit d\u2019une version d\u2019\u00e9valuation est ajout\u00e9e dans les pages PDF g\u00e9n\u00e9r\u00e9es. Cette restriction est bien s\u00fbr supprim\u00e9e dans la version compl\u00e8te.<\/p>\n<\/div><\/div><div class=\"w-actionbox-controls\"><a class=\"w-btn us-btn-style_8 icon_atleft\" style=\"font-size:16px\" href=\"https:\/\/www.pixelplanet.com\/fr\/pdfprinter\/telechargement\/\"><i class=\"fas fa-download\"><\/i><span class=\"w-btn-label\">Tester maintenant<\/span><\/a><\/div><\/div><\/div><\/div><\/div><\/div><\/div><\/section>\n","protected":false},"excerpt":{"rendered":"Cr\u00e9ation de PDF Le logiciel PdfPrinter\u00a07 de PixelPlanet permet de g\u00e9n\u00e9rer des documents PDF \u00e0 partir de toutes les applications Windows imprimables via un pilote d\u2019imprimante. Imprimez des documents PDF \u00e0 partir de toutes les applications logicielles imprimables via le logiciel PdfPrinter de PixelPlanet. Cette application est install\u00e9e dans le syst\u00e8me comme une imprimante \u00ab\u00a0normale\u00a0\u00bb...","protected":false},"author":1,"featured_media":0,"parent":0,"menu_order":0,"comment_status":"closed","ping_status":"closed","template":"","meta":{"footnotes":""},"class_list":["post-14536","page","type-page","status-publish","hentry"],"yoast_head":"<!-- This site is optimized with the Yoast SEO Premium plugin v27.3 (Yoast SEO v27.3) - https:\/\/yoast.com\/product\/yoast-seo-premium-wordpress\/ -->\n<title>G\u00e9n\u00e9rer des PDF \u00e0 partir de toutes les applications Windows imprimables<\/title>\n<meta name=\"description\" content=\"Imprimez des documents PDF \u00e0 partir de toutes les applications logicielles imprimables via le logiciel PdfPrinter de PixelPlanet.\" \/>\n<meta name=\"robots\" content=\"index, follow, max-snippet:-1, max-image-preview:large, max-video-preview:-1\" \/>\n<link rel=\"canonical\" href=\"https:\/\/www.pixelplanet.com\/fr\/pdfprinter\/\" \/>\n<meta property=\"og:locale\" content=\"fr_FR\" \/>\n<meta property=\"og:type\" content=\"article\" \/>\n<meta property=\"og:title\" content=\"PdfPrinter : G\u00e9n\u00e9rer des documents PDF\" \/>\n<meta property=\"og:description\" content=\"Imprimez des documents PDF \u00e0 partir de toutes les applications logicielles imprimables via le logiciel PdfPrinter de PixelPlanet.\" \/>\n<meta property=\"og:url\" content=\"https:\/\/www.pixelplanet.com\/fr\/pdfprinter\/\" \/>\n<meta property=\"og:site_name\" content=\"PixelPlanet.com - Boutique pour les logiciels PDF\" \/>\n<meta property=\"article:publisher\" content=\"https:\/\/www.facebook.com\/PixelPlanet\" \/>\n<meta property=\"article:modified_time\" content=\"2020-01-03T19:01:07+00:00\" \/>\n<meta property=\"og:image\" content=\"https:\/\/www.pixelplanet.com\/wp-content\/uploads\/2018\/02\/FaceBook-Homepage-DE-1200x630.jpg\" \/>\n\t<meta property=\"og:image:width\" content=\"1200\" \/>\n\t<meta property=\"og:image:height\" content=\"630\" \/>\n\t<meta property=\"og:image:type\" content=\"image\/jpeg\" \/>\n<meta name=\"twitter:card\" content=\"summary_large_image\" \/>\n<meta name=\"twitter:title\" content=\"PixelPlanet - PdfPrinter\" \/>\n<meta name=\"twitter:site\" content=\"@PixelPlanet\" \/>\n<meta name=\"twitter:label1\" content=\"Dur\u00e9e de lecture estim\u00e9e\" \/>\n\t<meta name=\"twitter:data1\" content=\"3 minutes\" \/>\n<script type=\"application\/ld+json\" class=\"yoast-schema-graph\">{\"@context\":\"https:\\\/\\\/schema.org\",\"@graph\":[{\"@type\":\"WebPage\",\"@id\":\"https:\\\/\\\/www.pixelplanet.com\\\/fr\\\/pdfprinter\\\/\",\"url\":\"https:\\\/\\\/www.pixelplanet.com\\\/fr\\\/pdfprinter\\\/\",\"name\":\"G\u00e9n\u00e9rer des PDF \u00e0 partir de toutes les applications Windows imprimables\",\"isPartOf\":{\"@id\":\"https:\\\/\\\/www.pixelplanet.com\\\/fr\\\/#website\"},\"datePublished\":\"2018-07-31T10:36:51+00:00\",\"dateModified\":\"2020-01-03T19:01:07+00:00\",\"description\":\"Imprimez des documents PDF \u00e0 partir de toutes les applications logicielles imprimables via le logiciel PdfPrinter de PixelPlanet.\",\"breadcrumb\":{\"@id\":\"https:\\\/\\\/www.pixelplanet.com\\\/fr\\\/pdfprinter\\\/#breadcrumb\"},\"inLanguage\":\"fr-FR\",\"potentialAction\":[{\"@type\":\"ReadAction\",\"target\":[\"https:\\\/\\\/www.pixelplanet.com\\\/fr\\\/pdfprinter\\\/\"]}]},{\"@type\":\"BreadcrumbList\",\"@id\":\"https:\\\/\\\/www.pixelplanet.com\\\/fr\\\/pdfprinter\\\/#breadcrumb\",\"itemListElement\":[{\"@type\":\"ListItem\",\"position\":1,\"name\":\"Home\",\"item\":\"https:\\\/\\\/www.pixelplanet.com\\\/fr\\\/\"},{\"@type\":\"ListItem\",\"position\":2,\"name\":\"PdfPrinter\"}]},{\"@type\":\"WebSite\",\"@id\":\"https:\\\/\\\/www.pixelplanet.com\\\/fr\\\/#website\",\"url\":\"https:\\\/\\\/www.pixelplanet.com\\\/fr\\\/\",\"name\":\"PixelPlanet.com - Boutique pour les logiciels PDF\",\"description\":\"Edit, convert, create, merge and split PDF documents on Windows and Mac\",\"publisher\":{\"@id\":\"https:\\\/\\\/www.pixelplanet.com\\\/fr\\\/#organization\"},\"potentialAction\":[{\"@type\":\"SearchAction\",\"target\":{\"@type\":\"EntryPoint\",\"urlTemplate\":\"https:\\\/\\\/www.pixelplanet.com\\\/fr\\\/?s={search_term_string}\"},\"query-input\":{\"@type\":\"PropertyValueSpecification\",\"valueRequired\":true,\"valueName\":\"search_term_string\"}}],\"inLanguage\":\"fr-FR\"},{\"@type\":\"Organization\",\"@id\":\"https:\\\/\\\/www.pixelplanet.com\\\/fr\\\/#organization\",\"name\":\"PixelPlanet\",\"url\":\"https:\\\/\\\/www.pixelplanet.com\\\/fr\\\/\",\"logo\":{\"@type\":\"ImageObject\",\"inLanguage\":\"fr-FR\",\"@id\":\"https:\\\/\\\/www.pixelplanet.com\\\/fr\\\/#\\\/schema\\\/logo\\\/image\\\/\",\"url\":\"https:\\\/\\\/www.pixelplanet.com\\\/wp-content\\\/uploads\\\/2016\\\/12\\\/PixelPlanet-Logo-540x100.png\",\"contentUrl\":\"https:\\\/\\\/www.pixelplanet.com\\\/wp-content\\\/uploads\\\/2016\\\/12\\\/PixelPlanet-Logo-540x100.png\",\"width\":540,\"height\":100,\"caption\":\"PixelPlanet\"},\"image\":{\"@id\":\"https:\\\/\\\/www.pixelplanet.com\\\/fr\\\/#\\\/schema\\\/logo\\\/image\\\/\"},\"sameAs\":[\"https:\\\/\\\/www.facebook.com\\\/PixelPlanet\",\"https:\\\/\\\/x.com\\\/PixelPlanet\",\"https:\\\/\\\/www.instagram.com\\\/pixelplanet.software\\\/\",\"https:\\\/\\\/linkedin.com\\\/company\\\/pixelplanet-software\"]}]}<\/script>\n<!-- \/ Yoast SEO Premium plugin. -->","yoast_head_json":{"title":"G\u00e9n\u00e9rer des PDF \u00e0 partir de toutes les applications Windows imprimables","description":"Imprimez des documents PDF \u00e0 partir de toutes les applications logicielles imprimables via le logiciel PdfPrinter de PixelPlanet.","robots":{"index":"index","follow":"follow","max-snippet":"max-snippet:-1","max-image-preview":"max-image-preview:large","max-video-preview":"max-video-preview:-1"},"canonical":"https:\/\/www.pixelplanet.com\/fr\/pdfprinter\/","og_locale":"fr_FR","og_type":"article","og_title":"PdfPrinter : G\u00e9n\u00e9rer des documents PDF","og_description":"Imprimez des documents PDF \u00e0 partir de toutes les applications logicielles imprimables via le logiciel PdfPrinter de PixelPlanet.","og_url":"https:\/\/www.pixelplanet.com\/fr\/pdfprinter\/","og_site_name":"PixelPlanet.com - Boutique pour les logiciels PDF","article_publisher":"https:\/\/www.facebook.com\/PixelPlanet","article_modified_time":"2020-01-03T19:01:07+00:00","og_image":[{"width":1200,"height":630,"url":"https:\/\/www.pixelplanet.com\/wp-content\/uploads\/2018\/02\/FaceBook-Homepage-DE-1200x630.jpg","type":"image\/jpeg"}],"twitter_card":"summary_large_image","twitter_title":"PixelPlanet - PdfPrinter","twitter_site":"@PixelPlanet","twitter_misc":{"Dur\u00e9e de lecture estim\u00e9e":"3 minutes"},"schema":{"@context":"https:\/\/schema.org","@graph":[{"@type":"WebPage","@id":"https:\/\/www.pixelplanet.com\/fr\/pdfprinter\/","url":"https:\/\/www.pixelplanet.com\/fr\/pdfprinter\/","name":"G\u00e9n\u00e9rer des PDF \u00e0 partir de toutes les applications Windows imprimables","isPartOf":{"@id":"https:\/\/www.pixelplanet.com\/fr\/#website"},"datePublished":"2018-07-31T10:36:51+00:00","dateModified":"2020-01-03T19:01:07+00:00","description":"Imprimez des documents PDF \u00e0 partir de toutes les applications logicielles imprimables via le logiciel PdfPrinter de PixelPlanet.","breadcrumb":{"@id":"https:\/\/www.pixelplanet.com\/fr\/pdfprinter\/#breadcrumb"},"inLanguage":"fr-FR","potentialAction":[{"@type":"ReadAction","target":["https:\/\/www.pixelplanet.com\/fr\/pdfprinter\/"]}]},{"@type":"BreadcrumbList","@id":"https:\/\/www.pixelplanet.com\/fr\/pdfprinter\/#breadcrumb","itemListElement":[{"@type":"ListItem","position":1,"name":"Home","item":"https:\/\/www.pixelplanet.com\/fr\/"},{"@type":"ListItem","position":2,"name":"PdfPrinter"}]},{"@type":"WebSite","@id":"https:\/\/www.pixelplanet.com\/fr\/#website","url":"https:\/\/www.pixelplanet.com\/fr\/","name":"PixelPlanet.com - Boutique pour les logiciels PDF","description":"Edit, convert, create, merge and split PDF documents on Windows and Mac","publisher":{"@id":"https:\/\/www.pixelplanet.com\/fr\/#organization"},"potentialAction":[{"@type":"SearchAction","target":{"@type":"EntryPoint","urlTemplate":"https:\/\/www.pixelplanet.com\/fr\/?s={search_term_string}"},"query-input":{"@type":"PropertyValueSpecification","valueRequired":true,"valueName":"search_term_string"}}],"inLanguage":"fr-FR"},{"@type":"Organization","@id":"https:\/\/www.pixelplanet.com\/fr\/#organization","name":"PixelPlanet","url":"https:\/\/www.pixelplanet.com\/fr\/","logo":{"@type":"ImageObject","inLanguage":"fr-FR","@id":"https:\/\/www.pixelplanet.com\/fr\/#\/schema\/logo\/image\/","url":"https:\/\/www.pixelplanet.com\/wp-content\/uploads\/2016\/12\/PixelPlanet-Logo-540x100.png","contentUrl":"https:\/\/www.pixelplanet.com\/wp-content\/uploads\/2016\/12\/PixelPlanet-Logo-540x100.png","width":540,"height":100,"caption":"PixelPlanet"},"image":{"@id":"https:\/\/www.pixelplanet.com\/fr\/#\/schema\/logo\/image\/"},"sameAs":["https:\/\/www.facebook.com\/PixelPlanet","https:\/\/x.com\/PixelPlanet","https:\/\/www.instagram.com\/pixelplanet.software\/","https:\/\/linkedin.com\/company\/pixelplanet-software"]}]}},"_links":{"self":[{"href":"https:\/\/www.pixelplanet.com\/fr\/wp-json\/wp\/v2\/pages\/14536","targetHints":{"allow":["GET"]}}],"collection":[{"href":"https:\/\/www.pixelplanet.com\/fr\/wp-json\/wp\/v2\/pages"}],"about":[{"href":"https:\/\/www.pixelplanet.com\/fr\/wp-json\/wp\/v2\/types\/page"}],"author":[{"embeddable":true,"href":"https:\/\/www.pixelplanet.com\/fr\/wp-json\/wp\/v2\/users\/1"}],"replies":[{"embeddable":true,"href":"https:\/\/www.pixelplanet.com\/fr\/wp-json\/wp\/v2\/comments?post=14536"}],"version-history":[{"count":0,"href":"https:\/\/www.pixelplanet.com\/fr\/wp-json\/wp\/v2\/pages\/14536\/revisions"}],"wp:attachment":[{"href":"https:\/\/www.pixelplanet.com\/fr\/wp-json\/wp\/v2\/media?parent=14536"}],"curies":[{"name":"wp","href":"https:\/\/api.w.org\/{rel}","templated":true}]}}