{"id":14695,"date":"2018-08-01T15:46:19","date_gmt":"2018-08-01T13:46:19","guid":{"rendered":"https:\/\/www.pixelplanet.com\/?page_id=14695"},"modified":"2022-07-28T17:28:11","modified_gmt":"2022-07-28T15:28:11","slug":"telechargement","status":"publish","type":"page","link":"https:\/\/www.pixelplanet.com\/fr\/pdfgrabber-mac\/telechargement\/","title":{"rendered":"T\u00e9l\u00e9charger version d&rsquo;essai"},"content":{"rendered":"<section class=\"l-section wpb_row us_custom_e11ab399 height_small\"><div class=\"l-section-h i-cf\"><div class=\"g-cols vc_row via_flex valign_middle type_default stacking_default\"><div class=\"vc_col-sm-6 wpb_column vc_column_container\"><div class=\"vc_column-inner\"><div class=\"wpb_wrapper\"><h1 class=\"w-post-elm post_title us_custom_607cd7e8 entry-title color_link_inherit\">T\u00e9l\u00e9charger version d&rsquo;essai<\/h1><\/div><\/div><\/div><div class=\"vc_col-sm-6 wpb_column vc_column_container\"><div class=\"vc_column-inner\"><div class=\"wpb_wrapper\"><nav class=\"g-breadcrumbs us_custom_ea2be81a separator_icon align_right\"><div class=\"g-breadcrumbs-item\"><a href=\"https:\/\/www.pixelplanet.com\/fr\/\">Accueil<\/a><meta content=\"1\"\/><\/div><div class=\"g-breadcrumbs-separator\"><i class=\"far fa-angle-right\"><\/i><\/div><div class=\"g-breadcrumbs-item\">Pages<\/div><\/nav><\/div><\/div><\/div><\/div><\/div><\/section><section class=\"l-section wpb_row height_auto\"><div class=\"l-section-h i-cf\"><div class=\"g-cols vc_row via_flex valign_middle type_default stacking_default\"><div class=\"vc_col-sm-12 wpb_column vc_column_container\"><div class=\"vc_column-inner\"><div class=\"wpb_wrapper\"><div class=\"wpb_text_column\"><div class=\"wpb_wrapper\"><p style=\"text-align: right;\"><a class=\"blue\" href=\"https:\/\/www.pixelplanet.com\/fr\/pdfgrabber\/telechargement\/\"><small>Vous cherchez la version pour WINDOWS ?<\/small><\/a><\/p>\n<\/div><\/div><\/div><\/div><\/div><\/div><\/div><\/section><section class=\"l-section wpb_row height_medium\"><div class=\"l-section-h i-cf\"><div class=\"g-cols vc_row via_flex valign_top type_default stacking_default\"><div class=\"vc_col-sm-6 wpb_column vc_column_container\"><div class=\"vc_column-inner\"><div class=\"wpb_wrapper\"><div class=\"wpb_text_column\"><div class=\"wpb_wrapper\"><h2>PdfGrabber \u00c9dition-Mac<\/h2>\n<p>Si vous avez d\u00e9j\u00e0 achet\u00e9 une licence pour PdfGrabber \u00c9dition-Mac chez nous ou l\u2019un de nos distributeurs autoris\u00e9s, vous pouvez activer la version compl\u00e8te \u00e0 partir de la version d\u2019\u00e9valuation en vous servant des donn\u00e9es de licence dont vous disposez.<\/p>\n<ul class=\"fa-ul\">\n<li><i class=\"fab fa-li fa-apple blue\"><\/i> Pour macOS Mojave, High Sierra, Sierra, El Capitan, Yosemite, Mavericks, Mountain Lion, Lion, Snow Leopard (10.6 &#8211; 10.14)<\/li>\n<li><i class=\"far fa-li fa-check-square blue\"><\/i>Version 8.0.44 (32bit)<\/li>\n<li><i class=\"fas fa-li fa-exclamation blue\"><\/i>La version d\u2019\u00e9valuation : des caract\u00e8res \u00ab X \u00bb sont ajout\u00e9s \u00e0 des endroits al\u00e9atoires des textes export\u00e9s. Les graphiques et les images restent sous forme de filigrane. Ces restrictions sont \u00e9videmment supprim\u00e9es lors de l\u2019activation de la version compl\u00e8te.<\/li>\n<li><i class=\"fas fa-li fa-exclamation blue\"><\/i>Ne fonctionne pas sous Catalina, Big Sur, Monterey, Ventura !<\/li>\n<\/ul>\n<\/div><\/div><div class=\"w-separator size_small\"><\/div><div class=\"w-btn-wrapper align_none\"><a class=\"w-btn us-btn-style_4 us_custom_f73f4019 icon_atleft\" href=\"https:\/\/www.pixelplanet.com\/download\/PdfGrabber\/PdfGrabber_MAC_FRA.dmg\"><i class=\"fab fa-apple\"><\/i><span class=\"w-btn-label\">T\u00e9l\u00e9charger pour macOS 10.6 &#8211; 10.14 (seulement 32bit !)<\/span><\/a><\/div><div class=\"wpb_text_column\"><div class=\"wpb_wrapper\"><p><a class=\"blue\" href=\"https:\/\/www.pixelplanet.com\/fr\/pdfgrabber\/telechargement\/\"><small>Vous cherchez la version pour WINDOWS ?<\/small><\/a><\/p>\n<\/div><\/div><\/div><\/div><\/div><div class=\"vc_col-sm-6 wpb_column vc_column_container\"><div class=\"vc_column-inner\"><div class=\"wpb_wrapper\"><div class=\"w-image align_none\"><div class=\"w-image-h\"><img decoding=\"async\" width=\"1024\" height=\"1024\" src=\"https:\/\/www.pixelplanet.com\/wp-content\/uploads\/2018\/02\/Download-1024x1024.jpg\" class=\"attachment-large size-large\" alt=\"\" loading=\"lazy\" srcset=\"https:\/\/www.pixelplanet.com\/wp-content\/uploads\/2018\/02\/Download-1024x1024.jpg 1024w, https:\/\/www.pixelplanet.com\/wp-content\/uploads\/2018\/02\/Download-1024x1024-150x150.jpg 150w, https:\/\/www.pixelplanet.com\/wp-content\/uploads\/2018\/02\/Download-1024x1024-312x312.jpg 312w, https:\/\/www.pixelplanet.com\/wp-content\/uploads\/2018\/02\/Download-1024x1024-300x300.jpg 300w, https:\/\/www.pixelplanet.com\/wp-content\/uploads\/2018\/02\/Download-1024x1024-768x768.jpg 768w, https:\/\/www.pixelplanet.com\/wp-content\/uploads\/2018\/02\/Download-1024x1024-350x350.jpg 350w, https:\/\/www.pixelplanet.com\/wp-content\/uploads\/2018\/02\/Download-1024x1024-600x600.jpg 600w\" sizes=\"auto, (max-width: 1024px) 100vw, 1024px\" \/><\/div><\/div><\/div><\/div><\/div><\/div><\/div><\/section>\n","protected":false},"excerpt":{"rendered":"T\u00e9l\u00e9charger version d&rsquo;essaiAccueilPagesVous cherchez la version pour WINDOWS ? PdfGrabber \u00c9dition-Mac Si vous avez d\u00e9j\u00e0 achet\u00e9 une licence pour PdfGrabber \u00c9dition-Mac chez nous ou l\u2019un de nos distributeurs autoris\u00e9s, vous pouvez activer la version compl\u00e8te \u00e0 partir de la version d\u2019\u00e9valuation en vous servant des donn\u00e9es de licence dont vous disposez. Pour macOS Mojave, High...","protected":false},"author":1,"featured_media":0,"parent":14443,"menu_order":6,"comment_status":"closed","ping_status":"closed","template":"","meta":{"footnotes":""},"class_list":["post-14695","page","type-page","status-publish","hentry"],"yoast_head":"<!-- This site is optimized with the Yoast SEO Premium plugin v27.3 (Yoast SEO v27.3) - https:\/\/yoast.com\/product\/yoast-seo-premium-wordpress\/ -->\n<title>PdfGrabber (version pour Apple macOS) - T\u00e9l\u00e9chargement - Essai gratuit<\/title>\n<meta name=\"description\" content=\"T\u00e9l\u00e9chargez une version d&#039;essai de PdfGrabber (version pour Apple macOS) vers le bas. Le t\u00e9l\u00e9chargement est gratuit.\" \/>\n<meta name=\"robots\" content=\"index, follow, max-snippet:-1, max-image-preview:large, max-video-preview:-1\" \/>\n<link rel=\"canonical\" href=\"https:\/\/www.pixelplanet.com\/fr\/pdfgrabber-mac\/telechargement\/\" \/>\n<meta property=\"og:locale\" content=\"fr_FR\" \/>\n<meta property=\"og:type\" content=\"article\" \/>\n<meta property=\"og:title\" content=\"PdfGrabber (version pour le MAC) - T\u00e9l\u00e9chargement\" \/>\n<meta property=\"og:description\" content=\"T\u00e9l\u00e9chargez une version d&#039;essai de PdfGrabber (version pour Apple macOS) vers le bas. Le t\u00e9l\u00e9chargement est gratuit.\" \/>\n<meta property=\"og:url\" content=\"https:\/\/www.pixelplanet.com\/fr\/pdfgrabber-mac\/telechargement\/\" \/>\n<meta property=\"og:site_name\" content=\"PixelPlanet.com - Boutique pour les logiciels PDF\" \/>\n<meta property=\"article:publisher\" content=\"https:\/\/www.facebook.com\/PixelPlanet\" \/>\n<meta property=\"article:modified_time\" content=\"2022-07-28T15:28:11+00:00\" \/>\n<meta property=\"og:image\" content=\"https:\/\/www.pixelplanet.com\/wp-content\/uploads\/2018\/02\/FaceBook-Homepage-DE-1200x630.jpg\" \/>\n\t<meta property=\"og:image:width\" content=\"1200\" \/>\n\t<meta property=\"og:image:height\" content=\"630\" \/>\n\t<meta property=\"og:image:type\" content=\"image\/jpeg\" \/>\n<meta name=\"twitter:card\" content=\"summary_large_image\" \/>\n<meta name=\"twitter:title\" content=\"PixelPlanet - T\u00e9l\u00e9charger version d&#039;essai\" \/>\n<meta name=\"twitter:site\" content=\"@PixelPlanet\" \/>\n<meta name=\"twitter:label1\" content=\"Dur\u00e9e de lecture estim\u00e9e\" \/>\n\t<meta name=\"twitter:data1\" content=\"1 minute\" \/>\n<script type=\"application\/ld+json\" class=\"yoast-schema-graph\">{\"@context\":\"https:\\\/\\\/schema.org\",\"@graph\":[{\"@type\":\"WebPage\",\"@id\":\"https:\\\/\\\/www.pixelplanet.com\\\/fr\\\/pdfgrabber-mac\\\/telechargement\\\/\",\"url\":\"https:\\\/\\\/www.pixelplanet.com\\\/fr\\\/pdfgrabber-mac\\\/telechargement\\\/\",\"name\":\"PdfGrabber (version pour Apple macOS) - T\u00e9l\u00e9chargement - Essai gratuit\",\"isPartOf\":{\"@id\":\"https:\\\/\\\/www.pixelplanet.com\\\/fr\\\/#website\"},\"datePublished\":\"2018-08-01T13:46:19+00:00\",\"dateModified\":\"2022-07-28T15:28:11+00:00\",\"description\":\"T\u00e9l\u00e9chargez une version d'essai de PdfGrabber (version pour Apple macOS) vers le bas. Le t\u00e9l\u00e9chargement est gratuit.\",\"breadcrumb\":{\"@id\":\"https:\\\/\\\/www.pixelplanet.com\\\/fr\\\/pdfgrabber-mac\\\/telechargement\\\/#breadcrumb\"},\"inLanguage\":\"fr-FR\",\"potentialAction\":[{\"@type\":\"ReadAction\",\"target\":[\"https:\\\/\\\/www.pixelplanet.com\\\/fr\\\/pdfgrabber-mac\\\/telechargement\\\/\"]}]},{\"@type\":\"BreadcrumbList\",\"@id\":\"https:\\\/\\\/www.pixelplanet.com\\\/fr\\\/pdfgrabber-mac\\\/telechargement\\\/#breadcrumb\",\"itemListElement\":[{\"@type\":\"ListItem\",\"position\":1,\"name\":\"Home\",\"item\":\"https:\\\/\\\/www.pixelplanet.com\\\/fr\\\/\"},{\"@type\":\"ListItem\",\"position\":2,\"name\":\"PdfGrabber (Mac)\",\"item\":\"https:\\\/\\\/www.pixelplanet.com\\\/fr\\\/pdfgrabber-mac\\\/\"},{\"@type\":\"ListItem\",\"position\":3,\"name\":\"T\u00e9l\u00e9charger version d&#8217;essai\"}]},{\"@type\":\"WebSite\",\"@id\":\"https:\\\/\\\/www.pixelplanet.com\\\/fr\\\/#website\",\"url\":\"https:\\\/\\\/www.pixelplanet.com\\\/fr\\\/\",\"name\":\"PixelPlanet.com - Boutique pour les logiciels PDF\",\"description\":\"Edit, convert, create, merge and split PDF documents on Windows and Mac\",\"publisher\":{\"@id\":\"https:\\\/\\\/www.pixelplanet.com\\\/fr\\\/#organization\"},\"potentialAction\":[{\"@type\":\"SearchAction\",\"target\":{\"@type\":\"EntryPoint\",\"urlTemplate\":\"https:\\\/\\\/www.pixelplanet.com\\\/fr\\\/?s={search_term_string}\"},\"query-input\":{\"@type\":\"PropertyValueSpecification\",\"valueRequired\":true,\"valueName\":\"search_term_string\"}}],\"inLanguage\":\"fr-FR\"},{\"@type\":\"Organization\",\"@id\":\"https:\\\/\\\/www.pixelplanet.com\\\/fr\\\/#organization\",\"name\":\"PixelPlanet\",\"url\":\"https:\\\/\\\/www.pixelplanet.com\\\/fr\\\/\",\"logo\":{\"@type\":\"ImageObject\",\"inLanguage\":\"fr-FR\",\"@id\":\"https:\\\/\\\/www.pixelplanet.com\\\/fr\\\/#\\\/schema\\\/logo\\\/image\\\/\",\"url\":\"https:\\\/\\\/www.pixelplanet.com\\\/wp-content\\\/uploads\\\/2016\\\/12\\\/PixelPlanet-Logo-540x100.png\",\"contentUrl\":\"https:\\\/\\\/www.pixelplanet.com\\\/wp-content\\\/uploads\\\/2016\\\/12\\\/PixelPlanet-Logo-540x100.png\",\"width\":540,\"height\":100,\"caption\":\"PixelPlanet\"},\"image\":{\"@id\":\"https:\\\/\\\/www.pixelplanet.com\\\/fr\\\/#\\\/schema\\\/logo\\\/image\\\/\"},\"sameAs\":[\"https:\\\/\\\/www.facebook.com\\\/PixelPlanet\",\"https:\\\/\\\/x.com\\\/PixelPlanet\",\"https:\\\/\\\/www.instagram.com\\\/pixelplanet.software\\\/\",\"https:\\\/\\\/linkedin.com\\\/company\\\/pixelplanet-software\"]}]}<\/script>\n<!-- \/ Yoast SEO Premium plugin. -->","yoast_head_json":{"title":"PdfGrabber (version pour Apple macOS) - T\u00e9l\u00e9chargement - Essai gratuit","description":"T\u00e9l\u00e9chargez une version d'essai de PdfGrabber (version pour Apple macOS) vers le bas. Le t\u00e9l\u00e9chargement est gratuit.","robots":{"index":"index","follow":"follow","max-snippet":"max-snippet:-1","max-image-preview":"max-image-preview:large","max-video-preview":"max-video-preview:-1"},"canonical":"https:\/\/www.pixelplanet.com\/fr\/pdfgrabber-mac\/telechargement\/","og_locale":"fr_FR","og_type":"article","og_title":"PdfGrabber (version pour le MAC) - T\u00e9l\u00e9chargement","og_description":"T\u00e9l\u00e9chargez une version d'essai de PdfGrabber (version pour Apple macOS) vers le bas. Le t\u00e9l\u00e9chargement est gratuit.","og_url":"https:\/\/www.pixelplanet.com\/fr\/pdfgrabber-mac\/telechargement\/","og_site_name":"PixelPlanet.com - Boutique pour les logiciels PDF","article_publisher":"https:\/\/www.facebook.com\/PixelPlanet","article_modified_time":"2022-07-28T15:28:11+00:00","og_image":[{"width":1200,"height":630,"url":"https:\/\/www.pixelplanet.com\/wp-content\/uploads\/2018\/02\/FaceBook-Homepage-DE-1200x630.jpg","type":"image\/jpeg"}],"twitter_card":"summary_large_image","twitter_title":"PixelPlanet - T\u00e9l\u00e9charger version d'essai","twitter_site":"@PixelPlanet","twitter_misc":{"Dur\u00e9e de lecture estim\u00e9e":"1 minute"},"schema":{"@context":"https:\/\/schema.org","@graph":[{"@type":"WebPage","@id":"https:\/\/www.pixelplanet.com\/fr\/pdfgrabber-mac\/telechargement\/","url":"https:\/\/www.pixelplanet.com\/fr\/pdfgrabber-mac\/telechargement\/","name":"PdfGrabber (version pour Apple macOS) - T\u00e9l\u00e9chargement - Essai gratuit","isPartOf":{"@id":"https:\/\/www.pixelplanet.com\/fr\/#website"},"datePublished":"2018-08-01T13:46:19+00:00","dateModified":"2022-07-28T15:28:11+00:00","description":"T\u00e9l\u00e9chargez une version d'essai de PdfGrabber (version pour Apple macOS) vers le bas. Le t\u00e9l\u00e9chargement est gratuit.","breadcrumb":{"@id":"https:\/\/www.pixelplanet.com\/fr\/pdfgrabber-mac\/telechargement\/#breadcrumb"},"inLanguage":"fr-FR","potentialAction":[{"@type":"ReadAction","target":["https:\/\/www.pixelplanet.com\/fr\/pdfgrabber-mac\/telechargement\/"]}]},{"@type":"BreadcrumbList","@id":"https:\/\/www.pixelplanet.com\/fr\/pdfgrabber-mac\/telechargement\/#breadcrumb","itemListElement":[{"@type":"ListItem","position":1,"name":"Home","item":"https:\/\/www.pixelplanet.com\/fr\/"},{"@type":"ListItem","position":2,"name":"PdfGrabber (Mac)","item":"https:\/\/www.pixelplanet.com\/fr\/pdfgrabber-mac\/"},{"@type":"ListItem","position":3,"name":"T\u00e9l\u00e9charger version d&#8217;essai"}]},{"@type":"WebSite","@id":"https:\/\/www.pixelplanet.com\/fr\/#website","url":"https:\/\/www.pixelplanet.com\/fr\/","name":"PixelPlanet.com - Boutique pour les logiciels PDF","description":"Edit, convert, create, merge and split PDF documents on Windows and Mac","publisher":{"@id":"https:\/\/www.pixelplanet.com\/fr\/#organization"},"potentialAction":[{"@type":"SearchAction","target":{"@type":"EntryPoint","urlTemplate":"https:\/\/www.pixelplanet.com\/fr\/?s={search_term_string}"},"query-input":{"@type":"PropertyValueSpecification","valueRequired":true,"valueName":"search_term_string"}}],"inLanguage":"fr-FR"},{"@type":"Organization","@id":"https:\/\/www.pixelplanet.com\/fr\/#organization","name":"PixelPlanet","url":"https:\/\/www.pixelplanet.com\/fr\/","logo":{"@type":"ImageObject","inLanguage":"fr-FR","@id":"https:\/\/www.pixelplanet.com\/fr\/#\/schema\/logo\/image\/","url":"https:\/\/www.pixelplanet.com\/wp-content\/uploads\/2016\/12\/PixelPlanet-Logo-540x100.png","contentUrl":"https:\/\/www.pixelplanet.com\/wp-content\/uploads\/2016\/12\/PixelPlanet-Logo-540x100.png","width":540,"height":100,"caption":"PixelPlanet"},"image":{"@id":"https:\/\/www.pixelplanet.com\/fr\/#\/schema\/logo\/image\/"},"sameAs":["https:\/\/www.facebook.com\/PixelPlanet","https:\/\/x.com\/PixelPlanet","https:\/\/www.instagram.com\/pixelplanet.software\/","https:\/\/linkedin.com\/company\/pixelplanet-software"]}]}},"_links":{"self":[{"href":"https:\/\/www.pixelplanet.com\/fr\/wp-json\/wp\/v2\/pages\/14695","targetHints":{"allow":["GET"]}}],"collection":[{"href":"https:\/\/www.pixelplanet.com\/fr\/wp-json\/wp\/v2\/pages"}],"about":[{"href":"https:\/\/www.pixelplanet.com\/fr\/wp-json\/wp\/v2\/types\/page"}],"author":[{"embeddable":true,"href":"https:\/\/www.pixelplanet.com\/fr\/wp-json\/wp\/v2\/users\/1"}],"replies":[{"embeddable":true,"href":"https:\/\/www.pixelplanet.com\/fr\/wp-json\/wp\/v2\/comments?post=14695"}],"version-history":[{"count":0,"href":"https:\/\/www.pixelplanet.com\/fr\/wp-json\/wp\/v2\/pages\/14695\/revisions"}],"up":[{"embeddable":true,"href":"https:\/\/www.pixelplanet.com\/fr\/wp-json\/wp\/v2\/pages\/14443"}],"wp:attachment":[{"href":"https:\/\/www.pixelplanet.com\/fr\/wp-json\/wp\/v2\/media?parent=14695"}],"curies":[{"name":"wp","href":"https:\/\/api.w.org\/{rel}","templated":true}]}}