{"id":14714,"date":"2018-08-01T16:16:13","date_gmt":"2018-08-01T14:16:13","guid":{"rendered":"https:\/\/www.pixelplanet.com\/?page_id=14714"},"modified":"2022-02-24T12:08:48","modified_gmt":"2022-02-24T11:08:48","slug":"telechargement","status":"publish","type":"page","link":"https:\/\/www.pixelplanet.com\/fr\/pdfprinter\/telechargement\/","title":{"rendered":"T\u00e9l\u00e9charger version d&rsquo;essai"},"content":{"rendered":"<section class=\"l-section wpb_row us_custom_e11ab399 height_small\"><div class=\"l-section-h i-cf\"><div class=\"g-cols vc_row via_flex valign_middle type_default stacking_default\"><div class=\"vc_col-sm-6 wpb_column vc_column_container\"><div class=\"vc_column-inner\"><div class=\"wpb_wrapper\"><h1 class=\"w-post-elm post_title us_custom_607cd7e8 entry-title color_link_inherit\">T\u00e9l\u00e9charger version d&rsquo;essai<\/h1><\/div><\/div><\/div><div class=\"vc_col-sm-6 wpb_column vc_column_container\"><div class=\"vc_column-inner\"><div class=\"wpb_wrapper\"><nav class=\"g-breadcrumbs us_custom_ea2be81a separator_icon align_right\"><div class=\"g-breadcrumbs-item\"><a href=\"https:\/\/www.pixelplanet.com\/fr\/\">Accueil<\/a><meta content=\"1\"\/><\/div><div class=\"g-breadcrumbs-separator\"><i class=\"far fa-angle-right\"><\/i><\/div><div class=\"g-breadcrumbs-item\">Pages<\/div><\/nav><\/div><\/div><\/div><\/div><\/div><\/section><section class=\"l-section wpb_row height_medium\"><div class=\"l-section-h i-cf\"><div class=\"g-cols vc_row via_flex valign_top type_default stacking_default\"><div class=\"vc_col-sm-6 wpb_column vc_column_container\"><div class=\"vc_column-inner\"><div class=\"wpb_wrapper\"><div class=\"wpb_text_column\"><div class=\"wpb_wrapper\"><h2>PdfPrinter 7<\/h2>\n<p>S\u00e9lectionnez le t\u00e9l\u00e9chargement correspondant \u00e0 votre Configuration requise d\u2019exploitation.<\/p>\n<p>Si vous avez d\u00e9j\u00e0 acquis une licence pour PdfPrinter dans notre soci\u00e9t\u00e9 ou chez un de nos partenaires commerciaux, vous pouvez activer l\u2019\u00e9dition compl\u00e8te \u00e0 partir de la version de d\u00e9monstration avec votre num\u00e9ro de licence.<\/p>\n<ul class=\"fa-ul\">\n<li><i class=\"fab fa-li fa-windows\" style=\"color: #51a00b;\"><\/i> Pour les PC avec Windows 11, 10, 8, 7, 2008, Vista, 2003 ou XP (SP3)<\/li>\n<li><i class=\"far fa-li fa-check-square\" style=\"color: #51a00b;\"><\/i> Version 7.00 (0355) 161<\/li>\n<\/ul>\n<\/div><\/div>[vc_raw_js]JTNDc2NyaXB0JTIwbGFuZ3VhZ2UlM0QlMjJqYXZhc2NyaXB0JTIyJTIwdHlwZSUzRCUyMnRleHQlMkZqYXZhc2NyaXB0JTIyJTNFJTBBaWYlMjAlMjglMjhuYXZpZ2F0b3IudXNlckFnZW50LmluZGV4T2YlMjglMjJXT1c2NCUyMiUyOSUyMCUzRCUzRCUyMC0xJTI5JTIwJTI2JTI2JTIwJTI4bmF2aWdhdG9yLnVzZXJBZ2VudC5pbmRleE9mJTI4JTIyV2luNjQlMjIlMjklMjAlM0QlM0QlMjAtMSUyOSUyMCUyNiUyNiUyMCUyOCUyMSUyMG5hdmlnYXRvci51c2VyQWdlbnQubWF0Y2glMjglMkZNYWNpbnRvc2glMkZpJTI5JTI5JTI5JTBBJTA5JTA5JTA5JTA5JTA5JTA5JTA5JTdCZG9jdW1lbnQud3JpdGUlMjglMjclM0NkaXYlMjBjbGFzcyUzRCUyMnctYnRuLXdyYXBwZXIlMjBhbGlnbl9sZWZ0JTIyJTNFJTNDYSUyMGNsYXNzJTNEJTIydy1idG4lMjB1cy1idG4tc3R5bGVfNyUyMGljb25fYXRsZWZ0JTIyJTIwaHJlZiUzRCUyMmh0dHBzJTNBJTJGJTJGd3d3LnBpeGVscGxhbmV0LmNvbSUyRmRvd25sb2FkJTJGUGRmUHJpbnRlciUyRlBkZlByaW50ZXJfU2V0dXBfMzJiaXRfRlJBLmV4ZSUyMiUzRSUzQ2klMjBjbGFzcyUzRCUyMmZhYiUyMGZhLXdpbmRvd3MlMjIlM0UlM0MlMkZpJTNFJTNDc3BhbiUyMGNsYXNzJTNEJTIydy1idG4tbGFiZWwlMjIlM0VXaW5kb3dzJTIwJTI4MzJiaXQlMjklM0MlMkZzcGFuJTNFJTNDJTJGYSUzRSUzQyUyRmRpdiUzRSUyMCUzQ2RpdiUyMGNsYXNzJTNEJTIydy1idG4td3JhcHBlciUyMGFsaWduX2xlZnQlMjIlM0UlM0NhJTIwY2xhc3MlM0QlMjJ3LWJ0biUyMHVzLWJ0bi1zdHlsZV84JTIwaWNvbl9hdGxlZnQlMjIlMjBocmVmJTNEJTIyaHR0cHMlM0ElMkYlMkZ3d3cucGl4ZWxwbGFuZXQuY29tJTJGZG93bmxvYWQlMkZQZGZQcmludGVyJTJGUGRmUHJpbnRlcl9TZXR1cF82NGJpdF9GUkEuZXhlJTIyJTNFJTNDaSUyMGNsYXNzJTNEJTIyZmFiJTIwZmEtd2luZG93cyUyMiUzRSUzQyUyRmklM0UlM0NzcGFuJTIwY2xhc3MlM0QlMjJ3LWJ0bi1sYWJlbCUyMiUzRVdpbmRvd3MlMjAlMjg2NGJpdCUyOSUzQyUyRnNwYW4lM0UlM0MlMkZhJTNFJTNDJTJGZGl2JTNFJTI3JTI5JTNCJTdEJTBBJTBBaWYlMjAlMjglMjglMjhuYXZpZ2F0b3IudXNlckFnZW50LmluZGV4T2YlMjglMjJXT1c2NCUyMiUyOSUyMCUyMSUzRCUyMC0xJTI5JTIwJTdDJTdDJTIwJTI4bmF2aWdhdG9yLnVzZXJBZ2VudC5pbmRleE9mJTI4JTIyV2luNjQlMjIlMjklMjAlMjElM0QlMjAtMSUyOSUyOSUyMCUyNiUyNiUyMCUyOCUyMSUyMG5hdmlnYXRvci51c2VyQWdlbnQubWF0Y2glMjglMkZNYWNpbnRvc2glMkZpJTI5JTI5JTI5JTBBJTA5JTA5JTA5JTA5JTA5JTA5JTA5JTdCZG9jdW1lbnQud3JpdGUlMjglMjclM0NkaXYlMjBjbGFzcyUzRCUyMnctYnRuLXdyYXBwZXIlMjBhbGlnbl9sZWZ0JTIyJTNFJTNDYSUyMGNsYXNzJTNEJTIydy1idG4lMjB1cy1idG4tc3R5bGVfOCUyMGljb25fYXRsZWZ0JTIyJTIwaHJlZiUzRCUyMmh0dHBzJTNBJTJGJTJGd3d3LnBpeGVscGxhbmV0LmNvbSUyRmRvd25sb2FkJTJGUGRmUHJpbnRlciUyRlBkZlByaW50ZXJfU2V0dXBfMzJiaXRfRlJBLmV4ZSUyMiUzRSUzQ2klMjBjbGFzcyUzRCUyMmZhYiUyMGZhLXdpbmRvd3MlMjIlM0UlM0MlMkZpJTNFJTNDc3BhbiUyMGNsYXNzJTNEJTIydy1idG4tbGFiZWwlMjIlM0VXaW5kb3dzJTIwJTI4MzJiaXQlMjklM0MlMkZzcGFuJTNFJTNDJTJGYSUzRSUzQyUyRmRpdiUzRSUyMCUzQ2RpdiUyMGNsYXNzJTNEJTIydy1idG4td3JhcHBlciUyMGFsaWduX2xlZnQlMjIlM0UlM0NhJTIwY2xhc3MlM0QlMjJ3LWJ0biUyMHVzLWJ0bi1zdHlsZV83JTIwaWNvbl9hdGxlZnQlMjIlMjBocmVmJTNEJTIyaHR0cHMlM0ElMkYlMkZ3d3cucGl4ZWxwbGFuZXQuY29tJTJGZG93bmxvYWQlMkZQZGZQcmludGVyJTJGUGRmUHJpbnRlcl9TZXR1cF82NGJpdF9GUkEuZXhlJTIyJTNFJTNDaSUyMGNsYXNzJTNEJTIyZmFiJTIwZmEtd2luZG93cyUyMiUzRSUzQyUyRmklM0UlM0NzcGFuJTIwY2xhc3MlM0QlMjJ3LWJ0bi1sYWJlbCUyMiUzRVdpbmRvd3MlMjAlMjg2NGJpdCUyOSUzQyUyRnNwYW4lM0UlM0MlMkZhJTNFJTNDJTJGZGl2JTNFJTI3JTI5JTNCJTdEJTIwJTBBJTBBaWYlMjAlMjhuYXZpZ2F0b3IudXNlckFnZW50Lm1hdGNoJTI4JTJGTWFjaW50b3NoJTJGaSUyOSUyOSUwQSUwOSUwOSUwOSUwOSUwOSUwOSUwOSU3QmRvY3VtZW50LndyaXRlJTI4JTI3JTNDZGl2JTIwY2xhc3MlM0QlMjJ3LWJ0bi13cmFwcGVyJTIwYWxpZ25fbGVmdCUyMiUzRSUzQ2ElMjBjbGFzcyUzRCUyMnctYnRuJTIwdXMtYnRuLXN0eWxlXzglMjBpY29uX2F0bGVmdCUyMiUyMGhyZWYlM0QlMjJodHRwcyUzQSUyRiUyRnd3dy5waXhlbHBsYW5ldC5jb20lMkZkb3dubG9hZCUyRlBkZlByaW50ZXIlMkZQZGZQcmludGVyX1NldHVwXzMyYml0X0ZSQS5leGUlMjIlM0UlM0NpJTIwY2xhc3MlM0QlMjJmYWIlMjBmYS13aW5kb3dzJTIyJTNFJTNDJTJGaSUzRSUzQ3NwYW4lMjBjbGFzcyUzRCUyMnctYnRuLWxhYmVsJTIyJTNFV2luZG93cyUyMCUyODMyYml0JTI5JTNDJTJGc3BhbiUzRSUzQyUyRmElM0UlM0MlMkZkaXYlM0UlMjAlM0NkaXYlMjBjbGFzcyUzRCUyMnctYnRuLXdyYXBwZXIlMjBhbGlnbl9sZWZ0JTIyJTNFJTNDYSUyMGNsYXNzJTNEJTIydy1idG4lMjB1cy1idG4tc3R5bGVfOCUyMGljb25fYXRsZWZ0JTIyJTIwaHJlZiUzRCUyMmh0dHBzJTNBJTJGJTJGd3d3LnBpeGVscGxhbmV0LmNvbSUyRmRvd25sb2FkJTJGUGRmUHJpbnRlciUyRlBkZlByaW50ZXJfU2V0dXBfNjRiaXRfRlJBLmV4ZSUyMiUzRSUzQ2klMjBjbGFzcyUzRCUyMmZhYiUyMGZhLXdpbmRvd3MlMjIlM0UlM0MlMkZpJTNFJTNDc3BhbiUyMGNsYXNzJTNEJTIydy1idG4tbGFiZWwlMjIlM0VXaW5kb3dzJTIwJTI4NjRiaXQlMjklM0MlMkZzcGFuJTNFJTNDJTJGYSUzRSUzQyUyRmRpdiUzRSUyNyUyOSUzQiU3RCUyMCUwQSUwOSUwOSUwOSUwOSUwOSUzQyUyRnNjcmlwdCUzRSUwQSUwQSUzQ25vc2NyaXB0JTNFJTNDZGl2JTIwY2xhc3MlM0QlMjJ3LWJ0bi13cmFwcGVyJTIwYWxpZ25fbGVmdCUyMiUzRSUzQ2ElMjBjbGFzcyUzRCUyMnctYnRuJTIwdXMtYnRuLXN0eWxlXzglMjBpY29uX2F0bGVmdCUyMiUyMGhyZWYlM0QlMjJodHRwcyUzQSUyRiUyRnd3dy5waXhlbHBsYW5ldC5jb20lMkZkb3dubG9hZCUyRlBkZlByaW50ZXIlMkZQZGZQcmludGVyX1NldHVwXzMyYml0X0ZSQS5leGUlMjIlM0UlM0NpJTIwY2xhc3MlM0QlMjJmYSUyMGZhLXdpbmRvd3MlMjIlM0UlM0MlMkZpJTNFJTNDc3BhbiUyMGNsYXNzJTNEJTIydy1idG4tbGFiZWwlMjIlM0VXaW5kb3dzJTIwJTI4MzJiaXQlMjklM0MlMkZzcGFuJTNFJTNDJTJGYSUzRSUzQyUyRmRpdiUzRSUyMCUzQ2RpdiUyMGNsYXNzJTNEJTIydy1idG4td3JhcHBlciUyMGFsaWduX2xlZnQlMjIlM0UlM0NhJTIwY2xhc3MlM0QlMjJ3LWJ0biUyMHVzLWJ0bi1zdHlsZV84JTIwaWNvbl9hdGxlZnQlMjIlMjBocmVmJTNEJTIyaHR0cHMlM0ElMkYlMkZ3d3cucGl4ZWxwbGFuZXQuY29tJTJGZG93bmxvYWQlMkZQZGZQcmludGVyJTJGUGRmUHJpbnRlcl9TZXR1cF82NGJpdF9GUkEuZXhlJTIyJTNFJTNDaSUyMGNsYXNzJTNEJTIyZmElMjBmYS13aW5kb3dzJTIyJTNFJTNDJTJGaSUzRSUzQ3NwYW4lMjBjbGFzcyUzRCUyMnctYnRuLWxhYmVsJTIyJTNFV2luZG93cyUyMCUyODY0Yml0JTI5JTNDJTJGc3BhbiUzRSUzQyUyRmElM0UlM0MlMkZkaXYlM0UlM0MlMkZub3NjcmlwdCUzRQ==[\/vc_raw_js]<div class=\"w-separator size_small\"><\/div><div class=\"wpb_text_column\"><div class=\"wpb_wrapper\"><p><strong>SHA256:<\/strong> 384a912c71675fbb210b2395770ec8417f8bf525<\/p>\n<\/div><\/div><\/div><\/div><\/div><div class=\"vc_col-sm-6 wpb_column vc_column_container\"><div class=\"vc_column-inner\"><div class=\"wpb_wrapper\"><div class=\"w-image align_none\"><div class=\"w-image-h\"><img decoding=\"async\" width=\"1024\" height=\"1024\" src=\"https:\/\/www.pixelplanet.com\/wp-content\/uploads\/2018\/02\/Download-1024x1024.jpg\" class=\"attachment-large size-large\" alt=\"\" loading=\"lazy\" srcset=\"https:\/\/www.pixelplanet.com\/wp-content\/uploads\/2018\/02\/Download-1024x1024.jpg 1024w, https:\/\/www.pixelplanet.com\/wp-content\/uploads\/2018\/02\/Download-1024x1024-150x150.jpg 150w, https:\/\/www.pixelplanet.com\/wp-content\/uploads\/2018\/02\/Download-1024x1024-312x312.jpg 312w, https:\/\/www.pixelplanet.com\/wp-content\/uploads\/2018\/02\/Download-1024x1024-300x300.jpg 300w, https:\/\/www.pixelplanet.com\/wp-content\/uploads\/2018\/02\/Download-1024x1024-768x768.jpg 768w, https:\/\/www.pixelplanet.com\/wp-content\/uploads\/2018\/02\/Download-1024x1024-350x350.jpg 350w, https:\/\/www.pixelplanet.com\/wp-content\/uploads\/2018\/02\/Download-1024x1024-600x600.jpg 600w\" sizes=\"auto, (max-width: 1024px) 100vw, 1024px\" \/><\/div><\/div><\/div><\/div><\/div><\/div><\/div><\/section>\n","protected":false},"excerpt":{"rendered":"T\u00e9l\u00e9charger version d&rsquo;essaiAccueilPagesPdfPrinter 7 S\u00e9lectionnez le t\u00e9l\u00e9chargement correspondant \u00e0 votre Configuration requise d\u2019exploitation. Si vous avez d\u00e9j\u00e0 acquis une licence pour PdfPrinter dans notre soci\u00e9t\u00e9 ou chez un de nos partenaires commerciaux, vous pouvez activer l\u2019\u00e9dition compl\u00e8te \u00e0 partir de la version de d\u00e9monstration avec votre num\u00e9ro de licence. Pour les PC avec Windows 11,...","protected":false},"author":1,"featured_media":0,"parent":14536,"menu_order":6,"comment_status":"closed","ping_status":"closed","template":"","meta":{"footnotes":""},"class_list":["post-14714","page","type-page","status-publish","hentry"],"yoast_head":"<!-- This site is optimized with the Yoast SEO Premium plugin v27.4 (Yoast SEO v27.4) - https:\/\/yoast.com\/product\/yoast-seo-premium-wordpress\/ -->\n<title>PixelPlanet PdfPrinter 7 - T\u00e9l\u00e9chargement - Essai gratuit<\/title>\n<meta name=\"description\" content=\"T\u00e9l\u00e9chargez une version d&#039;essai de Pixelplanet PdfPrinter 7 vers le bas. Le t\u00e9l\u00e9chargement est gratuit.\" \/>\n<meta name=\"robots\" content=\"index, follow, max-snippet:-1, max-image-preview:large, max-video-preview:-1\" \/>\n<link rel=\"canonical\" href=\"https:\/\/www.pixelplanet.com\/fr\/pdfprinter\/telechargement\/\" \/>\n<meta property=\"og:locale\" content=\"fr_FR\" \/>\n<meta property=\"og:type\" content=\"article\" \/>\n<meta property=\"og:title\" content=\"PixelPlanet PdfEPrinter 7 - T\u00e9l\u00e9chargement - Essai gratuit\" \/>\n<meta property=\"og:description\" content=\"T\u00e9l\u00e9chargez une version d&#039;essai de Pixelplanet PdfPrinter 7 vers le bas. Le t\u00e9l\u00e9chargement est gratuit.\" \/>\n<meta property=\"og:url\" content=\"https:\/\/www.pixelplanet.com\/fr\/pdfprinter\/telechargement\/\" \/>\n<meta property=\"og:site_name\" content=\"PixelPlanet.com - Boutique pour les logiciels PDF\" \/>\n<meta property=\"article:publisher\" content=\"https:\/\/www.facebook.com\/PixelPlanet\" \/>\n<meta property=\"article:modified_time\" content=\"2022-02-24T11:08:48+00:00\" \/>\n<meta property=\"og:image\" content=\"https:\/\/www.pixelplanet.com\/wp-content\/uploads\/2018\/02\/FaceBook-Homepage-DE-1200x630.jpg\" \/>\n\t<meta property=\"og:image:width\" content=\"1200\" \/>\n\t<meta property=\"og:image:height\" content=\"630\" \/>\n\t<meta property=\"og:image:type\" content=\"image\/jpeg\" \/>\n<meta name=\"twitter:card\" content=\"summary_large_image\" \/>\n<meta name=\"twitter:title\" content=\"PixelPlanet - T\u00e9l\u00e9charger version d&#039;essai\" \/>\n<meta name=\"twitter:site\" content=\"@PixelPlanet\" \/>\n<meta name=\"twitter:label1\" content=\"Dur\u00e9e de lecture estim\u00e9e\" \/>\n\t<meta name=\"twitter:data1\" content=\"3 minutes\" \/>\n<script type=\"application\/ld+json\" class=\"yoast-schema-graph\">{\"@context\":\"https:\\\/\\\/schema.org\",\"@graph\":[{\"@type\":\"WebPage\",\"@id\":\"https:\\\/\\\/www.pixelplanet.com\\\/fr\\\/pdfprinter\\\/telechargement\\\/\",\"url\":\"https:\\\/\\\/www.pixelplanet.com\\\/fr\\\/pdfprinter\\\/telechargement\\\/\",\"name\":\"PixelPlanet PdfPrinter 7 - T\u00e9l\u00e9chargement - Essai gratuit\",\"isPartOf\":{\"@id\":\"https:\\\/\\\/www.pixelplanet.com\\\/fr\\\/#website\"},\"datePublished\":\"2018-08-01T14:16:13+00:00\",\"dateModified\":\"2022-02-24T11:08:48+00:00\",\"description\":\"T\u00e9l\u00e9chargez une version d'essai de Pixelplanet PdfPrinter 7 vers le bas. Le t\u00e9l\u00e9chargement est gratuit.\",\"breadcrumb\":{\"@id\":\"https:\\\/\\\/www.pixelplanet.com\\\/fr\\\/pdfprinter\\\/telechargement\\\/#breadcrumb\"},\"inLanguage\":\"fr-FR\",\"potentialAction\":[{\"@type\":\"ReadAction\",\"target\":[\"https:\\\/\\\/www.pixelplanet.com\\\/fr\\\/pdfprinter\\\/telechargement\\\/\"]}]},{\"@type\":\"BreadcrumbList\",\"@id\":\"https:\\\/\\\/www.pixelplanet.com\\\/fr\\\/pdfprinter\\\/telechargement\\\/#breadcrumb\",\"itemListElement\":[{\"@type\":\"ListItem\",\"position\":1,\"name\":\"Home\",\"item\":\"https:\\\/\\\/www.pixelplanet.com\\\/fr\\\/\"},{\"@type\":\"ListItem\",\"position\":2,\"name\":\"PdfPrinter\",\"item\":\"https:\\\/\\\/www.pixelplanet.com\\\/fr\\\/pdfprinter\\\/\"},{\"@type\":\"ListItem\",\"position\":3,\"name\":\"T\u00e9l\u00e9charger version d&#8217;essai\"}]},{\"@type\":\"WebSite\",\"@id\":\"https:\\\/\\\/www.pixelplanet.com\\\/fr\\\/#website\",\"url\":\"https:\\\/\\\/www.pixelplanet.com\\\/fr\\\/\",\"name\":\"PixelPlanet.com - Boutique pour les logiciels PDF\",\"description\":\"Edit, convert, create, merge and split PDF documents on Windows and Mac\",\"publisher\":{\"@id\":\"https:\\\/\\\/www.pixelplanet.com\\\/fr\\\/#organization\"},\"potentialAction\":[{\"@type\":\"SearchAction\",\"target\":{\"@type\":\"EntryPoint\",\"urlTemplate\":\"https:\\\/\\\/www.pixelplanet.com\\\/fr\\\/?s={search_term_string}\"},\"query-input\":{\"@type\":\"PropertyValueSpecification\",\"valueRequired\":true,\"valueName\":\"search_term_string\"}}],\"inLanguage\":\"fr-FR\"},{\"@type\":\"Organization\",\"@id\":\"https:\\\/\\\/www.pixelplanet.com\\\/fr\\\/#organization\",\"name\":\"PixelPlanet\",\"url\":\"https:\\\/\\\/www.pixelplanet.com\\\/fr\\\/\",\"logo\":{\"@type\":\"ImageObject\",\"inLanguage\":\"fr-FR\",\"@id\":\"https:\\\/\\\/www.pixelplanet.com\\\/fr\\\/#\\\/schema\\\/logo\\\/image\\\/\",\"url\":\"https:\\\/\\\/www.pixelplanet.com\\\/wp-content\\\/uploads\\\/2016\\\/12\\\/PixelPlanet-Logo-540x100.png\",\"contentUrl\":\"https:\\\/\\\/www.pixelplanet.com\\\/wp-content\\\/uploads\\\/2016\\\/12\\\/PixelPlanet-Logo-540x100.png\",\"width\":540,\"height\":100,\"caption\":\"PixelPlanet\"},\"image\":{\"@id\":\"https:\\\/\\\/www.pixelplanet.com\\\/fr\\\/#\\\/schema\\\/logo\\\/image\\\/\"},\"sameAs\":[\"https:\\\/\\\/www.facebook.com\\\/PixelPlanet\",\"https:\\\/\\\/x.com\\\/PixelPlanet\",\"https:\\\/\\\/www.instagram.com\\\/pixelplanet.software\\\/\",\"https:\\\/\\\/linkedin.com\\\/company\\\/pixelplanet-software\"]}]}<\/script>\n<!-- \/ Yoast SEO Premium plugin. -->","yoast_head_json":{"title":"PixelPlanet PdfPrinter 7 - T\u00e9l\u00e9chargement - Essai gratuit","description":"T\u00e9l\u00e9chargez une version d'essai de Pixelplanet PdfPrinter 7 vers le bas. Le t\u00e9l\u00e9chargement est gratuit.","robots":{"index":"index","follow":"follow","max-snippet":"max-snippet:-1","max-image-preview":"max-image-preview:large","max-video-preview":"max-video-preview:-1"},"canonical":"https:\/\/www.pixelplanet.com\/fr\/pdfprinter\/telechargement\/","og_locale":"fr_FR","og_type":"article","og_title":"PixelPlanet PdfEPrinter 7 - T\u00e9l\u00e9chargement - Essai gratuit","og_description":"T\u00e9l\u00e9chargez une version d'essai de Pixelplanet PdfPrinter 7 vers le bas. Le t\u00e9l\u00e9chargement est gratuit.","og_url":"https:\/\/www.pixelplanet.com\/fr\/pdfprinter\/telechargement\/","og_site_name":"PixelPlanet.com - Boutique pour les logiciels PDF","article_publisher":"https:\/\/www.facebook.com\/PixelPlanet","article_modified_time":"2022-02-24T11:08:48+00:00","og_image":[{"width":1200,"height":630,"url":"https:\/\/www.pixelplanet.com\/wp-content\/uploads\/2018\/02\/FaceBook-Homepage-DE-1200x630.jpg","type":"image\/jpeg"}],"twitter_card":"summary_large_image","twitter_title":"PixelPlanet - T\u00e9l\u00e9charger version d'essai","twitter_site":"@PixelPlanet","twitter_misc":{"Dur\u00e9e de lecture estim\u00e9e":"3 minutes"},"schema":{"@context":"https:\/\/schema.org","@graph":[{"@type":"WebPage","@id":"https:\/\/www.pixelplanet.com\/fr\/pdfprinter\/telechargement\/","url":"https:\/\/www.pixelplanet.com\/fr\/pdfprinter\/telechargement\/","name":"PixelPlanet PdfPrinter 7 - T\u00e9l\u00e9chargement - Essai gratuit","isPartOf":{"@id":"https:\/\/www.pixelplanet.com\/fr\/#website"},"datePublished":"2018-08-01T14:16:13+00:00","dateModified":"2022-02-24T11:08:48+00:00","description":"T\u00e9l\u00e9chargez une version d'essai de Pixelplanet PdfPrinter 7 vers le bas. Le t\u00e9l\u00e9chargement est gratuit.","breadcrumb":{"@id":"https:\/\/www.pixelplanet.com\/fr\/pdfprinter\/telechargement\/#breadcrumb"},"inLanguage":"fr-FR","potentialAction":[{"@type":"ReadAction","target":["https:\/\/www.pixelplanet.com\/fr\/pdfprinter\/telechargement\/"]}]},{"@type":"BreadcrumbList","@id":"https:\/\/www.pixelplanet.com\/fr\/pdfprinter\/telechargement\/#breadcrumb","itemListElement":[{"@type":"ListItem","position":1,"name":"Home","item":"https:\/\/www.pixelplanet.com\/fr\/"},{"@type":"ListItem","position":2,"name":"PdfPrinter","item":"https:\/\/www.pixelplanet.com\/fr\/pdfprinter\/"},{"@type":"ListItem","position":3,"name":"T\u00e9l\u00e9charger version d&#8217;essai"}]},{"@type":"WebSite","@id":"https:\/\/www.pixelplanet.com\/fr\/#website","url":"https:\/\/www.pixelplanet.com\/fr\/","name":"PixelPlanet.com - Boutique pour les logiciels PDF","description":"Edit, convert, create, merge and split PDF documents on Windows and Mac","publisher":{"@id":"https:\/\/www.pixelplanet.com\/fr\/#organization"},"potentialAction":[{"@type":"SearchAction","target":{"@type":"EntryPoint","urlTemplate":"https:\/\/www.pixelplanet.com\/fr\/?s={search_term_string}"},"query-input":{"@type":"PropertyValueSpecification","valueRequired":true,"valueName":"search_term_string"}}],"inLanguage":"fr-FR"},{"@type":"Organization","@id":"https:\/\/www.pixelplanet.com\/fr\/#organization","name":"PixelPlanet","url":"https:\/\/www.pixelplanet.com\/fr\/","logo":{"@type":"ImageObject","inLanguage":"fr-FR","@id":"https:\/\/www.pixelplanet.com\/fr\/#\/schema\/logo\/image\/","url":"https:\/\/www.pixelplanet.com\/wp-content\/uploads\/2016\/12\/PixelPlanet-Logo-540x100.png","contentUrl":"https:\/\/www.pixelplanet.com\/wp-content\/uploads\/2016\/12\/PixelPlanet-Logo-540x100.png","width":540,"height":100,"caption":"PixelPlanet"},"image":{"@id":"https:\/\/www.pixelplanet.com\/fr\/#\/schema\/logo\/image\/"},"sameAs":["https:\/\/www.facebook.com\/PixelPlanet","https:\/\/x.com\/PixelPlanet","https:\/\/www.instagram.com\/pixelplanet.software\/","https:\/\/linkedin.com\/company\/pixelplanet-software"]}]}},"_links":{"self":[{"href":"https:\/\/www.pixelplanet.com\/fr\/wp-json\/wp\/v2\/pages\/14714","targetHints":{"allow":["GET"]}}],"collection":[{"href":"https:\/\/www.pixelplanet.com\/fr\/wp-json\/wp\/v2\/pages"}],"about":[{"href":"https:\/\/www.pixelplanet.com\/fr\/wp-json\/wp\/v2\/types\/page"}],"author":[{"embeddable":true,"href":"https:\/\/www.pixelplanet.com\/fr\/wp-json\/wp\/v2\/users\/1"}],"replies":[{"embeddable":true,"href":"https:\/\/www.pixelplanet.com\/fr\/wp-json\/wp\/v2\/comments?post=14714"}],"version-history":[{"count":0,"href":"https:\/\/www.pixelplanet.com\/fr\/wp-json\/wp\/v2\/pages\/14714\/revisions"}],"up":[{"embeddable":true,"href":"https:\/\/www.pixelplanet.com\/fr\/wp-json\/wp\/v2\/pages\/14536"}],"wp:attachment":[{"href":"https:\/\/www.pixelplanet.com\/fr\/wp-json\/wp\/v2\/media?parent=14714"}],"curies":[{"name":"wp","href":"https:\/\/api.w.org\/{rel}","templated":true}]}}