{"id":14736,"date":"2018-08-01T17:07:27","date_gmt":"2018-08-01T15:07:27","guid":{"rendered":"https:\/\/www.pixelplanet.com\/?page_id=14736"},"modified":"2022-02-24T12:12:30","modified_gmt":"2022-02-24T11:12:30","slug":"telechargement","status":"publish","type":"page","link":"https:\/\/www.pixelplanet.com\/fr\/pdftools-bundle\/telechargement\/","title":{"rendered":"T\u00e9l\u00e9charger version d&rsquo;essai"},"content":{"rendered":"<section class=\"l-section wpb_row us_custom_e11ab399 height_small\"><div class=\"l-section-h i-cf\"><div class=\"g-cols vc_row via_flex valign_middle type_default stacking_default\"><div class=\"vc_col-sm-6 wpb_column vc_column_container\"><div class=\"vc_column-inner\"><div class=\"wpb_wrapper\"><h1 class=\"w-post-elm post_title us_custom_607cd7e8 entry-title color_link_inherit\">T\u00e9l\u00e9charger version d&rsquo;essai<\/h1><\/div><\/div><\/div><div class=\"vc_col-sm-6 wpb_column vc_column_container\"><div class=\"vc_column-inner\"><div class=\"wpb_wrapper\"><nav class=\"g-breadcrumbs us_custom_ea2be81a separator_icon align_right\"><div class=\"g-breadcrumbs-item\"><a href=\"https:\/\/www.pixelplanet.com\/fr\/\">Accueil<\/a><meta content=\"1\"\/><\/div><div class=\"g-breadcrumbs-separator\"><i class=\"far fa-angle-right\"><\/i><\/div><div class=\"g-breadcrumbs-item\">Pages<\/div><\/nav><\/div><\/div><\/div><\/div><\/div><\/section><section class=\"l-section wpb_row height_medium\"><div class=\"l-section-h i-cf\"><div class=\"g-cols vc_row via_flex valign_top type_default stacking_default\"><div class=\"vc_col-sm-6 wpb_column vc_column_container\"><div class=\"vc_column-inner\"><div class=\"wpb_wrapper\"><div class=\"wpb_text_column\"><div class=\"wpb_wrapper\"><h2>PdfOutils Offre group\u00e9e<\/h2>\n<p>L\u2019installation de l\u2019offre group\u00e9e d\u2019outils PDF comprend <a href=\"https:\/\/www.pixelplanet.com\/fr\/pdfgrabber\/\">PdfGrabber<\/a>, <a href=\"https:\/\/www.pixelplanet.com\/fr\/pdfeditor\/\">PdfEditor<\/a>, <a href=\"https:\/\/www.pixelplanet.com\/fr\/pdfprinter\/\">PdfPrinter<\/a> et PdfMerger. Vous trouverez une offre group\u00e9e \u00e0 un prix r\u00e9duit dans notre boutique en ligne.<\/p>\n<ul class=\"fa-ul\">\n<li><i class=\"fab fa-li fa-windows green\"><\/i> Pour Windows 11, 10, 8, 2008, 7, Vista, 2003, XP (SP3)<\/li>\n<li><i class=\"fas fa-li fa-check-square green\"><\/i> Convertissez vos PDF en fichiers Word, JPG, Excel, CAD ainsi que dans de nombreux autres formats avec <a href=\"https:\/\/www.pixelplanet.com\/fr\/pdfgrabber\/\">PdfGrabber<\/a><\/li>\n<li><i class=\"fas fa-li fa-check-square green\"><\/i> \u00c9ditez des textes, des images et des objets de votre PDF directement dans <a href=\"https:\/\/www.pixelplanet.com\/fr\/pdfeditor\/\">PdfEditor<\/a><\/li>\n<li><i class=\"fas fa-li fa-check-square green\"><\/i> Scindez et fusionnez des documents PDF<\/li>\n<li><i class=\"fas fa-li fa-check-square green\"><\/i> G\u00e9n\u00e9rez des PDF \u00e0 partir de toutes les applications imprimables<\/li>\n<li><i class=\"fas fa-li fa-check-square green\"><\/i> Rendez possible la recherche de textes dans vos PDF avec la technique ROC<\/li>\n<li><i class=\"fas fa-li fa-check-square green\"><\/i> Et d\u00e9couvrez de nombreux autres outils PDF performants&#8230;<\/li>\n<\/ul>\n<\/div><\/div><div class=\"w-separator size_small\"><\/div>[vc_raw_js]JTNDc2NyaXB0JTIwbGFuZ3VhZ2UlM0QlMjJqYXZhc2NyaXB0JTIyJTIwdHlwZSUzRCUyMnRleHQlMkZqYXZhc2NyaXB0JTIyJTNFJTBBaWYlMjAlMjglMjhuYXZpZ2F0b3IudXNlckFnZW50LmluZGV4T2YlMjglMjJXT1c2NCUyMiUyOSUyMCUzRCUzRCUyMC0xJTI5JTIwJTI2JTI2JTIwJTI4bmF2aWdhdG9yLnVzZXJBZ2VudC5pbmRleE9mJTI4JTIyV2luNjQlMjIlMjklMjAlM0QlM0QlMjAtMSUyOSUyMCUyNiUyNiUyMCUyOCUyMSUyMG5hdmlnYXRvci51c2VyQWdlbnQubWF0Y2glMjglMkZNYWNpbnRvc2glMkZpJTI5JTI5JTI5JTBBJTA5JTA5JTA5JTA5JTA5JTA5JTA5JTdCZG9jdW1lbnQud3JpdGUlMjglMjclM0NkaXYlMjBjbGFzcyUzRCUyMnctYnRuLXdyYXBwZXIlMjBhbGlnbl9sZWZ0JTIyJTNFJTNDYSUyMGNsYXNzJTNEJTIydy1idG4lMjB1cy1idG4tc3R5bGVfNyUyMGljb25fYXRsZWZ0JTIyJTIwaHJlZiUzRCUyMmh0dHBzJTNBJTJGJTJGd3d3LnBpeGVscGxhbmV0LmNvbSUyRmRvd25sb2FkJTJGUGRmVG9vbHMlMkZQZGZUb29sc19CdW5kbGVfMzJiaXRfRlJBLmV4ZSUyMiUzRSUzQ2klMjBjbGFzcyUzRCUyMmZhYiUyMGZhLXdpbmRvd3MlMjIlM0UlM0MlMkZpJTNFJTNDc3BhbiUyMGNsYXNzJTNEJTIydy1idG4tbGFiZWwlMjIlM0VXaW5kb3dzJTIwJTI4MzJiaXQlMjklM0MlMkZzcGFuJTNFJTNDJTJGYSUzRSUzQyUyRmRpdiUzRSUyMCUzQ2RpdiUyMGNsYXNzJTNEJTIydy1idG4td3JhcHBlciUyMGFsaWduX2xlZnQlMjIlM0UlM0NhJTIwY2xhc3MlM0QlMjJ3LWJ0biUyMHVzLWJ0bi1zdHlsZV84JTIwaWNvbl9hdGxlZnQlMjIlMjBocmVmJTNEJTIyaHR0cHMlM0ElMkYlMkZ3d3cucGl4ZWxwbGFuZXQuY29tJTJGZG93bmxvYWQlMkZQZGZUb29scyUyRlBkZlRvb2xzX0J1bmRsZV82NGJpdF9GUkEuZXhlJTIyJTNFJTNDaSUyMGNsYXNzJTNEJTIyZmFiJTIwZmEtd2luZG93cyUyMiUzRSUzQyUyRmklM0UlM0NzcGFuJTIwY2xhc3MlM0QlMjJ3LWJ0bi1sYWJlbCUyMiUzRVdpbmRvd3MlMjAlMjg2NGJpdCUyOSUzQyUyRnNwYW4lM0UlM0MlMkZhJTNFJTNDJTJGZGl2JTNFJTI3JTI5JTNCJTdEJTBBJTBBaWYlMjAlMjglMjglMjhuYXZpZ2F0b3IudXNlckFnZW50LmluZGV4T2YlMjglMjJXT1c2NCUyMiUyOSUyMCUyMSUzRCUyMC0xJTI5JTIwJTdDJTdDJTIwJTI4bmF2aWdhdG9yLnVzZXJBZ2VudC5pbmRleE9mJTI4JTIyV2luNjQlMjIlMjklMjAlMjElM0QlMjAtMSUyOSUyOSUyMCUyNiUyNiUyMCUyOCUyMSUyMG5hdmlnYXRvci51c2VyQWdlbnQubWF0Y2glMjglMkZNYWNpbnRvc2glMkZpJTI5JTI5JTI5JTBBJTA5JTA5JTA5JTA5JTA5JTA5JTA5JTdCZG9jdW1lbnQud3JpdGUlMjglMjclM0NkaXYlMjBjbGFzcyUzRCUyMnctYnRuLXdyYXBwZXIlMjBhbGlnbl9sZWZ0JTIyJTNFJTNDYSUyMGNsYXNzJTNEJTIydy1idG4lMjB1cy1idG4tc3R5bGVfOCUyMGljb25fYXRsZWZ0JTIyJTIwaHJlZiUzRCUyMmh0dHBzJTNBJTJGJTJGd3d3LnBpeGVscGxhbmV0LmNvbSUyRmRvd25sb2FkJTJGUGRmVG9vbHMlMkZQZGZUb29sc19CdW5kbGVfMzJiaXRfRlJBLmV4ZSUyMiUzRSUzQ2klMjBjbGFzcyUzRCUyMmZhYiUyMGZhLXdpbmRvd3MlMjIlM0UlM0MlMkZpJTNFJTNDc3BhbiUyMGNsYXNzJTNEJTIydy1idG4tbGFiZWwlMjIlM0VXaW5kb3dzJTIwJTI4MzJiaXQlMjklM0MlMkZzcGFuJTNFJTNDJTJGYSUzRSUzQyUyRmRpdiUzRSUyMCUzQ2RpdiUyMGNsYXNzJTNEJTIydy1idG4td3JhcHBlciUyMGFsaWduX2xlZnQlMjIlM0UlM0NhJTIwY2xhc3MlM0QlMjJ3LWJ0biUyMHVzLWJ0bi1zdHlsZV83JTIwaWNvbl9hdGxlZnQlMjIlMjBocmVmJTNEJTIyaHR0cHMlM0ElMkYlMkZ3d3cucGl4ZWxwbGFuZXQuY29tJTJGZG93bmxvYWQlMkZQZGZUb29scyUyRlBkZlRvb2xzX0J1bmRsZV82NGJpdF9GUkEuZXhlJTIyJTNFJTNDaSUyMGNsYXNzJTNEJTIyZmFiJTIwZmEtd2luZG93cyUyMiUzRSUzQyUyRmklM0UlM0NzcGFuJTIwY2xhc3MlM0QlMjJ3LWJ0bi1sYWJlbCUyMiUzRVdpbmRvd3MlMjAlMjg2NGJpdCUyOSUzQyUyRnNwYW4lM0UlM0MlMkZhJTNFJTNDJTJGZGl2JTNFJTI3JTI5JTNCJTdEJTIwJTBBJTBBaWYlMjAlMjhuYXZpZ2F0b3IudXNlckFnZW50Lm1hdGNoJTI4JTJGTWFjaW50b3NoJTJGaSUyOSUyOSUwQSUwOSUwOSUwOSUwOSUwOSUwOSUwOSU3QmRvY3VtZW50LndyaXRlJTI4JTI3JTNDZGl2JTIwY2xhc3MlM0QlMjJ3LWJ0bi13cmFwcGVyJTIwYWxpZ25fbGVmdCUyMiUzRSUzQ2ElMjBjbGFzcyUzRCUyMnctYnRuJTIwdXMtYnRuLXN0eWxlXzglMjBpY29uX2F0bGVmdCUyMiUyMGhyZWYlM0QlMjJodHRwcyUzQSUyRiUyRnd3dy5waXhlbHBsYW5ldC5jb20lMkZkb3dubG9hZCUyRlBkZlRvb2xzJTJGUGRmVG9vbHNfQnVuZGxlXzMyYml0X0ZSQS5leGUlMjIlM0UlM0NpJTIwY2xhc3MlM0QlMjJmYWIlMjBmYS13aW5kb3dzJTIyJTNFJTNDJTJGaSUzRSUzQ3NwYW4lMjBjbGFzcyUzRCUyMnctYnRuLWxhYmVsJTIyJTNFV2luZG93cyUyMCUyODMyYml0JTI5JTNDJTJGc3BhbiUzRSUzQyUyRmElM0UlM0MlMkZkaXYlM0UlMjAlM0NkaXYlMjBjbGFzcyUzRCUyMnctYnRuLXdyYXBwZXIlMjBhbGlnbl9sZWZ0JTIyJTNFJTNDYSUyMGNsYXNzJTNEJTIydy1idG4lMjB1cy1idG4tc3R5bGVfOCUyMGljb25fYXRsZWZ0JTIyJTIwaHJlZiUzRCUyMmh0dHBzJTNBJTJGJTJGd3d3LnBpeGVscGxhbmV0LmNvbSUyRmRvd25sb2FkJTJGUGRmVG9vbHMlMkZQZGZUb29sc19CdW5kbGVfNjRiaXRfRlJBLmV4ZSUyMiUzRSUzQ2klMjBjbGFzcyUzRCUyMmZhYiUyMGZhLXdpbmRvd3MlMjIlM0UlM0MlMkZpJTNFJTNDc3BhbiUyMGNsYXNzJTNEJTIydy1idG4tbGFiZWwlMjIlM0VXaW5kb3dzJTIwJTI4NjRiaXQlMjklM0MlMkZzcGFuJTNFJTNDJTJGYSUzRSUzQyUyRmRpdiUzRSUyNyUyOSUzQiU3RCUyMCUwQSUwOSUwOSUwOSUwOSUwOSUzQyUyRnNjcmlwdCUzRSUwQSUwQSUzQ25vc2NyaXB0JTNFJTNDZGl2JTIwY2xhc3MlM0QlMjJ3LWJ0bi13cmFwcGVyJTIwYWxpZ25fbGVmdCUyMiUzRSUzQ2ElMjBjbGFzcyUzRCUyMnctYnRuJTIwdXMtYnRuLXN0eWxlXzglMjBpY29uX2F0bGVmdCUyMiUyMGhyZWYlM0QlMjJodHRwcyUzQSUyRiUyRnd3dy5waXhlbHBsYW5ldC5jb20lMkZkb3dubG9hZCUyRlBkZlRvb2xzJTJGUGRmVG9vbHNfQnVuZGxlXzMyYml0X0ZSQS5leGUlMjIlM0UlM0NpJTIwY2xhc3MlM0QlMjJmYWIlMjBmYS13aW5kb3dzJTIyJTNFJTNDJTJGaSUzRSUzQ3NwYW4lMjBjbGFzcyUzRCUyMnctYnRuLWxhYmVsJTIyJTNFV2luZG93cyUyMCUyODMyYml0JTI5JTNDJTJGc3BhbiUzRSUzQyUyRmElM0UlM0MlMkZkaXYlM0UlMjAlM0NkaXYlMjBjbGFzcyUzRCUyMnctYnRuLXdyYXBwZXIlMjBhbGlnbl9sZWZ0JTIyJTNFJTNDYSUyMGNsYXNzJTNEJTIydy1idG4lMjB1cy1idG4tc3R5bGVfOCUyMGljb25fYXRsZWZ0JTIyJTIwaHJlZiUzRCUyMmh0dHBzJTNBJTJGJTJGd3d3LnBpeGVscGxhbmV0LmNvbSUyRmRvd25sb2FkJTJGUGRmVG9vbHMlMkZQZGZUb29sc19CdW5kbGVfNjRiaXRfRlJBLmV4ZSUyMiUzRSUzQ2klMjBjbGFzcyUzRCUyMmZhYiUyMGZhLXdpbmRvd3MlMjIlM0UlM0MlMkZpJTNFJTNDc3BhbiUyMGNsYXNzJTNEJTIydy1idG4tbGFiZWwlMjIlM0VXaW5kb3dzJTIwJTI4NjRiaXQlMjklM0MlMkZzcGFuJTNFJTNDJTJGYSUzRSUzQyUyRmRpdiUzRSUzQyUyRm5vc2NyaXB0JTNF[\/vc_raw_js]<div class=\"w-separator size_small\"><\/div><div class=\"wpb_text_column\"><div class=\"wpb_wrapper\"><p><strong>SHA256:<\/strong> 384a912c71675fbb210b2395770ec8417f8bf525<\/p>\n<\/div><\/div><\/div><\/div><\/div><div class=\"vc_col-sm-6 wpb_column vc_column_container\"><div class=\"vc_column-inner\"><div class=\"wpb_wrapper\"><div class=\"w-image align_none\"><div class=\"w-image-h\"><img decoding=\"async\" width=\"1024\" height=\"1024\" src=\"https:\/\/www.pixelplanet.com\/wp-content\/uploads\/2018\/02\/Download-1024x1024.jpg\" class=\"attachment-large size-large\" alt=\"\" loading=\"lazy\" srcset=\"https:\/\/www.pixelplanet.com\/wp-content\/uploads\/2018\/02\/Download-1024x1024.jpg 1024w, https:\/\/www.pixelplanet.com\/wp-content\/uploads\/2018\/02\/Download-1024x1024-150x150.jpg 150w, https:\/\/www.pixelplanet.com\/wp-content\/uploads\/2018\/02\/Download-1024x1024-312x312.jpg 312w, https:\/\/www.pixelplanet.com\/wp-content\/uploads\/2018\/02\/Download-1024x1024-300x300.jpg 300w, https:\/\/www.pixelplanet.com\/wp-content\/uploads\/2018\/02\/Download-1024x1024-768x768.jpg 768w, https:\/\/www.pixelplanet.com\/wp-content\/uploads\/2018\/02\/Download-1024x1024-350x350.jpg 350w, https:\/\/www.pixelplanet.com\/wp-content\/uploads\/2018\/02\/Download-1024x1024-600x600.jpg 600w\" sizes=\"auto, (max-width: 1024px) 100vw, 1024px\" \/><\/div><\/div><\/div><\/div><\/div><\/div><\/div><\/section><section class=\"l-section wpb_row height_medium color_primary\"><div class=\"l-section-h i-cf\"><div class=\"g-cols vc_row via_flex valign_top type_default stacking_default\"><div class=\"vc_col-sm-12 wpb_column vc_column_container\"><div class=\"vc_column-inner\"><div class=\"wpb_wrapper\"><div class=\"w-actionbox color_primary controls_right\"><div class=\"w-actionbox-text\"><h2 class=\"w-actionbox-title\">Tout pour le traitement PDF !<\/h2><div class=\"w-actionbox-description\"><p>Notre offre group\u00e9e comprend l\u2019ensemble des principaux outils PDF : PdfGrabber, PdfEditor, PdfPrinter et PdfMerger. Vous trouverez une offre group\u00e9e \u00e0 un prix abordable dans notre boutique en ligne.<\/p>\n<\/div><\/div><div class=\"w-actionbox-controls\"><a class=\"w-btn us-btn-style_8 icon_atleft\" style=\"font-size:16px\" href=\"https:\/\/www.pixelplanet.com\/fr\/pdfoutils-offres-groupee\/\"><i class=\"fas fa-shopping-cart\"><\/i><span class=\"w-btn-label\">Acheter une licence<\/span><\/a><\/div><\/div><\/div><\/div><\/div><\/div><\/div><\/section>\n","protected":false},"excerpt":{"rendered":"T\u00e9l\u00e9charger version d&rsquo;essaiAccueilPagesPdfOutils Offre group\u00e9e L\u2019installation de l\u2019offre group\u00e9e d\u2019outils PDF comprend PdfGrabber, PdfEditor, PdfPrinter et PdfMerger. Vous trouverez une offre group\u00e9e \u00e0 un prix r\u00e9duit dans notre boutique en ligne. Pour Windows 11, 10, 8, 2008, 7, Vista, 2003, XP (SP3) Convertissez vos PDF en fichiers Word, JPG, Excel, CAD ainsi que dans de...","protected":false},"author":1,"featured_media":0,"parent":14602,"menu_order":6,"comment_status":"closed","ping_status":"closed","template":"","meta":{"footnotes":""},"class_list":["post-14736","page","type-page","status-publish","hentry"],"yoast_head":"<!-- This site is optimized with the Yoast SEO Premium plugin v27.4 (Yoast SEO v27.4) - https:\/\/yoast.com\/product\/yoast-seo-premium-wordpress\/ -->\n<title>PixelPlanet Offre group\u00e9e - Outils PDF - T\u00e9l\u00e9chargement - Essai gratuit<\/title>\n<meta name=\"description\" content=\"L\u2019offre group\u00e9e d\u2019outils PDF comprend PdfGrabber, PdfEditor, PdfPrinter et PdfMerger. Le t\u00e9l\u00e9chargement est gratuit.\" \/>\n<meta name=\"robots\" content=\"index, follow, max-snippet:-1, max-image-preview:large, max-video-preview:-1\" \/>\n<link rel=\"canonical\" href=\"https:\/\/www.pixelplanet.com\/fr\/pdftools-bundle\/telechargement\/\" \/>\n<meta property=\"og:locale\" content=\"fr_FR\" \/>\n<meta property=\"og:type\" content=\"article\" \/>\n<meta property=\"og:title\" content=\"T\u00e9l\u00e9charger l\u2019offre group\u00e9e d\u2019outils PDF\" \/>\n<meta property=\"og:description\" content=\"L\u2019offre group\u00e9e d\u2019outils PDF comprend PdfGrabber, PdfEditor, PdfPrinter et PdfMerger. Le t\u00e9l\u00e9chargement est gratuit.\" \/>\n<meta property=\"og:url\" content=\"https:\/\/www.pixelplanet.com\/fr\/pdftools-bundle\/telechargement\/\" \/>\n<meta property=\"og:site_name\" content=\"PixelPlanet.com - Boutique pour les logiciels PDF\" \/>\n<meta property=\"article:publisher\" content=\"https:\/\/www.facebook.com\/PixelPlanet\" \/>\n<meta property=\"article:modified_time\" content=\"2022-02-24T11:12:30+00:00\" \/>\n<meta property=\"og:image\" content=\"https:\/\/www.pixelplanet.com\/wp-content\/uploads\/2018\/02\/FaceBook-Homepage-DE-1200x630.jpg\" \/>\n\t<meta property=\"og:image:width\" content=\"1200\" \/>\n\t<meta property=\"og:image:height\" content=\"630\" \/>\n\t<meta property=\"og:image:type\" content=\"image\/jpeg\" \/>\n<meta name=\"twitter:card\" content=\"summary_large_image\" \/>\n<meta name=\"twitter:title\" content=\"PixelPlanet - T\u00e9l\u00e9charger version d&#039;essai\" \/>\n<meta name=\"twitter:site\" content=\"@PixelPlanet\" \/>\n<meta name=\"twitter:label1\" content=\"Dur\u00e9e de lecture estim\u00e9e\" \/>\n\t<meta name=\"twitter:data1\" content=\"1 minute\" \/>\n<script type=\"application\/ld+json\" class=\"yoast-schema-graph\">{\"@context\":\"https:\\\/\\\/schema.org\",\"@graph\":[{\"@type\":\"WebPage\",\"@id\":\"https:\\\/\\\/www.pixelplanet.com\\\/fr\\\/pdftools-bundle\\\/telechargement\\\/\",\"url\":\"https:\\\/\\\/www.pixelplanet.com\\\/fr\\\/pdftools-bundle\\\/telechargement\\\/\",\"name\":\"PixelPlanet Offre group\u00e9e - Outils PDF - T\u00e9l\u00e9chargement - Essai gratuit\",\"isPartOf\":{\"@id\":\"https:\\\/\\\/www.pixelplanet.com\\\/fr\\\/#website\"},\"datePublished\":\"2018-08-01T15:07:27+00:00\",\"dateModified\":\"2022-02-24T11:12:30+00:00\",\"description\":\"L\u2019offre group\u00e9e d\u2019outils PDF comprend PdfGrabber, PdfEditor, PdfPrinter et PdfMerger. Le t\u00e9l\u00e9chargement est gratuit.\",\"breadcrumb\":{\"@id\":\"https:\\\/\\\/www.pixelplanet.com\\\/fr\\\/pdftools-bundle\\\/telechargement\\\/#breadcrumb\"},\"inLanguage\":\"fr-FR\",\"potentialAction\":[{\"@type\":\"ReadAction\",\"target\":[\"https:\\\/\\\/www.pixelplanet.com\\\/fr\\\/pdftools-bundle\\\/telechargement\\\/\"]}]},{\"@type\":\"BreadcrumbList\",\"@id\":\"https:\\\/\\\/www.pixelplanet.com\\\/fr\\\/pdftools-bundle\\\/telechargement\\\/#breadcrumb\",\"itemListElement\":[{\"@type\":\"ListItem\",\"position\":1,\"name\":\"Home\",\"item\":\"https:\\\/\\\/www.pixelplanet.com\\\/fr\\\/\"},{\"@type\":\"ListItem\",\"position\":2,\"name\":\"PdfOutils Offre Group\u00e9e\",\"item\":\"https:\\\/\\\/www.pixelplanet.com\\\/fr\\\/pdftools-bundle\\\/\"},{\"@type\":\"ListItem\",\"position\":3,\"name\":\"T\u00e9l\u00e9charger version d&#8217;essai\"}]},{\"@type\":\"WebSite\",\"@id\":\"https:\\\/\\\/www.pixelplanet.com\\\/fr\\\/#website\",\"url\":\"https:\\\/\\\/www.pixelplanet.com\\\/fr\\\/\",\"name\":\"PixelPlanet.com - Boutique pour les logiciels PDF\",\"description\":\"Edit, convert, create, merge and split PDF documents on Windows and Mac\",\"publisher\":{\"@id\":\"https:\\\/\\\/www.pixelplanet.com\\\/fr\\\/#organization\"},\"potentialAction\":[{\"@type\":\"SearchAction\",\"target\":{\"@type\":\"EntryPoint\",\"urlTemplate\":\"https:\\\/\\\/www.pixelplanet.com\\\/fr\\\/?s={search_term_string}\"},\"query-input\":{\"@type\":\"PropertyValueSpecification\",\"valueRequired\":true,\"valueName\":\"search_term_string\"}}],\"inLanguage\":\"fr-FR\"},{\"@type\":\"Organization\",\"@id\":\"https:\\\/\\\/www.pixelplanet.com\\\/fr\\\/#organization\",\"name\":\"PixelPlanet\",\"url\":\"https:\\\/\\\/www.pixelplanet.com\\\/fr\\\/\",\"logo\":{\"@type\":\"ImageObject\",\"inLanguage\":\"fr-FR\",\"@id\":\"https:\\\/\\\/www.pixelplanet.com\\\/fr\\\/#\\\/schema\\\/logo\\\/image\\\/\",\"url\":\"https:\\\/\\\/www.pixelplanet.com\\\/wp-content\\\/uploads\\\/2016\\\/12\\\/PixelPlanet-Logo-540x100.png\",\"contentUrl\":\"https:\\\/\\\/www.pixelplanet.com\\\/wp-content\\\/uploads\\\/2016\\\/12\\\/PixelPlanet-Logo-540x100.png\",\"width\":540,\"height\":100,\"caption\":\"PixelPlanet\"},\"image\":{\"@id\":\"https:\\\/\\\/www.pixelplanet.com\\\/fr\\\/#\\\/schema\\\/logo\\\/image\\\/\"},\"sameAs\":[\"https:\\\/\\\/www.facebook.com\\\/PixelPlanet\",\"https:\\\/\\\/x.com\\\/PixelPlanet\",\"https:\\\/\\\/www.instagram.com\\\/pixelplanet.software\\\/\",\"https:\\\/\\\/linkedin.com\\\/company\\\/pixelplanet-software\"]}]}<\/script>\n<!-- \/ Yoast SEO Premium plugin. -->","yoast_head_json":{"title":"PixelPlanet Offre group\u00e9e - Outils PDF - T\u00e9l\u00e9chargement - Essai gratuit","description":"L\u2019offre group\u00e9e d\u2019outils PDF comprend PdfGrabber, PdfEditor, PdfPrinter et PdfMerger. Le t\u00e9l\u00e9chargement est gratuit.","robots":{"index":"index","follow":"follow","max-snippet":"max-snippet:-1","max-image-preview":"max-image-preview:large","max-video-preview":"max-video-preview:-1"},"canonical":"https:\/\/www.pixelplanet.com\/fr\/pdftools-bundle\/telechargement\/","og_locale":"fr_FR","og_type":"article","og_title":"T\u00e9l\u00e9charger l\u2019offre group\u00e9e d\u2019outils PDF","og_description":"L\u2019offre group\u00e9e d\u2019outils PDF comprend PdfGrabber, PdfEditor, PdfPrinter et PdfMerger. Le t\u00e9l\u00e9chargement est gratuit.","og_url":"https:\/\/www.pixelplanet.com\/fr\/pdftools-bundle\/telechargement\/","og_site_name":"PixelPlanet.com - Boutique pour les logiciels PDF","article_publisher":"https:\/\/www.facebook.com\/PixelPlanet","article_modified_time":"2022-02-24T11:12:30+00:00","og_image":[{"width":1200,"height":630,"url":"https:\/\/www.pixelplanet.com\/wp-content\/uploads\/2018\/02\/FaceBook-Homepage-DE-1200x630.jpg","type":"image\/jpeg"}],"twitter_card":"summary_large_image","twitter_title":"PixelPlanet - T\u00e9l\u00e9charger version d'essai","twitter_site":"@PixelPlanet","twitter_misc":{"Dur\u00e9e de lecture estim\u00e9e":"1 minute"},"schema":{"@context":"https:\/\/schema.org","@graph":[{"@type":"WebPage","@id":"https:\/\/www.pixelplanet.com\/fr\/pdftools-bundle\/telechargement\/","url":"https:\/\/www.pixelplanet.com\/fr\/pdftools-bundle\/telechargement\/","name":"PixelPlanet Offre group\u00e9e - Outils PDF - T\u00e9l\u00e9chargement - Essai gratuit","isPartOf":{"@id":"https:\/\/www.pixelplanet.com\/fr\/#website"},"datePublished":"2018-08-01T15:07:27+00:00","dateModified":"2022-02-24T11:12:30+00:00","description":"L\u2019offre group\u00e9e d\u2019outils PDF comprend PdfGrabber, PdfEditor, PdfPrinter et PdfMerger. Le t\u00e9l\u00e9chargement est gratuit.","breadcrumb":{"@id":"https:\/\/www.pixelplanet.com\/fr\/pdftools-bundle\/telechargement\/#breadcrumb"},"inLanguage":"fr-FR","potentialAction":[{"@type":"ReadAction","target":["https:\/\/www.pixelplanet.com\/fr\/pdftools-bundle\/telechargement\/"]}]},{"@type":"BreadcrumbList","@id":"https:\/\/www.pixelplanet.com\/fr\/pdftools-bundle\/telechargement\/#breadcrumb","itemListElement":[{"@type":"ListItem","position":1,"name":"Home","item":"https:\/\/www.pixelplanet.com\/fr\/"},{"@type":"ListItem","position":2,"name":"PdfOutils Offre Group\u00e9e","item":"https:\/\/www.pixelplanet.com\/fr\/pdftools-bundle\/"},{"@type":"ListItem","position":3,"name":"T\u00e9l\u00e9charger version d&#8217;essai"}]},{"@type":"WebSite","@id":"https:\/\/www.pixelplanet.com\/fr\/#website","url":"https:\/\/www.pixelplanet.com\/fr\/","name":"PixelPlanet.com - Boutique pour les logiciels PDF","description":"Edit, convert, create, merge and split PDF documents on Windows and Mac","publisher":{"@id":"https:\/\/www.pixelplanet.com\/fr\/#organization"},"potentialAction":[{"@type":"SearchAction","target":{"@type":"EntryPoint","urlTemplate":"https:\/\/www.pixelplanet.com\/fr\/?s={search_term_string}"},"query-input":{"@type":"PropertyValueSpecification","valueRequired":true,"valueName":"search_term_string"}}],"inLanguage":"fr-FR"},{"@type":"Organization","@id":"https:\/\/www.pixelplanet.com\/fr\/#organization","name":"PixelPlanet","url":"https:\/\/www.pixelplanet.com\/fr\/","logo":{"@type":"ImageObject","inLanguage":"fr-FR","@id":"https:\/\/www.pixelplanet.com\/fr\/#\/schema\/logo\/image\/","url":"https:\/\/www.pixelplanet.com\/wp-content\/uploads\/2016\/12\/PixelPlanet-Logo-540x100.png","contentUrl":"https:\/\/www.pixelplanet.com\/wp-content\/uploads\/2016\/12\/PixelPlanet-Logo-540x100.png","width":540,"height":100,"caption":"PixelPlanet"},"image":{"@id":"https:\/\/www.pixelplanet.com\/fr\/#\/schema\/logo\/image\/"},"sameAs":["https:\/\/www.facebook.com\/PixelPlanet","https:\/\/x.com\/PixelPlanet","https:\/\/www.instagram.com\/pixelplanet.software\/","https:\/\/linkedin.com\/company\/pixelplanet-software"]}]}},"_links":{"self":[{"href":"https:\/\/www.pixelplanet.com\/fr\/wp-json\/wp\/v2\/pages\/14736","targetHints":{"allow":["GET"]}}],"collection":[{"href":"https:\/\/www.pixelplanet.com\/fr\/wp-json\/wp\/v2\/pages"}],"about":[{"href":"https:\/\/www.pixelplanet.com\/fr\/wp-json\/wp\/v2\/types\/page"}],"author":[{"embeddable":true,"href":"https:\/\/www.pixelplanet.com\/fr\/wp-json\/wp\/v2\/users\/1"}],"replies":[{"embeddable":true,"href":"https:\/\/www.pixelplanet.com\/fr\/wp-json\/wp\/v2\/comments?post=14736"}],"version-history":[{"count":0,"href":"https:\/\/www.pixelplanet.com\/fr\/wp-json\/wp\/v2\/pages\/14736\/revisions"}],"up":[{"embeddable":true,"href":"https:\/\/www.pixelplanet.com\/fr\/wp-json\/wp\/v2\/pages\/14602"}],"wp:attachment":[{"href":"https:\/\/www.pixelplanet.com\/fr\/wp-json\/wp\/v2\/media?parent=14736"}],"curies":[{"name":"wp","href":"https:\/\/api.w.org\/{rel}","templated":true}]}}