{"id":15076,"date":"2018-08-06T09:43:48","date_gmt":"2018-08-06T07:43:48","guid":{"rendered":"https:\/\/www.pixelplanet.com\/pdfeditor\/assistance\/updates-patches\/"},"modified":"2023-04-28T15:30:47","modified_gmt":"2023-04-28T13:30:47","slug":"mises-a-jour","status":"publish","type":"page","link":"https:\/\/www.pixelplanet.com\/fr\/pdfeditor\/assistance\/mises-a-jour\/","title":{"rendered":"Mises \u00e0 jour &#038; corrections"},"content":{"rendered":"<section class=\"l-section wpb_row us_custom_e11ab399 height_small\"><div class=\"l-section-h i-cf\"><div class=\"g-cols vc_row via_flex valign_middle type_default stacking_default\"><div class=\"vc_col-sm-6 wpb_column vc_column_container\"><div class=\"vc_column-inner\"><div class=\"wpb_wrapper\"><h1 class=\"w-post-elm post_title us_custom_607cd7e8 entry-title color_link_inherit\">Mises \u00e0 jour &#038; corrections<\/h1><\/div><\/div><\/div><div class=\"vc_col-sm-6 wpb_column vc_column_container\"><div class=\"vc_column-inner\"><div class=\"wpb_wrapper\"><nav class=\"g-breadcrumbs us_custom_ea2be81a separator_icon align_right\"><div class=\"g-breadcrumbs-item\"><a href=\"https:\/\/www.pixelplanet.com\/fr\/\">Accueil<\/a><meta content=\"1\"\/><\/div><div class=\"g-breadcrumbs-separator\"><i class=\"far fa-angle-right\"><\/i><\/div><div class=\"g-breadcrumbs-item\">Pages<\/div><\/nav><\/div><\/div><\/div><\/div><\/div><\/section><section class=\"l-section wpb_row height_medium\"><div class=\"l-section-h i-cf\"><div class=\"g-cols vc_row via_flex valign_top type_default stacking_default\"><div class=\"vc_col-sm-6 wpb_column vc_column_container\"><div class=\"vc_column-inner\"><div class=\"wpb_wrapper\"><div class=\"wpb_text_column\"><div class=\"wpb_wrapper\"><h2>Mises \u00e0 jour de PdfEditor 4<\/h2>\n<p>Les mises \u00e0 jour suivantes sont disponibles pour les utilisateurs de PdfEditor <strong>4<\/strong> :<\/p>\n<ul class=\"fa-ul\">\n<li><i class=\"fas fa-li fa-comment\" style=\"color: #ff8400;\"><\/i> Version : 4.0.0.28<\/li>\n<li><i class=\"fab fa-li fa-windows\" style=\"color: #ff8400;\"><\/i> Pour les PC avec Windows 11, 10, 8, 7<\/li>\n<li><i class=\"fas fa-li fa-exclamation\" style=\"color: #ff8400;\"><\/i> Pour pouvoir installer la mise \u00e0 jour, PdfEditor 4 doit d\u00e9j\u00e0 \u00eatre disponible dans votre syst\u00e8me.<\/li>\n<\/ul>\n<\/div><\/div><div class=\"w-btn-wrapper align_none\"><a class=\"w-btn us-btn-style_3 us_custom_f73f4019 icon_atleft\" href=\"https:\/\/www.pixelplanet.com\/download\/PdfEditor\/PdfEditor_4_Update_FRA.exe\"><i class=\"fab fa-windows\"><\/i><span class=\"w-btn-label\">T\u00e9l\u00e9charger la mise \u00e0 jour<\/span><\/a><\/div><div class=\"w-separator size_small\"><\/div><div class=\"wpb_text_column\"><div class=\"wpb_wrapper\"><p><strong>SHA256:<\/strong> <span style=\"color: #ff8400;\">384a912c71675fbb210b2395770ec8417f8bf525<\/span><\/p>\n<\/div><\/div><div class=\"wpb_text_column\"><div class=\"wpb_wrapper\"><p><small><a style=\"color: #ff8400;\" href=\"https:\/\/www.pixelplanet.com\/download\/PdfEditor\/PdfEditor_4_Update_FRA.msi\"><i class=\"fas fa-download\"><\/i> T\u00e9l\u00e9charger la mise \u00e0 jour sous forme de fichier d&rsquo;installation <strong>MSI<\/strong><\/a><br \/>\nRecommand\u00e9 pour la mise \u00e0 jour d&rsquo;une licence r\u00e9seau via une distribution logicielle.<\/small><\/p>\n<\/div><\/div><\/div><\/div><\/div><div class=\"vc_col-sm-6 wpb_column vc_column_container\"><div class=\"vc_column-inner\"><div class=\"wpb_wrapper\"><div class=\"w-image align_none\"><div class=\"w-image-h\"><img decoding=\"async\" width=\"1024\" height=\"1024\" src=\"https:\/\/www.pixelplanet.com\/wp-content\/uploads\/2018\/02\/Download-1024x1024.jpg\" class=\"attachment-large size-large\" alt=\"\" loading=\"lazy\" srcset=\"https:\/\/www.pixelplanet.com\/wp-content\/uploads\/2018\/02\/Download-1024x1024.jpg 1024w, https:\/\/www.pixelplanet.com\/wp-content\/uploads\/2018\/02\/Download-1024x1024-150x150.jpg 150w, https:\/\/www.pixelplanet.com\/wp-content\/uploads\/2018\/02\/Download-1024x1024-312x312.jpg 312w, https:\/\/www.pixelplanet.com\/wp-content\/uploads\/2018\/02\/Download-1024x1024-300x300.jpg 300w, https:\/\/www.pixelplanet.com\/wp-content\/uploads\/2018\/02\/Download-1024x1024-768x768.jpg 768w, https:\/\/www.pixelplanet.com\/wp-content\/uploads\/2018\/02\/Download-1024x1024-350x350.jpg 350w, https:\/\/www.pixelplanet.com\/wp-content\/uploads\/2018\/02\/Download-1024x1024-600x600.jpg 600w\" sizes=\"auto, (max-width: 1024px) 100vw, 1024px\" \/><\/div><\/div><\/div><\/div><\/div><\/div><\/div><\/section><section class=\"l-section wpb_row height_medium color_alternate\"><div class=\"l-section-h i-cf\"><div class=\"g-cols vc_row via_flex valign_top type_default stacking_default\"><div class=\"vc_col-sm-6 wpb_column vc_column_container\"><div class=\"vc_column-inner\"><div class=\"wpb_wrapper\"><div class=\"w-image align_none\"><div class=\"w-image-h\"><img decoding=\"async\" width=\"1024\" height=\"1024\" src=\"https:\/\/www.pixelplanet.com\/wp-content\/uploads\/2018\/05\/Hund-mit-Maske-1024x1024.jpg\" class=\"attachment-large size-large\" alt=\"Aus Alt mach Neu: hier findest Du Updates f\u00fcr eine \u00e4ltere Version\" loading=\"lazy\" srcset=\"https:\/\/www.pixelplanet.com\/wp-content\/uploads\/2018\/05\/Hund-mit-Maske-1024x1024.jpg 1024w, https:\/\/www.pixelplanet.com\/wp-content\/uploads\/2018\/05\/Hund-mit-Maske-1024x1024-150x150.jpg 150w, https:\/\/www.pixelplanet.com\/wp-content\/uploads\/2018\/05\/Hund-mit-Maske-1024x1024-312x312.jpg 312w, https:\/\/www.pixelplanet.com\/wp-content\/uploads\/2018\/05\/Hund-mit-Maske-1024x1024-300x300.jpg 300w, https:\/\/www.pixelplanet.com\/wp-content\/uploads\/2018\/05\/Hund-mit-Maske-1024x1024-768x768.jpg 768w, https:\/\/www.pixelplanet.com\/wp-content\/uploads\/2018\/05\/Hund-mit-Maske-1024x1024-350x350.jpg 350w, https:\/\/www.pixelplanet.com\/wp-content\/uploads\/2018\/05\/Hund-mit-Maske-1024x1024-600x600.jpg 600w\" sizes=\"auto, (max-width: 1024px) 100vw, 1024px\" \/><\/div><\/div><\/div><\/div><\/div><div class=\"vc_col-sm-6 wpb_column vc_column_container\"><div class=\"vc_column-inner\"><div class=\"wpb_wrapper\"><div class=\"wpb_text_column\"><div class=\"wpb_wrapper\"><h2>Versions ant\u00e9rieures (1.0 &#8211; 3.0)<\/h2>\n<p>Si vous disposez des versions 1 \u00e0 3 de PdfEditor et que vous souhaitez passer \u00e0 la version 4, veuillez t\u00e9l\u00e9charger le fichier d\u2019installation complet appropri\u00e9 dans l\u2019espace de t\u00e9l\u00e9chargement PdfEditor 4 et commander une licence de mise \u00e0 niveau \u00e0 un prix int\u00e9ressant dans notre boutique.<\/p>\n<\/div><\/div><div class=\"w-btn-wrapper align_none\"><a class=\"w-btn us-btn-style_3 us_custom_f73f4019 icon_atleft\" href=\"https:\/\/www.pixelplanet.com\/fr\/verification-de-licence\/\"><i class=\"fas fa-rocket\"><\/i><span class=\"w-btn-label\">Boutique de mise \u00e0 jour<\/span><\/a><\/div><div class=\"w-btn-wrapper align_none\"><a class=\"w-btn us-btn-style_2 us_custom_f73f4019 icon_atleft\" href=\"https:\/\/www.pixelplanet.com\/fr\/pdfeditor\/telechargement\/\"><i class=\"fas fa-download\"><\/i><span class=\"w-btn-label\">T\u00e9l\u00e9charger 4.0<\/span><\/a><\/div><\/div><\/div><\/div><\/div><\/div><\/section><section class=\"l-section wpb_row us_custom_cdd8b6ac has_text_color height_medium\"><div class=\"l-section-h i-cf\"><div class=\"g-cols vc_row via_flex valign_top type_default stacking_default\"><div class=\"vc_col-sm-12 wpb_column vc_column_container\"><div class=\"vc_column-inner\"><div class=\"wpb_wrapper\"><div class=\"w-actionbox us_custom_a99bd6bc color_custom controls_right\"><div class=\"w-actionbox-text\"><h2 class=\"w-actionbox-title\">Versions ant\u00e9rieures<\/h2><div class=\"w-actionbox-description\"><p>Si vous disposez des versions 1, 2 ou 3 de PdfEditor et que vous souhaitez passer \u00e0 la version 4, veuillez t\u00e9l\u00e9charger le fichier d\u2019installation complet appropri\u00e9 dans l\u2019espace de t\u00e9l\u00e9chargement PdfEditor 4 et commander une licence de mise \u00e0 niveau \u00e0 un prix int\u00e9ressant dans notre boutique.<\/p>\n<\/div><\/div><div class=\"w-actionbox-controls\"><a class=\"w-btn us-btn-style_6 icon_atleft\" style=\"font-size:16px\" href=\"https:\/\/www.pixelplanet.com\/fr\/verification-de-licence\/\"><i class=\"fas fa-download\"><\/i><span class=\"w-btn-label\">Mettre \u00e0 niveau vers PdfEditor 4<\/span><\/a><\/div><\/div><\/div><\/div><\/div><\/div><\/div><\/section>\n","protected":false},"excerpt":{"rendered":"Mises \u00e0 jour &#038; correctionsAccueilPagesMises \u00e0 jour de PdfEditor 4 Les mises \u00e0 jour suivantes sont disponibles pour les utilisateurs de PdfEditor 4 : Version : 4.0.0.28 Pour les PC avec Windows 11, 10, 8, 7 Pour pouvoir installer la mise \u00e0 jour, PdfEditor 4 doit d\u00e9j\u00e0 \u00eatre disponible dans votre syst\u00e8me. T\u00e9l\u00e9charger la mise...","protected":false},"author":1,"featured_media":0,"parent":14766,"menu_order":2,"comment_status":"closed","ping_status":"closed","template":"","meta":{"footnotes":""},"class_list":["post-15076","page","type-page","status-publish","hentry"],"yoast_head":"<!-- This site is optimized with the Yoast SEO Premium plugin v27.3 (Yoast SEO v27.3) - https:\/\/yoast.com\/product\/yoast-seo-premium-wordpress\/ -->\n<title>PixelPlanet PdfTools - Mises \u00e0 jour &amp; corrections pour PdfEditor 4<\/title>\n<meta name=\"description\" content=\"Les mises \u00e0 jour suivantes ne sont r\u00e9serv\u00e9es qu\u2019aux utilisateurs de la version PdfEditor 4. Pour pouvoir installer la mise \u00e0 jour, PdfEditor 4 doit d\u00e9j\u00e0 \u00eatre disponible dans votre syst\u00e8me.\" \/>\n<meta name=\"robots\" content=\"index, follow, max-snippet:-1, max-image-preview:large, max-video-preview:-1\" \/>\n<link rel=\"canonical\" href=\"https:\/\/www.pixelplanet.com\/fr\/pdfeditor\/assistance\/mises-a-jour\/\" \/>\n<meta property=\"og:locale\" content=\"fr_FR\" \/>\n<meta property=\"og:type\" content=\"article\" \/>\n<meta property=\"og:title\" content=\"Mises \u00e0 jour &amp; corrections for PdfEditor 4\" \/>\n<meta property=\"og:description\" content=\"Les mises \u00e0 jour suivantes ne sont r\u00e9serv\u00e9es qu\u2019aux utilisateurs de la version PdfEditor 4. Pour pouvoir installer la mise \u00e0 jour, PdfEditor 4 doit d\u00e9j\u00e0 \u00eatre disponible dans votre syst\u00e8me.\" \/>\n<meta property=\"og:url\" content=\"https:\/\/www.pixelplanet.com\/fr\/pdfeditor\/assistance\/mises-a-jour\/\" \/>\n<meta property=\"og:site_name\" content=\"PixelPlanet.com - Boutique pour les logiciels PDF\" \/>\n<meta property=\"article:publisher\" content=\"https:\/\/www.facebook.com\/PixelPlanet\" \/>\n<meta property=\"article:modified_time\" content=\"2023-04-28T13:30:47+00:00\" \/>\n<meta property=\"og:image\" content=\"https:\/\/www.pixelplanet.com\/wp-content\/uploads\/2018\/02\/FaceBook-Homepage-1200x630-1.jpg\" \/>\n\t<meta property=\"og:image:width\" content=\"1200\" \/>\n\t<meta property=\"og:image:height\" content=\"630\" \/>\n\t<meta property=\"og:image:type\" content=\"image\/jpeg\" \/>\n<meta name=\"twitter:card\" content=\"summary_large_image\" \/>\n<meta name=\"twitter:title\" content=\"PixelPlanet - Mises \u00e0 jour &amp; corrections\" \/>\n<meta name=\"twitter:site\" content=\"@PixelPlanet\" \/>\n<meta name=\"twitter:label1\" content=\"Dur\u00e9e de lecture estim\u00e9e\" \/>\n\t<meta name=\"twitter:data1\" content=\"2 minutes\" \/>\n<script type=\"application\/ld+json\" class=\"yoast-schema-graph\">{\"@context\":\"https:\\\/\\\/schema.org\",\"@graph\":[{\"@type\":\"WebPage\",\"@id\":\"https:\\\/\\\/www.pixelplanet.com\\\/fr\\\/pdfeditor\\\/assistance\\\/mises-a-jour\\\/\",\"url\":\"https:\\\/\\\/www.pixelplanet.com\\\/fr\\\/pdfeditor\\\/assistance\\\/mises-a-jour\\\/\",\"name\":\"PixelPlanet PdfTools - Mises \u00e0 jour & corrections pour PdfEditor 4\",\"isPartOf\":{\"@id\":\"https:\\\/\\\/www.pixelplanet.com\\\/fr\\\/#website\"},\"datePublished\":\"2018-08-06T07:43:48+00:00\",\"dateModified\":\"2023-04-28T13:30:47+00:00\",\"description\":\"Les mises \u00e0 jour suivantes ne sont r\u00e9serv\u00e9es qu\u2019aux utilisateurs de la version PdfEditor 4. Pour pouvoir installer la mise \u00e0 jour, PdfEditor 4 doit d\u00e9j\u00e0 \u00eatre disponible dans votre syst\u00e8me.\",\"breadcrumb\":{\"@id\":\"https:\\\/\\\/www.pixelplanet.com\\\/fr\\\/pdfeditor\\\/assistance\\\/mises-a-jour\\\/#breadcrumb\"},\"inLanguage\":\"fr-FR\",\"potentialAction\":[{\"@type\":\"ReadAction\",\"target\":[\"https:\\\/\\\/www.pixelplanet.com\\\/fr\\\/pdfeditor\\\/assistance\\\/mises-a-jour\\\/\"]}]},{\"@type\":\"BreadcrumbList\",\"@id\":\"https:\\\/\\\/www.pixelplanet.com\\\/fr\\\/pdfeditor\\\/assistance\\\/mises-a-jour\\\/#breadcrumb\",\"itemListElement\":[{\"@type\":\"ListItem\",\"position\":1,\"name\":\"Home\",\"item\":\"https:\\\/\\\/www.pixelplanet.com\\\/fr\\\/\"},{\"@type\":\"ListItem\",\"position\":2,\"name\":\"PdfEditor (Windows)\",\"item\":\"https:\\\/\\\/www.pixelplanet.com\\\/fr\\\/pdfeditor\\\/\"},{\"@type\":\"ListItem\",\"position\":3,\"name\":\"Assistance\",\"item\":\"https:\\\/\\\/www.pixelplanet.com\\\/fr\\\/pdfeditor\\\/assistance\\\/\"},{\"@type\":\"ListItem\",\"position\":4,\"name\":\"Mises \u00e0 jour &#038; corrections\"}]},{\"@type\":\"WebSite\",\"@id\":\"https:\\\/\\\/www.pixelplanet.com\\\/fr\\\/#website\",\"url\":\"https:\\\/\\\/www.pixelplanet.com\\\/fr\\\/\",\"name\":\"PixelPlanet.com - Boutique pour les logiciels PDF\",\"description\":\"Edit, convert, create, merge and split PDF documents on Windows and Mac\",\"publisher\":{\"@id\":\"https:\\\/\\\/www.pixelplanet.com\\\/fr\\\/#organization\"},\"potentialAction\":[{\"@type\":\"SearchAction\",\"target\":{\"@type\":\"EntryPoint\",\"urlTemplate\":\"https:\\\/\\\/www.pixelplanet.com\\\/fr\\\/?s={search_term_string}\"},\"query-input\":{\"@type\":\"PropertyValueSpecification\",\"valueRequired\":true,\"valueName\":\"search_term_string\"}}],\"inLanguage\":\"fr-FR\"},{\"@type\":\"Organization\",\"@id\":\"https:\\\/\\\/www.pixelplanet.com\\\/fr\\\/#organization\",\"name\":\"PixelPlanet\",\"url\":\"https:\\\/\\\/www.pixelplanet.com\\\/fr\\\/\",\"logo\":{\"@type\":\"ImageObject\",\"inLanguage\":\"fr-FR\",\"@id\":\"https:\\\/\\\/www.pixelplanet.com\\\/fr\\\/#\\\/schema\\\/logo\\\/image\\\/\",\"url\":\"https:\\\/\\\/www.pixelplanet.com\\\/wp-content\\\/uploads\\\/2016\\\/12\\\/PixelPlanet-Logo-540x100.png\",\"contentUrl\":\"https:\\\/\\\/www.pixelplanet.com\\\/wp-content\\\/uploads\\\/2016\\\/12\\\/PixelPlanet-Logo-540x100.png\",\"width\":540,\"height\":100,\"caption\":\"PixelPlanet\"},\"image\":{\"@id\":\"https:\\\/\\\/www.pixelplanet.com\\\/fr\\\/#\\\/schema\\\/logo\\\/image\\\/\"},\"sameAs\":[\"https:\\\/\\\/www.facebook.com\\\/PixelPlanet\",\"https:\\\/\\\/x.com\\\/PixelPlanet\",\"https:\\\/\\\/www.instagram.com\\\/pixelplanet.software\\\/\",\"https:\\\/\\\/linkedin.com\\\/company\\\/pixelplanet-software\"]}]}<\/script>\n<!-- \/ Yoast SEO Premium plugin. -->","yoast_head_json":{"title":"PixelPlanet PdfTools - Mises \u00e0 jour & corrections pour PdfEditor 4","description":"Les mises \u00e0 jour suivantes ne sont r\u00e9serv\u00e9es qu\u2019aux utilisateurs de la version PdfEditor 4. Pour pouvoir installer la mise \u00e0 jour, PdfEditor 4 doit d\u00e9j\u00e0 \u00eatre disponible dans votre syst\u00e8me.","robots":{"index":"index","follow":"follow","max-snippet":"max-snippet:-1","max-image-preview":"max-image-preview:large","max-video-preview":"max-video-preview:-1"},"canonical":"https:\/\/www.pixelplanet.com\/fr\/pdfeditor\/assistance\/mises-a-jour\/","og_locale":"fr_FR","og_type":"article","og_title":"Mises \u00e0 jour & corrections for PdfEditor 4","og_description":"Les mises \u00e0 jour suivantes ne sont r\u00e9serv\u00e9es qu\u2019aux utilisateurs de la version PdfEditor 4. Pour pouvoir installer la mise \u00e0 jour, PdfEditor 4 doit d\u00e9j\u00e0 \u00eatre disponible dans votre syst\u00e8me.","og_url":"https:\/\/www.pixelplanet.com\/fr\/pdfeditor\/assistance\/mises-a-jour\/","og_site_name":"PixelPlanet.com - Boutique pour les logiciels PDF","article_publisher":"https:\/\/www.facebook.com\/PixelPlanet","article_modified_time":"2023-04-28T13:30:47+00:00","og_image":[{"width":1200,"height":630,"url":"https:\/\/www.pixelplanet.com\/wp-content\/uploads\/2018\/02\/FaceBook-Homepage-1200x630-1.jpg","type":"image\/jpeg"}],"twitter_card":"summary_large_image","twitter_title":"PixelPlanet - Mises \u00e0 jour & corrections","twitter_site":"@PixelPlanet","twitter_misc":{"Dur\u00e9e de lecture estim\u00e9e":"2 minutes"},"schema":{"@context":"https:\/\/schema.org","@graph":[{"@type":"WebPage","@id":"https:\/\/www.pixelplanet.com\/fr\/pdfeditor\/assistance\/mises-a-jour\/","url":"https:\/\/www.pixelplanet.com\/fr\/pdfeditor\/assistance\/mises-a-jour\/","name":"PixelPlanet PdfTools - Mises \u00e0 jour & corrections pour PdfEditor 4","isPartOf":{"@id":"https:\/\/www.pixelplanet.com\/fr\/#website"},"datePublished":"2018-08-06T07:43:48+00:00","dateModified":"2023-04-28T13:30:47+00:00","description":"Les mises \u00e0 jour suivantes ne sont r\u00e9serv\u00e9es qu\u2019aux utilisateurs de la version PdfEditor 4. Pour pouvoir installer la mise \u00e0 jour, PdfEditor 4 doit d\u00e9j\u00e0 \u00eatre disponible dans votre syst\u00e8me.","breadcrumb":{"@id":"https:\/\/www.pixelplanet.com\/fr\/pdfeditor\/assistance\/mises-a-jour\/#breadcrumb"},"inLanguage":"fr-FR","potentialAction":[{"@type":"ReadAction","target":["https:\/\/www.pixelplanet.com\/fr\/pdfeditor\/assistance\/mises-a-jour\/"]}]},{"@type":"BreadcrumbList","@id":"https:\/\/www.pixelplanet.com\/fr\/pdfeditor\/assistance\/mises-a-jour\/#breadcrumb","itemListElement":[{"@type":"ListItem","position":1,"name":"Home","item":"https:\/\/www.pixelplanet.com\/fr\/"},{"@type":"ListItem","position":2,"name":"PdfEditor (Windows)","item":"https:\/\/www.pixelplanet.com\/fr\/pdfeditor\/"},{"@type":"ListItem","position":3,"name":"Assistance","item":"https:\/\/www.pixelplanet.com\/fr\/pdfeditor\/assistance\/"},{"@type":"ListItem","position":4,"name":"Mises \u00e0 jour &#038; corrections"}]},{"@type":"WebSite","@id":"https:\/\/www.pixelplanet.com\/fr\/#website","url":"https:\/\/www.pixelplanet.com\/fr\/","name":"PixelPlanet.com - Boutique pour les logiciels PDF","description":"Edit, convert, create, merge and split PDF documents on Windows and Mac","publisher":{"@id":"https:\/\/www.pixelplanet.com\/fr\/#organization"},"potentialAction":[{"@type":"SearchAction","target":{"@type":"EntryPoint","urlTemplate":"https:\/\/www.pixelplanet.com\/fr\/?s={search_term_string}"},"query-input":{"@type":"PropertyValueSpecification","valueRequired":true,"valueName":"search_term_string"}}],"inLanguage":"fr-FR"},{"@type":"Organization","@id":"https:\/\/www.pixelplanet.com\/fr\/#organization","name":"PixelPlanet","url":"https:\/\/www.pixelplanet.com\/fr\/","logo":{"@type":"ImageObject","inLanguage":"fr-FR","@id":"https:\/\/www.pixelplanet.com\/fr\/#\/schema\/logo\/image\/","url":"https:\/\/www.pixelplanet.com\/wp-content\/uploads\/2016\/12\/PixelPlanet-Logo-540x100.png","contentUrl":"https:\/\/www.pixelplanet.com\/wp-content\/uploads\/2016\/12\/PixelPlanet-Logo-540x100.png","width":540,"height":100,"caption":"PixelPlanet"},"image":{"@id":"https:\/\/www.pixelplanet.com\/fr\/#\/schema\/logo\/image\/"},"sameAs":["https:\/\/www.facebook.com\/PixelPlanet","https:\/\/x.com\/PixelPlanet","https:\/\/www.instagram.com\/pixelplanet.software\/","https:\/\/linkedin.com\/company\/pixelplanet-software"]}]}},"_links":{"self":[{"href":"https:\/\/www.pixelplanet.com\/fr\/wp-json\/wp\/v2\/pages\/15076","targetHints":{"allow":["GET"]}}],"collection":[{"href":"https:\/\/www.pixelplanet.com\/fr\/wp-json\/wp\/v2\/pages"}],"about":[{"href":"https:\/\/www.pixelplanet.com\/fr\/wp-json\/wp\/v2\/types\/page"}],"author":[{"embeddable":true,"href":"https:\/\/www.pixelplanet.com\/fr\/wp-json\/wp\/v2\/users\/1"}],"replies":[{"embeddable":true,"href":"https:\/\/www.pixelplanet.com\/fr\/wp-json\/wp\/v2\/comments?post=15076"}],"version-history":[{"count":0,"href":"https:\/\/www.pixelplanet.com\/fr\/wp-json\/wp\/v2\/pages\/15076\/revisions"}],"up":[{"embeddable":true,"href":"https:\/\/www.pixelplanet.com\/fr\/wp-json\/wp\/v2\/pages\/14766"}],"wp:attachment":[{"href":"https:\/\/www.pixelplanet.com\/fr\/wp-json\/wp\/v2\/media?parent=15076"}],"curies":[{"name":"wp","href":"https:\/\/api.w.org\/{rel}","templated":true}]}}