{"id":15495,"date":"2018-08-03T20:45:54","date_gmt":"2018-08-03T18:45:54","guid":{"rendered":"https:\/\/www.pixelplanet.com\/pdftools-bundle-offers\/"},"modified":"2019-12-28T17:26:53","modified_gmt":"2019-12-28T16:26:53","slug":"pdfoutils-offres-groupee","status":"publish","type":"page","link":"https:\/\/www.pixelplanet.com\/fr\/pdfoutils-offres-groupee\/","title":{"rendered":"PdfOutils Offres Group\u00e9e"},"content":{"rendered":"<section class=\"l-section wpb_row height_medium\"><div class=\"l-section-h i-cf\"><div class=\"g-cols vc_row via_flex valign_top type_default stacking_default\"><div class=\"vc_col-sm-12 wpb_column vc_column_container\"><div class=\"vc_column-inner\"><div class=\"wpb_wrapper\"><div class=\"wpb_text_column\"><div class=\"wpb_wrapper\"><h2 style=\"text-align: center;\">PdfOutils &#8211; Offres Group\u00e9e<\/h2>\n<\/div><\/div><div class=\"w-separator size_medium\"><\/div><div class=\"w-grid us_grid type_grid layout_shop_standard cols_4 preload_style_spinner\" id=\"us_grid_1\" style=\"--columns:4;--gap:1.2rem;\"><style>@media (max-width:1280px){#us_grid_1{--columns:3!important}}@media (max-width:1024px){#us_grid_1{--columns:2!important}}@media (max-width:600px){#us_grid_1{--columns:1!important}}.layout_shop_standard .w-grid-item-h{}.layout_shop_standard .usg_product_field_1{color:#fff!important;font-size:12px!important;font-weight:700!important;text-transform:uppercase!important;position:absolute!important;top:10px!important;left:10px!important;padding-left:0.8rem!important;padding-right:0.8rem!important;border-radius:9em!important;background:var(--color-content-primary)!important}.layout_shop_standard .usg_post_title_1{font-size:1rem!important;margin-top:0.8rem!important;margin-bottom:0.2rem!important}.layout_shop_standard .usg_product_field_2{margin-bottom:0.2rem!important}.layout_shop_standard .usg_product_field_3{font-weight:700!important}.layout_shop_standard .usg_add_to_cart_1{font-size:0.8rem!important;margin-top:0.4rem!important;border-radius:var(--site-border-radius)!important}<\/style><div class=\"w-grid-list\">\t<article class=\"w-grid-item size_1x1 post-7212 product type-product status-publish has-post-thumbnail product_cat-speciales product_cat-pdfeditor-windows product_cat-windows product_tag-ascii product_tag-autocad product_tag-cao product_tag-convertir product_tag-convertisseur product_tag-convertisseur-pdf product_tag-creer product_tag-doc product_tag-dxf product_tag-ebook product_tag-editeur product_tag-epub product_tag-excel product_tag-html product_tag-image product_tag-images product_tag-imprimante product_tag-imprimer product_tag-pdf product_tag-pdfeditor product_tag-powerpoint product_tag-ppt product_tag-rtf product_tag-texte product_tag-txt product_tag-vecteur product_tag-win product_tag-windows product_tag-word product_tag-xls product_tag-xml first instock sale featured virtual purchasable product-type-simple\" data-id=\"7212\">\r\n\t\t<div class=\"w-grid-item-h\">\r\n\t\t\t\t\t\t<div class=\"w-post-elm post_image usg_post_image_1 stretched\"><a href=\"https:\/\/www.pixelplanet.com\/fr\/produit\/pdfoutils-offre-groupee\/\" aria-label=\"PdfOutils Offre Group\u00e9e (incl. PdfGrabber, PdfEditor, PdfPrinter et PdfMerger)\"><img loading=\"lazy\" decoding=\"async\" width=\"312\" height=\"380\" src=\"https:\/\/www.pixelplanet.com\/wp-content\/uploads\/2017\/10\/Bundle-Boxshot-Windows-ENU.png\" class=\"attachment-woocommerce_thumbnail size-woocommerce_thumbnail wp-post-image\" alt=\"\" \/><\/a><\/div><div class=\"w-post-elm product_field sale_badge usg_product_field_1 has_text_color onsale\">Promo\u00a0!<\/div><h2 class=\"w-post-elm post_title usg_post_title_1 woocommerce-loop-product__title color_link_inherit\"><a href=\"https:\/\/www.pixelplanet.com\/fr\/produit\/pdfoutils-offre-groupee\/\">PdfOutils Offre Group\u00e9e (incl. PdfGrabber, PdfEditor, PdfPrinter et PdfMerger)<\/a><\/h2><p class=\"w-post-elm product_field price usg_product_field_3\"><del aria-hidden=\"true\"><span class=\"woocommerce-Price-amount amount\"><bdi>178,00&nbsp;<span class=\"woocommerce-Price-currencySymbol\">&euro;<\/span><\/bdi><\/span><\/del> <span class=\"screen-reader-text\">Le prix initial \u00e9tait\u00a0: 178,00&nbsp;&euro;.<\/span><ins aria-hidden=\"true\"><span class=\"woocommerce-Price-amount amount\"><bdi>149,00&nbsp;<span class=\"woocommerce-Price-currencySymbol\">&euro;<\/span><\/bdi><\/span><\/ins><span class=\"screen-reader-text\">Le prix actuel est\u00a0: 149,00&nbsp;&euro;.<\/span><\/p><div class=\"w-btn-wrapper woocommerce usg_add_to_cart_1 has_border_radius has_font_size\"><a href=\"\/fr\/wp-json\/wp\/v2\/pages\/15495?add-to-cart=7212\" aria-describedby=\"woocommerce_loop_add_to_cart_link_describedby_7212\" data-quantity=\"1\" class=\"button product_type_simple add_to_cart_button ajax_add_to_cart\" data-product_id=\"7212\" data-product_sku=\"EN384002\" aria-label=\"Ajouter au panier\u00a0: &ldquo;PdfOutils Offre Group\u00e9e (incl. PdfGrabber, PdfEditor, PdfPrinter et PdfMerger)&rdquo;\" rel=\"nofollow\" data-success_message=\"\u00ab\u00a0PdfOutils Offre Group\u00e9e (incl. PdfGrabber, PdfEditor, PdfPrinter et PdfMerger)\u00a0\u00bb a \u00e9t\u00e9 ajout\u00e9 \u00e0 votre panier\"><i class=\"g-preloader type_1\"><\/i><span class=\"w-btn-label\">Ajouter au panier<\/span><\/a>\t<span id=\"woocommerce_loop_add_to_cart_link_describedby_7212\" class=\"screen-reader-text\">\n\t\t\t<\/span>\n<\/div>\t\t<\/div>\r\n\t\t\t<\/article>\r\n\t<article class=\"w-grid-item size_1x1 post-7213 product type-product status-publish has-post-thumbnail product_cat-multi-utilisateurs product_cat-speciales product_cat-pdfeditor-windows product_cat-windows product_tag-ascii product_tag-autocad product_tag-cao product_tag-convertir product_tag-convertisseur product_tag-convertisseur-pdf product_tag-creer product_tag-doc product_tag-dxf product_tag-ebook product_tag-editeur product_tag-epub product_tag-excel product_tag-html product_tag-image product_tag-images product_tag-imprimante product_tag-imprimer product_tag-license-reseau product_tag-licences-reseau product_tag-multi-utilisateur product_tag-multi-utilisateurs product_tag-pdf product_tag-pdfeditor product_tag-powerpoint product_tag-ppt product_tag-reseau product_tag-rtf product_tag-texte product_tag-txt product_tag-vecteur product_tag-win product_tag-windows product_tag-word product_tag-xls product_tag-xml  instock sale featured shipping-taxable purchasable product-type-variable has-default-attributes\" data-id=\"7213\">\r\n\t\t<div class=\"w-grid-item-h\">\r\n\t\t\t\t\t\t<div class=\"w-post-elm post_image usg_post_image_1 stretched\"><a href=\"https:\/\/www.pixelplanet.com\/fr\/produit\/pdfoutils-offre-groupee-reseau\/\" aria-label=\"PdfOutils Offre Group\u00e9e licence r\u00e9seau\"><img loading=\"lazy\" decoding=\"async\" width=\"312\" height=\"380\" src=\"https:\/\/www.pixelplanet.com\/wp-content\/uploads\/2017\/10\/Bundle-Boxshot-Windows-Netzwerk-ENU.png\" class=\"attachment-woocommerce_thumbnail size-woocommerce_thumbnail wp-post-image\" alt=\"\" \/><\/a><\/div><div class=\"w-post-elm product_field sale_badge usg_product_field_1 has_text_color onsale\">Promo\u00a0!<\/div><h2 class=\"w-post-elm post_title usg_post_title_1 woocommerce-loop-product__title color_link_inherit\"><a href=\"https:\/\/www.pixelplanet.com\/fr\/produit\/pdfoutils-offre-groupee-reseau\/\">PdfOutils Offre Group\u00e9e licence r\u00e9seau<\/a><\/h2><p class=\"w-post-elm product_field price usg_product_field_3\"><del>\u00c0 partir de: <span class=\"woocommerce-Price-amount amount\"><bdi>548,00&nbsp;<span class=\"woocommerce-Price-currencySymbol\">&euro;<\/span><\/bdi><\/span><\/del> <ins>\u00c0 partir de: <span class=\"woocommerce-Price-amount amount\"><bdi>499,00&nbsp;<span class=\"woocommerce-Price-currencySymbol\">&euro;<\/span><\/bdi><\/span><\/ins><\/p><div class=\"w-btn-wrapper woocommerce usg_add_to_cart_1 has_border_radius has_font_size\"><a href=\"https:\/\/www.pixelplanet.com\/fr\/produit\/pdfoutils-offre-groupee-reseau\/\" aria-describedby=\"woocommerce_loop_add_to_cart_link_describedby_7213\" data-quantity=\"1\" class=\"button product_type_variable add_to_cart_button\" data-product_id=\"7213\" data-product_sku=\"\" aria-label=\"S\u00e9lectionner les options pour &ldquo;PdfOutils Offre Group\u00e9e licence r\u00e9seau&rdquo;\" rel=\"nofollow\"><i class=\"g-preloader type_1\"><\/i><span class=\"w-btn-label\">Choix des options<\/span><\/a>\t<span id=\"woocommerce_loop_add_to_cart_link_describedby_7213\" class=\"screen-reader-text\">\n\t\tCe produit a plusieurs variations. Les options peuvent \u00eatre choisies sur la page du produit\t<\/span>\n<\/div>\t\t<\/div>\r\n\t\t\t<\/article>\r\n<\/div>\t<div class=\"w-grid-preloader\">\r\n\t\t<div class=\"g-preloader type_1\">\r\n\t\t\t<div><\/div>\r\n\t\t<\/div>\r\n\t<\/div>\r\n\t\t<div class=\"w-grid-json hidden\" onclick='return {&quot;action&quot;:&quot;us_ajax_grid&quot;,&quot;infinite_scroll&quot;:0,&quot;max_num_pages&quot;:1,&quot;pagination&quot;:&quot;none&quot;,&quot;template_vars&quot;:{&quot;columns&quot;:&quot;4&quot;,&quot;exclude_items&quot;:&quot;none&quot;,&quot;img_size&quot;:&quot;default&quot;,&quot;ignore_items_size&quot;:0,&quot;items_layout&quot;:&quot;shop_standard&quot;,&quot;items_offset&quot;:&quot;1&quot;,&quot;load_animation&quot;:&quot;none&quot;,&quot;overriding_link&quot;:&quot;{\\&quot;url\\&quot;:\\&quot;\\&quot;}&quot;,&quot;post_id&quot;:0,&quot;query_args&quot;:{&quot;ignore_sticky_posts&quot;:1,&quot;post_type&quot;:&quot;any&quot;,&quot;post__in&quot;:[&quot;7212&quot;,&quot;7213&quot;],&quot;tax_query&quot;:[{&quot;taxonomy&quot;:&quot;product_visibility&quot;,&quot;field&quot;:&quot;slug&quot;,&quot;terms&quot;:[&quot;exclude-from-catalog&quot;],&quot;operator&quot;:&quot;NOT IN&quot;}],&quot;posts_per_page&quot;:&quot;10&quot;},&quot;orderby_query_args&quot;:{&quot;orderby&quot;:{&quot;&quot;:&quot;DESC&quot;}},&quot;type&quot;:&quot;grid&quot;,&quot;us_grid_post_type&quot;:&quot;ids&quot;,&quot;us_grid_ajax_index&quot;:1,&quot;us_grid_filter_query_string&quot;:null,&quot;us_grid_index&quot;:1,&quot;page_args&quot;:[],&quot;lang&quot;:&quot;fr&quot;}}'><\/div>\r\n\t<\/div><\/div><\/div><\/div><\/div><\/div><\/section>\n","protected":false},"excerpt":{"rendered":"Description du produit Offre group\u00e9e contenant PdfEditor, PdfGrabber, PdfPrinter et PdfMerger! Cette licence permet l\u2019installation et l\u2019utilisation de PdfGrabber, PdfEditor et PdfPrinter par plusieurs utilisateurs simultan\u00e9ment au sein d\u2019un r\u00e9seau (LAN). Assurez-vous que le nombre maximal d\u2019utilisateurs en simultan\u00e9 correspond bien \u00e0 votre licence (utilisateurs concurrents). Caract\u00e9ristiques Licence concurrente (\u00e0 partir de 5 utilisateurs) Installation...","protected":false},"author":1,"featured_media":0,"parent":0,"menu_order":0,"comment_status":"closed","ping_status":"closed","template":"","meta":{"footnotes":""},"class_list":["post-15495","page","type-page","status-publish","hentry"],"yoast_head":"<!-- This site is optimized with the Yoast SEO Premium plugin v27.3 (Yoast SEO v27.3) - https:\/\/yoast.com\/product\/yoast-seo-premium-wordpress\/ -->\n<title>PixelPlanet - PdfOutils Offres Group\u00e9e<\/title>\n<meta name=\"robots\" content=\"index, follow, max-snippet:-1, max-image-preview:large, max-video-preview:-1\" \/>\n<link rel=\"canonical\" href=\"https:\/\/www.pixelplanet.com\/fr\/pdfoutils-offres-groupee\/\" \/>\n<meta property=\"og:locale\" content=\"fr_FR\" \/>\n<meta property=\"og:type\" content=\"article\" \/>\n<meta property=\"og:title\" content=\"PixelPlanet - PdfOutils Offres Group\u00e9e\" \/>\n<meta property=\"og:url\" content=\"https:\/\/www.pixelplanet.com\/fr\/pdfoutils-offres-groupee\/\" \/>\n<meta property=\"og:site_name\" content=\"PixelPlanet.com - Boutique pour les logiciels PDF\" \/>\n<meta property=\"article:publisher\" content=\"https:\/\/www.facebook.com\/PixelPlanet\" \/>\n<meta property=\"article:modified_time\" content=\"2019-12-28T16:26:53+00:00\" \/>\n<meta property=\"og:image\" content=\"https:\/\/www.pixelplanet.com\/wp-content\/uploads\/2018\/02\/FaceBook-Homepage-DE-1200x630.jpg\" \/>\n\t<meta property=\"og:image:width\" content=\"1200\" \/>\n\t<meta property=\"og:image:height\" content=\"630\" \/>\n\t<meta property=\"og:image:type\" content=\"image\/jpeg\" \/>\n<meta name=\"twitter:card\" content=\"summary_large_image\" \/>\n<meta name=\"twitter:site\" content=\"@PixelPlanet\" \/>\n<script type=\"application\/ld+json\" class=\"yoast-schema-graph\">{\"@context\":\"https:\\\/\\\/schema.org\",\"@graph\":[{\"@type\":\"WebPage\",\"@id\":\"https:\\\/\\\/www.pixelplanet.com\\\/fr\\\/pdfoutils-offres-groupee\\\/\",\"url\":\"https:\\\/\\\/www.pixelplanet.com\\\/fr\\\/pdfoutils-offres-groupee\\\/\",\"name\":\"PixelPlanet - PdfOutils Offres Group\u00e9e\",\"isPartOf\":{\"@id\":\"https:\\\/\\\/www.pixelplanet.com\\\/fr\\\/#website\"},\"datePublished\":\"2018-08-03T18:45:54+00:00\",\"dateModified\":\"2019-12-28T16:26:53+00:00\",\"breadcrumb\":{\"@id\":\"https:\\\/\\\/www.pixelplanet.com\\\/fr\\\/pdfoutils-offres-groupee\\\/#breadcrumb\"},\"inLanguage\":\"fr-FR\",\"potentialAction\":[{\"@type\":\"ReadAction\",\"target\":[\"https:\\\/\\\/www.pixelplanet.com\\\/fr\\\/pdfoutils-offres-groupee\\\/\"]}]},{\"@type\":\"BreadcrumbList\",\"@id\":\"https:\\\/\\\/www.pixelplanet.com\\\/fr\\\/pdfoutils-offres-groupee\\\/#breadcrumb\",\"itemListElement\":[{\"@type\":\"ListItem\",\"position\":1,\"name\":\"Home\",\"item\":\"https:\\\/\\\/www.pixelplanet.com\\\/fr\\\/\"},{\"@type\":\"ListItem\",\"position\":2,\"name\":\"PdfOutils Offres Group\u00e9e\"}]},{\"@type\":\"WebSite\",\"@id\":\"https:\\\/\\\/www.pixelplanet.com\\\/fr\\\/#website\",\"url\":\"https:\\\/\\\/www.pixelplanet.com\\\/fr\\\/\",\"name\":\"PixelPlanet.com - Boutique pour les logiciels PDF\",\"description\":\"Edit, convert, create, merge and split PDF documents on Windows and Mac\",\"publisher\":{\"@id\":\"https:\\\/\\\/www.pixelplanet.com\\\/fr\\\/#organization\"},\"potentialAction\":[{\"@type\":\"SearchAction\",\"target\":{\"@type\":\"EntryPoint\",\"urlTemplate\":\"https:\\\/\\\/www.pixelplanet.com\\\/fr\\\/?s={search_term_string}\"},\"query-input\":{\"@type\":\"PropertyValueSpecification\",\"valueRequired\":true,\"valueName\":\"search_term_string\"}}],\"inLanguage\":\"fr-FR\"},{\"@type\":\"Organization\",\"@id\":\"https:\\\/\\\/www.pixelplanet.com\\\/fr\\\/#organization\",\"name\":\"PixelPlanet\",\"url\":\"https:\\\/\\\/www.pixelplanet.com\\\/fr\\\/\",\"logo\":{\"@type\":\"ImageObject\",\"inLanguage\":\"fr-FR\",\"@id\":\"https:\\\/\\\/www.pixelplanet.com\\\/fr\\\/#\\\/schema\\\/logo\\\/image\\\/\",\"url\":\"https:\\\/\\\/www.pixelplanet.com\\\/wp-content\\\/uploads\\\/2016\\\/12\\\/PixelPlanet-Logo-540x100.png\",\"contentUrl\":\"https:\\\/\\\/www.pixelplanet.com\\\/wp-content\\\/uploads\\\/2016\\\/12\\\/PixelPlanet-Logo-540x100.png\",\"width\":540,\"height\":100,\"caption\":\"PixelPlanet\"},\"image\":{\"@id\":\"https:\\\/\\\/www.pixelplanet.com\\\/fr\\\/#\\\/schema\\\/logo\\\/image\\\/\"},\"sameAs\":[\"https:\\\/\\\/www.facebook.com\\\/PixelPlanet\",\"https:\\\/\\\/x.com\\\/PixelPlanet\",\"https:\\\/\\\/www.instagram.com\\\/pixelplanet.software\\\/\",\"https:\\\/\\\/linkedin.com\\\/company\\\/pixelplanet-software\"]}]}<\/script>\n<meta property=\"og:availability\" content=\"instock\" \/>\n<meta property=\"product:availability\" content=\"instock\" \/>\n<meta property=\"product:condition\" content=\"new\" \/>\n<!-- \/ Yoast SEO Premium plugin. -->","yoast_head_json":{"title":"PixelPlanet - PdfOutils Offres Group\u00e9e","robots":{"index":"index","follow":"follow","max-snippet":"max-snippet:-1","max-image-preview":"max-image-preview:large","max-video-preview":"max-video-preview:-1"},"canonical":"https:\/\/www.pixelplanet.com\/fr\/pdfoutils-offres-groupee\/","og_locale":"fr_FR","og_type":"article","og_title":"PixelPlanet - PdfOutils Offres Group\u00e9e","og_url":"https:\/\/www.pixelplanet.com\/fr\/pdfoutils-offres-groupee\/","og_site_name":"PixelPlanet.com - Boutique pour les logiciels PDF","article_publisher":"https:\/\/www.facebook.com\/PixelPlanet","article_modified_time":"2019-12-28T16:26:53+00:00","og_image":[{"width":1200,"height":630,"url":"https:\/\/www.pixelplanet.com\/wp-content\/uploads\/2018\/02\/FaceBook-Homepage-DE-1200x630.jpg","type":"image\/jpeg"}],"twitter_card":"summary_large_image","twitter_site":"@PixelPlanet","schema":{"@context":"https:\/\/schema.org","@graph":[{"@type":"WebPage","@id":"https:\/\/www.pixelplanet.com\/fr\/pdfoutils-offres-groupee\/","url":"https:\/\/www.pixelplanet.com\/fr\/pdfoutils-offres-groupee\/","name":"PixelPlanet - PdfOutils Offres Group\u00e9e","isPartOf":{"@id":"https:\/\/www.pixelplanet.com\/fr\/#website"},"datePublished":"2018-08-03T18:45:54+00:00","dateModified":"2019-12-28T16:26:53+00:00","breadcrumb":{"@id":"https:\/\/www.pixelplanet.com\/fr\/pdfoutils-offres-groupee\/#breadcrumb"},"inLanguage":"fr-FR","potentialAction":[{"@type":"ReadAction","target":["https:\/\/www.pixelplanet.com\/fr\/pdfoutils-offres-groupee\/"]}]},{"@type":"BreadcrumbList","@id":"https:\/\/www.pixelplanet.com\/fr\/pdfoutils-offres-groupee\/#breadcrumb","itemListElement":[{"@type":"ListItem","position":1,"name":"Home","item":"https:\/\/www.pixelplanet.com\/fr\/"},{"@type":"ListItem","position":2,"name":"PdfOutils Offres Group\u00e9e"}]},{"@type":"WebSite","@id":"https:\/\/www.pixelplanet.com\/fr\/#website","url":"https:\/\/www.pixelplanet.com\/fr\/","name":"PixelPlanet.com - Boutique pour les logiciels PDF","description":"Edit, convert, create, merge and split PDF documents on Windows and Mac","publisher":{"@id":"https:\/\/www.pixelplanet.com\/fr\/#organization"},"potentialAction":[{"@type":"SearchAction","target":{"@type":"EntryPoint","urlTemplate":"https:\/\/www.pixelplanet.com\/fr\/?s={search_term_string}"},"query-input":{"@type":"PropertyValueSpecification","valueRequired":true,"valueName":"search_term_string"}}],"inLanguage":"fr-FR"},{"@type":"Organization","@id":"https:\/\/www.pixelplanet.com\/fr\/#organization","name":"PixelPlanet","url":"https:\/\/www.pixelplanet.com\/fr\/","logo":{"@type":"ImageObject","inLanguage":"fr-FR","@id":"https:\/\/www.pixelplanet.com\/fr\/#\/schema\/logo\/image\/","url":"https:\/\/www.pixelplanet.com\/wp-content\/uploads\/2016\/12\/PixelPlanet-Logo-540x100.png","contentUrl":"https:\/\/www.pixelplanet.com\/wp-content\/uploads\/2016\/12\/PixelPlanet-Logo-540x100.png","width":540,"height":100,"caption":"PixelPlanet"},"image":{"@id":"https:\/\/www.pixelplanet.com\/fr\/#\/schema\/logo\/image\/"},"sameAs":["https:\/\/www.facebook.com\/PixelPlanet","https:\/\/x.com\/PixelPlanet","https:\/\/www.instagram.com\/pixelplanet.software\/","https:\/\/linkedin.com\/company\/pixelplanet-software"]}]},"og_availability":"instock","product_availability":"instock","product_condition":"new"},"_links":{"self":[{"href":"https:\/\/www.pixelplanet.com\/fr\/wp-json\/wp\/v2\/pages\/15495","targetHints":{"allow":["GET"]}}],"collection":[{"href":"https:\/\/www.pixelplanet.com\/fr\/wp-json\/wp\/v2\/pages"}],"about":[{"href":"https:\/\/www.pixelplanet.com\/fr\/wp-json\/wp\/v2\/types\/page"}],"author":[{"embeddable":true,"href":"https:\/\/www.pixelplanet.com\/fr\/wp-json\/wp\/v2\/users\/1"}],"replies":[{"embeddable":true,"href":"https:\/\/www.pixelplanet.com\/fr\/wp-json\/wp\/v2\/comments?post=15495"}],"version-history":[{"count":0,"href":"https:\/\/www.pixelplanet.com\/fr\/wp-json\/wp\/v2\/pages\/15495\/revisions"}],"wp:attachment":[{"href":"https:\/\/www.pixelplanet.com\/fr\/wp-json\/wp\/v2\/media?parent=15495"}],"curies":[{"name":"wp","href":"https:\/\/api.w.org\/{rel}","templated":true}]}}