{"id":16315,"date":"2018-08-14T16:16:43","date_gmt":"2018-08-14T14:16:43","guid":{"rendered":"https:\/\/www.pixelplanet.com\/pdfeditor\/prices\/"},"modified":"2021-10-26T10:56:11","modified_gmt":"2021-10-26T08:56:11","slug":"prix","status":"publish","type":"page","link":"https:\/\/www.pixelplanet.com\/fr\/pdfeditor\/prix\/","title":{"rendered":"Prix et Versions"},"content":{"rendered":"<section class=\"l-section wpb_row us_custom_e11ab399 height_small\"><div class=\"l-section-h i-cf\"><div class=\"g-cols vc_row via_flex valign_middle type_default stacking_default\"><div class=\"vc_col-sm-6 wpb_column vc_column_container\"><div class=\"vc_column-inner\"><div class=\"wpb_wrapper\"><h1 class=\"w-post-elm post_title us_custom_607cd7e8 entry-title color_link_inherit\">Prix et Versions<\/h1><\/div><\/div><\/div><div class=\"vc_col-sm-6 wpb_column vc_column_container\"><div class=\"vc_column-inner\"><div class=\"wpb_wrapper\"><nav class=\"g-breadcrumbs us_custom_ea2be81a separator_icon align_right\"><div class=\"g-breadcrumbs-item\"><a href=\"https:\/\/www.pixelplanet.com\/fr\/\">Accueil<\/a><meta content=\"1\"\/><\/div><div class=\"g-breadcrumbs-separator\"><i class=\"far fa-angle-right\"><\/i><\/div><div class=\"g-breadcrumbs-item\">Pages<\/div><\/nav><\/div><\/div><\/div><\/div><\/div><\/section><section class=\"l-section wpb_row height_medium\"><div class=\"l-section-h i-cf\"><div class=\"g-cols vc_row via_flex valign_top type_default stacking_default\"><div class=\"vc_col-sm-12 wpb_column vc_column_container\"><div class=\"vc_column-inner\"><div class=\"wpb_wrapper\"><div class=\"wpb_text_column\"><div class=\"wpb_wrapper\"><h2>PdfEditor (Windows) &#8211; Prix et versions<\/h2>\n<\/div><\/div><div class=\"g-cols wpb_row via_flex valign_top type_default stacking_default\"><div class=\"vc_col-sm-3 wpb_column vc_column_container\"><div class=\"vc_column-inner\"><div class=\"wpb_wrapper\"><div class=\"w-pricing style_simple items_1\"><div class=\"w-pricing-item type_featured\"><div class=\"w-pricing-item-h\"><div class=\"w-pricing-item-header\"><div class=\"w-pricing-item-title\"><i+class=\"fab+fa-windows+fa-3x\"><\/i><br><br>PdfEditor+Professional<\/div><div class=\"w-pricing-item-price\">\u20ac79<small>redevance+unique<\/small><\/div><\/div><ul class=\"w-pricing-item-features\"><li class=\"w-pricing-item-feature\"><i+class=\"fab+fa-windows+orange\"><\/i>+Pour+Windows+32+et+64+bits<\/li><li class=\"w-pricing-item-feature\"><i+class=\"fas+fa-user+orange\"><\/i>+Installation+sur+un+ordinateur<\/li><li class=\"w-pricing-item-feature\"><i+class=\"fas+fa-download+orange\"><\/i>+Mises+\u00e0+jour+gratuites+dans+la+version+4<\/li><li class=\"w-pricing-item-feature\"><i+class=\"fas+fa-heart+orange\"><\/i>+Validit\u00e9+illimit\u00e9e+de+votre+licence<\/li><li class=\"w-pricing-item-feature\"><i+class=\"fas+fa-coin+orange\"><\/i>+Co\u00fbts+de+licence+unique,+sans+abonnement,+sans+frais+de+suivi<\/li><\/ul><div class=\"w-pricing-item-footer\"><a class=\"w-btn us-btn-style_3 icon_atleft\" style=\"font-size:15px\" href=\"https:\/\/www.pixelplanet.com\/fr\/produit\/pdfeditor-professionnel\/\"><i class=\"fas fa-shopping-cart\"><\/i><span class=\"w-btn-label\">Voir+le+produit<\/span><\/a><\/div><\/div><\/div><\/div><\/div><\/div><\/div><div class=\"vc_col-sm-3 wpb_column vc_column_container\"><div class=\"vc_column-inner\"><div class=\"wpb_wrapper\"><div class=\"w-pricing style_simple items_1\"><div class=\"w-pricing-item type_default\"><div class=\"w-pricing-item-h\"><div class=\"w-pricing-item-header\"><div class=\"w-pricing-item-title\"><i+class=\"orange+fab+fa-windows+fa-3x\"><\/i><br><br>PACK+de+DEUX<\/div><div class=\"w-pricing-item-price\">\u20ac119<small>redevance+unique<\/small><\/div><\/div><ul class=\"w-pricing-item-features\"><li class=\"w-pricing-item-feature\"><i+class=\"fab+fa-windows+orange\"><\/i>+Pour+Windows+32+et+64+bits<\/li><li class=\"w-pricing-item-feature\"><i+class=\"fas+fa-user+orange\"><\/i>+++<i+class=\"fas+fa-user+orange\"><\/i>+2+licences+unitaires<\/li><li class=\"w-pricing-item-feature\"><i+class=\"fas+fa-download+orange\"><\/i>+Mises+\u00e0+jour+gratuites+dans+la+version+4<\/li><li class=\"w-pricing-item-feature\"><i+class=\"fas+fa-heart+orange\"><\/i>+Validit\u00e9+illimit\u00e9e+de+votre+licence<\/li><li class=\"w-pricing-item-feature\"><i+class=\"fas+fa-coin+orange\"><\/i>+Co\u00fbts+de+licence+unique,+sans+abonnement,+sans+frais+de+suivi<\/li><\/ul><div class=\"w-pricing-item-footer\"><a class=\"w-btn us-btn-style_3 icon_atleft\" style=\"font-size:15px\" href=\"https:\/\/www.pixelplanet.com\/fr\/produit\/pdfeditor-professionnel-pack-de-deux\/\"><i class=\"fas fa-shopping-cart\"><\/i><span class=\"w-btn-label\">Voir+le+produit<\/span><\/a><\/div><\/div><\/div><\/div><\/div><\/div><\/div><div class=\"vc_col-sm-3 wpb_column vc_column_container\"><div class=\"vc_column-inner\"><div class=\"wpb_wrapper\"><div class=\"w-pricing style_simple items_1\"><div class=\"w-pricing-item type_default\"><div class=\"w-pricing-item-h\"><div class=\"w-pricing-item-header\"><div class=\"w-pricing-item-title\"><i+class=\"orange+fab+fa-windows+fa-3x\"><\/i><br><br>PACK+de+TROIS<\/div><div class=\"w-pricing-item-price\">\u20ac159<small>redevance+unique<\/small><\/div><\/div><ul class=\"w-pricing-item-features\"><li class=\"w-pricing-item-feature\"><i+class=\"fab+fa-windows+orange\"><\/i>+Pour+Windows+32+et+64+bits<\/li><li class=\"w-pricing-item-feature\"><i+class=\"fas+fa-user+orange\"><\/i>+++<i+class=\"fas+fa-user+orange\"><\/i>+++<i+class=\"fas+fa-user+orange\"><\/i>+3+licences+unitaires<\/li><li class=\"w-pricing-item-feature\"><i+class=\"fas+fa-download+orange\"><\/i>+Mises+\u00e0+jour+gratuites+dans+la+version+4<\/li><li class=\"w-pricing-item-feature\"><i+class=\"fas+fa-heart+orange\"><\/i>+Validit\u00e9+illimit\u00e9e+de+votre+licence<\/li><li class=\"w-pricing-item-feature\"><i+class=\"fas+fa-coin+orange\"><\/i>+Co\u00fbts+de+licence+unique,+sans+abonnement,+sans+frais+de+suivi<\/li><\/ul><div class=\"w-pricing-item-footer\"><a class=\"w-btn us-btn-style_3 icon_atleft\" style=\"font-size:15px\" href=\"https:\/\/www.pixelplanet.com\/fr\/produit\/pdfeditor-professionnel-pack-de-trois\/\"><i class=\"fas fa-shopping-cart\"><\/i><span class=\"w-btn-label\">Voir+le+produit<\/span><\/a><\/div><\/div><\/div><\/div><\/div><\/div><\/div><div class=\"vc_col-sm-3 wpb_column vc_column_container\"><div class=\"vc_column-inner\"><div class=\"wpb_wrapper\"><div class=\"w-pricing style_simple items_1\"><div class=\"w-pricing-item type_default\"><div class=\"w-pricing-item-h\"><div class=\"w-pricing-item-header\"><div class=\"w-pricing-item-title\"><i+class=\"orange+fab+fa-windows+fa-3x\"><\/i><br><br>LICENCE+R\u00c8SEAU<br><small>\u00c0+partir+de<\/small><\/div><div class=\"w-pricing-item-price\">\u20ac249<small>\u00c0+partir+de+5+utilisateurs<\/small><\/div><\/div><ul class=\"w-pricing-item-features\"><li class=\"w-pricing-item-feature\"><i+class=\"fas+fa-users+orange\"><\/i>+Licence+concurrente+(\u00e0+partir+de+5+utilisateurs)<\/li><li class=\"w-pricing-item-feature\"><i+class=\"fas+fa-sitemap+orange\"><\/i>+Local+or+network+installation+within+on+LAN<\/li><li class=\"w-pricing-item-feature\"><i+class=\"fab+fa-windows+orange\"><\/i>+Pour+Windows+32+et+64+bits<\/li><li class=\"w-pricing-item-feature\"><i+class=\"fas+fa-download+orange\"><\/i>+Mises+\u00e0+jour+gratuites+dans+la+version+4<\/li><li class=\"w-pricing-item-feature\"><i+class=\"fas+fa-heart+orange\"><\/i>+Validit\u00e9+illimit\u00e9e+de+votre+licence<\/li><li class=\"w-pricing-item-feature\"><i+class=\"fas+fa-coin+orange\"><\/i>+Co\u00fbts+de+licence+unique+(sans+abonnement,+sans+frais+de+suivi)<\/li><\/ul><div class=\"w-pricing-item-footer\"><a class=\"w-btn us-btn-style_3 icon_atleft\" style=\"font-size:15px\" href=\"https:\/\/www.pixelplanet.com\/fr\/produit\/pdfeditor-professionnel-reseau\/\"><i class=\"fas fa-shopping-cart\"><\/i><span class=\"w-btn-label\">Voir+le+produit<\/span><\/a><\/div><\/div><\/div><\/div><\/div><\/div><\/div><\/div><\/div><\/div><\/div><\/div><\/div><\/section><section class=\"l-section wpb_row us_custom_cdd8b6ac has_text_color height_medium\"><div class=\"l-section-h i-cf\"><div class=\"g-cols vc_row via_flex valign_top type_default stacking_default\"><div class=\"vc_col-sm-12 wpb_column vc_column_container\"><div class=\"vc_column-inner\"><div class=\"wpb_wrapper\"><div class=\"w-actionbox us_custom_a99bd6bc color_custom controls_right\"><div class=\"w-actionbox-text\"><h2 class=\"w-actionbox-title\">Essai gratuit<\/h2><div class=\"w-actionbox-description\"><p>La version d\u2019\u00e9valuation contient toutes les fonctions de PdfGrabber Professional. Toutefois, des caract\u00e8res \u00ab X \u00bb sont ajout\u00e9s \u00e0 des endroits al\u00e9atoires des textes export\u00e9s. Les graphiques et les images restent sous forme de filigrane. Ces restrictions sont \u00e9videmment supprim\u00e9es lors de l\u2019activation de la version compl\u00e8te.<\/p>\n<\/div><\/div><div class=\"w-actionbox-controls\"><a class=\"w-btn us-btn-style_8 icon_atleft\" style=\"font-size:16px\" href=\"https:\/\/www.pixelplanet.com\/fr\/pdfeditor\/telechargement\/\"><i class=\"fas fa-download\"><\/i><span class=\"w-btn-label\">Essayer<\/span><\/a><\/div><\/div><\/div><\/div><\/div><\/div><\/div><\/section>\n","protected":false},"excerpt":{"rendered":"Prix et VersionsAccueilPages PdfEditor (Windows) &#8211; Prix et versions PdfEditor+Professional\u20ac79redevance+unique+Pour+Windows+32+et+64+bits+Installation+sur+un+ordinateur+Mises+\u00e0+jour+gratuites+dans+la+version+4+Validit\u00e9+illimit\u00e9e+de+votre+licence+Co\u00fbts+de+licence+unique,+sans+abonnement,+sans+frais+de+suiviVoir+le+produitPACK+de+DEUX\u20ac119redevance+unique+Pour+Windows+32+et+64+bits++++2+licences+unitaires+Mises+\u00e0+jour+gratuites+dans+la+version+4+Validit\u00e9+illimit\u00e9e+de+votre+licence+Co\u00fbts+de+licence+unique,+sans+abonnement,+sans+frais+de+suiviVoir+le+produitPACK+de+TROIS\u20ac159redevance+unique+Pour+Windows+32+et+64+bits+++++++3+licences+unitaires+Mises+\u00e0+jour+gratuites+dans+la+version+4+Validit\u00e9+illimit\u00e9e+de+votre+licence+Co\u00fbts+de+licence+unique,+sans+abonnement,+sans+frais+de+suiviVoir+le+produitLICENCE+R\u00c8SEAU\u00c0+partir+de\u20ac249\u00c0+partir+de+5+utilisateurs+Licence+concurrente+(\u00e0+partir+de+5+utilisateurs)+Local+or+network+installation+within+on+LAN+Pour+Windows+32+et+64+bits+Mises+\u00e0+jour+gratuites+dans+la+version+4+Validit\u00e9+illimit\u00e9e+de+votre+licence+Co\u00fbts+de+licence+unique+(sans+abonnement,+sans+frais+de+suivi)Voir+le+produitEssai gratuitLa version d\u2019\u00e9valuation contient toutes les fonctions de PdfGrabber Professional. Toutefois, des caract\u00e8res \u00ab X \u00bb sont ajout\u00e9s \u00e0 des endroits al\u00e9atoires des textes export\u00e9s. Les graphiques et les images restent sous forme de filigrane. Ces restrictions sont \u00e9videmment supprim\u00e9es lors de l\u2019activation de la...","protected":false},"author":1,"featured_media":0,"parent":14459,"menu_order":5,"comment_status":"closed","ping_status":"closed","template":"","meta":{"footnotes":""},"class_list":["post-16315","page","type-page","status-publish","hentry"],"yoast_head":"<!-- This site is optimized with the Yoast SEO Premium plugin v27.4 (Yoast SEO v27.4) - https:\/\/yoast.com\/product\/yoast-seo-premium-wordpress\/ -->\n<title>PixelPlanet PdfTools - PdfEditor Prix et Versions (version Windows)<\/title>\n<meta name=\"robots\" content=\"index, follow, max-snippet:-1, max-image-preview:large, max-video-preview:-1\" \/>\n<link rel=\"canonical\" href=\"https:\/\/www.pixelplanet.com\/fr\/pdfeditor\/prix\/\" \/>\n<meta property=\"og:locale\" content=\"fr_FR\" \/>\n<meta property=\"og:type\" content=\"article\" \/>\n<meta property=\"og:title\" content=\"PdfEditor - Prix et versions\" \/>\n<meta property=\"og:url\" content=\"https:\/\/www.pixelplanet.com\/fr\/pdfeditor\/prix\/\" \/>\n<meta property=\"og:site_name\" content=\"PixelPlanet.com - Boutique pour les logiciels PDF\" \/>\n<meta property=\"article:publisher\" content=\"https:\/\/www.facebook.com\/PixelPlanet\" \/>\n<meta property=\"article:modified_time\" content=\"2021-10-26T08:56:11+00:00\" \/>\n<meta property=\"og:image\" content=\"https:\/\/www.pixelplanet.com\/wp-content\/uploads\/2018\/02\/FaceBook-Homepage-DE-1200x630.jpg\" \/>\n\t<meta property=\"og:image:width\" content=\"1200\" \/>\n\t<meta property=\"og:image:height\" content=\"630\" \/>\n\t<meta property=\"og:image:type\" content=\"image\/jpeg\" \/>\n<meta name=\"twitter:card\" content=\"summary_large_image\" \/>\n<meta name=\"twitter:title\" content=\"PixelPlanet - Prix et Versions\" \/>\n<meta name=\"twitter:site\" content=\"@PixelPlanet\" \/>\n<meta name=\"twitter:label1\" content=\"Dur\u00e9e de lecture estim\u00e9e\" \/>\n\t<meta name=\"twitter:data1\" content=\"6 minutes\" \/>\n<script type=\"application\/ld+json\" class=\"yoast-schema-graph\">{\"@context\":\"https:\\\/\\\/schema.org\",\"@graph\":[{\"@type\":\"WebPage\",\"@id\":\"https:\\\/\\\/www.pixelplanet.com\\\/fr\\\/pdfeditor\\\/prix\\\/\",\"url\":\"https:\\\/\\\/www.pixelplanet.com\\\/fr\\\/pdfeditor\\\/prix\\\/\",\"name\":\"PixelPlanet PdfTools - PdfEditor Prix et Versions (version Windows)\",\"isPartOf\":{\"@id\":\"https:\\\/\\\/www.pixelplanet.com\\\/fr\\\/#website\"},\"datePublished\":\"2018-08-14T14:16:43+00:00\",\"dateModified\":\"2021-10-26T08:56:11+00:00\",\"breadcrumb\":{\"@id\":\"https:\\\/\\\/www.pixelplanet.com\\\/fr\\\/pdfeditor\\\/prix\\\/#breadcrumb\"},\"inLanguage\":\"fr-FR\",\"potentialAction\":[{\"@type\":\"ReadAction\",\"target\":[\"https:\\\/\\\/www.pixelplanet.com\\\/fr\\\/pdfeditor\\\/prix\\\/\"]}]},{\"@type\":\"BreadcrumbList\",\"@id\":\"https:\\\/\\\/www.pixelplanet.com\\\/fr\\\/pdfeditor\\\/prix\\\/#breadcrumb\",\"itemListElement\":[{\"@type\":\"ListItem\",\"position\":1,\"name\":\"Home\",\"item\":\"https:\\\/\\\/www.pixelplanet.com\\\/fr\\\/\"},{\"@type\":\"ListItem\",\"position\":2,\"name\":\"PdfEditor (Windows)\",\"item\":\"https:\\\/\\\/www.pixelplanet.com\\\/fr\\\/pdfeditor\\\/\"},{\"@type\":\"ListItem\",\"position\":3,\"name\":\"Prix et Versions\"}]},{\"@type\":\"WebSite\",\"@id\":\"https:\\\/\\\/www.pixelplanet.com\\\/fr\\\/#website\",\"url\":\"https:\\\/\\\/www.pixelplanet.com\\\/fr\\\/\",\"name\":\"PixelPlanet.com - Boutique pour les logiciels PDF\",\"description\":\"Edit, convert, create, merge and split PDF documents on Windows and Mac\",\"publisher\":{\"@id\":\"https:\\\/\\\/www.pixelplanet.com\\\/fr\\\/#organization\"},\"potentialAction\":[{\"@type\":\"SearchAction\",\"target\":{\"@type\":\"EntryPoint\",\"urlTemplate\":\"https:\\\/\\\/www.pixelplanet.com\\\/fr\\\/?s={search_term_string}\"},\"query-input\":{\"@type\":\"PropertyValueSpecification\",\"valueRequired\":true,\"valueName\":\"search_term_string\"}}],\"inLanguage\":\"fr-FR\"},{\"@type\":\"Organization\",\"@id\":\"https:\\\/\\\/www.pixelplanet.com\\\/fr\\\/#organization\",\"name\":\"PixelPlanet\",\"url\":\"https:\\\/\\\/www.pixelplanet.com\\\/fr\\\/\",\"logo\":{\"@type\":\"ImageObject\",\"inLanguage\":\"fr-FR\",\"@id\":\"https:\\\/\\\/www.pixelplanet.com\\\/fr\\\/#\\\/schema\\\/logo\\\/image\\\/\",\"url\":\"https:\\\/\\\/www.pixelplanet.com\\\/wp-content\\\/uploads\\\/2016\\\/12\\\/PixelPlanet-Logo-540x100.png\",\"contentUrl\":\"https:\\\/\\\/www.pixelplanet.com\\\/wp-content\\\/uploads\\\/2016\\\/12\\\/PixelPlanet-Logo-540x100.png\",\"width\":540,\"height\":100,\"caption\":\"PixelPlanet\"},\"image\":{\"@id\":\"https:\\\/\\\/www.pixelplanet.com\\\/fr\\\/#\\\/schema\\\/logo\\\/image\\\/\"},\"sameAs\":[\"https:\\\/\\\/www.facebook.com\\\/PixelPlanet\",\"https:\\\/\\\/x.com\\\/PixelPlanet\",\"https:\\\/\\\/www.instagram.com\\\/pixelplanet.software\\\/\",\"https:\\\/\\\/linkedin.com\\\/company\\\/pixelplanet-software\"]}]}<\/script>\n<!-- \/ Yoast SEO Premium plugin. -->","yoast_head_json":{"title":"PixelPlanet PdfTools - PdfEditor Prix et Versions (version Windows)","robots":{"index":"index","follow":"follow","max-snippet":"max-snippet:-1","max-image-preview":"max-image-preview:large","max-video-preview":"max-video-preview:-1"},"canonical":"https:\/\/www.pixelplanet.com\/fr\/pdfeditor\/prix\/","og_locale":"fr_FR","og_type":"article","og_title":"PdfEditor - Prix et versions","og_url":"https:\/\/www.pixelplanet.com\/fr\/pdfeditor\/prix\/","og_site_name":"PixelPlanet.com - Boutique pour les logiciels PDF","article_publisher":"https:\/\/www.facebook.com\/PixelPlanet","article_modified_time":"2021-10-26T08:56:11+00:00","og_image":[{"width":1200,"height":630,"url":"https:\/\/www.pixelplanet.com\/wp-content\/uploads\/2018\/02\/FaceBook-Homepage-DE-1200x630.jpg","type":"image\/jpeg"}],"twitter_card":"summary_large_image","twitter_title":"PixelPlanet - Prix et Versions","twitter_site":"@PixelPlanet","twitter_misc":{"Dur\u00e9e de lecture estim\u00e9e":"6 minutes"},"schema":{"@context":"https:\/\/schema.org","@graph":[{"@type":"WebPage","@id":"https:\/\/www.pixelplanet.com\/fr\/pdfeditor\/prix\/","url":"https:\/\/www.pixelplanet.com\/fr\/pdfeditor\/prix\/","name":"PixelPlanet PdfTools - PdfEditor Prix et Versions (version Windows)","isPartOf":{"@id":"https:\/\/www.pixelplanet.com\/fr\/#website"},"datePublished":"2018-08-14T14:16:43+00:00","dateModified":"2021-10-26T08:56:11+00:00","breadcrumb":{"@id":"https:\/\/www.pixelplanet.com\/fr\/pdfeditor\/prix\/#breadcrumb"},"inLanguage":"fr-FR","potentialAction":[{"@type":"ReadAction","target":["https:\/\/www.pixelplanet.com\/fr\/pdfeditor\/prix\/"]}]},{"@type":"BreadcrumbList","@id":"https:\/\/www.pixelplanet.com\/fr\/pdfeditor\/prix\/#breadcrumb","itemListElement":[{"@type":"ListItem","position":1,"name":"Home","item":"https:\/\/www.pixelplanet.com\/fr\/"},{"@type":"ListItem","position":2,"name":"PdfEditor (Windows)","item":"https:\/\/www.pixelplanet.com\/fr\/pdfeditor\/"},{"@type":"ListItem","position":3,"name":"Prix et Versions"}]},{"@type":"WebSite","@id":"https:\/\/www.pixelplanet.com\/fr\/#website","url":"https:\/\/www.pixelplanet.com\/fr\/","name":"PixelPlanet.com - Boutique pour les logiciels PDF","description":"Edit, convert, create, merge and split PDF documents on Windows and Mac","publisher":{"@id":"https:\/\/www.pixelplanet.com\/fr\/#organization"},"potentialAction":[{"@type":"SearchAction","target":{"@type":"EntryPoint","urlTemplate":"https:\/\/www.pixelplanet.com\/fr\/?s={search_term_string}"},"query-input":{"@type":"PropertyValueSpecification","valueRequired":true,"valueName":"search_term_string"}}],"inLanguage":"fr-FR"},{"@type":"Organization","@id":"https:\/\/www.pixelplanet.com\/fr\/#organization","name":"PixelPlanet","url":"https:\/\/www.pixelplanet.com\/fr\/","logo":{"@type":"ImageObject","inLanguage":"fr-FR","@id":"https:\/\/www.pixelplanet.com\/fr\/#\/schema\/logo\/image\/","url":"https:\/\/www.pixelplanet.com\/wp-content\/uploads\/2016\/12\/PixelPlanet-Logo-540x100.png","contentUrl":"https:\/\/www.pixelplanet.com\/wp-content\/uploads\/2016\/12\/PixelPlanet-Logo-540x100.png","width":540,"height":100,"caption":"PixelPlanet"},"image":{"@id":"https:\/\/www.pixelplanet.com\/fr\/#\/schema\/logo\/image\/"},"sameAs":["https:\/\/www.facebook.com\/PixelPlanet","https:\/\/x.com\/PixelPlanet","https:\/\/www.instagram.com\/pixelplanet.software\/","https:\/\/linkedin.com\/company\/pixelplanet-software"]}]}},"_links":{"self":[{"href":"https:\/\/www.pixelplanet.com\/fr\/wp-json\/wp\/v2\/pages\/16315","targetHints":{"allow":["GET"]}}],"collection":[{"href":"https:\/\/www.pixelplanet.com\/fr\/wp-json\/wp\/v2\/pages"}],"about":[{"href":"https:\/\/www.pixelplanet.com\/fr\/wp-json\/wp\/v2\/types\/page"}],"author":[{"embeddable":true,"href":"https:\/\/www.pixelplanet.com\/fr\/wp-json\/wp\/v2\/users\/1"}],"replies":[{"embeddable":true,"href":"https:\/\/www.pixelplanet.com\/fr\/wp-json\/wp\/v2\/comments?post=16315"}],"version-history":[{"count":0,"href":"https:\/\/www.pixelplanet.com\/fr\/wp-json\/wp\/v2\/pages\/16315\/revisions"}],"up":[{"embeddable":true,"href":"https:\/\/www.pixelplanet.com\/fr\/wp-json\/wp\/v2\/pages\/14459"}],"wp:attachment":[{"href":"https:\/\/www.pixelplanet.com\/fr\/wp-json\/wp\/v2\/media?parent=16315"}],"curies":[{"name":"wp","href":"https:\/\/api.w.org\/{rel}","templated":true}]}}