{"id":16641,"date":"2018-08-17T12:02:57","date_gmt":"2018-08-17T10:02:57","guid":{"rendered":"https:\/\/www.pixelplanet.com\/?page_id=16641"},"modified":"2021-06-10T10:04:23","modified_gmt":"2021-06-10T08:04:23","slug":"configuration-requise","status":"publish","type":"page","link":"https:\/\/www.pixelplanet.com\/fr\/pdfgrabber-mac\/configuration-requise\/","title":{"rendered":"Configuration requise"},"content":{"rendered":"<section class=\"l-section wpb_row us_custom_e11ab399 height_small\"><div class=\"l-section-h i-cf\"><div class=\"g-cols vc_row via_flex valign_middle type_default stacking_default\"><div class=\"vc_col-sm-6 wpb_column vc_column_container\"><div class=\"vc_column-inner\"><div class=\"wpb_wrapper\"><h1 class=\"w-post-elm post_title us_custom_607cd7e8 entry-title color_link_inherit\">Configuration requise<\/h1><\/div><\/div><\/div><div class=\"vc_col-sm-6 wpb_column vc_column_container\"><div class=\"vc_column-inner\"><div class=\"wpb_wrapper\"><nav class=\"g-breadcrumbs us_custom_ea2be81a separator_icon align_right\"><div class=\"g-breadcrumbs-item\"><a href=\"https:\/\/www.pixelplanet.com\/fr\/\">Accueil<\/a><meta content=\"1\"\/><\/div><div class=\"g-breadcrumbs-separator\"><i class=\"far fa-angle-right\"><\/i><\/div><div class=\"g-breadcrumbs-item\">Pages<\/div><\/nav><\/div><\/div><\/div><\/div><\/div><\/section><section class=\"l-section wpb_row height_auto\"><div class=\"l-section-h i-cf\"><div class=\"g-cols vc_row via_flex valign_middle type_default stacking_default\"><div class=\"vc_col-sm-12 wpb_column vc_column_container\"><div class=\"vc_column-inner\"><div class=\"wpb_wrapper\"><div class=\"wpb_text_column\"><div class=\"wpb_wrapper\"><p style=\"text-align: right;\"><a class=\"blue\" href=\"\/fr\/pdfgrabber\/configuration-requise\/\"><small>Vous cherchez la version pour WINDOWS ?<\/small><\/a><\/p>\n<\/div><\/div><\/div><\/div><\/div><\/div><\/div><\/section><section class=\"l-section wpb_row height_medium\"><div class=\"l-section-h i-cf\"><div class=\"g-cols vc_row via_flex valign_middle type_default stacking_default\"><div class=\"vc_col-sm-12 wpb_column vc_column_container\"><div class=\"vc_column-inner\"><div class=\"wpb_wrapper\"><div class=\"wpb_text_column\"><div class=\"wpb_wrapper\"><h2>Configuration requise<\/h2>\n<p>Les configurations minimales suivantes doivent \u00eatre install\u00e9es dans votre ordinateur pour pouvoir utiliser le logiciel PdfGrabber \u00c9dition-Mac.<\/p>\n<ul class=\"fa-ul\">\n<li><i class=\"fas fa-li fa-desktop blue\"><\/i>Ordinateur Apple Macintosh (processeur Intel)<\/li>\n<li><i class=\"fab fa-li fa-apple blue\"><\/i>Pour macOS Mojave, High Sierra, Sierra, El Capitan, Yosemite, Mavericks, Mountain Lion, Lion, Snow Leopard (10.6 \u2013 10.14)<\/li>\n<li><i class=\"fas fa-li fa-exclamation blue\"><\/i><u>Ne fonctionne pas<\/u> avec macOS Catalina, Big Sur ou des versions ult\u00e9rieures !<\/li>\n<li><i class=\"fas fa-li fa-hdd blue\"><\/i>50 MB d\u2019espace libre sur le disque dur<\/li>\n<\/ul>\n<\/div><\/div><div class=\"w-separator size_medium\"><\/div><div class=\"wpb_text_column\"><div class=\"wpb_wrapper\"><h3>Configurations minimales requises pour les PDF<\/h3>\n<p>Par principe, tous les documents PDF g\u00e9n\u00e9r\u00e9s \u00e0 partir de documents originaux tels que par ex. Word, Pagemaker, QuarkXpress ou similaires sont compatibles. Dans le cas des documents scann\u00e9s, les contenus des PDF sont enti\u00e8rement disponibles sous forme d\u2019images. Le cas \u00e9ch\u00e9ant, ils doivent \u00eatre \u00e9dit\u00e9s avec un programme d\u2019\u00e9dition de graphiques.<\/p>\n<p>Notez que nos logiciels ne sont adapt\u00e9s que de mani\u00e8re restreinte aux langues qui se lisent de droite \u00e0 gauche (par ex. arabe, farsi\/persan, h\u00e9breux).<\/p>\n<p>Nous serions heureux de vous fournir d\u2019autres renseignements sur <a class=\"blue\" href=\"\/fr\/contactez-nous\/\">demande<\/a>.<\/p>\n<\/div><\/div><\/div><\/div><\/div><\/div><\/div><\/section><section class=\"l-section wpb_row us_custom_2d431bcd has_text_color height_medium\"><div class=\"l-section-h i-cf\"><div class=\"g-cols vc_row via_flex valign_top type_default stacking_default\"><div class=\"vc_col-sm-12 wpb_column vc_column_container\"><div class=\"vc_column-inner\"><div class=\"wpb_wrapper\"><div class=\"w-actionbox us_custom_a99bd6bc color_custom controls_right\"><div class=\"w-actionbox-text\"><h2 class=\"w-actionbox-title\">Essai gratuit<\/h2><div class=\"w-actionbox-description\"><p>La version d\u2019\u00e9valuation contient toutes les fonctions de PdfGrabber \u00c9dition-Mac. Toutefois, des caract\u00e8res \u00ab X \u00bb sont ajout\u00e9s \u00e0 des endroits al\u00e9atoires des textes export\u00e9s. Les graphiques et les images restent sous forme de filigrane. Ces restrictions sont \u00e9videmment supprim\u00e9es lors de l\u2019activation de la version compl\u00e8te.<\/p>\n<\/div><\/div><div class=\"w-actionbox-controls\"><a class=\"w-btn us-btn-style_8 icon_atleft\" style=\"font-size:16px\" href=\"https:\/\/www.pixelplanet.com\/fr\/pdfgrabber-mac\/telechargement\/\"><i class=\"fas fa-download\"><\/i><span class=\"w-btn-label\">Essayer<\/span><\/a><\/div><\/div><\/div><\/div><\/div><\/div><\/div><\/section>\n","protected":false},"excerpt":{"rendered":"Configuration requiseAccueilPagesVous cherchez la version pour WINDOWS ? Configuration requise Les configurations minimales suivantes doivent \u00eatre install\u00e9es dans votre ordinateur pour pouvoir utiliser le logiciel PdfGrabber \u00c9dition-Mac. Ordinateur Apple Macintosh (processeur Intel) Pour macOS Mojave, High Sierra, Sierra, El Capitan, Yosemite, Mavericks, Mountain Lion, Lion, Snow Leopard (10.6 \u2013 10.14) Ne fonctionne pas avec macOS...","protected":false},"author":1,"featured_media":0,"parent":14443,"menu_order":3,"comment_status":"closed","ping_status":"closed","template":"","meta":{"footnotes":""},"class_list":["post-16641","page","type-page","status-publish","hentry"],"yoast_head":"<!-- This site is optimized with the Yoast SEO Premium plugin v27.4 (Yoast SEO v27.4) - https:\/\/yoast.com\/product\/yoast-seo-premium-wordpress\/ -->\n<title>PdfGrabber \u00c9dition-Mac - Configurations minimales requises (macOS)<\/title>\n<meta name=\"description\" content=\"Les conditions minimales suivantes doivent \u00eatre remplies pour utiliser le logiciel PdfGrabber \u00c9dition-Mac (Apple macOS).\" \/>\n<meta name=\"robots\" content=\"index, follow, max-snippet:-1, max-image-preview:large, max-video-preview:-1\" \/>\n<link rel=\"canonical\" href=\"https:\/\/www.pixelplanet.com\/fr\/pdfgrabber-mac\/configuration-requise\/\" \/>\n<meta property=\"og:locale\" content=\"fr_FR\" \/>\n<meta property=\"og:type\" content=\"article\" \/>\n<meta property=\"og:title\" content=\"PixelPlanet - Configuration requise\" \/>\n<meta property=\"og:description\" content=\"Les conditions minimales suivantes doivent \u00eatre remplies pour utiliser le logiciel PdfGrabber \u00c9dition-Mac (Apple macOS).\" \/>\n<meta property=\"og:url\" content=\"https:\/\/www.pixelplanet.com\/fr\/pdfgrabber-mac\/configuration-requise\/\" \/>\n<meta property=\"og:site_name\" content=\"PixelPlanet.com - Boutique pour les logiciels PDF\" \/>\n<meta property=\"article:publisher\" content=\"https:\/\/www.facebook.com\/PixelPlanet\" \/>\n<meta property=\"article:modified_time\" content=\"2021-06-10T08:04:23+00:00\" \/>\n<meta property=\"og:image\" content=\"https:\/\/www.pixelplanet.com\/wp-content\/uploads\/2018\/02\/FaceBook-Homepage-DE-1200x630.jpg\" \/>\n\t<meta property=\"og:image:width\" content=\"1200\" \/>\n\t<meta property=\"og:image:height\" content=\"630\" \/>\n\t<meta property=\"og:image:type\" content=\"image\/jpeg\" \/>\n<meta name=\"twitter:card\" content=\"summary_large_image\" \/>\n<meta name=\"twitter:site\" content=\"@PixelPlanet\" \/>\n<meta name=\"twitter:label1\" content=\"Dur\u00e9e de lecture estim\u00e9e\" \/>\n\t<meta name=\"twitter:data1\" content=\"2 minutes\" \/>\n<script type=\"application\/ld+json\" class=\"yoast-schema-graph\">{\"@context\":\"https:\\\/\\\/schema.org\",\"@graph\":[{\"@type\":\"WebPage\",\"@id\":\"https:\\\/\\\/www.pixelplanet.com\\\/fr\\\/pdfgrabber-mac\\\/configuration-requise\\\/\",\"url\":\"https:\\\/\\\/www.pixelplanet.com\\\/fr\\\/pdfgrabber-mac\\\/configuration-requise\\\/\",\"name\":\"PdfGrabber \u00c9dition-Mac - Configurations minimales requises (macOS)\",\"isPartOf\":{\"@id\":\"https:\\\/\\\/www.pixelplanet.com\\\/fr\\\/#website\"},\"datePublished\":\"2018-08-17T10:02:57+00:00\",\"dateModified\":\"2021-06-10T08:04:23+00:00\",\"description\":\"Les conditions minimales suivantes doivent \u00eatre remplies pour utiliser le logiciel PdfGrabber \u00c9dition-Mac (Apple macOS).\",\"breadcrumb\":{\"@id\":\"https:\\\/\\\/www.pixelplanet.com\\\/fr\\\/pdfgrabber-mac\\\/configuration-requise\\\/#breadcrumb\"},\"inLanguage\":\"fr-FR\",\"potentialAction\":[{\"@type\":\"ReadAction\",\"target\":[\"https:\\\/\\\/www.pixelplanet.com\\\/fr\\\/pdfgrabber-mac\\\/configuration-requise\\\/\"]}]},{\"@type\":\"BreadcrumbList\",\"@id\":\"https:\\\/\\\/www.pixelplanet.com\\\/fr\\\/pdfgrabber-mac\\\/configuration-requise\\\/#breadcrumb\",\"itemListElement\":[{\"@type\":\"ListItem\",\"position\":1,\"name\":\"Home\",\"item\":\"https:\\\/\\\/www.pixelplanet.com\\\/fr\\\/\"},{\"@type\":\"ListItem\",\"position\":2,\"name\":\"PdfGrabber (Mac)\",\"item\":\"https:\\\/\\\/www.pixelplanet.com\\\/fr\\\/pdfgrabber-mac\\\/\"},{\"@type\":\"ListItem\",\"position\":3,\"name\":\"Configuration requise\"}]},{\"@type\":\"WebSite\",\"@id\":\"https:\\\/\\\/www.pixelplanet.com\\\/fr\\\/#website\",\"url\":\"https:\\\/\\\/www.pixelplanet.com\\\/fr\\\/\",\"name\":\"PixelPlanet.com - Boutique pour les logiciels PDF\",\"description\":\"Edit, convert, create, merge and split PDF documents on Windows and Mac\",\"publisher\":{\"@id\":\"https:\\\/\\\/www.pixelplanet.com\\\/fr\\\/#organization\"},\"potentialAction\":[{\"@type\":\"SearchAction\",\"target\":{\"@type\":\"EntryPoint\",\"urlTemplate\":\"https:\\\/\\\/www.pixelplanet.com\\\/fr\\\/?s={search_term_string}\"},\"query-input\":{\"@type\":\"PropertyValueSpecification\",\"valueRequired\":true,\"valueName\":\"search_term_string\"}}],\"inLanguage\":\"fr-FR\"},{\"@type\":\"Organization\",\"@id\":\"https:\\\/\\\/www.pixelplanet.com\\\/fr\\\/#organization\",\"name\":\"PixelPlanet\",\"url\":\"https:\\\/\\\/www.pixelplanet.com\\\/fr\\\/\",\"logo\":{\"@type\":\"ImageObject\",\"inLanguage\":\"fr-FR\",\"@id\":\"https:\\\/\\\/www.pixelplanet.com\\\/fr\\\/#\\\/schema\\\/logo\\\/image\\\/\",\"url\":\"https:\\\/\\\/www.pixelplanet.com\\\/wp-content\\\/uploads\\\/2016\\\/12\\\/PixelPlanet-Logo-540x100.png\",\"contentUrl\":\"https:\\\/\\\/www.pixelplanet.com\\\/wp-content\\\/uploads\\\/2016\\\/12\\\/PixelPlanet-Logo-540x100.png\",\"width\":540,\"height\":100,\"caption\":\"PixelPlanet\"},\"image\":{\"@id\":\"https:\\\/\\\/www.pixelplanet.com\\\/fr\\\/#\\\/schema\\\/logo\\\/image\\\/\"},\"sameAs\":[\"https:\\\/\\\/www.facebook.com\\\/PixelPlanet\",\"https:\\\/\\\/x.com\\\/PixelPlanet\",\"https:\\\/\\\/www.instagram.com\\\/pixelplanet.software\\\/\",\"https:\\\/\\\/linkedin.com\\\/company\\\/pixelplanet-software\"]}]}<\/script>\n<!-- \/ Yoast SEO Premium plugin. -->","yoast_head_json":{"title":"PdfGrabber \u00c9dition-Mac - Configurations minimales requises (macOS)","description":"Les conditions minimales suivantes doivent \u00eatre remplies pour utiliser le logiciel PdfGrabber \u00c9dition-Mac (Apple macOS).","robots":{"index":"index","follow":"follow","max-snippet":"max-snippet:-1","max-image-preview":"max-image-preview:large","max-video-preview":"max-video-preview:-1"},"canonical":"https:\/\/www.pixelplanet.com\/fr\/pdfgrabber-mac\/configuration-requise\/","og_locale":"fr_FR","og_type":"article","og_title":"PixelPlanet - Configuration requise","og_description":"Les conditions minimales suivantes doivent \u00eatre remplies pour utiliser le logiciel PdfGrabber \u00c9dition-Mac (Apple macOS).","og_url":"https:\/\/www.pixelplanet.com\/fr\/pdfgrabber-mac\/configuration-requise\/","og_site_name":"PixelPlanet.com - Boutique pour les logiciels PDF","article_publisher":"https:\/\/www.facebook.com\/PixelPlanet","article_modified_time":"2021-06-10T08:04:23+00:00","og_image":[{"width":1200,"height":630,"url":"https:\/\/www.pixelplanet.com\/wp-content\/uploads\/2018\/02\/FaceBook-Homepage-DE-1200x630.jpg","type":"image\/jpeg"}],"twitter_card":"summary_large_image","twitter_site":"@PixelPlanet","twitter_misc":{"Dur\u00e9e de lecture estim\u00e9e":"2 minutes"},"schema":{"@context":"https:\/\/schema.org","@graph":[{"@type":"WebPage","@id":"https:\/\/www.pixelplanet.com\/fr\/pdfgrabber-mac\/configuration-requise\/","url":"https:\/\/www.pixelplanet.com\/fr\/pdfgrabber-mac\/configuration-requise\/","name":"PdfGrabber \u00c9dition-Mac - Configurations minimales requises (macOS)","isPartOf":{"@id":"https:\/\/www.pixelplanet.com\/fr\/#website"},"datePublished":"2018-08-17T10:02:57+00:00","dateModified":"2021-06-10T08:04:23+00:00","description":"Les conditions minimales suivantes doivent \u00eatre remplies pour utiliser le logiciel PdfGrabber \u00c9dition-Mac (Apple macOS).","breadcrumb":{"@id":"https:\/\/www.pixelplanet.com\/fr\/pdfgrabber-mac\/configuration-requise\/#breadcrumb"},"inLanguage":"fr-FR","potentialAction":[{"@type":"ReadAction","target":["https:\/\/www.pixelplanet.com\/fr\/pdfgrabber-mac\/configuration-requise\/"]}]},{"@type":"BreadcrumbList","@id":"https:\/\/www.pixelplanet.com\/fr\/pdfgrabber-mac\/configuration-requise\/#breadcrumb","itemListElement":[{"@type":"ListItem","position":1,"name":"Home","item":"https:\/\/www.pixelplanet.com\/fr\/"},{"@type":"ListItem","position":2,"name":"PdfGrabber (Mac)","item":"https:\/\/www.pixelplanet.com\/fr\/pdfgrabber-mac\/"},{"@type":"ListItem","position":3,"name":"Configuration requise"}]},{"@type":"WebSite","@id":"https:\/\/www.pixelplanet.com\/fr\/#website","url":"https:\/\/www.pixelplanet.com\/fr\/","name":"PixelPlanet.com - Boutique pour les logiciels PDF","description":"Edit, convert, create, merge and split PDF documents on Windows and Mac","publisher":{"@id":"https:\/\/www.pixelplanet.com\/fr\/#organization"},"potentialAction":[{"@type":"SearchAction","target":{"@type":"EntryPoint","urlTemplate":"https:\/\/www.pixelplanet.com\/fr\/?s={search_term_string}"},"query-input":{"@type":"PropertyValueSpecification","valueRequired":true,"valueName":"search_term_string"}}],"inLanguage":"fr-FR"},{"@type":"Organization","@id":"https:\/\/www.pixelplanet.com\/fr\/#organization","name":"PixelPlanet","url":"https:\/\/www.pixelplanet.com\/fr\/","logo":{"@type":"ImageObject","inLanguage":"fr-FR","@id":"https:\/\/www.pixelplanet.com\/fr\/#\/schema\/logo\/image\/","url":"https:\/\/www.pixelplanet.com\/wp-content\/uploads\/2016\/12\/PixelPlanet-Logo-540x100.png","contentUrl":"https:\/\/www.pixelplanet.com\/wp-content\/uploads\/2016\/12\/PixelPlanet-Logo-540x100.png","width":540,"height":100,"caption":"PixelPlanet"},"image":{"@id":"https:\/\/www.pixelplanet.com\/fr\/#\/schema\/logo\/image\/"},"sameAs":["https:\/\/www.facebook.com\/PixelPlanet","https:\/\/x.com\/PixelPlanet","https:\/\/www.instagram.com\/pixelplanet.software\/","https:\/\/linkedin.com\/company\/pixelplanet-software"]}]}},"_links":{"self":[{"href":"https:\/\/www.pixelplanet.com\/fr\/wp-json\/wp\/v2\/pages\/16641","targetHints":{"allow":["GET"]}}],"collection":[{"href":"https:\/\/www.pixelplanet.com\/fr\/wp-json\/wp\/v2\/pages"}],"about":[{"href":"https:\/\/www.pixelplanet.com\/fr\/wp-json\/wp\/v2\/types\/page"}],"author":[{"embeddable":true,"href":"https:\/\/www.pixelplanet.com\/fr\/wp-json\/wp\/v2\/users\/1"}],"replies":[{"embeddable":true,"href":"https:\/\/www.pixelplanet.com\/fr\/wp-json\/wp\/v2\/comments?post=16641"}],"version-history":[{"count":0,"href":"https:\/\/www.pixelplanet.com\/fr\/wp-json\/wp\/v2\/pages\/16641\/revisions"}],"up":[{"embeddable":true,"href":"https:\/\/www.pixelplanet.com\/fr\/wp-json\/wp\/v2\/pages\/14443"}],"wp:attachment":[{"href":"https:\/\/www.pixelplanet.com\/fr\/wp-json\/wp\/v2\/media?parent=16641"}],"curies":[{"name":"wp","href":"https:\/\/api.w.org\/{rel}","templated":true}]}}