{"id":16672,"date":"2018-08-17T13:02:50","date_gmt":"2018-08-17T11:02:50","guid":{"rendered":"https:\/\/www.pixelplanet.com\/?page_id=16672"},"modified":"2020-01-04T14:47:15","modified_gmt":"2020-01-04T13:47:15","slug":"modeles-de-licence","status":"publish","type":"page","link":"https:\/\/www.pixelplanet.com\/fr\/pdfgrabber-mac\/modeles-de-licence\/","title":{"rendered":"Mod\u00e8les de licence"},"content":{"rendered":"<section class=\"l-section wpb_row us_custom_e11ab399 height_small\"><div class=\"l-section-h i-cf\"><div class=\"g-cols vc_row via_flex valign_middle type_default stacking_default\"><div class=\"vc_col-sm-6 wpb_column vc_column_container\"><div class=\"vc_column-inner\"><div class=\"wpb_wrapper\"><h1 class=\"w-post-elm post_title us_custom_607cd7e8 entry-title color_link_inherit\">Mod\u00e8les de licence<\/h1><\/div><\/div><\/div><div class=\"vc_col-sm-6 wpb_column vc_column_container\"><div class=\"vc_column-inner\"><div class=\"wpb_wrapper\"><nav class=\"g-breadcrumbs us_custom_ea2be81a separator_icon align_right\"><div class=\"g-breadcrumbs-item\"><a href=\"https:\/\/www.pixelplanet.com\/fr\/\">Accueil<\/a><meta content=\"1\"\/><\/div><div class=\"g-breadcrumbs-separator\"><i class=\"far fa-angle-right\"><\/i><\/div><div class=\"g-breadcrumbs-item\">Pages<\/div><\/nav><\/div><\/div><\/div><\/div><\/div><\/section><section class=\"l-section wpb_row height_auto\"><div class=\"l-section-h i-cf\"><div class=\"g-cols vc_row via_flex valign_middle type_default stacking_default\"><div class=\"vc_col-sm-12 wpb_column vc_column_container\"><div class=\"vc_column-inner\"><div class=\"wpb_wrapper\"><div class=\"wpb_text_column\"><div class=\"wpb_wrapper\"><p style=\"text-align: right;\"><a class=\"blue\" href=\"\/fr\/pdfgrabber\/modeles-de-licence\/\"><small>Vous cherchez la version pour WINDOWS ?<\/small><\/a><\/p>\n<\/div><\/div><\/div><\/div><\/div><\/div><\/div><\/section><section class=\"l-section wpb_row height_medium\"><div class=\"l-section-h i-cf\"><div class=\"g-cols vc_row via_flex valign_middle type_default stacking_default\"><div class=\"vc_col-sm-8 wpb_column vc_column_container\"><div class=\"vc_column-inner\"><div class=\"wpb_wrapper\"><div class=\"w-iconbox iconpos_left style_default color_custom align_left no_text\"><div class=\"w-iconbox-icon\" style=\"font-size:2rem;--icon-color:#1265a8;--icon-bg-color:#ffffff;\"><i class=\"fas fa-user\"><\/i><\/div><div class=\"w-iconbox-meta\"><h3 class=\"w-iconbox-title\">Licences unitaires<\/h3><\/div><\/div><div class=\"w-separator size_small\"><\/div><div class=\"wpb_text_column\"><div class=\"wpb_wrapper\"><p> PdfGrabber \u00c9dition-Mac est propos\u00e9 comme licence unitaire dans notre boutique en ligne.<\/p>\n<p>Cette version peut \u00eatre install\u00e9e et utilis\u00e9e sur un Mac.<\/p>\n<\/div><\/div><div class=\"w-separator size_small\"><\/div><div class=\"w-btn-wrapper align_none\"><a class=\"w-btn us-btn-style_4 us_custom_f73f4019 icon_atleft\" href=\"https:\/\/www.pixelplanet.com\/fr\/categorie-produit\/pdfgrabber\/pdfgrabber-mac\/\"><i class=\"fas fa-shopping-cart\"><\/i><span class=\"w-btn-label\">Prix + Acheter<\/span><\/a><\/div><\/div><\/div><\/div><div class=\"vc_col-sm-4 wpb_column vc_column_container\"><div class=\"vc_column-inner\"><div class=\"wpb_wrapper\"><div class=\"w-image align_center\"><a href=\"https:\/\/www.pixelplanet.com\/fr\/categorie-produit\/pdfgrabber\/pdfgrabber-mac\/\" aria-label=\"PdfGrabber-8-MAC-Boxshot-1024x1024\" class=\"w-image-h\"><img decoding=\"async\" width=\"1024\" height=\"1024\" src=\"https:\/\/www.pixelplanet.com\/wp-content\/uploads\/2018\/07\/PdfGrabber-8-MAC-Boxshot-1024x1024.png\" class=\"attachment-large size-large\" alt=\"Bochshot: PdfGrabber Mac-Edition\" loading=\"lazy\" srcset=\"https:\/\/www.pixelplanet.com\/wp-content\/uploads\/2018\/07\/PdfGrabber-8-MAC-Boxshot-1024x1024.png 1024w, https:\/\/www.pixelplanet.com\/wp-content\/uploads\/2018\/07\/PdfGrabber-8-MAC-Boxshot-1024x1024-150x150.png 150w, https:\/\/www.pixelplanet.com\/wp-content\/uploads\/2018\/07\/PdfGrabber-8-MAC-Boxshot-1024x1024-312x312.png 312w, https:\/\/www.pixelplanet.com\/wp-content\/uploads\/2018\/07\/PdfGrabber-8-MAC-Boxshot-1024x1024-300x300.png 300w, https:\/\/www.pixelplanet.com\/wp-content\/uploads\/2018\/07\/PdfGrabber-8-MAC-Boxshot-1024x1024-768x768.png 768w, https:\/\/www.pixelplanet.com\/wp-content\/uploads\/2018\/07\/PdfGrabber-8-MAC-Boxshot-1024x1024-350x350.png 350w, https:\/\/www.pixelplanet.com\/wp-content\/uploads\/2018\/07\/PdfGrabber-8-MAC-Boxshot-1024x1024-600x600.png 600w\" sizes=\"auto, (max-width: 1024px) 100vw, 1024px\" \/><\/a><\/div><\/div><\/div><\/div><\/div><\/div><\/section><section class=\"l-section wpb_row height_medium color_alternate\"><div class=\"l-section-h i-cf\"><div class=\"g-cols vc_row via_flex valign_middle type_default stacking_default\"><div class=\"vc_col-sm-4 wpb_column vc_column_container\"><div class=\"vc_column-inner\"><div class=\"wpb_wrapper\"><div class=\"w-image align_center\"><a href=\"https:\/\/www.pixelplanet.com\/fr\/categorie-produit\/pdfgrabber\/pdfgrabber-mac\/\" aria-label=\"network-license_256x256\" class=\"w-image-h\"><img decoding=\"async\" width=\"256\" height=\"256\" src=\"https:\/\/www.pixelplanet.com\/wp-content\/uploads\/2017\/11\/network-license_256x256.png\" class=\"attachment-large size-large\" alt=\"\" loading=\"lazy\" srcset=\"https:\/\/www.pixelplanet.com\/wp-content\/uploads\/2017\/11\/network-license_256x256.png 256w, https:\/\/www.pixelplanet.com\/wp-content\/uploads\/2017\/11\/network-license_256x256-150x150.png 150w\" sizes=\"auto, (max-width: 256px) 100vw, 256px\" \/><\/a><\/div><\/div><\/div><\/div><div class=\"vc_col-sm-8 wpb_column vc_column_container\"><div class=\"vc_column-inner\"><div class=\"wpb_wrapper\"><div class=\"w-iconbox iconpos_left style_default color_custom align_left no_text\"><div class=\"w-iconbox-icon\" style=\"font-size:2rem;--icon-color:#1265a8;--icon-bg-color:#ffffff;\"><i class=\"fas fa-users\"><\/i><\/div><div class=\"w-iconbox-meta\"><h3 class=\"w-iconbox-title\">Licences multi-postes<\/h3><\/div><\/div><div class=\"w-separator size_small\"><\/div><div class=\"wpb_text_column\"><div class=\"wpb_wrapper\"><p>Si vous souhaitez utiliser PdfGrabber Mac-Edition sur plusieurs ordinateurs, nous vous proposons \u00e9galement des packs de deux et des packs de trois \u00e0 des prix tr\u00e8s avantageux.<\/p>\n<p>Une licence mixte (Windows + Mac) est \u00e9galement disponible : PdfGrabber DOUBLE.<\/p>\n<p>Rendez-vous dans notre boutique en ligne pour obtenir un aper\u00e7u pr\u00e9cis des versions propos\u00e9es et des prix.<\/p>\n<\/div><\/div><div class=\"w-separator size_small\"><\/div><div class=\"w-btn-wrapper align_none\"><a class=\"w-btn us-btn-style_4 us_custom_f73f4019 icon_atleft\" href=\"https:\/\/www.pixelplanet.com\/fr\/categorie-produit\/pdfgrabber\/pdfgrabber-mac\/\"><i class=\"fas fa-shopping-cart\"><\/i><span class=\"w-btn-label\">Prix + Acheter<\/span><\/a><\/div><\/div><\/div><\/div><\/div><\/div><\/section><section class=\"l-section wpb_row height_medium\"><div class=\"l-section-h i-cf\"><div class=\"g-cols vc_row via_flex valign_middle type_default stacking_default\"><div class=\"vc_col-sm-8 wpb_column vc_column_container\"><div class=\"vc_column-inner\"><div class=\"wpb_wrapper\"><div class=\"w-iconbox iconpos_left style_default color_custom align_left no_text\"><div class=\"w-iconbox-icon\" style=\"font-size:2rem;--icon-color:#1265a8;--icon-bg-color:#ffffff;\"><i class=\"fab fa-apple\"><\/i><\/div><div class=\"w-iconbox-meta\"><h3 class=\"w-iconbox-title\">Mac App Store<\/h3><\/div><\/div><div class=\"w-separator size_small\"><\/div><div class=\"wpb_text_column\"><div class=\"wpb_wrapper\"><p>Vous trouverez \u00e9galement PdfGrabber Mac-Edition dans l\u2019App Store d\u2019Apple.<\/p>\n<p>Notez que les versions de l\u2019App Store sont pourvues de restrictions minimales des fonctions, relatives aux prescriptions d\u2019Apple (Sandbox) en ce qui concerne l\u2019App Store Mac ; la fonction de vectorisation lors de l\u2019exportation d\u2019un PDF au format CAD est par exemple supprim\u00e9e.<\/p>\n<\/div><\/div><div class=\"w-separator size_small\"><\/div><div class=\"w-image align_none\"><a href=\"https:\/\/itunes.apple.com\/app\/pdfgrabber-8-professional\/id593021571\" aria-label=\"Telecharger_dans_le_Mac_App_Store_187x48\" class=\"w-image-h\"><img decoding=\"async\" width=\"187\" height=\"48\" src=\"https:\/\/www.pixelplanet.com\/wp-content\/uploads\/2018\/08\/Telecharger_dans_le_Mac_App_Store_187x48.png\" class=\"attachment-full size-full\" alt=\"T\u00e9l\u00e9charger dans le Mac App Store\" loading=\"lazy\" \/><\/a><\/div><\/div><\/div><\/div><div class=\"vc_col-sm-4 wpb_column vc_column_container\"><div class=\"vc_column-inner\"><div class=\"wpb_wrapper\"><div class=\"w-image align_center\"><a href=\"https:\/\/itunes.apple.com\/app\/pdfgrabber-8-professional\/id593021571\" aria-label=\"Mac Software\" class=\"w-image-h\"><img decoding=\"async\" width=\"256\" height=\"256\" src=\"https:\/\/www.pixelplanet.com\/wp-content\/uploads\/2017\/11\/Mac-Icon-256x256.png\" class=\"attachment-large size-large\" alt=\"\" loading=\"lazy\" srcset=\"https:\/\/www.pixelplanet.com\/wp-content\/uploads\/2017\/11\/Mac-Icon-256x256.png 256w, https:\/\/www.pixelplanet.com\/wp-content\/uploads\/2017\/11\/Mac-Icon-256x256-150x150.png 150w\" sizes=\"auto, (max-width: 256px) 100vw, 256px\" \/><\/a><\/div><\/div><\/div><\/div><\/div><\/div><\/section><section class=\"l-section wpb_row us_custom_2d431bcd has_text_color height_medium\"><div class=\"l-section-h i-cf\"><div class=\"g-cols vc_row via_flex valign_top type_default stacking_default\"><div class=\"vc_col-sm-12 wpb_column vc_column_container\"><div class=\"vc_column-inner\"><div class=\"wpb_wrapper\"><div class=\"w-actionbox us_custom_a99bd6bc color_custom controls_right\"><div class=\"w-actionbox-text\"><h2 class=\"w-actionbox-title\">Tester PdfGrabber gratuitement !<\/h2><div class=\"w-actionbox-description\"><p>La version d\u2019\u00e9valuation contient toutes les fonctions de PdfGrabber Mac-Edition. Toutefois, des caract\u00e8res \u00ab X \u00bb sont ajout\u00e9s \u00e0 des endroits al\u00e9atoires des textes export\u00e9s. Les graphiques et les images restent sous forme de filigrane. Les fichiers CAD sont uniquement export\u00e9s aux 2\/3. Ces restrictions sont \u00e9videmment supprim\u00e9es lors de l\u2019activation de la version compl\u00e8te.<\/p>\n<\/div><\/div><div class=\"w-actionbox-controls\"><a class=\"w-btn us-btn-style_8 icon_atleft\" style=\"font-size:16px\" href=\"https:\/\/www.pixelplanet.com\/fr\/pdfgrabber-mac\/telechargement\/\"><i class=\"fas fa-download\"><\/i><span class=\"w-btn-label\">Tester maintenant<\/span><\/a><\/div><\/div><\/div><\/div><\/div><\/div><\/div><\/section>\n","protected":false},"excerpt":{"rendered":"Mod\u00e8les de licenceAccueilPages Vous cherchez la version pour WINDOWS ? Licences unitaires PdfGrabber \u00c9dition-Mac est propos\u00e9 comme licence unitaire dans notre boutique en ligne. Cette version peut \u00eatre install\u00e9e et utilis\u00e9e sur un Mac. Prix + AcheterLicences multi-postesSi vous souhaitez utiliser PdfGrabber Mac-Edition sur plusieurs ordinateurs, nous vous proposons \u00e9galement des packs de deux et...","protected":false},"author":1,"featured_media":0,"parent":14443,"menu_order":4,"comment_status":"closed","ping_status":"closed","template":"","meta":{"footnotes":""},"class_list":["post-16672","page","type-page","status-publish","hentry"],"yoast_head":"<!-- This site is optimized with the Yoast SEO Premium plugin v27.3 (Yoast SEO v27.3) - https:\/\/yoast.com\/product\/yoast-seo-premium-wordpress\/ -->\n<title>PixelPlanet PdfTools - PdfGrabber \u00c9dition-Mac - Mod\u00e8les de licence<\/title>\n<meta name=\"description\" content=\"PdfGrabber \u00c9dition-Mac est propos\u00e9 comme licence unitaire, pack de deux et pack de trois.\" \/>\n<meta name=\"robots\" content=\"index, follow, max-snippet:-1, max-image-preview:large, max-video-preview:-1\" \/>\n<link rel=\"canonical\" href=\"https:\/\/www.pixelplanet.com\/fr\/pdfgrabber-mac\/modeles-de-licence\/\" \/>\n<meta property=\"og:locale\" content=\"fr_FR\" \/>\n<meta property=\"og:type\" content=\"article\" \/>\n<meta property=\"og:title\" content=\"PdfGrabber \u00c9dition-Mac - Mod\u00e8les de licence\" \/>\n<meta property=\"og:description\" content=\"PdfGrabber \u00c9dition-Mac est propos\u00e9 comme licence unitaire, pack de deux et pack de trois.\" \/>\n<meta property=\"og:url\" content=\"https:\/\/www.pixelplanet.com\/fr\/pdfgrabber-mac\/modeles-de-licence\/\" \/>\n<meta property=\"og:site_name\" content=\"PixelPlanet.com - Boutique pour les logiciels PDF\" \/>\n<meta property=\"article:publisher\" content=\"https:\/\/www.facebook.com\/PixelPlanet\" \/>\n<meta property=\"article:modified_time\" content=\"2020-01-04T13:47:15+00:00\" \/>\n<meta property=\"og:image\" content=\"https:\/\/www.pixelplanet.com\/wp-content\/uploads\/2018\/02\/FaceBook-Homepage-DE-1200x630.jpg\" \/>\n\t<meta property=\"og:image:width\" content=\"1200\" \/>\n\t<meta property=\"og:image:height\" content=\"630\" \/>\n\t<meta property=\"og:image:type\" content=\"image\/jpeg\" \/>\n<meta name=\"twitter:card\" content=\"summary_large_image\" \/>\n<meta name=\"twitter:title\" content=\"PixelPlanet - Mod\u00e8les de licence\" \/>\n<meta name=\"twitter:site\" content=\"@PixelPlanet\" \/>\n<meta name=\"twitter:label1\" content=\"Dur\u00e9e de lecture estim\u00e9e\" \/>\n\t<meta name=\"twitter:data1\" content=\"4 minutes\" \/>\n<script type=\"application\/ld+json\" class=\"yoast-schema-graph\">{\"@context\":\"https:\\\/\\\/schema.org\",\"@graph\":[{\"@type\":\"WebPage\",\"@id\":\"https:\\\/\\\/www.pixelplanet.com\\\/fr\\\/pdfgrabber-mac\\\/modeles-de-licence\\\/\",\"url\":\"https:\\\/\\\/www.pixelplanet.com\\\/fr\\\/pdfgrabber-mac\\\/modeles-de-licence\\\/\",\"name\":\"PixelPlanet PdfTools - PdfGrabber \u00c9dition-Mac - Mod\u00e8les de licence\",\"isPartOf\":{\"@id\":\"https:\\\/\\\/www.pixelplanet.com\\\/fr\\\/#website\"},\"datePublished\":\"2018-08-17T11:02:50+00:00\",\"dateModified\":\"2020-01-04T13:47:15+00:00\",\"description\":\"PdfGrabber \u00c9dition-Mac est propos\u00e9 comme licence unitaire, pack de deux et pack de trois.\",\"breadcrumb\":{\"@id\":\"https:\\\/\\\/www.pixelplanet.com\\\/fr\\\/pdfgrabber-mac\\\/modeles-de-licence\\\/#breadcrumb\"},\"inLanguage\":\"fr-FR\",\"potentialAction\":[{\"@type\":\"ReadAction\",\"target\":[\"https:\\\/\\\/www.pixelplanet.com\\\/fr\\\/pdfgrabber-mac\\\/modeles-de-licence\\\/\"]}]},{\"@type\":\"BreadcrumbList\",\"@id\":\"https:\\\/\\\/www.pixelplanet.com\\\/fr\\\/pdfgrabber-mac\\\/modeles-de-licence\\\/#breadcrumb\",\"itemListElement\":[{\"@type\":\"ListItem\",\"position\":1,\"name\":\"Home\",\"item\":\"https:\\\/\\\/www.pixelplanet.com\\\/fr\\\/\"},{\"@type\":\"ListItem\",\"position\":2,\"name\":\"PdfGrabber (Mac)\",\"item\":\"https:\\\/\\\/www.pixelplanet.com\\\/fr\\\/pdfgrabber-mac\\\/\"},{\"@type\":\"ListItem\",\"position\":3,\"name\":\"Mod\u00e8les de licence\"}]},{\"@type\":\"WebSite\",\"@id\":\"https:\\\/\\\/www.pixelplanet.com\\\/fr\\\/#website\",\"url\":\"https:\\\/\\\/www.pixelplanet.com\\\/fr\\\/\",\"name\":\"PixelPlanet.com - Boutique pour les logiciels PDF\",\"description\":\"Edit, convert, create, merge and split PDF documents on Windows and Mac\",\"publisher\":{\"@id\":\"https:\\\/\\\/www.pixelplanet.com\\\/fr\\\/#organization\"},\"potentialAction\":[{\"@type\":\"SearchAction\",\"target\":{\"@type\":\"EntryPoint\",\"urlTemplate\":\"https:\\\/\\\/www.pixelplanet.com\\\/fr\\\/?s={search_term_string}\"},\"query-input\":{\"@type\":\"PropertyValueSpecification\",\"valueRequired\":true,\"valueName\":\"search_term_string\"}}],\"inLanguage\":\"fr-FR\"},{\"@type\":\"Organization\",\"@id\":\"https:\\\/\\\/www.pixelplanet.com\\\/fr\\\/#organization\",\"name\":\"PixelPlanet\",\"url\":\"https:\\\/\\\/www.pixelplanet.com\\\/fr\\\/\",\"logo\":{\"@type\":\"ImageObject\",\"inLanguage\":\"fr-FR\",\"@id\":\"https:\\\/\\\/www.pixelplanet.com\\\/fr\\\/#\\\/schema\\\/logo\\\/image\\\/\",\"url\":\"https:\\\/\\\/www.pixelplanet.com\\\/wp-content\\\/uploads\\\/2016\\\/12\\\/PixelPlanet-Logo-540x100.png\",\"contentUrl\":\"https:\\\/\\\/www.pixelplanet.com\\\/wp-content\\\/uploads\\\/2016\\\/12\\\/PixelPlanet-Logo-540x100.png\",\"width\":540,\"height\":100,\"caption\":\"PixelPlanet\"},\"image\":{\"@id\":\"https:\\\/\\\/www.pixelplanet.com\\\/fr\\\/#\\\/schema\\\/logo\\\/image\\\/\"},\"sameAs\":[\"https:\\\/\\\/www.facebook.com\\\/PixelPlanet\",\"https:\\\/\\\/x.com\\\/PixelPlanet\",\"https:\\\/\\\/www.instagram.com\\\/pixelplanet.software\\\/\",\"https:\\\/\\\/linkedin.com\\\/company\\\/pixelplanet-software\"]}]}<\/script>\n<!-- \/ Yoast SEO Premium plugin. -->","yoast_head_json":{"title":"PixelPlanet PdfTools - PdfGrabber \u00c9dition-Mac - Mod\u00e8les de licence","description":"PdfGrabber \u00c9dition-Mac est propos\u00e9 comme licence unitaire, pack de deux et pack de trois.","robots":{"index":"index","follow":"follow","max-snippet":"max-snippet:-1","max-image-preview":"max-image-preview:large","max-video-preview":"max-video-preview:-1"},"canonical":"https:\/\/www.pixelplanet.com\/fr\/pdfgrabber-mac\/modeles-de-licence\/","og_locale":"fr_FR","og_type":"article","og_title":"PdfGrabber \u00c9dition-Mac - Mod\u00e8les de licence","og_description":"PdfGrabber \u00c9dition-Mac est propos\u00e9 comme licence unitaire, pack de deux et pack de trois.","og_url":"https:\/\/www.pixelplanet.com\/fr\/pdfgrabber-mac\/modeles-de-licence\/","og_site_name":"PixelPlanet.com - Boutique pour les logiciels PDF","article_publisher":"https:\/\/www.facebook.com\/PixelPlanet","article_modified_time":"2020-01-04T13:47:15+00:00","og_image":[{"width":1200,"height":630,"url":"https:\/\/www.pixelplanet.com\/wp-content\/uploads\/2018\/02\/FaceBook-Homepage-DE-1200x630.jpg","type":"image\/jpeg"}],"twitter_card":"summary_large_image","twitter_title":"PixelPlanet - Mod\u00e8les de licence","twitter_site":"@PixelPlanet","twitter_misc":{"Dur\u00e9e de lecture estim\u00e9e":"4 minutes"},"schema":{"@context":"https:\/\/schema.org","@graph":[{"@type":"WebPage","@id":"https:\/\/www.pixelplanet.com\/fr\/pdfgrabber-mac\/modeles-de-licence\/","url":"https:\/\/www.pixelplanet.com\/fr\/pdfgrabber-mac\/modeles-de-licence\/","name":"PixelPlanet PdfTools - PdfGrabber \u00c9dition-Mac - Mod\u00e8les de licence","isPartOf":{"@id":"https:\/\/www.pixelplanet.com\/fr\/#website"},"datePublished":"2018-08-17T11:02:50+00:00","dateModified":"2020-01-04T13:47:15+00:00","description":"PdfGrabber \u00c9dition-Mac est propos\u00e9 comme licence unitaire, pack de deux et pack de trois.","breadcrumb":{"@id":"https:\/\/www.pixelplanet.com\/fr\/pdfgrabber-mac\/modeles-de-licence\/#breadcrumb"},"inLanguage":"fr-FR","potentialAction":[{"@type":"ReadAction","target":["https:\/\/www.pixelplanet.com\/fr\/pdfgrabber-mac\/modeles-de-licence\/"]}]},{"@type":"BreadcrumbList","@id":"https:\/\/www.pixelplanet.com\/fr\/pdfgrabber-mac\/modeles-de-licence\/#breadcrumb","itemListElement":[{"@type":"ListItem","position":1,"name":"Home","item":"https:\/\/www.pixelplanet.com\/fr\/"},{"@type":"ListItem","position":2,"name":"PdfGrabber (Mac)","item":"https:\/\/www.pixelplanet.com\/fr\/pdfgrabber-mac\/"},{"@type":"ListItem","position":3,"name":"Mod\u00e8les de licence"}]},{"@type":"WebSite","@id":"https:\/\/www.pixelplanet.com\/fr\/#website","url":"https:\/\/www.pixelplanet.com\/fr\/","name":"PixelPlanet.com - Boutique pour les logiciels PDF","description":"Edit, convert, create, merge and split PDF documents on Windows and Mac","publisher":{"@id":"https:\/\/www.pixelplanet.com\/fr\/#organization"},"potentialAction":[{"@type":"SearchAction","target":{"@type":"EntryPoint","urlTemplate":"https:\/\/www.pixelplanet.com\/fr\/?s={search_term_string}"},"query-input":{"@type":"PropertyValueSpecification","valueRequired":true,"valueName":"search_term_string"}}],"inLanguage":"fr-FR"},{"@type":"Organization","@id":"https:\/\/www.pixelplanet.com\/fr\/#organization","name":"PixelPlanet","url":"https:\/\/www.pixelplanet.com\/fr\/","logo":{"@type":"ImageObject","inLanguage":"fr-FR","@id":"https:\/\/www.pixelplanet.com\/fr\/#\/schema\/logo\/image\/","url":"https:\/\/www.pixelplanet.com\/wp-content\/uploads\/2016\/12\/PixelPlanet-Logo-540x100.png","contentUrl":"https:\/\/www.pixelplanet.com\/wp-content\/uploads\/2016\/12\/PixelPlanet-Logo-540x100.png","width":540,"height":100,"caption":"PixelPlanet"},"image":{"@id":"https:\/\/www.pixelplanet.com\/fr\/#\/schema\/logo\/image\/"},"sameAs":["https:\/\/www.facebook.com\/PixelPlanet","https:\/\/x.com\/PixelPlanet","https:\/\/www.instagram.com\/pixelplanet.software\/","https:\/\/linkedin.com\/company\/pixelplanet-software"]}]}},"_links":{"self":[{"href":"https:\/\/www.pixelplanet.com\/fr\/wp-json\/wp\/v2\/pages\/16672","targetHints":{"allow":["GET"]}}],"collection":[{"href":"https:\/\/www.pixelplanet.com\/fr\/wp-json\/wp\/v2\/pages"}],"about":[{"href":"https:\/\/www.pixelplanet.com\/fr\/wp-json\/wp\/v2\/types\/page"}],"author":[{"embeddable":true,"href":"https:\/\/www.pixelplanet.com\/fr\/wp-json\/wp\/v2\/users\/1"}],"replies":[{"embeddable":true,"href":"https:\/\/www.pixelplanet.com\/fr\/wp-json\/wp\/v2\/comments?post=16672"}],"version-history":[{"count":0,"href":"https:\/\/www.pixelplanet.com\/fr\/wp-json\/wp\/v2\/pages\/16672\/revisions"}],"up":[{"embeddable":true,"href":"https:\/\/www.pixelplanet.com\/fr\/wp-json\/wp\/v2\/pages\/14443"}],"wp:attachment":[{"href":"https:\/\/www.pixelplanet.com\/fr\/wp-json\/wp\/v2\/media?parent=16672"}],"curies":[{"name":"wp","href":"https:\/\/api.w.org\/{rel}","templated":true}]}}