{"id":16697,"date":"2018-08-17T15:31:04","date_gmt":"2018-08-17T13:31:04","guid":{"rendered":"https:\/\/www.pixelplanet.com\/?page_id=16697"},"modified":"2021-10-26T13:08:54","modified_gmt":"2021-10-26T11:08:54","slug":"prix","status":"publish","type":"page","link":"https:\/\/www.pixelplanet.com\/fr\/pdfgrabber-mac\/prix\/","title":{"rendered":"Prix et Versions"},"content":{"rendered":"<section class=\"l-section wpb_row us_custom_e11ab399 height_small\"><div class=\"l-section-h i-cf\"><div class=\"g-cols vc_row via_flex valign_middle type_default stacking_default\"><div class=\"vc_col-sm-6 wpb_column vc_column_container\"><div class=\"vc_column-inner\"><div class=\"wpb_wrapper\"><h1 class=\"w-post-elm post_title us_custom_607cd7e8 entry-title color_link_inherit\">Prix et Versions<\/h1><\/div><\/div><\/div><div class=\"vc_col-sm-6 wpb_column vc_column_container\"><div class=\"vc_column-inner\"><div class=\"wpb_wrapper\"><nav class=\"g-breadcrumbs us_custom_ea2be81a separator_icon align_right\"><div class=\"g-breadcrumbs-item\"><a href=\"https:\/\/www.pixelplanet.com\/fr\/\">Accueil<\/a><meta content=\"1\"\/><\/div><div class=\"g-breadcrumbs-separator\"><i class=\"far fa-angle-right\"><\/i><\/div><div class=\"g-breadcrumbs-item\">Pages<\/div><\/nav><\/div><\/div><\/div><\/div><\/div><\/section><section class=\"l-section wpb_row height_auto\"><div class=\"l-section-h i-cf\"><div class=\"g-cols vc_row via_flex valign_middle type_default stacking_default\"><div class=\"vc_col-sm-12 wpb_column vc_column_container\"><div class=\"vc_column-inner\"><div class=\"wpb_wrapper\"><div class=\"wpb_text_column\"><div class=\"wpb_wrapper\"><p style=\"text-align: right;\"><a class=\"blue\" href=\"\/fr\/pdfgrabber\/prix\/\"><small>Vous cherchez la version pour WINDOWS ?<\/small><\/a><\/p>\n<\/div><\/div><\/div><\/div><\/div><\/div><\/div><\/section><section class=\"l-section wpb_row height_medium\"><div class=\"l-section-h i-cf\"><div class=\"g-cols vc_row via_flex valign_top type_default stacking_default\"><div class=\"vc_col-sm-12 wpb_column vc_column_container\"><div class=\"vc_column-inner\"><div class=\"wpb_wrapper\"><div class=\"wpb_text_column\"><div class=\"wpb_wrapper\"><h2>PdfGrabber pour macOS (32bit, 10.6 \u2013 10.14)<\/h2>\n<\/div><\/div><div class=\"w-separator size_medium\"><\/div><div class=\"g-cols wpb_row via_flex valign_top type_default stacking_default\"><div class=\"vc_col-sm-4 wpb_column vc_column_container\"><div class=\"vc_column-inner\"><div class=\"wpb_wrapper\"><div class=\"w-pricing style_simple items_1\"><div class=\"w-pricing-item type_featured\"><div class=\"w-pricing-item-h\"><div class=\"w-pricing-item-header\"><div class=\"w-pricing-item-title\"><i class=\"fab fa-apple fa-3x\"><\/i><br><br>PdfGrabber \u00c9dition-Mac<\/div><div class=\"w-pricing-item-price\">\u20ac29<small>licence unitaire<\/small><\/div><\/div><ul class=\"w-pricing-item-features\"><li class=\"w-pricing-item-feature\"><i class=\"fas fa-user blue\"><\/i> Licence unitaire pour 1 MAC<\/li><li class=\"w-pricing-item-feature\"><i class=\"fas fa-coin blue\"><\/i> Co\u00fbts de licence unique, sans abonnement, sans frais de suivi<\/li><li class=\"w-pricing-item-feature\"><i class=\"fas fa-heart blue\"><\/i> Validit\u00e9 illimit\u00e9e de votre licence<\/li><li class=\"w-pricing-item-feature\"><i class=\"fas fa-download blue\"><\/i> Mises \u00e0 jour gratuites dans la version 8<\/li><li class=\"w-pricing-item-feature\"><i class=\"fas fa-file-word blue\"><\/i> + <i class=\"fas fa-file-excel blue\"><\/i> Word\/Pages et Excel\/Numbers<\/li><li class=\"w-pricing-item-feature\"><i class=\"fas fa-cogs blue\"><\/i> CAO \/ AutoCAD \/ DXF<\/li><li class=\"w-pricing-item-feature\"><i class=\"fas fa-image blue\"><\/i> + <i class=\"fas fa-images blue\"><\/i> En images \/ Exporter des images<\/li><li class=\"w-pricing-item-feature\"><i class=\"fab fa-html5 blue\"><\/i> + <i class=\"fas fa-book blue\"><\/i> HTML et EPub<\/li><li class=\"w-pricing-item-feature\"><i class=\"fas fa-file-powerpoint blue\"><\/i>  + <i class=\"fas fa-file-alt blue\"><\/i> PowerPoint\/Keynote et texte (ascii)<\/li><\/ul><div class=\"w-pricing-item-footer\"><a class=\"w-btn us-btn-style_4 icon_atleft\" style=\"font-size:15px\" href=\"https:\/\/www.pixelplanet.com\/fr\/produit\/pdfgrabber-mac\/\"><i class=\"fas fa-shopping-cart\"><\/i><span class=\"w-btn-label\">Voir le produit<\/span><\/a><\/div><\/div><\/div><\/div><\/div><\/div><\/div><div class=\"vc_col-sm-4 wpb_column vc_column_container\"><div class=\"vc_column-inner\"><div class=\"wpb_wrapper\"><div class=\"w-pricing style_simple items_1\"><div class=\"w-pricing-item type_default\"><div class=\"w-pricing-item-h\"><div class=\"w-pricing-item-header\"><div class=\"w-pricing-item-title\"><i class=\"fab fa-apple fa-3x blue\"><\/i><br><br>PACK de DEUX<\/div><div class=\"w-pricing-item-price\">\u20ac39<small>2x licences unitaire<\/small><\/div><\/div><ul class=\"w-pricing-item-features\"><li class=\"w-pricing-item-feature\"><i class=\"fas fa-user blue\"><\/i> + <i class=\"fas fa-user blue\"><\/i> 2 licences unitaire pour 2 MAC<\/li><li class=\"w-pricing-item-feature\"><i class=\"fas fa-coin blue\"><\/i> Co\u00fbts de licence unique, sans abonnement, sans frais de suivi<\/li><li class=\"w-pricing-item-feature\"><i class=\"fas fa-heart blue\"><\/i> Validit\u00e9 illimit\u00e9e de votre licence<\/li><li class=\"w-pricing-item-feature\"><i class=\"fas fa-download blue\"><\/i> Mises \u00e0 jour gratuites dans la version 8<\/li><li class=\"w-pricing-item-feature\"><i class=\"fas fa-file-word blue\"><\/i> + <i class=\"fas fa-file-excel blue\"><\/i> Word\/Pages et Excel\/Numbers<\/li><li class=\"w-pricing-item-feature\"><i class=\"fas fa-cogs blue\"><\/i> CAO \/ AutoCAD \/ DXF<\/li><li class=\"w-pricing-item-feature\"><i class=\"fas fa-image blue\"><\/i> + <i class=\"fas fa-images blue\"><\/i> En images \/ Exporter des images<\/li><li class=\"w-pricing-item-feature\"><i class=\"fab fa-html5 blue\"><\/i> + <i class=\"fas fa-book blue\"><\/i> HTML et EPub<\/li><li class=\"w-pricing-item-feature\"><i class=\"fas fa-file-powerpoint blue\"><\/i>  + <i class=\"fas fa-file-alt blue\"><\/i> PowerPoint\/Keynote et texte (ascii)<\/li><\/ul><div class=\"w-pricing-item-footer\"><a class=\"w-btn us-btn-style_4 icon_atleft\" style=\"font-size:15px\" href=\"https:\/\/www.pixelplanet.com\/fr\/produit\/pdfgrabber-mac-pack-de-deux\/\"><i class=\"fas fa-shopping-cart\"><\/i><span class=\"w-btn-label\">Voir le produit<\/span><\/a><\/div><\/div><\/div><\/div><\/div><\/div><\/div><div class=\"vc_col-sm-4 wpb_column vc_column_container\"><div class=\"vc_column-inner\"><div class=\"wpb_wrapper\"><div class=\"w-pricing style_simple items_1\"><div class=\"w-pricing-item type_default\"><div class=\"w-pricing-item-h\"><div class=\"w-pricing-item-header\"><div class=\"w-pricing-item-title\"><i class=\"fab fa-apple fa-3x blue\"><\/i><br><br>PACK de TROIS<\/div><div class=\"w-pricing-item-price\">\u20ac49<small>3x licences unitaire<\/small><\/div><\/div><ul class=\"w-pricing-item-features\"><li class=\"w-pricing-item-feature\"><i class=\"fas fa-user blue\"><\/i> +<i class=\"fas fa-user blue\"><\/i> +<i class=\"fas fa-user blue\"><\/i> 3 licences unitaire pour 3 MACs<\/li><li class=\"w-pricing-item-feature\"><i class=\"fas fa-coin blue\"><\/i> Co\u00fbts de licence unique, sans abonnement, sans frais de suivi<\/li><li class=\"w-pricing-item-feature\"><i class=\"fas fa-heart blue\"><\/i> Validit\u00e9 illimit\u00e9e de votre licence<\/li><li class=\"w-pricing-item-feature\"><i class=\"fas fa-download blue\"><\/i> Mises \u00e0 jour gratuites dans la version 8<\/li><li class=\"w-pricing-item-feature\"><i class=\"fas fa-file-word blue\"><\/i> + <i class=\"fas fa-file-excel blue\"><\/i> Word\/Pages et Excel\/Numbers<\/li><li class=\"w-pricing-item-feature\"><i class=\"fas fa-cogs blue\"><\/i> CAO \/ AutoCAD \/ DXF<\/li><li class=\"w-pricing-item-feature\"><i class=\"fas fa-image blue\"><\/i> + <i class=\"fas fa-images blue\"><\/i> En images \/ Exporter des images<\/li><li class=\"w-pricing-item-feature\"><i class=\"fab fa-html5 blue\"><\/i> + <i class=\"fas fa-book blue\"><\/i> HTML et EPub<\/li><li class=\"w-pricing-item-feature\"><i class=\"fas fa-file-powerpoint blue\"><\/i>  + <i class=\"fas fa-file-alt blue\"><\/i> PowerPoint\/Keynote et texte (ascii)<\/li><\/ul><div class=\"w-pricing-item-footer\"><a class=\"w-btn us-btn-style_4 icon_atleft\" style=\"font-size:15px\" href=\"https:\/\/www.pixelplanet.com\/fr\/produit\/pdfgrabber-mac-pack-de-trois\/\"><i class=\"fas fa-shopping-cart\"><\/i><span class=\"w-btn-label\">Voir le produit<\/span><\/a><\/div><\/div><\/div><\/div><\/div><\/div><\/div><\/div><div class=\"wpb_text_column\"><div class=\"wpb_wrapper\"><p style=\"text-align: right;\"><a class=\"blue\" href=\"\/fr\/pdfgrabber\/prix\/\"><small>Vous cherchez la version pour WINDOWS ?<\/small><\/a><\/p>\n<\/div><\/div><\/div><\/div><\/div><\/div><\/div><\/section><section class=\"l-section wpb_row us_custom_2d431bcd has_text_color height_medium\"><div class=\"l-section-h i-cf\"><div class=\"g-cols vc_row via_flex valign_top type_default stacking_default\"><div class=\"vc_col-sm-12 wpb_column vc_column_container\"><div class=\"vc_column-inner\"><div class=\"wpb_wrapper\"><div class=\"w-actionbox us_custom_a99bd6bc color_custom controls_right\"><div class=\"w-actionbox-text\"><h2 class=\"w-actionbox-title\">Essai gratuit<\/h2><div class=\"w-actionbox-description\"><p>La version d\u2019\u00e9valuation contient toutes les fonctions de PdfGrabber \u00c9dition-Mac. Toutefois, des caract\u00e8res \u00ab X \u00bb sont ajout\u00e9s \u00e0 des endroits al\u00e9atoires des textes export\u00e9s. Les graphiques et les images restent sous forme de filigrane. Ces restrictions sont \u00e9videmment supprim\u00e9es lors de l\u2019activation de la version compl\u00e8te.<\/p>\n<\/div><\/div><div class=\"w-actionbox-controls\"><a class=\"w-btn us-btn-style_8 icon_atleft\" style=\"font-size:16px\" href=\"https:\/\/www.pixelplanet.com\/fr\/pdfgrabber-mac\/telechargement\/\"><i class=\"fas fa-download\"><\/i><span class=\"w-btn-label\">Essayer<\/span><\/a><\/div><\/div><\/div><\/div><\/div><\/div><\/div><\/section>\n","protected":false},"excerpt":{"rendered":"Prix et VersionsAccueilPagesVous cherchez la version pour WINDOWS ? PdfGrabber pour macOS (32bit, 10.6 \u2013 10.14) PdfGrabber \u00c9dition-Mac\u20ac29licence unitaire Licence unitaire pour 1 MAC Co\u00fbts de licence unique, sans abonnement, sans frais de suivi Validit\u00e9 illimit\u00e9e de votre licence Mises \u00e0 jour gratuites dans la version 8 + Word\/Pages et Excel\/Numbers CAO \/ AutoCAD \/...","protected":false},"author":1,"featured_media":0,"parent":14443,"menu_order":5,"comment_status":"closed","ping_status":"closed","template":"","meta":{"footnotes":""},"class_list":["post-16697","page","type-page","status-publish","hentry"],"yoast_head":"<!-- This site is optimized with the Yoast SEO Premium plugin v27.3 (Yoast SEO v27.3) - https:\/\/yoast.com\/product\/yoast-seo-premium-wordpress\/ -->\n<title>PixelPlanet PdfTools - PdfGrabber \u00c9dition-Mac - Versions et prix<\/title>\n<meta name=\"robots\" content=\"index, follow, max-snippet:-1, max-image-preview:large, max-video-preview:-1\" \/>\n<link rel=\"canonical\" href=\"https:\/\/www.pixelplanet.com\/fr\/pdfgrabber-mac\/prix\/\" \/>\n<meta property=\"og:locale\" content=\"fr_FR\" \/>\n<meta property=\"og:type\" content=\"article\" \/>\n<meta property=\"og:title\" content=\"PdfGrabber \u00c9dition-Mac - Versions et prix\" \/>\n<meta property=\"og:url\" content=\"https:\/\/www.pixelplanet.com\/fr\/pdfgrabber-mac\/prix\/\" \/>\n<meta property=\"og:site_name\" content=\"PixelPlanet.com - Boutique pour les logiciels PDF\" \/>\n<meta property=\"article:publisher\" content=\"https:\/\/www.facebook.com\/PixelPlanet\" \/>\n<meta property=\"article:modified_time\" content=\"2021-10-26T11:08:54+00:00\" \/>\n<meta property=\"og:image\" content=\"https:\/\/www.pixelplanet.com\/wp-content\/uploads\/2018\/02\/FaceBook-Homepage-DE-1200x630.jpg\" \/>\n\t<meta property=\"og:image:width\" content=\"1200\" \/>\n\t<meta property=\"og:image:height\" content=\"630\" \/>\n\t<meta property=\"og:image:type\" content=\"image\/jpeg\" \/>\n<meta name=\"twitter:card\" content=\"summary_large_image\" \/>\n<meta name=\"twitter:title\" content=\"PixelPlanet - Prix et Versions\" \/>\n<meta name=\"twitter:site\" content=\"@PixelPlanet\" \/>\n<meta name=\"twitter:label1\" content=\"Dur\u00e9e de lecture estim\u00e9e\" \/>\n\t<meta name=\"twitter:data1\" content=\"1 minute\" \/>\n<script type=\"application\/ld+json\" class=\"yoast-schema-graph\">{\"@context\":\"https:\\\/\\\/schema.org\",\"@graph\":[{\"@type\":\"WebPage\",\"@id\":\"https:\\\/\\\/www.pixelplanet.com\\\/fr\\\/pdfgrabber-mac\\\/prix\\\/\",\"url\":\"https:\\\/\\\/www.pixelplanet.com\\\/fr\\\/pdfgrabber-mac\\\/prix\\\/\",\"name\":\"PixelPlanet PdfTools - PdfGrabber \u00c9dition-Mac - Versions et prix\",\"isPartOf\":{\"@id\":\"https:\\\/\\\/www.pixelplanet.com\\\/fr\\\/#website\"},\"datePublished\":\"2018-08-17T13:31:04+00:00\",\"dateModified\":\"2021-10-26T11:08:54+00:00\",\"breadcrumb\":{\"@id\":\"https:\\\/\\\/www.pixelplanet.com\\\/fr\\\/pdfgrabber-mac\\\/prix\\\/#breadcrumb\"},\"inLanguage\":\"fr-FR\",\"potentialAction\":[{\"@type\":\"ReadAction\",\"target\":[\"https:\\\/\\\/www.pixelplanet.com\\\/fr\\\/pdfgrabber-mac\\\/prix\\\/\"]}]},{\"@type\":\"BreadcrumbList\",\"@id\":\"https:\\\/\\\/www.pixelplanet.com\\\/fr\\\/pdfgrabber-mac\\\/prix\\\/#breadcrumb\",\"itemListElement\":[{\"@type\":\"ListItem\",\"position\":1,\"name\":\"Home\",\"item\":\"https:\\\/\\\/www.pixelplanet.com\\\/fr\\\/\"},{\"@type\":\"ListItem\",\"position\":2,\"name\":\"PdfGrabber (Mac)\",\"item\":\"https:\\\/\\\/www.pixelplanet.com\\\/fr\\\/pdfgrabber-mac\\\/\"},{\"@type\":\"ListItem\",\"position\":3,\"name\":\"Prix et Versions\"}]},{\"@type\":\"WebSite\",\"@id\":\"https:\\\/\\\/www.pixelplanet.com\\\/fr\\\/#website\",\"url\":\"https:\\\/\\\/www.pixelplanet.com\\\/fr\\\/\",\"name\":\"PixelPlanet.com - Boutique pour les logiciels PDF\",\"description\":\"Edit, convert, create, merge and split PDF documents on Windows and Mac\",\"publisher\":{\"@id\":\"https:\\\/\\\/www.pixelplanet.com\\\/fr\\\/#organization\"},\"potentialAction\":[{\"@type\":\"SearchAction\",\"target\":{\"@type\":\"EntryPoint\",\"urlTemplate\":\"https:\\\/\\\/www.pixelplanet.com\\\/fr\\\/?s={search_term_string}\"},\"query-input\":{\"@type\":\"PropertyValueSpecification\",\"valueRequired\":true,\"valueName\":\"search_term_string\"}}],\"inLanguage\":\"fr-FR\"},{\"@type\":\"Organization\",\"@id\":\"https:\\\/\\\/www.pixelplanet.com\\\/fr\\\/#organization\",\"name\":\"PixelPlanet\",\"url\":\"https:\\\/\\\/www.pixelplanet.com\\\/fr\\\/\",\"logo\":{\"@type\":\"ImageObject\",\"inLanguage\":\"fr-FR\",\"@id\":\"https:\\\/\\\/www.pixelplanet.com\\\/fr\\\/#\\\/schema\\\/logo\\\/image\\\/\",\"url\":\"https:\\\/\\\/www.pixelplanet.com\\\/wp-content\\\/uploads\\\/2016\\\/12\\\/PixelPlanet-Logo-540x100.png\",\"contentUrl\":\"https:\\\/\\\/www.pixelplanet.com\\\/wp-content\\\/uploads\\\/2016\\\/12\\\/PixelPlanet-Logo-540x100.png\",\"width\":540,\"height\":100,\"caption\":\"PixelPlanet\"},\"image\":{\"@id\":\"https:\\\/\\\/www.pixelplanet.com\\\/fr\\\/#\\\/schema\\\/logo\\\/image\\\/\"},\"sameAs\":[\"https:\\\/\\\/www.facebook.com\\\/PixelPlanet\",\"https:\\\/\\\/x.com\\\/PixelPlanet\",\"https:\\\/\\\/www.instagram.com\\\/pixelplanet.software\\\/\",\"https:\\\/\\\/linkedin.com\\\/company\\\/pixelplanet-software\"]}]}<\/script>\n<!-- \/ Yoast SEO Premium plugin. -->","yoast_head_json":{"title":"PixelPlanet PdfTools - PdfGrabber \u00c9dition-Mac - Versions et prix","robots":{"index":"index","follow":"follow","max-snippet":"max-snippet:-1","max-image-preview":"max-image-preview:large","max-video-preview":"max-video-preview:-1"},"canonical":"https:\/\/www.pixelplanet.com\/fr\/pdfgrabber-mac\/prix\/","og_locale":"fr_FR","og_type":"article","og_title":"PdfGrabber \u00c9dition-Mac - Versions et prix","og_url":"https:\/\/www.pixelplanet.com\/fr\/pdfgrabber-mac\/prix\/","og_site_name":"PixelPlanet.com - Boutique pour les logiciels PDF","article_publisher":"https:\/\/www.facebook.com\/PixelPlanet","article_modified_time":"2021-10-26T11:08:54+00:00","og_image":[{"width":1200,"height":630,"url":"https:\/\/www.pixelplanet.com\/wp-content\/uploads\/2018\/02\/FaceBook-Homepage-DE-1200x630.jpg","type":"image\/jpeg"}],"twitter_card":"summary_large_image","twitter_title":"PixelPlanet - Prix et Versions","twitter_site":"@PixelPlanet","twitter_misc":{"Dur\u00e9e de lecture estim\u00e9e":"1 minute"},"schema":{"@context":"https:\/\/schema.org","@graph":[{"@type":"WebPage","@id":"https:\/\/www.pixelplanet.com\/fr\/pdfgrabber-mac\/prix\/","url":"https:\/\/www.pixelplanet.com\/fr\/pdfgrabber-mac\/prix\/","name":"PixelPlanet PdfTools - PdfGrabber \u00c9dition-Mac - Versions et prix","isPartOf":{"@id":"https:\/\/www.pixelplanet.com\/fr\/#website"},"datePublished":"2018-08-17T13:31:04+00:00","dateModified":"2021-10-26T11:08:54+00:00","breadcrumb":{"@id":"https:\/\/www.pixelplanet.com\/fr\/pdfgrabber-mac\/prix\/#breadcrumb"},"inLanguage":"fr-FR","potentialAction":[{"@type":"ReadAction","target":["https:\/\/www.pixelplanet.com\/fr\/pdfgrabber-mac\/prix\/"]}]},{"@type":"BreadcrumbList","@id":"https:\/\/www.pixelplanet.com\/fr\/pdfgrabber-mac\/prix\/#breadcrumb","itemListElement":[{"@type":"ListItem","position":1,"name":"Home","item":"https:\/\/www.pixelplanet.com\/fr\/"},{"@type":"ListItem","position":2,"name":"PdfGrabber (Mac)","item":"https:\/\/www.pixelplanet.com\/fr\/pdfgrabber-mac\/"},{"@type":"ListItem","position":3,"name":"Prix et Versions"}]},{"@type":"WebSite","@id":"https:\/\/www.pixelplanet.com\/fr\/#website","url":"https:\/\/www.pixelplanet.com\/fr\/","name":"PixelPlanet.com - Boutique pour les logiciels PDF","description":"Edit, convert, create, merge and split PDF documents on Windows and Mac","publisher":{"@id":"https:\/\/www.pixelplanet.com\/fr\/#organization"},"potentialAction":[{"@type":"SearchAction","target":{"@type":"EntryPoint","urlTemplate":"https:\/\/www.pixelplanet.com\/fr\/?s={search_term_string}"},"query-input":{"@type":"PropertyValueSpecification","valueRequired":true,"valueName":"search_term_string"}}],"inLanguage":"fr-FR"},{"@type":"Organization","@id":"https:\/\/www.pixelplanet.com\/fr\/#organization","name":"PixelPlanet","url":"https:\/\/www.pixelplanet.com\/fr\/","logo":{"@type":"ImageObject","inLanguage":"fr-FR","@id":"https:\/\/www.pixelplanet.com\/fr\/#\/schema\/logo\/image\/","url":"https:\/\/www.pixelplanet.com\/wp-content\/uploads\/2016\/12\/PixelPlanet-Logo-540x100.png","contentUrl":"https:\/\/www.pixelplanet.com\/wp-content\/uploads\/2016\/12\/PixelPlanet-Logo-540x100.png","width":540,"height":100,"caption":"PixelPlanet"},"image":{"@id":"https:\/\/www.pixelplanet.com\/fr\/#\/schema\/logo\/image\/"},"sameAs":["https:\/\/www.facebook.com\/PixelPlanet","https:\/\/x.com\/PixelPlanet","https:\/\/www.instagram.com\/pixelplanet.software\/","https:\/\/linkedin.com\/company\/pixelplanet-software"]}]}},"_links":{"self":[{"href":"https:\/\/www.pixelplanet.com\/fr\/wp-json\/wp\/v2\/pages\/16697","targetHints":{"allow":["GET"]}}],"collection":[{"href":"https:\/\/www.pixelplanet.com\/fr\/wp-json\/wp\/v2\/pages"}],"about":[{"href":"https:\/\/www.pixelplanet.com\/fr\/wp-json\/wp\/v2\/types\/page"}],"author":[{"embeddable":true,"href":"https:\/\/www.pixelplanet.com\/fr\/wp-json\/wp\/v2\/users\/1"}],"replies":[{"embeddable":true,"href":"https:\/\/www.pixelplanet.com\/fr\/wp-json\/wp\/v2\/comments?post=16697"}],"version-history":[{"count":0,"href":"https:\/\/www.pixelplanet.com\/fr\/wp-json\/wp\/v2\/pages\/16697\/revisions"}],"up":[{"embeddable":true,"href":"https:\/\/www.pixelplanet.com\/fr\/wp-json\/wp\/v2\/pages\/14443"}],"wp:attachment":[{"href":"https:\/\/www.pixelplanet.com\/fr\/wp-json\/wp\/v2\/media?parent=16697"}],"curies":[{"name":"wp","href":"https:\/\/api.w.org\/{rel}","templated":true}]}}