{"id":7021,"date":"2017-11-16T12:48:05","date_gmt":"2017-11-16T11:48:05","guid":{"rendered":"https:\/\/www.pixelplanet.com\/?page_id=7021"},"modified":"2018-08-06T20:01:41","modified_gmt":"2018-08-06T18:01:41","slug":"clause-de-non-responsabilite","status":"publish","type":"page","link":"https:\/\/www.pixelplanet.com\/fr\/boutique\/clause-de-non-responsabilite\/","title":{"rendered":"Clause de non-responsabilit\u00e9"},"content":{"rendered":"<h2>Clause de non-responsabilit\u00e9<\/h2>\n<p>1. Contenu<\/p>\n<p>L\u2019auteur se r\u00e9serve le droit de ne pas \u00eatre tenu pour responsable de la mise \u00e0 jour, de l\u2019exactitude, de l\u2019exhaustivit\u00e9 et de la qualit\u00e9 des informations fournies sur ce site web. Par cons\u00e9quent, l\u2019auteur d\u00e9cline toute responsabilit\u00e9 en cas de dommages cons\u00e9cutifs \u00e0 l\u2019utilisation d\u2019une quelconque information fournie sur ce site web, y compris si elle est incompl\u00e8te ou incorrecte.<br \/>\nToutes les offres sont sans engagement et sans obligation. L\u2019auteur se r\u00e9serve le droit de compl\u00e9ter, modifier ou supprimer partiellement ou totalement tout ou partie de la publication y compris les offres et les informations sans avis pr\u00e9alable.<\/p>\n<p>2. R\u00e9f\u00e9rences et liens<\/p>\n<p>L\u2019auteur n\u2019est pas responsable des contenus de sites Internet externes vers lesquels ou depuis lesquels des liens sont \u00e9tablis, \u00e0 moins qu\u2019il ait pleine connaissance du caract\u00e8re ill\u00e9gal de leur contenu et soit dans la possibilit\u00e9 d\u2019emp\u00eacher les visiteurs de son propre site d\u2019acc\u00e9der \u00e0 ces pages. Si de quelconques dommages se produisent en raison de l\u2019utilisation d\u2019informations pr\u00e9sent\u00e9es ici, seul l\u2019auteur des pages incrimin\u00e9es pourrait \u00eatre tenu comme responsable, et non celui qui a \u00e9tabli un lien vers ces pages. D\u2019autre part, l\u2019auteur ne peut \u00eatre tenu responsable d\u2019aucun courrier ou message provenant des utilisateurs des forums de discussion, des livres d\u2019or ou des listes de diffusion figurant sur cette page.<\/p>\n<p>3. Droit d\u2019auteur<\/p>\n<p>L\u2019auteur s\u2019est efforc\u00e9 de n\u2019utiliser sur ce site web aucun contenu prot\u00e9g\u00e9 par un droit d\u2019auteur, ou bien, le cas \u00e9ch\u00e9ant, a indiqu\u00e9 que le document en question faisait l\u2019objet d\u2019un droit d\u2019auteur.<br \/>\nL\u2019auteur se r\u00e9serve les droits de tout le mat\u00e9riel qu\u2019il a cr\u00e9\u00e9. Toute reproduction ou utilisation d\u2019objets tels que des images, des diagrammes, des sons ou des textes dans d\u2019autres publications \u00e9lectroniques ou imprim\u00e9es n\u2019est pas autoris\u00e9e sans l\u2019accord pr\u00e9alable de l\u2019auteur.<\/p>\n<p>4. Vie priv\u00e9e<\/p>\n<p>S\u2019il vous est offert l\u2019opportunit\u00e9 d\u2019entrer des donn\u00e9es personnelles ou professionnelles (adresse e-mail, nom, adresse), la saisie de ces donn\u00e9es est bas\u00e9e sur le volontariat. Dans la mesure o\u00f9 cela est techniquement r\u00e9alisable et acceptable, l\u2019utilisation et la r\u00e9mun\u00e9ration de tous les services offerts est autoris\u00e9e sans la mention de quelconques donn\u00e9es personnelles ou sous mention de donn\u00e9es rendues anonymes ou d\u2019un pseudonyme. L\u2019utilisation des adresses postales, num\u00e9ros de t\u00e9l\u00e9phone ou de fax et adresses e-mail \u00e0 des fins commerciales est interdite, tout exp\u00e9diteur de courrier ind\u00e9sirable sera puni.<\/p>\n<p>5. Validit\u00e9 l\u00e9gale de cette clause de non-responsabilit\u00e9<\/p>\n<p>Cette clause de non-responsabilit\u00e9 doit \u00eatre consid\u00e9r\u00e9e comme faisant partie de la publication Internet \u00e0 laquelle cette page fait r\u00e9f\u00e9rence. Dans le cas o\u00f9 des extraits ou quelques formulations de ce texte ne correspondraient plus, ou plus int\u00e9gralement, \u00e0 la loi en vigueur, les autres parties du document resteraient valables.<\/p>\n","protected":false},"excerpt":{"rendered":"<p>Clause de non-responsabilit\u00e9 1. Contenu L\u2019auteur se r\u00e9serve le droit de ne pas \u00eatre tenu pour responsable de la mise \u00e0 jour, de l\u2019exactitude, de l\u2019exhaustivit\u00e9 et de la qualit\u00e9 des informations fournies sur ce site web. Par cons\u00e9quent, l\u2019auteur d\u00e9cline toute responsabilit\u00e9 en cas de dommages cons\u00e9cutifs \u00e0 l\u2019utilisation d\u2019une quelconque information fournie sur&#8230;<\/p>\n","protected":false},"author":1,"featured_media":0,"parent":14188,"menu_order":5,"comment_status":"closed","ping_status":"closed","template":"","meta":{"footnotes":""},"class_list":["post-7021","page","type-page","status-publish","hentry"],"yoast_head":"<!-- This site is optimized with the Yoast SEO Premium plugin v27.4 (Yoast SEO v27.4) - https:\/\/yoast.com\/product\/yoast-seo-premium-wordpress\/ -->\n<title>PixelPlanet - Clause de non-responsabilit\u00e9<\/title>\n<meta name=\"robots\" content=\"noindex, follow\" \/>\n<meta property=\"og:locale\" content=\"fr_FR\" \/>\n<meta property=\"og:type\" content=\"article\" \/>\n<meta property=\"og:title\" content=\"PixelPlanet - Clause de non-responsabilit\u00e9\" \/>\n<meta property=\"og:description\" content=\"Clause de non-responsabilit\u00e9 1. Contenu L\u2019auteur se r\u00e9serve le droit de ne pas \u00eatre tenu pour responsable de la mise \u00e0 jour, de l\u2019exactitude, de l\u2019exhaustivit\u00e9 et de la qualit\u00e9 des informations fournies sur ce site web. Par cons\u00e9quent, l\u2019auteur d\u00e9cline toute responsabilit\u00e9 en cas de dommages cons\u00e9cutifs \u00e0 l\u2019utilisation d\u2019une quelconque information fournie sur...\" \/>\n<meta property=\"og:url\" content=\"https:\/\/www.pixelplanet.com\/fr\/boutique\/clause-de-non-responsabilite\/\" \/>\n<meta property=\"og:site_name\" content=\"PixelPlanet.com - Boutique pour les logiciels PDF\" \/>\n<meta property=\"article:publisher\" content=\"https:\/\/www.facebook.com\/PixelPlanet\" \/>\n<meta property=\"article:modified_time\" content=\"2018-08-06T18:01:41+00:00\" \/>\n<meta property=\"og:image\" content=\"https:\/\/www.pixelplanet.com\/wp-content\/uploads\/2018\/02\/FaceBook-Homepage-DE-1200x630.jpg\" \/>\n\t<meta property=\"og:image:width\" content=\"1200\" \/>\n\t<meta property=\"og:image:height\" content=\"630\" \/>\n\t<meta property=\"og:image:type\" content=\"image\/jpeg\" \/>\n<meta name=\"twitter:card\" content=\"summary_large_image\" \/>\n<meta name=\"twitter:site\" content=\"@PixelPlanet\" \/>\n<meta name=\"twitter:label1\" content=\"Dur\u00e9e de lecture estim\u00e9e\" \/>\n\t<meta name=\"twitter:data1\" content=\"3 minutes\" \/>\n<script type=\"application\/ld+json\" class=\"yoast-schema-graph\">{\"@context\":\"https:\\\/\\\/schema.org\",\"@graph\":[{\"@type\":\"WebPage\",\"@id\":\"https:\\\/\\\/www.pixelplanet.com\\\/fr\\\/boutique\\\/clause-de-non-responsabilite\\\/\",\"url\":\"https:\\\/\\\/www.pixelplanet.com\\\/fr\\\/boutique\\\/clause-de-non-responsabilite\\\/\",\"name\":\"PixelPlanet - Clause de non-responsabilit\u00e9\",\"isPartOf\":{\"@id\":\"https:\\\/\\\/www.pixelplanet.com\\\/fr\\\/#website\"},\"datePublished\":\"2017-11-16T11:48:05+00:00\",\"dateModified\":\"2018-08-06T18:01:41+00:00\",\"breadcrumb\":{\"@id\":\"https:\\\/\\\/www.pixelplanet.com\\\/fr\\\/boutique\\\/clause-de-non-responsabilite\\\/#breadcrumb\"},\"inLanguage\":\"fr-FR\",\"potentialAction\":[{\"@type\":\"ReadAction\",\"target\":[\"https:\\\/\\\/www.pixelplanet.com\\\/fr\\\/boutique\\\/clause-de-non-responsabilite\\\/\"]}]},{\"@type\":\"BreadcrumbList\",\"@id\":\"https:\\\/\\\/www.pixelplanet.com\\\/fr\\\/boutique\\\/clause-de-non-responsabilite\\\/#breadcrumb\",\"itemListElement\":[{\"@type\":\"ListItem\",\"position\":1,\"name\":\"Home\",\"item\":\"https:\\\/\\\/www.pixelplanet.com\\\/fr\\\/\"},{\"@type\":\"ListItem\",\"position\":2,\"name\":\"Boutique\",\"item\":\"https:\\\/\\\/www.pixelplanet.com\\\/fr\\\/boutique\\\/\"},{\"@type\":\"ListItem\",\"position\":3,\"name\":\"Clause de non-responsabilit\u00e9\"}]},{\"@type\":\"WebSite\",\"@id\":\"https:\\\/\\\/www.pixelplanet.com\\\/fr\\\/#website\",\"url\":\"https:\\\/\\\/www.pixelplanet.com\\\/fr\\\/\",\"name\":\"PixelPlanet.com - Boutique pour les logiciels PDF\",\"description\":\"Edit, convert, create, merge and split PDF documents on Windows and Mac\",\"publisher\":{\"@id\":\"https:\\\/\\\/www.pixelplanet.com\\\/fr\\\/#organization\"},\"potentialAction\":[{\"@type\":\"SearchAction\",\"target\":{\"@type\":\"EntryPoint\",\"urlTemplate\":\"https:\\\/\\\/www.pixelplanet.com\\\/fr\\\/?s={search_term_string}\"},\"query-input\":{\"@type\":\"PropertyValueSpecification\",\"valueRequired\":true,\"valueName\":\"search_term_string\"}}],\"inLanguage\":\"fr-FR\"},{\"@type\":\"Organization\",\"@id\":\"https:\\\/\\\/www.pixelplanet.com\\\/fr\\\/#organization\",\"name\":\"PixelPlanet\",\"url\":\"https:\\\/\\\/www.pixelplanet.com\\\/fr\\\/\",\"logo\":{\"@type\":\"ImageObject\",\"inLanguage\":\"fr-FR\",\"@id\":\"https:\\\/\\\/www.pixelplanet.com\\\/fr\\\/#\\\/schema\\\/logo\\\/image\\\/\",\"url\":\"https:\\\/\\\/www.pixelplanet.com\\\/wp-content\\\/uploads\\\/2016\\\/12\\\/PixelPlanet-Logo-540x100.png\",\"contentUrl\":\"https:\\\/\\\/www.pixelplanet.com\\\/wp-content\\\/uploads\\\/2016\\\/12\\\/PixelPlanet-Logo-540x100.png\",\"width\":540,\"height\":100,\"caption\":\"PixelPlanet\"},\"image\":{\"@id\":\"https:\\\/\\\/www.pixelplanet.com\\\/fr\\\/#\\\/schema\\\/logo\\\/image\\\/\"},\"sameAs\":[\"https:\\\/\\\/www.facebook.com\\\/PixelPlanet\",\"https:\\\/\\\/x.com\\\/PixelPlanet\",\"https:\\\/\\\/www.instagram.com\\\/pixelplanet.software\\\/\",\"https:\\\/\\\/linkedin.com\\\/company\\\/pixelplanet-software\"]}]}<\/script>\n<!-- \/ Yoast SEO Premium plugin. -->","yoast_head_json":{"title":"PixelPlanet - Clause de non-responsabilit\u00e9","robots":{"index":"noindex","follow":"follow"},"og_locale":"fr_FR","og_type":"article","og_title":"PixelPlanet - Clause de non-responsabilit\u00e9","og_description":"Clause de non-responsabilit\u00e9 1. Contenu L\u2019auteur se r\u00e9serve le droit de ne pas \u00eatre tenu pour responsable de la mise \u00e0 jour, de l\u2019exactitude, de l\u2019exhaustivit\u00e9 et de la qualit\u00e9 des informations fournies sur ce site web. Par cons\u00e9quent, l\u2019auteur d\u00e9cline toute responsabilit\u00e9 en cas de dommages cons\u00e9cutifs \u00e0 l\u2019utilisation d\u2019une quelconque information fournie sur...","og_url":"https:\/\/www.pixelplanet.com\/fr\/boutique\/clause-de-non-responsabilite\/","og_site_name":"PixelPlanet.com - Boutique pour les logiciels PDF","article_publisher":"https:\/\/www.facebook.com\/PixelPlanet","article_modified_time":"2018-08-06T18:01:41+00:00","og_image":[{"width":1200,"height":630,"url":"https:\/\/www.pixelplanet.com\/wp-content\/uploads\/2018\/02\/FaceBook-Homepage-DE-1200x630.jpg","type":"image\/jpeg"}],"twitter_card":"summary_large_image","twitter_site":"@PixelPlanet","twitter_misc":{"Dur\u00e9e de lecture estim\u00e9e":"3 minutes"},"schema":{"@context":"https:\/\/schema.org","@graph":[{"@type":"WebPage","@id":"https:\/\/www.pixelplanet.com\/fr\/boutique\/clause-de-non-responsabilite\/","url":"https:\/\/www.pixelplanet.com\/fr\/boutique\/clause-de-non-responsabilite\/","name":"PixelPlanet - Clause de non-responsabilit\u00e9","isPartOf":{"@id":"https:\/\/www.pixelplanet.com\/fr\/#website"},"datePublished":"2017-11-16T11:48:05+00:00","dateModified":"2018-08-06T18:01:41+00:00","breadcrumb":{"@id":"https:\/\/www.pixelplanet.com\/fr\/boutique\/clause-de-non-responsabilite\/#breadcrumb"},"inLanguage":"fr-FR","potentialAction":[{"@type":"ReadAction","target":["https:\/\/www.pixelplanet.com\/fr\/boutique\/clause-de-non-responsabilite\/"]}]},{"@type":"BreadcrumbList","@id":"https:\/\/www.pixelplanet.com\/fr\/boutique\/clause-de-non-responsabilite\/#breadcrumb","itemListElement":[{"@type":"ListItem","position":1,"name":"Home","item":"https:\/\/www.pixelplanet.com\/fr\/"},{"@type":"ListItem","position":2,"name":"Boutique","item":"https:\/\/www.pixelplanet.com\/fr\/boutique\/"},{"@type":"ListItem","position":3,"name":"Clause de non-responsabilit\u00e9"}]},{"@type":"WebSite","@id":"https:\/\/www.pixelplanet.com\/fr\/#website","url":"https:\/\/www.pixelplanet.com\/fr\/","name":"PixelPlanet.com - Boutique pour les logiciels PDF","description":"Edit, convert, create, merge and split PDF documents on Windows and Mac","publisher":{"@id":"https:\/\/www.pixelplanet.com\/fr\/#organization"},"potentialAction":[{"@type":"SearchAction","target":{"@type":"EntryPoint","urlTemplate":"https:\/\/www.pixelplanet.com\/fr\/?s={search_term_string}"},"query-input":{"@type":"PropertyValueSpecification","valueRequired":true,"valueName":"search_term_string"}}],"inLanguage":"fr-FR"},{"@type":"Organization","@id":"https:\/\/www.pixelplanet.com\/fr\/#organization","name":"PixelPlanet","url":"https:\/\/www.pixelplanet.com\/fr\/","logo":{"@type":"ImageObject","inLanguage":"fr-FR","@id":"https:\/\/www.pixelplanet.com\/fr\/#\/schema\/logo\/image\/","url":"https:\/\/www.pixelplanet.com\/wp-content\/uploads\/2016\/12\/PixelPlanet-Logo-540x100.png","contentUrl":"https:\/\/www.pixelplanet.com\/wp-content\/uploads\/2016\/12\/PixelPlanet-Logo-540x100.png","width":540,"height":100,"caption":"PixelPlanet"},"image":{"@id":"https:\/\/www.pixelplanet.com\/fr\/#\/schema\/logo\/image\/"},"sameAs":["https:\/\/www.facebook.com\/PixelPlanet","https:\/\/x.com\/PixelPlanet","https:\/\/www.instagram.com\/pixelplanet.software\/","https:\/\/linkedin.com\/company\/pixelplanet-software"]}]}},"_links":{"self":[{"href":"https:\/\/www.pixelplanet.com\/fr\/wp-json\/wp\/v2\/pages\/7021","targetHints":{"allow":["GET"]}}],"collection":[{"href":"https:\/\/www.pixelplanet.com\/fr\/wp-json\/wp\/v2\/pages"}],"about":[{"href":"https:\/\/www.pixelplanet.com\/fr\/wp-json\/wp\/v2\/types\/page"}],"author":[{"embeddable":true,"href":"https:\/\/www.pixelplanet.com\/fr\/wp-json\/wp\/v2\/users\/1"}],"replies":[{"embeddable":true,"href":"https:\/\/www.pixelplanet.com\/fr\/wp-json\/wp\/v2\/comments?post=7021"}],"version-history":[{"count":0,"href":"https:\/\/www.pixelplanet.com\/fr\/wp-json\/wp\/v2\/pages\/7021\/revisions"}],"up":[{"embeddable":true,"href":"https:\/\/www.pixelplanet.com\/fr\/wp-json\/wp\/v2\/pages\/14188"}],"wp:attachment":[{"href":"https:\/\/www.pixelplanet.com\/fr\/wp-json\/wp\/v2\/media?parent=7021"}],"curies":[{"name":"wp","href":"https:\/\/api.w.org\/{rel}","templated":true}]}}