{"id":7023,"date":"2017-11-16T12:48:58","date_gmt":"2017-11-16T11:48:58","guid":{"rendered":"https:\/\/www.pixelplanet.com\/?page_id=7023"},"modified":"2018-08-06T19:46:17","modified_gmt":"2018-08-06T17:46:17","slug":"retractation","status":"publish","type":"page","link":"https:\/\/www.pixelplanet.com\/fr\/boutique\/retractation\/","title":{"rendered":"Droit de r\u00e9tractation"},"content":{"rendered":"<h1>Droit de r\u00e9tractation<\/h1>\n<p>Les consommateurs au sens de l\u2019article 13 du BGB (code civil allemand) ont le droit d\u2019annuler le pr\u00e9sent contrat dans un d\u00e9lai de quatorze jours sans indication de motifs.<\/p>\n<p>Le d\u00e9lai de r\u00e9tractation est de quatorze jours \u00e0 compter de la date de conclusion du contrat.<\/p>\n<p>Pour exercer votre droit de r\u00e9tractation, vous devez nous (PixelPlanet GmbH, Hoyaer Str. 13, 28205 Br\u00eame, Allemagne, fax : +49 421 24778-24, info@pixelplanet.de) informer de votre d\u00e9cision d\u2019annuler le pr\u00e9sent contrat par une d\u00e9claration non \u00e9quivoque (par ex. par courrier postal, par t\u00e9l\u00e9fax ou par e-mail).<\/p>\n<p>Pour que le d\u00e9lai de r\u00e9tractation soit respect\u00e9, il vous suffit d\u2019envoyer votre d\u00e9claration d\u2019exercice du droit de r\u00e9tractation avant l\u2019expiration du d\u00e9lai de r\u00e9tractation.<\/p>\n<h5>Cons\u00e9quences de la r\u00e9tractation<\/h5>\n<p>En cas de r\u00e9tractation, nous vous rembourserons toutes les sommes que vous nous aurez vers\u00e9es, y compris les frais de livraison (\u00e0 l\u2019exception des co\u00fbts suppl\u00e9mentaires r\u00e9sultant de votre choix d\u2019un autre mode de livraison que le mode de livraison standard le moins on\u00e9reux que nous proposons) sans d\u00e9lai et au plus tard dans les quatorze jours suivant la r\u00e9ception par nos services de la notification de votre d\u00e9cision de vous r\u00e9tracter du pr\u00e9sent contrat.<\/p>\n<p>Pour ce remboursement, nous utilisons le m\u00eame mode de paiement que vous avez employ\u00e9 lors de la transaction initiale, sauf accord contraire conclu par \u00e9crit avec vous ; en aucun cas ce remboursement ne peut donner lieu \u00e0 une contrepartie financi\u00e8re.<\/p>\n","protected":false},"excerpt":{"rendered":"<p>Droit de r\u00e9tractation Les consommateurs au sens de l\u2019article 13 du BGB (code civil allemand) ont le droit d\u2019annuler le pr\u00e9sent contrat dans un d\u00e9lai de quatorze jours sans indication de motifs. Le d\u00e9lai de r\u00e9tractation est de quatorze jours \u00e0 compter de la date de conclusion du contrat. Pour exercer votre droit de r\u00e9tractation,&#8230;<\/p>\n","protected":false},"author":1,"featured_media":0,"parent":14188,"menu_order":3,"comment_status":"closed","ping_status":"closed","template":"","meta":{"footnotes":""},"class_list":["post-7023","page","type-page","status-publish","hentry"],"yoast_head":"<!-- This site is optimized with the Yoast SEO Premium plugin v27.4 (Yoast SEO v27.4) - https:\/\/yoast.com\/product\/yoast-seo-premium-wordpress\/ -->\n<title>PixelPlanet - Droit de r\u00e9tractation<\/title>\n<meta name=\"robots\" content=\"noindex, follow\" \/>\n<meta property=\"og:locale\" content=\"fr_FR\" \/>\n<meta property=\"og:type\" content=\"article\" \/>\n<meta property=\"og:title\" content=\"PixelPlanet - Droit de r\u00e9tractation\" \/>\n<meta property=\"og:description\" content=\"Droit de r\u00e9tractation Les consommateurs au sens de l\u2019article 13 du BGB (code civil allemand) ont le droit d\u2019annuler le pr\u00e9sent contrat dans un d\u00e9lai de quatorze jours sans indication de motifs. Le d\u00e9lai de r\u00e9tractation est de quatorze jours \u00e0 compter de la date de conclusion du contrat. Pour exercer votre droit de r\u00e9tractation,...\" \/>\n<meta property=\"og:url\" content=\"https:\/\/www.pixelplanet.com\/fr\/boutique\/retractation\/\" \/>\n<meta property=\"og:site_name\" content=\"PixelPlanet.com - Boutique pour les logiciels PDF\" \/>\n<meta property=\"article:publisher\" content=\"https:\/\/www.facebook.com\/PixelPlanet\" \/>\n<meta property=\"article:modified_time\" content=\"2018-08-06T17:46:17+00:00\" \/>\n<meta property=\"og:image\" content=\"https:\/\/www.pixelplanet.com\/wp-content\/uploads\/2018\/02\/FaceBook-Homepage-DE-1200x630.jpg\" \/>\n\t<meta property=\"og:image:width\" content=\"1200\" \/>\n\t<meta property=\"og:image:height\" content=\"630\" \/>\n\t<meta property=\"og:image:type\" content=\"image\/jpeg\" \/>\n<meta name=\"twitter:card\" content=\"summary_large_image\" \/>\n<meta name=\"twitter:site\" content=\"@PixelPlanet\" \/>\n<meta name=\"twitter:label1\" content=\"Dur\u00e9e de lecture estim\u00e9e\" \/>\n\t<meta name=\"twitter:data1\" content=\"1 minute\" \/>\n<script type=\"application\/ld+json\" class=\"yoast-schema-graph\">{\"@context\":\"https:\\\/\\\/schema.org\",\"@graph\":[{\"@type\":\"WebPage\",\"@id\":\"https:\\\/\\\/www.pixelplanet.com\\\/fr\\\/boutique\\\/retractation\\\/\",\"url\":\"https:\\\/\\\/www.pixelplanet.com\\\/fr\\\/boutique\\\/retractation\\\/\",\"name\":\"PixelPlanet - Droit de r\u00e9tractation\",\"isPartOf\":{\"@id\":\"https:\\\/\\\/www.pixelplanet.com\\\/fr\\\/#website\"},\"datePublished\":\"2017-11-16T11:48:58+00:00\",\"dateModified\":\"2018-08-06T17:46:17+00:00\",\"breadcrumb\":{\"@id\":\"https:\\\/\\\/www.pixelplanet.com\\\/fr\\\/boutique\\\/retractation\\\/#breadcrumb\"},\"inLanguage\":\"fr-FR\",\"potentialAction\":[{\"@type\":\"ReadAction\",\"target\":[\"https:\\\/\\\/www.pixelplanet.com\\\/fr\\\/boutique\\\/retractation\\\/\"]}]},{\"@type\":\"BreadcrumbList\",\"@id\":\"https:\\\/\\\/www.pixelplanet.com\\\/fr\\\/boutique\\\/retractation\\\/#breadcrumb\",\"itemListElement\":[{\"@type\":\"ListItem\",\"position\":1,\"name\":\"Home\",\"item\":\"https:\\\/\\\/www.pixelplanet.com\\\/fr\\\/\"},{\"@type\":\"ListItem\",\"position\":2,\"name\":\"Boutique\",\"item\":\"https:\\\/\\\/www.pixelplanet.com\\\/fr\\\/boutique\\\/\"},{\"@type\":\"ListItem\",\"position\":3,\"name\":\"Droit de r\u00e9tractation\"}]},{\"@type\":\"WebSite\",\"@id\":\"https:\\\/\\\/www.pixelplanet.com\\\/fr\\\/#website\",\"url\":\"https:\\\/\\\/www.pixelplanet.com\\\/fr\\\/\",\"name\":\"PixelPlanet.com - Boutique pour les logiciels PDF\",\"description\":\"Edit, convert, create, merge and split PDF documents on Windows and Mac\",\"publisher\":{\"@id\":\"https:\\\/\\\/www.pixelplanet.com\\\/fr\\\/#organization\"},\"potentialAction\":[{\"@type\":\"SearchAction\",\"target\":{\"@type\":\"EntryPoint\",\"urlTemplate\":\"https:\\\/\\\/www.pixelplanet.com\\\/fr\\\/?s={search_term_string}\"},\"query-input\":{\"@type\":\"PropertyValueSpecification\",\"valueRequired\":true,\"valueName\":\"search_term_string\"}}],\"inLanguage\":\"fr-FR\"},{\"@type\":\"Organization\",\"@id\":\"https:\\\/\\\/www.pixelplanet.com\\\/fr\\\/#organization\",\"name\":\"PixelPlanet\",\"url\":\"https:\\\/\\\/www.pixelplanet.com\\\/fr\\\/\",\"logo\":{\"@type\":\"ImageObject\",\"inLanguage\":\"fr-FR\",\"@id\":\"https:\\\/\\\/www.pixelplanet.com\\\/fr\\\/#\\\/schema\\\/logo\\\/image\\\/\",\"url\":\"https:\\\/\\\/www.pixelplanet.com\\\/wp-content\\\/uploads\\\/2016\\\/12\\\/PixelPlanet-Logo-540x100.png\",\"contentUrl\":\"https:\\\/\\\/www.pixelplanet.com\\\/wp-content\\\/uploads\\\/2016\\\/12\\\/PixelPlanet-Logo-540x100.png\",\"width\":540,\"height\":100,\"caption\":\"PixelPlanet\"},\"image\":{\"@id\":\"https:\\\/\\\/www.pixelplanet.com\\\/fr\\\/#\\\/schema\\\/logo\\\/image\\\/\"},\"sameAs\":[\"https:\\\/\\\/www.facebook.com\\\/PixelPlanet\",\"https:\\\/\\\/x.com\\\/PixelPlanet\",\"https:\\\/\\\/www.instagram.com\\\/pixelplanet.software\\\/\",\"https:\\\/\\\/linkedin.com\\\/company\\\/pixelplanet-software\"]}]}<\/script>\n<!-- \/ Yoast SEO Premium plugin. -->","yoast_head_json":{"title":"PixelPlanet - Droit de r\u00e9tractation","robots":{"index":"noindex","follow":"follow"},"og_locale":"fr_FR","og_type":"article","og_title":"PixelPlanet - Droit de r\u00e9tractation","og_description":"Droit de r\u00e9tractation Les consommateurs au sens de l\u2019article 13 du BGB (code civil allemand) ont le droit d\u2019annuler le pr\u00e9sent contrat dans un d\u00e9lai de quatorze jours sans indication de motifs. Le d\u00e9lai de r\u00e9tractation est de quatorze jours \u00e0 compter de la date de conclusion du contrat. Pour exercer votre droit de r\u00e9tractation,...","og_url":"https:\/\/www.pixelplanet.com\/fr\/boutique\/retractation\/","og_site_name":"PixelPlanet.com - Boutique pour les logiciels PDF","article_publisher":"https:\/\/www.facebook.com\/PixelPlanet","article_modified_time":"2018-08-06T17:46:17+00:00","og_image":[{"width":1200,"height":630,"url":"https:\/\/www.pixelplanet.com\/wp-content\/uploads\/2018\/02\/FaceBook-Homepage-DE-1200x630.jpg","type":"image\/jpeg"}],"twitter_card":"summary_large_image","twitter_site":"@PixelPlanet","twitter_misc":{"Dur\u00e9e de lecture estim\u00e9e":"1 minute"},"schema":{"@context":"https:\/\/schema.org","@graph":[{"@type":"WebPage","@id":"https:\/\/www.pixelplanet.com\/fr\/boutique\/retractation\/","url":"https:\/\/www.pixelplanet.com\/fr\/boutique\/retractation\/","name":"PixelPlanet - Droit de r\u00e9tractation","isPartOf":{"@id":"https:\/\/www.pixelplanet.com\/fr\/#website"},"datePublished":"2017-11-16T11:48:58+00:00","dateModified":"2018-08-06T17:46:17+00:00","breadcrumb":{"@id":"https:\/\/www.pixelplanet.com\/fr\/boutique\/retractation\/#breadcrumb"},"inLanguage":"fr-FR","potentialAction":[{"@type":"ReadAction","target":["https:\/\/www.pixelplanet.com\/fr\/boutique\/retractation\/"]}]},{"@type":"BreadcrumbList","@id":"https:\/\/www.pixelplanet.com\/fr\/boutique\/retractation\/#breadcrumb","itemListElement":[{"@type":"ListItem","position":1,"name":"Home","item":"https:\/\/www.pixelplanet.com\/fr\/"},{"@type":"ListItem","position":2,"name":"Boutique","item":"https:\/\/www.pixelplanet.com\/fr\/boutique\/"},{"@type":"ListItem","position":3,"name":"Droit de r\u00e9tractation"}]},{"@type":"WebSite","@id":"https:\/\/www.pixelplanet.com\/fr\/#website","url":"https:\/\/www.pixelplanet.com\/fr\/","name":"PixelPlanet.com - Boutique pour les logiciels PDF","description":"Edit, convert, create, merge and split PDF documents on Windows and Mac","publisher":{"@id":"https:\/\/www.pixelplanet.com\/fr\/#organization"},"potentialAction":[{"@type":"SearchAction","target":{"@type":"EntryPoint","urlTemplate":"https:\/\/www.pixelplanet.com\/fr\/?s={search_term_string}"},"query-input":{"@type":"PropertyValueSpecification","valueRequired":true,"valueName":"search_term_string"}}],"inLanguage":"fr-FR"},{"@type":"Organization","@id":"https:\/\/www.pixelplanet.com\/fr\/#organization","name":"PixelPlanet","url":"https:\/\/www.pixelplanet.com\/fr\/","logo":{"@type":"ImageObject","inLanguage":"fr-FR","@id":"https:\/\/www.pixelplanet.com\/fr\/#\/schema\/logo\/image\/","url":"https:\/\/www.pixelplanet.com\/wp-content\/uploads\/2016\/12\/PixelPlanet-Logo-540x100.png","contentUrl":"https:\/\/www.pixelplanet.com\/wp-content\/uploads\/2016\/12\/PixelPlanet-Logo-540x100.png","width":540,"height":100,"caption":"PixelPlanet"},"image":{"@id":"https:\/\/www.pixelplanet.com\/fr\/#\/schema\/logo\/image\/"},"sameAs":["https:\/\/www.facebook.com\/PixelPlanet","https:\/\/x.com\/PixelPlanet","https:\/\/www.instagram.com\/pixelplanet.software\/","https:\/\/linkedin.com\/company\/pixelplanet-software"]}]}},"_links":{"self":[{"href":"https:\/\/www.pixelplanet.com\/fr\/wp-json\/wp\/v2\/pages\/7023","targetHints":{"allow":["GET"]}}],"collection":[{"href":"https:\/\/www.pixelplanet.com\/fr\/wp-json\/wp\/v2\/pages"}],"about":[{"href":"https:\/\/www.pixelplanet.com\/fr\/wp-json\/wp\/v2\/types\/page"}],"author":[{"embeddable":true,"href":"https:\/\/www.pixelplanet.com\/fr\/wp-json\/wp\/v2\/users\/1"}],"replies":[{"embeddable":true,"href":"https:\/\/www.pixelplanet.com\/fr\/wp-json\/wp\/v2\/comments?post=7023"}],"version-history":[{"count":0,"href":"https:\/\/www.pixelplanet.com\/fr\/wp-json\/wp\/v2\/pages\/7023\/revisions"}],"up":[{"embeddable":true,"href":"https:\/\/www.pixelplanet.com\/fr\/wp-json\/wp\/v2\/pages\/14188"}],"wp:attachment":[{"href":"https:\/\/www.pixelplanet.com\/fr\/wp-json\/wp\/v2\/media?parent=7023"}],"curies":[{"name":"wp","href":"https:\/\/api.w.org\/{rel}","templated":true}]}}