{"id":7070,"date":"2017-11-16T14:44:35","date_gmt":"2017-11-16T13:44:35","guid":{"rendered":"https:\/\/www.pixelplanet.com\/?page_id=7070"},"modified":"2023-07-24T12:50:10","modified_gmt":"2023-07-24T10:50:10","slug":"contactez-nous","status":"publish","type":"page","link":"https:\/\/www.pixelplanet.com\/fr\/contactez-nous\/","title":{"rendered":"Contactez-nous"},"content":{"rendered":"<section class=\"l-section wpb_row height_huge width_full with_img\"><div class=\"l-section-img\" role=\"img\" aria-label=\"PixelPlanet Headquarter Bremen (Map)\" data-img-width=\"2336\" data-img-height=\"386\" style=\"background-image: url(https:\/\/www.pixelplanet.com\/wp-content\/uploads\/2019\/04\/contact-map-1.png);background-repeat: repeat-x;\"><\/div><div class=\"l-section-h i-cf\"><div class=\"g-cols vc_row via_flex valign_top type_default stacking_default\"><div class=\"vc_col-sm-12 wpb_column vc_column_container\"><div class=\"vc_column-inner\"><div class=\"wpb_wrapper\"><\/div><\/div><\/div><\/div><\/div><\/section><section class=\"l-section wpb_row height_medium\"><div class=\"l-section-h i-cf\"><div class=\"g-cols vc_row via_flex valign_top type_default stacking_default\" style=\"--additional-gap:10px;\"><div class=\"vc_col-sm-5 wpb_column vc_column_container\"><div class=\"vc_column-inner\"><div class=\"wpb_wrapper\"><div class=\"wpb_text_column us_custom_c45ec09c\"><div class=\"wpb_wrapper\"><h3>Adresse<\/h3>\n<\/div><\/div><div class=\"w-separator size_small\"><\/div><div class=\"w-iconbox iconpos_left style_default color_primary align_left no_text\"><div class=\"w-iconbox-icon\" style=\"font-size:26px;\"><i class=\"far fa-address-card\"><\/i><\/div><div class=\"w-iconbox-meta\"><div class=\"w-iconbox-title\">PixelPlanet GmbH<\/div><\/div><\/div><div class=\"w-iconbox iconpos_left style_default color_primary align_left no_text\"><div class=\"w-iconbox-icon\" style=\"font-size:26px;\"><\/div><div class=\"w-iconbox-meta\"><div class=\"w-iconbox-title\">Hoyaer Str. 13, 28205 Br\u00eame, Allemagne<\/div><\/div><\/div><div class=\"w-separator size_medium\"><\/div><div class=\"wpb_text_column us_custom_c45ec09c\"><div class=\"wpb_wrapper\"><h2>Mentions l\u00e9gales<\/h2>\n<\/div><\/div><div class=\"w-separator size_small\"><\/div><div class=\"w-iconbox iconpos_left style_default color_primary align_left no_text\"><div class=\"w-iconbox-icon\" style=\"font-size:26px;\"><i class=\"far fa-heart\"><\/i><\/div><div class=\"w-iconbox-meta\"><div class=\"w-iconbox-title\">Dirigeants : D. Carstensen, T. Kirsch<\/div><\/div><\/div><div class=\"ult-spacer spacer-69f46850606aa\" data-id=\"69f46850606aa\" data-height=\"10\" data-height-mobile=\"5\" data-height-tab=\"10\" data-height-tab-portrait=\"10\" data-height-mobile-landscape=\"5\" style=\"clear:both;display:block;\"><\/div><div class=\"w-iconbox iconpos_left style_default color_primary align_left no_text\"><div class=\"w-iconbox-icon\" style=\"font-size:26px;\"><i class=\"fas fa-gavel\"><\/i><\/div><div class=\"w-iconbox-meta\"><div class=\"w-iconbox-title\">Tribunal cantonal : Br\u00eame, Allemagne, HRB 21447<\/div><\/div><\/div><div class=\"ult-spacer spacer-69f4685060839\" data-id=\"69f4685060839\" data-height=\"10\" data-height-mobile=\"5\" data-height-tab=\"10\" data-height-tab-portrait=\"10\" data-height-mobile-landscape=\"5\" style=\"clear:both;display:block;\"><\/div><div class=\"w-iconbox iconpos_left style_default color_primary align_left no_text\"><div class=\"w-iconbox-icon\" style=\"font-size:26px;\"><i class=\"far fa-money-bill-alt\"><\/i><\/div><div class=\"w-iconbox-meta\"><div class=\"w-iconbox-title\">ID TVA : DE214403982<\/div><\/div><\/div><div class=\"ult-spacer spacer-69f46850609c4\" data-id=\"69f46850609c4\" data-height=\"10\" data-height-mobile=\"5\" data-height-tab=\"10\" data-height-tab-portrait=\"10\" data-height-mobile-landscape=\"5\" style=\"clear:both;display:block;\"><\/div><div class=\"w-iconbox iconpos_left style_default color_primary align_left no_text\"><div class=\"w-iconbox-icon\" style=\"font-size:26px;\"><i class=\"fas fa-ship\"><\/i><\/div><div class=\"w-iconbox-meta\"><div class=\"w-iconbox-title\">ID EORI : DE636883347446030<\/div><\/div><\/div><\/div><\/div><\/div><div class=\"vc_col-sm-7 wpb_column vc_column_container\"><div class=\"vc_column-inner\"><div class=\"wpb_wrapper\"><div class=\"wpb_text_column\"><div class=\"wpb_wrapper\"><h3>Comment pouvons-nous vous aider?<\/h3>\n<p>Remplissez simplement le formulaire suivant et nous nous mettrons aussit\u00f4t en relation avec vous. Pour faciliter notre t\u00e2che, veuillez remplir tous les champs.<\/p>\n<\/div><\/div><div class=\"w-separator size_small\"><\/div><form class=\"w-form  us-field-style_1 layout_ver show_message_after_sending for_cform us_form_1\" action=\"https:\/\/www.pixelplanet.com\/fr\/wp-json\/wp\/v2\/pages\/7070\" method=\"post\"><div class=\"w-form-h\"><div class=\"w-form-row for_text required with_icon\">\r\n\t\t<div class=\"w-form-row-field\">\r\n\t\t\t\t<i class=\"fas fa-user\"><\/i>\t\t<input aria-label=\"Votre nom\" type=\"text\" name=\"us_form_1_text_1\" value placeholder=\"Votre nom *\" data-required=\"true\" aria-required=\"true\"\/>\r\n\t\t\t<\/div>\r\n\t\t<div class=\"w-form-row-state\">Vous devez remplir ce champ<\/div>\r\n<\/div>\r\n<div class=\"w-form-row for_email required with_icon\">\r\n\t\t<div class=\"w-form-row-field\">\r\n\t\t\t\t<i class=\"fas fa-envelope\"><\/i>\t\t<input aria-label=\"Votre adresse email\" type=\"email\" name=\"us_form_1_email_1\" value placeholder=\"Votre adresse email *\" data-required=\"true\" aria-required=\"true\"\/>\r\n\t\t\t<\/div>\r\n\t\t<div class=\"w-form-row-state\">Veuillez saisir une adresse e-mail valide.<\/div>\r\n<\/div>\r\n<div class=\"w-form-row for_textarea required with_icon\">\r\n\t\t<div class=\"w-form-row-field\">\r\n\t\t\t\t<i class=\"fas fa-edit\"><\/i>\t\t<textarea aria-label=\"Votre message\" name=\"us_form_1_textarea_1\" placeholder=\"Votre message *\" data-required=\"true\" aria-required=\"true\"><\/textarea>\r\n\t\t\t<\/div>\r\n\t\t<div class=\"w-form-row-state\">Vous devez remplir ce champ<\/div>\r\n<\/div>\r\n<div class=\"w-form-row for_captcha has_label required with_icon\">\r\n\t<div class=\"w-form-row-label\">\r\n\t\t<span>Veuillez r\u00e9soudre le probl\u00e8me math\u00e9matique :  <span>30 - 7 = ?<\/span><\/span>\r\n\t<\/div>\r\n\t<div class=\"w-form-row-field\">\r\n\t\t\t\t<input type=\"hidden\" name=\"us_form_1_captcha_1_hash\" value=\"22353fcde5c3c995a2acc34da7387617\" \/>\r\n\t\t<i class=\"fas fa-calculator\"><\/i>\t\t<input aria-label=\"Veuillez r\u00e9soudre le probl\u00e8me math\u00e9matique : \" type=\"text\" name=\"us_form_1_captcha_1\" placeholder data-required=\"true\" aria-required=\"true\"\/>\r\n\t\t\t<\/div>\r\n\t\t<div class=\"w-form-row-state\">Entrer le r\u00e9sultat de l'op\u00e9ration pour continuer<\/div>\r\n<\/div>\r\n<input type=\"hidden\" name=\"action\" value=\"us_ajax_cform\" \/>\r\n<input type=\"hidden\" name=\"post_id\" value=\"0\" \/>\r\n<input type=\"hidden\" name=\"form_index\" value=\"1\" \/>\r\n<div class=\"w-form-row for_submit align_none\"><button class=\"w-btn us-btn-style_7 icon_atleft\" style=\"font-size:16px;\" type=\"submit\" aria-label=\"Envoyer le formulaire\"><span class=\"g-preloader type_1\"><\/span><i class=\"fas fa-paper-plane\"><\/i><span class=\"w-btn-label\">Envoyer le formulaire<\/span><\/button><\/div><\/div><div class=\"w-form-message\"><\/div><div class=\"w-form-json hidden\" onclick='return {&quot;ajaxurl&quot;:&quot;https:\\\/\\\/www.pixelplanet.com\\\/wp-admin\\\/admin-ajax.php&quot;,&quot;messages&quot;:{&quot;err_empty&quot;:&quot;Vous devez remplir ce champ&quot;,&quot;err_size&quot;:&quot;La taille du fichier ne peut pas d\\u00e9passer %s Mo&quot;,&quot;err_extension&quot;:&quot;Le type de fichier %s n&#039;est pas autoris\\u00e9&quot;,&quot;err_recaptcha_keys&quot;:&quot;Les cl\\u00e9s reCAPTCHA sont incorrectes&quot;}}'><\/div><\/form><div class=\"w-separator size_small\"><\/div><div class=\"wpb_text_column\"><div class=\"wpb_wrapper\"><p><strong>Protection des donn\u00e9es<\/strong> : Vos donn\u00e9es ne seront trait\u00e9es qu\u2019en interne et ne seront pas transmises \u00e0 des tiers. Afin d\u2019\u00e9viter toute utilisation abusive, en plus des donn\u00e9es saisies ici, nous transf\u00e9rons et stockons \u00e9galement votre adresse IP, le type de navigateur et le site Web \u00e0 partir duquel vous avez envoy\u00e9 le formulaire.<\/p>\n<\/div><\/div><\/div><\/div><\/div><\/div><\/div><\/section>\n","protected":false},"excerpt":{"rendered":"Adresse PixelPlanet GmbHHoyaer Str. 13, 28205 Br\u00eame, AllemagneMentions l\u00e9gales Dirigeants : D. Carstensen, T. KirschTribunal cantonal : Br\u00eame, Allemagne, HRB 21447ID TVA : DE214403982ID EORI : DE636883347446030Comment pouvons-nous vous aider? Remplissez simplement le formulaire suivant et nous nous mettrons aussit\u00f4t en relation avec vous. Pour faciliter notre t\u00e2che, veuillez remplir tous les champs. Vous devez...","protected":false},"author":1,"featured_media":0,"parent":0,"menu_order":0,"comment_status":"closed","ping_status":"closed","template":"","meta":{"footnotes":""},"class_list":["post-7070","page","type-page","status-publish","hentry"],"yoast_head":"<!-- This site is optimized with the Yoast SEO Premium plugin v27.5 (Yoast SEO v27.5) - https:\/\/yoast.com\/product\/yoast-seo-premium-wordpress\/ -->\n<title>PixelPlanet - Contactez-nous<\/title>\n<meta name=\"robots\" content=\"index, follow, max-snippet:-1, max-image-preview:large, max-video-preview:-1\" \/>\n<link rel=\"canonical\" href=\"https:\/\/www.pixelplanet.com\/fr\/contactez-nous\/\" \/>\n<meta property=\"og:locale\" content=\"fr_FR\" \/>\n<meta property=\"og:type\" content=\"article\" \/>\n<meta property=\"og:title\" content=\"PixelPlanet - Contactez-nous\" \/>\n<meta property=\"og:url\" content=\"https:\/\/www.pixelplanet.com\/fr\/contactez-nous\/\" \/>\n<meta property=\"og:site_name\" content=\"PixelPlanet.com - Boutique pour les logiciels PDF\" \/>\n<meta property=\"article:publisher\" content=\"https:\/\/www.facebook.com\/PixelPlanet\" \/>\n<meta property=\"article:modified_time\" content=\"2023-07-24T10:50:10+00:00\" \/>\n<meta property=\"og:image\" content=\"https:\/\/www.pixelplanet.com\/wp-content\/uploads\/2018\/02\/FaceBook-Homepage-DE-1200x630.jpg\" \/>\n\t<meta property=\"og:image:width\" content=\"1200\" \/>\n\t<meta property=\"og:image:height\" content=\"630\" \/>\n\t<meta property=\"og:image:type\" content=\"image\/jpeg\" \/>\n<meta name=\"twitter:card\" content=\"summary_large_image\" \/>\n<meta name=\"twitter:site\" content=\"@PixelPlanet\" \/>\n<meta name=\"twitter:label1\" content=\"Dur\u00e9e de lecture estim\u00e9e\" \/>\n\t<meta name=\"twitter:data1\" content=\"2 minutes\" \/>\n<script type=\"application\/ld+json\" class=\"yoast-schema-graph\">{\"@context\":\"https:\\\/\\\/schema.org\",\"@graph\":[{\"@type\":\"WebPage\",\"@id\":\"https:\\\/\\\/www.pixelplanet.com\\\/fr\\\/contactez-nous\\\/\",\"url\":\"https:\\\/\\\/www.pixelplanet.com\\\/fr\\\/contactez-nous\\\/\",\"name\":\"PixelPlanet - Contactez-nous\",\"isPartOf\":{\"@id\":\"https:\\\/\\\/www.pixelplanet.com\\\/fr\\\/#website\"},\"datePublished\":\"2017-11-16T13:44:35+00:00\",\"dateModified\":\"2023-07-24T10:50:10+00:00\",\"breadcrumb\":{\"@id\":\"https:\\\/\\\/www.pixelplanet.com\\\/fr\\\/contactez-nous\\\/#breadcrumb\"},\"inLanguage\":\"fr-FR\",\"potentialAction\":[{\"@type\":\"ReadAction\",\"target\":[\"https:\\\/\\\/www.pixelplanet.com\\\/fr\\\/contactez-nous\\\/\"]}]},{\"@type\":\"BreadcrumbList\",\"@id\":\"https:\\\/\\\/www.pixelplanet.com\\\/fr\\\/contactez-nous\\\/#breadcrumb\",\"itemListElement\":[{\"@type\":\"ListItem\",\"position\":1,\"name\":\"Home\",\"item\":\"https:\\\/\\\/www.pixelplanet.com\\\/fr\\\/\"},{\"@type\":\"ListItem\",\"position\":2,\"name\":\"Contactez-nous\"}]},{\"@type\":\"WebSite\",\"@id\":\"https:\\\/\\\/www.pixelplanet.com\\\/fr\\\/#website\",\"url\":\"https:\\\/\\\/www.pixelplanet.com\\\/fr\\\/\",\"name\":\"PixelPlanet.com - Boutique pour les logiciels PDF\",\"description\":\"Edit, convert, create, merge and split PDF documents on Windows and Mac\",\"publisher\":{\"@id\":\"https:\\\/\\\/www.pixelplanet.com\\\/fr\\\/#organization\"},\"potentialAction\":[{\"@type\":\"SearchAction\",\"target\":{\"@type\":\"EntryPoint\",\"urlTemplate\":\"https:\\\/\\\/www.pixelplanet.com\\\/fr\\\/?s={search_term_string}\"},\"query-input\":{\"@type\":\"PropertyValueSpecification\",\"valueRequired\":true,\"valueName\":\"search_term_string\"}}],\"inLanguage\":\"fr-FR\"},{\"@type\":\"Organization\",\"@id\":\"https:\\\/\\\/www.pixelplanet.com\\\/fr\\\/#organization\",\"name\":\"PixelPlanet\",\"url\":\"https:\\\/\\\/www.pixelplanet.com\\\/fr\\\/\",\"logo\":{\"@type\":\"ImageObject\",\"inLanguage\":\"fr-FR\",\"@id\":\"https:\\\/\\\/www.pixelplanet.com\\\/fr\\\/#\\\/schema\\\/logo\\\/image\\\/\",\"url\":\"https:\\\/\\\/www.pixelplanet.com\\\/wp-content\\\/uploads\\\/2016\\\/12\\\/PixelPlanet-Logo-540x100.png\",\"contentUrl\":\"https:\\\/\\\/www.pixelplanet.com\\\/wp-content\\\/uploads\\\/2016\\\/12\\\/PixelPlanet-Logo-540x100.png\",\"width\":540,\"height\":100,\"caption\":\"PixelPlanet\"},\"image\":{\"@id\":\"https:\\\/\\\/www.pixelplanet.com\\\/fr\\\/#\\\/schema\\\/logo\\\/image\\\/\"},\"sameAs\":[\"https:\\\/\\\/www.facebook.com\\\/PixelPlanet\",\"https:\\\/\\\/x.com\\\/PixelPlanet\",\"https:\\\/\\\/www.instagram.com\\\/pixelplanet.software\\\/\",\"https:\\\/\\\/linkedin.com\\\/company\\\/pixelplanet-software\"]}]}<\/script>\n<!-- \/ Yoast SEO Premium plugin. -->","yoast_head_json":{"title":"PixelPlanet - Contactez-nous","robots":{"index":"index","follow":"follow","max-snippet":"max-snippet:-1","max-image-preview":"max-image-preview:large","max-video-preview":"max-video-preview:-1"},"canonical":"https:\/\/www.pixelplanet.com\/fr\/contactez-nous\/","og_locale":"fr_FR","og_type":"article","og_title":"PixelPlanet - Contactez-nous","og_url":"https:\/\/www.pixelplanet.com\/fr\/contactez-nous\/","og_site_name":"PixelPlanet.com - Boutique pour les logiciels PDF","article_publisher":"https:\/\/www.facebook.com\/PixelPlanet","article_modified_time":"2023-07-24T10:50:10+00:00","og_image":[{"width":1200,"height":630,"url":"https:\/\/www.pixelplanet.com\/wp-content\/uploads\/2018\/02\/FaceBook-Homepage-DE-1200x630.jpg","type":"image\/jpeg"}],"twitter_card":"summary_large_image","twitter_site":"@PixelPlanet","twitter_misc":{"Dur\u00e9e de lecture estim\u00e9e":"2 minutes"},"schema":{"@context":"https:\/\/schema.org","@graph":[{"@type":"WebPage","@id":"https:\/\/www.pixelplanet.com\/fr\/contactez-nous\/","url":"https:\/\/www.pixelplanet.com\/fr\/contactez-nous\/","name":"PixelPlanet - Contactez-nous","isPartOf":{"@id":"https:\/\/www.pixelplanet.com\/fr\/#website"},"datePublished":"2017-11-16T13:44:35+00:00","dateModified":"2023-07-24T10:50:10+00:00","breadcrumb":{"@id":"https:\/\/www.pixelplanet.com\/fr\/contactez-nous\/#breadcrumb"},"inLanguage":"fr-FR","potentialAction":[{"@type":"ReadAction","target":["https:\/\/www.pixelplanet.com\/fr\/contactez-nous\/"]}]},{"@type":"BreadcrumbList","@id":"https:\/\/www.pixelplanet.com\/fr\/contactez-nous\/#breadcrumb","itemListElement":[{"@type":"ListItem","position":1,"name":"Home","item":"https:\/\/www.pixelplanet.com\/fr\/"},{"@type":"ListItem","position":2,"name":"Contactez-nous"}]},{"@type":"WebSite","@id":"https:\/\/www.pixelplanet.com\/fr\/#website","url":"https:\/\/www.pixelplanet.com\/fr\/","name":"PixelPlanet.com - Boutique pour les logiciels PDF","description":"Edit, convert, create, merge and split PDF documents on Windows and Mac","publisher":{"@id":"https:\/\/www.pixelplanet.com\/fr\/#organization"},"potentialAction":[{"@type":"SearchAction","target":{"@type":"EntryPoint","urlTemplate":"https:\/\/www.pixelplanet.com\/fr\/?s={search_term_string}"},"query-input":{"@type":"PropertyValueSpecification","valueRequired":true,"valueName":"search_term_string"}}],"inLanguage":"fr-FR"},{"@type":"Organization","@id":"https:\/\/www.pixelplanet.com\/fr\/#organization","name":"PixelPlanet","url":"https:\/\/www.pixelplanet.com\/fr\/","logo":{"@type":"ImageObject","inLanguage":"fr-FR","@id":"https:\/\/www.pixelplanet.com\/fr\/#\/schema\/logo\/image\/","url":"https:\/\/www.pixelplanet.com\/wp-content\/uploads\/2016\/12\/PixelPlanet-Logo-540x100.png","contentUrl":"https:\/\/www.pixelplanet.com\/wp-content\/uploads\/2016\/12\/PixelPlanet-Logo-540x100.png","width":540,"height":100,"caption":"PixelPlanet"},"image":{"@id":"https:\/\/www.pixelplanet.com\/fr\/#\/schema\/logo\/image\/"},"sameAs":["https:\/\/www.facebook.com\/PixelPlanet","https:\/\/x.com\/PixelPlanet","https:\/\/www.instagram.com\/pixelplanet.software\/","https:\/\/linkedin.com\/company\/pixelplanet-software"]}]}},"_links":{"self":[{"href":"https:\/\/www.pixelplanet.com\/fr\/wp-json\/wp\/v2\/pages\/7070","targetHints":{"allow":["GET"]}}],"collection":[{"href":"https:\/\/www.pixelplanet.com\/fr\/wp-json\/wp\/v2\/pages"}],"about":[{"href":"https:\/\/www.pixelplanet.com\/fr\/wp-json\/wp\/v2\/types\/page"}],"author":[{"embeddable":true,"href":"https:\/\/www.pixelplanet.com\/fr\/wp-json\/wp\/v2\/users\/1"}],"replies":[{"embeddable":true,"href":"https:\/\/www.pixelplanet.com\/fr\/wp-json\/wp\/v2\/comments?post=7070"}],"version-history":[{"count":0,"href":"https:\/\/www.pixelplanet.com\/fr\/wp-json\/wp\/v2\/pages\/7070\/revisions"}],"wp:attachment":[{"href":"https:\/\/www.pixelplanet.com\/fr\/wp-json\/wp\/v2\/media?parent=7070"}],"curies":[{"name":"wp","href":"https:\/\/api.w.org\/{rel}","templated":true}]}}