{"id":19111,"date":"2018-10-02T13:12:59","date_gmt":"2018-10-02T11:13:42","guid":{"rendered":"https:\/\/www.pixelplanet.com\/?post_type=product&#038;p=19111"},"modified":"2023-01-12T18:33:55","modified_gmt":"2023-01-12T17:33:55","slug":"pdfgrabber-mtn","status":"publish","type":"product","link":"https:\/\/www.pixelplanet.com\/fr\/produit\/pdfgrabber-mtn\/","title":{"rendered":"Maintenance pour PdfGrabber &#8211; Dur\u00e9e du contrat : 1 ann\u00e8e"},"content":{"rendered":"","protected":false},"excerpt":{"rendered":"<p>Dans le cadre de la maintenance, vous recevrez \u00e0 tout moment la version actuelle de PdfGrabber &#8211; y compris les versions pr\u00e9liminaires sur demande &#8211; ainsi qu&rsquo;un support pr\u00e9f\u00e9rentiel.<\/p>\n<p>La dur\u00e9e du contrat est de 1 an et se termine automatiquement. Nous vous contacterons en temps utile avant l&rsquo;expiration et vous demanderons si vous souhaitez prolonger le contrat pour une autre ann\u00e9e.<\/p>\n<p>Le contrat de maintenance est valable pour une licence PdfGrabber. Lors d&rsquo;une commande accompagn\u00e9e d&rsquo;une nouvelle licence, cette licence est automatiquement enregistr\u00e9e pour le contrat de maintenance.<\/p>\n<p>Si vous commandez un contrat de maintenance pour une licence existante, veuillez nous informer dans les 14 jours de la licence (nom de la licence + cl\u00e9 de licence) pour laquelle le contrat doit \u00eatre demand\u00e9.<\/p>\n","protected":false},"featured_media":18672,"template":"","meta":[],"product_brand":[],"product_cat":[194,329],"product_tag":[],"class_list":{"0":"post-19111","1":"product","2":"type-product","3":"status-publish","4":"has-post-thumbnail","6":"product_cat-pdfgrabber","7":"product_cat-windows","9":"first","10":"instock","11":"shipping-taxable","12":"purchasable","13":"product-type-variable"},"exclude_global_add_ons":false,"addons":[{"name":"Donn\u00e9es de licence","type":"heading","position":0,"required":false,"title_format":"label","default":"","description_enable":true,"description":"Veuillez indiquer le \"nom de licence\" auquel le contrat de maintenance doit s'appliquer (laissez vide si vous commandez la licence en m\u00eame temps que ce contrat de maintenance).","placeholder_enable":false,"placeholder":"","display":"select","restrictions_type":"any_text","adjust_price":false,"price":"","price_type":"flat_fee","restrictions":false,"min":"0","max":"0","options":[],"id":1673474368},{"name":"Donn\u00e9es de licence","type":"custom_text","position":1,"required":false,"title_format":"hide","default":"","description_enable":false,"description":"","placeholder_enable":false,"placeholder":"","display":"select","restrictions_type":"any_text","adjust_price":false,"price":"","price_type":"flat_fee","restrictions":false,"min":"0","max":"0","options":[],"id":1673474369}],"yoast_head":"<!-- This site is optimized with the Yoast SEO Premium plugin v27.4 (Yoast SEO v27.4) - https:\/\/yoast.com\/product\/yoast-seo-premium-wordpress\/ -->\n<title>PixelPlanet - Maintenance pour PdfGrabber - Dur\u00e9e du contrat : 1 ann\u00e8e<\/title>\n<meta name=\"robots\" content=\"noindex, follow\" \/>\n<meta property=\"og:locale\" content=\"fr_FR\" \/>\n<meta property=\"og:type\" content=\"article\" \/>\n<meta property=\"og:title\" content=\"PdfTools Shop - Maintenance pour PdfGrabber - Dur\u00e9e du contrat : 1 ann\u00e8e\" \/>\n<meta property=\"og:description\" content=\"Dans le cadre de la maintenance, vous recevrez \u00e0 tout moment la version actuelle de PdfGrabber - y compris les versions pr\u00e9liminaires sur demande - ainsi qu&#039;un support pr\u00e9f\u00e9rentiel.  La dur\u00e9e du contrat est de 1 an et se termine automatiquement. Nous vous contacterons en temps utile avant l&#039;expiration et vous demanderons si vous souhaitez prolonger le contrat pour une autre ann\u00e9e.  Le contrat de maintenance est valable pour une licence PdfGrabber. Lors d&#039;une commande accompagn\u00e9e d&#039;une nouvelle licence, cette licence est automatiquement enregistr\u00e9e pour le contrat de maintenance.  Si vous commandez un contrat de maintenance pour une licence existante, veuillez nous informer dans les 14 jours de la licence (nom de la licence + cl\u00e9 de licence) pour laquelle le contrat doit \u00eatre demand\u00e9.\" \/>\n<meta property=\"og:url\" content=\"https:\/\/www.pixelplanet.com\/fr\/produit\/pdfgrabber-mtn\/\" \/>\n<meta property=\"og:site_name\" content=\"PixelPlanet.com - Boutique pour les logiciels PDF\" \/>\n<meta property=\"article:publisher\" content=\"https:\/\/www.facebook.com\/PixelPlanet\" \/>\n<meta property=\"article:modified_time\" content=\"2023-01-12T17:33:55+00:00\" \/>\n<meta property=\"og:image\" content=\"https:\/\/www.pixelplanet.com\/wp-content\/uploads\/2018\/10\/Wartung-600x730.png\" \/>\n\t<meta property=\"og:image:width\" content=\"600\" \/>\n\t<meta property=\"og:image:height\" content=\"730\" \/>\n\t<meta property=\"og:image:type\" content=\"image\/png\" \/>\n<meta name=\"twitter:card\" content=\"summary_large_image\" \/>\n<meta name=\"twitter:site\" content=\"@PixelPlanet\" \/>\n<meta name=\"twitter:label1\" content=\"Disponibilit\u00e9\" \/>\n\t<meta name=\"twitter:data1\" content=\"En stock\" \/>\n<script type=\"application\/ld+json\" class=\"yoast-schema-graph\">{\"@context\":\"https:\\\/\\\/schema.org\",\"@graph\":[{\"@type\":\"WebPage\",\"@id\":\"https:\\\/\\\/www.pixelplanet.com\\\/fr\\\/produit\\\/pdfgrabber-mtn\\\/\",\"url\":\"https:\\\/\\\/www.pixelplanet.com\\\/fr\\\/produit\\\/pdfgrabber-mtn\\\/\",\"name\":\"PixelPlanet - Maintenance pour PdfGrabber - Dur\u00e9e du contrat : 1 ann\u00e8e\",\"isPartOf\":{\"@id\":\"https:\\\/\\\/www.pixelplanet.com\\\/fr\\\/#website\"},\"primaryImageOfPage\":{\"@id\":\"https:\\\/\\\/www.pixelplanet.com\\\/fr\\\/produit\\\/pdfgrabber-mtn\\\/#primaryimage\"},\"image\":{\"@id\":\"https:\\\/\\\/www.pixelplanet.com\\\/fr\\\/produit\\\/pdfgrabber-mtn\\\/#primaryimage\"},\"thumbnailUrl\":\"https:\\\/\\\/www.pixelplanet.com\\\/wp-content\\\/uploads\\\/2018\\\/10\\\/Wartung-600x730.png\",\"datePublished\":\"2018-10-02T11:13:42+00:00\",\"dateModified\":\"2023-01-12T17:33:55+00:00\",\"breadcrumb\":{\"@id\":\"https:\\\/\\\/www.pixelplanet.com\\\/fr\\\/produit\\\/pdfgrabber-mtn\\\/#breadcrumb\"},\"inLanguage\":\"fr-FR\",\"potentialAction\":[{\"@type\":\"ReadAction\",\"target\":[\"https:\\\/\\\/www.pixelplanet.com\\\/fr\\\/produit\\\/pdfgrabber-mtn\\\/\"]}]},{\"@type\":\"ImageObject\",\"inLanguage\":\"fr-FR\",\"@id\":\"https:\\\/\\\/www.pixelplanet.com\\\/fr\\\/produit\\\/pdfgrabber-mtn\\\/#primaryimage\",\"url\":\"https:\\\/\\\/www.pixelplanet.com\\\/wp-content\\\/uploads\\\/2018\\\/10\\\/Wartung-600x730.png\",\"contentUrl\":\"https:\\\/\\\/www.pixelplanet.com\\\/wp-content\\\/uploads\\\/2018\\\/10\\\/Wartung-600x730.png\",\"width\":600,\"height\":730,\"caption\":\"Maintenance\"},{\"@type\":\"BreadcrumbList\",\"@id\":\"https:\\\/\\\/www.pixelplanet.com\\\/fr\\\/produit\\\/pdfgrabber-mtn\\\/#breadcrumb\",\"itemListElement\":[{\"@type\":\"ListItem\",\"position\":1,\"name\":\"Home\",\"item\":\"https:\\\/\\\/www.pixelplanet.com\\\/fr\\\/\"},{\"@type\":\"ListItem\",\"position\":2,\"name\":\"Boutique\",\"item\":\"https:\\\/\\\/www.pixelplanet.com\\\/fr\\\/boutique\\\/\"},{\"@type\":\"ListItem\",\"position\":3,\"name\":\"Maintenance pour PdfGrabber &#8211; Dur\u00e9e du contrat : 1 ann\u00e8e\"}]},{\"@type\":\"WebSite\",\"@id\":\"https:\\\/\\\/www.pixelplanet.com\\\/fr\\\/#website\",\"url\":\"https:\\\/\\\/www.pixelplanet.com\\\/fr\\\/\",\"name\":\"PixelPlanet.com - Boutique pour les logiciels PDF\",\"description\":\"Edit, convert, create, merge and split PDF documents on Windows and Mac\",\"publisher\":{\"@id\":\"https:\\\/\\\/www.pixelplanet.com\\\/fr\\\/#organization\"},\"potentialAction\":[{\"@type\":\"SearchAction\",\"target\":{\"@type\":\"EntryPoint\",\"urlTemplate\":\"https:\\\/\\\/www.pixelplanet.com\\\/fr\\\/?s={search_term_string}\"},\"query-input\":{\"@type\":\"PropertyValueSpecification\",\"valueRequired\":true,\"valueName\":\"search_term_string\"}}],\"inLanguage\":\"fr-FR\"},{\"@type\":\"Organization\",\"@id\":\"https:\\\/\\\/www.pixelplanet.com\\\/fr\\\/#organization\",\"name\":\"PixelPlanet\",\"url\":\"https:\\\/\\\/www.pixelplanet.com\\\/fr\\\/\",\"logo\":{\"@type\":\"ImageObject\",\"inLanguage\":\"fr-FR\",\"@id\":\"https:\\\/\\\/www.pixelplanet.com\\\/fr\\\/#\\\/schema\\\/logo\\\/image\\\/\",\"url\":\"https:\\\/\\\/www.pixelplanet.com\\\/wp-content\\\/uploads\\\/2016\\\/12\\\/PixelPlanet-Logo-540x100.png\",\"contentUrl\":\"https:\\\/\\\/www.pixelplanet.com\\\/wp-content\\\/uploads\\\/2016\\\/12\\\/PixelPlanet-Logo-540x100.png\",\"width\":540,\"height\":100,\"caption\":\"PixelPlanet\"},\"image\":{\"@id\":\"https:\\\/\\\/www.pixelplanet.com\\\/fr\\\/#\\\/schema\\\/logo\\\/image\\\/\"},\"sameAs\":[\"https:\\\/\\\/www.facebook.com\\\/PixelPlanet\",\"https:\\\/\\\/x.com\\\/PixelPlanet\",\"https:\\\/\\\/www.instagram.com\\\/pixelplanet.software\\\/\",\"https:\\\/\\\/linkedin.com\\\/company\\\/pixelplanet-software\"]}]}<\/script>\n<meta property=\"og:availability\" content=\"instock\" \/>\n<meta property=\"product:availability\" content=\"instock\" \/>\n<meta property=\"product:condition\" content=\"new\" \/>\n<!-- \/ Yoast SEO Premium plugin. -->","yoast_head_json":{"title":"PixelPlanet - Maintenance pour PdfGrabber - Dur\u00e9e du contrat : 1 ann\u00e8e","robots":{"index":"noindex","follow":"follow"},"og_locale":"fr_FR","og_type":"article","og_title":"PdfTools Shop - Maintenance pour PdfGrabber - Dur\u00e9e du contrat : 1 ann\u00e8e","og_description":"Dans le cadre de la maintenance, vous recevrez \u00e0 tout moment la version actuelle de PdfGrabber - y compris les versions pr\u00e9liminaires sur demande - ainsi qu'un support pr\u00e9f\u00e9rentiel.  La dur\u00e9e du contrat est de 1 an et se termine automatiquement. Nous vous contacterons en temps utile avant l'expiration et vous demanderons si vous souhaitez prolonger le contrat pour une autre ann\u00e9e.  Le contrat de maintenance est valable pour une licence PdfGrabber. Lors d'une commande accompagn\u00e9e d'une nouvelle licence, cette licence est automatiquement enregistr\u00e9e pour le contrat de maintenance.  Si vous commandez un contrat de maintenance pour une licence existante, veuillez nous informer dans les 14 jours de la licence (nom de la licence + cl\u00e9 de licence) pour laquelle le contrat doit \u00eatre demand\u00e9.","og_url":"https:\/\/www.pixelplanet.com\/fr\/produit\/pdfgrabber-mtn\/","og_site_name":"PixelPlanet.com - Boutique pour les logiciels PDF","article_publisher":"https:\/\/www.facebook.com\/PixelPlanet","article_modified_time":"2023-01-12T17:33:55+00:00","og_image":[{"width":600,"height":730,"url":"https:\/\/www.pixelplanet.com\/wp-content\/uploads\/2018\/10\/Wartung-600x730.png","type":"image\/png"}],"twitter_card":"summary_large_image","twitter_site":"@PixelPlanet","twitter_misc":{"Disponibilit\u00e9":"En stock"},"schema":{"@context":"https:\/\/schema.org","@graph":[{"@type":"WebPage","@id":"https:\/\/www.pixelplanet.com\/fr\/produit\/pdfgrabber-mtn\/","url":"https:\/\/www.pixelplanet.com\/fr\/produit\/pdfgrabber-mtn\/","name":"PixelPlanet - Maintenance pour PdfGrabber - Dur\u00e9e du contrat : 1 ann\u00e8e","isPartOf":{"@id":"https:\/\/www.pixelplanet.com\/fr\/#website"},"primaryImageOfPage":{"@id":"https:\/\/www.pixelplanet.com\/fr\/produit\/pdfgrabber-mtn\/#primaryimage"},"image":{"@id":"https:\/\/www.pixelplanet.com\/fr\/produit\/pdfgrabber-mtn\/#primaryimage"},"thumbnailUrl":"https:\/\/www.pixelplanet.com\/wp-content\/uploads\/2018\/10\/Wartung-600x730.png","datePublished":"2018-10-02T11:13:42+00:00","dateModified":"2023-01-12T17:33:55+00:00","breadcrumb":{"@id":"https:\/\/www.pixelplanet.com\/fr\/produit\/pdfgrabber-mtn\/#breadcrumb"},"inLanguage":"fr-FR","potentialAction":[{"@type":"ReadAction","target":["https:\/\/www.pixelplanet.com\/fr\/produit\/pdfgrabber-mtn\/"]}]},{"@type":"ImageObject","inLanguage":"fr-FR","@id":"https:\/\/www.pixelplanet.com\/fr\/produit\/pdfgrabber-mtn\/#primaryimage","url":"https:\/\/www.pixelplanet.com\/wp-content\/uploads\/2018\/10\/Wartung-600x730.png","contentUrl":"https:\/\/www.pixelplanet.com\/wp-content\/uploads\/2018\/10\/Wartung-600x730.png","width":600,"height":730,"caption":"Maintenance"},{"@type":"BreadcrumbList","@id":"https:\/\/www.pixelplanet.com\/fr\/produit\/pdfgrabber-mtn\/#breadcrumb","itemListElement":[{"@type":"ListItem","position":1,"name":"Home","item":"https:\/\/www.pixelplanet.com\/fr\/"},{"@type":"ListItem","position":2,"name":"Boutique","item":"https:\/\/www.pixelplanet.com\/fr\/boutique\/"},{"@type":"ListItem","position":3,"name":"Maintenance pour PdfGrabber &#8211; Dur\u00e9e du contrat : 1 ann\u00e8e"}]},{"@type":"WebSite","@id":"https:\/\/www.pixelplanet.com\/fr\/#website","url":"https:\/\/www.pixelplanet.com\/fr\/","name":"PixelPlanet.com - Boutique pour les logiciels PDF","description":"Edit, convert, create, merge and split PDF documents on Windows and Mac","publisher":{"@id":"https:\/\/www.pixelplanet.com\/fr\/#organization"},"potentialAction":[{"@type":"SearchAction","target":{"@type":"EntryPoint","urlTemplate":"https:\/\/www.pixelplanet.com\/fr\/?s={search_term_string}"},"query-input":{"@type":"PropertyValueSpecification","valueRequired":true,"valueName":"search_term_string"}}],"inLanguage":"fr-FR"},{"@type":"Organization","@id":"https:\/\/www.pixelplanet.com\/fr\/#organization","name":"PixelPlanet","url":"https:\/\/www.pixelplanet.com\/fr\/","logo":{"@type":"ImageObject","inLanguage":"fr-FR","@id":"https:\/\/www.pixelplanet.com\/fr\/#\/schema\/logo\/image\/","url":"https:\/\/www.pixelplanet.com\/wp-content\/uploads\/2016\/12\/PixelPlanet-Logo-540x100.png","contentUrl":"https:\/\/www.pixelplanet.com\/wp-content\/uploads\/2016\/12\/PixelPlanet-Logo-540x100.png","width":540,"height":100,"caption":"PixelPlanet"},"image":{"@id":"https:\/\/www.pixelplanet.com\/fr\/#\/schema\/logo\/image\/"},"sameAs":["https:\/\/www.facebook.com\/PixelPlanet","https:\/\/x.com\/PixelPlanet","https:\/\/www.instagram.com\/pixelplanet.software\/","https:\/\/linkedin.com\/company\/pixelplanet-software"]}]},"og_availability":"instock","product_availability":"instock","product_condition":"new"},"_links":{"self":[{"href":"https:\/\/www.pixelplanet.com\/fr\/wp-json\/wp\/v2\/product\/19111","targetHints":{"allow":["GET"]}}],"collection":[{"href":"https:\/\/www.pixelplanet.com\/fr\/wp-json\/wp\/v2\/product"}],"about":[{"href":"https:\/\/www.pixelplanet.com\/fr\/wp-json\/wp\/v2\/types\/product"}],"wp:featuredmedia":[{"embeddable":true,"href":"https:\/\/www.pixelplanet.com\/fr\/wp-json\/wp\/v2\/media\/18672"}],"wp:attachment":[{"href":"https:\/\/www.pixelplanet.com\/fr\/wp-json\/wp\/v2\/media?parent=19111"}],"wp:term":[{"taxonomy":"product_brand","embeddable":true,"href":"https:\/\/www.pixelplanet.com\/fr\/wp-json\/wp\/v2\/product_brand?post=19111"},{"taxonomy":"product_cat","embeddable":true,"href":"https:\/\/www.pixelplanet.com\/fr\/wp-json\/wp\/v2\/product_cat?post=19111"},{"taxonomy":"product_tag","embeddable":true,"href":"https:\/\/www.pixelplanet.com\/fr\/wp-json\/wp\/v2\/product_tag?post=19111"}],"curies":[{"name":"wp","href":"https:\/\/api.w.org\/{rel}","templated":true}]}}