{"id":7077,"date":"2017-11-08T13:50:54","date_gmt":"2017-11-16T14:05:03","guid":{"rendered":"https:\/\/www.pixelplanet.com\/?post_type=product&#038;p=7077"},"modified":"2023-01-11T21:47:41","modified_gmt":"2023-01-11T20:47:41","slug":"pdfgrabber-professionnel","status":"publish","type":"product","link":"https:\/\/www.pixelplanet.com\/fr\/produit\/pdfgrabber-professionnel\/","title":{"rendered":"PdfGrabber 9 Professionnel"},"content":{"rendered":"<h4>Caract\u00e9ristiques<\/h4>\n<ul class=\"fa-ul\">\n<li><i class=\"fas fa-li fa-file-word\"><\/i> Convertir PDF en Word<\/li>\n<li><i class=\"fas fa-li fa-cogs\"><\/i> PDF vectoriels en CAO \/ DXF \/ AutoCAD<\/li>\n<li><i class=\"fas fa-li fa-file-powerpoint\"><\/i> PDF en PowerPoint<\/li>\n<li><i class=\"fas fa-li fa-file-alt\"><\/i> Convertir PDF en texte (ascii)<\/li>\n<li><i class=\"fas fa-li fa-file-excel\"><\/i> PDF en Excel<\/li>\n<li><i class=\"fab fa-li fa-html5\"><\/i> PDF en HTML<\/li>\n<li><i class=\"fas fa-li fa-book\"><\/i> PDF en en ePUB\/eBook<\/li>\n<li><i class=\"fas fa-li fa-file-code\"><\/i> PDF en XML<\/li>\n<li><i class=\"fas fa-li fa-image\"><\/i> Exporter des images de PDF<\/li>\n<li><i class=\"fas fa-li fa-image\"><\/i> Convertir des pages enti\u00e8res en une image<\/li>\n<li><i class=\"fas fa-li fa-magic\"><\/i> Possibilit\u00e9s de commande \u00e0 distance (ligne de commande, dossier contr\u00f4l\u00e9, interface COM)<\/li>\n<li><i class=\"fas fa-li fa-print\"><\/i> Cr\u00e9er des documents PDF via une imprimante PDF<\/li>\n<li><i class=\"fas fa-li fa-coin\"><\/i> Co\u00fbts de licence unique, sans abonnement, sans frais de suivi<\/li>\n<li><i class=\"fas fa-li fa-download\"><\/i> Mises \u00e0 jour gratuites dans la version 9<\/li>\n<li><i class=\"fas fa-li fa-heart\"><\/i> Validit\u00e9 illimit\u00e9e de votre licence<\/li>\n<li>et plus encore&#8230;<\/li>\n<\/ul>\n<p>Une liste des fonctionnalit\u00e9s est disponible <a href=\"https:\/\/www.pixelplanet.com\/fr\/pdfgrabber\/caracteristiques\/\">ici<\/a>.<\/p>\n","protected":false},"excerpt":{"rendered":"<h3>PDF en CAO, AutoCAD, DXF, Word, Excel, PowerPoint, HTML, ePub, TXT, XML et images<\/h3>\n<p>La version PdfGrabber Professionnel convertit les documents PDF en Word, Excel, RTF, TXT, images, HTML, ePub, Microsoft PowerPoint, AutoCAD\/CAO\/DXF et XML.<\/p>\n","protected":false},"featured_media":6814,"template":"","meta":[],"product_brand":[],"product_cat":[194,329],"product_tag":[220,222,217,233,235,237,241,243,245,247,249,346,360,363,369,370,371,372,374,376,378,379,381],"class_list":{"0":"post-7077","1":"product","2":"type-product","3":"status-publish","4":"has-post-thumbnail","6":"product_cat-pdfgrabber","7":"product_cat-windows","8":"product_tag-ascii","9":"product_tag-autocad","10":"product_tag-cao","11":"product_tag-doc","12":"product_tag-dxf","13":"product_tag-ebook","14":"product_tag-epub","15":"product_tag-excel","16":"product_tag-html","17":"product_tag-image","18":"product_tag-images","19":"product_tag-pdf","20":"product_tag-powerpoint","21":"product_tag-ppt","22":"product_tag-rtf","23":"product_tag-texte","24":"product_tag-txt","25":"product_tag-vecteur","26":"product_tag-win","27":"product_tag-windows","28":"product_tag-word","29":"product_tag-xls","30":"product_tag-xml","32":"first","33":"instock","34":"featured","35":"shipping-taxable","36":"purchasable","37":"product-type-variable","38":"has-default-attributes"},"exclude_global_add_ons":[],"addons":[],"yoast_head":"<!-- This site is optimized with the Yoast SEO Premium plugin v27.4 (Yoast SEO v27.4) - https:\/\/yoast.com\/product\/yoast-seo-premium-wordpress\/ -->\n<title>PdfGrabber 9 Pro : PDF en CAO, DXF, Word etc. - \u00e0 partir de 99\u20ac<\/title>\n<meta name=\"description\" content=\"La version PdfGrabber Professionnel convertit les documents PDF en Word, Excel, RTF, TXT, images, HTML, ePub, Microsoft PowerPoint, AutoCAD\/CAO\/DXF et XML.\" \/>\n<meta name=\"robots\" content=\"index, follow, max-snippet:-1, max-image-preview:large, max-video-preview:-1\" \/>\n<link rel=\"canonical\" href=\"https:\/\/www.pixelplanet.com\/fr\/produit\/pdfgrabber-professionnel\/\" \/>\n<meta property=\"og:locale\" content=\"fr_FR\" \/>\n<meta property=\"og:type\" content=\"article\" \/>\n<meta property=\"og:title\" content=\"PdfTools Shop - PdfGrabber 9 Professionnel\" \/>\n<meta property=\"og:description\" content=\"PDF en CAO, AutoCAD, DXF, Word, Excel, PowerPoint, HTML, ePub, TXT, XML et images La version PdfGrabber Professionnel convertit les documents PDF en Word, Excel, RTF, TXT, images, HTML, ePub, Microsoft PowerPoint, AutoCAD\/CAO\/DXF et XML.\" \/>\n<meta property=\"og:url\" content=\"https:\/\/www.pixelplanet.com\/fr\/produit\/pdfgrabber-professionnel\/\" \/>\n<meta property=\"og:site_name\" content=\"PixelPlanet.com - Boutique pour les logiciels PDF\" \/>\n<meta property=\"article:publisher\" content=\"https:\/\/www.facebook.com\/PixelPlanet\" \/>\n<meta property=\"article:modified_time\" content=\"2023-01-11T20:47:41+00:00\" \/>\n<meta property=\"og:image\" content=\"https:\/\/www.pixelplanet.com\/wp-content\/uploads\/2017\/11\/PdfGrabber-Boxshot-WINDOWS-PRO.png\" \/>\n\t<meta property=\"og:image:width\" content=\"312\" \/>\n\t<meta property=\"og:image:height\" content=\"380\" \/>\n\t<meta property=\"og:image:type\" content=\"image\/png\" \/>\n<meta name=\"twitter:card\" content=\"summary_large_image\" \/>\n<meta name=\"twitter:site\" content=\"@PixelPlanet\" \/>\n<meta name=\"twitter:label1\" content=\"Disponibilit\u00e9\" \/>\n\t<meta name=\"twitter:data1\" content=\"En stock\" \/>\n<script type=\"application\/ld+json\" class=\"yoast-schema-graph\">{\"@context\":\"https:\\\/\\\/schema.org\",\"@graph\":[{\"@type\":\"WebPage\",\"@id\":\"https:\\\/\\\/www.pixelplanet.com\\\/fr\\\/produit\\\/pdfgrabber-professionnel\\\/\",\"url\":\"https:\\\/\\\/www.pixelplanet.com\\\/fr\\\/produit\\\/pdfgrabber-professionnel\\\/\",\"name\":\"PdfGrabber 9 Pro : PDF en CAO, DXF, Word etc. - \u00e0 partir de 99\u20ac\",\"isPartOf\":{\"@id\":\"https:\\\/\\\/www.pixelplanet.com\\\/fr\\\/#website\"},\"primaryImageOfPage\":{\"@id\":\"https:\\\/\\\/www.pixelplanet.com\\\/fr\\\/produit\\\/pdfgrabber-professionnel\\\/#primaryimage\"},\"image\":{\"@id\":\"https:\\\/\\\/www.pixelplanet.com\\\/fr\\\/produit\\\/pdfgrabber-professionnel\\\/#primaryimage\"},\"thumbnailUrl\":\"https:\\\/\\\/www.pixelplanet.com\\\/wp-content\\\/uploads\\\/2017\\\/11\\\/PdfGrabber-Boxshot-WINDOWS-PRO.png\",\"datePublished\":\"2017-11-16T14:05:03+00:00\",\"dateModified\":\"2023-01-11T20:47:41+00:00\",\"description\":\"La version PdfGrabber Professionnel convertit les documents PDF en Word, Excel, RTF, TXT, images, HTML, ePub, Microsoft PowerPoint, AutoCAD\\\/CAO\\\/DXF et XML.\",\"breadcrumb\":{\"@id\":\"https:\\\/\\\/www.pixelplanet.com\\\/fr\\\/produit\\\/pdfgrabber-professionnel\\\/#breadcrumb\"},\"inLanguage\":\"fr-FR\",\"potentialAction\":[{\"@type\":\"ReadAction\",\"target\":[\"https:\\\/\\\/www.pixelplanet.com\\\/fr\\\/produit\\\/pdfgrabber-professionnel\\\/\"]}]},{\"@type\":\"ImageObject\",\"inLanguage\":\"fr-FR\",\"@id\":\"https:\\\/\\\/www.pixelplanet.com\\\/fr\\\/produit\\\/pdfgrabber-professionnel\\\/#primaryimage\",\"url\":\"https:\\\/\\\/www.pixelplanet.com\\\/wp-content\\\/uploads\\\/2017\\\/11\\\/PdfGrabber-Boxshot-WINDOWS-PRO.png\",\"contentUrl\":\"https:\\\/\\\/www.pixelplanet.com\\\/wp-content\\\/uploads\\\/2017\\\/11\\\/PdfGrabber-Boxshot-WINDOWS-PRO.png\",\"width\":312,\"height\":380},{\"@type\":\"BreadcrumbList\",\"@id\":\"https:\\\/\\\/www.pixelplanet.com\\\/fr\\\/produit\\\/pdfgrabber-professionnel\\\/#breadcrumb\",\"itemListElement\":[{\"@type\":\"ListItem\",\"position\":1,\"name\":\"Home\",\"item\":\"https:\\\/\\\/www.pixelplanet.com\\\/fr\\\/\"},{\"@type\":\"ListItem\",\"position\":2,\"name\":\"Boutique\",\"item\":\"https:\\\/\\\/www.pixelplanet.com\\\/fr\\\/boutique\\\/\"},{\"@type\":\"ListItem\",\"position\":3,\"name\":\"PdfGrabber 9 Professionnel\"}]},{\"@type\":\"WebSite\",\"@id\":\"https:\\\/\\\/www.pixelplanet.com\\\/fr\\\/#website\",\"url\":\"https:\\\/\\\/www.pixelplanet.com\\\/fr\\\/\",\"name\":\"PixelPlanet.com - Boutique pour les logiciels PDF\",\"description\":\"Edit, convert, create, merge and split PDF documents on Windows and Mac\",\"publisher\":{\"@id\":\"https:\\\/\\\/www.pixelplanet.com\\\/fr\\\/#organization\"},\"potentialAction\":[{\"@type\":\"SearchAction\",\"target\":{\"@type\":\"EntryPoint\",\"urlTemplate\":\"https:\\\/\\\/www.pixelplanet.com\\\/fr\\\/?s={search_term_string}\"},\"query-input\":{\"@type\":\"PropertyValueSpecification\",\"valueRequired\":true,\"valueName\":\"search_term_string\"}}],\"inLanguage\":\"fr-FR\"},{\"@type\":\"Organization\",\"@id\":\"https:\\\/\\\/www.pixelplanet.com\\\/fr\\\/#organization\",\"name\":\"PixelPlanet\",\"url\":\"https:\\\/\\\/www.pixelplanet.com\\\/fr\\\/\",\"logo\":{\"@type\":\"ImageObject\",\"inLanguage\":\"fr-FR\",\"@id\":\"https:\\\/\\\/www.pixelplanet.com\\\/fr\\\/#\\\/schema\\\/logo\\\/image\\\/\",\"url\":\"https:\\\/\\\/www.pixelplanet.com\\\/wp-content\\\/uploads\\\/2016\\\/12\\\/PixelPlanet-Logo-540x100.png\",\"contentUrl\":\"https:\\\/\\\/www.pixelplanet.com\\\/wp-content\\\/uploads\\\/2016\\\/12\\\/PixelPlanet-Logo-540x100.png\",\"width\":540,\"height\":100,\"caption\":\"PixelPlanet\"},\"image\":{\"@id\":\"https:\\\/\\\/www.pixelplanet.com\\\/fr\\\/#\\\/schema\\\/logo\\\/image\\\/\"},\"sameAs\":[\"https:\\\/\\\/www.facebook.com\\\/PixelPlanet\",\"https:\\\/\\\/x.com\\\/PixelPlanet\",\"https:\\\/\\\/www.instagram.com\\\/pixelplanet.software\\\/\",\"https:\\\/\\\/linkedin.com\\\/company\\\/pixelplanet-software\"]}]}<\/script>\n<meta property=\"og:availability\" content=\"instock\" \/>\n<meta property=\"product:availability\" content=\"instock\" \/>\n<meta property=\"product:retailer_item_id\" content=\"PG-Pro\" \/>\n<meta property=\"product:condition\" content=\"new\" \/>\n<!-- \/ Yoast SEO Premium plugin. -->","yoast_head_json":{"title":"PdfGrabber 9 Pro : PDF en CAO, DXF, Word etc. - \u00e0 partir de 99\u20ac","description":"La version PdfGrabber Professionnel convertit les documents PDF en Word, Excel, RTF, TXT, images, HTML, ePub, Microsoft PowerPoint, AutoCAD\/CAO\/DXF et XML.","robots":{"index":"index","follow":"follow","max-snippet":"max-snippet:-1","max-image-preview":"max-image-preview:large","max-video-preview":"max-video-preview:-1"},"canonical":"https:\/\/www.pixelplanet.com\/fr\/produit\/pdfgrabber-professionnel\/","og_locale":"fr_FR","og_type":"article","og_title":"PdfTools Shop - PdfGrabber 9 Professionnel","og_description":"PDF en CAO, AutoCAD, DXF, Word, Excel, PowerPoint, HTML, ePub, TXT, XML et images La version PdfGrabber Professionnel convertit les documents PDF en Word, Excel, RTF, TXT, images, HTML, ePub, Microsoft PowerPoint, AutoCAD\/CAO\/DXF et XML.","og_url":"https:\/\/www.pixelplanet.com\/fr\/produit\/pdfgrabber-professionnel\/","og_site_name":"PixelPlanet.com - Boutique pour les logiciels PDF","article_publisher":"https:\/\/www.facebook.com\/PixelPlanet","article_modified_time":"2023-01-11T20:47:41+00:00","og_image":[{"width":312,"height":380,"url":"https:\/\/www.pixelplanet.com\/wp-content\/uploads\/2017\/11\/PdfGrabber-Boxshot-WINDOWS-PRO.png","type":"image\/png"}],"twitter_card":"summary_large_image","twitter_site":"@PixelPlanet","twitter_misc":{"Disponibilit\u00e9":"En stock"},"schema":{"@context":"https:\/\/schema.org","@graph":[{"@type":"WebPage","@id":"https:\/\/www.pixelplanet.com\/fr\/produit\/pdfgrabber-professionnel\/","url":"https:\/\/www.pixelplanet.com\/fr\/produit\/pdfgrabber-professionnel\/","name":"PdfGrabber 9 Pro : PDF en CAO, DXF, Word etc. - \u00e0 partir de 99\u20ac","isPartOf":{"@id":"https:\/\/www.pixelplanet.com\/fr\/#website"},"primaryImageOfPage":{"@id":"https:\/\/www.pixelplanet.com\/fr\/produit\/pdfgrabber-professionnel\/#primaryimage"},"image":{"@id":"https:\/\/www.pixelplanet.com\/fr\/produit\/pdfgrabber-professionnel\/#primaryimage"},"thumbnailUrl":"https:\/\/www.pixelplanet.com\/wp-content\/uploads\/2017\/11\/PdfGrabber-Boxshot-WINDOWS-PRO.png","datePublished":"2017-11-16T14:05:03+00:00","dateModified":"2023-01-11T20:47:41+00:00","description":"La version PdfGrabber Professionnel convertit les documents PDF en Word, Excel, RTF, TXT, images, HTML, ePub, Microsoft PowerPoint, AutoCAD\/CAO\/DXF et XML.","breadcrumb":{"@id":"https:\/\/www.pixelplanet.com\/fr\/produit\/pdfgrabber-professionnel\/#breadcrumb"},"inLanguage":"fr-FR","potentialAction":[{"@type":"ReadAction","target":["https:\/\/www.pixelplanet.com\/fr\/produit\/pdfgrabber-professionnel\/"]}]},{"@type":"ImageObject","inLanguage":"fr-FR","@id":"https:\/\/www.pixelplanet.com\/fr\/produit\/pdfgrabber-professionnel\/#primaryimage","url":"https:\/\/www.pixelplanet.com\/wp-content\/uploads\/2017\/11\/PdfGrabber-Boxshot-WINDOWS-PRO.png","contentUrl":"https:\/\/www.pixelplanet.com\/wp-content\/uploads\/2017\/11\/PdfGrabber-Boxshot-WINDOWS-PRO.png","width":312,"height":380},{"@type":"BreadcrumbList","@id":"https:\/\/www.pixelplanet.com\/fr\/produit\/pdfgrabber-professionnel\/#breadcrumb","itemListElement":[{"@type":"ListItem","position":1,"name":"Home","item":"https:\/\/www.pixelplanet.com\/fr\/"},{"@type":"ListItem","position":2,"name":"Boutique","item":"https:\/\/www.pixelplanet.com\/fr\/boutique\/"},{"@type":"ListItem","position":3,"name":"PdfGrabber 9 Professionnel"}]},{"@type":"WebSite","@id":"https:\/\/www.pixelplanet.com\/fr\/#website","url":"https:\/\/www.pixelplanet.com\/fr\/","name":"PixelPlanet.com - Boutique pour les logiciels PDF","description":"Edit, convert, create, merge and split PDF documents on Windows and Mac","publisher":{"@id":"https:\/\/www.pixelplanet.com\/fr\/#organization"},"potentialAction":[{"@type":"SearchAction","target":{"@type":"EntryPoint","urlTemplate":"https:\/\/www.pixelplanet.com\/fr\/?s={search_term_string}"},"query-input":{"@type":"PropertyValueSpecification","valueRequired":true,"valueName":"search_term_string"}}],"inLanguage":"fr-FR"},{"@type":"Organization","@id":"https:\/\/www.pixelplanet.com\/fr\/#organization","name":"PixelPlanet","url":"https:\/\/www.pixelplanet.com\/fr\/","logo":{"@type":"ImageObject","inLanguage":"fr-FR","@id":"https:\/\/www.pixelplanet.com\/fr\/#\/schema\/logo\/image\/","url":"https:\/\/www.pixelplanet.com\/wp-content\/uploads\/2016\/12\/PixelPlanet-Logo-540x100.png","contentUrl":"https:\/\/www.pixelplanet.com\/wp-content\/uploads\/2016\/12\/PixelPlanet-Logo-540x100.png","width":540,"height":100,"caption":"PixelPlanet"},"image":{"@id":"https:\/\/www.pixelplanet.com\/fr\/#\/schema\/logo\/image\/"},"sameAs":["https:\/\/www.facebook.com\/PixelPlanet","https:\/\/x.com\/PixelPlanet","https:\/\/www.instagram.com\/pixelplanet.software\/","https:\/\/linkedin.com\/company\/pixelplanet-software"]}]},"og_availability":"instock","product_availability":"instock","product_retailer_item_id":"PG-Pro","product_condition":"new"},"_links":{"self":[{"href":"https:\/\/www.pixelplanet.com\/fr\/wp-json\/wp\/v2\/product\/7077","targetHints":{"allow":["GET"]}}],"collection":[{"href":"https:\/\/www.pixelplanet.com\/fr\/wp-json\/wp\/v2\/product"}],"about":[{"href":"https:\/\/www.pixelplanet.com\/fr\/wp-json\/wp\/v2\/types\/product"}],"wp:featuredmedia":[{"embeddable":true,"href":"https:\/\/www.pixelplanet.com\/fr\/wp-json\/wp\/v2\/media\/6814"}],"wp:attachment":[{"href":"https:\/\/www.pixelplanet.com\/fr\/wp-json\/wp\/v2\/media?parent=7077"}],"wp:term":[{"taxonomy":"product_brand","embeddable":true,"href":"https:\/\/www.pixelplanet.com\/fr\/wp-json\/wp\/v2\/product_brand?post=7077"},{"taxonomy":"product_cat","embeddable":true,"href":"https:\/\/www.pixelplanet.com\/fr\/wp-json\/wp\/v2\/product_cat?post=7077"},{"taxonomy":"product_tag","embeddable":true,"href":"https:\/\/www.pixelplanet.com\/fr\/wp-json\/wp\/v2\/product_tag?post=7077"}],"curies":[{"name":"wp","href":"https:\/\/api.w.org\/{rel}","templated":true}]}}