{"id":7115,"date":"2017-10-29T12:30:39","date_gmt":"2017-11-16T16:03:17","guid":{"rendered":"https:\/\/www.pixelplanet.com\/?post_type=product&#038;p=7115"},"modified":"2020-08-20T15:33:20","modified_gmt":"2020-08-20T13:33:20","slug":"pdfeditor-professionnel","status":"publish","type":"product","link":"https:\/\/www.pixelplanet.com\/fr\/produit\/pdfeditor-professionnel\/","title":{"rendered":"PdfEditor 4 Professionnel"},"content":{"rendered":"<h4>Caract\u00e9ristiques<\/h4>\n<ul class=\"fa-ul\">\n<li><i class=\"fas fa-li fa-pencil\"><\/i> \u00c9dition de textes, graphiques et d\u2019images directement dans le PDF<\/li>\n<li><i class=\"fas fa-li fa-eraser\"><\/i> Suppression de contenus gr\u00e2ce \u00e0 un vrai noircissement<\/li>\n<li><i class=\"fas fa-li fa-map-marker\"><\/i> Marquage de textes comme avec un surligneur<\/li>\n<li><i class=\"far fa-li fa-check-square\"><\/i> Cr\u00e9ation et remplissage de formulaires<\/li>\n<li><i class=\"fas fa-li fa-sign-in\"><\/i> Fusion de plusieurs documents dans un PDF<\/li>\n<li><i class=\"fas fa-li fa-sign-out\"><\/i> Scindement de PDF de plusieurs pages<\/li>\n<li><i class=\"fas fa-li fa-print\"><\/i> Cr\u00e9ation de PDF \u00e0 partir de toutes les applications imprimables<\/li>\n<li><i class=\"fas fa-li fa-coin\"><\/i> Co\u00fbts de licence unique, sans abonnement, sans frais de suivi<\/li>\n<li><i class=\"fas fa-li fa-download\"><\/i> Mises \u00e0 jour gratuites dans la version 4<\/li>\n<li><i class=\"fas fa-li fa-heart\"><\/i> Validit\u00e9 illimit\u00e9e de votre licence<\/li>\n<li>et plus encore&#8230;<\/li>\n<\/ul>\n<p>Une liste des fonctionnalit\u00e9s est disponible <a href=\"https:\/\/www.pixelplanet.com\/fr\/pdfeditor\/caracteristiques\/\">ici<\/a>.<\/p>\n","protected":false},"excerpt":{"rendered":"<h3>Modifier, \u00e9diter et combiner les PDF<\/h3>\n<p>PdfEditor est le logiciel id\u00e9al permettant d\u2019\u00e9diter et de modifier des documents PDF. Les textes, graphiques et autres objets peuvent \u00eatre directement \u00e9dit\u00e9s dans l\u2019\u00e9diteur.<\/p>\n<p>Ce logiciel ne vous permet pas seulement de modifier tous les contenus de la m\u00eame mani\u00e8re qu\u2019avec Adobe Acrobat \u00e0 un prix plus abordable. Il vous permet \u00e9galement de fusionner plusieurs PDF et d\u2019autres formats de fichiers (par ex. Word ou Excel) en un nouveau PDF, ainsi que de scinder des PDF tr\u00e8s volumineux en diff\u00e9rents documents (Split &amp; Merge).<\/p>\n","protected":false},"featured_media":6788,"template":"","meta":[],"product_brand":[],"product_cat":[192,329],"product_tag":[374,376],"class_list":{"0":"post-7115","1":"product","2":"type-product","3":"status-publish","4":"has-post-thumbnail","6":"product_cat-pdfeditor-windows","7":"product_cat-windows","8":"product_tag-win","9":"product_tag-windows","11":"first","12":"instock","13":"featured","14":"shipping-taxable","15":"purchasable","16":"product-type-variable","17":"has-default-attributes"},"exclude_global_add_ons":[],"addons":[],"yoast_head":"<!-- This site is optimized with the Yoast SEO Premium plugin v27.5 (Yoast SEO v27.5) - https:\/\/yoast.com\/product\/yoast-seo-premium-wordpress\/ -->\n<title>PdfEditor 4 : Modifier, cr\u00e9er et combiner des fichiers PDF - \u00e0 partir de 79\u20ac<\/title>\n<meta name=\"description\" content=\"PdfEditor est le logiciel id\u00e9al permettant d\u2019\u00e9diter et de modifier des documents PDF. Les textes, graphiques et autres objets peuvent \u00eatre directement \u00e9dit\u00e9s dans l\u2019\u00e9diteur.\" \/>\n<meta name=\"robots\" content=\"index, follow, max-snippet:-1, max-image-preview:large, max-video-preview:-1\" \/>\n<link rel=\"canonical\" href=\"https:\/\/www.pixelplanet.com\/fr\/produit\/pdfeditor-professionnel\/\" \/>\n<meta property=\"og:locale\" content=\"fr_FR\" \/>\n<meta property=\"og:type\" content=\"article\" \/>\n<meta property=\"og:title\" content=\"PdfTools Shop - PdfEditor 4 Professionnel\" \/>\n<meta property=\"og:description\" content=\"Modifier, \u00e9diter et combiner les PDF PdfEditor est le logiciel id\u00e9al permettant d\u2019\u00e9diter et de modifier des documents PDF. Les textes, graphiques et autres objets peuvent \u00eatre directement \u00e9dit\u00e9s dans l\u2019\u00e9diteur.  Ce logiciel ne vous permet pas seulement de modifier tous les contenus de la m\u00eame mani\u00e8re qu\u2019avec Adobe Acrobat \u00e0 un prix plus abordable. Il vous permet \u00e9galement de fusionner plusieurs PDF et d\u2019autres formats de fichiers (par ex. Word ou Excel) en un nouveau PDF, ainsi que de scinder des PDF tr\u00e8s volumineux en diff\u00e9rents documents (Split &amp; Merge).\" \/>\n<meta property=\"og:url\" content=\"https:\/\/www.pixelplanet.com\/fr\/produit\/pdfeditor-professionnel\/\" \/>\n<meta property=\"og:site_name\" content=\"PixelPlanet.com - Boutique pour les logiciels PDF\" \/>\n<meta property=\"article:publisher\" content=\"https:\/\/www.facebook.com\/PixelPlanet\" \/>\n<meta property=\"article:modified_time\" content=\"2020-08-20T13:33:20+00:00\" \/>\n<meta property=\"og:image\" content=\"https:\/\/www.pixelplanet.com\/wp-content\/uploads\/2017\/10\/PdfEditor-Boxshot-Windows-ENU.png\" \/>\n\t<meta property=\"og:image:width\" content=\"312\" \/>\n\t<meta property=\"og:image:height\" content=\"380\" \/>\n\t<meta property=\"og:image:type\" content=\"image\/png\" \/>\n<meta name=\"twitter:card\" content=\"summary_large_image\" \/>\n<meta name=\"twitter:site\" content=\"@PixelPlanet\" \/>\n<meta name=\"twitter:label1\" content=\"Disponibilit\u00e9\" \/>\n\t<meta name=\"twitter:data1\" content=\"En stock\" \/>\n<script type=\"application\/ld+json\" class=\"yoast-schema-graph\">{\"@context\":\"https:\\\/\\\/schema.org\",\"@graph\":[{\"@type\":\"WebPage\",\"@id\":\"https:\\\/\\\/www.pixelplanet.com\\\/fr\\\/produit\\\/pdfeditor-professionnel\\\/\",\"url\":\"https:\\\/\\\/www.pixelplanet.com\\\/fr\\\/produit\\\/pdfeditor-professionnel\\\/\",\"name\":\"PdfEditor 4 : Modifier, cr\u00e9er et combiner des fichiers PDF - \u00e0 partir de 79\u20ac\",\"isPartOf\":{\"@id\":\"https:\\\/\\\/www.pixelplanet.com\\\/fr\\\/#website\"},\"primaryImageOfPage\":{\"@id\":\"https:\\\/\\\/www.pixelplanet.com\\\/fr\\\/produit\\\/pdfeditor-professionnel\\\/#primaryimage\"},\"image\":{\"@id\":\"https:\\\/\\\/www.pixelplanet.com\\\/fr\\\/produit\\\/pdfeditor-professionnel\\\/#primaryimage\"},\"thumbnailUrl\":\"https:\\\/\\\/www.pixelplanet.com\\\/wp-content\\\/uploads\\\/2017\\\/10\\\/PdfEditor-Boxshot-Windows-ENU.png\",\"datePublished\":\"2017-11-16T16:03:17+00:00\",\"dateModified\":\"2020-08-20T13:33:20+00:00\",\"description\":\"PdfEditor est le logiciel id\u00e9al permettant d\u2019\u00e9diter et de modifier des documents PDF. Les textes, graphiques et autres objets peuvent \u00eatre directement \u00e9dit\u00e9s dans l\u2019\u00e9diteur.\",\"breadcrumb\":{\"@id\":\"https:\\\/\\\/www.pixelplanet.com\\\/fr\\\/produit\\\/pdfeditor-professionnel\\\/#breadcrumb\"},\"inLanguage\":\"fr-FR\",\"potentialAction\":[{\"@type\":\"ReadAction\",\"target\":[\"https:\\\/\\\/www.pixelplanet.com\\\/fr\\\/produit\\\/pdfeditor-professionnel\\\/\"]}]},{\"@type\":\"ImageObject\",\"inLanguage\":\"fr-FR\",\"@id\":\"https:\\\/\\\/www.pixelplanet.com\\\/fr\\\/produit\\\/pdfeditor-professionnel\\\/#primaryimage\",\"url\":\"https:\\\/\\\/www.pixelplanet.com\\\/wp-content\\\/uploads\\\/2017\\\/10\\\/PdfEditor-Boxshot-Windows-ENU.png\",\"contentUrl\":\"https:\\\/\\\/www.pixelplanet.com\\\/wp-content\\\/uploads\\\/2017\\\/10\\\/PdfEditor-Boxshot-Windows-ENU.png\",\"width\":312,\"height\":380},{\"@type\":\"BreadcrumbList\",\"@id\":\"https:\\\/\\\/www.pixelplanet.com\\\/fr\\\/produit\\\/pdfeditor-professionnel\\\/#breadcrumb\",\"itemListElement\":[{\"@type\":\"ListItem\",\"position\":1,\"name\":\"Home\",\"item\":\"https:\\\/\\\/www.pixelplanet.com\\\/fr\\\/\"},{\"@type\":\"ListItem\",\"position\":2,\"name\":\"Boutique\",\"item\":\"https:\\\/\\\/www.pixelplanet.com\\\/fr\\\/boutique\\\/\"},{\"@type\":\"ListItem\",\"position\":3,\"name\":\"PdfEditor 4 Professionnel\"}]},{\"@type\":\"WebSite\",\"@id\":\"https:\\\/\\\/www.pixelplanet.com\\\/fr\\\/#website\",\"url\":\"https:\\\/\\\/www.pixelplanet.com\\\/fr\\\/\",\"name\":\"PixelPlanet.com - Boutique pour les logiciels PDF\",\"description\":\"Edit, convert, create, merge and split PDF documents on Windows and Mac\",\"publisher\":{\"@id\":\"https:\\\/\\\/www.pixelplanet.com\\\/fr\\\/#organization\"},\"potentialAction\":[{\"@type\":\"SearchAction\",\"target\":{\"@type\":\"EntryPoint\",\"urlTemplate\":\"https:\\\/\\\/www.pixelplanet.com\\\/fr\\\/?s={search_term_string}\"},\"query-input\":{\"@type\":\"PropertyValueSpecification\",\"valueRequired\":true,\"valueName\":\"search_term_string\"}}],\"inLanguage\":\"fr-FR\"},{\"@type\":\"Organization\",\"@id\":\"https:\\\/\\\/www.pixelplanet.com\\\/fr\\\/#organization\",\"name\":\"PixelPlanet\",\"url\":\"https:\\\/\\\/www.pixelplanet.com\\\/fr\\\/\",\"logo\":{\"@type\":\"ImageObject\",\"inLanguage\":\"fr-FR\",\"@id\":\"https:\\\/\\\/www.pixelplanet.com\\\/fr\\\/#\\\/schema\\\/logo\\\/image\\\/\",\"url\":\"https:\\\/\\\/www.pixelplanet.com\\\/wp-content\\\/uploads\\\/2016\\\/12\\\/PixelPlanet-Logo-540x100.png\",\"contentUrl\":\"https:\\\/\\\/www.pixelplanet.com\\\/wp-content\\\/uploads\\\/2016\\\/12\\\/PixelPlanet-Logo-540x100.png\",\"width\":540,\"height\":100,\"caption\":\"PixelPlanet\"},\"image\":{\"@id\":\"https:\\\/\\\/www.pixelplanet.com\\\/fr\\\/#\\\/schema\\\/logo\\\/image\\\/\"},\"sameAs\":[\"https:\\\/\\\/www.facebook.com\\\/PixelPlanet\",\"https:\\\/\\\/x.com\\\/PixelPlanet\",\"https:\\\/\\\/www.instagram.com\\\/pixelplanet.software\\\/\",\"https:\\\/\\\/linkedin.com\\\/company\\\/pixelplanet-software\"]}]}<\/script>\n<meta property=\"og:availability\" content=\"instock\" \/>\n<meta property=\"product:availability\" content=\"instock\" \/>\n<meta property=\"product:retailer_item_id\" content=\"PdfEditor\" \/>\n<meta property=\"product:condition\" content=\"new\" \/>\n<!-- \/ Yoast SEO Premium plugin. -->","yoast_head_json":{"title":"PdfEditor 4 : Modifier, cr\u00e9er et combiner des fichiers PDF - \u00e0 partir de 79\u20ac","description":"PdfEditor est le logiciel id\u00e9al permettant d\u2019\u00e9diter et de modifier des documents PDF. Les textes, graphiques et autres objets peuvent \u00eatre directement \u00e9dit\u00e9s dans l\u2019\u00e9diteur.","robots":{"index":"index","follow":"follow","max-snippet":"max-snippet:-1","max-image-preview":"max-image-preview:large","max-video-preview":"max-video-preview:-1"},"canonical":"https:\/\/www.pixelplanet.com\/fr\/produit\/pdfeditor-professionnel\/","og_locale":"fr_FR","og_type":"article","og_title":"PdfTools Shop - PdfEditor 4 Professionnel","og_description":"Modifier, \u00e9diter et combiner les PDF PdfEditor est le logiciel id\u00e9al permettant d\u2019\u00e9diter et de modifier des documents PDF. Les textes, graphiques et autres objets peuvent \u00eatre directement \u00e9dit\u00e9s dans l\u2019\u00e9diteur.  Ce logiciel ne vous permet pas seulement de modifier tous les contenus de la m\u00eame mani\u00e8re qu\u2019avec Adobe Acrobat \u00e0 un prix plus abordable. Il vous permet \u00e9galement de fusionner plusieurs PDF et d\u2019autres formats de fichiers (par ex. Word ou Excel) en un nouveau PDF, ainsi que de scinder des PDF tr\u00e8s volumineux en diff\u00e9rents documents (Split &amp; Merge).","og_url":"https:\/\/www.pixelplanet.com\/fr\/produit\/pdfeditor-professionnel\/","og_site_name":"PixelPlanet.com - Boutique pour les logiciels PDF","article_publisher":"https:\/\/www.facebook.com\/PixelPlanet","article_modified_time":"2020-08-20T13:33:20+00:00","og_image":[{"width":312,"height":380,"url":"https:\/\/www.pixelplanet.com\/wp-content\/uploads\/2017\/10\/PdfEditor-Boxshot-Windows-ENU.png","type":"image\/png"}],"twitter_card":"summary_large_image","twitter_site":"@PixelPlanet","twitter_misc":{"Disponibilit\u00e9":"En stock"},"schema":{"@context":"https:\/\/schema.org","@graph":[{"@type":"WebPage","@id":"https:\/\/www.pixelplanet.com\/fr\/produit\/pdfeditor-professionnel\/","url":"https:\/\/www.pixelplanet.com\/fr\/produit\/pdfeditor-professionnel\/","name":"PdfEditor 4 : Modifier, cr\u00e9er et combiner des fichiers PDF - \u00e0 partir de 79\u20ac","isPartOf":{"@id":"https:\/\/www.pixelplanet.com\/fr\/#website"},"primaryImageOfPage":{"@id":"https:\/\/www.pixelplanet.com\/fr\/produit\/pdfeditor-professionnel\/#primaryimage"},"image":{"@id":"https:\/\/www.pixelplanet.com\/fr\/produit\/pdfeditor-professionnel\/#primaryimage"},"thumbnailUrl":"https:\/\/www.pixelplanet.com\/wp-content\/uploads\/2017\/10\/PdfEditor-Boxshot-Windows-ENU.png","datePublished":"2017-11-16T16:03:17+00:00","dateModified":"2020-08-20T13:33:20+00:00","description":"PdfEditor est le logiciel id\u00e9al permettant d\u2019\u00e9diter et de modifier des documents PDF. Les textes, graphiques et autres objets peuvent \u00eatre directement \u00e9dit\u00e9s dans l\u2019\u00e9diteur.","breadcrumb":{"@id":"https:\/\/www.pixelplanet.com\/fr\/produit\/pdfeditor-professionnel\/#breadcrumb"},"inLanguage":"fr-FR","potentialAction":[{"@type":"ReadAction","target":["https:\/\/www.pixelplanet.com\/fr\/produit\/pdfeditor-professionnel\/"]}]},{"@type":"ImageObject","inLanguage":"fr-FR","@id":"https:\/\/www.pixelplanet.com\/fr\/produit\/pdfeditor-professionnel\/#primaryimage","url":"https:\/\/www.pixelplanet.com\/wp-content\/uploads\/2017\/10\/PdfEditor-Boxshot-Windows-ENU.png","contentUrl":"https:\/\/www.pixelplanet.com\/wp-content\/uploads\/2017\/10\/PdfEditor-Boxshot-Windows-ENU.png","width":312,"height":380},{"@type":"BreadcrumbList","@id":"https:\/\/www.pixelplanet.com\/fr\/produit\/pdfeditor-professionnel\/#breadcrumb","itemListElement":[{"@type":"ListItem","position":1,"name":"Home","item":"https:\/\/www.pixelplanet.com\/fr\/"},{"@type":"ListItem","position":2,"name":"Boutique","item":"https:\/\/www.pixelplanet.com\/fr\/boutique\/"},{"@type":"ListItem","position":3,"name":"PdfEditor 4 Professionnel"}]},{"@type":"WebSite","@id":"https:\/\/www.pixelplanet.com\/fr\/#website","url":"https:\/\/www.pixelplanet.com\/fr\/","name":"PixelPlanet.com - Boutique pour les logiciels PDF","description":"Edit, convert, create, merge and split PDF documents on Windows and Mac","publisher":{"@id":"https:\/\/www.pixelplanet.com\/fr\/#organization"},"potentialAction":[{"@type":"SearchAction","target":{"@type":"EntryPoint","urlTemplate":"https:\/\/www.pixelplanet.com\/fr\/?s={search_term_string}"},"query-input":{"@type":"PropertyValueSpecification","valueRequired":true,"valueName":"search_term_string"}}],"inLanguage":"fr-FR"},{"@type":"Organization","@id":"https:\/\/www.pixelplanet.com\/fr\/#organization","name":"PixelPlanet","url":"https:\/\/www.pixelplanet.com\/fr\/","logo":{"@type":"ImageObject","inLanguage":"fr-FR","@id":"https:\/\/www.pixelplanet.com\/fr\/#\/schema\/logo\/image\/","url":"https:\/\/www.pixelplanet.com\/wp-content\/uploads\/2016\/12\/PixelPlanet-Logo-540x100.png","contentUrl":"https:\/\/www.pixelplanet.com\/wp-content\/uploads\/2016\/12\/PixelPlanet-Logo-540x100.png","width":540,"height":100,"caption":"PixelPlanet"},"image":{"@id":"https:\/\/www.pixelplanet.com\/fr\/#\/schema\/logo\/image\/"},"sameAs":["https:\/\/www.facebook.com\/PixelPlanet","https:\/\/x.com\/PixelPlanet","https:\/\/www.instagram.com\/pixelplanet.software\/","https:\/\/linkedin.com\/company\/pixelplanet-software"]}]},"og_availability":"instock","product_availability":"instock","product_retailer_item_id":"PdfEditor","product_condition":"new"},"_links":{"self":[{"href":"https:\/\/www.pixelplanet.com\/fr\/wp-json\/wp\/v2\/product\/7115","targetHints":{"allow":["GET"]}}],"collection":[{"href":"https:\/\/www.pixelplanet.com\/fr\/wp-json\/wp\/v2\/product"}],"about":[{"href":"https:\/\/www.pixelplanet.com\/fr\/wp-json\/wp\/v2\/types\/product"}],"wp:featuredmedia":[{"embeddable":true,"href":"https:\/\/www.pixelplanet.com\/fr\/wp-json\/wp\/v2\/media\/6788"}],"wp:attachment":[{"href":"https:\/\/www.pixelplanet.com\/fr\/wp-json\/wp\/v2\/media?parent=7115"}],"wp:term":[{"taxonomy":"product_brand","embeddable":true,"href":"https:\/\/www.pixelplanet.com\/fr\/wp-json\/wp\/v2\/product_brand?post=7115"},{"taxonomy":"product_cat","embeddable":true,"href":"https:\/\/www.pixelplanet.com\/fr\/wp-json\/wp\/v2\/product_cat?post=7115"},{"taxonomy":"product_tag","embeddable":true,"href":"https:\/\/www.pixelplanet.com\/fr\/wp-json\/wp\/v2\/product_tag?post=7115"}],"curies":[{"name":"wp","href":"https:\/\/api.w.org\/{rel}","templated":true}]}}