{"id":7120,"date":"2017-11-04T22:08:40","date_gmt":"2017-11-16T16:11:20","guid":{"rendered":"https:\/\/www.pixelplanet.com\/?post_type=product&#038;p=7120"},"modified":"2023-01-11T21:56:20","modified_gmt":"2023-01-11T20:56:20","slug":"pdfeditor-professionnel-pack-de-deux","status":"publish","type":"product","link":"https:\/\/www.pixelplanet.com\/fr\/produit\/pdfeditor-professionnel-pack-de-deux\/","title":{"rendered":"PdfEditor 4 Professionnel PACK DE DEUX"},"content":{"rendered":"<h4>Caract\u00e9ristiques<\/h4>\n<ul class=\"fa-ul\">\n<li><i class=\"fas fa-li fa-user\"><\/i> 2x PdfEditor Professionnel<\/li>\n<li><i class=\"fas fa-li fa-pencil\"><\/i> \u00c9dition de textes, graphiques et d\u2019images directement dans le PDF<\/li>\n<li><i class=\"fas fa-li fa-eraser\"><\/i> Suppression de contenus gr\u00e2ce \u00e0 un vrai noircissement<\/li>\n<li><i class=\"fas fa-li fa-map-marker\"><\/i> Marquage de textes comme avec un surligneur<\/li>\n<li><i class=\"far fa-li fa-check-square\"><\/i> Cr\u00e9ation et remplissage de formulaires<\/li>\n<li><i class=\"fas fa-li fa-sign-in\"><\/i> Fusion de plusieurs documents dans un PDF<\/li>\n<li><i class=\"fas fa-li fa-sign-out\"><\/i> Scindement de PDF de plusieurs pages<\/li>\n<li><i class=\"fas fa-li fa-print\"><\/i> Cr\u00e9ation de PDF \u00e0 partir de toutes les applications imprimables<\/li>\n<li><i class=\"fas fa-li fa-coin\"><\/i> Co\u00fbts de licence unique, sans abonnement, sans frais de suivi<\/li>\n<li><i class=\"fas fa-li fa-download\"><\/i> Mises \u00e0 jour gratuites dans la version 4<\/li>\n<li><i class=\"fas fa-li fa-heart\"><\/i> Validit\u00e9 illimit\u00e9e de votre licence<\/li>\n<li>et plus encore&#8230;<\/li>\n<\/ul>\n<p>Une liste des fonctionnalit\u00e9s est disponible <a href=\"https:\/\/www.pixelplanet.com\/fr\/pdfeditor\/caracteristiques\/\">ici<\/a>.<\/p>\n","protected":false},"excerpt":{"rendered":"<h3>Modifier, cr\u00e9er et combiner les fichiers PDF<\/h3>\n<p>PdfEditor est le logiciel id\u00e9al permettant d\u2019\u00e9diter et de modifier des documents PDF. Les textes, graphiques et autres objets peuvent \u00eatre directement \u00e9dit\u00e9s dans l\u2019\u00e9diteur.<\/p>\n<p>Ce logiciel ne vous permet pas seulement de modifier tous les contenus de la m\u00eame mani\u00e8re qu\u2019avec Adobe Acrobat \u00e0 un prix plus abordable. Il vous permet \u00e9galement de fusionner plusieurs PDF et d\u2019autres formats de fichiers (par ex. Word ou Excel) en un nouveau PDF, ainsi que de scinder des PDF tr\u00e8s volumineux en diff\u00e9rents documents (Split &amp; Merge).<\/p>\n<p><strong>PACK DE DEUX<\/strong> = 2x licence unique pour Windows (32 et 64bit)<\/p>\n","protected":false},"featured_media":6784,"template":"","meta":[],"product_brand":[],"product_cat":[189,321,192,329],"product_tag":[374,376],"class_list":{"0":"post-7120","1":"product","2":"type-product","3":"status-publish","4":"has-post-thumbnail","6":"product_cat-multi-utilisateurs","7":"product_cat-speciales","8":"product_cat-pdfeditor-windows","9":"product_cat-windows","10":"product_tag-win","11":"product_tag-windows","13":"first","14":"instock","15":"sale","16":"virtual","17":"purchasable","18":"product-type-simple"},"exclude_global_add_ons":[],"addons":[],"yoast_head":"<!-- This site is optimized with the Yoast SEO Premium plugin v27.4 (Yoast SEO v27.4) - https:\/\/yoast.com\/product\/yoast-seo-premium-wordpress\/ -->\n<title>PixelPlanet - PdfEditor 4 Professionnel PACK DE DEUX<\/title>\n<meta name=\"robots\" content=\"index, follow, max-snippet:-1, max-image-preview:large, max-video-preview:-1\" \/>\n<link rel=\"canonical\" href=\"https:\/\/www.pixelplanet.com\/fr\/produit\/pdfeditor-professionnel-pack-de-deux\/\" \/>\n<meta property=\"og:locale\" content=\"fr_FR\" \/>\n<meta property=\"og:type\" content=\"article\" \/>\n<meta property=\"og:title\" content=\"PdfTools Shop - PdfEditor 4 Professionnel PACK DE DEUX\" \/>\n<meta property=\"og:description\" content=\"Modifier, cr\u00e9er et combiner les fichiers PDF PdfEditor est le logiciel id\u00e9al permettant d\u2019\u00e9diter et de modifier des documents PDF. Les textes, graphiques et autres objets peuvent \u00eatre directement \u00e9dit\u00e9s dans l\u2019\u00e9diteur.  Ce logiciel ne vous permet pas seulement de modifier tous les contenus de la m\u00eame mani\u00e8re qu\u2019avec Adobe Acrobat \u00e0 un prix plus abordable. Il vous permet \u00e9galement de fusionner plusieurs PDF et d\u2019autres formats de fichiers (par ex. Word ou Excel) en un nouveau PDF, ainsi que de scinder des PDF tr\u00e8s volumineux en diff\u00e9rents documents (Split &amp; Merge).  PACK DE DEUX = 2x licence unique pour Windows (32 et 64bit)\" \/>\n<meta property=\"og:url\" content=\"https:\/\/www.pixelplanet.com\/fr\/produit\/pdfeditor-professionnel-pack-de-deux\/\" \/>\n<meta property=\"og:site_name\" content=\"PixelPlanet.com - Boutique pour les logiciels PDF\" \/>\n<meta property=\"article:publisher\" content=\"https:\/\/www.facebook.com\/PixelPlanet\" \/>\n<meta property=\"article:modified_time\" content=\"2023-01-11T20:56:20+00:00\" \/>\n<meta property=\"og:image\" content=\"https:\/\/www.pixelplanet.com\/wp-content\/uploads\/2017\/10\/PdfEditor-Boxshot-Windows-2x-ENU.png\" \/>\n\t<meta property=\"og:image:width\" content=\"312\" \/>\n\t<meta property=\"og:image:height\" content=\"380\" \/>\n\t<meta property=\"og:image:type\" content=\"image\/png\" \/>\n<meta name=\"twitter:card\" content=\"summary_large_image\" \/>\n<meta name=\"twitter:site\" content=\"@PixelPlanet\" \/>\n<meta name=\"twitter:label1\" content=\"Prix\" \/>\n\t<meta name=\"twitter:data1\" content=\"119,00&nbsp;&euro;\" \/>\n\t<meta name=\"twitter:label2\" content=\"Disponibilit\u00e9\" \/>\n\t<meta name=\"twitter:data2\" content=\"En stock\" \/>\n<script type=\"application\/ld+json\" class=\"yoast-schema-graph\">{\"@context\":\"https:\\\/\\\/schema.org\",\"@graph\":[{\"@type\":\"WebPage\",\"@id\":\"https:\\\/\\\/www.pixelplanet.com\\\/fr\\\/produit\\\/pdfeditor-professionnel-pack-de-deux\\\/\",\"url\":\"https:\\\/\\\/www.pixelplanet.com\\\/fr\\\/produit\\\/pdfeditor-professionnel-pack-de-deux\\\/\",\"name\":\"PixelPlanet - PdfEditor 4 Professionnel PACK DE DEUX\",\"isPartOf\":{\"@id\":\"https:\\\/\\\/www.pixelplanet.com\\\/fr\\\/#website\"},\"primaryImageOfPage\":{\"@id\":\"https:\\\/\\\/www.pixelplanet.com\\\/fr\\\/produit\\\/pdfeditor-professionnel-pack-de-deux\\\/#primaryimage\"},\"image\":{\"@id\":\"https:\\\/\\\/www.pixelplanet.com\\\/fr\\\/produit\\\/pdfeditor-professionnel-pack-de-deux\\\/#primaryimage\"},\"thumbnailUrl\":\"https:\\\/\\\/www.pixelplanet.com\\\/wp-content\\\/uploads\\\/2017\\\/10\\\/PdfEditor-Boxshot-Windows-2x-ENU.png\",\"datePublished\":\"2017-11-16T16:11:20+00:00\",\"dateModified\":\"2023-01-11T20:56:20+00:00\",\"breadcrumb\":{\"@id\":\"https:\\\/\\\/www.pixelplanet.com\\\/fr\\\/produit\\\/pdfeditor-professionnel-pack-de-deux\\\/#breadcrumb\"},\"inLanguage\":\"fr-FR\",\"potentialAction\":[{\"@type\":\"ReadAction\",\"target\":[\"https:\\\/\\\/www.pixelplanet.com\\\/fr\\\/produit\\\/pdfeditor-professionnel-pack-de-deux\\\/\"]}]},{\"@type\":\"ImageObject\",\"inLanguage\":\"fr-FR\",\"@id\":\"https:\\\/\\\/www.pixelplanet.com\\\/fr\\\/produit\\\/pdfeditor-professionnel-pack-de-deux\\\/#primaryimage\",\"url\":\"https:\\\/\\\/www.pixelplanet.com\\\/wp-content\\\/uploads\\\/2017\\\/10\\\/PdfEditor-Boxshot-Windows-2x-ENU.png\",\"contentUrl\":\"https:\\\/\\\/www.pixelplanet.com\\\/wp-content\\\/uploads\\\/2017\\\/10\\\/PdfEditor-Boxshot-Windows-2x-ENU.png\",\"width\":312,\"height\":380},{\"@type\":\"BreadcrumbList\",\"@id\":\"https:\\\/\\\/www.pixelplanet.com\\\/fr\\\/produit\\\/pdfeditor-professionnel-pack-de-deux\\\/#breadcrumb\",\"itemListElement\":[{\"@type\":\"ListItem\",\"position\":1,\"name\":\"Home\",\"item\":\"https:\\\/\\\/www.pixelplanet.com\\\/fr\\\/\"},{\"@type\":\"ListItem\",\"position\":2,\"name\":\"Boutique\",\"item\":\"https:\\\/\\\/www.pixelplanet.com\\\/fr\\\/boutique\\\/\"},{\"@type\":\"ListItem\",\"position\":3,\"name\":\"PdfEditor 4 Professionnel PACK DE DEUX\"}]},{\"@type\":\"WebSite\",\"@id\":\"https:\\\/\\\/www.pixelplanet.com\\\/fr\\\/#website\",\"url\":\"https:\\\/\\\/www.pixelplanet.com\\\/fr\\\/\",\"name\":\"PixelPlanet.com - Boutique pour les logiciels PDF\",\"description\":\"Edit, convert, create, merge and split PDF documents on Windows and Mac\",\"publisher\":{\"@id\":\"https:\\\/\\\/www.pixelplanet.com\\\/fr\\\/#organization\"},\"potentialAction\":[{\"@type\":\"SearchAction\",\"target\":{\"@type\":\"EntryPoint\",\"urlTemplate\":\"https:\\\/\\\/www.pixelplanet.com\\\/fr\\\/?s={search_term_string}\"},\"query-input\":{\"@type\":\"PropertyValueSpecification\",\"valueRequired\":true,\"valueName\":\"search_term_string\"}}],\"inLanguage\":\"fr-FR\"},{\"@type\":\"Organization\",\"@id\":\"https:\\\/\\\/www.pixelplanet.com\\\/fr\\\/#organization\",\"name\":\"PixelPlanet\",\"url\":\"https:\\\/\\\/www.pixelplanet.com\\\/fr\\\/\",\"logo\":{\"@type\":\"ImageObject\",\"inLanguage\":\"fr-FR\",\"@id\":\"https:\\\/\\\/www.pixelplanet.com\\\/fr\\\/#\\\/schema\\\/logo\\\/image\\\/\",\"url\":\"https:\\\/\\\/www.pixelplanet.com\\\/wp-content\\\/uploads\\\/2016\\\/12\\\/PixelPlanet-Logo-540x100.png\",\"contentUrl\":\"https:\\\/\\\/www.pixelplanet.com\\\/wp-content\\\/uploads\\\/2016\\\/12\\\/PixelPlanet-Logo-540x100.png\",\"width\":540,\"height\":100,\"caption\":\"PixelPlanet\"},\"image\":{\"@id\":\"https:\\\/\\\/www.pixelplanet.com\\\/fr\\\/#\\\/schema\\\/logo\\\/image\\\/\"},\"sameAs\":[\"https:\\\/\\\/www.facebook.com\\\/PixelPlanet\",\"https:\\\/\\\/x.com\\\/PixelPlanet\",\"https:\\\/\\\/www.instagram.com\\\/pixelplanet.software\\\/\",\"https:\\\/\\\/linkedin.com\\\/company\\\/pixelplanet-software\"]}]}<\/script>\n<meta property=\"product:price:amount\" content=\"119.00\" \/>\n<meta property=\"product:price:currency\" content=\"EUR\" \/>\n<meta property=\"og:availability\" content=\"instock\" \/>\n<meta property=\"product:availability\" content=\"instock\" \/>\n<meta property=\"product:retailer_item_id\" content=\"EN304000-DOUBLE\" \/>\n<meta property=\"product:condition\" content=\"new\" \/>\n<!-- \/ Yoast SEO Premium plugin. -->","yoast_head_json":{"title":"PixelPlanet - PdfEditor 4 Professionnel PACK DE DEUX","robots":{"index":"index","follow":"follow","max-snippet":"max-snippet:-1","max-image-preview":"max-image-preview:large","max-video-preview":"max-video-preview:-1"},"canonical":"https:\/\/www.pixelplanet.com\/fr\/produit\/pdfeditor-professionnel-pack-de-deux\/","og_locale":"fr_FR","og_type":"article","og_title":"PdfTools Shop - PdfEditor 4 Professionnel PACK DE DEUX","og_description":"Modifier, cr\u00e9er et combiner les fichiers PDF PdfEditor est le logiciel id\u00e9al permettant d\u2019\u00e9diter et de modifier des documents PDF. Les textes, graphiques et autres objets peuvent \u00eatre directement \u00e9dit\u00e9s dans l\u2019\u00e9diteur.  Ce logiciel ne vous permet pas seulement de modifier tous les contenus de la m\u00eame mani\u00e8re qu\u2019avec Adobe Acrobat \u00e0 un prix plus abordable. Il vous permet \u00e9galement de fusionner plusieurs PDF et d\u2019autres formats de fichiers (par ex. Word ou Excel) en un nouveau PDF, ainsi que de scinder des PDF tr\u00e8s volumineux en diff\u00e9rents documents (Split &amp; Merge).  PACK DE DEUX = 2x licence unique pour Windows (32 et 64bit)","og_url":"https:\/\/www.pixelplanet.com\/fr\/produit\/pdfeditor-professionnel-pack-de-deux\/","og_site_name":"PixelPlanet.com - Boutique pour les logiciels PDF","article_publisher":"https:\/\/www.facebook.com\/PixelPlanet","article_modified_time":"2023-01-11T20:56:20+00:00","og_image":[{"width":312,"height":380,"url":"https:\/\/www.pixelplanet.com\/wp-content\/uploads\/2017\/10\/PdfEditor-Boxshot-Windows-2x-ENU.png","type":"image\/png"}],"twitter_card":"summary_large_image","twitter_site":"@PixelPlanet","twitter_misc":{"Prix":"119,00&nbsp;&euro;","Disponibilit\u00e9":"En stock"},"schema":{"@context":"https:\/\/schema.org","@graph":[{"@type":"WebPage","@id":"https:\/\/www.pixelplanet.com\/fr\/produit\/pdfeditor-professionnel-pack-de-deux\/","url":"https:\/\/www.pixelplanet.com\/fr\/produit\/pdfeditor-professionnel-pack-de-deux\/","name":"PixelPlanet - PdfEditor 4 Professionnel PACK DE DEUX","isPartOf":{"@id":"https:\/\/www.pixelplanet.com\/fr\/#website"},"primaryImageOfPage":{"@id":"https:\/\/www.pixelplanet.com\/fr\/produit\/pdfeditor-professionnel-pack-de-deux\/#primaryimage"},"image":{"@id":"https:\/\/www.pixelplanet.com\/fr\/produit\/pdfeditor-professionnel-pack-de-deux\/#primaryimage"},"thumbnailUrl":"https:\/\/www.pixelplanet.com\/wp-content\/uploads\/2017\/10\/PdfEditor-Boxshot-Windows-2x-ENU.png","datePublished":"2017-11-16T16:11:20+00:00","dateModified":"2023-01-11T20:56:20+00:00","breadcrumb":{"@id":"https:\/\/www.pixelplanet.com\/fr\/produit\/pdfeditor-professionnel-pack-de-deux\/#breadcrumb"},"inLanguage":"fr-FR","potentialAction":[{"@type":"ReadAction","target":["https:\/\/www.pixelplanet.com\/fr\/produit\/pdfeditor-professionnel-pack-de-deux\/"]}]},{"@type":"ImageObject","inLanguage":"fr-FR","@id":"https:\/\/www.pixelplanet.com\/fr\/produit\/pdfeditor-professionnel-pack-de-deux\/#primaryimage","url":"https:\/\/www.pixelplanet.com\/wp-content\/uploads\/2017\/10\/PdfEditor-Boxshot-Windows-2x-ENU.png","contentUrl":"https:\/\/www.pixelplanet.com\/wp-content\/uploads\/2017\/10\/PdfEditor-Boxshot-Windows-2x-ENU.png","width":312,"height":380},{"@type":"BreadcrumbList","@id":"https:\/\/www.pixelplanet.com\/fr\/produit\/pdfeditor-professionnel-pack-de-deux\/#breadcrumb","itemListElement":[{"@type":"ListItem","position":1,"name":"Home","item":"https:\/\/www.pixelplanet.com\/fr\/"},{"@type":"ListItem","position":2,"name":"Boutique","item":"https:\/\/www.pixelplanet.com\/fr\/boutique\/"},{"@type":"ListItem","position":3,"name":"PdfEditor 4 Professionnel PACK DE DEUX"}]},{"@type":"WebSite","@id":"https:\/\/www.pixelplanet.com\/fr\/#website","url":"https:\/\/www.pixelplanet.com\/fr\/","name":"PixelPlanet.com - Boutique pour les logiciels PDF","description":"Edit, convert, create, merge and split PDF documents on Windows and Mac","publisher":{"@id":"https:\/\/www.pixelplanet.com\/fr\/#organization"},"potentialAction":[{"@type":"SearchAction","target":{"@type":"EntryPoint","urlTemplate":"https:\/\/www.pixelplanet.com\/fr\/?s={search_term_string}"},"query-input":{"@type":"PropertyValueSpecification","valueRequired":true,"valueName":"search_term_string"}}],"inLanguage":"fr-FR"},{"@type":"Organization","@id":"https:\/\/www.pixelplanet.com\/fr\/#organization","name":"PixelPlanet","url":"https:\/\/www.pixelplanet.com\/fr\/","logo":{"@type":"ImageObject","inLanguage":"fr-FR","@id":"https:\/\/www.pixelplanet.com\/fr\/#\/schema\/logo\/image\/","url":"https:\/\/www.pixelplanet.com\/wp-content\/uploads\/2016\/12\/PixelPlanet-Logo-540x100.png","contentUrl":"https:\/\/www.pixelplanet.com\/wp-content\/uploads\/2016\/12\/PixelPlanet-Logo-540x100.png","width":540,"height":100,"caption":"PixelPlanet"},"image":{"@id":"https:\/\/www.pixelplanet.com\/fr\/#\/schema\/logo\/image\/"},"sameAs":["https:\/\/www.facebook.com\/PixelPlanet","https:\/\/x.com\/PixelPlanet","https:\/\/www.instagram.com\/pixelplanet.software\/","https:\/\/linkedin.com\/company\/pixelplanet-software"]}]},"product_price_amount":"119.00","product_price_currency":"EUR","og_availability":"instock","product_availability":"instock","product_retailer_item_id":"EN304000-DOUBLE","product_condition":"new"},"_links":{"self":[{"href":"https:\/\/www.pixelplanet.com\/fr\/wp-json\/wp\/v2\/product\/7120","targetHints":{"allow":["GET"]}}],"collection":[{"href":"https:\/\/www.pixelplanet.com\/fr\/wp-json\/wp\/v2\/product"}],"about":[{"href":"https:\/\/www.pixelplanet.com\/fr\/wp-json\/wp\/v2\/types\/product"}],"wp:featuredmedia":[{"embeddable":true,"href":"https:\/\/www.pixelplanet.com\/fr\/wp-json\/wp\/v2\/media\/6784"}],"wp:attachment":[{"href":"https:\/\/www.pixelplanet.com\/fr\/wp-json\/wp\/v2\/media?parent=7120"}],"wp:term":[{"taxonomy":"product_brand","embeddable":true,"href":"https:\/\/www.pixelplanet.com\/fr\/wp-json\/wp\/v2\/product_brand?post=7120"},{"taxonomy":"product_cat","embeddable":true,"href":"https:\/\/www.pixelplanet.com\/fr\/wp-json\/wp\/v2\/product_cat?post=7120"},{"taxonomy":"product_tag","embeddable":true,"href":"https:\/\/www.pixelplanet.com\/fr\/wp-json\/wp\/v2\/product_tag?post=7120"}],"curies":[{"name":"wp","href":"https:\/\/api.w.org\/{rel}","templated":true}]}}