{"id":7144,"date":"2017-11-08T18:01:26","date_gmt":"2017-11-08T17:01:26","guid":{"rendered":"https:\/\/www.pixelplanet.com\/?post_type=product&#038;p=7144"},"modified":"2023-10-20T09:43:06","modified_gmt":"2023-10-20T07:43:06","slug":"pdfgrabber-mac-pack-de-trois","status":"publish","type":"product","link":"https:\/\/www.pixelplanet.com\/fr\/produit\/pdfgrabber-mac-pack-de-trois\/","title":{"rendered":"PdfGrabber pour macOS (32bit, 10.6 \u2013 10.14) &#8211; PACK DE TROIS"},"content":{"rendered":"<h4>Description du produit<\/h4>\n<p>La version PdfGrabber pour macOS (32bit, 10.6 \u2013 10.14) convertit les documents PDF en Word, Pages, Excel, Numbers, texte, images, HTML, ePub, PowerPoint, Keynote et AutoCAD\/CAO\/DXF.<\/p>\n<h4>Caract\u00e9ristiques<\/h4>\n<ul>\n<li>Convertir PDF en Word, Pages et texte<\/li>\n<li>PDF vectoriels en CAO \/ DXF \/ AutoCAD<\/li>\n<li>PDF en Excel et Numbers<\/li>\n<li>PDF en HTML et en ePUB\/eBook<\/li>\n<li>PDF en PowerPoint et Keynote<\/li>\n<li>Exporter des images de PDF ou convertir des pages enti\u00e8res en une image<\/li>\n<li>Co\u00fbts de licence unique, sans abonnement, sans frais de suivi<\/li>\n<li>Mises \u00e0 jour gratuites dans la version 8, validit\u00e9 illimit\u00e9e de votre licence<\/li>\n<li>et plus encore&#8230;<\/li>\n<\/ul>\n<p>Une liste des fonctionnalit\u00e9s est disponible <a href=\"https:\/\/www.pixelplanet.com\/fr\/pdfgrabber-mac\/caracteristiques\/\">ici<\/a>.<\/p>\n","protected":false},"excerpt":{"rendered":"<h3>Convertir des fichiers PDF en formats multiples sur le MAC<\/h3>\n<p>PACK DE TROIS = 3x licence unique pour macOS (32bit) : Mojave, High Sierra, Sierra, El Capitan, Yosemite, Mavericks, Mountain Lion, Lion, Snow Leopard (10.6 \u2013 10.14). <\/p>\n<p>Ne <u>pas<\/u> fonctionner avec des versions 64bit de macOS !<\/p>\n","protected":false},"featured_media":6796,"template":"","meta":[],"product_brand":[],"product_cat":[194],"product_tag":[218,220,222,217,227,229,362,233,235,237,241,243,245,247,249,251,253,338,255,340,342,344,346,360,363,369,370,371,372,378,381],"class_list":{"0":"post-7144","1":"product","2":"type-product","3":"status-publish","4":"has-post-thumbnail","6":"product_cat-pdfgrabber","7":"product_tag-apple","8":"product_tag-ascii","9":"product_tag-autocad","10":"product_tag-cao","11":"product_tag-convertir","12":"product_tag-convertisseur","13":"product_tag-convertisseur-pdf","14":"product_tag-doc","15":"product_tag-dxf","16":"product_tag-ebook","17":"product_tag-epub","18":"product_tag-excel","19":"product_tag-html","20":"product_tag-image","21":"product_tag-images","22":"product_tag-keynote","23":"product_tag-mac","24":"product_tag-mac-os","25":"product_tag-macos","26":"product_tag-numbers","27":"product_tag-osx","28":"product_tag-pages","29":"product_tag-pdf","30":"product_tag-powerpoint","31":"product_tag-ppt","32":"product_tag-rtf","33":"product_tag-texte","34":"product_tag-txt","35":"product_tag-vecteur","36":"product_tag-word","37":"product_tag-xml","39":"first","40":"outofstock","41":"sale","42":"virtual","43":"purchasable","44":"product-type-simple"},"exclude_global_add_ons":[],"addons":[],"yoast_head":"<!-- This site is optimized with the Yoast SEO Premium plugin v27.3 (Yoast SEO v27.3) - https:\/\/yoast.com\/product\/yoast-seo-premium-wordpress\/ -->\n<title>PdfTools Shop - PdfGrabber \u00c9dition Mac PACK DE TROIS - 49\u20ac<\/title>\n<meta name=\"robots\" content=\"index, follow, max-snippet:-1, max-image-preview:large, max-video-preview:-1\" \/>\n<link rel=\"canonical\" href=\"https:\/\/www.pixelplanet.com\/fr\/produit\/pdfgrabber-mac-pack-de-trois\/\" \/>\n<meta property=\"og:locale\" content=\"fr_FR\" \/>\n<meta property=\"og:type\" content=\"article\" \/>\n<meta property=\"og:title\" content=\"PdfTools Shop - PdfGrabber pour macOS (32bit, 10.6 \u2013 10.14) - PACK DE TROIS\" \/>\n<meta property=\"og:description\" content=\"Convertir des fichiers PDF en formats multiples sur le MAC PACK DE TROIS = 3x licence unique pour macOS (32bit) : Mojave, High Sierra, Sierra, El Capitan, Yosemite, Mavericks, Mountain Lion, Lion, Snow Leopard (10.6 \u2013 10.14).   Ne pas fonctionner avec des versions 64bit de macOS !\" \/>\n<meta property=\"og:url\" content=\"https:\/\/www.pixelplanet.com\/fr\/produit\/pdfgrabber-mac-pack-de-trois\/\" \/>\n<meta property=\"og:site_name\" content=\"PixelPlanet.com - Boutique pour les logiciels PDF\" \/>\n<meta property=\"article:publisher\" content=\"https:\/\/www.facebook.com\/PixelPlanet\" \/>\n<meta property=\"article:modified_time\" content=\"2023-10-20T07:43:06+00:00\" \/>\n<meta property=\"og:image\" content=\"https:\/\/www.pixelplanet.com\/wp-content\/uploads\/2017\/10\/PdfGrabber-Boxshot-Mac-3x-ENU.png\" \/>\n\t<meta property=\"og:image:width\" content=\"312\" \/>\n\t<meta property=\"og:image:height\" content=\"380\" \/>\n\t<meta property=\"og:image:type\" content=\"image\/png\" \/>\n<meta name=\"twitter:card\" content=\"summary_large_image\" \/>\n<meta name=\"twitter:site\" content=\"@PixelPlanet\" \/>\n<meta name=\"twitter:label1\" content=\"Prix\" \/>\n\t<meta name=\"twitter:data1\" content=\"49,00&nbsp;&euro;\" \/>\n\t<meta name=\"twitter:label2\" content=\"Disponibilit\u00e9\" \/>\n\t<meta name=\"twitter:data2\" content=\"Rupture de stock\" \/>\n<script type=\"application\/ld+json\" class=\"yoast-schema-graph\">{\"@context\":\"https:\\\/\\\/schema.org\",\"@graph\":[{\"@type\":\"WebPage\",\"@id\":\"https:\\\/\\\/www.pixelplanet.com\\\/fr\\\/produit\\\/pdfgrabber-mac-pack-de-trois\\\/\",\"url\":\"https:\\\/\\\/www.pixelplanet.com\\\/fr\\\/produit\\\/pdfgrabber-mac-pack-de-trois\\\/\",\"name\":\"PdfTools Shop - PdfGrabber \u00c9dition Mac PACK DE TROIS - 49\u20ac\",\"isPartOf\":{\"@id\":\"https:\\\/\\\/www.pixelplanet.com\\\/fr\\\/#website\"},\"primaryImageOfPage\":{\"@id\":\"https:\\\/\\\/www.pixelplanet.com\\\/fr\\\/produit\\\/pdfgrabber-mac-pack-de-trois\\\/#primaryimage\"},\"image\":{\"@id\":\"https:\\\/\\\/www.pixelplanet.com\\\/fr\\\/produit\\\/pdfgrabber-mac-pack-de-trois\\\/#primaryimage\"},\"thumbnailUrl\":\"https:\\\/\\\/www.pixelplanet.com\\\/wp-content\\\/uploads\\\/2017\\\/10\\\/PdfGrabber-Boxshot-Mac-3x-ENU.png\",\"datePublished\":\"2017-11-08T17:01:26+00:00\",\"dateModified\":\"2023-10-20T07:43:06+00:00\",\"breadcrumb\":{\"@id\":\"https:\\\/\\\/www.pixelplanet.com\\\/fr\\\/produit\\\/pdfgrabber-mac-pack-de-trois\\\/#breadcrumb\"},\"inLanguage\":\"fr-FR\",\"potentialAction\":[{\"@type\":\"ReadAction\",\"target\":[\"https:\\\/\\\/www.pixelplanet.com\\\/fr\\\/produit\\\/pdfgrabber-mac-pack-de-trois\\\/\"]}]},{\"@type\":\"ImageObject\",\"inLanguage\":\"fr-FR\",\"@id\":\"https:\\\/\\\/www.pixelplanet.com\\\/fr\\\/produit\\\/pdfgrabber-mac-pack-de-trois\\\/#primaryimage\",\"url\":\"https:\\\/\\\/www.pixelplanet.com\\\/wp-content\\\/uploads\\\/2017\\\/10\\\/PdfGrabber-Boxshot-Mac-3x-ENU.png\",\"contentUrl\":\"https:\\\/\\\/www.pixelplanet.com\\\/wp-content\\\/uploads\\\/2017\\\/10\\\/PdfGrabber-Boxshot-Mac-3x-ENU.png\",\"width\":312,\"height\":380},{\"@type\":\"BreadcrumbList\",\"@id\":\"https:\\\/\\\/www.pixelplanet.com\\\/fr\\\/produit\\\/pdfgrabber-mac-pack-de-trois\\\/#breadcrumb\",\"itemListElement\":[{\"@type\":\"ListItem\",\"position\":1,\"name\":\"Home\",\"item\":\"https:\\\/\\\/www.pixelplanet.com\\\/fr\\\/\"},{\"@type\":\"ListItem\",\"position\":2,\"name\":\"Boutique\",\"item\":\"https:\\\/\\\/www.pixelplanet.com\\\/fr\\\/boutique\\\/\"},{\"@type\":\"ListItem\",\"position\":3,\"name\":\"PdfGrabber pour macOS (32bit, 10.6 \u2013 10.14) &#8211; PACK DE TROIS\"}]},{\"@type\":\"WebSite\",\"@id\":\"https:\\\/\\\/www.pixelplanet.com\\\/fr\\\/#website\",\"url\":\"https:\\\/\\\/www.pixelplanet.com\\\/fr\\\/\",\"name\":\"PixelPlanet.com - Boutique pour les logiciels PDF\",\"description\":\"Edit, convert, create, merge and split PDF documents on Windows and Mac\",\"publisher\":{\"@id\":\"https:\\\/\\\/www.pixelplanet.com\\\/fr\\\/#organization\"},\"potentialAction\":[{\"@type\":\"SearchAction\",\"target\":{\"@type\":\"EntryPoint\",\"urlTemplate\":\"https:\\\/\\\/www.pixelplanet.com\\\/fr\\\/?s={search_term_string}\"},\"query-input\":{\"@type\":\"PropertyValueSpecification\",\"valueRequired\":true,\"valueName\":\"search_term_string\"}}],\"inLanguage\":\"fr-FR\"},{\"@type\":\"Organization\",\"@id\":\"https:\\\/\\\/www.pixelplanet.com\\\/fr\\\/#organization\",\"name\":\"PixelPlanet\",\"url\":\"https:\\\/\\\/www.pixelplanet.com\\\/fr\\\/\",\"logo\":{\"@type\":\"ImageObject\",\"inLanguage\":\"fr-FR\",\"@id\":\"https:\\\/\\\/www.pixelplanet.com\\\/fr\\\/#\\\/schema\\\/logo\\\/image\\\/\",\"url\":\"https:\\\/\\\/www.pixelplanet.com\\\/wp-content\\\/uploads\\\/2016\\\/12\\\/PixelPlanet-Logo-540x100.png\",\"contentUrl\":\"https:\\\/\\\/www.pixelplanet.com\\\/wp-content\\\/uploads\\\/2016\\\/12\\\/PixelPlanet-Logo-540x100.png\",\"width\":540,\"height\":100,\"caption\":\"PixelPlanet\"},\"image\":{\"@id\":\"https:\\\/\\\/www.pixelplanet.com\\\/fr\\\/#\\\/schema\\\/logo\\\/image\\\/\"},\"sameAs\":[\"https:\\\/\\\/www.facebook.com\\\/PixelPlanet\",\"https:\\\/\\\/x.com\\\/PixelPlanet\",\"https:\\\/\\\/www.instagram.com\\\/pixelplanet.software\\\/\",\"https:\\\/\\\/linkedin.com\\\/company\\\/pixelplanet-software\"]}]}<\/script>\n<meta property=\"product:price:amount\" content=\"49.00\" \/>\n<meta property=\"product:price:currency\" content=\"EUR\" \/>\n<meta property=\"og:availability\" content=\"out of stock\" \/>\n<meta property=\"product:availability\" content=\"out of stock\" \/>\n<meta property=\"product:retailer_item_id\" content=\"EN801002-MAC-TRIPLE\" \/>\n<meta property=\"product:condition\" content=\"new\" \/>\n<!-- \/ Yoast SEO Premium plugin. -->","yoast_head_json":{"title":"PdfTools Shop - PdfGrabber \u00c9dition Mac PACK DE TROIS - 49\u20ac","robots":{"index":"index","follow":"follow","max-snippet":"max-snippet:-1","max-image-preview":"max-image-preview:large","max-video-preview":"max-video-preview:-1"},"canonical":"https:\/\/www.pixelplanet.com\/fr\/produit\/pdfgrabber-mac-pack-de-trois\/","og_locale":"fr_FR","og_type":"article","og_title":"PdfTools Shop - PdfGrabber pour macOS (32bit, 10.6 \u2013 10.14) - PACK DE TROIS","og_description":"Convertir des fichiers PDF en formats multiples sur le MAC PACK DE TROIS = 3x licence unique pour macOS (32bit) : Mojave, High Sierra, Sierra, El Capitan, Yosemite, Mavericks, Mountain Lion, Lion, Snow Leopard (10.6 \u2013 10.14).   Ne pas fonctionner avec des versions 64bit de macOS !","og_url":"https:\/\/www.pixelplanet.com\/fr\/produit\/pdfgrabber-mac-pack-de-trois\/","og_site_name":"PixelPlanet.com - Boutique pour les logiciels PDF","article_publisher":"https:\/\/www.facebook.com\/PixelPlanet","article_modified_time":"2023-10-20T07:43:06+00:00","og_image":[{"width":312,"height":380,"url":"https:\/\/www.pixelplanet.com\/wp-content\/uploads\/2017\/10\/PdfGrabber-Boxshot-Mac-3x-ENU.png","type":"image\/png"}],"twitter_card":"summary_large_image","twitter_site":"@PixelPlanet","twitter_misc":{"Prix":"49,00&nbsp;&euro;","Disponibilit\u00e9":"Rupture de stock"},"schema":{"@context":"https:\/\/schema.org","@graph":[{"@type":"WebPage","@id":"https:\/\/www.pixelplanet.com\/fr\/produit\/pdfgrabber-mac-pack-de-trois\/","url":"https:\/\/www.pixelplanet.com\/fr\/produit\/pdfgrabber-mac-pack-de-trois\/","name":"PdfTools Shop - PdfGrabber \u00c9dition Mac PACK DE TROIS - 49\u20ac","isPartOf":{"@id":"https:\/\/www.pixelplanet.com\/fr\/#website"},"primaryImageOfPage":{"@id":"https:\/\/www.pixelplanet.com\/fr\/produit\/pdfgrabber-mac-pack-de-trois\/#primaryimage"},"image":{"@id":"https:\/\/www.pixelplanet.com\/fr\/produit\/pdfgrabber-mac-pack-de-trois\/#primaryimage"},"thumbnailUrl":"https:\/\/www.pixelplanet.com\/wp-content\/uploads\/2017\/10\/PdfGrabber-Boxshot-Mac-3x-ENU.png","datePublished":"2017-11-08T17:01:26+00:00","dateModified":"2023-10-20T07:43:06+00:00","breadcrumb":{"@id":"https:\/\/www.pixelplanet.com\/fr\/produit\/pdfgrabber-mac-pack-de-trois\/#breadcrumb"},"inLanguage":"fr-FR","potentialAction":[{"@type":"ReadAction","target":["https:\/\/www.pixelplanet.com\/fr\/produit\/pdfgrabber-mac-pack-de-trois\/"]}]},{"@type":"ImageObject","inLanguage":"fr-FR","@id":"https:\/\/www.pixelplanet.com\/fr\/produit\/pdfgrabber-mac-pack-de-trois\/#primaryimage","url":"https:\/\/www.pixelplanet.com\/wp-content\/uploads\/2017\/10\/PdfGrabber-Boxshot-Mac-3x-ENU.png","contentUrl":"https:\/\/www.pixelplanet.com\/wp-content\/uploads\/2017\/10\/PdfGrabber-Boxshot-Mac-3x-ENU.png","width":312,"height":380},{"@type":"BreadcrumbList","@id":"https:\/\/www.pixelplanet.com\/fr\/produit\/pdfgrabber-mac-pack-de-trois\/#breadcrumb","itemListElement":[{"@type":"ListItem","position":1,"name":"Home","item":"https:\/\/www.pixelplanet.com\/fr\/"},{"@type":"ListItem","position":2,"name":"Boutique","item":"https:\/\/www.pixelplanet.com\/fr\/boutique\/"},{"@type":"ListItem","position":3,"name":"PdfGrabber pour macOS (32bit, 10.6 \u2013 10.14) &#8211; PACK DE TROIS"}]},{"@type":"WebSite","@id":"https:\/\/www.pixelplanet.com\/fr\/#website","url":"https:\/\/www.pixelplanet.com\/fr\/","name":"PixelPlanet.com - Boutique pour les logiciels PDF","description":"Edit, convert, create, merge and split PDF documents on Windows and Mac","publisher":{"@id":"https:\/\/www.pixelplanet.com\/fr\/#organization"},"potentialAction":[{"@type":"SearchAction","target":{"@type":"EntryPoint","urlTemplate":"https:\/\/www.pixelplanet.com\/fr\/?s={search_term_string}"},"query-input":{"@type":"PropertyValueSpecification","valueRequired":true,"valueName":"search_term_string"}}],"inLanguage":"fr-FR"},{"@type":"Organization","@id":"https:\/\/www.pixelplanet.com\/fr\/#organization","name":"PixelPlanet","url":"https:\/\/www.pixelplanet.com\/fr\/","logo":{"@type":"ImageObject","inLanguage":"fr-FR","@id":"https:\/\/www.pixelplanet.com\/fr\/#\/schema\/logo\/image\/","url":"https:\/\/www.pixelplanet.com\/wp-content\/uploads\/2016\/12\/PixelPlanet-Logo-540x100.png","contentUrl":"https:\/\/www.pixelplanet.com\/wp-content\/uploads\/2016\/12\/PixelPlanet-Logo-540x100.png","width":540,"height":100,"caption":"PixelPlanet"},"image":{"@id":"https:\/\/www.pixelplanet.com\/fr\/#\/schema\/logo\/image\/"},"sameAs":["https:\/\/www.facebook.com\/PixelPlanet","https:\/\/x.com\/PixelPlanet","https:\/\/www.instagram.com\/pixelplanet.software\/","https:\/\/linkedin.com\/company\/pixelplanet-software"]}]},"product_price_amount":"49.00","product_price_currency":"EUR","og_availability":"out of stock","product_availability":"out of stock","product_retailer_item_id":"EN801002-MAC-TRIPLE","product_condition":"new"},"_links":{"self":[{"href":"https:\/\/www.pixelplanet.com\/fr\/wp-json\/wp\/v2\/product\/7144","targetHints":{"allow":["GET"]}}],"collection":[{"href":"https:\/\/www.pixelplanet.com\/fr\/wp-json\/wp\/v2\/product"}],"about":[{"href":"https:\/\/www.pixelplanet.com\/fr\/wp-json\/wp\/v2\/types\/product"}],"wp:featuredmedia":[{"embeddable":true,"href":"https:\/\/www.pixelplanet.com\/fr\/wp-json\/wp\/v2\/media\/6796"}],"wp:attachment":[{"href":"https:\/\/www.pixelplanet.com\/fr\/wp-json\/wp\/v2\/media?parent=7144"}],"wp:term":[{"taxonomy":"product_brand","embeddable":true,"href":"https:\/\/www.pixelplanet.com\/fr\/wp-json\/wp\/v2\/product_brand?post=7144"},{"taxonomy":"product_cat","embeddable":true,"href":"https:\/\/www.pixelplanet.com\/fr\/wp-json\/wp\/v2\/product_cat?post=7144"},{"taxonomy":"product_tag","embeddable":true,"href":"https:\/\/www.pixelplanet.com\/fr\/wp-json\/wp\/v2\/product_tag?post=7144"}],"curies":[{"name":"wp","href":"https:\/\/api.w.org\/{rel}","templated":true}]}}