{"id":7237,"date":"2017-11-05T15:41:58","date_gmt":"2017-11-20T10:01:07","guid":{"rendered":"https:\/\/www.pixelplanet.com\/?post_type=product&#038;p=7237"},"modified":"2023-01-11T21:55:47","modified_gmt":"2023-01-11T20:55:47","slug":"pdfeditor-professionnel-reseau","status":"publish","type":"product","link":"https:\/\/www.pixelplanet.com\/fr\/produit\/pdfeditor-professionnel-reseau\/","title":{"rendered":"PdfEditor 4 Professionnel licence r\u00e9seau"},"content":{"rendered":"<h4>Caract\u00e9ristiques<\/h4>\n<ul class=\"fa-ul\">\n<li><i class=\"fas fa-li fa-users\"><\/i> Licence concurrente (\u00e0 partir de 5 utilisateurs)<\/li>\n<li><i class=\"fas fa-li fa-pencil\"><\/i> \u00c9dition de textes, graphiques et d\u2019images directement dans le PDF<\/li>\n<li><i class=\"fas fa-li fa-eraser\"><\/i> Suppression de contenus gr\u00e2ce \u00e0 un vrai noircissement<\/li>\n<li><i class=\"fas fa-li fa-map-marker\"><\/i> Marquage de textes comme avec un surligneur<\/li>\n<li><i class=\"far fa-li fa-check-square\"><\/i> Cr\u00e9ation et remplissage de formulaires<\/li>\n<li><i class=\"fas fa-li fa-sign-in\"><\/i> Fusion de plusieurs documents dans un PDF<\/li>\n<li><i class=\"fas fa-li fa-sign-out\"><\/i> Scindement de PDF de plusieurs pages<\/li>\n<li><i class=\"fas fa-li fa-print\"><\/i> Cr\u00e9ation de PDF \u00e0 partir de toutes les applications imprimables<\/li>\n<li><i class=\"fas fa-li fa-coin\"><\/i> Co\u00fbts de licence unique, sans abonnement, sans frais de suivi<\/li>\n<li><i class=\"fas fa-li fa-download\"><\/i> Mises \u00e0 jour gratuites dans la version 4<\/li>\n<li><i class=\"fas fa-li fa-heart\"><\/i> Validit\u00e9 illimit\u00e9e de votre licence<\/li>\n<li>et plus encore&#8230;<\/li>\n<\/ul>\n<p>Une liste des fonctionnalit\u00e9s est disponible <a href=\"https:\/\/www.pixelplanet.com\/fr\/pdfeditor\/caracteristiques\/\">ici<\/a>.<\/p>\n","protected":false},"excerpt":{"rendered":"<p>Cette licence permet l\u2019installation et l\u2019utilisation de PdfEditor par plusieurs utilisateurs simultan\u00e9ment au sein d\u2019un r\u00e9seau (LAN). Assurez-vous que le nombre maximal d\u2019utilisateurs en simultan\u00e9 correspond bien \u00e0 votre licence (utilisateurs concurrents).<\/p>\n","protected":false},"featured_media":6790,"template":"","meta":[],"product_brand":[],"product_cat":[189,192,329],"product_tag":[355,356,351,352,353,225,374,376],"class_list":{"0":"post-7237","1":"product","2":"type-product","3":"status-publish","4":"has-post-thumbnail","6":"product_cat-multi-utilisateurs","7":"product_cat-pdfeditor-windows","8":"product_cat-windows","9":"product_tag-license-reseau","10":"product_tag-licences-reseau","11":"product_tag-multi-utilisateur","12":"product_tag-multi-utilisateurs","13":"product_tag-reseau","14":"product_tag-simultanees","15":"product_tag-win","16":"product_tag-windows","18":"first","19":"instock","20":"featured","21":"shipping-taxable","22":"purchasable","23":"product-type-variable","24":"has-default-attributes"},"exclude_global_add_ons":[],"addons":[],"yoast_head":"<!-- This site is optimized with the Yoast SEO Premium plugin v27.4 (Yoast SEO v27.4) - https:\/\/yoast.com\/product\/yoast-seo-premium-wordpress\/ -->\n<title>PdfEditor 4 Professionnel licence r\u00e9seau - \u00e0 partir de 249 EUR<\/title>\n<meta name=\"description\" content=\"Licence pour l&#039;installation simultan\u00e9e et l&#039;utilisation parall\u00e8le de &quot;PdfEditor&quot; dans un r\u00e9seau (LAN). Disponible \u00e0 partir de 5 utilisateurs &quot;concurrents&quot;.\" \/>\n<meta name=\"robots\" content=\"index, follow, max-snippet:-1, max-image-preview:large, max-video-preview:-1\" \/>\n<link rel=\"canonical\" href=\"https:\/\/www.pixelplanet.com\/fr\/produit\/pdfeditor-professionnel-reseau\/\" \/>\n<meta property=\"og:locale\" content=\"fr_FR\" \/>\n<meta property=\"og:type\" content=\"article\" \/>\n<meta property=\"og:title\" content=\"PdfTools Shop - PdfEditor 4 Professionnel licence r\u00e9seau\" \/>\n<meta property=\"og:description\" content=\"Cette licence permet l\u2019installation et l\u2019utilisation de PdfEditor par plusieurs utilisateurs simultan\u00e9ment au sein d\u2019un r\u00e9seau (LAN). Assurez-vous que le nombre maximal d\u2019utilisateurs en simultan\u00e9 correspond bien \u00e0 votre licence (utilisateurs concurrents).\" \/>\n<meta property=\"og:url\" content=\"https:\/\/www.pixelplanet.com\/fr\/produit\/pdfeditor-professionnel-reseau\/\" \/>\n<meta property=\"og:site_name\" content=\"PixelPlanet.com - Boutique pour les logiciels PDF\" \/>\n<meta property=\"article:publisher\" content=\"https:\/\/www.facebook.com\/PixelPlanet\" \/>\n<meta property=\"article:modified_time\" content=\"2023-01-11T20:55:47+00:00\" \/>\n<meta property=\"og:image\" content=\"https:\/\/www.pixelplanet.com\/wp-content\/uploads\/2017\/10\/PdfEditor-Boxshot-Windows-Netzwerk-ENU.png\" \/>\n\t<meta property=\"og:image:width\" content=\"312\" \/>\n\t<meta property=\"og:image:height\" content=\"380\" \/>\n\t<meta property=\"og:image:type\" content=\"image\/png\" \/>\n<meta name=\"twitter:card\" content=\"summary_large_image\" \/>\n<meta name=\"twitter:site\" content=\"@PixelPlanet\" \/>\n<meta name=\"twitter:label1\" content=\"Disponibilit\u00e9\" \/>\n\t<meta name=\"twitter:data1\" content=\"En stock\" \/>\n<script type=\"application\/ld+json\" class=\"yoast-schema-graph\">{\"@context\":\"https:\\\/\\\/schema.org\",\"@graph\":[{\"@type\":\"WebPage\",\"@id\":\"https:\\\/\\\/www.pixelplanet.com\\\/fr\\\/produit\\\/pdfeditor-professionnel-reseau\\\/\",\"url\":\"https:\\\/\\\/www.pixelplanet.com\\\/fr\\\/produit\\\/pdfeditor-professionnel-reseau\\\/\",\"name\":\"PdfEditor 4 Professionnel licence r\u00e9seau - \u00e0 partir de 249 EUR\",\"isPartOf\":{\"@id\":\"https:\\\/\\\/www.pixelplanet.com\\\/fr\\\/#website\"},\"primaryImageOfPage\":{\"@id\":\"https:\\\/\\\/www.pixelplanet.com\\\/fr\\\/produit\\\/pdfeditor-professionnel-reseau\\\/#primaryimage\"},\"image\":{\"@id\":\"https:\\\/\\\/www.pixelplanet.com\\\/fr\\\/produit\\\/pdfeditor-professionnel-reseau\\\/#primaryimage\"},\"thumbnailUrl\":\"https:\\\/\\\/www.pixelplanet.com\\\/wp-content\\\/uploads\\\/2017\\\/10\\\/PdfEditor-Boxshot-Windows-Netzwerk-ENU.png\",\"datePublished\":\"2017-11-20T10:01:07+00:00\",\"dateModified\":\"2023-01-11T20:55:47+00:00\",\"description\":\"Licence pour l'installation simultan\u00e9e et l'utilisation parall\u00e8le de \\\"PdfEditor\\\" dans un r\u00e9seau (LAN). Disponible \u00e0 partir de 5 utilisateurs \\\"concurrents\\\".\",\"breadcrumb\":{\"@id\":\"https:\\\/\\\/www.pixelplanet.com\\\/fr\\\/produit\\\/pdfeditor-professionnel-reseau\\\/#breadcrumb\"},\"inLanguage\":\"fr-FR\",\"potentialAction\":[{\"@type\":\"ReadAction\",\"target\":[\"https:\\\/\\\/www.pixelplanet.com\\\/fr\\\/produit\\\/pdfeditor-professionnel-reseau\\\/\"]}]},{\"@type\":\"ImageObject\",\"inLanguage\":\"fr-FR\",\"@id\":\"https:\\\/\\\/www.pixelplanet.com\\\/fr\\\/produit\\\/pdfeditor-professionnel-reseau\\\/#primaryimage\",\"url\":\"https:\\\/\\\/www.pixelplanet.com\\\/wp-content\\\/uploads\\\/2017\\\/10\\\/PdfEditor-Boxshot-Windows-Netzwerk-ENU.png\",\"contentUrl\":\"https:\\\/\\\/www.pixelplanet.com\\\/wp-content\\\/uploads\\\/2017\\\/10\\\/PdfEditor-Boxshot-Windows-Netzwerk-ENU.png\",\"width\":312,\"height\":380,\"caption\":\"Boxshot: PdfEditor Netzwerklizenz (Windows)\"},{\"@type\":\"BreadcrumbList\",\"@id\":\"https:\\\/\\\/www.pixelplanet.com\\\/fr\\\/produit\\\/pdfeditor-professionnel-reseau\\\/#breadcrumb\",\"itemListElement\":[{\"@type\":\"ListItem\",\"position\":1,\"name\":\"Home\",\"item\":\"https:\\\/\\\/www.pixelplanet.com\\\/fr\\\/\"},{\"@type\":\"ListItem\",\"position\":2,\"name\":\"Boutique\",\"item\":\"https:\\\/\\\/www.pixelplanet.com\\\/fr\\\/boutique\\\/\"},{\"@type\":\"ListItem\",\"position\":3,\"name\":\"PdfEditor 4 Professionnel licence r\u00e9seau\"}]},{\"@type\":\"WebSite\",\"@id\":\"https:\\\/\\\/www.pixelplanet.com\\\/fr\\\/#website\",\"url\":\"https:\\\/\\\/www.pixelplanet.com\\\/fr\\\/\",\"name\":\"PixelPlanet.com - Boutique pour les logiciels PDF\",\"description\":\"Edit, convert, create, merge and split PDF documents on Windows and Mac\",\"publisher\":{\"@id\":\"https:\\\/\\\/www.pixelplanet.com\\\/fr\\\/#organization\"},\"potentialAction\":[{\"@type\":\"SearchAction\",\"target\":{\"@type\":\"EntryPoint\",\"urlTemplate\":\"https:\\\/\\\/www.pixelplanet.com\\\/fr\\\/?s={search_term_string}\"},\"query-input\":{\"@type\":\"PropertyValueSpecification\",\"valueRequired\":true,\"valueName\":\"search_term_string\"}}],\"inLanguage\":\"fr-FR\"},{\"@type\":\"Organization\",\"@id\":\"https:\\\/\\\/www.pixelplanet.com\\\/fr\\\/#organization\",\"name\":\"PixelPlanet\",\"url\":\"https:\\\/\\\/www.pixelplanet.com\\\/fr\\\/\",\"logo\":{\"@type\":\"ImageObject\",\"inLanguage\":\"fr-FR\",\"@id\":\"https:\\\/\\\/www.pixelplanet.com\\\/fr\\\/#\\\/schema\\\/logo\\\/image\\\/\",\"url\":\"https:\\\/\\\/www.pixelplanet.com\\\/wp-content\\\/uploads\\\/2016\\\/12\\\/PixelPlanet-Logo-540x100.png\",\"contentUrl\":\"https:\\\/\\\/www.pixelplanet.com\\\/wp-content\\\/uploads\\\/2016\\\/12\\\/PixelPlanet-Logo-540x100.png\",\"width\":540,\"height\":100,\"caption\":\"PixelPlanet\"},\"image\":{\"@id\":\"https:\\\/\\\/www.pixelplanet.com\\\/fr\\\/#\\\/schema\\\/logo\\\/image\\\/\"},\"sameAs\":[\"https:\\\/\\\/www.facebook.com\\\/PixelPlanet\",\"https:\\\/\\\/x.com\\\/PixelPlanet\",\"https:\\\/\\\/www.instagram.com\\\/pixelplanet.software\\\/\",\"https:\\\/\\\/linkedin.com\\\/company\\\/pixelplanet-software\"]}]}<\/script>\n<meta property=\"og:availability\" content=\"instock\" \/>\n<meta property=\"product:availability\" content=\"instock\" \/>\n<meta property=\"product:condition\" content=\"new\" \/>\n<!-- \/ Yoast SEO Premium plugin. -->","yoast_head_json":{"title":"PdfEditor 4 Professionnel licence r\u00e9seau - \u00e0 partir de 249 EUR","description":"Licence pour l'installation simultan\u00e9e et l'utilisation parall\u00e8le de \"PdfEditor\" dans un r\u00e9seau (LAN). Disponible \u00e0 partir de 5 utilisateurs \"concurrents\".","robots":{"index":"index","follow":"follow","max-snippet":"max-snippet:-1","max-image-preview":"max-image-preview:large","max-video-preview":"max-video-preview:-1"},"canonical":"https:\/\/www.pixelplanet.com\/fr\/produit\/pdfeditor-professionnel-reseau\/","og_locale":"fr_FR","og_type":"article","og_title":"PdfTools Shop - PdfEditor 4 Professionnel licence r\u00e9seau","og_description":"Cette licence permet l\u2019installation et l\u2019utilisation de PdfEditor par plusieurs utilisateurs simultan\u00e9ment au sein d\u2019un r\u00e9seau (LAN). Assurez-vous que le nombre maximal d\u2019utilisateurs en simultan\u00e9 correspond bien \u00e0 votre licence (utilisateurs concurrents).","og_url":"https:\/\/www.pixelplanet.com\/fr\/produit\/pdfeditor-professionnel-reseau\/","og_site_name":"PixelPlanet.com - Boutique pour les logiciels PDF","article_publisher":"https:\/\/www.facebook.com\/PixelPlanet","article_modified_time":"2023-01-11T20:55:47+00:00","og_image":[{"width":312,"height":380,"url":"https:\/\/www.pixelplanet.com\/wp-content\/uploads\/2017\/10\/PdfEditor-Boxshot-Windows-Netzwerk-ENU.png","type":"image\/png"}],"twitter_card":"summary_large_image","twitter_site":"@PixelPlanet","twitter_misc":{"Disponibilit\u00e9":"En stock"},"schema":{"@context":"https:\/\/schema.org","@graph":[{"@type":"WebPage","@id":"https:\/\/www.pixelplanet.com\/fr\/produit\/pdfeditor-professionnel-reseau\/","url":"https:\/\/www.pixelplanet.com\/fr\/produit\/pdfeditor-professionnel-reseau\/","name":"PdfEditor 4 Professionnel licence r\u00e9seau - \u00e0 partir de 249 EUR","isPartOf":{"@id":"https:\/\/www.pixelplanet.com\/fr\/#website"},"primaryImageOfPage":{"@id":"https:\/\/www.pixelplanet.com\/fr\/produit\/pdfeditor-professionnel-reseau\/#primaryimage"},"image":{"@id":"https:\/\/www.pixelplanet.com\/fr\/produit\/pdfeditor-professionnel-reseau\/#primaryimage"},"thumbnailUrl":"https:\/\/www.pixelplanet.com\/wp-content\/uploads\/2017\/10\/PdfEditor-Boxshot-Windows-Netzwerk-ENU.png","datePublished":"2017-11-20T10:01:07+00:00","dateModified":"2023-01-11T20:55:47+00:00","description":"Licence pour l'installation simultan\u00e9e et l'utilisation parall\u00e8le de \"PdfEditor\" dans un r\u00e9seau (LAN). Disponible \u00e0 partir de 5 utilisateurs \"concurrents\".","breadcrumb":{"@id":"https:\/\/www.pixelplanet.com\/fr\/produit\/pdfeditor-professionnel-reseau\/#breadcrumb"},"inLanguage":"fr-FR","potentialAction":[{"@type":"ReadAction","target":["https:\/\/www.pixelplanet.com\/fr\/produit\/pdfeditor-professionnel-reseau\/"]}]},{"@type":"ImageObject","inLanguage":"fr-FR","@id":"https:\/\/www.pixelplanet.com\/fr\/produit\/pdfeditor-professionnel-reseau\/#primaryimage","url":"https:\/\/www.pixelplanet.com\/wp-content\/uploads\/2017\/10\/PdfEditor-Boxshot-Windows-Netzwerk-ENU.png","contentUrl":"https:\/\/www.pixelplanet.com\/wp-content\/uploads\/2017\/10\/PdfEditor-Boxshot-Windows-Netzwerk-ENU.png","width":312,"height":380,"caption":"Boxshot: PdfEditor Netzwerklizenz (Windows)"},{"@type":"BreadcrumbList","@id":"https:\/\/www.pixelplanet.com\/fr\/produit\/pdfeditor-professionnel-reseau\/#breadcrumb","itemListElement":[{"@type":"ListItem","position":1,"name":"Home","item":"https:\/\/www.pixelplanet.com\/fr\/"},{"@type":"ListItem","position":2,"name":"Boutique","item":"https:\/\/www.pixelplanet.com\/fr\/boutique\/"},{"@type":"ListItem","position":3,"name":"PdfEditor 4 Professionnel licence r\u00e9seau"}]},{"@type":"WebSite","@id":"https:\/\/www.pixelplanet.com\/fr\/#website","url":"https:\/\/www.pixelplanet.com\/fr\/","name":"PixelPlanet.com - Boutique pour les logiciels PDF","description":"Edit, convert, create, merge and split PDF documents on Windows and Mac","publisher":{"@id":"https:\/\/www.pixelplanet.com\/fr\/#organization"},"potentialAction":[{"@type":"SearchAction","target":{"@type":"EntryPoint","urlTemplate":"https:\/\/www.pixelplanet.com\/fr\/?s={search_term_string}"},"query-input":{"@type":"PropertyValueSpecification","valueRequired":true,"valueName":"search_term_string"}}],"inLanguage":"fr-FR"},{"@type":"Organization","@id":"https:\/\/www.pixelplanet.com\/fr\/#organization","name":"PixelPlanet","url":"https:\/\/www.pixelplanet.com\/fr\/","logo":{"@type":"ImageObject","inLanguage":"fr-FR","@id":"https:\/\/www.pixelplanet.com\/fr\/#\/schema\/logo\/image\/","url":"https:\/\/www.pixelplanet.com\/wp-content\/uploads\/2016\/12\/PixelPlanet-Logo-540x100.png","contentUrl":"https:\/\/www.pixelplanet.com\/wp-content\/uploads\/2016\/12\/PixelPlanet-Logo-540x100.png","width":540,"height":100,"caption":"PixelPlanet"},"image":{"@id":"https:\/\/www.pixelplanet.com\/fr\/#\/schema\/logo\/image\/"},"sameAs":["https:\/\/www.facebook.com\/PixelPlanet","https:\/\/x.com\/PixelPlanet","https:\/\/www.instagram.com\/pixelplanet.software\/","https:\/\/linkedin.com\/company\/pixelplanet-software"]}]},"og_availability":"instock","product_availability":"instock","product_condition":"new"},"_links":{"self":[{"href":"https:\/\/www.pixelplanet.com\/fr\/wp-json\/wp\/v2\/product\/7237","targetHints":{"allow":["GET"]}}],"collection":[{"href":"https:\/\/www.pixelplanet.com\/fr\/wp-json\/wp\/v2\/product"}],"about":[{"href":"https:\/\/www.pixelplanet.com\/fr\/wp-json\/wp\/v2\/types\/product"}],"wp:featuredmedia":[{"embeddable":true,"href":"https:\/\/www.pixelplanet.com\/fr\/wp-json\/wp\/v2\/media\/6790"}],"wp:attachment":[{"href":"https:\/\/www.pixelplanet.com\/fr\/wp-json\/wp\/v2\/media?parent=7237"}],"wp:term":[{"taxonomy":"product_brand","embeddable":true,"href":"https:\/\/www.pixelplanet.com\/fr\/wp-json\/wp\/v2\/product_brand?post=7237"},{"taxonomy":"product_cat","embeddable":true,"href":"https:\/\/www.pixelplanet.com\/fr\/wp-json\/wp\/v2\/product_cat?post=7237"},{"taxonomy":"product_tag","embeddable":true,"href":"https:\/\/www.pixelplanet.com\/fr\/wp-json\/wp\/v2\/product_tag?post=7237"}],"curies":[{"name":"wp","href":"https:\/\/api.w.org\/{rel}","templated":true}]}}